{"id":12203,"date":"2023-03-16T14:25:08","date_gmt":"2023-03-16T14:25:08","guid":{"rendered":"https:\/\/blogs.uned.es\/intervencionsocioeducativa\/?page_id=12203"},"modified":"2023-03-17T06:41:11","modified_gmt":"2023-03-17T06:41:11","slug":"angel-luis-gonzalez-olivares","status":"publish","type":"page","link":"https:\/\/blogs.uned.es\/intervencionsocioeducativa\/angel-luis-gonzalez-olivares\/","title":{"rendered":"\u00c1ngel Luis Gonz\u00e1lez Olivares"},"content":{"rendered":"\n<div class=\"wp-block-columns is-layout-flex wp-container-core-columns-is-layout-28f84493 wp-block-columns-is-layout-flex\">\n<div class=\"wp-block-column is-layout-flow wp-block-column-is-layout-flow\" style=\"flex-basis:33.33%\">\n<figure class=\"wp-block-image size-full\"><img loading=\"lazy\" decoding=\"async\" width=\"284\" height=\"177\" src=\"https:\/\/blogs.uned.es\/intervencionsocioeducativa\/wp-content\/uploads\/sites\/395\/2023\/03\/UCLM2.png\" alt=\"\" class=\"wp-image-12207\" \/><\/figure>\n<\/div>\n\n\n\n<div class=\"wp-block-column is-layout-flow wp-block-column-is-layout-flow\" style=\"flex-basis:66.66%\">\n<p class=\"has-large-font-size\"><strong>\u00c1NGEL LUIS GONZ\u00c1LEZ OLIVARES<\/strong><\/p>\n\n\n\n<p class=\"has-medium-font-size\">\u2709<a href=\"mailto:algonzalez@almida.es\">algonzalez@almida.es<\/a><\/p>\n<\/div>\n<\/div>\n\n\n\n<p>D. \u00c1ngel Luis Gonz\u00e1lez Olivares es Doctor en Psicolog\u00eda Evolutiva y de la Educaci\u00f3n con Premio Extraordinario de Doctorado por la Universidad Complutense de Madrid, Licenciado en Pedagog\u00eda y Psicopedagog\u00eda y M\u00e1ster en Intervenci\u00f3n Psicoterap\u00e9utica por la UNED. Est\u00e1 acreditado como Profesor Contratado Doctor por la Agencia Nacional de Evaluaci\u00f3n de la Calidad y Acreditaci\u00f3n. Ejerce como Director Gerente del Grupo de Integraci\u00f3n Almida, es Profesor Asociado del Dpto. de Pedagog\u00eda de la Universidad de Castilla La Mancha, Tutor y Profesor del M\u00e1ster en Intervenci\u00f3n Educativa en Contextos Sociales de la UNED y Profesor Doctor Acreditado de la Facultad de Educaci\u00f3n de la Universidad Camilo Jos\u00e9 Cela. Sus \u00e1mbitos docentes se centran en la formaci\u00f3n te\u00f3rico y pr\u00e1ctica de la educaci\u00f3n especial, los valores sociales de la ciudadan\u00eda y la pedagog\u00eda y la educaci\u00f3n social. Miembro de grupos de investigaci\u00f3n de diversas universidades (UCLM, UCJC, UCM y UNED), con sexenio de investigaci\u00f3n por CNEAI en convocatoria de 2020 y participante en proyectos de investigaci\u00f3n I+D+I. Sus l\u00edneas de investigaci\u00f3n principales tienen como n\u00facleo el estudio de la orientaci\u00f3n, formaci\u00f3n y empleo de las personas con capacidades diferentes, la orientaci\u00f3n profesional, la orientaci\u00f3n educativa y el asesoramiento tutorial. Es Vicepresidente de la Confederaci\u00f3n Nacional de Centros Especiales de Empleo (CONACEE), Presidente de la Asociaci\u00f3n de Empresas de Integraci\u00f3n Sociolaboral de Personas con Discapacidad de CLM (EINSO) y Vicedecano del Colegio Profesional de la Educaci\u00f3n de CLM (CDL-CLM).).<\/p>\n\n\n\n<div class=\"wp-block-columns is-layout-flex wp-container-core-columns-is-layout-28f84493 wp-block-columns-is-layout-flex\">\n<div class=\"wp-block-column is-layout-flow wp-block-column-is-layout-flow\">\n<figure class=\"wp-block-image aligncenter size-full is-resized\"><a href=\"https:\/\/orcid.org\/0000-0002-3041-9887\"><img loading=\"lazy\" decoding=\"async\" src=\"http:\/\/blogs.uned.es\/intervencionsocioeducativa\/wp-content\/uploads\/sites\/395\/2023\/03\/descarga.png\" alt=\"\" class=\"wp-image-12033\" width=\"52\" height=\"52\" srcset=\"https:\/\/blogs.uned.es\/intervencionsocioeducativa\/wp-content\/uploads\/sites\/395\/2023\/03\/descarga.png 225w, https:\/\/blogs.uned.es\/intervencionsocioeducativa\/wp-content\/uploads\/sites\/395\/2023\/03\/descarga-150x150.png 150w\" sizes=\"auto, (max-width: 52px) 100vw, 52px\" \/><\/a><\/figure>\n<\/div>\n\n\n\n<div class=\"wp-block-column is-layout-flow wp-block-column-is-layout-flow\">\n<figure class=\"wp-block-image aligncenter size-full is-resized\"><a href=\"https:\/\/www.ucjc.edu\/universidad\/profesores\/angel-luis-gonzalez-olivares-2\/\"><img loading=\"lazy\" decoding=\"async\" src=\"http:\/\/blogs.uned.es\/intervencionsocioeducativa\/wp-content\/uploads\/sites\/395\/2023\/03\/descarga-1.png\" alt=\"\" class=\"wp-image-12035\" width=\"55\" height=\"55\" srcset=\"https:\/\/blogs.uned.es\/intervencionsocioeducativa\/wp-content\/uploads\/sites\/395\/2023\/03\/descarga-1.png 225w, https:\/\/blogs.uned.es\/intervencionsocioeducativa\/wp-content\/uploads\/sites\/395\/2023\/03\/descarga-1-150x150.png 150w\" sizes=\"auto, (max-width: 55px) 100vw, 55px\" \/><\/a><\/figure>\n<\/div>\n<\/div>\n\n\n\n<div class=\"wp-block-buttons is-layout-flex wp-block-buttons-is-layout-flex\">\n<div class=\"wp-block-button\"><a class=\"wp-block-button__link has-vivid-green-cyan-background-color has-background wp-element-button\" href=\"https:\/\/blogs.uned.es\/intervencionsocioeducativa\/equipo\/\">Volver a equipo<\/a><\/div>\n<\/div>\n","protected":false},"excerpt":{"rendered":"<p>\u00c1NGEL LUIS GONZ\u00c1LEZ OLIVARES \u2709algonzalez@almida.es D. \u00c1ngel Luis Gonz\u00e1lez Olivares es Doctor en Psicolog\u00eda Evolutiva y de la Educaci\u00f3n con Premio Extraordinario de Doctorado por la Universidad Complutense de Madrid, Licenciado en Pedagog\u00eda y Psicopedagog\u00eda y M\u00e1ster en Intervenci\u00f3n Psicoterap\u00e9utica por la UNED. Est\u00e1 acreditado como Profesor Contratado Doctor por la Agencia Nacional de Evaluaci\u00f3n [&hellip;]<\/p>\n","protected":false},"author":7637,"featured_media":0,"parent":0,"menu_order":0,"comment_status":"closed","ping_status":"closed","template":"","meta":{"footnotes":""},"class_list":["post-12203","page","type-page","status-publish","hentry"],"_links":{"self":[{"href":"https:\/\/blogs.uned.es\/intervencionsocioeducativa\/wp-json\/wp\/v2\/pages\/12203","targetHints":{"allow":["GET"]}}],"collection":[{"href":"https:\/\/blogs.uned.es\/intervencionsocioeducativa\/wp-json\/wp\/v2\/pages"}],"about":[{"href":"https:\/\/blogs.uned.es\/intervencionsocioeducativa\/wp-json\/wp\/v2\/types\/page"}],"author":[{"embeddable":true,"href":"https:\/\/blogs.uned.es\/intervencionsocioeducativa\/wp-json\/wp\/v2\/users\/7637"}],"replies":[{"embeddable":true,"href":"https:\/\/blogs.uned.es\/intervencionsocioeducativa\/wp-json\/wp\/v2\/comments?post=12203"}],"version-history":[{"count":5,"href":"https:\/\/blogs.uned.es\/intervencionsocioeducativa\/wp-json\/wp\/v2\/pages\/12203\/revisions"}],"predecessor-version":[{"id":12289,"href":"https:\/\/blogs.uned.es\/intervencionsocioeducativa\/wp-json\/wp\/v2\/pages\/12203\/revisions\/12289"}],"wp:attachment":[{"href":"https:\/\/blogs.uned.es\/intervencionsocioeducativa\/wp-json\/wp\/v2\/media?parent=12203"}],"curies":[{"name":"wp","href":"https:\/\/api.w.org\/{rel}","templated":true}]}}