{"id":12179,"date":"2023-03-16T14:06:52","date_gmt":"2023-03-16T14:06:52","guid":{"rendered":"https:\/\/blogs.uned.es\/intervencionsocioeducativa\/?page_id=12179"},"modified":"2023-03-16T15:10:05","modified_gmt":"2023-03-16T15:10:05","slug":"ma-carmen-ortega-navas","status":"publish","type":"page","link":"https:\/\/blogs.uned.es\/intervencionsocioeducativa\/ma-carmen-ortega-navas\/","title":{"rendered":"M\u00aa Carmen Ortega Navas"},"content":{"rendered":"\n<div class=\"wp-block-columns is-layout-flex wp-container-core-columns-is-layout-28f84493 wp-block-columns-is-layout-flex\">\n<div class=\"wp-block-column is-layout-flow wp-block-column-is-layout-flow\" style=\"flex-basis:33.33%\">\n<figure class=\"wp-block-image size-full\"><img loading=\"lazy\" decoding=\"async\" width=\"701\" height=\"700\" src=\"http:\/\/blogs.uned.es\/intervencionsocioeducativa\/wp-content\/uploads\/sites\/395\/2022\/01\/logouned21outlinefavicon.jpg\" alt=\"\" class=\"wp-image-531\" srcset=\"https:\/\/blogs.uned.es\/intervencionsocioeducativa\/wp-content\/uploads\/sites\/395\/2022\/01\/logouned21outlinefavicon.jpg 701w, https:\/\/blogs.uned.es\/intervencionsocioeducativa\/wp-content\/uploads\/sites\/395\/2022\/01\/logouned21outlinefavicon-300x300.jpg 300w, https:\/\/blogs.uned.es\/intervencionsocioeducativa\/wp-content\/uploads\/sites\/395\/2022\/01\/logouned21outlinefavicon-150x150.jpg 150w\" sizes=\"auto, (max-width: 701px) 100vw, 701px\" \/><\/figure>\n<\/div>\n\n\n\n<div class=\"wp-block-column is-layout-flow wp-block-column-is-layout-flow\" style=\"flex-basis:66.66%\">\n<p class=\"has-large-font-size\"><strong>M\u00aa CARMEN ORTEGA NAVAS<\/strong><\/p>\n\n\n\n<p>\u2709<a rel=\"noreferrer noopener\" href=\"mailto:coordinacion.master.contextos@edu.uned.es\" target=\"_blank\">cortega@edu.uned.es<\/a>     <\/p>\n<\/div>\n<\/div>\n\n\n\n<p>Doctora en Filosof\u00eda y Ciencias de la Educaci\u00f3n por la UNED. Actualmente desarrolla su actividad docente e investigadora en el Departamento de Teor\u00eda de la Educaci\u00f3n y Pedagog\u00eda Social de la UNED. Sus l\u00edneas de investigaci\u00f3n se centran en la promoci\u00f3n y educaci\u00f3n para la salud, el envejecimiento activo y saludable en personas adultas y mayores, en las que ha mantenido una continuidad en el tiempo, e inicialmente en la educaci\u00f3n permanente y continuada a lo largo de la vida. La preocupaci\u00f3n por la promoci\u00f3n de la salud es fruto de la integraci\u00f3n del trabajo de materias afines (Educaci\u00f3n para la salud, Envejecimiento activo y saludable y Calidad de vida de las personas mayores) que se ha concretado en un grupo de investigaci\u00f3n del IMIENS-UNED sobre la educaci\u00f3n para la salud. Adem\u00e1s, su experiencia investigadora se ha consolidado con la participaci\u00f3n en proyectos de investigaci\u00f3n y la pertenencia al grupo de investigaci\u00f3n de Intervenci\u00f3n socioeducativa en contextos sociales (Contextos-ISE), reconocido institucionalmente por mi Universidad, en un proyecto de I+D+i del Ministerio de Educaci\u00f3n y otros a nivel europeo, en proyectos innovaci\u00f3n docente en la UNED, destacando la coordinaci\u00f3n de dos proyectos de innovaci\u00f3n docente en la que han participado docentes de universidades p\u00fablicas y privadas. As\u00ed, como en un proyecto de internalizaci\u00f3n de la UNED y otro proyecto de investigaci\u00f3n conjunta con el IMIENS (UNED-ISCIII).<\/p>\n\n\n\n<p>Miembro EDUEMO Laboratorio de Educaci\u00f3n Emocional, marco acad\u00e9mico registrado por la Oficina de Transferencia de Resultados de Investigaci\u00f3n (OTRI) de la UNED de colaboraci\u00f3n entre investigadores de la UNED y universidades espa\u00f1olas y extranjeras. Desde 2012 hasta laactualidad. Forma parte de la Red de Excelencia Ociogune y participa en un proyecto de innovaci\u00f3n docente de la Universidad de la Rioja.<\/p>\n\n\n\n<p>En actividades de transferencia, los resultados de la investigaci\u00f3n incluyen el asesoramiento en la elaboraci\u00f3n de un documento para el Instituto Internacional de Estudios de la Familia (Family Watch), &nbsp;y en la elaboraci\u00f3n del Informe sobre el etiquetado frontal de alimentos: sem\u00e1foros nutricionales, \u201cNutri score\u201d Fundaci\u00f3n Triptolemos, y participaci\u00f3n en varias ediciones de la Semana de la Ciencia organizada por la Direcci\u00f3n General de Universidades e Investigaci\u00f3n de la Consejer\u00eda de Educaci\u00f3n, Juventud y Deporte de la Comunidad de Madrid. &nbsp;Premio de Divulgaci\u00f3n UNED-Santander. Taller de divulgaci\u00f3n cient\u00edfica: Esto me huele a Ciencia. Junio 2018. En el \u00e1mbito docente, ha impartido docencia a distancia en todos los ciclos de nivel universitario: Diplomaturas, Licenciaturas, Grados, Postgrados y Doctorados (dos tesis dirigidas y defendidas y cuatro en proceso de realizaci\u00f3n).<\/p>\n\n\n\n<p>En \u00e1reas de direcci\u00f3n, ha ocupado cargos unipersonales durante tres a\u00f1os (Secretario del M\u00e1ster Universitario en Innovaci\u00f3n e Investigaci\u00f3n de la UNED, asimilado a Secretario de Departamento), Secretario de Facultad (2012-2016), as\u00ed como en la participaci\u00f3n continuada en comisiones (Investigaci\u00f3n, Acad\u00e9mica, Maestr\u00eda, Grado en Pedagog\u00eda, Junta de Facultad y Becas, Educaci\u00f3n Social y Trabajo Fin de Grado) y \u00f3rganos colegiados de gobierno universitario (Claustro y Consejo de Gobierno) y Vicedecanato de Estudiantes, Internacionalizaci\u00f3n y Educaci\u00f3n Social (2016-2017). Directora del Instituto Universitario de Educaci\u00f3n a Distancia (2017-marzo 2019). Secretaria Acad\u00e9mica M\u00e1ster en Innovaci\u00f3n e Investigaci\u00f3n en Educaci\u00f3n (desde febrero de 2020 hasta noviembre 2020) y Secretaria Acad\u00e9mica M\u00e1ster en Intervenci\u00f3n Educativa en Contextos Sociales (desde el 1 de septiembre de 2020 hasta la actualidad).<\/p>\n\n\n\n<div class=\"wp-block-columns is-layout-flex wp-container-core-columns-is-layout-28f84493 wp-block-columns-is-layout-flex\">\n<div class=\"wp-block-column is-layout-flow wp-block-column-is-layout-flow\">\n<figure class=\"wp-block-image aligncenter size-full is-resized\"><a href=\"https:\/\/orcid.org\/0000-0001-5651-1262\"><img loading=\"lazy\" decoding=\"async\" src=\"http:\/\/blogs.uned.es\/intervencionsocioeducativa\/wp-content\/uploads\/sites\/395\/2023\/03\/descarga.png\" alt=\"\" class=\"wp-image-12033\" width=\"56\" height=\"56\" srcset=\"https:\/\/blogs.uned.es\/intervencionsocioeducativa\/wp-content\/uploads\/sites\/395\/2023\/03\/descarga.png 225w, https:\/\/blogs.uned.es\/intervencionsocioeducativa\/wp-content\/uploads\/sites\/395\/2023\/03\/descarga-150x150.png 150w\" sizes=\"auto, (max-width: 56px) 100vw, 56px\" \/><\/a><\/figure>\n<\/div>\n\n\n\n<div class=\"wp-block-column is-layout-flow wp-block-column-is-layout-flow\">\n<figure class=\"wp-block-image aligncenter size-full is-resized\"><a href=\"https:\/\/www.uned.es\/universidad\/docentes\/educacion\/maria-del-carmen-ortega-navas.html\"><img loading=\"lazy\" decoding=\"async\" src=\"http:\/\/blogs.uned.es\/intervencionsocioeducativa\/wp-content\/uploads\/sites\/395\/2023\/03\/descarga-1.png\" alt=\"\" class=\"wp-image-12035\" width=\"61\" height=\"61\" srcset=\"https:\/\/blogs.uned.es\/intervencionsocioeducativa\/wp-content\/uploads\/sites\/395\/2023\/03\/descarga-1.png 225w, https:\/\/blogs.uned.es\/intervencionsocioeducativa\/wp-content\/uploads\/sites\/395\/2023\/03\/descarga-1-150x150.png 150w\" sizes=\"auto, (max-width: 61px) 100vw, 61px\" \/><\/a><\/figure>\n<\/div>\n<\/div>\n\n\n\n<div class=\"wp-block-buttons is-layout-flex wp-block-buttons-is-layout-flex\">\n<div class=\"wp-block-button\"><a class=\"wp-block-button__link has-vivid-green-cyan-background-color has-background wp-element-button\" href=\"https:\/\/blogs.uned.es\/intervencionsocioeducativa\/equipo\/\">Volver a equipo<\/a><\/div>\n<\/div>\n","protected":false},"excerpt":{"rendered":"<p>M\u00aa CARMEN ORTEGA NAVAS \u2709cortega@edu.uned.es Doctora en Filosof\u00eda y Ciencias de la Educaci\u00f3n por la UNED. Actualmente desarrolla su actividad docente e investigadora en el Departamento de Teor\u00eda de la Educaci\u00f3n y Pedagog\u00eda Social de la UNED. Sus l\u00edneas de investigaci\u00f3n se centran en la promoci\u00f3n y educaci\u00f3n para la salud, el envejecimiento activo y [&hellip;]<\/p>\n","protected":false},"author":7637,"featured_media":0,"parent":0,"menu_order":0,"comment_status":"closed","ping_status":"closed","template":"","meta":{"footnotes":""},"class_list":["post-12179","page","type-page","status-publish","hentry"],"_links":{"self":[{"href":"https:\/\/blogs.uned.es\/intervencionsocioeducativa\/wp-json\/wp\/v2\/pages\/12179","targetHints":{"allow":["GET"]}}],"collection":[{"href":"https:\/\/blogs.uned.es\/intervencionsocioeducativa\/wp-json\/wp\/v2\/pages"}],"about":[{"href":"https:\/\/blogs.uned.es\/intervencionsocioeducativa\/wp-json\/wp\/v2\/types\/page"}],"author":[{"embeddable":true,"href":"https:\/\/blogs.uned.es\/intervencionsocioeducativa\/wp-json\/wp\/v2\/users\/7637"}],"replies":[{"embeddable":true,"href":"https:\/\/blogs.uned.es\/intervencionsocioeducativa\/wp-json\/wp\/v2\/comments?post=12179"}],"version-history":[{"count":3,"href":"https:\/\/blogs.uned.es\/intervencionsocioeducativa\/wp-json\/wp\/v2\/pages\/12179\/revisions"}],"predecessor-version":[{"id":12265,"href":"https:\/\/blogs.uned.es\/intervencionsocioeducativa\/wp-json\/wp\/v2\/pages\/12179\/revisions\/12265"}],"wp:attachment":[{"href":"https:\/\/blogs.uned.es\/intervencionsocioeducativa\/wp-json\/wp\/v2\/media?parent=12179"}],"curies":[{"name":"wp","href":"https:\/\/api.w.org\/{rel}","templated":true}]}}