{"id":12159,"date":"2023-03-16T13:54:59","date_gmt":"2023-03-16T13:54:59","guid":{"rendered":"https:\/\/blogs.uned.es\/intervencionsocioeducativa\/?page_id=12159"},"modified":"2023-03-16T14:07:45","modified_gmt":"2023-03-16T14:07:45","slug":"gloria-kirwan","status":"publish","type":"page","link":"https:\/\/blogs.uned.es\/intervencionsocioeducativa\/gloria-kirwan\/","title":{"rendered":"Gloria Kirwan"},"content":{"rendered":"\n<div class=\"wp-block-columns is-layout-flex wp-container-core-columns-is-layout-28f84493 wp-block-columns-is-layout-flex\">\n<div class=\"wp-block-column is-layout-flow wp-block-column-is-layout-flow\" style=\"flex-basis:33.33%\">\n<figure class=\"wp-block-image size-full\"><img loading=\"lazy\" decoding=\"async\" width=\"284\" height=\"178\" src=\"https:\/\/blogs.uned.es\/intervencionsocioeducativa\/wp-content\/uploads\/sites\/395\/2023\/03\/RCSI.png\" alt=\"\" class=\"wp-image-12161\" \/><\/figure>\n<\/div>\n\n\n\n<div class=\"wp-block-column is-layout-flow wp-block-column-is-layout-flow\" style=\"flex-basis:66.66%\">\n<p class=\"has-large-font-size\"><strong>GLORIA KIRWAN<\/strong><\/p>\n\n\n\n<p>\u2709<a href=\"mailto:gloriakirwan@rcsi.com\">gloriakirwan@rcsi.com<\/a><\/p>\n<\/div>\n<\/div>\n\n\n\n<p>Gloria Kirwan es profesora titular en la Escuela de Postgrado de Gesti\u00f3n Sanitaria, habiendo ocupado anteriormente puestos en el Trinity College de Dubl\u00edn (2000-2018) y en la Universidad Nacional de Irlanda, Maynooth (2018-2022), donde se dedic\u00f3 a la ense\u00f1anza del trabajo social profesional. Gloria es trabajadora social registrada en Irlanda y anteriormente trabaj\u00f3 como trabajadora social en diversos entornos de atenci\u00f3n sanitaria y social. Adem\u00e1s de sus cualificaciones profesionales en trabajo social, Gloria ha estudiado derecho y ciencias sociales hasta el nivel de m\u00e1ster y complet\u00f3 con \u00e9xito su doctorado en 2017 sobre el tema de la participaci\u00f3n de los usuarios de servicios en contextos de toma de decisiones de atenci\u00f3n sanitaria y social. En la actualidad, Gloria es editora de tres revistas: Groupwork (Whiting &amp; Birch Publishers), Journal of Social Work Practice (Taylor &amp; Francis) y Irish Social Worker (Irish Association of Social Work).<\/p>\n\n\n\n<div class=\"wp-block-columns is-layout-flex wp-container-core-columns-is-layout-28f84493 wp-block-columns-is-layout-flex\">\n<div class=\"wp-block-column is-layout-flow wp-block-column-is-layout-flow\">\n<figure class=\"wp-block-image aligncenter size-full is-resized\"><a href=\"https:\/\/www.rcsi.com\/people\/profile\/gloriakirwan\"><img loading=\"lazy\" decoding=\"async\" src=\"http:\/\/blogs.uned.es\/intervencionsocioeducativa\/wp-content\/uploads\/sites\/395\/2023\/03\/descarga-1.png\" alt=\"\" class=\"wp-image-12035\" width=\"54\" height=\"54\" srcset=\"https:\/\/blogs.uned.es\/intervencionsocioeducativa\/wp-content\/uploads\/sites\/395\/2023\/03\/descarga-1.png 225w, https:\/\/blogs.uned.es\/intervencionsocioeducativa\/wp-content\/uploads\/sites\/395\/2023\/03\/descarga-1-150x150.png 150w\" sizes=\"auto, (max-width: 54px) 100vw, 54px\" \/><\/a><\/figure>\n<\/div>\n\n\n\n<div class=\"wp-block-column is-layout-flow wp-block-column-is-layout-flow\">\n<figure class=\"wp-block-image aligncenter size-full is-resized\"><a href=\"https:\/\/twitter.com\/gloriakirwan?lang=es\"><img loading=\"lazy\" decoding=\"async\" src=\"http:\/\/blogs.uned.es\/intervencionsocioeducativa\/wp-content\/uploads\/sites\/395\/2023\/03\/Twitter.png\" alt=\"\" class=\"wp-image-12065\" width=\"51\" height=\"51\" srcset=\"https:\/\/blogs.uned.es\/intervencionsocioeducativa\/wp-content\/uploads\/sites\/395\/2023\/03\/Twitter.png 225w, https:\/\/blogs.uned.es\/intervencionsocioeducativa\/wp-content\/uploads\/sites\/395\/2023\/03\/Twitter-150x150.png 150w\" sizes=\"auto, (max-width: 51px) 100vw, 51px\" \/><\/a><\/figure>\n<\/div>\n<\/div>\n\n\n\n<div class=\"wp-block-buttons is-layout-flex wp-block-buttons-is-layout-flex\">\n<div class=\"wp-block-button\"><a class=\"wp-block-button__link has-vivid-green-cyan-background-color has-background wp-element-button\" href=\"https:\/\/blogs.uned.es\/intervencionsocioeducativa\/equipo\/\">Volver a equipo<\/a><\/div>\n<\/div>\n","protected":false},"excerpt":{"rendered":"<p>GLORIA KIRWAN \u2709gloriakirwan@rcsi.com Gloria Kirwan es profesora titular en la Escuela de Postgrado de Gesti\u00f3n Sanitaria, habiendo ocupado anteriormente puestos en el Trinity College de Dubl\u00edn (2000-2018) y en la Universidad Nacional de Irlanda, Maynooth (2018-2022), donde se dedic\u00f3 a la ense\u00f1anza del trabajo social profesional. Gloria es trabajadora social registrada en Irlanda y anteriormente [&hellip;]<\/p>\n","protected":false},"author":7637,"featured_media":0,"parent":0,"menu_order":0,"comment_status":"closed","ping_status":"closed","template":"","meta":{"footnotes":""},"class_list":["post-12159","page","type-page","status-publish","hentry"],"_links":{"self":[{"href":"https:\/\/blogs.uned.es\/intervencionsocioeducativa\/wp-json\/wp\/v2\/pages\/12159","targetHints":{"allow":["GET"]}}],"collection":[{"href":"https:\/\/blogs.uned.es\/intervencionsocioeducativa\/wp-json\/wp\/v2\/pages"}],"about":[{"href":"https:\/\/blogs.uned.es\/intervencionsocioeducativa\/wp-json\/wp\/v2\/types\/page"}],"author":[{"embeddable":true,"href":"https:\/\/blogs.uned.es\/intervencionsocioeducativa\/wp-json\/wp\/v2\/users\/7637"}],"replies":[{"embeddable":true,"href":"https:\/\/blogs.uned.es\/intervencionsocioeducativa\/wp-json\/wp\/v2\/comments?post=12159"}],"version-history":[{"count":3,"href":"https:\/\/blogs.uned.es\/intervencionsocioeducativa\/wp-json\/wp\/v2\/pages\/12159\/revisions"}],"predecessor-version":[{"id":12185,"href":"https:\/\/blogs.uned.es\/intervencionsocioeducativa\/wp-json\/wp\/v2\/pages\/12159\/revisions\/12185"}],"wp:attachment":[{"href":"https:\/\/blogs.uned.es\/intervencionsocioeducativa\/wp-json\/wp\/v2\/media?parent=12159"}],"curies":[{"name":"wp","href":"https:\/\/api.w.org\/{rel}","templated":true}]}}