{"id":12121,"date":"2023-03-16T13:19:16","date_gmt":"2023-03-16T13:19:16","guid":{"rendered":"https:\/\/blogs.uned.es\/intervencionsocioeducativa\/?page_id=12121"},"modified":"2023-03-16T14:08:01","modified_gmt":"2023-03-16T14:08:01","slug":"hassan-hossein-mohand","status":"publish","type":"page","link":"https:\/\/blogs.uned.es\/intervencionsocioeducativa\/hassan-hossein-mohand\/","title":{"rendered":"Hassan Hossein-Mohand"},"content":{"rendered":"\n<div class=\"wp-block-columns is-layout-flex wp-container-core-columns-is-layout-28f84493 wp-block-columns-is-layout-flex\">\n<div class=\"wp-block-column is-layout-flow wp-block-column-is-layout-flow\" style=\"flex-basis:33.33%\">\n<figure class=\"wp-block-image size-full\"><img loading=\"lazy\" decoding=\"async\" width=\"701\" height=\"700\" src=\"http:\/\/blogs.uned.es\/intervencionsocioeducativa\/wp-content\/uploads\/sites\/395\/2022\/01\/logouned21outlinefavicon.jpg\" alt=\"\" class=\"wp-image-531\" srcset=\"https:\/\/blogs.uned.es\/intervencionsocioeducativa\/wp-content\/uploads\/sites\/395\/2022\/01\/logouned21outlinefavicon.jpg 701w, https:\/\/blogs.uned.es\/intervencionsocioeducativa\/wp-content\/uploads\/sites\/395\/2022\/01\/logouned21outlinefavicon-300x300.jpg 300w, https:\/\/blogs.uned.es\/intervencionsocioeducativa\/wp-content\/uploads\/sites\/395\/2022\/01\/logouned21outlinefavicon-150x150.jpg 150w\" sizes=\"auto, (max-width: 701px) 100vw, 701px\" \/><\/figure>\n<\/div>\n\n\n\n<div class=\"wp-block-column is-layout-flow wp-block-column-is-layout-flow\" style=\"flex-basis:66.66%\">\n<p class=\"has-large-font-size\"><strong>HASSAN HOSSEIN-MOHAND<\/strong><\/p>\n\n\n\n<p>\u2709hassan@melilla.uned.es<\/p>\n<\/div>\n<\/div>\n\n\n\n<p>Licenciado en CC F\u00edsicas por la UNED en 2003. Certificado de Aptitud Pedag\u00f3gica en 2003, M\u00e1ster Universitario en Prevenci\u00f3n de Riesgos Laborales por la Universidad Francisco de Vitoria en 2014 y Doctorado en Educaci\u00f3n por la UAM en 2021 con Menci\u00f3n Internacional, calificaci\u00f3n Cum Laude y con pendiente de premio extraordinario.<\/p>\n\n\n\n<p>Desde 1996 ha desarrollado su actividad profesional entorno a la educaci\u00f3n. En 2004 se incorpora al cuerpo de Profesores de Ense\u00f1anza Secundaria impartiendo Matem\u00e1ticas en los institutos de Melilla hasta la actualidad. Desde 2008 es Profesor-Tutor del Centro Asociado de la UNED de Melilla impartiendo las materias de F\u00edsica del Grado de Matem\u00e1ticas con venia en Bases F\u00edsicas del Medioambiente del grado en CC Ambientales, Fundamentos de F\u00edsica I y II del Grado en F\u00edsica. Ha mantenido una formaci\u00f3n continua en toda su trayectoria profesional de cualificaci\u00f3n docente y de especializaci\u00f3n adem\u00e1s de \u00e1reas transversales.<\/p>\n\n\n\n<p>En 2004 inicia una sociedad empresarial dedicada a la formaci\u00f3n y a la ense\u00f1anza privada en general, especializ\u00e1ndose en los \u00faltimos diez a\u00f1os en la formaci\u00f3n idiom\u00e1tica certificada y como centro examinador en Melilla con las instituciones m\u00e1s relevantes a nivel mundial: Instituto Cervantes, Alianza Francesa, Cambridge English, TOEIC-TOEFL, Language CERT. Desde su origen, ha establecido contratos, acuerdos y convenios con instituciones tanto p\u00fablicas como privadas. En esta l\u00ednea ha trabajado con casi todas las administraciones locales y nacionales con representaci\u00f3n en la Ciudad (INEM, Promesa, Imserso, MEFyP, Consejer\u00edas de Educaci\u00f3n, de Distritos, Familia, Mayores y Juventud, Consejer\u00eda de Deportes, \u2026Ha participado como secretario y coordinador del primer curso de Verano de la UNED en Nador, Marruecos. Adem\u00e1s, ha coordinado la gesti\u00f3n del CUID de la UNED desde 2005-2015 y ha participado en varios congresos y jornadas<\/p>\n\n\n\n<p>En lo relativo a su perfil investigador, ha realizado una estancia de tres meses en la Facultad pluridisciplinar de Nador (Marruecos). Centr\u00f3 sus estudios sobre el efecto de las tecnolog\u00edas en el aprendizaje de las Matem\u00e1ticas por parte del alumnado de secundaria y bachiller de Melilla, Metodolog\u00edas participativas y Tecnolog\u00eda educativa. Participa en diversos Proyectos de I+D+i financiados en convocatorias competitivas de Administraciones o entidades p\u00fablicas y privadas. En la actualidad participa como IP en el Proyecto \u201cMelilla: Ciudad social. Estudios sobre el efecto de la Covid-19 en los j\u00f3venes y profesionales de los servicios sociales\u201d [A\u00f1o 2023 (6 meses). Proyectos contrato art\u00edculo 83. UNED y Consejer\u00eda de Distritos, Juventud y Participaci\u00f3n Ciudadana (Melilla)] y es Miembro del equipo investigador del proyecto Institucional de divulgaci\u00f3n cient\u00edfica \u201cPrograma de Actividades de UCC+I de la UNED\u201d, concedido por la Fundaci\u00f3n Espa\u00f1ola de Ciencia y Tecnolog\u00eda (FECYT). Referencia: FCT-21-17.594. (1 julio 2022- 30 junio 2023).<\/p>\n\n\n\n<div class=\"wp-block-columns is-layout-flex wp-container-core-columns-is-layout-28f84493 wp-block-columns-is-layout-flex\">\n<div class=\"wp-block-column is-layout-flow wp-block-column-is-layout-flow\">\n<figure class=\"wp-block-image aligncenter size-full is-resized\"><a href=\"https:\/\/orcid.org\/0000-0002-5766-767X\"><img loading=\"lazy\" decoding=\"async\" src=\"http:\/\/blogs.uned.es\/intervencionsocioeducativa\/wp-content\/uploads\/sites\/395\/2023\/03\/descarga.png\" alt=\"\" class=\"wp-image-12033\" width=\"47\" height=\"47\" srcset=\"https:\/\/blogs.uned.es\/intervencionsocioeducativa\/wp-content\/uploads\/sites\/395\/2023\/03\/descarga.png 225w, https:\/\/blogs.uned.es\/intervencionsocioeducativa\/wp-content\/uploads\/sites\/395\/2023\/03\/descarga-150x150.png 150w\" sizes=\"auto, (max-width: 47px) 100vw, 47px\" \/><\/a><\/figure>\n<\/div>\n\n\n\n<div class=\"wp-block-column is-layout-flow wp-block-column-is-layout-flow\"><\/div>\n\n\n\n<div class=\"wp-block-column is-layout-flow wp-block-column-is-layout-flow\"><\/div>\n<\/div>\n\n\n\n<div class=\"wp-block-buttons is-layout-flex wp-block-buttons-is-layout-flex\">\n<div class=\"wp-block-button\"><a class=\"wp-block-button__link has-vivid-green-cyan-background-color has-background wp-element-button\" href=\"https:\/\/blogs.uned.es\/intervencionsocioeducativa\/equipo\/\">Volver a equipo<\/a><\/div>\n<\/div>\n","protected":false},"excerpt":{"rendered":"<p>HASSAN HOSSEIN-MOHAND \u2709hassan@melilla.uned.es Licenciado en CC F\u00edsicas por la UNED en 2003. Certificado de Aptitud Pedag\u00f3gica en 2003, M\u00e1ster Universitario en Prevenci\u00f3n de Riesgos Laborales por la Universidad Francisco de Vitoria en 2014 y Doctorado en Educaci\u00f3n por la UAM en 2021 con Menci\u00f3n Internacional, calificaci\u00f3n Cum Laude y con pendiente de premio extraordinario. Desde [&hellip;]<\/p>\n","protected":false},"author":7637,"featured_media":0,"parent":0,"menu_order":0,"comment_status":"closed","ping_status":"closed","template":"","meta":{"footnotes":""},"class_list":["post-12121","page","type-page","status-publish","hentry"],"_links":{"self":[{"href":"https:\/\/blogs.uned.es\/intervencionsocioeducativa\/wp-json\/wp\/v2\/pages\/12121","targetHints":{"allow":["GET"]}}],"collection":[{"href":"https:\/\/blogs.uned.es\/intervencionsocioeducativa\/wp-json\/wp\/v2\/pages"}],"about":[{"href":"https:\/\/blogs.uned.es\/intervencionsocioeducativa\/wp-json\/wp\/v2\/types\/page"}],"author":[{"embeddable":true,"href":"https:\/\/blogs.uned.es\/intervencionsocioeducativa\/wp-json\/wp\/v2\/users\/7637"}],"replies":[{"embeddable":true,"href":"https:\/\/blogs.uned.es\/intervencionsocioeducativa\/wp-json\/wp\/v2\/comments?post=12121"}],"version-history":[{"count":4,"href":"https:\/\/blogs.uned.es\/intervencionsocioeducativa\/wp-json\/wp\/v2\/pages\/12121\/revisions"}],"predecessor-version":[{"id":12187,"href":"https:\/\/blogs.uned.es\/intervencionsocioeducativa\/wp-json\/wp\/v2\/pages\/12121\/revisions\/12187"}],"wp:attachment":[{"href":"https:\/\/blogs.uned.es\/intervencionsocioeducativa\/wp-json\/wp\/v2\/media?parent=12121"}],"curies":[{"name":"wp","href":"https:\/\/api.w.org\/{rel}","templated":true}]}}