{"id":12115,"date":"2023-03-16T12:35:57","date_gmt":"2023-03-16T12:35:57","guid":{"rendered":"https:\/\/blogs.uned.es\/intervencionsocioeducativa\/?page_id=12115"},"modified":"2023-03-17T07:52:41","modified_gmt":"2023-03-17T07:52:41","slug":"rosa-ma-goig-martinez","status":"publish","type":"page","link":"https:\/\/blogs.uned.es\/intervencionsocioeducativa\/rosa-ma-goig-martinez\/","title":{"rendered":"Rosa M\u00aa Goig Mart\u00ednez"},"content":{"rendered":"\n<div class=\"wp-block-columns is-layout-flex wp-container-core-columns-is-layout-28f84493 wp-block-columns-is-layout-flex\">\n<div class=\"wp-block-column is-layout-flow wp-block-column-is-layout-flow\" style=\"flex-basis:33.33%\">\n<figure class=\"wp-block-image size-full\"><img loading=\"lazy\" decoding=\"async\" width=\"512\" height=\"512\" src=\"http:\/\/blogs.uned.es\/intervencionsocioeducativa\/wp-content\/uploads\/sites\/395\/2022\/01\/cropped-logouned21outlinefavicon.jpg\" alt=\"\" class=\"wp-image-533\" srcset=\"https:\/\/blogs.uned.es\/intervencionsocioeducativa\/wp-content\/uploads\/sites\/395\/2022\/01\/cropped-logouned21outlinefavicon.jpg 512w, https:\/\/blogs.uned.es\/intervencionsocioeducativa\/wp-content\/uploads\/sites\/395\/2022\/01\/cropped-logouned21outlinefavicon-300x300.jpg 300w, https:\/\/blogs.uned.es\/intervencionsocioeducativa\/wp-content\/uploads\/sites\/395\/2022\/01\/cropped-logouned21outlinefavicon-150x150.jpg 150w\" sizes=\"auto, (max-width: 512px) 100vw, 512px\" \/><\/figure>\n<\/div>\n\n\n\n<div class=\"wp-block-column is-layout-flow wp-block-column-is-layout-flow\" style=\"flex-basis:66.66%\">\n<p class=\"has-large-font-size\"><strong>ROSA M\u00aa GOIG MART\u00cdNEZ<\/strong><\/p>\n\n\n\n<p>\u2709rmgoig@edu<\/p>\n<\/div>\n<\/div>\n\n\n\n<p>Profesora Titular en el Departamento de M\u00e9todos de Investigaci\u00f3n y Diagn\u00f3stico en Educaci\u00f3n, Facultad de Educaci\u00f3n, de la Universidad Nacional de Educaci\u00f3n a Distancia. Lleva impartiendo docencia desde 2008 tanto a nivel de grado y postgrado en las asignaturas: Pr\u00e1cticas Profesionales II (Grado de Educaci\u00f3n Social), Pedagog\u00eda Diferencial (Grado de Educaci\u00f3n Social y Grado de&nbsp; Pedagog\u00eda),&nbsp; Educaci\u00f3n Vial (Grado de Educaci\u00f3n Social), TFG (Grado en Pedagog\u00eda y Grado en Educaci\u00f3n Social) Estrategias y T\u00e9cnicas de Intervenci\u00f3n; Valores sociales de la Animaci\u00f3n Sociocultural y Evaluaci\u00f3n e innovaci\u00f3n en Animaci\u00f3n Sociocultural y Trabajo Fin de M\u00e1ster (M\u00e1ster Universitario en Intervenci\u00f3n Educativa en Contextos Sociales).<\/p>\n\n\n\n<p>Como investigadora, se inicio con la tesis doctoral: El uso de la Webquest en el 2\u00ba ciclo de Educaci\u00f3n Infantil en el \u00e1mbito de la Educaci\u00f3n vial, con la calificaci\u00f3n de Sobresaliente \u201cCum Laude\u201d y Premio Extraordinario.<\/p>\n\n\n\n<p>Mis l\u00edneas de investigaci\u00f3n se centran, principalmente, en analizar las Tecnolog\u00edas de la Informaci\u00f3n y Comunicaci\u00f3n y su inclusi\u00f3n en los contextos educativos, as\u00ed como, investigar e intervenir en el tema de Atenci\u00f3n a la Diversidad, en el \u00e1mbito de la Educaci\u00f3n Vial desde la perspectiva de los Derechos Humanos y Valores y j\u00f3venes en exclusi\u00f3n social y el tr\u00e1nsito a la vida adulta<\/p>\n\n\n\n<p>Ha participado en siete proyectos competitivos de \u00e1mbito nacional (I+D+i \u2026), en cinco proyectos competitivos de \u00e1mbito internacional y europeo. Tambi\u00e9n he participado en cinco art\u00edculos 83 de transferencia y divulgaci\u00f3n del conocimiento y en 18 proyectos de innovaci\u00f3n educativa.<\/p>\n\n\n\n<p>Mis publicaciones consisten en unos nueve libros, cuarenta y un cap\u00edtulos de libros, y treinta trabajos publicados en revistas como Sustainability (JCR), Psyshcoloy, Society &amp; Education (Scopus), Electronic Journal of Research in Educational Psychology (Scopus), <em>International journal of environmental research and public health (JCR), Frontiers in Psychology (JCR), Texto Livre: Linguagem e Tecnolog\u00eda (Scopus). Bord\u00f3n. Revista de Pedagog\u00eda (Scopus), Pedagog\u00eda Social. Revista interuniversitaria (Scopus), Revista Educacion XX1 (JCR), Revista espa\u00f1ola de pedagog\u00eda (JCR), Revista pulso, Revue europ\u00e9enne du droit social, Comunitania: International Journal of Social Work and Social Sciences, <\/em>Revista Ense\u00f1anza &amp; Teaching, Revista Electr\u00f3nica de Investigaci\u00f3n y Docencia (REID), Revista Did\u00e1ctica, Innovaci\u00f3n y Multimedia. Ha realizado estancias de investigaci\u00f3n en el Departamento de Did\u00e1ctica y Organizaci\u00f3n Escolar de la Facultad de Ciencias de la Educaci\u00f3n de la Universidad de Granada, durante tres meses (curso 2018-2019) y en el Departamento de Did\u00e1cticas Espec\u00edficas de la Facultad de Formaci\u00f3n del Profesorado y Educaci\u00f3n de la Universidad Aut\u00f3noma de Madrid, durante tres meses (curso 2012-2013).<\/p>\n\n\n\n<p>Forma parte del Grupo de Investigaci\u00f3n (GI17), de Intervenci\u00f3n Socioeducativa de la UNED y de dos grupos de innovaci\u00f3n educativa: &#8211; Grupo de Innovaci\u00f3n Docente n\u00famero GID2017-9 Acr\u00f3nimo: EDIT Nombre: Estrategias did\u00e1cticas eficaces implementadas en los Trabajos Fin de T\u00edtulo y Grupo de Innovaci\u00f3n Docente n\u00famero GID2016-31 Acr\u00f3nimo: InnovAcci\u00f3n Nombre: \u201cAcci\u00f3n Innovadora para el dise\u00f1o de procedimientos y metodolog\u00edas participativas de apoyo al estudiante de la UNED.\u201d Participa en Redes de Investigaci\u00f3n e Innovaci\u00f3n como: &#8211; Red Intrac. International Research Network on Transitions to Adulthood from Care &#8211; <a>Red de Excelencia Ociogune<\/a><\/p>\n\n\n\n<div class=\"wp-block-columns is-layout-flex wp-container-core-columns-is-layout-28f84493 wp-block-columns-is-layout-flex\">\n<div class=\"wp-block-column is-layout-flow wp-block-column-is-layout-flow\">\n<figure class=\"wp-block-image aligncenter size-full is-resized\"><a href=\"https:\/\/orcid.org\/0000-0001-7551-2949\"><img loading=\"lazy\" decoding=\"async\" src=\"http:\/\/blogs.uned.es\/intervencionsocioeducativa\/wp-content\/uploads\/sites\/395\/2023\/03\/descarga.png\" alt=\"\" class=\"wp-image-12033\" width=\"48\" height=\"48\" srcset=\"https:\/\/blogs.uned.es\/intervencionsocioeducativa\/wp-content\/uploads\/sites\/395\/2023\/03\/descarga.png 225w, https:\/\/blogs.uned.es\/intervencionsocioeducativa\/wp-content\/uploads\/sites\/395\/2023\/03\/descarga-150x150.png 150w\" sizes=\"auto, (max-width: 48px) 100vw, 48px\" \/><\/a><\/figure>\n<\/div>\n\n\n\n<div class=\"wp-block-column is-layout-flow wp-block-column-is-layout-flow\">\n<figure class=\"wp-block-image aligncenter size-full is-resized\"><a href=\"https:\/\/www.uned.es\/universidad\/docentes\/educacion\/rosa-maria-goig-martinez.html\"><img loading=\"lazy\" decoding=\"async\" src=\"http:\/\/blogs.uned.es\/intervencionsocioeducativa\/wp-content\/uploads\/sites\/395\/2023\/03\/descarga-1.png\" alt=\"\" class=\"wp-image-12035\" width=\"51\" height=\"51\" srcset=\"https:\/\/blogs.uned.es\/intervencionsocioeducativa\/wp-content\/uploads\/sites\/395\/2023\/03\/descarga-1.png 225w, https:\/\/blogs.uned.es\/intervencionsocioeducativa\/wp-content\/uploads\/sites\/395\/2023\/03\/descarga-1-150x150.png 150w\" sizes=\"auto, (max-width: 51px) 100vw, 51px\" \/><\/a><\/figure>\n<\/div>\n\n\n\n<div class=\"wp-block-column is-layout-flow wp-block-column-is-layout-flow\">\n<figure class=\"wp-block-image aligncenter size-full is-resized\"><a href=\"https:\/\/mobile.twitter.com\/rosagoigmartine\"><img loading=\"lazy\" decoding=\"async\" src=\"http:\/\/blogs.uned.es\/intervencionsocioeducativa\/wp-content\/uploads\/sites\/395\/2023\/03\/Twitter.png\" alt=\"\" class=\"wp-image-12065\" width=\"57\" height=\"57\" srcset=\"https:\/\/blogs.uned.es\/intervencionsocioeducativa\/wp-content\/uploads\/sites\/395\/2023\/03\/Twitter.png 225w, https:\/\/blogs.uned.es\/intervencionsocioeducativa\/wp-content\/uploads\/sites\/395\/2023\/03\/Twitter-150x150.png 150w\" sizes=\"auto, (max-width: 57px) 100vw, 57px\" \/><\/a><\/figure>\n<\/div>\n<\/div>\n\n\n\n<div class=\"wp-block-buttons is-layout-flex wp-block-buttons-is-layout-flex\">\n<div class=\"wp-block-button\"><a class=\"wp-block-button__link has-vivid-green-cyan-background-color has-background wp-element-button\" href=\"https:\/\/blogs.uned.es\/intervencionsocioeducativa\/equipo\/\">Volver a equipo<\/a><\/div>\n<\/div>\n","protected":false},"excerpt":{"rendered":"<p>ROSA M\u00aa GOIG MART\u00cdNEZ \u2709rmgoig@edu Profesora Titular en el Departamento de M\u00e9todos de Investigaci\u00f3n y Diagn\u00f3stico en Educaci\u00f3n, Facultad de Educaci\u00f3n, de la Universidad Nacional de Educaci\u00f3n a Distancia. Lleva impartiendo docencia desde 2008 tanto a nivel de grado y postgrado en las asignaturas: Pr\u00e1cticas Profesionales II (Grado de Educaci\u00f3n Social), Pedagog\u00eda Diferencial (Grado de [&hellip;]<\/p>\n","protected":false},"author":7637,"featured_media":0,"parent":0,"menu_order":0,"comment_status":"closed","ping_status":"closed","template":"","meta":{"footnotes":""},"class_list":["post-12115","page","type-page","status-publish","hentry"],"_links":{"self":[{"href":"https:\/\/blogs.uned.es\/intervencionsocioeducativa\/wp-json\/wp\/v2\/pages\/12115","targetHints":{"allow":["GET"]}}],"collection":[{"href":"https:\/\/blogs.uned.es\/intervencionsocioeducativa\/wp-json\/wp\/v2\/pages"}],"about":[{"href":"https:\/\/blogs.uned.es\/intervencionsocioeducativa\/wp-json\/wp\/v2\/types\/page"}],"author":[{"embeddable":true,"href":"https:\/\/blogs.uned.es\/intervencionsocioeducativa\/wp-json\/wp\/v2\/users\/7637"}],"replies":[{"embeddable":true,"href":"https:\/\/blogs.uned.es\/intervencionsocioeducativa\/wp-json\/wp\/v2\/comments?post=12115"}],"version-history":[{"count":4,"href":"https:\/\/blogs.uned.es\/intervencionsocioeducativa\/wp-json\/wp\/v2\/pages\/12115\/revisions"}],"predecessor-version":[{"id":12349,"href":"https:\/\/blogs.uned.es\/intervencionsocioeducativa\/wp-json\/wp\/v2\/pages\/12115\/revisions\/12349"}],"wp:attachment":[{"href":"https:\/\/blogs.uned.es\/intervencionsocioeducativa\/wp-json\/wp\/v2\/media?parent=12115"}],"curies":[{"name":"wp","href":"https:\/\/api.w.org\/{rel}","templated":true}]}}