{"id":12095,"date":"2023-03-16T11:42:31","date_gmt":"2023-03-16T11:42:31","guid":{"rendered":"https:\/\/blogs.uned.es\/intervencionsocioeducativa\/?page_id=12095"},"modified":"2023-03-16T14:07:26","modified_gmt":"2023-03-16T14:07:26","slug":"diego-antonio-galan-casado","status":"publish","type":"page","link":"https:\/\/blogs.uned.es\/intervencionsocioeducativa\/diego-antonio-galan-casado\/","title":{"rendered":"Diego Gal\u00e1n Casado"},"content":{"rendered":"\n<div class=\"wp-block-columns is-layout-flex wp-container-core-columns-is-layout-28f84493 wp-block-columns-is-layout-flex\">\n<div class=\"wp-block-column is-layout-flow wp-block-column-is-layout-flow\" style=\"flex-basis:33.33%\">\n<figure class=\"wp-block-image size-full\"><img loading=\"lazy\" decoding=\"async\" width=\"512\" height=\"512\" src=\"http:\/\/blogs.uned.es\/intervencionsocioeducativa\/wp-content\/uploads\/sites\/395\/2022\/01\/cropped-logouned21outlinefavicon.jpg\" alt=\"\" class=\"wp-image-533\" srcset=\"https:\/\/blogs.uned.es\/intervencionsocioeducativa\/wp-content\/uploads\/sites\/395\/2022\/01\/cropped-logouned21outlinefavicon.jpg 512w, https:\/\/blogs.uned.es\/intervencionsocioeducativa\/wp-content\/uploads\/sites\/395\/2022\/01\/cropped-logouned21outlinefavicon-300x300.jpg 300w, https:\/\/blogs.uned.es\/intervencionsocioeducativa\/wp-content\/uploads\/sites\/395\/2022\/01\/cropped-logouned21outlinefavicon-150x150.jpg 150w\" sizes=\"auto, (max-width: 512px) 100vw, 512px\" \/><\/figure>\n<\/div>\n\n\n\n<div class=\"wp-block-column is-layout-flow wp-block-column-is-layout-flow\" style=\"flex-basis:66.66%\">\n<p class=\"has-large-font-size\"><strong>DIEGO GAL\u00c1N CASADO<\/strong><\/p>\n\n\n\n<p>\u2709<a rel=\"noreferrer noopener\" href=\"mailto:coordinacion.master.contextos@edu.uned.es\" target=\"_blank\">diegog@edu.uned.es<\/a>   <\/p>\n<\/div>\n<\/div>\n\n\n\n<p>Licenciado en Pedagog\u00eda por la Universidad Complutense de Madrid (a\u00f1o 2010) y Doctor en Pedagog\u00eda por la misma Universidad (a\u00f1o 2015). Ha sido profesor en la Universidad Camilo Jos\u00e9 Cela, concretamente en la Facultad de Educaci\u00f3n, en asignaturas vinculadas a la pedagog\u00eda social en Grados y M\u00e1ster del \u00e1mbito educativo (Magisterio en Educaci\u00f3n Infantil, Magisterio en Educaci\u00f3n Primaria y M\u00e1ster Universitario en Educaci\u00f3n Secundaria). Tambi\u00e9n ha coordinado el \u00e1rea de m\u00e1ximo potencial de la persona en el Diploma Superior en Competencias Sociolaborales de la Universidad Camilo Jos\u00e9 Cela dirigido a j\u00f3venes con discapacidad intelectual. Actualmente es profesor Ayudante Doctor en el Departamento de Teor\u00eda de la Educaci\u00f3n y Pedagog\u00eda Social de la UNED. Ha participado en m\u00e1s de 30 congreso cient\u00edficos relacionados con la intervenci\u00f3n socioeducativas con j\u00f3venes y adultos en situaci\u00f3n de dificultad social como organizador, coordinador, miembro del comit\u00e9 cient\u00edfico, ponente o comunicante. Cuenta con m\u00e1s de 20 publicaciones de alto impacto (SPI, JCR, SRJ, FECYT\u2026) donde se aborda la situaci\u00f3n socioeducativa de j\u00f3venes y adultos con problemas de salud mental, situaci\u00f3n de privaci\u00f3n de libertad, bienestar y gesti\u00f3n del tiempo. Es evaluador de m\u00e1s de 10 revistas cient\u00edficas nacionales e internacionales y ha formado parte de m\u00faltiples proyectos de investigaci\u00f3n. Miembro delGrupo de investigaci\u00f3n en Intervenci\u00f3n Socioeducativa (Contextos- ISE)de la UNED que tiene por finalidad la reflexi\u00f3n sobre la pr\u00e1ctica para lograr la mejora, el cambio y la transformaci\u00f3n social a trav\u00e9s de la intervenci\u00f3n socioeducativa. Antes de comenzar a trabajar en el \u00e1mbito universitario, ha ejercido como educador social con j\u00f3venes y adultos con problemas de salud mental. Actualmente tambi\u00e9n formar parte de la coordinaci\u00f3n de un proyecto socioeducativo conocido como Sportsame, que pretende conseguir a trav\u00e9s del deporte y la gesti\u00f3n del tiempo, la recuperaci\u00f3n de personas j\u00f3venes y adultas con Trastorno Mental Grave en la Comunidad de Madrid.<\/p>\n\n\n\n<div class=\"wp-block-columns is-layout-flex wp-container-core-columns-is-layout-28f84493 wp-block-columns-is-layout-flex\">\n<div class=\"wp-block-column is-layout-flow wp-block-column-is-layout-flow\">\n<figure class=\"wp-block-image aligncenter size-full is-resized\"><a href=\"https:\/\/orcid.org\/0000-0001-9836-1426\"><img loading=\"lazy\" decoding=\"async\" src=\"http:\/\/blogs.uned.es\/intervencionsocioeducativa\/wp-content\/uploads\/sites\/395\/2023\/03\/descarga.png\" alt=\"\" class=\"wp-image-12033\" width=\"52\" height=\"52\" srcset=\"https:\/\/blogs.uned.es\/intervencionsocioeducativa\/wp-content\/uploads\/sites\/395\/2023\/03\/descarga.png 225w, https:\/\/blogs.uned.es\/intervencionsocioeducativa\/wp-content\/uploads\/sites\/395\/2023\/03\/descarga-150x150.png 150w\" sizes=\"auto, (max-width: 52px) 100vw, 52px\" \/><\/a><\/figure>\n<\/div>\n\n\n\n<div class=\"wp-block-column is-layout-flow wp-block-column-is-layout-flow\">\n<figure class=\"wp-block-image aligncenter size-full is-resized\"><a href=\"https:\/\/www.uned.es\/universidad\/docentes\/educacion\/diego-antonio-galan-casado.html\"><img loading=\"lazy\" decoding=\"async\" src=\"http:\/\/blogs.uned.es\/intervencionsocioeducativa\/wp-content\/uploads\/sites\/395\/2023\/03\/descarga-1.png\" alt=\"\" class=\"wp-image-12035\" width=\"62\" height=\"62\" srcset=\"https:\/\/blogs.uned.es\/intervencionsocioeducativa\/wp-content\/uploads\/sites\/395\/2023\/03\/descarga-1.png 225w, https:\/\/blogs.uned.es\/intervencionsocioeducativa\/wp-content\/uploads\/sites\/395\/2023\/03\/descarga-1-150x150.png 150w\" sizes=\"auto, (max-width: 62px) 100vw, 62px\" \/><\/a><\/figure>\n<\/div>\n\n\n\n<div class=\"wp-block-column is-layout-flow wp-block-column-is-layout-flow\">\n<figure class=\"wp-block-image size-full is-resized\"><a href=\"https:\/\/twitter.com\/dgalancasado?lang=es\"><img loading=\"lazy\" decoding=\"async\" src=\"http:\/\/blogs.uned.es\/intervencionsocioeducativa\/wp-content\/uploads\/sites\/395\/2023\/03\/Twitter.png\" alt=\"\" class=\"wp-image-12065\" width=\"68\" height=\"68\" srcset=\"https:\/\/blogs.uned.es\/intervencionsocioeducativa\/wp-content\/uploads\/sites\/395\/2023\/03\/Twitter.png 225w, https:\/\/blogs.uned.es\/intervencionsocioeducativa\/wp-content\/uploads\/sites\/395\/2023\/03\/Twitter-150x150.png 150w\" sizes=\"auto, (max-width: 68px) 100vw, 68px\" \/><\/a><\/figure>\n<\/div>\n<\/div>\n\n\n\n<div class=\"wp-block-buttons is-layout-flex wp-block-buttons-is-layout-flex\">\n<div class=\"wp-block-button\"><a class=\"wp-block-button__link has-vivid-green-cyan-background-color has-background wp-element-button\" href=\"https:\/\/blogs.uned.es\/intervencionsocioeducativa\/equipo\/\">Volver a equipo<\/a><\/div>\n<\/div>\n","protected":false},"excerpt":{"rendered":"<p>DIEGO GAL\u00c1N CASADO \u2709diegog@edu.uned.es Licenciado en Pedagog\u00eda por la Universidad Complutense de Madrid (a\u00f1o 2010) y Doctor en Pedagog\u00eda por la misma Universidad (a\u00f1o 2015). Ha sido profesor en la Universidad Camilo Jos\u00e9 Cela, concretamente en la Facultad de Educaci\u00f3n, en asignaturas vinculadas a la pedagog\u00eda social en Grados y M\u00e1ster del \u00e1mbito educativo (Magisterio [&hellip;]<\/p>\n","protected":false},"author":7637,"featured_media":0,"parent":0,"menu_order":0,"comment_status":"closed","ping_status":"closed","template":"","meta":{"footnotes":""},"class_list":["post-12095","page","type-page","status-publish","hentry"],"_links":{"self":[{"href":"https:\/\/blogs.uned.es\/intervencionsocioeducativa\/wp-json\/wp\/v2\/pages\/12095","targetHints":{"allow":["GET"]}}],"collection":[{"href":"https:\/\/blogs.uned.es\/intervencionsocioeducativa\/wp-json\/wp\/v2\/pages"}],"about":[{"href":"https:\/\/blogs.uned.es\/intervencionsocioeducativa\/wp-json\/wp\/v2\/types\/page"}],"author":[{"embeddable":true,"href":"https:\/\/blogs.uned.es\/intervencionsocioeducativa\/wp-json\/wp\/v2\/users\/7637"}],"replies":[{"embeddable":true,"href":"https:\/\/blogs.uned.es\/intervencionsocioeducativa\/wp-json\/wp\/v2\/comments?post=12095"}],"version-history":[{"count":7,"href":"https:\/\/blogs.uned.es\/intervencionsocioeducativa\/wp-json\/wp\/v2\/pages\/12095\/revisions"}],"predecessor-version":[{"id":12183,"href":"https:\/\/blogs.uned.es\/intervencionsocioeducativa\/wp-json\/wp\/v2\/pages\/12095\/revisions\/12183"}],"wp:attachment":[{"href":"https:\/\/blogs.uned.es\/intervencionsocioeducativa\/wp-json\/wp\/v2\/media?parent=12095"}],"curies":[{"name":"wp","href":"https:\/\/api.w.org\/{rel}","templated":true}]}}