{"id":12011,"date":"2023-03-10T17:34:34","date_gmt":"2023-03-10T17:34:34","guid":{"rendered":"https:\/\/blogs.uned.es\/intervencionsocioeducativa\/?page_id=12011"},"modified":"2023-03-17T07:18:25","modified_gmt":"2023-03-17T07:18:25","slug":"francisco-javier-garcia-castilla","status":"publish","type":"page","link":"https:\/\/blogs.uned.es\/intervencionsocioeducativa\/francisco-javier-garcia-castilla\/","title":{"rendered":"Francisco Javier Garc\u00eda Castilla"},"content":{"rendered":"\n<p><\/p>\n\n\n\n<div class=\"wp-block-columns is-layout-flex wp-container-core-columns-is-layout-28f84493 wp-block-columns-is-layout-flex\">\n<div class=\"wp-block-column is-layout-flow wp-block-column-is-layout-flow\" style=\"flex-basis:33.33%\">\n<figure class=\"wp-block-image size-full is-resized\"><img loading=\"lazy\" decoding=\"async\" src=\"http:\/\/blogs.uned.es\/intervencionsocioeducativa\/wp-content\/uploads\/sites\/395\/2022\/01\/cropped-logouned21outlinefavicon.jpg\" alt=\"\" class=\"wp-image-533\" width=\"211\" height=\"211\" srcset=\"https:\/\/blogs.uned.es\/intervencionsocioeducativa\/wp-content\/uploads\/sites\/395\/2022\/01\/cropped-logouned21outlinefavicon.jpg 512w, https:\/\/blogs.uned.es\/intervencionsocioeducativa\/wp-content\/uploads\/sites\/395\/2022\/01\/cropped-logouned21outlinefavicon-300x300.jpg 300w, https:\/\/blogs.uned.es\/intervencionsocioeducativa\/wp-content\/uploads\/sites\/395\/2022\/01\/cropped-logouned21outlinefavicon-150x150.jpg 150w\" sizes=\"auto, (max-width: 211px) 100vw, 211px\" \/><\/figure>\n<\/div>\n\n\n\n<div class=\"wp-block-column is-layout-flow wp-block-column-is-layout-flow\" style=\"flex-basis:66.66%\">\n<p class=\"has-large-font-size\"><strong>FRANCISCO JAVIER GARC\u00cdA CASTILLA<\/strong><\/p>\n\n\n\n<p>\u2709<a rel=\"noreferrer noopener\" href=\"mailto:coordinacion.master.contextos@edu.uned.es\" target=\"_blank\">fjgarcia@der.uned.es<\/a>            <\/p>\n<\/div>\n<\/div>\n\n\n\n<div class=\"wp-block-columns is-layout-flex wp-container-core-columns-is-layout-28f84493 wp-block-columns-is-layout-flex\">\n<div class=\"wp-block-column is-layout-flow wp-block-column-is-layout-flow\">\n<p>Francisco Javier Garc\u00eda-Castilla, Doctor en Sociolog\u00eda en el Programa de Exclusi\u00f3n y Pol\u00edtica Social por la Universidad Pontificia Comillas de Madrid. Es licenciado en Sociolog\u00eda y diplomado en Trabajo Social por la misma universidad. Profesor Titular de Universidad en el departamento de Trabajo Social en la Facultad de Derecho de la Universidad Nacional de Educaci\u00f3n a Distancia. Ha sido profesor en la diplomatura de trabajo social de la UNED y actualmente lo es en diversas asignaturas en el grado de trabajo social, adem\u00e1s de participar como docente en tres m\u00e1steres relacionados con estrategias de intervenci\u00f3n con j\u00f3venes. Ha dirigido m\u00e1s de 100 TFG, 25 TFM, y varias tesis doctorales en proceso. Actualmente es Vicedecano de Estudiantes y Comunicaci\u00f3n de la Facultad de Derecho. Desempe\u00f1\u00f3 otros cargos acad\u00e9micos como los de Vicerrector Adjunto de Extensi\u00f3n Universitaria, Cursos de Verano, Cultura y Deportes de la UNED. Ha sido gerente de Comunitania, Revista Internacional de Trabajo Social y Ciencias Sociales (2010-2019). Es miembro de la Junta Directiva de la Sociedad Cient\u00edfica Asociaci\u00f3n Madrile\u00f1a de Sociolog\u00eda (AMS) desde el a\u00f1o 2012, siendo Vicepresidente desde mayo de 2019.<\/p>\n<\/div>\n<\/div>\n\n\n\n<div class=\"wp-block-columns is-layout-flex wp-container-core-columns-is-layout-28f84493 wp-block-columns-is-layout-flex\">\n<div class=\"wp-block-column is-layout-flow wp-block-column-is-layout-flow\">\n<figure class=\"wp-block-image aligncenter size-full is-resized\"><a href=\"https:\/\/orcid.org\/0000-0003-3040-640X\"><img loading=\"lazy\" decoding=\"async\" src=\"https:\/\/blogs.uned.es\/intervencionsocioeducativa\/wp-content\/uploads\/sites\/395\/2023\/03\/descarga.png\" alt=\"\" class=\"wp-image-12033\" width=\"48\" height=\"48\" srcset=\"https:\/\/blogs.uned.es\/intervencionsocioeducativa\/wp-content\/uploads\/sites\/395\/2023\/03\/descarga.png 225w, https:\/\/blogs.uned.es\/intervencionsocioeducativa\/wp-content\/uploads\/sites\/395\/2023\/03\/descarga-150x150.png 150w\" sizes=\"auto, (max-width: 48px) 100vw, 48px\" \/><\/a><\/figure>\n<\/div>\n\n\n\n<div class=\"wp-block-column is-layout-flow wp-block-column-is-layout-flow\">\n<figure class=\"wp-block-image aligncenter size-full is-resized\"><a href=\"http:\/\/portal.uned.es\/portal\/page?_pageid=93,699440&amp;_dad=portal&amp;_schema=PORTAL\"><img loading=\"lazy\" decoding=\"async\" src=\"https:\/\/blogs.uned.es\/intervencionsocioeducativa\/wp-content\/uploads\/sites\/395\/2023\/03\/descarga-1.png\" alt=\"\" class=\"wp-image-12035\" width=\"55\" height=\"55\" srcset=\"https:\/\/blogs.uned.es\/intervencionsocioeducativa\/wp-content\/uploads\/sites\/395\/2023\/03\/descarga-1.png 225w, https:\/\/blogs.uned.es\/intervencionsocioeducativa\/wp-content\/uploads\/sites\/395\/2023\/03\/descarga-1-150x150.png 150w\" sizes=\"auto, (max-width: 55px) 100vw, 55px\" \/><\/a><\/figure>\n<\/div>\n\n\n\n<div class=\"wp-block-column is-layout-flow wp-block-column-is-layout-flow\"><\/div>\n<\/div>\n\n\n\n<div class=\"wp-block-buttons is-layout-flex wp-block-buttons-is-layout-flex\">\n<div class=\"wp-block-button\"><a class=\"wp-block-button__link has-vivid-green-cyan-background-color has-background wp-element-button\" href=\"https:\/\/blogs.uned.es\/intervencionsocioeducativa\/equipo\/\">Volver a equipo<\/a><\/div>\n<\/div>\n","protected":false},"excerpt":{"rendered":"<p>FRANCISCO JAVIER GARC\u00cdA CASTILLA \u2709fjgarcia@der.uned.es Francisco Javier Garc\u00eda-Castilla, Doctor en Sociolog\u00eda en el Programa de Exclusi\u00f3n y Pol\u00edtica Social por la Universidad Pontificia Comillas de Madrid. Es licenciado en Sociolog\u00eda y diplomado en Trabajo Social por la misma universidad. Profesor Titular de Universidad en el departamento de Trabajo Social en la Facultad de Derecho de [&hellip;]<\/p>\n","protected":false},"author":7637,"featured_media":0,"parent":0,"menu_order":0,"comment_status":"closed","ping_status":"closed","template":"","meta":{"footnotes":""},"class_list":["post-12011","page","type-page","status-publish","hentry"],"_links":{"self":[{"href":"https:\/\/blogs.uned.es\/intervencionsocioeducativa\/wp-json\/wp\/v2\/pages\/12011","targetHints":{"allow":["GET"]}}],"collection":[{"href":"https:\/\/blogs.uned.es\/intervencionsocioeducativa\/wp-json\/wp\/v2\/pages"}],"about":[{"href":"https:\/\/blogs.uned.es\/intervencionsocioeducativa\/wp-json\/wp\/v2\/types\/page"}],"author":[{"embeddable":true,"href":"https:\/\/blogs.uned.es\/intervencionsocioeducativa\/wp-json\/wp\/v2\/users\/7637"}],"replies":[{"embeddable":true,"href":"https:\/\/blogs.uned.es\/intervencionsocioeducativa\/wp-json\/wp\/v2\/comments?post=12011"}],"version-history":[{"count":8,"href":"https:\/\/blogs.uned.es\/intervencionsocioeducativa\/wp-json\/wp\/v2\/pages\/12011\/revisions"}],"predecessor-version":[{"id":12317,"href":"https:\/\/blogs.uned.es\/intervencionsocioeducativa\/wp-json\/wp\/v2\/pages\/12011\/revisions\/12317"}],"wp:attachment":[{"href":"https:\/\/blogs.uned.es\/intervencionsocioeducativa\/wp-json\/wp\/v2\/media?parent=12011"}],"curies":[{"name":"wp","href":"https:\/\/api.w.org\/{rel}","templated":true}]}}