{"id":11737,"date":"2023-03-03T15:48:40","date_gmt":"2023-03-03T15:48:40","guid":{"rendered":"https:\/\/blogs.uned.es\/intervencionsocioeducativa\/?page_id=11737"},"modified":"2023-03-29T16:38:07","modified_gmt":"2023-03-29T16:38:07","slug":"redes-y-asociaciones","status":"publish","type":"page","link":"https:\/\/blogs.uned.es\/intervencionsocioeducativa\/redes-y-asociaciones\/","title":{"rendered":"Redes y asociaciones"},"content":{"rendered":"\n<div class=\"wp-block-cover alignfull\" style=\"min-height:252px;aspect-ratio:unset;\"><span aria-hidden=\"true\" class=\"wp-block-cover__background has-background-dim\"><\/span><img loading=\"lazy\" decoding=\"async\" width=\"2560\" height=\"1707\" class=\"wp-block-cover__image-background wp-image-11777\" alt=\"\" src=\"http:\/\/blogs.uned.es\/intervencionsocioeducativa\/wp-content\/uploads\/sites\/395\/2023\/03\/pexels-fauxels-3184418-scaled.jpg\" data-object-fit=\"cover\" srcset=\"https:\/\/blogs.uned.es\/intervencionsocioeducativa\/wp-content\/uploads\/sites\/395\/2023\/03\/pexels-fauxels-3184418-scaled.jpg 2560w, https:\/\/blogs.uned.es\/intervencionsocioeducativa\/wp-content\/uploads\/sites\/395\/2023\/03\/pexels-fauxels-3184418-300x200.jpg 300w, https:\/\/blogs.uned.es\/intervencionsocioeducativa\/wp-content\/uploads\/sites\/395\/2023\/03\/pexels-fauxels-3184418-1024x683.jpg 1024w, https:\/\/blogs.uned.es\/intervencionsocioeducativa\/wp-content\/uploads\/sites\/395\/2023\/03\/pexels-fauxels-3184418-768x512.jpg 768w, https:\/\/blogs.uned.es\/intervencionsocioeducativa\/wp-content\/uploads\/sites\/395\/2023\/03\/pexels-fauxels-3184418-1536x1024.jpg 1536w, https:\/\/blogs.uned.es\/intervencionsocioeducativa\/wp-content\/uploads\/sites\/395\/2023\/03\/pexels-fauxels-3184418-2048x1365.jpg 2048w\" sizes=\"auto, (max-width: 2560px) 100vw, 2560px\" \/><div class=\"wp-block-cover__inner-container is-layout-flow wp-block-cover-is-layout-flow\">\n<p class=\"has-text-align-right has-background-color has-text-color\" style=\"font-size:50px\">Redes y asociaciones<\/p>\n<\/div><\/div>\n\n\n\n<div style=\"height:20px\" aria-hidden=\"true\" class=\"wp-block-spacer\"><\/div>\n\n\n\n<p>El Grupo de Investigaci\u00f3n en Intervenci\u00f3n Socioeducativa de la UNED tiene como uno de sus ejes fundamentales desarrollar investigaci\u00f3n interdisciplinar de calidad, en colaboraci\u00f3n con grupos de investigaci\u00f3n e innovaci\u00f3n, universidades y centros de investigaci\u00f3n, sobre &nbsp;la pr\u00e1ctica para lograr la mejora, el cambio y la transformaci\u00f3n social. Persigue una intencionalidad, orientada a provocar impacto social a trav\u00e9s de la intervenci\u00f3n socioeducativa.<\/p>\n\n\n\n<p>Los miembros del grupo Contextos-ISE coordinan o forman parte de otros grupos o asociaciones, muchos de ellos interdisciplinares, que trabajan en distintas \u00e1reas y con distintos objetivos, relacionados con \u00e1reas de inter\u00e9s del Grupo de Investigaci\u00f3n. A su vez Contextos-ISE, forma parte de la Red OcioGune, creada en el a\u00f1o 2009 y reconocida como una Red de Excelencia Investigadora (RED2018-102625-T) en el marco del Programa Estatal de Generaci\u00f3n de Conocimiento y Fortalecimiento Cient\u00edfico (2017-2020) del Gobierno de Espa\u00f1a.<\/p>\n\n\n\n<div style=\"height:60px\" aria-hidden=\"true\" class=\"wp-block-spacer\"><\/div>\n\n\n\n<div class=\"wp-block-columns is-layout-flex wp-container-core-columns-is-layout-28f84493 wp-block-columns-is-layout-flex\">\n<div class=\"wp-block-column is-layout-flow wp-block-column-is-layout-flow\">\n<figure class=\"wp-block-image size-full is-resized is-style-default\"><a href=\"https:\/\/ociogune.unirioja.es\/\"><img loading=\"lazy\" decoding=\"async\" src=\"https:\/\/blogs.uned.es\/intervencionsocioeducativa\/wp-content\/uploads\/sites\/395\/2023\/03\/Logo-RedOcioGune-y-Contextos-ISE.jpg\" alt=\"\" class=\"wp-image-12653\" width=\"320\" height=\"181\" \/><\/a><figcaption class=\"wp-element-caption\"><strong>Red OcioGune <\/strong><\/figcaption><\/figure>\n<\/div>\n\n\n\n<div class=\"wp-block-column is-layout-flow wp-block-column-is-layout-flow\">\n<figure class=\"wp-block-image size-full is-resized\"><a href=\"https:\/\/www.uned.es\/universidad\/inicio\/institucional\/IUED\/innovacion-docente\/grupos-innovacion\/grupo-53.html\"><img loading=\"lazy\" decoding=\"async\" src=\"https:\/\/blogs.uned.es\/intervencionsocioeducativa\/wp-content\/uploads\/sites\/395\/2023\/03\/edit.jpg\" alt=\"\" class=\"wp-image-12655\" width=\"429\" height=\"117\" srcset=\"https:\/\/blogs.uned.es\/intervencionsocioeducativa\/wp-content\/uploads\/sites\/395\/2023\/03\/edit.jpg 616w, https:\/\/blogs.uned.es\/intervencionsocioeducativa\/wp-content\/uploads\/sites\/395\/2023\/03\/edit-300x82.jpg 300w\" sizes=\"auto, (max-width: 429px) 100vw, 429px\" \/><\/a><figcaption class=\"wp-element-caption\"><strong>Grupo de Innovaci\u00f3n EDIT (UNED)<\/strong><\/figcaption><\/figure>\n<\/div>\n<\/div>\n\n\n\n<div style=\"height:60px\" aria-hidden=\"true\" class=\"wp-block-spacer\"><\/div>\n\n\n\n<div class=\"wp-block-columns is-layout-flex wp-container-core-columns-is-layout-28f84493 wp-block-columns-is-layout-flex\">\n<div class=\"wp-block-column is-layout-flow wp-block-column-is-layout-flow\">\n<figure class=\"wp-block-image size-full\"><a href=\"https:\/\/blogs.uned.es\/cued\/\"><img loading=\"lazy\" decoding=\"async\" width=\"397\" height=\"120\" src=\"https:\/\/blogs.uned.es\/intervencionsocioeducativa\/wp-content\/uploads\/sites\/395\/2023\/03\/Nuevo-Logo-CUED.jpg\" alt=\"\" class=\"wp-image-12657\" srcset=\"https:\/\/blogs.uned.es\/intervencionsocioeducativa\/wp-content\/uploads\/sites\/395\/2023\/03\/Nuevo-Logo-CUED.jpg 397w, https:\/\/blogs.uned.es\/intervencionsocioeducativa\/wp-content\/uploads\/sites\/395\/2023\/03\/Nuevo-Logo-CUED-300x91.jpg 300w\" sizes=\"auto, (max-width: 397px) 100vw, 397px\" \/><\/a><figcaption class=\"wp-element-caption\"><strong>C\u00e1tedra UNESCO de Educaci\u00f3n a Distancia de la UNED (CUED)<\/strong><\/figcaption><\/figure>\n<\/div>\n\n\n\n<div class=\"wp-block-column is-layout-flow wp-block-column-is-layout-flow\">\n<figure class=\"wp-block-image size-full is-resized\"><a href=\"https:\/\/sips-es.blogspot.com\/\"><img loading=\"lazy\" decoding=\"async\" src=\"https:\/\/blogs.uned.es\/intervencionsocioeducativa\/wp-content\/uploads\/sites\/395\/2023\/03\/descarga-1-1.jpg\" alt=\"\" class=\"wp-image-12659\" width=\"366\" height=\"179\" srcset=\"https:\/\/blogs.uned.es\/intervencionsocioeducativa\/wp-content\/uploads\/sites\/395\/2023\/03\/descarga-1-1.jpg 312w, https:\/\/blogs.uned.es\/intervencionsocioeducativa\/wp-content\/uploads\/sites\/395\/2023\/03\/descarga-1-1-300x147.jpg 300w\" sizes=\"auto, (max-width: 366px) 100vw, 366px\" \/><\/a><figcaption class=\"wp-element-caption\"><strong>Sociedad Iberoamericana de Pedagog\u00eda Social (SIPS)<\/strong><\/figcaption><\/figure>\n<\/div>\n<\/div>\n\n\n\n<div style=\"height:30px\" aria-hidden=\"true\" class=\"wp-block-spacer\"><\/div>\n\n\n\n<div class=\"wp-block-columns is-layout-flex wp-container-core-columns-is-layout-28f84493 wp-block-columns-is-layout-flex\">\n<div class=\"wp-block-column is-layout-flow wp-block-column-is-layout-flow\">\n<figure class=\"wp-block-image size-full\"><img loading=\"lazy\" decoding=\"async\" width=\"400\" height=\"400\" src=\"https:\/\/blogs.uned.es\/intervencionsocioeducativa\/wp-content\/uploads\/sites\/395\/2023\/03\/8Y3u5Exe_400x400.jpg\" alt=\"\" class=\"wp-image-12705\" srcset=\"https:\/\/blogs.uned.es\/intervencionsocioeducativa\/wp-content\/uploads\/sites\/395\/2023\/03\/8Y3u5Exe_400x400.jpg 400w, https:\/\/blogs.uned.es\/intervencionsocioeducativa\/wp-content\/uploads\/sites\/395\/2023\/03\/8Y3u5Exe_400x400-300x300.jpg 300w, https:\/\/blogs.uned.es\/intervencionsocioeducativa\/wp-content\/uploads\/sites\/395\/2023\/03\/8Y3u5Exe_400x400-150x150.jpg 150w\" sizes=\"auto, (max-width: 400px) 100vw, 400px\" \/><figcaption class=\"wp-element-caption\"><strong>Liberi Grup de recerca en Inf\u00e0ncia, Joventut i Comunitat<\/strong><\/figcaption><\/figure>\n<\/div>\n\n\n\n<div class=\"wp-block-column is-layout-flow wp-block-column-is-layout-flow\">\n<figure class=\"wp-block-image size-full\"><a href=\"https:\/\/blogs.deusto.es\/EstudiosOcio\/\"><img loading=\"lazy\" decoding=\"async\" width=\"400\" height=\"400\" src=\"https:\/\/blogs.uned.es\/intervencionsocioeducativa\/wp-content\/uploads\/sites\/395\/2023\/03\/sZ82j29Y_400x400.jpg\" alt=\"\" class=\"wp-image-12707\" srcset=\"https:\/\/blogs.uned.es\/intervencionsocioeducativa\/wp-content\/uploads\/sites\/395\/2023\/03\/sZ82j29Y_400x400.jpg 400w, https:\/\/blogs.uned.es\/intervencionsocioeducativa\/wp-content\/uploads\/sites\/395\/2023\/03\/sZ82j29Y_400x400-300x300.jpg 300w, https:\/\/blogs.uned.es\/intervencionsocioeducativa\/wp-content\/uploads\/sites\/395\/2023\/03\/sZ82j29Y_400x400-150x150.jpg 150w\" sizes=\"auto, (max-width: 400px) 100vw, 400px\" \/><\/a><figcaption class=\"wp-element-caption\"><strong>Estudios de Ocio Universidad de Deusto<\/strong><\/figcaption><\/figure>\n<\/div>\n<\/div>\n\n\n\n<div style=\"height:30px\" aria-hidden=\"true\" class=\"wp-block-spacer\"><\/div>\n\n\n\n<div class=\"wp-block-buttons is-layout-flex wp-block-buttons-is-layout-flex\">\n<div class=\"wp-block-button\"><a class=\"wp-block-button__link has-vivid-green-cyan-background-color has-background wp-element-button\" href=\"https:\/\/blogs.uned.es\/intervencionsocioeducativa\/\">Volver a inicio<\/a><\/div>\n<\/div>\n","protected":false},"excerpt":{"rendered":"<p>El Grupo de Investigaci\u00f3n en Intervenci\u00f3n Socioeducativa de la UNED tiene como uno de sus ejes fundamentales desarrollar investigaci\u00f3n interdisciplinar de calidad, en colaboraci\u00f3n con grupos de investigaci\u00f3n e innovaci\u00f3n, universidades y centros de investigaci\u00f3n, sobre &nbsp;la pr\u00e1ctica para lograr la mejora, el cambio y la transformaci\u00f3n social. Persigue una intencionalidad, orientada a provocar impacto [&hellip;]<\/p>\n","protected":false},"author":7637,"featured_media":0,"parent":0,"menu_order":0,"comment_status":"closed","ping_status":"closed","template":"","meta":{"footnotes":""},"class_list":["post-11737","page","type-page","status-publish","hentry"],"_links":{"self":[{"href":"https:\/\/blogs.uned.es\/intervencionsocioeducativa\/wp-json\/wp\/v2\/pages\/11737","targetHints":{"allow":["GET"]}}],"collection":[{"href":"https:\/\/blogs.uned.es\/intervencionsocioeducativa\/wp-json\/wp\/v2\/pages"}],"about":[{"href":"https:\/\/blogs.uned.es\/intervencionsocioeducativa\/wp-json\/wp\/v2\/types\/page"}],"author":[{"embeddable":true,"href":"https:\/\/blogs.uned.es\/intervencionsocioeducativa\/wp-json\/wp\/v2\/users\/7637"}],"replies":[{"embeddable":true,"href":"https:\/\/blogs.uned.es\/intervencionsocioeducativa\/wp-json\/wp\/v2\/comments?post=11737"}],"version-history":[{"count":10,"href":"https:\/\/blogs.uned.es\/intervencionsocioeducativa\/wp-json\/wp\/v2\/pages\/11737\/revisions"}],"predecessor-version":[{"id":12763,"href":"https:\/\/blogs.uned.es\/intervencionsocioeducativa\/wp-json\/wp\/v2\/pages\/11737\/revisions\/12763"}],"wp:attachment":[{"href":"https:\/\/blogs.uned.es\/intervencionsocioeducativa\/wp-json\/wp\/v2\/media?parent=11737"}],"curies":[{"name":"wp","href":"https:\/\/api.w.org\/{rel}","templated":true}]}}