{"id":11729,"date":"2023-03-03T15:47:14","date_gmt":"2023-03-03T15:47:14","guid":{"rendered":"https:\/\/blogs.uned.es\/intervencionsocioeducativa\/?page_id=11729"},"modified":"2025-03-08T13:56:37","modified_gmt":"2025-03-08T13:56:37","slug":"investigaciones","status":"publish","type":"page","link":"https:\/\/blogs.uned.es\/intervencionsocioeducativa\/investigaciones\/","title":{"rendered":"Investigaciones"},"content":{"rendered":"\n<div class=\"wp-block-cover alignfull is-light\" style=\"font-size:65px;min-height:252px;aspect-ratio:unset;\"><span aria-hidden=\"true\" class=\"wp-block-cover__background has-background-dim-30 has-background-dim\"><\/span><img loading=\"lazy\" decoding=\"async\" width=\"2560\" height=\"1707\" class=\"wp-block-cover__image-background wp-image-11835\" alt=\"\" src=\"http:\/\/blogs.uned.es\/intervencionsocioeducativa\/wp-content\/uploads\/sites\/395\/2023\/03\/pexels-anna-nekrashevich-6801648-scaled.jpg\" style=\"object-position:48% 70%\" data-object-fit=\"cover\" data-object-position=\"48% 70%\" srcset=\"https:\/\/blogs.uned.es\/intervencionsocioeducativa\/wp-content\/uploads\/sites\/395\/2023\/03\/pexels-anna-nekrashevich-6801648-scaled.jpg 2560w, https:\/\/blogs.uned.es\/intervencionsocioeducativa\/wp-content\/uploads\/sites\/395\/2023\/03\/pexels-anna-nekrashevich-6801648-300x200.jpg 300w, https:\/\/blogs.uned.es\/intervencionsocioeducativa\/wp-content\/uploads\/sites\/395\/2023\/03\/pexels-anna-nekrashevich-6801648-1024x683.jpg 1024w, https:\/\/blogs.uned.es\/intervencionsocioeducativa\/wp-content\/uploads\/sites\/395\/2023\/03\/pexels-anna-nekrashevich-6801648-768x512.jpg 768w, https:\/\/blogs.uned.es\/intervencionsocioeducativa\/wp-content\/uploads\/sites\/395\/2023\/03\/pexels-anna-nekrashevich-6801648-1536x1024.jpg 1536w, https:\/\/blogs.uned.es\/intervencionsocioeducativa\/wp-content\/uploads\/sites\/395\/2023\/03\/pexels-anna-nekrashevich-6801648-2048x1365.jpg 2048w\" sizes=\"auto, (max-width: 2560px) 100vw, 2560px\" \/><div class=\"wp-block-cover__inner-container is-layout-flow wp-block-cover-is-layout-flow\">\n<p class=\"has-text-align-right has-background-color has-text-color\" style=\"font-size:45px\">Investigaciones<\/p>\n<\/div><\/div>\n\n\n\n<p class=\"has-text-align-left\">Con relaci\u00f3n a las l\u00edneas de investigaci\u00f3n desarrolladas, se han llevado a cabo diversos proyectos de investigaci\u00f3n. Del mismo modo, el grupo cuenta con diversos contratos de investigaci\u00f3n<\/p>\n\n\n\n<div style=\"height:20px\" aria-hidden=\"true\" class=\"wp-block-spacer\"><\/div>\n\n\n\n<p class=\"has-text-align-center\" style=\"font-size:1.5rem\"><strong>PARTICIPACI\u00d3N EN PROYECTOS DE INVESTIGACI\u00d3N<\/strong><\/p>\n\n\n\n<div style=\"height:30px\" aria-hidden=\"true\" class=\"wp-block-spacer\"><\/div>\n\n\n\n<div class=\"wp-block-columns is-layout-flex wp-container-core-columns-is-layout-28f84493 wp-block-columns-is-layout-flex\">\n<div class=\"wp-block-column is-layout-flow wp-block-column-is-layout-flow\">\n<figure class=\"wp-block-table has-small-font-size\"><table class=\"has-primary-color has-tertiary-background-color has-text-color has-background has-link-color has-fixed-layout\" style=\"border-width:3px\"><tbody><tr><td class=\"has-text-align-center\" data-align=\"center\"><strong>Gesti\u00f3n Autorregulada del Tiempo en la juventud: Ocio, bienestar y apoyos sociales<\/strong><\/td><\/tr><tr><td class=\"has-text-align-center\" data-align=\"center\"><strong>ENTIDAD FINANCIADORA:<\/strong><br>Ministerio de Ciencia e Innovaci\u00f3n. Convocatoria Generaci\u00f3n del Conocimiento 2022. Programa Estatal para Impulsar la Investigaci\u00f3n Cient\u00edfico-T\u00e9cnica y su Transferencia del Plan Estatal de Investigaci\u00f3n Cient\u00edfico-T\u00e9cnica y de Innovaci\u00f3n 2021-2023.<\/td><\/tr><tr><td class=\"has-text-align-center\" data-align=\"center\"><strong>DURACI\u00d3N:<\/strong><br> 01\/01\/2023\u00a0\u00a0\u00a0\u00a0\u00a0\u00a0\u00a0\u00a0\u00a0\u00a0\u00a0\u00a0\u00a0\u00a0\u00a0\u00a0\u00a0\u00a0<br>01\/01\/2026<\/td><\/tr><tr><td class=\"has-text-align-center\" data-align=\"center\"><strong>IP\u00b4s:<\/strong> D. \u00c1ngel De-Juanas Oliva y D. Francisco Javier Garc\u00eda Castilla.<\/td><\/tr><tr><td class=\"has-text-align-center\" data-align=\"center\"><strong>GRUPO DE INVESTIGACI\u00d3N:<\/strong><br> Rosa Goig Mart\u00ednez, Isabel Mart\u00ednez S\u00e1nchez, Jorge D\u00edaz Esterri, Fernando L\u00f3pez Noguero, Jos\u00e9 Alberto Gallardo L\u00f3pez, Mar\u00eda Jos\u00e9 D\u00edaz Santiago,  Diego Gal\u00e1n Casado, Jos\u00e9 Antonio P\u00e9rez Viejo, \u00c1ngel Luis Gonz\u00e1lez Olivares; F\u00e1tima Poza Vilches, Ver\u00f3nica Sevillano Monje, M\u00aaCarmen Ortega Navas, Mar\u00eda Garc\u00eda P\u00e9rez, Miguel Urra Canales, Margarita Vasco Gonz\u00e1lez, Eva Rubio Guzm\u00e1n, Hassan Hossein Mohand, Hossein Hossein Mohand<\/td><\/tr><\/tbody><\/table><\/figure>\n<\/div>\n\n\n\n<div class=\"wp-block-column is-layout-flow wp-block-column-is-layout-flow\"><\/div>\n<\/div>\n\n\n\n<div style=\"height:30px\" aria-hidden=\"true\" class=\"wp-block-spacer\"><\/div>\n\n\n\n<div class=\"wp-block-columns is-layout-flex wp-container-core-columns-is-layout-28f84493 wp-block-columns-is-layout-flex\">\n<div class=\"wp-block-column is-layout-flow wp-block-column-is-layout-flow\">\n<figure class=\"wp-block-table has-small-font-size\"><table class=\"has-primary-color has-tertiary-background-color has-text-color has-background has-link-color has-fixed-layout\" style=\"border-width:3px\"><tbody><tr><td class=\"has-text-align-center\" data-align=\"center\"><strong>Adolescentes y disfunciones alimentarias en tiempos de pandemia: Educaci\u00f3n preventiva<\/strong><\/td><\/tr><tr><td class=\"has-text-align-center\" data-align=\"center\"><strong>ENTIDAD FINANCIADORA:<\/strong><br>Vicerrectorado de Internacionalizaci\u00f3n y Multiling\u00fcismo de la\u00a0<em>UNED. Convocatoria: Ayuda para la realizaci\u00f3n de Proyectos de Cooperaci\u00f3n Universitaria y los Objetivos de Desarrollo Sostenible, dentro del Plan de Fortalecimiento Internacional, Cooperaci\u00f3n y Objetivos de Desarrollo Sostenible (ODS) UNED 2021<\/em><\/td><\/tr><tr><td class=\"has-text-align-center\" data-align=\"center\"><strong>DURACI\u00d3N:<\/strong><br> 01\/01\/2021\u00a0\u00a0\u00a0\u00a0\u00a0\u00a0\u00a0\u00a0\u00a0\u00a0\u00a0\u00a0\u00a0\u00a0\u00a0\u00a0\u00a0\u00a0<br>01\/01\/2023<\/td><\/tr><tr><td class=\"has-text-align-center\" data-align=\"center\"><strong>IP<\/strong>: D\u00f1a. M\u00aa Carmen Ortega Navas<\/td><\/tr><tr><td class=\"has-text-align-center\" data-align=\"center\"><strong>GRUPO DE INVESTIGACI\u00d3N:<\/strong><br> Mar\u00eda Garc\u00eda P\u00e9rez, \u00c1ngel De-Juanas Oliva, Francisco Javier Garc\u00eda Castilla,  Rosa Goig Mart\u00ednez, Isabel Mart\u00ednez S\u00e1nchez,  Diego Gal\u00e1n Casado, M\u00aa Carmen Ortega Navas, Mar\u00eda Garc\u00eda P\u00e9rez<\/td><\/tr><\/tbody><\/table><\/figure>\n<\/div>\n\n\n\n<div class=\"wp-block-column is-layout-flow wp-block-column-is-layout-flow\">\n<figure class=\"wp-block-table has-small-font-size\"><table class=\"has-primary-color has-tertiary-background-color has-text-color has-background has-link-color has-fixed-layout\" style=\"border-width:3px\"><tbody><tr><td class=\"has-text-align-center\" data-align=\"center\"><strong>Proyecto ATALANTA: Ocio deportivo para la recuperaci\u00f3n de personas con Trastorno Mental Grave<\/strong><\/td><\/tr><tr><td class=\"has-text-align-center\" data-align=\"center\"><strong>ENTIDAD FINANCIADORA:<\/strong><br>Vicerrectorado de Internacionalizaci\u00f3n y Multiling\u00fcismo de la\u00a0<em>UNED. Convocatoria: Ayuda para la realizaci\u00f3n de Proyectos de Cooperaci\u00f3n Universitaria y los Objetivos de Desarrollo Sostenible, dentro del Plan de Fortalecimiento Internacional, Cooperaci\u00f3n y Objetivos de Desarrollo Sostenible (ODS) UNED 202<\/em><\/td><\/tr><tr><td class=\"has-text-align-center\" data-align=\"center\"><strong>DURACI\u00d3N:<\/strong><br> 01\/01\/2021\u00a0\u00a0\u00a0\u00a0\u00a0\u00a0\u00a0\u00a0\u00a0\u00a0\u00a0\u00a0\u00a0\u00a0\u00a0\u00a0\u00a0\u00a0<br>01\/01\/2023<\/td><\/tr><tr><td class=\"has-text-align-center\" data-align=\"center\"><strong>IP<\/strong>: D. Diego Gal\u00e1n Casado<\/td><\/tr><tr><td class=\"has-text-align-center\" data-align=\"center\"><strong>GRUPO DE INVESTIGACI\u00d3N:<\/strong><br>\u00c1ngel De Juanas Oliva,  Ana Lisbona Ba\u00f1uelos,  \u00c1lvaro Moraleda Ruano,  F\u00ba Javier Garc\u00eda Castilla,  Hassan Hossein Mohand,  Hossein Hossein Mohand,  Jorge D\u00edaz Esterri,  Margarita Vasco Gonz\u00e1lez, Mar\u00eda Garc\u00eda P\u00e9rez, Rosa Goig Mart\u00ednez,<\/td><\/tr><\/tbody><\/table><\/figure>\n<\/div>\n<\/div>\n\n\n\n<div style=\"height:30px\" aria-hidden=\"true\" class=\"wp-block-spacer\"><\/div>\n\n\n\n<div class=\"wp-block-columns is-layout-flex wp-container-core-columns-is-layout-28f84493 wp-block-columns-is-layout-flex\">\n<div class=\"wp-block-column is-layout-flow wp-block-column-is-layout-flow\">\n<figure class=\"wp-block-table has-small-font-size\"><table class=\"has-primary-color has-tertiary-background-color has-text-color has-background has-link-color has-fixed-layout\" style=\"border-width:3px\"><tbody><tr><td class=\"has-text-align-center\" data-align=\"center\"><strong>Citizen Auditos and Municipal Services against Structural Discrimination<\/strong><\/td><\/tr><tr><td class=\"has-text-align-center\" data-align=\"center\"><strong>ENTIDAD FINANCIADORA:<\/strong><br>Comisi\u00f3n Europea. Convocatoria CERV-2022-EQUAL anti-racism and non-discrimination.\u00a0<\/td><\/tr><tr><td class=\"has-text-align-center\" data-align=\"center\"><strong>DURACI\u00d3N:<\/strong><br> 01\/01\/2021\u00a0\u00a0\u00a0\u00a0\u00a0\u00a0\u00a0\u00a0\u00a0\u00a0\u00a0\u00a0\u00a0\u00a0\u00a0\u00a0\u00a0\u00a0<br>01\/01\/2023<\/td><\/tr><tr><td class=\"has-text-align-center\" data-align=\"center\"><strong>IP<\/strong>: D. Antonio L\u00f3pez Pel\u00e1ez<\/td><\/tr><tr><td class=\"has-text-align-center\" data-align=\"center\"><strong>GRUPO DE INVESTIGACI\u00d3N:<\/strong><br>\u00c1ngel De-Juanas Oliva, Francisco Javier Garc\u00eda Castilla<\/td><\/tr><\/tbody><\/table><\/figure>\n<\/div>\n\n\n\n<div class=\"wp-block-column is-layout-flow wp-block-column-is-layout-flow\">\n<figure class=\"wp-block-table has-small-font-size\"><table class=\"has-primary-color has-tertiary-background-color has-text-color has-background has-link-color has-fixed-layout\" style=\"border-width:3px\"><tbody><tr><td class=\"has-text-align-center\" data-align=\"center\"><strong>INOVHUMRE: Innovation in Humanitarian Response<\/strong><\/td><\/tr><tr><td class=\"has-text-align-center\" data-align=\"center\"><strong>ENTIDAD FINANCIADORA:<\/strong><br>Comisi\u00f3n Europea. Convocatoria CERV-2022-EQUAL anti-racism and non-discrimination.\u00a0<\/td><\/tr><tr><td class=\"has-text-align-center\" data-align=\"center\"><strong>DURACI\u00d3N:<\/strong><br> 01\/01\/2020\u00a0\u00a0\u00a0\u00a0\u00a0\u00a0\u00a0\u00a0\u00a0\u00a0\u00a0\u00a0\u00a0\u00a0\u00a0\u00a0\u00a0\u00a0<br>01\/01\/2023<\/td><\/tr><tr><td class=\"has-text-align-center\" data-align=\"center\"><strong>IP<\/strong>: \u00c1ngel De-Juanas Oliva y D. Antonio L\u00f3pez Pel\u00e1ez<\/td><\/tr><tr><td class=\"has-text-align-center\" data-align=\"center\"><strong>GRUPO DE INVESTIGACI\u00d3N:<\/strong><br> Francisco Javier Garc\u00eda Castilla<\/td><\/tr><\/tbody><\/table><\/figure>\n<\/div>\n<\/div>\n\n\n\n<div style=\"height:30px\" aria-hidden=\"true\" class=\"wp-block-spacer\"><\/div>\n\n\n\n<div class=\"wp-block-columns is-layout-flex wp-container-core-columns-is-layout-28f84493 wp-block-columns-is-layout-flex\">\n<div class=\"wp-block-column is-layout-flow wp-block-column-is-layout-flow\">\n<figure class=\"wp-block-table has-small-font-size\"><table class=\"has-primary-color has-tertiary-background-color has-text-color has-background has-link-color has-fixed-layout\" style=\"border-width:3px\"><tbody><tr><td class=\"has-text-align-center\" data-align=\"center\"><strong>Intervenci\u00f3n pr\u00e1ctica para profesionales para la prevenci\u00f3n e intervenci\u00f3n ante la violencia contra la infancia.\u00a0<\/strong><\/td><\/tr><tr><td class=\"has-text-align-center\" data-align=\"center\"><strong>ENTIDAD FINANCIADORA:<\/strong><br>Ministerio de Igualdad, Secretar\u00eda de Estado de Igualdad y contra la Violencia de G\u00e9nero, Delegaci\u00f3n del Gobierno contra la Violencia de G\u00e9nero<em>.<\/em><\/td><\/tr><tr><td class=\"has-text-align-center\" data-align=\"center\"><strong>DURACI\u00d3N:<\/strong><br> Noviembre 2022<\/td><\/tr><tr><td class=\"has-text-align-center\" data-align=\"center\"><strong>IP<\/strong>: Encarna Bas Pe\u00f1a.<\/td><\/tr><tr><td class=\"has-text-align-center\" data-align=\"center\"><strong>GRUPO DE INVESTIGACI\u00d3N:<\/strong><br>\u00c1ngel De-Juanas Oliva<\/td><\/tr><\/tbody><\/table><\/figure>\n<\/div>\n\n\n\n<div class=\"wp-block-column is-layout-flow wp-block-column-is-layout-flow\">\n<figure class=\"wp-block-table has-small-font-size\"><table class=\"has-primary-color has-tertiary-background-color has-text-color has-background has-link-color has-fixed-layout\" style=\"border-width:3px\"><tbody><tr><td class=\"has-text-align-center\" data-align=\"center\"><strong>Melilla Ciudad Social. Desarrollo de un programa de Juventud COVID-19.\u00a0<\/strong><\/td><\/tr><tr><td class=\"has-text-align-center\" data-align=\"center\"><strong>ENTIDAD FINANCIADORA:<\/strong><br>Consejer\u00eda de Distritos, Juventud y Participaci\u00f3n Ciudadana de la Ciudad Aut\u00f3noma de Melilla.<\/td><\/tr><tr><td class=\"has-text-align-center\" data-align=\"center\"><strong>DURACI\u00d3N:<\/strong><br> 01\/01\/2022\u00a0\u00a0\u00a0\u00a0\u00a0\u00a0\u00a0\u00a0\u00a0\u00a0\u00a0\u00a0\u00a0\u00a0\u00a0\u00a0\u00a0\u00a0\u00a0<br>01\/01\/2023<\/td><\/tr><tr><td class=\"has-text-align-center\" data-align=\"center\"><strong>IP<\/strong>: D. \u00c1ngel De-Juanas Oliva, D. Francisco Javier Garc\u00eda-Castilla, Hassan D. Hossein Mohand y D. Hossein Hossein Mohand<\/td><\/tr><tr><td class=\"has-text-align-center\" data-align=\"center\"><strong>GRUPO DE INVESTIGACI\u00d3N:<\/strong><br> Rosa Goig Mart\u00ednez, Isabel Mart\u00ednez S\u00e1nchez, Jorge D\u00edaz Esterri, Fernando L\u00f3pez Noguero, Jos\u00e9 Alberto Gallardo L\u00f3pez, Mar\u00eda Jos\u00e9 D\u00edaz Santiago,  Diego Gal\u00e1n Casado, Jos\u00e9 Antonio P\u00e9rez Viejo, \u00c1ngel Luis Gonz\u00e1lez Olivares; F\u00e1tima Poza Vilches, Ver\u00f3nica Sevillano Monje, M\u00aaCarmen Ortega Navas, Mar\u00eda Garc\u00eda P\u00e9rez, Miguel Urra Canales<\/td><\/tr><\/tbody><\/table><\/figure>\n<\/div>\n<\/div>\n\n\n\n<div style=\"height:30px\" aria-hidden=\"true\" class=\"wp-block-spacer\"><\/div>\n\n\n\n<div class=\"wp-block-columns is-layout-flex wp-container-core-columns-is-layout-28f84493 wp-block-columns-is-layout-flex\">\n<div class=\"wp-block-column is-layout-flow wp-block-column-is-layout-flow\">\n<figure class=\"wp-block-table is-style-regular has-small-font-size\"><table class=\"has-primary-color has-tertiary-background-color has-text-color has-background\" style=\"border-width:3px\"><thead><tr><th class=\"has-text-align-center\" data-align=\"center\"><strong>Strategic Partnerships for higher education Innovation in humanitarian Response: InovHumRe 2020-1-PT01-KA203-078796<\/strong><\/th><\/tr><\/thead><tbody><tr><td class=\"has-text-align-center\" data-align=\"center\"><strong>ENTIDAD FINANCIADORA:<\/strong><br>Erasmus+ Project KA2-Cooperation for innovation and the Exchange of Good Practices.<\/td><\/tr><tr><td class=\"has-text-align-center\" data-align=\"center\"><strong>DURACI\u00d3N:<\/strong><br>                    01\/01\/2020&nbsp;&nbsp;&nbsp;&nbsp;&nbsp;&nbsp;&nbsp;&nbsp;&nbsp;&nbsp;&nbsp;&nbsp;&nbsp;&nbsp;&nbsp;&nbsp;&nbsp;&nbsp;&nbsp;<br>01\/01\/2023<\/td><\/tr><tr><td class=\"has-text-align-center\" data-align=\"center\"><strong>IP<\/strong>: Antonio L\u00f3pez Pel\u00e1ez.<\/td><\/tr><tr><td class=\"has-text-align-center\" data-align=\"center\"><strong>GRUPO DE INVESTIGACI\u00d3N:<\/strong><br>Francisco Javier Garc\u00eda Castilla, \u00c1ngel De-Juanas Oliva, Diego Gal\u00e1n Casado y Jorge D\u00edaz-Esterri<\/td><\/tr><\/tbody><\/table><\/figure>\n<\/div>\n\n\n\n<div class=\"wp-block-column is-layout-flow wp-block-column-is-layout-flow\">\n<figure class=\"wp-block-table has-small-font-size\"><table class=\"has-primary-color has-tertiary-background-color has-text-color has-background\" style=\"border-width:3px\"><tbody><tr><td class=\"has-text-align-center\" data-align=\"center\"><strong>Evaluaci\u00f3n de la transici\u00f3n a la vida adulta de los j\u00f3venes egresados del sistema de protecci\u00f3n.<\/strong><\/td><\/tr><tr><td class=\"has-text-align-center\" data-align=\"center\"><strong>ENTIDAD FINANCIADORA:<\/strong><br>Programa Nacional de Proyectos de Investigaci\u00f3n Fundamental. Ministerio de Econom\u00eda y Competitividad. Entidades Participantes: FSM, ISOS, Opci\u00f3n 3.<\/td><\/tr><tr><td class=\"has-text-align-center\" data-align=\"center\"><strong>DURACI\u00d3N:<\/strong><br>                    01\/01\/2019&nbsp;&nbsp;&nbsp;&nbsp;&nbsp;&nbsp;&nbsp;&nbsp;&nbsp;&nbsp;&nbsp;&nbsp;&nbsp;&nbsp;&nbsp;&nbsp;&nbsp;&nbsp;&nbsp;<br>01\/01\/2021<\/td><\/tr><tr><td class=\"has-text-align-center\" data-align=\"center\"><strong>IP<\/strong>:\u00c1ngel De-Juanas y Miguel Melendro.<\/td><\/tr><tr><td class=\"has-text-align-center\" data-align=\"center\"><strong>GRUPO DE INVESTIGACI\u00d3N:<\/strong><br>Francisco Javier Garc\u00eda Castilla, M\u00aa Rosa Goig Mart\u00ednez, Isabel Mart\u00ednez S\u00e1nchez, Jorge D\u00edaz Esterri, Fernando L\u00f3pez Noguero, Jos\u00e9 Alberto Gallardo L\u00f3pez, Mar\u00eda Jos\u00e9 D\u00edaz Santiago.<\/td><\/tr><\/tbody><\/table><\/figure>\n<\/div>\n<\/div>\n\n\n\n<div style=\"height:30px\" aria-hidden=\"true\" class=\"wp-block-spacer\"><\/div>\n\n\n\n<div class=\"wp-block-columns is-layout-flex wp-container-core-columns-is-layout-28f84493 wp-block-columns-is-layout-flex\">\n<div class=\"wp-block-column is-layout-flow wp-block-column-is-layout-flow\">\n<figure class=\"wp-block-table has-small-font-size\"><table class=\"has-primary-color has-tertiary-background-color has-text-color has-background\" style=\"border-width:3px\"><tbody><tr><td class=\"has-text-align-center\" data-align=\"center\"><strong>De los tiempos educativos a los tiempos sociales. Ocio, formaci\u00f3n y empleo en j\u00f3venes en dificultad social.<\/strong><\/td><\/tr><tr><td class=\"has-text-align-center\" data-align=\"center\"><strong>ENTIDAD FINANCIADORA:<\/strong><br>Programa Nacional de Proyectos de Investigaci\u00f3n Fundamental. Ministerio de Econom\u00eda y Competitividad. RIA, Nepres Nature XXI, Vaiv\u00e9n, Fundaci\u00f3n Telef\u00f3nica, FARO, ISOS, Opci\u00f3n 3, Instituto de Adicciones de Madrid<\/td><\/tr><tr><td class=\"has-text-align-center\" data-align=\"center\"><strong>DURACI\u00d3N:<\/strong><br>                    01\/01\/2012&nbsp;&nbsp;&nbsp;&nbsp;&nbsp;&nbsp;&nbsp;&nbsp;&nbsp;&nbsp;&nbsp;&nbsp;&nbsp;&nbsp;&nbsp;&nbsp;&nbsp;&nbsp;&nbsp;<br>01\/01\/2015<\/td><\/tr><tr><td class=\"has-text-align-center\" data-align=\"center\"><strong>IP<\/strong>:Mar\u00eda Gloria P\u00e9rez Serrano.<\/td><\/tr><tr><td class=\"has-text-align-center\" data-align=\"center\"><strong>GRUPO DE INVESTIGACI\u00d3N:<\/strong><br>Francisco Javier Garc\u00eda Castilla, \u00c1ngel De-Juanas Oliva, M\u00aa Rosa Goig Mart\u00ednez, Fernando L\u00f3pez Noguero, Jos\u00e9 Luis Garc\u00eda Llamas, Jos\u00e9 Quintanal D\u00edaz.<\/td><\/tr><\/tbody><\/table><\/figure>\n<\/div>\n\n\n\n<div class=\"wp-block-column is-layout-flow wp-block-column-is-layout-flow\">\n<figure class=\"wp-block-table has-small-font-size\"><table class=\"has-primary-color has-tertiary-background-color has-text-color has-background\" style=\"border-width:3px\"><tbody><tr><td class=\"has-text-align-center\" data-align=\"center\"><strong>Creaci\u00f3n de una red online de investigaci\u00f3n en Ciencias del Deporte.<\/strong><\/td><\/tr><tr><td class=\"has-text-align-center\" data-align=\"center\"><strong>ENTIDAD FINANCIADORA:<\/strong><br>Ministerio de Ciencia e Innovaci\u00f3n. Acci\u00f3n complementaria del Plan Nacional.<\/td><\/tr><tr><td class=\"has-text-align-center\" data-align=\"center\"><strong>DURACI\u00d3N:<\/strong><br>                    01\/01\/2011&nbsp;&nbsp;&nbsp;&nbsp;&nbsp;&nbsp;&nbsp;&nbsp;&nbsp;&nbsp;&nbsp;&nbsp;&nbsp;&nbsp;&nbsp;&nbsp;&nbsp;&nbsp;&nbsp;<br>01\/01\/2013<\/td><\/tr><tr><td class=\"has-text-align-center\" data-align=\"center\"><strong>IP<\/strong>:Javier Sampedro Molinuevo<\/td><\/tr><tr><td class=\"has-text-align-center\" data-align=\"center\"><strong>GRUPO DE INVESTIGACI\u00d3N:<\/strong><br> \u00c1ngel De-Juanas Oliva<\/td><\/tr><\/tbody><\/table><\/figure>\n<\/div>\n<\/div>\n\n\n\n<div style=\"height:30px\" aria-hidden=\"true\" class=\"wp-block-spacer\"><\/div>\n\n\n\n<div class=\"wp-block-columns is-layout-flex wp-container-core-columns-is-layout-28f84493 wp-block-columns-is-layout-flex\">\n<div class=\"wp-block-column is-layout-flow wp-block-column-is-layout-flow\">\n<figure class=\"wp-block-table has-small-font-size\"><table class=\"has-primary-color has-tertiary-background-color has-text-color has-background\" style=\"border-width:3px\"><tbody><tr><td class=\"has-text-align-center\" data-align=\"center\"><strong>Intervenci\u00f3n educativa en contextos sociales.<\/strong><\/td><\/tr><tr><td class=\"has-text-align-center\" data-align=\"center\"><strong>ENTIDAD FINANCIADORA:<\/strong><br>Ministerio de Asuntos Exteriores y Cooperaci\u00f3n.<\/td><\/tr><tr><td class=\"has-text-align-center\" data-align=\"center\"><strong>DURACI\u00d3N:<\/strong><br>                    01\/01\/2011&nbsp;&nbsp;&nbsp;&nbsp;&nbsp;&nbsp;&nbsp;&nbsp;&nbsp;&nbsp;&nbsp;&nbsp;&nbsp;&nbsp;&nbsp;&nbsp;&nbsp;&nbsp;&nbsp;<br>01\/01\/2012<\/td><\/tr><tr><td class=\"has-text-align-center\" data-align=\"center\"><strong>IP<\/strong>:Mar\u00eda Gloria P\u00e9rez Serrano.<\/td><\/tr><tr><td class=\"has-text-align-center\" data-align=\"center\"><strong>GRUPO DE INVESTIGACI\u00d3N:<\/strong><br> \u00c1ngel De-Juanas Oliva, M\u00aa Rosa Goig Mart\u00ednez, Jos\u00e9 Luis Garc\u00eda Llamas.<\/td><\/tr><\/tbody><\/table><\/figure>\n<\/div>\n\n\n\n<div class=\"wp-block-column is-layout-flow wp-block-column-is-layout-flow\"><\/div>\n<\/div>\n\n\n\n<div style=\"height:30px\" aria-hidden=\"true\" class=\"wp-block-spacer\"><\/div>\n\n\n\n<div class=\"wp-block-buttons is-layout-flex wp-block-buttons-is-layout-flex\">\n<div class=\"wp-block-button\"><a class=\"wp-block-button__link has-vivid-green-cyan-background-color has-background wp-element-button\" href=\"https:\/\/blogs.uned.es\/intervencionsocioeducativa\/\">Volver a inicio<\/a><\/div>\n<\/div>\n","protected":false},"excerpt":{"rendered":"<p>Con relaci\u00f3n a las l\u00edneas de investigaci\u00f3n desarrolladas, se han llevado a cabo diversos proyectos de investigaci\u00f3n. Del mismo modo, el grupo cuenta con diversos contratos de investigaci\u00f3n PARTICIPACI\u00d3N EN PROYECTOS DE INVESTIGACI\u00d3N Gesti\u00f3n Autorregulada del Tiempo en la juventud: Ocio, bienestar y apoyos sociales ENTIDAD FINANCIADORA:Ministerio de Ciencia e Innovaci\u00f3n. Convocatoria Generaci\u00f3n del Conocimiento [&hellip;]<\/p>\n","protected":false},"author":7637,"featured_media":0,"parent":0,"menu_order":0,"comment_status":"closed","ping_status":"closed","template":"","meta":{"footnotes":""},"class_list":["post-11729","page","type-page","status-publish","hentry"],"_links":{"self":[{"href":"https:\/\/blogs.uned.es\/intervencionsocioeducativa\/wp-json\/wp\/v2\/pages\/11729","targetHints":{"allow":["GET"]}}],"collection":[{"href":"https:\/\/blogs.uned.es\/intervencionsocioeducativa\/wp-json\/wp\/v2\/pages"}],"about":[{"href":"https:\/\/blogs.uned.es\/intervencionsocioeducativa\/wp-json\/wp\/v2\/types\/page"}],"author":[{"embeddable":true,"href":"https:\/\/blogs.uned.es\/intervencionsocioeducativa\/wp-json\/wp\/v2\/users\/7637"}],"replies":[{"embeddable":true,"href":"https:\/\/blogs.uned.es\/intervencionsocioeducativa\/wp-json\/wp\/v2\/comments?post=11729"}],"version-history":[{"count":11,"href":"https:\/\/blogs.uned.es\/intervencionsocioeducativa\/wp-json\/wp\/v2\/pages\/11729\/revisions"}],"predecessor-version":[{"id":13397,"href":"https:\/\/blogs.uned.es\/intervencionsocioeducativa\/wp-json\/wp\/v2\/pages\/11729\/revisions\/13397"}],"wp:attachment":[{"href":"https:\/\/blogs.uned.es\/intervencionsocioeducativa\/wp-json\/wp\/v2\/media?parent=11729"}],"curies":[{"name":"wp","href":"https:\/\/api.w.org\/{rel}","templated":true}]}}