{"id":11559,"date":"2022-09-19T09:56:30","date_gmt":"2022-09-19T09:56:30","guid":{"rendered":"https:\/\/blogs.uned.es\/plantillapruebas\/?page_id=11559"},"modified":"2023-03-30T07:52:55","modified_gmt":"2023-03-30T07:52:55","slug":"lineasinvestigacion","status":"publish","type":"page","link":"https:\/\/blogs.uned.es\/intervencionsocioeducativa\/lineasinvestigacion\/","title":{"rendered":"Lineas de investigaci\u00f3n"},"content":{"rendered":"\n<div class=\"wp-block-cover alignfull is-light\" style=\"min-height:252px;aspect-ratio:unset;\"><span aria-hidden=\"true\" class=\"wp-block-cover__background has-background-dim-20 has-background-dim\"><\/span><img loading=\"lazy\" decoding=\"async\" width=\"2560\" height=\"1707\" class=\"wp-block-cover__image-background wp-image-11765\" alt=\"\" src=\"https:\/\/blogs.uned.es\/intervencionsocioeducativa\/wp-content\/uploads\/sites\/395\/2023\/03\/pexels-mohammad-danish-891059-scaled.jpg\" data-object-fit=\"cover\" srcset=\"https:\/\/blogs.uned.es\/intervencionsocioeducativa\/wp-content\/uploads\/sites\/395\/2023\/03\/pexels-mohammad-danish-891059-scaled.jpg 2560w, https:\/\/blogs.uned.es\/intervencionsocioeducativa\/wp-content\/uploads\/sites\/395\/2023\/03\/pexels-mohammad-danish-891059-300x200.jpg 300w, https:\/\/blogs.uned.es\/intervencionsocioeducativa\/wp-content\/uploads\/sites\/395\/2023\/03\/pexels-mohammad-danish-891059-1024x683.jpg 1024w, https:\/\/blogs.uned.es\/intervencionsocioeducativa\/wp-content\/uploads\/sites\/395\/2023\/03\/pexels-mohammad-danish-891059-768x512.jpg 768w, https:\/\/blogs.uned.es\/intervencionsocioeducativa\/wp-content\/uploads\/sites\/395\/2023\/03\/pexels-mohammad-danish-891059-1536x1024.jpg 1536w, https:\/\/blogs.uned.es\/intervencionsocioeducativa\/wp-content\/uploads\/sites\/395\/2023\/03\/pexels-mohammad-danish-891059-2048x1365.jpg 2048w\" sizes=\"auto, (max-width: 2560px) 100vw, 2560px\" \/><div class=\"wp-block-cover__inner-container is-layout-flow wp-block-cover-is-layout-flow\">\n<div class=\"wp-block-columns is-layout-flex wp-container-core-columns-is-layout-28f84493 wp-block-columns-is-layout-flex\">\n<div class=\"wp-block-column is-layout-flow wp-block-column-is-layout-flow\">\n<p class=\"has-text-align-right has-background-color has-text-color\" style=\"font-size:45px\">                     L\u00edneas de investigaci\u00f3n<\/p>\n<\/div>\n<\/div>\n<\/div><\/div>\n\n\n\n<div style=\"height:20px\" aria-hidden=\"true\" class=\"wp-block-spacer\"><\/div>\n\n\n\n<p class=\"has-text-align-left\">El historial del grupo de investigaci\u00f3n se vertebra en una serie de l\u00edneas prioritarias de investigaci\u00f3n y transferencia que se describen sint\u00e9ticamente a continuaci\u00f3n:<\/p>\n\n\n\n<div class=\"wp-block-columns is-layout-flex wp-container-core-columns-is-layout-28f84493 wp-block-columns-is-layout-flex\">\n<div class=\"wp-block-column is-layout-flow wp-block-column-is-layout-flow\">\n<div class=\"wp-block-group is-layout-constrained wp-block-group-is-layout-constrained\">\n<p class=\"has-text-align-center has-small-font-size\"><strong>EDUCACI\u00d3N DE ADULTOS Y PERSONAS MAYORES<\/strong><\/p>\n\n\n\n<figure class=\"wp-block-image size-full\"><img loading=\"lazy\" decoding=\"async\" width=\"300\" height=\"168\" src=\"https:\/\/blogs.uned.es\/intervencionsocioeducativa\/wp-content\/uploads\/sites\/395\/2023\/03\/descarga-2.jpg\" alt=\"\" class=\"wp-image-12777\" \/><\/figure>\n\n\n\n<p class=\"has-text-align-center\" style=\"font-size:0.8rem\">La&nbsp;educaci\u00f3n&nbsp;de&nbsp;adultos&nbsp;se inscribe en el contexto de la&nbsp;educaci\u00f3n&nbsp;permanente. Es decir, una nueva concepci\u00f3n de la&nbsp;educaci\u00f3n&nbsp;que entiende que las personas est\u00e1n preparadas&nbsp;para&nbsp;aprender durante toda su vida y que la&nbsp;educaci\u00f3n&nbsp;debe ser&nbsp;para&nbsp;todos, sin exclusiones de ning\u00fan tipo, ni por sexo, raza ni condici\u00f3n social<\/p>\n<\/div>\n<\/div>\n\n\n\n<div class=\"wp-block-column is-layout-flow wp-block-column-is-layout-flow\">\n<div class=\"wp-block-group is-layout-constrained wp-block-group-is-layout-constrained\">\n<p class=\"has-text-align-center has-small-font-size\"><strong>ANIMACI\u00d3N SOCIOCULTURAL<\/strong><\/p>\n\n\n\n<figure class=\"wp-block-image size-full\"><img loading=\"lazy\" decoding=\"async\" width=\"300\" height=\"168\" src=\"https:\/\/blogs.uned.es\/intervencionsocioeducativa\/wp-content\/uploads\/sites\/395\/2023\/03\/descarga-1-2.jpg\" alt=\"\" class=\"wp-image-12781\" \/><\/figure>\n\n\n\n<p class=\"has-text-align-center\" style=\"font-size:0.8rem\">La&nbsp;animaci\u00f3n sociocultural&nbsp;es el conjunto de pr\u00e1cticas sociales&nbsp;que&nbsp;tienen como finalidad estimular la iniciativa y participar de las comunidades en el proceso de su propio desarrollo y en la din\u00e1mica global de la vida sociopol\u00edtica en&nbsp;que&nbsp;est\u00e1n integradas<\/p>\n<\/div>\n<\/div>\n\n\n\n<div class=\"wp-block-column is-vertically-aligned-center is-layout-flow wp-block-column-is-layout-flow\">\n<div class=\"wp-block-group is-layout-constrained wp-block-group-is-layout-constrained\">\n<p class=\"has-text-align-center has-small-font-size\"><strong>OCIO Y TIEMPO LIBRE<\/strong><\/p>\n\n\n\n<figure class=\"wp-block-image size-full\"><img loading=\"lazy\" decoding=\"async\" width=\"870\" height=\"522\" src=\"https:\/\/blogs.uned.es\/intervencionsocioeducativa\/wp-content\/uploads\/sites\/395\/2023\/03\/dina\u0301micas-de-grupo-e1620825136915.jpg\" alt=\"\" class=\"wp-image-12783\" srcset=\"https:\/\/blogs.uned.es\/intervencionsocioeducativa\/wp-content\/uploads\/sites\/395\/2023\/03\/dina\u0301micas-de-grupo-e1620825136915.jpg 870w, https:\/\/blogs.uned.es\/intervencionsocioeducativa\/wp-content\/uploads\/sites\/395\/2023\/03\/dina\u0301micas-de-grupo-e1620825136915-300x180.jpg 300w, https:\/\/blogs.uned.es\/intervencionsocioeducativa\/wp-content\/uploads\/sites\/395\/2023\/03\/dina\u0301micas-de-grupo-e1620825136915-768x461.jpg 768w\" sizes=\"auto, (max-width: 870px) 100vw, 870px\" \/><\/figure>\n\n\n\n<p class=\"has-text-align-center\" style=\"font-size:0.8rem\">An\u00e1lisis e investigaci\u00f3n sobre la gesti\u00f3n de un ocio positivo y valioso, siendo aquel que tiene la capacidad de&nbsp;facilitar el desarrollo individual y colectivo, reportando beneficios a nivel f\u00edsico, emocional, cognitivo y social. El desarrollo de estos aspectos, son imprescindibles para el ajuste psicol\u00f3gico y la formaci\u00f3n de la identidad en la etapa juvenil<\/p>\n<\/div>\n<\/div>\n<\/div>\n\n\n\n<div style=\"height:30px\" aria-hidden=\"true\" class=\"wp-block-spacer\"><\/div>\n\n\n\n<div class=\"wp-block-columns is-layout-flex wp-container-core-columns-is-layout-28f84493 wp-block-columns-is-layout-flex\">\n<div class=\"wp-block-column is-layout-flow wp-block-column-is-layout-flow\">\n<div class=\"wp-block-group is-layout-constrained wp-block-group-is-layout-constrained\">\n<p class=\"has-text-align-center has-small-font-size\"><strong>INTERVENCI\u00d3N SOCIOEUCATIVA CON MENORES Y J\u00d3VENES EN EXCLUSI\u00d3N SOCIAL<\/strong><\/p>\n\n\n\n<figure class=\"wp-block-image size-full\"><img loading=\"lazy\" decoding=\"async\" width=\"259\" height=\"195\" src=\"https:\/\/blogs.uned.es\/intervencionsocioeducativa\/wp-content\/uploads\/sites\/395\/2023\/03\/descarga-2-1.jpg\" alt=\"\" class=\"wp-image-12785\" \/><\/figure>\n\n\n\n<p class=\"has-text-align-center\" style=\"font-size:0.8rem\">Esta l\u00ednea de investigaci\u00f3n hace referencia a la mejora de la intervenci\u00f3n socioeducativa dirigida a la poblaci\u00f3n juvenil en dificultad social, especialmente la que ha transitado por los sistemas de protecci\u00f3n y atenci\u00f3n a la infancia y a la adolescencia, y su contraste con otros grupos sociales juveniles.<\/p>\n<\/div>\n<\/div>\n\n\n\n<div class=\"wp-block-column is-vertically-aligned-center is-layout-flow wp-block-column-is-layout-flow\">\n<div class=\"wp-block-group is-layout-constrained wp-block-group-is-layout-constrained\">\n<p class=\"has-text-align-center has-small-font-size\"><strong>ESTUDIOS DE GENERO<\/strong><\/p>\n\n\n\n<figure class=\"wp-block-image size-large\"><img loading=\"lazy\" decoding=\"async\" width=\"1024\" height=\"576\" src=\"https:\/\/blogs.uned.es\/intervencionsocioeducativa\/wp-content\/uploads\/sites\/395\/2023\/03\/dia-internacional-de-la-mujer-por-la-igualdad-de-genero-1-1280x720x80xX-1-1024x576.jpg\" alt=\"\" class=\"wp-image-12795\" srcset=\"https:\/\/blogs.uned.es\/intervencionsocioeducativa\/wp-content\/uploads\/sites\/395\/2023\/03\/dia-internacional-de-la-mujer-por-la-igualdad-de-genero-1-1280x720x80xX-1-1024x576.jpg 1024w, https:\/\/blogs.uned.es\/intervencionsocioeducativa\/wp-content\/uploads\/sites\/395\/2023\/03\/dia-internacional-de-la-mujer-por-la-igualdad-de-genero-1-1280x720x80xX-1-300x169.jpg 300w, https:\/\/blogs.uned.es\/intervencionsocioeducativa\/wp-content\/uploads\/sites\/395\/2023\/03\/dia-internacional-de-la-mujer-por-la-igualdad-de-genero-1-1280x720x80xX-1-768x432.jpg 768w, https:\/\/blogs.uned.es\/intervencionsocioeducativa\/wp-content\/uploads\/sites\/395\/2023\/03\/dia-internacional-de-la-mujer-por-la-igualdad-de-genero-1-1280x720x80xX-1.jpg 1280w\" sizes=\"auto, (max-width: 1024px) 100vw, 1024px\" \/><\/figure>\n\n\n\n<p class=\"has-text-align-center\" style=\"font-size:0.8rem\">En los \u00faltimos a\u00f1os se ha producido un importante avance en las ciencias sociales, al incorporarse los denominados estudios de la mujer como un nuevo paradigma. El g\u00e9nero, como categor\u00eda social, es una de las contribuciones te\u00f3ricas m\u00e1s significativas del feminismo contempor\u00e1neo. <\/p>\n<\/div>\n<\/div>\n\n\n\n<div class=\"wp-block-column is-layout-flow wp-block-column-is-layout-flow\">\n<div class=\"wp-block-group is-layout-constrained wp-block-group-is-layout-constrained\">\n<p class=\"has-text-align-center has-small-font-size\"><strong>PEDAGOG\u00cdA SOCIAL Y EDUCACI\u00d3N SOCIAL<\/strong><\/p>\n\n\n\n<figure class=\"wp-block-image size-large\"><img loading=\"lazy\" decoding=\"async\" width=\"1024\" height=\"400\" src=\"https:\/\/blogs.uned.es\/intervencionsocioeducativa\/wp-content\/uploads\/sites\/395\/2023\/03\/justicia-1024x400.png\" alt=\"\" class=\"wp-image-12797\" srcset=\"https:\/\/blogs.uned.es\/intervencionsocioeducativa\/wp-content\/uploads\/sites\/395\/2023\/03\/justicia-1024x400.png 1024w, https:\/\/blogs.uned.es\/intervencionsocioeducativa\/wp-content\/uploads\/sites\/395\/2023\/03\/justicia-300x117.png 300w, https:\/\/blogs.uned.es\/intervencionsocioeducativa\/wp-content\/uploads\/sites\/395\/2023\/03\/justicia-768x300.png 768w, https:\/\/blogs.uned.es\/intervencionsocioeducativa\/wp-content\/uploads\/sites\/395\/2023\/03\/justicia-1536x600.png 1536w, https:\/\/blogs.uned.es\/intervencionsocioeducativa\/wp-content\/uploads\/sites\/395\/2023\/03\/justicia.png 1920w\" sizes=\"auto, (max-width: 1024px) 100vw, 1024px\" \/><\/figure>\n\n\n\n<p class=\"has-text-align-center\" style=\"font-size:0.8rem\">Investigaci\u00f3n y transferencia a de la Pedagog\u00eda Social como ciencia social y educativa de car\u00e1cter interdisciplinar vinculada a la concienciaci\u00f3n cr\u00edtica, mejora de la calidad de vida de la ciudadan\u00eda y convivencia ecosocial, teniendo como base los Derechos Humanos y ambientales para la promoci\u00f3n sociocomunitaria.<\/p>\n<\/div>\n<\/div>\n<\/div>\n\n\n\n<div style=\"height:30px\" aria-hidden=\"true\" class=\"wp-block-spacer\"><\/div>\n\n\n\n<div class=\"wp-block-columns is-layout-flex wp-container-core-columns-is-layout-28f84493 wp-block-columns-is-layout-flex\">\n<div class=\"wp-block-column is-layout-flow wp-block-column-is-layout-flow\">\n<div class=\"wp-block-group is-layout-constrained wp-block-group-is-layout-constrained\">\n<p class=\"has-text-align-center has-small-font-size\"><strong>INTERVENCI\u00d3N SOCIOCOMUNITARIA<\/strong><\/p>\n\n\n\n<figure class=\"wp-block-image size-full\"><img loading=\"lazy\" decoding=\"async\" width=\"275\" height=\"184\" src=\"https:\/\/blogs.uned.es\/intervencionsocioeducativa\/wp-content\/uploads\/sites\/395\/2023\/03\/images-1.jpg\" alt=\"\" class=\"wp-image-12803\" \/><\/figure>\n\n\n\n<p class=\"has-text-align-center\" style=\"font-size:0.8rem\">Esta l\u00ednea de investigaci\u00f3n tiene como objetivo explorar y mejorar la intervenci\u00f3n sociocomunitaria, consider\u00e1ndose esta como toda&nbsp;acci\u00f3n de la comunidad que muestra su preocupaci\u00f3n social por mejorar la calidad de vida, garantizar el mayor bienestar posible y la mayor estabilidad de un colectivo, poblaci\u00f3n o comunidad<\/p>\n<\/div>\n<\/div>\n\n\n\n<div class=\"wp-block-column is-vertically-aligned-center is-layout-flow wp-block-column-is-layout-flow\">\n<div class=\"wp-block-group is-layout-constrained wp-block-group-is-layout-constrained\">\n<p class=\"has-text-align-center has-small-font-size\"><strong>MEDIO PENITENCIARIO<\/strong><\/p>\n\n\n\n<figure class=\"wp-block-image size-full\"><img loading=\"lazy\" decoding=\"async\" width=\"240\" height=\"170\" src=\"https:\/\/blogs.uned.es\/intervencionsocioeducativa\/wp-content\/uploads\/sites\/395\/2023\/03\/carcel-celdas.jpg\" alt=\"\" class=\"wp-image-12805\" \/><\/figure>\n\n\n\n<p class=\"has-text-align-center\" style=\"font-size:0.8rem\">An\u00e1lisis interdisciplinares desde las ciencias sociojur\u00eddicas y socioeducativas de las instituciones y \u00e1mbitos penitenciarios, as\u00ed como del tratamiento, programas para la reinserci\u00f3n, preparaci\u00f3n a la vida en libertad y reincorporaci\u00f3n comunitaria desde una perspectiva cr\u00edtica y sist\u00e9mica de la delincuencia y las problem\u00e1ticas sociales<\/p>\n<\/div>\n<\/div>\n\n\n\n<div class=\"wp-block-column is-vertically-aligned-center is-layout-flow wp-block-column-is-layout-flow\">\n<div class=\"wp-block-group is-layout-constrained wp-block-group-is-layout-constrained\">\n<p class=\"has-text-align-center has-small-font-size\"><strong>VALORES EN EL DEPORTE<\/strong><\/p>\n\n\n\n<figure class=\"wp-block-image size-full\"><img loading=\"lazy\" decoding=\"async\" width=\"296\" height=\"170\" src=\"https:\/\/blogs.uned.es\/intervencionsocioeducativa\/wp-content\/uploads\/sites\/395\/2023\/03\/descarga-3.jpg\" alt=\"\" class=\"wp-image-12807\" \/><\/figure>\n\n\n\n<p class=\"has-text-align-center\" style=\"font-size:0.8rem\">El deporte, tanto a nivel colectivo como individual,&nbsp;es una fuente vital de aprendizaje de valores y h\u00e1bitos positivos para el individuo. El deporte permite potenciar los ideales de compa\u00f1erismo, disciplina, perseverancia, generosidad, igualdad y, por encima de todos estos, el valor del respeto mutuo.<\/p>\n<\/div>\n<\/div>\n<\/div>\n\n\n\n<div style=\"height:30px\" aria-hidden=\"true\" class=\"wp-block-spacer\"><\/div>\n\n\n\n<div class=\"wp-block-buttons is-layout-flex wp-block-buttons-is-layout-flex\">\n<div class=\"wp-block-button\"><a class=\"wp-block-button__link has-vivid-green-cyan-background-color has-background wp-element-button\" href=\"https:\/\/blogs.uned.es\/intervencionsocioeducativa\/\">Volver a inicio<\/a><\/div>\n<\/div>\n","protected":false},"excerpt":{"rendered":"<p>El historial del grupo de investigaci\u00f3n se vertebra en una serie de l\u00edneas prioritarias de investigaci\u00f3n y transferencia que se describen sint\u00e9ticamente a continuaci\u00f3n: EDUCACI\u00d3N DE ADULTOS Y PERSONAS MAYORES La&nbsp;educaci\u00f3n&nbsp;de&nbsp;adultos&nbsp;se inscribe en el contexto de la&nbsp;educaci\u00f3n&nbsp;permanente. Es decir, una nueva concepci\u00f3n de la&nbsp;educaci\u00f3n&nbsp;que entiende que las personas est\u00e1n preparadas&nbsp;para&nbsp;aprender durante toda su vida y [&hellip;]<\/p>\n","protected":false},"author":1,"featured_media":0,"parent":0,"menu_order":0,"comment_status":"closed","ping_status":"closed","template":"","meta":{"footnotes":""},"class_list":["post-11559","page","type-page","status-publish","hentry"],"_links":{"self":[{"href":"https:\/\/blogs.uned.es\/intervencionsocioeducativa\/wp-json\/wp\/v2\/pages\/11559","targetHints":{"allow":["GET"]}}],"collection":[{"href":"https:\/\/blogs.uned.es\/intervencionsocioeducativa\/wp-json\/wp\/v2\/pages"}],"about":[{"href":"https:\/\/blogs.uned.es\/intervencionsocioeducativa\/wp-json\/wp\/v2\/types\/page"}],"author":[{"embeddable":true,"href":"https:\/\/blogs.uned.es\/intervencionsocioeducativa\/wp-json\/wp\/v2\/users\/1"}],"replies":[{"embeddable":true,"href":"https:\/\/blogs.uned.es\/intervencionsocioeducativa\/wp-json\/wp\/v2\/comments?post=11559"}],"version-history":[{"count":20,"href":"https:\/\/blogs.uned.es\/intervencionsocioeducativa\/wp-json\/wp\/v2\/pages\/11559\/revisions"}],"predecessor-version":[{"id":12867,"href":"https:\/\/blogs.uned.es\/intervencionsocioeducativa\/wp-json\/wp\/v2\/pages\/11559\/revisions\/12867"}],"wp:attachment":[{"href":"https:\/\/blogs.uned.es\/intervencionsocioeducativa\/wp-json\/wp\/v2\/media?parent=11559"}],"curies":[{"name":"wp","href":"https:\/\/api.w.org\/{rel}","templated":true}]}}