{"id":11553,"date":"2022-09-19T09:56:06","date_gmt":"2022-09-19T09:56:06","guid":{"rendered":"https:\/\/blogs.uned.es\/plantillapruebas\/?page_id=11553"},"modified":"2023-03-29T16:26:19","modified_gmt":"2023-03-29T16:26:19","slug":"presentacion","status":"publish","type":"page","link":"https:\/\/blogs.uned.es\/intervencionsocioeducativa\/presentacion\/","title":{"rendered":"Presentaci\u00f3n"},"content":{"rendered":"\n<div class=\"wp-block-cover alignfull is-light\" style=\"min-height:252px;aspect-ratio:unset;\"><span aria-hidden=\"true\" class=\"wp-block-cover__background has-background-dim-40 has-background-dim\" style=\"background-color:#000000\"><\/span><img loading=\"lazy\" decoding=\"async\" width=\"2300\" height=\"702\" class=\"wp-block-cover__image-background wp-image-95\" alt=\"\" src=\"http:\/\/blogs.uned.es\/intervencionsocioeducativa\/wp-content\/uploads\/sites\/395\/2019\/10\/clase.jpg\" data-object-fit=\"cover\" srcset=\"https:\/\/blogs.uned.es\/intervencionsocioeducativa\/wp-content\/uploads\/sites\/395\/2019\/10\/clase.jpg 2300w, https:\/\/blogs.uned.es\/intervencionsocioeducativa\/wp-content\/uploads\/sites\/395\/2019\/10\/clase-300x92.jpg 300w, https:\/\/blogs.uned.es\/intervencionsocioeducativa\/wp-content\/uploads\/sites\/395\/2019\/10\/clase-1024x313.jpg 1024w, https:\/\/blogs.uned.es\/intervencionsocioeducativa\/wp-content\/uploads\/sites\/395\/2019\/10\/clase-768x234.jpg 768w, https:\/\/blogs.uned.es\/intervencionsocioeducativa\/wp-content\/uploads\/sites\/395\/2019\/10\/clase-1536x469.jpg 1536w, https:\/\/blogs.uned.es\/intervencionsocioeducativa\/wp-content\/uploads\/sites\/395\/2019\/10\/clase-2048x625.jpg 2048w\" sizes=\"auto, (max-width: 2300px) 100vw, 2300px\" \/><div class=\"wp-block-cover__inner-container is-layout-flow wp-block-cover-is-layout-flow\">\n<div class=\"wp-block-columns alignwide is-layout-flex wp-container-core-columns-is-layout-28f84493 wp-block-columns-is-layout-flex\">\n<div class=\"wp-block-column is-layout-flow wp-block-column-is-layout-flow\">\n<p class=\"has-text-align-right has-background-color has-text-color\" style=\"font-size:50px\">                           Presentaci\u00f3n<\/p>\n<\/div>\n<\/div>\n<\/div><\/div>\n\n\n\n<hr class=\"wp-block-separator has-alpha-channel-opacity\" \/>\n\n\n\n<div style=\"height:38px\" aria-hidden=\"true\" class=\"wp-block-spacer\"><\/div>\n\n\n\n<p class=\"has-text-align-center has-large-font-size\"><strong>PRESENTACI\u00d3N DEL GRUPO DE INVESTIGACI\u00d3N<\/strong><\/p>\n\n\n\n<div class=\"wp-block-group is-layout-flow wp-block-group-is-layout-flow\" style=\"padding-right:0px\">\n<p class=\"has-foreground-color has-text-color\">El Grupo de Investigaci\u00f3n (GI17), de Intervenci\u00f3n Socioeducativa de la UNED (Contextos-ISE), ubicado en las Facultades de Educaci\u00f3n y Derecho de la Universidad Nacional de Educaci\u00f3n a Distancia (UNED) y codirigido por los profesores Francisco Javier Garc\u00eda Castilla y \u00c1ngel De Juanas Oliva, est\u00e1 constituido por expertos de diferentes \u00e1reas de conocimiento y de varias universidades. Es, por lo tanto interdepartamental, interdisciplinar e interuniversitario.<\/p>\n\n\n\n<p> Tiene por finalidad la reflexi\u00f3n sobre la pr\u00e1ctica para lograr la mejora, el cambio y la transformaci\u00f3n social. Persigue una intencionalidad, orientada a provocar impacto social. En consecuencia, es un equipo generador de una cultura de calidad educativa que, no se orienta solo a la reflexi\u00f3n, sino que, tiene como meta modificar la realidad con \u00e1nimo de mejorarla, priorizando la perspectiva socioeducativa.<\/p>\n\n\n\n<p>Entiende la intervenci\u00f3n socioeducativa como participaci\u00f3n e interacci\u00f3n constante con los integrantes del grupo y la realidad investigada. Es un encuentro en el que las personas implicadas no son intervenidas sino part\u00edcipes en dicho proceso. Provoca una interacci\u00f3n constante que genera mediaci\u00f3n, cooperaci\u00f3n e inclusi\u00f3n.<\/p>\n\n\n\n<p>El Grupo de Investigaci\u00f3n Contextos ISE ha realizado diferentes proyectos de investigaci\u00f3n con financiaci\u00f3n externa sobre tem\u00e1ticas diversas, todas ellas vinculadas al campo social de la educaci\u00f3n. Una muestra de las mismas son las siguientes: \u201cLa escuela inclusiva\u201d, \u201cInclusi\u00f3n de los inmigrantes en la universidad\u201d, \u201cIntervenci\u00f3n educativa en contextos sociales\u201d, \u201cCalidad de vida en personas adultas y mayores\u201d, \u201cPercepci\u00f3n sociopol\u00edtica de los j\u00f3venes\u201d, \u201cEstrategias eficaces de intervenci\u00f3n con adolescentes\u201d, \u201cTr\u00e1nsito a la vida adulta de j\u00f3venes en dificultad social\u201d, etc. <\/p>\n<\/div>\n\n\n\n<div style=\"height:30px\" aria-hidden=\"true\" class=\"wp-block-spacer\"><\/div>\n\n\n\n<div class=\"wp-block-buttons is-layout-flex wp-block-buttons-is-layout-flex\">\n<div class=\"wp-block-button\"><a class=\"wp-block-button__link has-vivid-green-cyan-background-color has-background wp-element-button\" href=\"https:\/\/blogs.uned.es\/intervencionsocioeducativa\/\">Volver a inicio<\/a><\/div>\n<\/div>\n","protected":false},"excerpt":{"rendered":"<p>PRESENTACI\u00d3N DEL GRUPO DE INVESTIGACI\u00d3N El Grupo de Investigaci\u00f3n (GI17), de Intervenci\u00f3n Socioeducativa de la UNED (Contextos-ISE), ubicado en las Facultades de Educaci\u00f3n y Derecho de la Universidad Nacional de Educaci\u00f3n a Distancia (UNED) y codirigido por los profesores Francisco Javier Garc\u00eda Castilla y \u00c1ngel De Juanas Oliva, est\u00e1 constituido por expertos de diferentes \u00e1reas [&hellip;]<\/p>\n","protected":false},"author":1,"featured_media":0,"parent":0,"menu_order":0,"comment_status":"closed","ping_status":"closed","template":"","meta":{"footnotes":""},"class_list":["post-11553","page","type-page","status-publish","hentry"],"_links":{"self":[{"href":"https:\/\/blogs.uned.es\/intervencionsocioeducativa\/wp-json\/wp\/v2\/pages\/11553","targetHints":{"allow":["GET"]}}],"collection":[{"href":"https:\/\/blogs.uned.es\/intervencionsocioeducativa\/wp-json\/wp\/v2\/pages"}],"about":[{"href":"https:\/\/blogs.uned.es\/intervencionsocioeducativa\/wp-json\/wp\/v2\/types\/page"}],"author":[{"embeddable":true,"href":"https:\/\/blogs.uned.es\/intervencionsocioeducativa\/wp-json\/wp\/v2\/users\/1"}],"replies":[{"embeddable":true,"href":"https:\/\/blogs.uned.es\/intervencionsocioeducativa\/wp-json\/wp\/v2\/comments?post=11553"}],"version-history":[{"count":14,"href":"https:\/\/blogs.uned.es\/intervencionsocioeducativa\/wp-json\/wp\/v2\/pages\/11553\/revisions"}],"predecessor-version":[{"id":12745,"href":"https:\/\/blogs.uned.es\/intervencionsocioeducativa\/wp-json\/wp\/v2\/pages\/11553\/revisions\/12745"}],"wp:attachment":[{"href":"https:\/\/blogs.uned.es\/intervencionsocioeducativa\/wp-json\/wp\/v2\/media?parent=11553"}],"curies":[{"name":"wp","href":"https:\/\/api.w.org\/{rel}","templated":true}]}}