{"id":709,"date":"2024-09-12T09:09:16","date_gmt":"2024-09-12T07:09:16","guid":{"rendered":"https:\/\/blogs.uned.es\/inteligenciaartificialetica\/?page_id=709"},"modified":"2024-11-11T12:45:40","modified_gmt":"2024-11-11T11:45:40","slug":"programa","status":"publish","type":"page","link":"https:\/\/blogs.uned.es\/inteligenciaartificialetica\/programa\/","title":{"rendered":"Programa"},"content":{"rendered":"\t\t<div data-elementor-type=\"wp-page\" data-elementor-id=\"709\" class=\"elementor elementor-709\">\n\t\t\t\t\t\t<section class=\"elementor-section elementor-top-section elementor-element elementor-element-246e3dcf elementor-section-boxed elementor-section-height-default elementor-section-height-default\" data-id=\"246e3dcf\" data-element_type=\"section\" data-e-type=\"section\">\n\t\t\t\t\t\t<div class=\"elementor-container elementor-column-gap-default\">\n\t\t\t\t\t<div class=\"elementor-column elementor-col-100 elementor-top-column elementor-element elementor-element-34485e7\" data-id=\"34485e7\" data-element_type=\"column\" data-e-type=\"column\">\n\t\t\t<div class=\"elementor-widget-wrap elementor-element-populated\">\n\t\t\t\t\t\t<div class=\"elementor-element elementor-element-5c21097f elementor-widget elementor-widget-text-editor\" data-id=\"5c21097f\" data-element_type=\"widget\" data-e-type=\"widget\" data-widget_type=\"text-editor.default\">\n\t\t\t\t<div class=\"elementor-widget-container\">\n\t\t\t\t\t\t\t\t\t<h1>11 de noviembre<\/h1>\n<p><span style=\"color: var( --e-global-color-text );font-family: var( --e-global-typography-text-font-family ), Sans-serif;font-weight: var( --e-global-typography-text-font-weight )\">Horario: Tarde (17.30<\/span><span style=\"font-family: var( --e-global-typography-text-font-family ), Sans-serif;font-weight: var( --e-global-typography-text-font-weight )\">-20.3<\/span><span style=\"font-family: var( --e-global-typography-text-font-family ), Sans-serif;font-weight: var( --e-global-typography-text-font-weight )\">0h<\/span><span style=\"font-family: var( --e-global-typography-text-font-family ), Sans-serif;font-weight: var( --e-global-typography-text-font-weight )\">)<\/span> <span style=\"color: var( --e-global-color-text );font-family: var( --e-global-typography-text-font-family ), Sans-serif;font-weight: var( --e-global-typography-text-font-weight )\"><br>Lugar: Sal\u00f3n de actos del Instituto Cervantes (Alcal\u00e1, 49. 28014 Madrid)<\/span><\/p>\n<div>&nbsp;<\/div>\n<div>\n<table style=\"width: 790px;height: 603px\">\n<tbody>\n<tr>\n<td style=\"padding: 0.5em;border-right: 1px solid;border-bottom: 1px solid;border-left: 1px solid;border-top-color: initial\">17:30-18:30<\/td>\n<td style=\"padding: 0.5em;border-right: 1px solid;border-bottom: 1px solid;border-left: 1px solid;border-top-color: initial\">Apertura de puertas y recepci\u00f3n de asistentes<\/td>\n<\/tr>\n<tr>\n<td style=\"padding: 0.5em;border-right: 1px solid;border-bottom: 1px solid;border-left: 1px solid;border-top-color: initial\">18:30-18:45<\/td>\n<td style=\"padding: 0.5em;border-right: 1px solid;border-bottom: 1px solid;border-left: 1px solid;border-top-color: initial\">\n<div>Bienvenida y presentaci\u00f3n. <span style=\"font-variant: small-caps\">Raquel Caleya Ca\u00f1a<\/span>, directora de Cultura, Bibliotecas y Cultura digital y <span style=\"font-variant: small-caps\">Tom\u00e1s Domingo Moratalla<\/span>, presidente del Comit\u00e9 Cient\u00edfico del Congreso<\/div>\n<div>&nbsp;<\/div>\n<\/td>\n<\/tr>\n<tr>\n<td style=\"padding: 0.5em;border-right: 1px solid;border-bottom: 1px solid;border-left: 1px solid;border-top-color: initial\">18:45-20:00<\/td>\n<td style=\"padding: 0.5em;border-right: 1px solid;border-bottom: 1px solid;border-left: 1px solid;border-top-color: initial\">\n<p>Conversaci\u00f3n <strong>\u00ab<\/strong><strong>IA en un mundo complejo. Retos y problemas\u00bb<\/strong><\/p>\n<div>\u2022 <span style=\"font-variant: small-caps\">Antonio Di\u00e9guez<\/span>. Catedr\u00e1tico de L\u00f3gica y Filosof\u00eda de la Ciencia en la Universidad de M\u00e1laga. Miembro del Comit\u00e9 Espa\u00f1ol de \u00c9tica de la Investigaci\u00f3n &nbsp;<\/div>\n<div>\u2022 <span style=\"font-variant: small-caps\">Atia Cort\u00e9s Mart\u00ednez<\/span>. Investigadora en el Barcelona Supercomputing Center. Miembro del Comit\u00e9 de Bio\u00e9tica de Espa\u00f1a<\/div>\n<div>\u2022 Presentaci\u00f3n: <span style=\"font-variant: small-caps\">Jos\u00e9 Mar\u00eda Hern\u00e1ndez Losada<\/span>. UNED. Director del Departamento de Filosof\u00eda y Filosof\u00eda Moral y Pol\u00edtica<\/div>\n<\/td>\n<\/tr>\n<tr>\n<td style=\"padding: 0.5em;border-right: 1px solid;border-bottom: 1px solid;border-left: 1px solid;border-top-color: initial\">20:00-20:30<\/td>\n<td style=\"padding: 0.5em;border-right: 1px solid;border-bottom: 1px solid;border-left: 1px solid;border-top-color: initial\">\n<p>Acto inaugural<\/p>\n<p>Participan:<\/p>\n<div>\u2022 <span style=\"font-variant: small-caps\">Luis Garc\u00eda Montero<\/span>. Director del Instituto Cervantes<\/div>\n<div>\u2022 <span style=\"font-variant: small-caps\">Ricardo Mairal Us\u00f3n<\/span>. Rector de la UNED<\/div>\n<\/td>\n<\/tr>\n<tr>\n<td style=\"padding: 0.5em;border-right: 1px solid;border-bottom: 1px solid;border-left: 1px solid;border-top-color: initial\">20:30<\/td>\n<td style=\"padding: 0.5em;border-right: 1px solid;border-bottom: 1px solid;border-left: 1px solid;border-top-color: initial\">\u2022 Conferencia a cargo de <span style=\"font-variant: small-caps\">Antonio Di\u00e9guez<\/span>.<br>Catedr\u00e1tico de L\u00f3gica y Filosof\u00eda de la Ciencia en la Universidad de<br>M\u00e1laga. Miembro del Comit\u00e9 Espa\u00f1ol de \u00c9tica de la Investigaci\u00f3n. <strong>\u00ab<\/strong><strong>La integraci\u00f3n con la m\u00e1quina: realidades y promesas\u00bb.<\/strong><\/td>\n<\/tr>\n<tr>\n<td style=\"padding: 0.5em;border-right: 1px solid;border-bottom: 1px solid;border-left: 1px solid;border-top-color: initial\">&nbsp;<\/td>\n<td style=\"padding: 0.5em;border-right: 1px solid;border-bottom: 1px solid;border-left: 1px solid;border-top-color: initial\">Recepci\u00f3n<\/td>\n<\/tr>\n<\/tbody>\n<\/table>\n<\/div>\n<h1>12 de noviembre<\/h1>\n<div>Horario: Ma\u00f1ana (9:00h-14:00h)<\/div>\n<div>&nbsp;<\/div>\n<div>Lugar: Sala Ram\u00f3n G\u00f3mez de la Serna (Planta 5) del C\u00edrculo de Bellas Artes (Alcal\u00e1, 42. 28014 Madrid. Entrada por Marqu\u00e9s de Casa Riera, 2)<\/div>\n<div>&nbsp;<\/div>\n<div>\n<table style=\"font-weight: 400;height: 486px\" width=\"797\" data-tablestyle=\"MsoNormalTable\" data-tablelook=\"1184\">\n<tbody>\n<tr>\n<td style=\"padding: 0.5em;border-right: 1px solid;border-bottom: 1px solid;border-left: 1px solid;border-top-color: initial\" data-celllook=\"4369\"><span data-contrast=\"auto\">9:00\u201311:00<\/span><span data-ccp-props=\"{\">&nbsp;<\/span><\/td>\n<td style=\"padding: 0.5em;border-right: 1px solid;border-bottom: 1px solid;border-left: 1px solid;border-top-color: initial\" data-celllook=\"4369\"><span data-contrast=\"auto\">Comunicaciones<\/span><\/td>\n<\/tr>\n<tr>\n<td style=\"padding: 0.5em;border-right: 1px solid;border-bottom: 1px solid;border-left: 1px solid;border-top-color: initial\" data-celllook=\"4369\"><span data-contrast=\"auto\">11:00-12:00<\/span><\/td>\n<td style=\"padding: 0.5em;border-right: 1px solid;border-bottom: 1px solid;border-left: 1px solid;border-top-color: initial\" data-celllook=\"4369\">\n<p><span data-contrast=\"auto\">Conferencia a cargo de <\/span><span style=\"font-variant: small-caps\">Cristina Aranda<\/span>.&nbsp; Cofundadora de Big Onion &amp; MujeresTech. <strong>\u00abLa IA y las Humanidades, una encrucijada apasionante\u00bb<\/strong><\/p>\n<\/td>\n<\/tr>\n<tr>\n<td style=\"padding: 0.5em;border-right: 1px solid;border-bottom: 1px solid;border-left: 1px solid;border-top-color: initial\" data-celllook=\"69649\"><span data-contrast=\"none\">12:00-13:30<\/span><span data-ccp-props=\"{\">&nbsp;<\/span> <span data-ccp-props=\"{\">&nbsp;<\/span><\/td>\n<td style=\"padding: 0.5em;border-right: 1px solid;border-bottom: 1px solid;border-left: 1px solid;border-top-color: initial\" data-celllook=\"69905\">\n<p>Conversaci\u00f3n <strong>\u00ab<\/strong><strong>IA: Desaf\u00edos para la Democracia, Pol\u00edtica, Sociedad y Ciudadan\u00eda\u00bb<\/strong><\/p>\n<div>\u2022 <span style=\"font-variant: small-caps\">Cristina Aranda<\/span>. Directora de Marketing en Intelygenz y cofundadora de Big Onion &amp; MujeresTech<\/div>\n<div>\u2022 <span style=\"font-variant: small-caps\">Borja Adsuara<\/span>. Profesor, Abogado y Consultor. Experto en Derecho, Estrategia y Comunicaci\u00f3n Digital<\/div>\n<div>\u2022 Presentaci\u00f3n: <span style=\"font-variant: small-caps\">Jer\u00f3nimo Spotorno.<\/span> Programador<\/div>\n<\/td>\n<\/tr>\n<tr>\n<td style=\"padding: 0.5em;border-right: 1px solid;border-bottom: 1px solid;border-left: 1px solid;border-top-color: initial\" data-celllook=\"69649\"><span data-contrast=\"none\">14:00<\/span><\/td>\n<td style=\"padding: 0.5em;border-right: 1px solid;border-bottom: 1px solid;border-left: 1px solid;border-top-color: initial\" data-celllook=\"69905\"><span data-contrast=\"none\">Pausa-almuerzo<\/span><span data-ccp-props=\"{\"> <br><\/span><\/td>\n<\/tr>\n<\/tbody>\n<\/table>\n<\/div>\n<div>&nbsp;<\/div>\n<div>&nbsp;<\/div>\n<div>Horario: Tarde (16:30h-20:30h)<\/div>\n<div>&nbsp;<\/div>\n<div>Lugar: Sal\u00f3n de actos del Instituto Cervantes (Alcal\u00e1, 49. 28014 Madrid)<\/div>\n<div>&nbsp;<\/div>\n<div>&nbsp;<\/div>\n<div>\n<table style=\"font-weight: 400;height: 612px\" width=\"807\" data-tablestyle=\"MsoNormalTable\" data-tablelook=\"1184\">\n<tbody>\n<tr>\n<td style=\"padding: 0.5em;border-right: 1px solid;border-bottom: 1px solid;border-left: 1px solid;border-top-color: initial\" data-celllook=\"4369\">16:30-17:30<\/td>\n<td style=\"padding: 0.5em;border-right: 1px solid;border-bottom: 1px solid;border-left: 1px solid;border-top-color: initial\" data-celllook=\"4369\">Taller 1: <strong>\u00abCreaci\u00f3n literaria con IA\u00bb<\/strong>, a cargo de Jorge Garc\u00eda Flores. Ingeniero investigador del CNRS<\/td>\n<\/tr>\n<tr>\n<td style=\"padding: 0.5em;border-right: 1px solid;border-bottom: 1px solid;border-left: 1px solid;border-top-color: initial\" data-celllook=\"4369\"><span style=\"font-family: inherit;font-size: inherit\">17:30-18:30&nbsp;<\/span> <span data-ccp-props=\"{\">&nbsp;<\/span> <span data-ccp-props=\"{\">&nbsp;<\/span><\/td>\n<td style=\"padding: 0.5em;border-right: 1px solid;border-bottom: 1px solid;border-left: 1px solid;border-top-color: initial\" data-celllook=\"4369\">\n<p>Mesa 1: <strong>\u00ab<\/strong><strong>IA: La creatividad en juego. Posibilidades, retos y l\u00edmites\u00bb<\/strong><\/p>\n<div>\u2022 <span style=\"font-variant: small-caps\">Solim\u00e1n L\u00f3pez Site<\/span>. Artista<\/div>\n<div>\u2022 <span style=\"font-variant: small-caps\">David Casacuberta<\/span>. Universidad Aut\u00f3noma de Barcelona. Fil\u00f3sofo de la ciencia, artista digital<\/div>\n<div>\u2022 <span style=\"font-variant: small-caps\">Jorge (Harmodio) Garc\u00eda Flores<\/span>. Director de la Casa Universitaria Franco-Mexicana (MUFRAMEX), especialista en IA y escritor<\/div>\n<div>\u2022 Moderaci\u00f3n: <span style=\"font-variant: small-caps\">Sergio Mart\u00ednez Luna<\/span>. Profesor de Est\u00e9tica y Teor\u00eda de las Artes. UNED<\/div>\n<\/td>\n<\/tr>\n<tr>\n<td style=\"padding: 0.5em;border-right: 1px solid;border-bottom: 1px solid;border-left: 1px solid;border-top-color: initial\" data-celllook=\"69649\">18:45-19:45<\/td>\n<td style=\"padding: 0.5em;border-right: 1px solid;border-bottom: 1px solid;border-left: 1px solid;border-top-color: initial\" data-celllook=\"69905\">\n<p>Mesa 2:<strong> \u00abRedes y colectivos para la investigaci\u00f3n en Humanidades Digitales e IA\u00bb<\/strong><\/p>\n<div>\u2022 <span style=\"font-variant: small-caps\">German Rigau<\/span>. CLARIAH-ES, UPV<\/div>\n<div>\u2022 <span style=\"font-variant: small-caps\">Patricia S\u00e1nchez-Migall\u00f3n<\/span>. Humanidades Digitales Hisp\u00e1nicas, UNED-UCM<\/div>\n<div>\u2022 <span style=\"font-variant: small-caps\">Raquel L\u00e1zaro<\/span>. Cl\u00faster de Humanidades Digitales y Tecnolog\u00edas del Lenguaje de laComunidad de Madrid, UAH<\/div>\n<div>\u2022 Moderaci\u00f3n: <span style=\"font-variant: small-caps\">Roc\u00edo Ortu\u00f1o Casanova<\/span>. Directora del Laboratorio de Innovaci\u00f3n en Humanidades Digitales. UNED<\/div>\n<\/td>\n<\/tr>\n<tr>\n<td style=\"padding: 0.5em;border-right: 1px solid;border-bottom: 1px solid;border-left: 1px solid;border-top-color: initial\" data-celllook=\"69649\">20:00<\/td>\n<td style=\"padding: 0.5em;border-right: 1px solid;border-bottom: 1px solid;border-left: 1px solid;border-top-color: initial\" data-celllook=\"69905\">Cierre de la segunda jornada<\/td>\n<\/tr>\n<\/tbody>\n<\/table>\n<div>\n<h1>13 de noviembre<\/h1>\n<\/div>\n<div>Horario: Ma\u00f1ana (10:00h-14:00h)<\/div>\n<div>&nbsp;<\/div>\n<div>Lugar: Sala Ram\u00f3n G\u00f3mez de la Serna (Planta 5) del C\u00edrculo de Bellas Artes (Alcal\u00e1, 42. 28014 Madrid. Entrada por Marqu\u00e9s de Casa Riera, 2)<\/div>\n<div>&nbsp;<\/div>\n<div>\n<table style=\"font-weight: 400;height: 374px\" width=\"797\" data-tablestyle=\"MsoNormalTable\" data-tablelook=\"1184\">\n<tbody>\n<tr>\n<td style=\"padding: 0.5em;border-right: 1px solid;border-bottom: 1px solid;border-left: 1px solid;border-top-color: initial\" data-celllook=\"4369\"><span data-contrast=\"auto\">9:00\u201311:00<\/span><span data-ccp-props=\"{\">&nbsp;<\/span><\/td>\n<td style=\"padding: 0.5em;border-right: 1px solid;border-bottom: 1px solid;border-left: 1px solid;border-top-color: initial\" data-celllook=\"4369\"><span data-contrast=\"auto\">Comunicaciones<\/span><\/td>\n<\/tr>\n<tr>\n<td style=\"padding: 0.5em;border-right: 1px solid;border-bottom: 1px solid;border-left: 1px solid;border-top-color: initial\" data-celllook=\"4369\"><span data-contrast=\"auto\">11:00-12:00<\/span><span data-ccp-props=\"{\">&nbsp;<\/span><\/td>\n<td style=\"padding: 0.5em;border-right: 1px solid;border-bottom: 1px solid;border-left: 1px solid;border-top-color: initial\" data-celllook=\"4369\"><span data-contrast=\"auto\">Conferencia a cargo de <span style=\"font-variant: small-caps\">Sara Degli-Esposti<\/span>. Investigadora-Instituto de Filosof\u00eda. CSIC. Investigadora en \u00c9tica e Inteligencia Artificial.&nbsp;<strong>\u00abHacia una \u00e9tica de la ciberseguridad\u00bb<\/strong><\/span><\/td>\n<\/tr>\n<tr>\n<td style=\"padding: 0.5em;border-right: 1px solid;border-bottom: 1px solid;border-left: 1px solid;border-top-color: initial\" data-celllook=\"69649\"><span data-contrast=\"none\">12:00-13:30<\/span><\/td>\n<td style=\"padding: 0.5em;border-right: 1px solid;border-bottom: 1px solid;border-left: 1px solid;border-top-color: initial\" data-celllook=\"69905\">\n<p>Conversaci\u00f3n <strong>\u00ab<\/strong><strong>Educaci\u00f3n en\/para un mundo digital\u00bb<\/strong><\/p>\n<div>\u2022 <span style=\"font-variant: small-caps\">Idoia Salazar<\/span>. Cofundadora y presidenta del Observatorio del Impacto Social y \u00c9tico de la Inteligencia Artificial, OdiseIA<\/div>\n<div>\u2022 <span style=\"font-variant: small-caps\">Agust\u00edn Domingo Moratalla<\/span>. Catedr\u00e1tico de \u00c9tica. Universidad de Valencia<\/div>\n<div>\u2022 Presentaci\u00f3n: <span style=\"font-variant: small-caps\">Valerio Rocco<\/span>. Profesor de Filosof\u00eda. Universidad Aut\u00f3noma de Madrid. Director del C\u00edrculo de Bellas Artes (Madrid)<\/div>\n<\/td>\n<\/tr>\n<tr>\n<td style=\"padding: 0.5em;border-right: 1px solid;border-bottom: 1px solid;border-left: 1px solid;border-top-color: initial\" data-celllook=\"69649\"><span data-contrast=\"none\">14:00<\/span><span data-ccp-props=\"{\">&nbsp;<\/span><\/td>\n<td style=\"padding: 0.5em;border-right: 1px solid;border-bottom: 1px solid;border-left: 1px solid;border-top-color: initial\" data-celllook=\"69905\"><span data-contrast=\"none\">Pausa-almuerzo<\/span><\/td>\n<\/tr>\n<\/tbody>\n<\/table>\n<\/div>\n<div>&nbsp;<\/div>\n<div>&nbsp;<\/div>\n<div>Horario: Tarde (16:30h-20:30h)<\/div>\n<div>&nbsp;<\/div>\n<div>Lugar: Sal\u00f3n de actos del Instituto Cervantes (Alcal\u00e1, 49. 28014 Madrid)<\/div>\n<div>&nbsp;<\/div>\n<div>\n<table style=\"font-weight: 400;height: 374px\" width=\"797\" data-tablestyle=\"MsoNormalTable\" data-tablelook=\"1184\">\n<tbody>\n<tr>\n<td style=\"padding: 0.5em;border-right: 1px solid;border-bottom: 1px solid;border-left: 1px solid;border-top-color: initial\" data-celllook=\"69649\"><span data-contrast=\"none\">16:30-17:30<\/span><span data-ccp-props=\"{\">&nbsp;<\/span><\/td>\n<td style=\"padding: 0.5em;border-right: 1px solid;border-bottom: 1px solid;border-left: 1px solid;border-top-color: initial\" data-celllook=\"69905\"><span data-contrast=\"none\">Taller 2: <strong>\u00abInteligencia artificial y cultura humanista\u00bb<\/strong>&nbsp;a cargo de <span style=\"font-variant: small-caps\">Juan Antonio Garde Roca<\/span>. Presidente de Algoverit<\/span><span data-ccp-props=\"{\">&nbsp;<\/span><\/td>\n<\/tr>\n<tr>\n<td style=\"padding: 0.5em;border-right: 1px solid;border-bottom: 1px solid;border-left: 1px solid;border-top-color: initial\" data-celllook=\"69649\"><span data-contrast=\"none\">17:30-18:30<\/span><span data-ccp-props=\"{\">&nbsp;<\/span><\/td>\n<td style=\"padding: 0.5em;border-right: 1px solid;border-bottom: 1px solid;border-left: 1px solid;border-top-color: initial\" data-celllook=\"4369\">\n<p>Mesa 3: <strong>\u00ab<\/strong><strong>\u00c9tica de la Inteligencia artificial. Bondades y maldades a nuestro alcance. \u00bfLa IA podr\u00e1 hacernos mejores?\u00bb<\/strong><\/p>\n<div>\u2022 <span style=\"font-variant: small-caps\">Lydia Feito<\/span>. Profesora de Bio\u00e9tica. Universidad Complutense de Madrid. Miembro del Comit\u00e9 de Bio\u00e9tica de Espa\u00f1a<\/div>\n<div>\u2022 <span style=\"font-variant: small-caps\">Francisco Lara<\/span>. Catedr\u00e1tico de \u00c9tica. Universidad de Granada. Director del Grupo de Investigaci\u00f3n en \u00c9tica Tecnol\u00f3gica<\/div>\n<div>\u2022 Moderaci\u00f3n: &nbsp;<span style=\"font-variant: small-caps\">Olatz Merino<\/span>. An\u00e1lisis de riesgos e impactos en RSC\/ESG. SIGMA AI<\/div>\n<\/td>\n<\/tr>\n<tr>\n<td style=\"padding: 0.5em;border-right: 1px solid;border-bottom: 1px solid;border-left: 1px solid;border-top-color: initial\" data-celllook=\"69649\"><span data-contrast=\"none\">18:45 -19:45<\/span><span data-ccp-props=\"{\">&nbsp;<\/span><\/td>\n<td style=\"padding: 0.5em;border-right: 1px solid;border-bottom: 1px solid;border-left: 1px solid;border-top-color: initial\" data-celllook=\"4369\">\n<p>Mesa 4: <strong>\u00ab<\/strong><strong>Mirando al futuro: \u00bfOscuro o luminoso? Cuando la ciencia ficci\u00f3n es posible (o no)\u00bb<\/strong><\/p>\n<div>\u2022 <span style=\"font-variant: small-caps\">Alicia de Manuel<\/span>. Analista experta en estrategia y \u00e9tica en IA en NTT Data<\/div>\n<div>\u2022 <span style=\"font-variant: small-caps\">Julio Gonzalo Arroyo<\/span>. Catedr\u00e1tico de Lenguajes y Sistemas Inform\u00e1ticos. UNED. Vicerrector adjunto de investigaci\u00f3n, transferencia y divulgaci\u00f3n cient\u00edfica<\/div>\n<div>\u2022 <span style=\"font-variant: small-caps\">Juan Pablo Pe\u00f1arrubia Carri\u00f3n<\/span>. Vicepresidente del Colegio de Ingenieros Inform\u00e1ticos de Espa\u00f1a, Responsable&nbsp;Espa\u00f1ol en los Comit\u00e9s Internacionales de Estandarizaci\u00f3n de la IA (CEN\/CLN; ISO\/IEC)<\/div>\n<div>\u2022 Moderaci\u00f3n: &nbsp;<span style=\"font-variant: small-caps\">Jes\u00fas Zamora Bonilla<\/span>. Catedr\u00e1tico de L\u00f3gica, Historia y Filosof\u00eda de la Ciencia. UNED<\/div>\n<\/td>\n<\/tr>\n<tr>\n<td style=\"padding: 0.5em;border-right: 1px solid;border-bottom: 1px solid;border-left: 1px solid;border-top-color: initial\" data-celllook=\"69905\"><span data-contrast=\"none\">19:45-20:30<\/span><\/td>\n<td style=\"padding: 0.5em;border-right: 1px solid;border-bottom: 1px solid;border-left: 1px solid;border-top-color: initial\" data-celllook=\"4369\">\n<p>Conclusiones del Congreso:<\/p>\n<div>\u2022 <span style=\"font-variant: small-caps\">Tom\u00e1s Domingo Moratalla<\/span>. Presidente del Comit\u00e9 Cient\u00edfico del Congreso. Profesor de \u00c9tica y entornos digitales. Coordinador del Programa de Doctorado (Filosof\u00eda). UNED<\/div>\n<div>\u2022 <span style=\"font-variant: small-caps\">Elena Paulino Montero<\/span>. Profesora de Historia del Arte. Facultad de Geograf\u00eda e Historia. UNED<\/div>\n<div>\u2022 <span style=\"font-variant: small-caps\">No\u00e9 Exp\u00f3sito Ropero<\/span>. Profesor de Filosof\u00eda y Filosof\u00eda Moral y Pol\u00edtica. Facultad de Filosof\u00eda. UNED<\/div>\n<p>Clausura:<\/p>\n<div>\u2022 <span style=\"font-variant: small-caps\">Rosa Mar\u00eda Mart\u00edn Aranda<\/span>. Vicerrectora de Investigaci\u00f3n, transferencia y divulgaci\u00f3n cient\u00edfica. UNED<\/div>\n<div>\u2022 <span style=\"font-variant: small-caps\">Raquel Caleya Ca\u00f1a<\/span>. Directora de Cultura, Bibliotecas y Cultura Digital. Instituto Cervantes<\/div>\n<\/td>\n<\/tr>\n<\/tbody>\n<\/table>\n<\/div>\n<div>&nbsp;<\/div>\n<\/div>\n<p><!-- [if gte mso 9]&gt;--><\/p>\n<p><!-- [if gte mso 9]&gt;--><\/p>\t\t\t\t\t\t\t\t<\/div>\n\t\t\t\t<\/div>\n\t\t\t\t\t<\/div>\n\t\t<\/div>\n\t\t\t\t\t<\/div>\n\t\t<\/section>\n\t\t\t\t<\/div>\n\t\t","protected":false},"excerpt":{"rendered":"<p>11 de noviembre Horario: Tarde (17.30-20.30h) Lugar: Sal\u00f3n de actos del Instituto Cervantes (Alcal\u00e1, 49. 28014 Madrid) &nbsp; 17:30-18:30 Apertura de puertas y recepci\u00f3n de asistentes 18:30-18:45 Bienvenida y presentaci\u00f3n. Raquel Caleya Ca\u00f1a, directora de Cultura, Bibliotecas y Cultura digital y Tom\u00e1s Domingo Moratalla, presidente del Comit\u00e9 Cient\u00edfico del Congreso &nbsp; 18:45-20:00 Conversaci\u00f3n \u00abIA en un mundo complejo. Retos y problemas\u00bb \u2022 Antonio Di\u00e9guez. Catedr\u00e1tico de L\u00f3gica y Filosof\u00eda de la Ciencia en la Universidad de M\u00e1laga. Miembro del Comit\u00e9 Espa\u00f1ol de \u00c9tica de la Investigaci\u00f3n &nbsp; \u2022 Atia Cort\u00e9s Mart\u00ednez. Investigadora en el Barcelona Supercomputing Center. Miembro del Comit\u00e9 de Bio\u00e9tica de Espa\u00f1a \u2022 Presentaci\u00f3n: Jos\u00e9 Mar\u00eda Hern\u00e1ndez Losada. UNED. Director del Departamento de Filosof\u00eda y Filosof\u00eda Moral y Pol\u00edtica 20:00-20:30 Acto inaugural Participan: \u2022 Luis Garc\u00eda Montero. Director del Instituto Cervantes \u2022 Ricardo Mairal Us\u00f3n. Rector de la UNED 20:30 \u2022 Conferencia a cargo de Antonio Di\u00e9guez.Catedr\u00e1tico de&hellip;<\/p>\n<p> <a class=\"more-link\" href=\"https:\/\/blogs.uned.es\/inteligenciaartificialetica\/programa\/\">Leer m\u00e1s<\/a><\/p>\n","protected":false},"author":7405,"featured_media":0,"parent":0,"menu_order":0,"comment_status":"closed","ping_status":"closed","template":"","meta":{"footnotes":""},"class_list":["post-709","page","type-page","status-publish"],"_links":{"self":[{"href":"https:\/\/blogs.uned.es\/inteligenciaartificialetica\/wp-json\/wp\/v2\/pages\/709","targetHints":{"allow":["GET"]}}],"collection":[{"href":"https:\/\/blogs.uned.es\/inteligenciaartificialetica\/wp-json\/wp\/v2\/pages"}],"about":[{"href":"https:\/\/blogs.uned.es\/inteligenciaartificialetica\/wp-json\/wp\/v2\/types\/page"}],"author":[{"embeddable":true,"href":"https:\/\/blogs.uned.es\/inteligenciaartificialetica\/wp-json\/wp\/v2\/users\/7405"}],"replies":[{"embeddable":true,"href":"https:\/\/blogs.uned.es\/inteligenciaartificialetica\/wp-json\/wp\/v2\/comments?post=709"}],"version-history":[{"count":199,"href":"https:\/\/blogs.uned.es\/inteligenciaartificialetica\/wp-json\/wp\/v2\/pages\/709\/revisions"}],"predecessor-version":[{"id":2091,"href":"https:\/\/blogs.uned.es\/inteligenciaartificialetica\/wp-json\/wp\/v2\/pages\/709\/revisions\/2091"}],"wp:attachment":[{"href":"https:\/\/blogs.uned.es\/inteligenciaartificialetica\/wp-json\/wp\/v2\/media?parent=709"}],"curies":[{"name":"wp","href":"https:\/\/api.w.org\/{rel}","templated":true}]}}