{"id":31,"date":"2019-10-09T10:31:23","date_gmt":"2019-10-09T08:31:23","guid":{"rendered":"http:\/\/blogs.uned.es\/inteligenciaartificialetica\/?page_id=31"},"modified":"2024-10-31T11:16:59","modified_gmt":"2024-10-31T10:16:59","slug":"quienes","status":"publish","type":"page","link":"https:\/\/blogs.uned.es\/inteligenciaartificialetica\/quienes\/","title":{"rendered":"Qui\u00e9nes somos"},"content":{"rendered":"\t\t<div data-elementor-type=\"wp-page\" data-elementor-id=\"31\" class=\"elementor elementor-31\">\n\t\t\t\t\t\t<section class=\"elementor-section elementor-top-section elementor-element elementor-element-323f72d elementor-section-stretched elementor-section-height-min-height elementor-section-content-middle elementor-section-boxed elementor-section-height-default elementor-section-items-middle\" data-id=\"323f72d\" data-element_type=\"section\" data-e-type=\"section\" data-settings=\"{&quot;stretch_section&quot;:&quot;section-stretched&quot;,&quot;background_background&quot;:&quot;classic&quot;}\">\n\t\t\t\t\t\t<div class=\"elementor-container elementor-column-gap-default\">\n\t\t\t\t\t<div class=\"elementor-column elementor-col-100 elementor-top-column elementor-element elementor-element-8292dc7\" data-id=\"8292dc7\" data-element_type=\"column\" data-e-type=\"column\">\n\t\t\t<div class=\"elementor-widget-wrap elementor-element-populated\">\n\t\t\t\t\t\t<section class=\"elementor-section elementor-inner-section elementor-element elementor-element-1bdd6da elementor-section-boxed elementor-section-height-default elementor-section-height-default\" data-id=\"1bdd6da\" data-element_type=\"section\" data-e-type=\"section\">\n\t\t\t\t\t\t<div class=\"elementor-container elementor-column-gap-default\">\n\t\t\t\t\t<div class=\"elementor-column elementor-col-50 elementor-inner-column elementor-element elementor-element-74ff986\" data-id=\"74ff986\" data-element_type=\"column\" data-e-type=\"column\">\n\t\t\t<div class=\"elementor-widget-wrap\">\n\t\t\t\t\t\t\t<\/div>\n\t\t<\/div>\n\t\t\t\t<div class=\"elementor-column elementor-col-50 elementor-inner-column elementor-element elementor-element-a8ac438\" data-id=\"a8ac438\" data-element_type=\"column\" data-e-type=\"column\">\n\t\t\t<div class=\"elementor-widget-wrap elementor-element-populated\">\n\t\t\t\t\t\t<div class=\"elementor-element elementor-element-e41b967 elementor-widget elementor-widget-heading\" data-id=\"e41b967\" data-element_type=\"widget\" data-e-type=\"widget\" data-widget_type=\"heading.default\">\n\t\t\t\t<div class=\"elementor-widget-container\">\n\t\t\t\t\t<h2 class=\"elementor-heading-title elementor-size-xxl\">Qui\u00e9nes somos<\/h2>\t\t\t\t<\/div>\n\t\t\t\t<\/div>\n\t\t\t\t\t<\/div>\n\t\t<\/div>\n\t\t\t\t\t<\/div>\n\t\t<\/section>\n\t\t\t\t\t<\/div>\n\t\t<\/div>\n\t\t\t\t\t<\/div>\n\t\t<\/section>\n\t\t\t\t<section class=\"elementor-section elementor-top-section elementor-element elementor-element-72ded2c elementor-section-boxed elementor-section-height-default elementor-section-height-default\" data-id=\"72ded2c\" data-element_type=\"section\" data-e-type=\"section\">\n\t\t\t\t\t\t<div class=\"elementor-container elementor-column-gap-default\">\n\t\t\t\t\t<div class=\"elementor-column elementor-col-33 elementor-top-column elementor-element elementor-element-e3a32cd\" data-id=\"e3a32cd\" data-element_type=\"column\" data-e-type=\"column\">\n\t\t\t<div class=\"elementor-widget-wrap elementor-element-populated\">\n\t\t\t\t\t\t<div class=\"elementor-element elementor-element-1484ca5 elementor-widget elementor-widget-image\" data-id=\"1484ca5\" data-element_type=\"widget\" data-e-type=\"widget\" data-widget_type=\"image.default\">\n\t\t\t\t<div class=\"elementor-widget-container\">\n\t\t\t\t\t\t\t\t\t\t\t\t\t\t\t<img fetchpriority=\"high\" decoding=\"async\" width=\"768\" height=\"645\" src=\"https:\/\/blogs.uned.es\/inteligenciaartificialetica\/wp-content\/uploads\/sites\/545\/2024\/09\/logo3_2000px_150ppp-768x645.png\" class=\"attachment-medium_large size-medium_large wp-image-1483\" alt=\"\" srcset=\"https:\/\/blogs.uned.es\/inteligenciaartificialetica\/wp-content\/uploads\/sites\/545\/2024\/09\/logo3_2000px_150ppp-768x645.png 768w, https:\/\/blogs.uned.es\/inteligenciaartificialetica\/wp-content\/uploads\/sites\/545\/2024\/09\/logo3_2000px_150ppp-300x252.png 300w, https:\/\/blogs.uned.es\/inteligenciaartificialetica\/wp-content\/uploads\/sites\/545\/2024\/09\/logo3_2000px_150ppp-1024x860.png 1024w, https:\/\/blogs.uned.es\/inteligenciaartificialetica\/wp-content\/uploads\/sites\/545\/2024\/09\/logo3_2000px_150ppp.png 1191w\" sizes=\"(max-width: 768px) 100vw, 768px\" \/>\t\t\t\t\t\t\t\t\t\t\t\t\t\t\t<\/div>\n\t\t\t\t<\/div>\n\t\t\t\t<div class=\"elementor-element elementor-element-cf5ea38 elementor-widget elementor-widget-heading\" data-id=\"cf5ea38\" data-element_type=\"widget\" data-e-type=\"widget\" data-widget_type=\"heading.default\">\n\t\t\t\t<div class=\"elementor-widget-container\">\n\t\t\t\t\t<h3 class=\"elementor-heading-title elementor-size-default\">Instituto Cervantes<\/h3>\t\t\t\t<\/div>\n\t\t\t\t<\/div>\n\t\t\t\t\t<\/div>\n\t\t<\/div>\n\t\t\t\t<div class=\"elementor-column elementor-col-33 elementor-top-column elementor-element elementor-element-8db0029\" data-id=\"8db0029\" data-element_type=\"column\" data-e-type=\"column\">\n\t\t\t<div class=\"elementor-widget-wrap elementor-element-populated\">\n\t\t\t\t\t\t<div class=\"elementor-element elementor-element-9b532be elementor-widget elementor-widget-image\" data-id=\"9b532be\" data-element_type=\"widget\" data-e-type=\"widget\" data-widget_type=\"image.default\">\n\t\t\t\t<div class=\"elementor-widget-container\">\n\t\t\t\t\t\t\t\t\t\t\t\t\t\t\t<img decoding=\"async\" width=\"768\" height=\"768\" src=\"https:\/\/blogs.uned.es\/inteligenciaartificialetica\/wp-content\/uploads\/sites\/545\/2024\/10\/logo_cba-768x768.jpg\" class=\"attachment-medium_large size-medium_large wp-image-1873\" alt=\"\" srcset=\"https:\/\/blogs.uned.es\/inteligenciaartificialetica\/wp-content\/uploads\/sites\/545\/2024\/10\/logo_cba-768x768.jpg 768w, https:\/\/blogs.uned.es\/inteligenciaartificialetica\/wp-content\/uploads\/sites\/545\/2024\/10\/logo_cba-300x300.jpg 300w, https:\/\/blogs.uned.es\/inteligenciaartificialetica\/wp-content\/uploads\/sites\/545\/2024\/10\/logo_cba-150x150.jpg 150w, https:\/\/blogs.uned.es\/inteligenciaartificialetica\/wp-content\/uploads\/sites\/545\/2024\/10\/logo_cba.jpg 830w\" sizes=\"(max-width: 768px) 100vw, 768px\" \/>\t\t\t\t\t\t\t\t\t\t\t\t\t\t\t<\/div>\n\t\t\t\t<\/div>\n\t\t\t\t<div class=\"elementor-element elementor-element-a9d5b58 elementor-widget elementor-widget-heading\" data-id=\"a9d5b58\" data-element_type=\"widget\" data-e-type=\"widget\" data-widget_type=\"heading.default\">\n\t\t\t\t<div class=\"elementor-widget-container\">\n\t\t\t\t\t<h3 class=\"elementor-heading-title elementor-size-default\">C\u00edrculo de Bellas Artes<\/h3>\t\t\t\t<\/div>\n\t\t\t\t<\/div>\n\t\t\t\t\t<\/div>\n\t\t<\/div>\n\t\t\t\t<div class=\"elementor-column elementor-col-33 elementor-top-column elementor-element elementor-element-9fda11e\" data-id=\"9fda11e\" data-element_type=\"column\" data-e-type=\"column\">\n\t\t\t<div class=\"elementor-widget-wrap elementor-element-populated\">\n\t\t\t\t\t\t<div class=\"elementor-element elementor-element-e3f4539 elementor-widget elementor-widget-image\" data-id=\"e3f4539\" data-element_type=\"widget\" data-e-type=\"widget\" data-widget_type=\"image.default\">\n\t\t\t\t<div class=\"elementor-widget-container\">\n\t\t\t\t\t\t\t\t\t\t\t\t\t\t\t<img decoding=\"async\" width=\"300\" height=\"300\" src=\"https:\/\/blogs.uned.es\/inteligenciaartificialetica\/wp-content\/uploads\/sites\/545\/2022\/01\/cropped-logouned21outlinefavicon-300x300.jpg\" class=\"attachment-medium size-medium wp-image-533\" alt=\"\" srcset=\"https:\/\/blogs.uned.es\/inteligenciaartificialetica\/wp-content\/uploads\/sites\/545\/2022\/01\/cropped-logouned21outlinefavicon-300x300.jpg 300w, https:\/\/blogs.uned.es\/inteligenciaartificialetica\/wp-content\/uploads\/sites\/545\/2022\/01\/cropped-logouned21outlinefavicon-150x150.jpg 150w, https:\/\/blogs.uned.es\/inteligenciaartificialetica\/wp-content\/uploads\/sites\/545\/2022\/01\/cropped-logouned21outlinefavicon-270x270.jpg 270w, https:\/\/blogs.uned.es\/inteligenciaartificialetica\/wp-content\/uploads\/sites\/545\/2022\/01\/cropped-logouned21outlinefavicon-192x192.jpg 192w, https:\/\/blogs.uned.es\/inteligenciaartificialetica\/wp-content\/uploads\/sites\/545\/2022\/01\/cropped-logouned21outlinefavicon-180x180.jpg 180w, https:\/\/blogs.uned.es\/inteligenciaartificialetica\/wp-content\/uploads\/sites\/545\/2022\/01\/cropped-logouned21outlinefavicon-32x32.jpg 32w, https:\/\/blogs.uned.es\/inteligenciaartificialetica\/wp-content\/uploads\/sites\/545\/2022\/01\/cropped-logouned21outlinefavicon.jpg 512w\" sizes=\"(max-width: 300px) 100vw, 300px\" \/>\t\t\t\t\t\t\t\t\t\t\t\t\t\t\t<\/div>\n\t\t\t\t<\/div>\n\t\t\t\t<div class=\"elementor-element elementor-element-b5d1f8c elementor-widget elementor-widget-heading\" data-id=\"b5d1f8c\" data-element_type=\"widget\" data-e-type=\"widget\" data-widget_type=\"heading.default\">\n\t\t\t\t<div class=\"elementor-widget-container\">\n\t\t\t\t\t<h3 class=\"elementor-heading-title elementor-size-default\">UNED- Facultades de Humanidades<\/h3>\t\t\t\t<\/div>\n\t\t\t\t<\/div>\n\t\t\t\t\t<\/div>\n\t\t<\/div>\n\t\t\t\t\t<\/div>\n\t\t<\/section>\n\t\t\t\t<section class=\"elementor-section elementor-top-section elementor-element elementor-element-7dba139 elementor-section-boxed elementor-section-height-default elementor-section-height-default\" data-id=\"7dba139\" data-element_type=\"section\" data-e-type=\"section\">\n\t\t\t\t\t\t<div class=\"elementor-container elementor-column-gap-default\">\n\t\t\t\t\t<div class=\"elementor-column elementor-col-100 elementor-top-column elementor-element elementor-element-c671015\" data-id=\"c671015\" data-element_type=\"column\" data-e-type=\"column\">\n\t\t\t<div class=\"elementor-widget-wrap elementor-element-populated\">\n\t\t\t\t\t\t<div class=\"elementor-element elementor-element-e636225 elementor-widget-divider--view-line elementor-widget elementor-widget-divider\" data-id=\"e636225\" data-element_type=\"widget\" data-e-type=\"widget\" data-widget_type=\"divider.default\">\n\t\t\t\t<div class=\"elementor-widget-container\">\n\t\t\t\t\t\t\t<div class=\"elementor-divider\">\n\t\t\t<span class=\"elementor-divider-separator\">\n\t\t\t\t\t\t<\/span>\n\t\t<\/div>\n\t\t\t\t\t\t<\/div>\n\t\t\t\t<\/div>\n\t\t\t\t<div class=\"elementor-element elementor-element-74410b9 elementor-widget elementor-widget-heading\" data-id=\"74410b9\" data-element_type=\"widget\" data-e-type=\"widget\" data-widget_type=\"heading.default\">\n\t\t\t\t<div class=\"elementor-widget-container\">\n\t\t\t\t\t<h1 class=\"elementor-heading-title elementor-size-default\">Congreso sobre Inteligencia Artificial y \u00c9tica<\/h1>\t\t\t\t<\/div>\n\t\t\t\t<\/div>\n\t\t\t\t<div class=\"elementor-element elementor-element-f954e42 elementor-widget elementor-widget-text-editor\" data-id=\"f954e42\" data-element_type=\"widget\" data-e-type=\"widget\" data-widget_type=\"text-editor.default\">\n\t\t\t\t<div class=\"elementor-widget-container\">\n\t\t\t\t\t\t\t\t\t<div style=\"margin: 0px;padding: 0px;clear: both;cursor: text;overflow: visible;position: relative;direction: ltr;color: #000000;font-family: 'Segoe UI', 'Segoe UI Web', Arial, Verdana, sans-serif;font-size: 12px\"><p style=\"margin: 0px 0px 10.6667px;padding: 0px;vertical-align: baseline;background-color: transparent;color: windowtext\"><span lang=\"ES-ES\" style=\"margin: 0px;padding: 0px;font-size: 12pt;line-height: 19.425px;font-family: Aptos, Aptos_EmbeddedFont, Aptos_MSFontService, sans-serif\" xml:lang=\"ES-ES\" data-contrast=\"auto\"><span style=\"margin: 0px;padding: 0px\">La inteligencia artificial ya est\u00e1 entre nosotros. De manera habitual trabajamos y nos movemos en entornos controlados y pautados por inteligencia artificial. Lo que era una posibilidad se ha convertido en realidad. Y las posibles aplicaciones siguen aumentado. No se trata ya s\u00f3lo de algoritmos, c\u00e1lculos y procesos; la inteligencia artificial modifica nuestra realidad, la manera de pensar y de relacionar<\/span><span style=\"margin: 0px;padding: 0px\">nos<\/span><span style=\"margin: 0px;padding: 0px\">.<\/span><\/span><\/p><\/div><div style=\"margin: 0px;padding: 0px;clear: both;cursor: text;overflow: visible;position: relative;direction: ltr;color: #000000;font-family: 'Segoe UI', 'Segoe UI Web', Arial, Verdana, sans-serif;font-size: 12px\">\u00a0<\/div><div style=\"margin: 0px;padding: 0px;clear: both;cursor: text;overflow: visible;position: relative;direction: ltr;color: #000000;font-family: 'Segoe UI', 'Segoe UI Web', Arial, Verdana, sans-serif;font-size: 12px\"><p style=\"margin: 0px 0px 10.6667px;padding: 0px;vertical-align: baseline;background-color: transparent;color: windowtext\"><span lang=\"ES-ES\" style=\"margin: 0px;padding: 0px;font-size: 12pt;line-height: 19.425px;font-family: Aptos, Aptos_EmbeddedFont, Aptos_MSFontService, sans-serif\" xml:lang=\"ES-ES\" data-contrast=\"auto\"><span style=\"margin: 0px;padding: 0px\">La cultura human\u00edstica y la <\/span><span style=\"margin: 0px;padding: 0px\">\u00e9tica debe ser un aspecto central en el desarrollo de la <\/span><span style=\"margin: 0px;padding: 0px\">inteligencia artificial <\/span><span style=\"margin: 0px;padding: 0px\">para garantizar que se maximi<\/span><span style=\"margin: 0px;padding: 0px\">cen <\/span><span style=\"margin: 0px;padding: 0px\">sus beneficios y se mitig<\/span><span style=\"margin: 0px;padding: 0px\">uen <\/span><span style=\"margin: 0px;padding: 0px\">los riesgos<\/span><span style=\"margin: 0px;padding: 0px\">, y nunca se olvide la centralidad de la vida humana. La obsolescencia humana, que puede adoptar m\u00faltiples formas, es el gran peligro<\/span><span style=\"margin: 0px;padding: 0px\">. Los ciudadanos necesitan contar con las competencias que les permitan aprovechar las oportunidades y afrontar los riesgos<\/span><span style=\"margin: 0px;padding: 0px\"> que <\/span><span style=\"margin: 0px;padding: 0px\">de la inteligencia artificial generativa.<\/span><\/span><span style=\"margin: 0px;padding: 0px;font-size: 12pt;line-height: 19.425px;font-family: Aptos, Aptos_EmbeddedFont, Aptos_MSFontService, sans-serif\" data-ccp-props=\"{\">\u00a0<\/span><\/p><\/div><div style=\"margin: 0px;padding: 0px;clear: both;cursor: text;overflow: visible;position: relative;direction: ltr;color: #000000;font-family: 'Segoe UI', 'Segoe UI Web', Arial, Verdana, sans-serif;font-size: 12px\"><p style=\"margin: 0px 0px 10.6667px;padding: 0px;vertical-align: baseline;background-color: transparent;color: windowtext\"><span lang=\"ES-ES\" style=\"margin: 0px;padding: 0px;font-size: 12pt;line-height: 19.425px;font-family: Aptos, Aptos_EmbeddedFont, Aptos_MSFontService, sans-serif\" xml:lang=\"ES-ES\" data-contrast=\"auto\"><span style=\"margin: 0px;padding: 0px\">Por ello, <\/span><span style=\"margin: 0px;padding: 0px\">el Instituto Cervantes y la UNED organizan <\/span><span style=\"margin: 0px;padding: 0px\">este congreso <\/span><span style=\"margin: 0px;padding: 0px\">donde se <\/span><span style=\"margin: 0px;padding: 0px\">aborda<\/span><span style=\"margin: 0px;padding: 0px\">n estos temas y problemas desde<\/span><span style=\"margin: 0px;padding: 0px\"> diferentes <\/span><span style=\"margin: 0px;padding: 0px\">perspectivas.<\/span><\/span><\/p><p style=\"margin: 0px 0px 10.6667px;padding: 0px;vertical-align: baseline;background-color: transparent;color: windowtext\"><strong><span lang=\"ES-ES\" style=\"margin: 0px;padding: 0px;font-size: 12pt;line-height: 19.425px;font-family: Aptos, Aptos_EmbeddedFont, Aptos_MSFontService, sans-serif\" xml:lang=\"ES-ES\" data-contrast=\"auto\"><span style=\"margin: 0px;padding: 0px\">Para m\u00e1s informaci\u00f3n, pueden escribir al Comit\u00e9 Organizador \/ Cient\u00edfico, a nombre de Tom\u00e1s Domingo Moratalla o Yolanda de la Iglesia S\u00e1nchez, en la direcci\u00f3n <a href=\"mailto:congreso-ia@cervantes.es\">congreso-ia@cervantes.es<\/a>.<\/span><\/span><span style=\"margin: 0px;padding: 0px;font-size: 12pt;line-height: 19.425px;font-family: Aptos, Aptos_EmbeddedFont, Aptos_MSFontService, sans-serif\" data-ccp-props=\"{\">\u00a0<\/span><\/strong><\/p><\/div><div>\u00a0<\/div><div><p><!-- [if gte mso 9]&gt;--><\/p><p><!-- [if gte mso 9]&gt;--><\/p><p><!-- [if gte mso 9]&gt;--><\/p><p><!-- [if gte mso 10]&gt;--><\/p><\/div>\t\t\t\t\t\t\t\t<\/div>\n\t\t\t\t<\/div>\n\t\t\t\t<div class=\"elementor-element elementor-element-46e27ae elementor-align-center elementor-widget elementor-widget-button\" data-id=\"46e27ae\" data-element_type=\"widget\" data-e-type=\"widget\" data-widget_type=\"button.default\">\n\t\t\t\t<div class=\"elementor-widget-container\">\n\t\t\t\t\t\t\t\t\t<div class=\"elementor-button-wrapper\">\n\t\t\t\t\t<a class=\"elementor-button elementor-button-link elementor-size-md\" href=\"https:\/\/blogs.uned.es\/inteligenciaartificialetica\/contacto\/\">\n\t\t\t\t\t\t<span class=\"elementor-button-content-wrapper\">\n\t\t\t\t\t\t\t\t\t<span class=\"elementor-button-text\">\u00a1Inscr\u00edbete!<\/span>\n\t\t\t\t\t<\/span>\n\t\t\t\t\t<\/a>\n\t\t\t\t<\/div>\n\t\t\t\t\t\t\t\t<\/div>\n\t\t\t\t<\/div>\n\t\t\t\t\t<\/div>\n\t\t<\/div>\n\t\t\t\t\t<\/div>\n\t\t<\/section>\n\t\t\t\t<section class=\"elementor-section elementor-top-section elementor-element elementor-element-151a8dd elementor-section-boxed elementor-section-height-default elementor-section-height-default\" data-id=\"151a8dd\" data-element_type=\"section\" data-e-type=\"section\">\n\t\t\t\t\t\t<div class=\"elementor-container elementor-column-gap-default\">\n\t\t\t\t\t<div class=\"elementor-column elementor-col-50 elementor-top-column elementor-element elementor-element-ee49390\" data-id=\"ee49390\" data-element_type=\"column\" data-e-type=\"column\">\n\t\t\t<div class=\"elementor-widget-wrap elementor-element-populated\">\n\t\t\t\t\t\t<div class=\"elementor-element elementor-element-eca0842 elementor-widget elementor-widget-image\" data-id=\"eca0842\" data-element_type=\"widget\" data-e-type=\"widget\" data-widget_type=\"image.default\">\n\t\t\t\t<div class=\"elementor-widget-container\">\n\t\t\t\t\t\t\t\t\t\t\t\t\t\t\t<img loading=\"lazy\" decoding=\"async\" width=\"800\" height=\"534\" src=\"https:\/\/blogs.uned.es\/inteligenciaartificialetica\/wp-content\/uploads\/sites\/545\/2024\/09\/quienes_somos_inscribete1-1024x683.jpg\" class=\"attachment-large size-large wp-image-1329\" alt=\"\" srcset=\"https:\/\/blogs.uned.es\/inteligenciaartificialetica\/wp-content\/uploads\/sites\/545\/2024\/09\/quienes_somos_inscribete1-1024x683.jpg 1024w, https:\/\/blogs.uned.es\/inteligenciaartificialetica\/wp-content\/uploads\/sites\/545\/2024\/09\/quienes_somos_inscribete1-300x200.jpg 300w, https:\/\/blogs.uned.es\/inteligenciaartificialetica\/wp-content\/uploads\/sites\/545\/2024\/09\/quienes_somos_inscribete1-768x512.jpg 768w, https:\/\/blogs.uned.es\/inteligenciaartificialetica\/wp-content\/uploads\/sites\/545\/2024\/09\/quienes_somos_inscribete1.jpg 1200w\" sizes=\"(max-width: 800px) 100vw, 800px\" \/>\t\t\t\t\t\t\t\t\t\t\t\t\t\t\t<\/div>\n\t\t\t\t<\/div>\n\t\t\t\t\t<\/div>\n\t\t<\/div>\n\t\t\t\t<div class=\"elementor-column elementor-col-50 elementor-top-column elementor-element elementor-element-f0bf8fe\" data-id=\"f0bf8fe\" data-element_type=\"column\" data-e-type=\"column\">\n\t\t\t<div class=\"elementor-widget-wrap elementor-element-populated\">\n\t\t\t\t\t\t<div class=\"elementor-element elementor-element-706274d elementor-widget elementor-widget-image\" data-id=\"706274d\" data-element_type=\"widget\" data-e-type=\"widget\" data-widget_type=\"image.default\">\n\t\t\t\t<div class=\"elementor-widget-container\">\n\t\t\t\t\t\t\t\t\t\t\t\t\t\t\t<img loading=\"lazy\" decoding=\"async\" width=\"800\" height=\"534\" src=\"https:\/\/blogs.uned.es\/inteligenciaartificialetica\/wp-content\/uploads\/sites\/545\/2024\/09\/quienes_somos_inscribete2-1024x683.jpg\" class=\"attachment-large size-large wp-image-1331\" alt=\"\" srcset=\"https:\/\/blogs.uned.es\/inteligenciaartificialetica\/wp-content\/uploads\/sites\/545\/2024\/09\/quienes_somos_inscribete2-1024x683.jpg 1024w, https:\/\/blogs.uned.es\/inteligenciaartificialetica\/wp-content\/uploads\/sites\/545\/2024\/09\/quienes_somos_inscribete2-300x200.jpg 300w, https:\/\/blogs.uned.es\/inteligenciaartificialetica\/wp-content\/uploads\/sites\/545\/2024\/09\/quienes_somos_inscribete2-768x512.jpg 768w, https:\/\/blogs.uned.es\/inteligenciaartificialetica\/wp-content\/uploads\/sites\/545\/2024\/09\/quienes_somos_inscribete2.jpg 1200w\" sizes=\"(max-width: 800px) 100vw, 800px\" \/>\t\t\t\t\t\t\t\t\t\t\t\t\t\t\t<\/div>\n\t\t\t\t<\/div>\n\t\t\t\t\t<\/div>\n\t\t<\/div>\n\t\t\t\t\t<\/div>\n\t\t<\/section>\n\t\t\t\t<\/div>\n\t\t","protected":false},"excerpt":{"rendered":"<p>Qui\u00e9nes somos Instituto Cervantes C\u00edrculo de Bellas Artes UNED- Facultades de Humanidades Congreso sobre Inteligencia Artificial y \u00c9tica La inteligencia artificial ya est\u00e1 entre nosotros. De manera habitual trabajamos y nos movemos en entornos controlados y pautados por inteligencia artificial. Lo que era una posibilidad se ha convertido en realidad. Y las posibles aplicaciones siguen aumentado. No se trata ya s\u00f3lo de algoritmos, c\u00e1lculos y procesos; la inteligencia artificial modifica nuestra realidad, la manera de pensar y de relacionarnos. \u00a0 La cultura human\u00edstica y la \u00e9tica debe ser un aspecto central en el desarrollo de la inteligencia artificial para garantizar que se maximicen sus beneficios y se mitiguen los riesgos, y nunca se olvide la centralidad de la vida humana. La obsolescencia humana, que puede adoptar m\u00faltiples formas, es el gran peligro. Los ciudadanos necesitan contar con las competencias que les permitan aprovechar las oportunidades y afrontar los riesgos que&hellip;<\/p>\n<p> <a class=\"more-link\" href=\"https:\/\/blogs.uned.es\/inteligenciaartificialetica\/quienes\/\">Leer m\u00e1s<\/a><\/p>\n","protected":false},"author":1,"featured_media":0,"parent":0,"menu_order":0,"comment_status":"closed","ping_status":"closed","template":"","meta":{"footnotes":""},"class_list":["post-31","page","type-page","status-publish"],"_links":{"self":[{"href":"https:\/\/blogs.uned.es\/inteligenciaartificialetica\/wp-json\/wp\/v2\/pages\/31","targetHints":{"allow":["GET"]}}],"collection":[{"href":"https:\/\/blogs.uned.es\/inteligenciaartificialetica\/wp-json\/wp\/v2\/pages"}],"about":[{"href":"https:\/\/blogs.uned.es\/inteligenciaartificialetica\/wp-json\/wp\/v2\/types\/page"}],"author":[{"embeddable":true,"href":"https:\/\/blogs.uned.es\/inteligenciaartificialetica\/wp-json\/wp\/v2\/users\/1"}],"replies":[{"embeddable":true,"href":"https:\/\/blogs.uned.es\/inteligenciaartificialetica\/wp-json\/wp\/v2\/comments?post=31"}],"version-history":[{"count":65,"href":"https:\/\/blogs.uned.es\/inteligenciaartificialetica\/wp-json\/wp\/v2\/pages\/31\/revisions"}],"predecessor-version":[{"id":1887,"href":"https:\/\/blogs.uned.es\/inteligenciaartificialetica\/wp-json\/wp\/v2\/pages\/31\/revisions\/1887"}],"wp:attachment":[{"href":"https:\/\/blogs.uned.es\/inteligenciaartificialetica\/wp-json\/wp\/v2\/media?parent=31"}],"curies":[{"name":"wp","href":"https:\/\/api.w.org\/{rel}","templated":true}]}}