{"id":19,"date":"2019-10-09T10:30:03","date_gmt":"2019-10-09T08:30:03","guid":{"rendered":"http:\/\/blogs.uned.es\/inteligenciaartificialetica\/?page_id=19"},"modified":"2024-11-04T17:34:09","modified_gmt":"2024-11-04T16:34:09","slug":"contacto","status":"publish","type":"page","link":"https:\/\/blogs.uned.es\/inteligenciaartificialetica\/contacto\/","title":{"rendered":"Inscripciones"},"content":{"rendered":"\t\t<div data-elementor-type=\"wp-page\" data-elementor-id=\"19\" class=\"elementor elementor-19\">\n\t\t\t\t\t\t<section class=\"elementor-section elementor-top-section elementor-element elementor-element-2fd3db2 elementor-section-stretched elementor-section-full_width elementor-section-height-min-height elementor-section-height-default elementor-section-items-middle\" data-id=\"2fd3db2\" data-element_type=\"section\" data-e-type=\"section\" data-settings=\"{&quot;stretch_section&quot;:&quot;section-stretched&quot;,&quot;background_background&quot;:&quot;classic&quot;}\">\n\t\t\t\t\t\t<div class=\"elementor-container elementor-column-gap-default\">\n\t\t\t\t\t<div class=\"elementor-column elementor-col-100 elementor-top-column elementor-element elementor-element-9cf456b\" data-id=\"9cf456b\" data-element_type=\"column\" data-e-type=\"column\">\n\t\t\t<div class=\"elementor-widget-wrap elementor-element-populated\">\n\t\t\t\t\t\t<section class=\"elementor-section elementor-inner-section elementor-element elementor-element-fc0d28e elementor-section-boxed elementor-section-height-default elementor-section-height-default\" data-id=\"fc0d28e\" data-element_type=\"section\" data-e-type=\"section\">\n\t\t\t\t\t\t<div class=\"elementor-container elementor-column-gap-default\">\n\t\t\t\t\t<div class=\"elementor-column elementor-col-50 elementor-inner-column elementor-element elementor-element-7730391\" data-id=\"7730391\" data-element_type=\"column\" data-e-type=\"column\">\n\t\t\t<div class=\"elementor-widget-wrap\">\n\t\t\t\t\t\t\t<\/div>\n\t\t<\/div>\n\t\t\t\t<div class=\"elementor-column elementor-col-50 elementor-inner-column elementor-element elementor-element-f1a30af\" data-id=\"f1a30af\" data-element_type=\"column\" data-e-type=\"column\">\n\t\t\t<div class=\"elementor-widget-wrap elementor-element-populated\">\n\t\t\t\t\t\t<div class=\"elementor-element elementor-element-8ea7321 elementor-widget elementor-widget-heading\" data-id=\"8ea7321\" data-element_type=\"widget\" data-e-type=\"widget\" data-widget_type=\"heading.default\">\n\t\t\t\t<div class=\"elementor-widget-container\">\n\t\t\t\t\t<h2 class=\"elementor-heading-title elementor-size-default\">Inscripciones<\/h2>\t\t\t\t<\/div>\n\t\t\t\t<\/div>\n\t\t\t\t\t<\/div>\n\t\t<\/div>\n\t\t\t\t\t<\/div>\n\t\t<\/section>\n\t\t\t\t\t<\/div>\n\t\t<\/div>\n\t\t\t\t\t<\/div>\n\t\t<\/section>\n\t\t\t\t<section class=\"elementor-section elementor-top-section elementor-element elementor-element-9085452 .infocontacto elementor-section-boxed elementor-section-height-default elementor-section-height-default\" data-id=\"9085452\" data-element_type=\"section\" data-e-type=\"section\" id=\"infocontacto\">\n\t\t\t\t\t\t<div class=\"elementor-container elementor-column-gap-default\">\n\t\t\t\t\t<div class=\"elementor-column elementor-col-100 elementor-top-column elementor-element elementor-element-f269bc4\" data-id=\"f269bc4\" data-element_type=\"column\" data-e-type=\"column\">\n\t\t\t<div class=\"elementor-widget-wrap elementor-element-populated\">\n\t\t\t\t\t\t<div class=\"elementor-element elementor-element-60311eb elementor-widget elementor-widget-heading\" data-id=\"60311eb\" data-element_type=\"widget\" data-e-type=\"widget\" data-widget_type=\"heading.default\">\n\t\t\t\t<div class=\"elementor-widget-container\">\n\t\t\t\t\t<h3 class=\"elementor-heading-title elementor-size-default\">INSCRIPCIONES:<\/h3>\t\t\t\t<\/div>\n\t\t\t\t<\/div>\n\t\t\t\t<div class=\"elementor-element elementor-element-cae6111 elementor-widget elementor-widget-text-editor\" data-id=\"cae6111\" data-element_type=\"widget\" data-e-type=\"widget\" data-widget_type=\"text-editor.default\">\n\t\t\t\t<div class=\"elementor-widget-container\">\n\t\t\t\t\t\t\t\t\t<div style=\"margin: 0px;padding: 0px;color: #000000;font-size: 16px\">\n<div style=\"margin: 0px;padding: 0px;position: relative\">\n\n<span style=\"font-family: Aptos, Aptos_EmbeddedFont, Aptos_MSFontService, sans-serif;color: #323232;font-size: 1em;font-weight: bold\">ASISTENCIA GRATUITA AL CONGRESO (Si no necesita certificaci\u00f3n). PREVIA INSCRIPCI\u00d3N a la direcci\u00f3n email del Congreso<\/span>\n\n<span style=\"font-family: Aptos, Aptos_EmbeddedFont, Aptos_MSFontService, sans-serif;color: #323232;font-size: 1.2em;font-weight: bold\">congreso-ia@cervantes.es<\/span><span style=\"color: #323232;font-family: Aptos, Aptos_EmbeddedFont, Aptos_MSFontService, sans-serif;font-size: 1.2em\">\u00a0<\/span>\n<div><span style=\"font-family: Aptos, Aptos_EmbeddedFont, Aptos_MSFontService, sans-serif\">\u00a0<\/span><\/div>\n<div style=\"margin: 0px;padding: 0px\">\n<div style=\"margin: 0px;padding: 0px;position: relative\">\n\n<span style=\"font-family: Aptos, Aptos_EmbeddedFont, Aptos_MSFontService, sans-serif\">Las tarifas (para los que requieren certificado) son las siguientes:\u00a0<\/span>\n<ul style=\"margin: 0px;font-family: verdana;cursor: text;overflow: visible\" role=\"list\">\n \t<li style=\"padding-top: 0px;padding-bottom: 0px;margin: 0px 0px 0px 24px;clear: both;cursor: text;overflow: visible;position: relative;direction: ltr;font-size: 12pt;font-family: Aptos, Aptos_MSFontService, sans-serif;vertical-align: baseline\" role=\"listitem\" data-leveltext=\"\uf0b7\" data-font=\"Symbol\" data-listid=\"2\" data-list-defn-props=\"{\" data-aria-posinset=\"1\" data-aria-level=\"1\">\n<p style=\"margin: 0px;padding: 0px;vertical-align: baseline;background-color: transparent;color: windowtext\"><span lang=\"ES-ES\" style=\"margin: 0px;padding: 0px;font-size: 12pt;line-height: 20.925px;font-family: Aptos, Aptos_EmbeddedFont, Aptos_MSFontService, sans-serif\" xml:lang=\"ES-ES\" data-contrast=\"auto\"><span style=\"margin: 0px;padding: 0px\"><span style=\"font-weight: bold\">Tarifa con certificado<\/span>\u00a0(Asistencia<\/span><span style=\"margin: 0px;padding: 0px;background-position: 0px 100%;background-repeat: repeat-x;background-image: var(--urlSpellingErrorV2,);border-bottom: 1px solid transparent\">\u00a0con opci\u00f3n a dos talleres<\/span><span style=\"margin: 0px;padding: 0px\">): 80\u20ac\u00a0<\/span><span style=\"margin: 0px;padding: 0px\">(con derecho a certificado)<\/span><\/span><span style=\"margin: 0px;padding: 0px;font-size: 12pt;line-height: 20.925px;font-family: Aptos, Aptos_EmbeddedFont, Aptos_MSFontService, sans-serif\" data-ccp-props=\"{\">\u00a0<\/span><\/p>\n<\/li>\n<\/ul>\n<\/div>\n<\/div>\n<div style=\"margin: 0px;padding: 0px\">\n<div style=\"margin: 0px;padding: 0px;position: relative\">\n<ul style=\"margin: 0px;cursor: text;overflow: visible\" role=\"list\">\n \t<li style=\"padding-top: 0px;padding-bottom: 0px;font-family: Aptos, Aptos_MSFontService, sans-serif;margin: 0px 0px 0px 24px;clear: both;cursor: text;overflow: visible;position: relative;direction: ltr;font-size: 12pt;vertical-align: baseline\" role=\"listitem\" data-leveltext=\"\uf0b7\" data-font=\"Symbol\" data-listid=\"2\" data-list-defn-props=\"{\" data-aria-posinset=\"2\" data-aria-level=\"1\">\n<p style=\"margin: 0px;padding: 0px;vertical-align: baseline;background-color: transparent;color: windowtext\"><span lang=\"ES-ES\" style=\"margin: 0px;padding: 0px;font-size: 12pt;line-height: 20.925px;font-family: Aptos, Aptos_EmbeddedFont, Aptos_MSFontService, sans-serif\" xml:lang=\"ES-ES\" data-contrast=\"auto\"><span style=\"font-weight: bold\"><span style=\"margin: 0px;padding: 0px\">Tarifa con comunicaci\u00f3n<\/span><\/span><span style=\"margin: 0px;padding: 0px\">\u00a0(Asistencia\u00a0<\/span><span style=\"margin: 0px;padding: 0px;background-position: 0px 100%;background-repeat: repeat-x;background-image: var(--urlSpellingErrorV2,);border-bottom: 1px solid transparent\">con opci\u00f3n a dos talleres + Comunicaci\u00f3n<\/span><span style=\"margin: 0px;padding: 0px\">)<\/span><span style=\"margin: 0px;padding: 0px\">: 80\u20ac<\/span><span style=\"margin: 0px;padding: 0px\">\u00a0(con derecho a certificado)<\/span><\/span><\/p>\n<\/li>\n \t<li style=\"padding-top: 0px;padding-bottom: 0px;margin: 0px 0px 0px 24px;clear: both;cursor: text;overflow: visible;position: relative;direction: ltr;font-size: 12pt;vertical-align: baseline\" role=\"listitem\" data-leveltext=\"\uf0b7\" data-font=\"Symbol\" data-listid=\"2\" data-list-defn-props=\"{\" data-aria-posinset=\"2\" data-aria-level=\"1\">\n<p style=\"margin: 0px;padding: 0px;vertical-align: baseline;background-color: transparent;color: windowtext\"><span style=\"font-family: Aptos, Aptos_EmbeddedFont, Aptos_MSFontService, sans-serif\"><span style=\"font-weight: bold\">Tarifas especiales<\/span>\u00a0(estudiantes, personal UNED, personal IC)<\/span><span style=\"font-size: 12pt;font-weight: var( --e-global-typography-text-font-weight );font-family: Aptos, Aptos_EmbeddedFont, Aptos_MSFontService, sans-serif;margin: 0px;padding: 0px\">(Asistencia<\/span><span style=\"font-size: 12pt;font-weight: var( --e-global-typography-text-font-weight );font-family: Aptos, Aptos_EmbeddedFont, Aptos_MSFontService, sans-serif;margin: 0px;padding: 0px;background-position: 0px 100%;background-repeat: repeat-x;background-image: var(--urlSpellingErrorV2,);border-bottom: 1px solid transparent\">\u00a0con opci\u00f3n a dos talleres<\/span><span style=\"font-size: 12pt;font-weight: var( --e-global-typography-text-font-weight );font-family: Aptos, Aptos_EmbeddedFont, Aptos_MSFontService, sans-serif;margin: 0px;padding: 0px\">)<\/span><span style=\"font-family: Aptos, Aptos_EmbeddedFont, Aptos_MSFontService, sans-serif;background-color: transparent;color: windowtext;font-size: 12pt;font-weight: var( --e-global-typography-text-font-weight )\">: matr\u00edcula gratuita\u00a0<\/span><span style=\"font-family: Aptos, Aptos_EmbeddedFont, Aptos_MSFontService, sans-serif;background-color: transparent;font-size: 12pt;font-weight: var( --e-global-typography-text-font-weight )\">(con derecho a certificado)<\/span><\/p>\n<\/li>\n<\/ul>\n<div><span style=\"font-family: Aptos, Aptos_EmbeddedFont, Aptos_MSFontService, sans-serif\">\u00a0<\/span><\/div>\n<ul style=\"margin: 0px;cursor: text;overflow: visible\" role=\"list\">\n \t<li style=\"padding-top: 0px;padding-bottom: 0px;margin: 0px 0px 0px 24px;clear: both;cursor: text;overflow: visible;position: relative;direction: ltr;font-size: 12pt;vertical-align: baseline\" role=\"listitem\" data-leveltext=\"\uf0b7\" data-font=\"Symbol\" data-listid=\"2\" data-list-defn-props=\"{\" data-aria-posinset=\"2\" data-aria-level=\"1\">\n<p style=\"margin: 0px;padding: 0px;vertical-align: baseline;background-color: transparent;color: windowtext\"><span style=\"background-color: transparent;color: windowtext;font-size: 12pt;font-weight: var( --e-global-typography-text-font-weight );font-family: Aptos, Aptos_EmbeddedFont, Aptos_MSFontService, sans-serif\">Es imprescindible la inscripci\u00f3n en los talleres individuales. Ver <\/span><a style=\"font-size: 12pt;font-weight: var( --e-global-typography-text-font-weight );font-family: Aptos, Aptos_EmbeddedFont, Aptos_MSFontService, sans-serif;background-color: #ffffff\" href=\"https:\/\/blogs.uned.es\/inteligenciaartificialetica\/programa\/\">programa<\/a><\/p>\n<\/li>\n<\/ul>\n<\/div>\n<\/div>\n<div><span style=\"font-family: Aptos, Aptos_EmbeddedFont, Aptos_MSFontService, sans-serif\">Las personas que presenten comunicaciones, igualmente deber\u00e1n inscribirse como asistentes.\nLa organizaci\u00f3n confirmar\u00e1 por correo electr\u00f3nico la admisi\u00f3n. En caso de no recibir confirmaci\u00f3n, por favor, escriban a la direcci\u00f3n indicada a continuaci\u00f3n.<\/span><\/div>\n<div><span style=\"font-family: Aptos, Aptos_EmbeddedFont, Aptos_MSFontService, sans-serif\">\u00a0<\/span><\/div>\n<div><strong><span style=\"font-family: Aptos, Aptos_EmbeddedFont, Aptos_MSFontService, sans-serif\">Para m\u00e1s informaci\u00f3n, pueden escribir al Comit\u00e9 Organizador \/ Cient\u00edfico, a nombre de Tom\u00e1s Domingo Moratalla o Yolanda de la Iglesia S\u00e1nchez, en la direcci\u00f3n <\/span><\/strong><b><u><span style=\"font-size: 12.0pt;font-family: 'Segoe UI',sans-serif;color: #174e86\"><strong><a href=\"mailto:congreso-ia@cervantes.es\" target=\"_blank\" rel=\"noopener\">congreso-ia@cervantes.es<\/a><\/strong>\n<\/span><\/u><\/b><\/div>\n<\/div>\n<\/div>\t\t\t\t\t\t\t\t<\/div>\n\t\t\t\t<\/div>\n\t\t\t\t\t<\/div>\n\t\t<\/div>\n\t\t\t\t\t<\/div>\n\t\t<\/section>\n\t\t\t\t<section class=\"elementor-section elementor-top-section elementor-element elementor-element-f16a454 elementor-section-boxed elementor-section-height-default elementor-section-height-default\" data-id=\"f16a454\" data-element_type=\"section\" data-e-type=\"section\">\n\t\t\t\t\t\t<div class=\"elementor-container elementor-column-gap-default\">\n\t\t\t\t\t<div class=\"elementor-column elementor-col-100 elementor-top-column elementor-element elementor-element-2f204cd\" data-id=\"2f204cd\" data-element_type=\"column\" data-e-type=\"column\">\n\t\t\t<div class=\"elementor-widget-wrap elementor-element-populated\">\n\t\t\t\t\t\t<div class=\"elementor-element elementor-element-18f5424 elementor-widget elementor-widget-text-editor\" data-id=\"18f5424\" data-element_type=\"widget\" data-e-type=\"widget\" data-widget_type=\"text-editor.default\">\n\t\t\t\t<div class=\"elementor-widget-container\">\n\t\t\t\t\t\t\t\t\t<p>ANTES DE REALIZAR LA INSCRIPCI\u00d3N LEA ATENTAMENTE LAS SIGUIENTES INDICACIONES:\u00a0<\/p><p>1. Escriba un mensaje a <a href=\"mailto:congreso-ia@cervantes.es\"><b>congreso-ia@cervantes.es<\/b><\/a>. Indique sus datos: Nombre, apellidos, direcci\u00f3n de correo, y tipo de inscripci\u00f3n (Asistencia a taller 1 o 2, Tarifa especial).<\/p><p><span style=\"color: var( --e-global-color-text );font-family: var( --e-global-typography-text-font-family ), Sans-serif;font-weight: var( --e-global-typography-text-font-weight )\">2. Una vez que haya recibido el correo de aceptaci\u00f3n como respuesta, debe realizar el pago de la cuota de inscripci\u00f3n (la informaci\u00f3n sobre las distintas cuotas est\u00e1 disponible en la web del Congreso). Debe abonar la cuota de inscripci\u00f3n a la cuenta bancaria:<\/span><\/p><p style=\"padding-left: 40px\"><span style=\"color: var( --e-global-color-text );font-family: var( --e-global-typography-text-font-family ), Sans-serif;font-weight: var( --e-global-typography-text-font-weight )\">BANCO SANTANDER\u00a0<br \/><\/span><strong><span style=\"color: var( --e-global-color-text );font-family: var( --e-global-typography-text-font-family ), Sans-serif\">N\u00famero d<\/span>e Cuenta<\/strong>: ES69 0049 000<span style=\"color: var( --e-global-color-text );font-family: var( --e-global-typography-text-font-family ), Sans-serif;font-weight: var( --e-global-typography-text-font-weight )\">1 5323 1143 6261\u00a0<br \/><\/span><span style=\"color: var( --e-global-color-text );font-family: var( --e-global-typography-text-font-family ), Sans-serif;font-weight: var( --e-global-typography-text-font-weight )\"><strong>Titularidad<\/strong>:\u00a0 UNED (Cuenta de Investigaci\u00f3n)\u00a0<br \/><\/span><span style=\"color: var( --e-global-color-text );font-family: var( --e-global-typography-text-font-family ), Sans-serif;font-weight: var( --e-global-typography-text-font-weight )\"><strong>Concepto<\/strong>: Congreso IA-\u00c9tica (ICervantes-UNED)\u00a0<\/span><\/p><p><span style=\"color: var( --e-global-color-text );font-family: var( --e-global-typography-text-font-family ), Sans-serif;font-weight: var( --e-global-typography-text-font-weight )\">3. Env\u00ede al correo electr\u00f3nico <\/span><a href=\"mailto:congreso-ia@cervantes.es\"><span style=\"color: var( --e-global-color-text );font-family: var( --e-global-typography-text-font-family ), Sans-serif\"><b>congreso-ia@cervantes.es<\/b><\/span><\/a><span style=\"color: var( --e-global-color-text );font-family: var( --e-global-typography-text-font-family ), Sans-serif;font-weight: var( --e-global-typography-text-font-weight )\"> el justificante, como archivo adjunto, de haber realizado el pago.<\/span><\/p><p><span style=\"color: var( --e-global-color-text );font-family: var( --e-global-typography-text-font-family ), Sans-serif;font-weight: var( --e-global-typography-text-font-weight )\">CUANDO HAYA FINALIZADO ESTOS TRES PASOS SU INSCRIPCI\u00d3N ESTAR\u00c1 COMPLETA.\u00a0<\/span><\/p>\t\t\t\t\t\t\t\t<\/div>\n\t\t\t\t<\/div>\n\t\t\t\t\t<\/div>\n\t\t<\/div>\n\t\t\t\t\t<\/div>\n\t\t<\/section>\n\t\t\t\t<section class=\"elementor-section elementor-top-section elementor-element elementor-element-5ec942f elementor-section-boxed elementor-section-height-default elementor-section-height-default\" data-id=\"5ec942f\" data-element_type=\"section\" data-e-type=\"section\">\n\t\t\t\t\t\t<div class=\"elementor-container elementor-column-gap-default\">\n\t\t\t\t\t<div class=\"elementor-column elementor-col-100 elementor-top-column elementor-element elementor-element-49dbe6e\" data-id=\"49dbe6e\" data-element_type=\"column\" data-e-type=\"column\">\n\t\t\t<div class=\"elementor-widget-wrap elementor-element-populated\">\n\t\t\t\t\t\t\t<\/div>\n\t\t<\/div>\n\t\t\t\t\t<\/div>\n\t\t<\/section>\n\t\t\t\t<\/div>\n\t\t","protected":false},"excerpt":{"rendered":"<p>Inscripciones INSCRIPCIONES: ASISTENCIA GRATUITA AL CONGRESO (Si no necesita certificaci\u00f3n). PREVIA INSCRIPCI\u00d3N a la direcci\u00f3n email del Congreso congreso-ia@cervantes.es\u00a0 \u00a0 Las tarifas (para los que requieren certificado) son las siguientes:\u00a0 Tarifa con certificado\u00a0(Asistencia\u00a0con opci\u00f3n a dos talleres): 80\u20ac\u00a0(con derecho a certificado)\u00a0 Tarifa con comunicaci\u00f3n\u00a0(Asistencia\u00a0con opci\u00f3n a dos talleres + Comunicaci\u00f3n): 80\u20ac\u00a0(con derecho a certificado) Tarifas especiales\u00a0(estudiantes, personal UNED, personal IC)(Asistencia\u00a0con opci\u00f3n a dos talleres): matr\u00edcula gratuita\u00a0(con derecho a certificado) \u00a0 Es imprescindible la inscripci\u00f3n en los talleres individuales. Ver programa Las personas que presenten comunicaciones, igualmente deber\u00e1n inscribirse como asistentes. La organizaci\u00f3n confirmar\u00e1 por correo electr\u00f3nico la admisi\u00f3n. En caso de no recibir confirmaci\u00f3n, por favor, escriban a la direcci\u00f3n indicada a continuaci\u00f3n. \u00a0 Para m\u00e1s informaci\u00f3n, pueden escribir al Comit\u00e9 Organizador \/ Cient\u00edfico, a nombre de Tom\u00e1s Domingo Moratalla o Yolanda de la Iglesia S\u00e1nchez, en la direcci\u00f3n congreso-ia@cervantes.es ANTES DE REALIZAR LA INSCRIPCI\u00d3N LEA ATENTAMENTE LAS SIGUIENTES INDICACIONES:\u00a0&hellip;<\/p>\n<p> <a class=\"more-link\" href=\"https:\/\/blogs.uned.es\/inteligenciaartificialetica\/contacto\/\">Leer m\u00e1s<\/a><\/p>\n","protected":false},"author":1,"featured_media":0,"parent":0,"menu_order":0,"comment_status":"closed","ping_status":"closed","template":"","meta":{"footnotes":""},"class_list":["post-19","page","type-page","status-publish"],"_links":{"self":[{"href":"https:\/\/blogs.uned.es\/inteligenciaartificialetica\/wp-json\/wp\/v2\/pages\/19","targetHints":{"allow":["GET"]}}],"collection":[{"href":"https:\/\/blogs.uned.es\/inteligenciaartificialetica\/wp-json\/wp\/v2\/pages"}],"about":[{"href":"https:\/\/blogs.uned.es\/inteligenciaartificialetica\/wp-json\/wp\/v2\/types\/page"}],"author":[{"embeddable":true,"href":"https:\/\/blogs.uned.es\/inteligenciaartificialetica\/wp-json\/wp\/v2\/users\/1"}],"replies":[{"embeddable":true,"href":"https:\/\/blogs.uned.es\/inteligenciaartificialetica\/wp-json\/wp\/v2\/comments?post=19"}],"version-history":[{"count":98,"href":"https:\/\/blogs.uned.es\/inteligenciaartificialetica\/wp-json\/wp\/v2\/pages\/19\/revisions"}],"predecessor-version":[{"id":1993,"href":"https:\/\/blogs.uned.es\/inteligenciaartificialetica\/wp-json\/wp\/v2\/pages\/19\/revisions\/1993"}],"wp:attachment":[{"href":"https:\/\/blogs.uned.es\/inteligenciaartificialetica\/wp-json\/wp\/v2\/media?parent=19"}],"curies":[{"name":"wp","href":"https:\/\/api.w.org\/{rel}","templated":true}]}}