{"id":81,"date":"2017-11-20T12:17:50","date_gmt":"2017-11-20T12:17:50","guid":{"rendered":"http:\/\/blogs.uned.es\/iedata\/?page_id=81"},"modified":"2017-12-04T08:19:30","modified_gmt":"2017-12-04T08:19:30","slug":"objetivos","status":"publish","type":"page","link":"https:\/\/blogs.uned.es\/iedata\/","title":{"rendered":"OBJETIVOS"},"content":{"rendered":"<p><strong>OBJETIVO PRINCIPAL<\/strong><\/p>\n<ul>\n<li>Ofrecer a los alumnos de diferentes asignaturas de grado y m\u00e1ster nuevos nuevos recursos que les permitan familiarizarse y comprender de manera pr\u00e1ctica el an\u00e1lisis de datos y la construcci\u00f3n de modelos.<\/li>\n<\/ul>\n<p><strong>SUBOBJETIVOS<\/strong><\/p>\n<ul>\n<li>Proporcionar recursos online para el aprendizaje: herramientas interactivas, tutoriales, art\u00edculos,\u2026<\/li>\n<li>Proporcionar un repositorio de herramientas software y datos reales.<\/li>\n<li>Aprender a determinar contenidos clave de distintas asignaturas.<\/li>\n<li>Proponer aplicaciones pr\u00e1cticas (reales o simuladas)<\/li>\n<li>Analizar herramientas existentes de visualizaci\u00f3n de datos.<\/li>\n<li>Desarrollar nuevas propuestas de visualizaci\u00f3n de datos multidimensionales.<\/li>\n<li>Proponer Trabajos Fin de M\u00e1ster (TFM) y Trabajos Fin de Grado (TFG).<\/li>\n<li>Buscar oportunidades de colaboraci\u00f3n con empresas.<\/li>\n<li>Proponer cursos de extensi\u00f3n universitaria gratuitos para ampliar conocimientos sobre los nuevos avances y tecnolog\u00edas.<\/li>\n<li>Potenciar el entorno colaborativo de formaci\u00f3n.<\/li>\n<\/ul>\n<p><strong>\u00a0L\u00cdNEAS DE TRABAJO<\/strong><\/p>\n<ul>\n<li>T\u00e9cnicas de miner\u00eda de datos y aprendizaje autom\u00e1tico.<\/li>\n<li>Servidor de aplicaciones en entornos de supercomputaci\u00f3n.<\/li>\n<li>Generaci\u00f3n de contenidos que permitan el enriquecimiento de la metodolog\u00eda docente de ense\u00f1anza a distancia.<\/li>\n<li>An\u00e1lisis de tecnolog\u00edas en Big Data.<\/li>\n<li>Propuestas innovadoras en los TFM y TFG.<\/li>\n<li>Creaci\u00f3n de interfaces para automatizar y facilitar las pr\u00e1cticas y trabajos de los alumnos.<\/li>\n<li>Visualizaci\u00f3n de datos.<\/li>\n<li>Formaci\u00f3n complementaria.<\/li>\n<\/ul>\n<p><script><\/p>\n<p><\/script><\/p>\n","protected":false},"excerpt":{"rendered":"<p>OBJETIVO PRINCIPAL Ofrecer a los alumnos de diferentes asignaturas de grado y m\u00e1ster nuevos nuevos recursos que les permitan familiarizarse y comprender de manera pr\u00e1ctica el an\u00e1lisis de datos y la construcci\u00f3n de modelos. SUBOBJETIVOS Proporcionar recursos online para el <a class=\"more-link\" href=\"https:\/\/blogs.uned.es\/iedata\/\">Seguir leyendo <span class=\"meta-nav\">&rarr;<\/span><\/a><\/p>\n","protected":false},"author":15,"featured_media":0,"parent":0,"menu_order":0,"comment_status":"closed","ping_status":"closed","template":"","meta":{"footnotes":""},"class_list":["post-81","page","type-page","status-publish","hentry"],"_links":{"self":[{"href":"https:\/\/blogs.uned.es\/iedata\/wp-json\/wp\/v2\/pages\/81","targetHints":{"allow":["GET"]}}],"collection":[{"href":"https:\/\/blogs.uned.es\/iedata\/wp-json\/wp\/v2\/pages"}],"about":[{"href":"https:\/\/blogs.uned.es\/iedata\/wp-json\/wp\/v2\/types\/page"}],"author":[{"embeddable":true,"href":"https:\/\/blogs.uned.es\/iedata\/wp-json\/wp\/v2\/users\/15"}],"replies":[{"embeddable":true,"href":"https:\/\/blogs.uned.es\/iedata\/wp-json\/wp\/v2\/comments?post=81"}],"version-history":[{"count":4,"href":"https:\/\/blogs.uned.es\/iedata\/wp-json\/wp\/v2\/pages\/81\/revisions"}],"predecessor-version":[{"id":225,"href":"https:\/\/blogs.uned.es\/iedata\/wp-json\/wp\/v2\/pages\/81\/revisions\/225"}],"wp:attachment":[{"href":"https:\/\/blogs.uned.es\/iedata\/wp-json\/wp\/v2\/media?parent=81"}],"curies":[{"name":"wp","href":"https:\/\/api.w.org\/{rel}","templated":true}]}}