{"id":955,"date":"2025-10-20T20:53:51","date_gmt":"2025-10-20T18:53:51","guid":{"rendered":"https:\/\/blogs.uned.es\/ideaal\/?page_id=955"},"modified":"2025-10-31T17:25:00","modified_gmt":"2025-10-31T16:25:00","slug":"lineas-de-trabajo","status":"publish","type":"page","link":"https:\/\/blogs.uned.es\/ideaal\/lineas-de-trabajo\/","title":{"rendered":"L\u00edneas de trabajo"},"content":{"rendered":"\t\t<div data-elementor-type=\"wp-page\" data-elementor-id=\"955\" class=\"elementor elementor-955\">\n\t\t\t\t\t\t<section class=\"elementor-section elementor-top-section elementor-element elementor-element-305f893e elementor-section-stretched elementor-section-height-min-height elementor-section-content-middle elementor-section-boxed elementor-section-height-default elementor-section-items-middle\" data-id=\"305f893e\" data-element_type=\"section\" data-e-type=\"section\" data-settings=\"{&quot;stretch_section&quot;:&quot;section-stretched&quot;,&quot;background_background&quot;:&quot;classic&quot;}\">\n\t\t\t\t\t\t<div class=\"elementor-container elementor-column-gap-default\">\n\t\t\t\t\t<div class=\"elementor-column elementor-col-100 elementor-top-column elementor-element elementor-element-324fcf3d\" data-id=\"324fcf3d\" data-element_type=\"column\" data-e-type=\"column\">\n\t\t\t<div class=\"elementor-widget-wrap elementor-element-populated\">\n\t\t\t\t\t\t<section class=\"elementor-section elementor-inner-section elementor-element elementor-element-1961ec0b elementor-section-boxed elementor-section-height-default elementor-section-height-default\" data-id=\"1961ec0b\" data-element_type=\"section\" data-e-type=\"section\">\n\t\t\t\t\t\t<div class=\"elementor-container elementor-column-gap-default\">\n\t\t\t\t\t<div class=\"elementor-column elementor-col-50 elementor-inner-column elementor-element elementor-element-6a69e52e\" data-id=\"6a69e52e\" data-element_type=\"column\" data-e-type=\"column\">\n\t\t\t<div class=\"elementor-widget-wrap\">\n\t\t\t\t\t\t\t<\/div>\n\t\t<\/div>\n\t\t\t\t<div class=\"elementor-column elementor-col-50 elementor-inner-column elementor-element elementor-element-16b7a138\" data-id=\"16b7a138\" data-element_type=\"column\" data-e-type=\"column\">\n\t\t\t<div class=\"elementor-widget-wrap elementor-element-populated\">\n\t\t\t\t\t\t<div class=\"elementor-element elementor-element-1610d59 elementor-widget elementor-widget-heading\" data-id=\"1610d59\" data-element_type=\"widget\" data-e-type=\"widget\" data-widget_type=\"heading.default\">\n\t\t\t\t<div class=\"elementor-widget-container\">\n\t\t\t\t\t<h4 class=\"elementor-heading-title elementor-size-xxl\">L\u00edneas de trabajo<\/h4>\t\t\t\t<\/div>\n\t\t\t\t<\/div>\n\t\t\t\t\t<\/div>\n\t\t<\/div>\n\t\t\t\t\t<\/div>\n\t\t<\/section>\n\t\t\t\t\t<\/div>\n\t\t<\/div>\n\t\t\t\t\t<\/div>\n\t\t<\/section>\n\t\t\t\t<section class=\"elementor-section elementor-top-section elementor-element elementor-element-66d41ada elementor-section-boxed elementor-section-height-default elementor-section-height-default\" data-id=\"66d41ada\" data-element_type=\"section\" data-e-type=\"section\">\n\t\t\t\t\t\t<div class=\"elementor-container elementor-column-gap-default\">\n\t\t\t\t\t<div class=\"elementor-column elementor-col-50 elementor-top-column elementor-element elementor-element-2ff58f96\" data-id=\"2ff58f96\" data-element_type=\"column\" data-e-type=\"column\">\n\t\t\t<div class=\"elementor-widget-wrap elementor-element-populated\">\n\t\t\t\t\t\t<div class=\"elementor-element elementor-element-a8d6f6b elementor-widget elementor-widget-spacer\" data-id=\"a8d6f6b\" data-element_type=\"widget\" data-e-type=\"widget\" data-widget_type=\"spacer.default\">\n\t\t\t\t<div class=\"elementor-widget-container\">\n\t\t\t\t\t\t\t<div class=\"elementor-spacer\">\n\t\t\t<div class=\"elementor-spacer-inner\"><\/div>\n\t\t<\/div>\n\t\t\t\t\t\t<\/div>\n\t\t\t\t<\/div>\n\t\t\t\t<div class=\"elementor-element elementor-element-a696f59 elementor-widget elementor-widget-image\" data-id=\"a696f59\" data-element_type=\"widget\" data-e-type=\"widget\" data-widget_type=\"image.default\">\n\t\t\t\t<div class=\"elementor-widget-container\">\n\t\t\t\t\t\t\t\t\t\t\t\t\t\t\t<img fetchpriority=\"high\" decoding=\"async\" width=\"800\" height=\"245\" src=\"https:\/\/blogs.uned.es\/ideaal\/wp-content\/uploads\/sites\/607\/2019\/10\/estudiantes-1024x313.jpg\" class=\"attachment-large size-large wp-image-207\" alt=\"\" srcset=\"https:\/\/blogs.uned.es\/ideaal\/wp-content\/uploads\/sites\/607\/2019\/10\/estudiantes-1024x313.jpg 1024w, https:\/\/blogs.uned.es\/ideaal\/wp-content\/uploads\/sites\/607\/2019\/10\/estudiantes-300x92.jpg 300w, https:\/\/blogs.uned.es\/ideaal\/wp-content\/uploads\/sites\/607\/2019\/10\/estudiantes-768x234.jpg 768w\" sizes=\"(max-width: 800px) 100vw, 800px\" \/>\t\t\t\t\t\t\t\t\t\t\t\t\t\t\t<\/div>\n\t\t\t\t<\/div>\n\t\t\t\t\t<\/div>\n\t\t<\/div>\n\t\t\t\t<div class=\"elementor-column elementor-col-50 elementor-top-column elementor-element elementor-element-7aa3c1a\" data-id=\"7aa3c1a\" data-element_type=\"column\" data-e-type=\"column\">\n\t\t\t<div class=\"elementor-widget-wrap elementor-element-populated\">\n\t\t\t\t\t\t<div class=\"elementor-element elementor-element-fb4d0c6 elementor-widget elementor-widget-spacer\" data-id=\"fb4d0c6\" data-element_type=\"widget\" data-e-type=\"widget\" data-widget_type=\"spacer.default\">\n\t\t\t\t<div class=\"elementor-widget-container\">\n\t\t\t\t\t\t\t<div class=\"elementor-spacer\">\n\t\t\t<div class=\"elementor-spacer-inner\"><\/div>\n\t\t<\/div>\n\t\t\t\t\t\t<\/div>\n\t\t\t\t<\/div>\n\t\t\t\t<div class=\"elementor-element elementor-element-2a9ddd95 elementor-widget elementor-widget-toggle\" data-id=\"2a9ddd95\" data-element_type=\"widget\" data-e-type=\"widget\" data-widget_type=\"toggle.default\">\n\t\t\t\t<div class=\"elementor-widget-container\">\n\t\t\t\t\t\t\t<div class=\"elementor-toggle\">\n\t\t\t\t\t\t\t<div class=\"elementor-toggle-item\">\n\t\t\t\t\t<div id=\"elementor-tab-title-7141\" class=\"elementor-tab-title\" data-tab=\"1\" role=\"button\" aria-controls=\"elementor-tab-content-7141\" aria-expanded=\"false\">\n\t\t\t\t\t\t\t\t\t\t\t\t<span class=\"elementor-toggle-icon elementor-toggle-icon-right\" aria-hidden=\"true\">\n\t\t\t\t\t\t\t\t\t\t\t\t\t\t\t<span class=\"elementor-toggle-icon-closed\"><i class=\"fas fa-caret-right\"><\/i><\/span>\n\t\t\t\t\t\t\t\t<span class=\"elementor-toggle-icon-opened\"><i class=\"elementor-toggle-icon-opened fas fa-caret-up\"><\/i><\/span>\n\t\t\t\t\t\t\t\t\t\t\t\t\t<\/span>\n\t\t\t\t\t\t\t\t\t\t\t\t<a class=\"elementor-toggle-title\" tabindex=\"0\">Metodolog\u00edas activas<\/a>\n\t\t\t\t\t<\/div>\n\n\t\t\t\t\t<div id=\"elementor-tab-content-7141\" class=\"elementor-tab-content elementor-clearfix\" data-tab=\"1\" role=\"region\" aria-labelledby=\"elementor-tab-title-7141\"><p style=\"text-align: left\">Dise\u00f1o o renovaci\u00f3n de metodolog\u00edas activas que faciliten la participaci\u00f3n del estudiante en el aprendizaje en las titulaciones oficiales de Grado y M\u00e1ster de la UNED.<\/p><\/div>\n\t\t\t\t<\/div>\n\t\t\t\t\t\t\t\t<\/div>\n\t\t\t\t\t\t<\/div>\n\t\t\t\t<\/div>\n\t\t\t\t\t<\/div>\n\t\t<\/div>\n\t\t\t\t\t<\/div>\n\t\t<\/section>\n\t\t\t\t<section class=\"elementor-section elementor-top-section elementor-element elementor-element-6b8ab981 elementor-section-boxed elementor-section-height-default elementor-section-height-default\" data-id=\"6b8ab981\" data-element_type=\"section\" data-e-type=\"section\">\n\t\t\t\t\t\t<div class=\"elementor-container elementor-column-gap-default\">\n\t\t\t\t\t<div class=\"elementor-column elementor-col-50 elementor-top-column elementor-element elementor-element-59339cef\" data-id=\"59339cef\" data-element_type=\"column\" data-e-type=\"column\">\n\t\t\t<div class=\"elementor-widget-wrap elementor-element-populated\">\n\t\t\t\t\t\t<div class=\"elementor-element elementor-element-0522404 elementor-widget elementor-widget-image\" data-id=\"0522404\" data-element_type=\"widget\" data-e-type=\"widget\" data-widget_type=\"image.default\">\n\t\t\t\t<div class=\"elementor-widget-container\">\n\t\t\t\t\t\t\t\t\t\t\t\t\t\t\t<img decoding=\"async\" width=\"800\" height=\"245\" src=\"https:\/\/blogs.uned.es\/ideaal\/wp-content\/uploads\/sites\/607\/2019\/10\/clase-1024x313.jpg\" class=\"attachment-large size-large wp-image-95\" alt=\"\" srcset=\"https:\/\/blogs.uned.es\/ideaal\/wp-content\/uploads\/sites\/607\/2019\/10\/clase-1024x313.jpg 1024w, https:\/\/blogs.uned.es\/ideaal\/wp-content\/uploads\/sites\/607\/2019\/10\/clase-300x92.jpg 300w, https:\/\/blogs.uned.es\/ideaal\/wp-content\/uploads\/sites\/607\/2019\/10\/clase-768x234.jpg 768w\" sizes=\"(max-width: 800px) 100vw, 800px\" \/>\t\t\t\t\t\t\t\t\t\t\t\t\t\t\t<\/div>\n\t\t\t\t<\/div>\n\t\t\t\t\t<\/div>\n\t\t<\/div>\n\t\t\t\t<div class=\"elementor-column elementor-col-50 elementor-top-column elementor-element elementor-element-2a1a31cb\" data-id=\"2a1a31cb\" data-element_type=\"column\" data-e-type=\"column\">\n\t\t\t<div class=\"elementor-widget-wrap elementor-element-populated\">\n\t\t\t\t\t\t<div class=\"elementor-element elementor-element-41443233 elementor-widget__width-initial elementor-widget elementor-widget-toggle\" data-id=\"41443233\" data-element_type=\"widget\" data-e-type=\"widget\" data-widget_type=\"toggle.default\">\n\t\t\t\t<div class=\"elementor-widget-container\">\n\t\t\t\t\t\t\t<div class=\"elementor-toggle\">\n\t\t\t\t\t\t\t<div class=\"elementor-toggle-item\">\n\t\t\t\t\t<div id=\"elementor-tab-title-1091\" class=\"elementor-tab-title\" data-tab=\"1\" role=\"button\" aria-controls=\"elementor-tab-content-1091\" aria-expanded=\"false\">\n\t\t\t\t\t\t\t\t\t\t\t\t<span class=\"elementor-toggle-icon elementor-toggle-icon-right\" aria-hidden=\"true\">\n\t\t\t\t\t\t\t\t\t\t\t\t\t\t\t<span class=\"elementor-toggle-icon-closed\"><i class=\"fas fa-caret-right\"><\/i><\/span>\n\t\t\t\t\t\t\t\t<span class=\"elementor-toggle-icon-opened\"><i class=\"elementor-toggle-icon-opened fas fa-caret-up\"><\/i><\/span>\n\t\t\t\t\t\t\t\t\t\t\t\t\t<\/span>\n\t\t\t\t\t\t\t\t\t\t\t\t<a class=\"elementor-toggle-title\" tabindex=\"0\">M\u00e9todos de evaluaci\u00f3n<\/a>\n\t\t\t\t\t<\/div>\n\n\t\t\t\t\t<div id=\"elementor-tab-content-1091\" class=\"elementor-tab-content elementor-clearfix\" data-tab=\"1\" role=\"region\" aria-labelledby=\"elementor-tab-title-1091\"><p style=\"text-align: left\">Dise\u00f1o o desarrollo de m\u00e9todos de evaluaci\u00f3n de los resultados de aprendizaje y de las competencias espec\u00edficas y gen\u00e9ricas adquiridas por los estudiantes.<\/p><\/div>\n\t\t\t\t<\/div>\n\t\t\t\t\t\t\t\t<\/div>\n\t\t\t\t\t\t<\/div>\n\t\t\t\t<\/div>\n\t\t\t\t\t<\/div>\n\t\t<\/div>\n\t\t\t\t\t<\/div>\n\t\t<\/section>\n\t\t\t\t<section class=\"elementor-section elementor-top-section elementor-element elementor-element-73b75448 elementor-section-boxed elementor-section-height-default elementor-section-height-default\" data-id=\"73b75448\" data-element_type=\"section\" data-e-type=\"section\">\n\t\t\t\t\t\t<div class=\"elementor-container elementor-column-gap-default\">\n\t\t\t\t\t<div class=\"elementor-column elementor-col-50 elementor-top-column elementor-element elementor-element-bbe8d08\" data-id=\"bbe8d08\" data-element_type=\"column\" data-e-type=\"column\">\n\t\t\t<div class=\"elementor-widget-wrap elementor-element-populated\">\n\t\t\t\t\t\t<div class=\"elementor-element elementor-element-b2850fe elementor-widget elementor-widget-image\" data-id=\"b2850fe\" data-element_type=\"widget\" data-e-type=\"widget\" data-widget_type=\"image.default\">\n\t\t\t\t<div class=\"elementor-widget-container\">\n\t\t\t\t\t\t\t\t\t\t\t\t\t\t\t<img decoding=\"async\" width=\"800\" height=\"245\" src=\"https:\/\/blogs.uned.es\/ideaal\/wp-content\/uploads\/sites\/607\/2019\/10\/imagenaula-1024x313.jpg\" class=\"attachment-large size-large wp-image-195\" alt=\"\" srcset=\"https:\/\/blogs.uned.es\/ideaal\/wp-content\/uploads\/sites\/607\/2019\/10\/imagenaula-1024x313.jpg 1024w, https:\/\/blogs.uned.es\/ideaal\/wp-content\/uploads\/sites\/607\/2019\/10\/imagenaula-300x92.jpg 300w, https:\/\/blogs.uned.es\/ideaal\/wp-content\/uploads\/sites\/607\/2019\/10\/imagenaula-768x234.jpg 768w\" sizes=\"(max-width: 800px) 100vw, 800px\" \/>\t\t\t\t\t\t\t\t\t\t\t\t\t\t\t<\/div>\n\t\t\t\t<\/div>\n\t\t\t\t\t<\/div>\n\t\t<\/div>\n\t\t\t\t<div class=\"elementor-column elementor-col-50 elementor-top-column elementor-element elementor-element-62c986b2\" data-id=\"62c986b2\" data-element_type=\"column\" data-e-type=\"column\">\n\t\t\t<div class=\"elementor-widget-wrap elementor-element-populated\">\n\t\t\t\t\t\t<div class=\"elementor-element elementor-element-18d600fc elementor-widget__width-initial elementor-widget elementor-widget-toggle\" data-id=\"18d600fc\" data-element_type=\"widget\" data-e-type=\"widget\" data-widget_type=\"toggle.default\">\n\t\t\t\t<div class=\"elementor-widget-container\">\n\t\t\t\t\t\t\t<div class=\"elementor-toggle\">\n\t\t\t\t\t\t\t<div class=\"elementor-toggle-item\">\n\t\t\t\t\t<div id=\"elementor-tab-title-4161\" class=\"elementor-tab-title\" data-tab=\"1\" role=\"button\" aria-controls=\"elementor-tab-content-4161\" aria-expanded=\"false\">\n\t\t\t\t\t\t\t\t\t\t\t\t<span class=\"elementor-toggle-icon elementor-toggle-icon-right\" aria-hidden=\"true\">\n\t\t\t\t\t\t\t\t\t\t\t\t\t\t\t<span class=\"elementor-toggle-icon-closed\"><i class=\"fas fa-caret-right\"><\/i><\/span>\n\t\t\t\t\t\t\t\t<span class=\"elementor-toggle-icon-opened\"><i class=\"elementor-toggle-icon-opened fas fa-caret-up\"><\/i><\/span>\n\t\t\t\t\t\t\t\t\t\t\t\t\t<\/span>\n\t\t\t\t\t\t\t\t\t\t\t\t<a class=\"elementor-toggle-title\" tabindex=\"0\">Nuevas tendencias did\u00e1cticas<\/a>\n\t\t\t\t\t<\/div>\n\n\t\t\t\t\t<div id=\"elementor-tab-content-4161\" class=\"elementor-tab-content elementor-clearfix\" data-tab=\"1\" role=\"region\" aria-labelledby=\"elementor-tab-title-4161\"><p style=\"text-align: left\">Incorporaci\u00f3n de nuevas tendencias did\u00e1cticas a la metodolog\u00eda docente, especialmente en asignaturas de Trabajo Fin de Grado (TFG) y de Fin de M\u00e1ster (TFM) y que abarquen diferentes titulaciones.<\/p><\/div>\n\t\t\t\t<\/div>\n\t\t\t\t\t\t\t\t<\/div>\n\t\t\t\t\t\t<\/div>\n\t\t\t\t<\/div>\n\t\t\t\t\t<\/div>\n\t\t<\/div>\n\t\t\t\t\t<\/div>\n\t\t<\/section>\n\t\t\t\t<\/div>\n\t\t","protected":false},"excerpt":{"rendered":"<p>L\u00edneas de trabajo Metodolog\u00edas activas Dise\u00f1o o renovaci\u00f3n de metodolog\u00edas activas que faciliten la participaci\u00f3n del estudiante en el aprendizaje en las titulaciones oficiales de Grado y M\u00e1ster de la UNED. M\u00e9todos de evaluaci\u00f3n Dise\u00f1o o desarrollo de m\u00e9todos de evaluaci\u00f3n de los resultados de aprendizaje y de las competencias espec\u00edficas y gen\u00e9ricas adquiridas por los estudiantes. Nuevas tendencias did\u00e1cticas Incorporaci\u00f3n de nuevas tendencias did\u00e1cticas a la metodolog\u00eda docente, especialmente en asignaturas de Trabajo Fin de Grado (TFG) y de Fin de M\u00e1ster (TFM) y que abarquen diferentes titulaciones.<\/p>\n","protected":false},"author":8029,"featured_media":0,"parent":0,"menu_order":0,"comment_status":"closed","ping_status":"closed","template":"","meta":{"footnotes":""},"class_list":["post-955","page","type-page","status-publish"],"_links":{"self":[{"href":"https:\/\/blogs.uned.es\/ideaal\/wp-json\/wp\/v2\/pages\/955","targetHints":{"allow":["GET"]}}],"collection":[{"href":"https:\/\/blogs.uned.es\/ideaal\/wp-json\/wp\/v2\/pages"}],"about":[{"href":"https:\/\/blogs.uned.es\/ideaal\/wp-json\/wp\/v2\/types\/page"}],"author":[{"embeddable":true,"href":"https:\/\/blogs.uned.es\/ideaal\/wp-json\/wp\/v2\/users\/8029"}],"replies":[{"embeddable":true,"href":"https:\/\/blogs.uned.es\/ideaal\/wp-json\/wp\/v2\/comments?post=955"}],"version-history":[{"count":43,"href":"https:\/\/blogs.uned.es\/ideaal\/wp-json\/wp\/v2\/pages\/955\/revisions"}],"predecessor-version":[{"id":2893,"href":"https:\/\/blogs.uned.es\/ideaal\/wp-json\/wp\/v2\/pages\/955\/revisions\/2893"}],"wp:attachment":[{"href":"https:\/\/blogs.uned.es\/ideaal\/wp-json\/wp\/v2\/media?parent=955"}],"curies":[{"name":"wp","href":"https:\/\/api.w.org\/{rel}","templated":true}]}}