{"id":943,"date":"2025-10-20T20:53:18","date_gmt":"2025-10-20T18:53:18","guid":{"rendered":"https:\/\/blogs.uned.es\/ideaal\/?page_id=943"},"modified":"2026-01-22T17:30:59","modified_gmt":"2026-01-22T16:30:59","slug":"seminarios","status":"publish","type":"page","link":"https:\/\/blogs.uned.es\/ideaal\/seminarios\/","title":{"rendered":"Seminarios"},"content":{"rendered":"\t\t<div data-elementor-type=\"wp-page\" data-elementor-id=\"943\" class=\"elementor elementor-943\">\n\t\t\t\t\t\t<section class=\"elementor-section elementor-top-section elementor-element elementor-element-2ccc17d4 elementor-section-stretched elementor-section-height-min-height elementor-section-content-middle elementor-section-boxed elementor-section-height-default elementor-section-items-middle\" data-id=\"2ccc17d4\" data-element_type=\"section\" data-e-type=\"section\" data-settings=\"{&quot;stretch_section&quot;:&quot;section-stretched&quot;,&quot;background_background&quot;:&quot;classic&quot;}\">\n\t\t\t\t\t\t<div class=\"elementor-container elementor-column-gap-default\">\n\t\t\t\t\t<div class=\"elementor-column elementor-col-100 elementor-top-column elementor-element elementor-element-35d2b8a0\" data-id=\"35d2b8a0\" data-element_type=\"column\" data-e-type=\"column\">\n\t\t\t<div class=\"elementor-widget-wrap elementor-element-populated\">\n\t\t\t\t\t\t<section class=\"elementor-section elementor-inner-section elementor-element elementor-element-38e7ab85 elementor-section-boxed elementor-section-height-default elementor-section-height-default\" data-id=\"38e7ab85\" data-element_type=\"section\" data-e-type=\"section\">\n\t\t\t\t\t\t<div class=\"elementor-container elementor-column-gap-default\">\n\t\t\t\t\t<div class=\"elementor-column elementor-col-50 elementor-inner-column elementor-element elementor-element-3ce20df9\" data-id=\"3ce20df9\" data-element_type=\"column\" data-e-type=\"column\">\n\t\t\t<div class=\"elementor-widget-wrap\">\n\t\t\t\t\t\t\t<\/div>\n\t\t<\/div>\n\t\t\t\t<div class=\"elementor-column elementor-col-50 elementor-inner-column elementor-element elementor-element-4b1276de\" data-id=\"4b1276de\" data-element_type=\"column\" data-e-type=\"column\">\n\t\t\t<div class=\"elementor-widget-wrap elementor-element-populated\">\n\t\t\t\t\t\t<div class=\"elementor-element elementor-element-8dd340c elementor-widget elementor-widget-heading\" data-id=\"8dd340c\" data-element_type=\"widget\" data-e-type=\"widget\" data-widget_type=\"heading.default\">\n\t\t\t\t<div class=\"elementor-widget-container\">\n\t\t\t\t\t<h4 class=\"elementor-heading-title elementor-size-xxl\">Seminarios<\/h4>\t\t\t\t<\/div>\n\t\t\t\t<\/div>\n\t\t\t\t\t<\/div>\n\t\t<\/div>\n\t\t\t\t\t<\/div>\n\t\t<\/section>\n\t\t\t\t\t<\/div>\n\t\t<\/div>\n\t\t\t\t\t<\/div>\n\t\t<\/section>\n\t\t\t\t<section class=\"elementor-section elementor-top-section elementor-element elementor-element-67ddd470 elementor-section-boxed elementor-section-height-default elementor-section-height-default\" data-id=\"67ddd470\" data-element_type=\"section\" data-e-type=\"section\">\n\t\t\t\t\t\t<div class=\"elementor-container elementor-column-gap-default\">\n\t\t\t\t\t<div class=\"elementor-column elementor-col-100 elementor-top-column elementor-element elementor-element-638acbfb\" data-id=\"638acbfb\" data-element_type=\"column\" data-e-type=\"column\">\n\t\t\t<div class=\"elementor-widget-wrap elementor-element-populated\">\n\t\t\t\t\t\t<div class=\"elementor-element elementor-element-9326cc8 elementor-widget elementor-widget-spacer\" data-id=\"9326cc8\" data-element_type=\"widget\" data-e-type=\"widget\" data-widget_type=\"spacer.default\">\n\t\t\t\t<div class=\"elementor-widget-container\">\n\t\t\t\t\t\t\t<div class=\"elementor-spacer\">\n\t\t\t<div class=\"elementor-spacer-inner\"><\/div>\n\t\t<\/div>\n\t\t\t\t\t\t<\/div>\n\t\t\t\t<\/div>\n\t\t\t\t<div class=\"elementor-element elementor-element-503661d6 elementor-alert-info elementor-widget elementor-widget-alert\" data-id=\"503661d6\" data-element_type=\"widget\" data-e-type=\"widget\" data-widget_type=\"alert.default\">\n\t\t\t\t<div class=\"elementor-widget-container\">\n\t\t\t\t\t\t\t<div class=\"elementor-alert\" role=\"alert\">\n\n\t\t\t\t\t\t<span class=\"elementor-alert-title\">I Seminario del Grupo de Innovaci\u00f3n Docente IDEAAL<\/span>\n\t\t\t\n\t\t\t\t\t\t<span class=\"elementor-alert-description\">La inteligencia artificial como herramienta para la ense\u00f1anza y la investigaci\u00f3n<\/span>\n\t\t\t\n\t\t\t\n\t\t<\/div>\n\t\t\t\t\t\t<\/div>\n\t\t\t\t<\/div>\n\t\t\t\t<div class=\"elementor-element elementor-element-e1f3886 elementor-widget elementor-widget-spacer\" data-id=\"e1f3886\" data-element_type=\"widget\" data-e-type=\"widget\" data-widget_type=\"spacer.default\">\n\t\t\t\t<div class=\"elementor-widget-container\">\n\t\t\t\t\t\t\t<div class=\"elementor-spacer\">\n\t\t\t<div class=\"elementor-spacer-inner\"><\/div>\n\t\t<\/div>\n\t\t\t\t\t\t<\/div>\n\t\t\t\t<\/div>\n\t\t\t\t<div class=\"elementor-element elementor-element-f9854df elementor-arrows-position-inside elementor-pagination-position-outside elementor-widget elementor-widget-image-carousel\" data-id=\"f9854df\" data-element_type=\"widget\" data-e-type=\"widget\" data-settings=\"{&quot;navigation&quot;:&quot;both&quot;,&quot;autoplay&quot;:&quot;yes&quot;,&quot;pause_on_hover&quot;:&quot;yes&quot;,&quot;pause_on_interaction&quot;:&quot;yes&quot;,&quot;autoplay_speed&quot;:5000,&quot;infinite&quot;:&quot;yes&quot;,&quot;speed&quot;:500}\" data-widget_type=\"image-carousel.default\">\n\t\t\t\t<div class=\"elementor-widget-container\">\n\t\t\t\t\t\t\t<div class=\"elementor-image-carousel-wrapper swiper\" role=\"region\" aria-roledescription=\"carousel\" aria-label=\"Carrusel de im\u00e1genes\" dir=\"ltr\">\n\t\t\t<div class=\"elementor-image-carousel swiper-wrapper\" aria-live=\"off\">\n\t\t\t\t\t\t\t\t<div class=\"swiper-slide\" role=\"group\" aria-roledescription=\"slide\" aria-label=\"1 de 6\"><a data-elementor-open-lightbox=\"yes\" data-elementor-lightbox-slideshow=\"f9854df\" data-elementor-lightbox-title=\"Captura de pantalla 2025-10-29 a las 18.16.08\" data-e-action-hash=\"#elementor-action%3Aaction%3Dlightbox%26settings%3DeyJpZCI6IjIyOTEiLCJ1cmwiOiJodHRwczpcL1wvYmxvZ3MudW5lZC5lc1wvaWRlYWFsXC93cC1jb250ZW50XC91cGxvYWRzXC9zaXRlc1wvNjA3XC8yMDI1XC8xMFwvQ2FwdHVyYS1kZS1wYW50YWxsYS0yMDI1LTEwLTI5LWEtbGFzLTE4LjE2LjA4LXNjYWxlZC5wbmciLCJzbGlkZXNob3ciOiJmOTg1NGRmIn0%3D\" href=\"https:\/\/canal.uned.es\/series\/6900e4714cc3040e5d0d6b23\" target=\"_blank\"><figure class=\"swiper-slide-inner\"><img decoding=\"async\" class=\"swiper-slide-image\" src=\"https:\/\/blogs.uned.es\/ideaal\/wp-content\/uploads\/sites\/607\/2025\/10\/Captura-de-pantalla-2025-10-29-a-las-18.16.08-scaled.png\" alt=\"Captura de pantalla 2025-10-29 a las 18.16.08\" \/><\/figure><\/a><\/div><div class=\"swiper-slide\" role=\"group\" aria-roledescription=\"slide\" aria-label=\"2 de 6\"><a data-elementor-open-lightbox=\"yes\" data-elementor-lightbox-slideshow=\"f9854df\" data-elementor-lightbox-title=\"Captura de pantalla 2025-10-29 a las 18.17.06\" data-e-action-hash=\"#elementor-action%3Aaction%3Dlightbox%26settings%3DeyJpZCI6IjIyOTMiLCJ1cmwiOiJodHRwczpcL1wvYmxvZ3MudW5lZC5lc1wvaWRlYWFsXC93cC1jb250ZW50XC91cGxvYWRzXC9zaXRlc1wvNjA3XC8yMDI1XC8xMFwvQ2FwdHVyYS1kZS1wYW50YWxsYS0yMDI1LTEwLTI5LWEtbGFzLTE4LjE3LjA2LXNjYWxlZC5wbmciLCJzbGlkZXNob3ciOiJmOTg1NGRmIn0%3D\" href=\"https:\/\/canal.uned.es\/series\/6900e4714cc3040e5d0d6b23\" target=\"_blank\"><figure class=\"swiper-slide-inner\"><img decoding=\"async\" class=\"swiper-slide-image\" src=\"https:\/\/blogs.uned.es\/ideaal\/wp-content\/uploads\/sites\/607\/2025\/10\/Captura-de-pantalla-2025-10-29-a-las-18.17.06-scaled.png\" alt=\"Captura de pantalla 2025-10-29 a las 18.17.06\" \/><\/figure><\/a><\/div><div class=\"swiper-slide\" role=\"group\" aria-roledescription=\"slide\" aria-label=\"3 de 6\"><a data-elementor-open-lightbox=\"yes\" data-elementor-lightbox-slideshow=\"f9854df\" data-elementor-lightbox-title=\"Captura de pantalla 2025-10-29 a las 18.17.32\" data-e-action-hash=\"#elementor-action%3Aaction%3Dlightbox%26settings%3DeyJpZCI6IjIyOTUiLCJ1cmwiOiJodHRwczpcL1wvYmxvZ3MudW5lZC5lc1wvaWRlYWFsXC93cC1jb250ZW50XC91cGxvYWRzXC9zaXRlc1wvNjA3XC8yMDI1XC8xMFwvQ2FwdHVyYS1kZS1wYW50YWxsYS0yMDI1LTEwLTI5LWEtbGFzLTE4LjE3LjMyLXNjYWxlZC5wbmciLCJzbGlkZXNob3ciOiJmOTg1NGRmIn0%3D\" href=\"https:\/\/canal.uned.es\/series\/6900e4714cc3040e5d0d6b23\" target=\"_blank\"><figure class=\"swiper-slide-inner\"><img decoding=\"async\" class=\"swiper-slide-image\" src=\"https:\/\/blogs.uned.es\/ideaal\/wp-content\/uploads\/sites\/607\/2025\/10\/Captura-de-pantalla-2025-10-29-a-las-18.17.32-scaled.png\" alt=\"Captura de pantalla 2025-10-29 a las 18.17.32\" \/><\/figure><\/a><\/div><div class=\"swiper-slide\" role=\"group\" aria-roledescription=\"slide\" aria-label=\"4 de 6\"><a data-elementor-open-lightbox=\"yes\" data-elementor-lightbox-slideshow=\"f9854df\" data-elementor-lightbox-title=\"Imagen 3\" data-e-action-hash=\"#elementor-action%3Aaction%3Dlightbox%26settings%3DeyJpZCI6IjIzODciLCJ1cmwiOiJodHRwczpcL1wvYmxvZ3MudW5lZC5lc1wvaWRlYWFsXC93cC1jb250ZW50XC91cGxvYWRzXC9zaXRlc1wvNjA3XC8yMDI1XC8xMFwvSW1hZ2VuLTMtMi5qcGciLCJzbGlkZXNob3ciOiJmOTg1NGRmIn0%3D\" href=\"https:\/\/canal.uned.es\/series\/6900e4714cc3040e5d0d6b23\" target=\"_blank\"><figure class=\"swiper-slide-inner\"><img decoding=\"async\" class=\"swiper-slide-image\" src=\"https:\/\/blogs.uned.es\/ideaal\/wp-content\/uploads\/sites\/607\/2025\/10\/Imagen-3-2.jpg\" alt=\"Imagen 3\" \/><\/figure><\/a><\/div><div class=\"swiper-slide\" role=\"group\" aria-roledescription=\"slide\" aria-label=\"5 de 6\"><a data-elementor-open-lightbox=\"yes\" data-elementor-lightbox-slideshow=\"f9854df\" data-elementor-lightbox-title=\"Imagen 4\" data-e-action-hash=\"#elementor-action%3Aaction%3Dlightbox%26settings%3DeyJpZCI6IjIzODkiLCJ1cmwiOiJodHRwczpcL1wvYmxvZ3MudW5lZC5lc1wvaWRlYWFsXC93cC1jb250ZW50XC91cGxvYWRzXC9zaXRlc1wvNjA3XC8yMDI1XC8xMFwvSW1hZ2VuLTQtMi5qcGciLCJzbGlkZXNob3ciOiJmOTg1NGRmIn0%3D\" href=\"https:\/\/canal.uned.es\/series\/6900e4714cc3040e5d0d6b23\" target=\"_blank\"><figure class=\"swiper-slide-inner\"><img decoding=\"async\" class=\"swiper-slide-image\" src=\"https:\/\/blogs.uned.es\/ideaal\/wp-content\/uploads\/sites\/607\/2025\/10\/Imagen-4-2.jpg\" alt=\"Imagen 4\" \/><\/figure><\/a><\/div><div class=\"swiper-slide\" role=\"group\" aria-roledescription=\"slide\" aria-label=\"6 de 6\"><a data-elementor-open-lightbox=\"yes\" data-elementor-lightbox-slideshow=\"f9854df\" data-elementor-lightbox-title=\"Imagen 5\" data-e-action-hash=\"#elementor-action%3Aaction%3Dlightbox%26settings%3DeyJpZCI6IjIzOTEiLCJ1cmwiOiJodHRwczpcL1wvYmxvZ3MudW5lZC5lc1wvaWRlYWFsXC93cC1jb250ZW50XC91cGxvYWRzXC9zaXRlc1wvNjA3XC8yMDI1XC8xMFwvSW1hZ2VuLTUtMi5qcGciLCJzbGlkZXNob3ciOiJmOTg1NGRmIn0%3D\" href=\"https:\/\/canal.uned.es\/series\/6900e4714cc3040e5d0d6b23\" target=\"_blank\"><figure class=\"swiper-slide-inner\"><img decoding=\"async\" class=\"swiper-slide-image\" src=\"https:\/\/blogs.uned.es\/ideaal\/wp-content\/uploads\/sites\/607\/2025\/10\/Imagen-5-2.jpg\" alt=\"Imagen 5\" \/><\/figure><\/a><\/div>\t\t\t<\/div>\n\t\t\t\t\t\t\t\t\t\t\t\t<div class=\"elementor-swiper-button elementor-swiper-button-prev\" role=\"button\" tabindex=\"0\">\n\t\t\t\t\t\t<i aria-hidden=\"true\" class=\"eicon-chevron-left\"><\/i>\t\t\t\t\t<\/div>\n\t\t\t\t\t<div class=\"elementor-swiper-button elementor-swiper-button-next\" role=\"button\" tabindex=\"0\">\n\t\t\t\t\t\t<i aria-hidden=\"true\" class=\"eicon-chevron-right\"><\/i>\t\t\t\t\t<\/div>\n\t\t\t\t\n\t\t\t\t\t\t\t\t\t<div class=\"swiper-pagination\"><\/div>\n\t\t\t\t\t\t\t\t\t<\/div>\n\t\t\t\t\t\t<\/div>\n\t\t\t\t<\/div>\n\t\t\t\t<div class=\"elementor-element elementor-element-58040924 elementor-widget elementor-widget-spacer\" data-id=\"58040924\" data-element_type=\"widget\" data-e-type=\"widget\" data-widget_type=\"spacer.default\">\n\t\t\t\t<div class=\"elementor-widget-container\">\n\t\t\t\t\t\t\t<div class=\"elementor-spacer\">\n\t\t\t<div class=\"elementor-spacer-inner\"><\/div>\n\t\t<\/div>\n\t\t\t\t\t\t<\/div>\n\t\t\t\t<\/div>\n\t\t\t\t\t<\/div>\n\t\t<\/div>\n\t\t\t\t\t<\/div>\n\t\t<\/section>\n\t\t\t\t<section class=\"elementor-section elementor-top-section elementor-element elementor-element-871d887 elementor-section-boxed elementor-section-height-default elementor-section-height-default\" data-id=\"871d887\" data-element_type=\"section\" data-e-type=\"section\">\n\t\t\t\t\t\t<div class=\"elementor-container elementor-column-gap-default\">\n\t\t\t\t\t<div class=\"elementor-column elementor-col-100 elementor-top-column elementor-element elementor-element-5dbcbfe\" data-id=\"5dbcbfe\" data-element_type=\"column\" data-e-type=\"column\">\n\t\t\t<div class=\"elementor-widget-wrap elementor-element-populated\">\n\t\t\t\t\t\t<div class=\"elementor-element elementor-element-a474b48 elementor-tabs-view-horizontal elementor-widget elementor-widget-tabs\" data-id=\"a474b48\" data-element_type=\"widget\" data-e-type=\"widget\" data-widget_type=\"tabs.default\">\n\t\t\t\t<div class=\"elementor-widget-container\">\n\t\t\t\t\t\t\t<div class=\"elementor-tabs\">\n\t\t\t<div class=\"elementor-tabs-wrapper\" role=\"tablist\" >\n\t\t\t\t\t\t\t\t\t<div id=\"elementor-tab-title-1721\" class=\"elementor-tab-title elementor-tab-desktop-title\" aria-selected=\"true\" data-tab=\"1\" role=\"tab\" tabindex=\"0\" aria-controls=\"elementor-tab-content-1721\" aria-expanded=\"false\">I Seminario 2025<\/div>\n\t\t\t\t\t\t\t<\/div>\n\t\t\t<div class=\"elementor-tabs-content-wrapper\" role=\"tablist\" aria-orientation=\"vertical\">\n\t\t\t\t\t\t\t\t\t<div class=\"elementor-tab-title elementor-tab-mobile-title\" aria-selected=\"true\" data-tab=\"1\" role=\"tab\" tabindex=\"0\" aria-controls=\"elementor-tab-content-1721\" aria-expanded=\"false\">I Seminario 2025<\/div>\n\t\t\t\t\t<div id=\"elementor-tab-content-1721\" class=\"elementor-tab-content elementor-clearfix\" data-tab=\"1\" role=\"tabpanel\" aria-labelledby=\"elementor-tab-title-1721\" tabindex=\"0\" hidden=\"false\"><p style=\"text-align: left\"><span style=\"color: #000000\"><strong>I Seminario Del Grupo De Innovaci\u00f3n Docente Ideaal: \u00abLa inteligencia artificial como herramienta para la ense\u00f1anza y la investigaci\u00f3n\u00bb<\/strong> coordinado por Joseph Garc\u00eda Rodr\u00edguez e Inmaculada Senra. Tuvo lugar el pasado martes 28 de noviembre. Cont\u00f3 con:<\/span><\/p><p style=\"text-align: left\"><a href=\"https:\/\/canal.uned.es\/video\/6901c9a141303d49720cee62\" target=\"_blank\" rel=\"noopener\"><span style=\"color: #ff6600\"><b>CONFERENCIA PLENARIA: \u00abM\u00e1s all\u00e1 del Algoritmo: humanizando la IA\u00bb<\/b><\/span><\/a><\/p><p style=\"text-align: left\"><span style=\"color: #000000\">Cristina Aranda Guti\u00e9rrez Presidenta de la Comisi\u00f3n de Gesti\u00f3n interna del Consejo Social.<\/span><\/p><p style=\"text-align: left\"><a href=\"https:\/\/canal.uned.es\/video\/6901cb0a34f15808840c1cd4\" target=\"_blank\" rel=\"noopener\"><span style=\"color: #ff6600\"><b>MESA REDONDA: \u00abLAS FILOLOG\u00cdAS EN LA ERA DE LA IA: RETOS Y OPORTUNIDADES\u00bb<\/b><\/span><\/a><\/p><p style=\"text-align: left\"><span style=\"color: #000000\">Participaron 4 departamentos de la Facultad. Se pretendi\u00f3 en esta mesa responder a: \u00bfC\u00f3mo aplicar la IA sin perder de vista la esencia human\u00edstica de nuestras disciplinas? Es decir, sin renunciar a la creatividad, al pensamiento cr\u00edtico, y a la interpretaci\u00f3n. Un espacio de debate y reflexi\u00f3n sobre c\u00f3mo la IA est\u00e1 transformando la manera en que ense\u00f1amos, aprendemos y tambi\u00e9n investigamos en Filolog\u00eda.<\/span><\/p><ul style=\"text-align: left\"><li><span style=\"color: #000000\">Leticia Carrasco Reija Profesora Contratada Doctora, Dpto. Filolog\u00eda Cl\u00e1sica, UNED<\/span><\/li><\/ul><p style=\"text-align: left\"><span style=\"color: #000000\">C\u00f3mo la IA puede tambi\u00e9n ser una herramienta \u00fatil para la ense\u00f1anza de lenguas cl\u00e1sicas, especialmente para crear recursos visuales que faciliten la compresi\u00f3n de contenidos. Y dise\u00f1ar materiales de apoyo alineados con las gu\u00edas de las asignaturas.<\/span><\/p><ul style=\"text-align: left\"><li><span style=\"color: #000000\">Araceli G\u00f3mez Fern\u00e1ndez Profesora Titular de Universidad, Dpto. Filolog\u00eda Francesa, UNED<\/span><\/li><\/ul><p style=\"text-align: left\"><span style=\"color: #000000\">El papel de la IA en los procesos de reformulaci\u00f3n escrita en franc\u00e9s como lengua extranjera. Reflexionar\u00e1 en torno a c\u00f3mo estas herramientas puede enriquecer la competencia l\u00e9xica y pragm\u00e1tica del alumnado y tambi\u00e9n qu\u00e9 carencias encontramos en ellas.<\/span><\/p><ul style=\"text-align: left\"><li><span style=\"color: #000000\">Alicia San Mateo Valdeh\u00edta Profesora Titular de Universidad, Dpto. Lengua Espa\u00f1ola y Ling\u00fc\u00edstica General, UNED<\/span><\/li><\/ul><p style=\"text-align: left\"><span style=\"color: #000000\">Presenta un ejemplo pr\u00e1ctico: \u00bfaprueba ChatGPT un examen de sintaxis espa\u00f1ola? Se pretende comprobar hasta qu\u00e9 punto la IA puede ser \u00fatil a la hora de analizar cuestiones gramaticales. Y evidenciar cuestiones de la IA a la hora de manejar este tipo de conocimiento.<\/span><\/p><ul style=\"text-align: left\"><li><span style=\"color: #000000\">Inmaculada Senra Silva Profesora Titular de Universidad, Dpto. Filolog\u00edas Extranjeras y sus Ling\u00fc\u00edsticas, UNED<\/span><\/li><\/ul><p style=\"text-align: left\"><span style=\"color: #000000\">Usos que ofrece la IA en la ense\u00f1anza y aprendizaje del ingl\u00e9s con especial atenci\u00f3n a su impacto en la escritura, la autonom\u00eda del alumnado y las implicaciones \u00e9ticas del uso de este tipo de herramientas.<\/span><\/p><\/div>\n\t\t\t\t\t\t\t<\/div>\n\t\t<\/div>\n\t\t\t\t\t\t<\/div>\n\t\t\t\t<\/div>\n\t\t\t\t\t<\/div>\n\t\t<\/div>\n\t\t\t\t\t<\/div>\n\t\t<\/section>\n\t\t\t\t<section class=\"elementor-section elementor-top-section elementor-element elementor-element-4009187 elementor-section-boxed elementor-section-height-default elementor-section-height-default\" data-id=\"4009187\" data-element_type=\"section\" data-e-type=\"section\">\n\t\t\t\t\t\t<div class=\"elementor-container elementor-column-gap-default\">\n\t\t\t\t\t<div class=\"elementor-column elementor-col-100 elementor-top-column elementor-element elementor-element-94e2d09\" data-id=\"94e2d09\" data-element_type=\"column\" data-e-type=\"column\">\n\t\t\t<div class=\"elementor-widget-wrap elementor-element-populated\">\n\t\t\t\t\t\t<div class=\"elementor-element elementor-element-7b09d65 elementor-align-center elementor-widget elementor-widget-button\" data-id=\"7b09d65\" data-element_type=\"widget\" data-e-type=\"widget\" data-widget_type=\"button.default\">\n\t\t\t\t<div class=\"elementor-widget-container\">\n\t\t\t\t\t\t\t\t\t<div class=\"elementor-button-wrapper\">\n\t\t\t\t\t<a class=\"elementor-button elementor-button-link elementor-size-sm\" href=\"https:\/\/canal.uned.es\/series\/6900e4714cc3040e5d0d6b23\" target=\"_blank\">\n\t\t\t\t\t\t<span class=\"elementor-button-content-wrapper\">\n\t\t\t\t\t\t\t\t\t<span class=\"elementor-button-text\">Canal UNED<\/span>\n\t\t\t\t\t<\/span>\n\t\t\t\t\t<\/a>\n\t\t\t\t<\/div>\n\t\t\t\t\t\t\t\t<\/div>\n\t\t\t\t<\/div>\n\t\t\t\t\t<\/div>\n\t\t<\/div>\n\t\t\t\t\t<\/div>\n\t\t<\/section>\n\t\t\t\t<section class=\"elementor-section elementor-top-section elementor-element elementor-element-f35dc99 elementor-section-boxed elementor-section-height-default elementor-section-height-default\" data-id=\"f35dc99\" data-element_type=\"section\" data-e-type=\"section\">\n\t\t\t\t\t\t<div class=\"elementor-container elementor-column-gap-default\">\n\t\t\t\t\t<div class=\"elementor-column elementor-col-100 elementor-top-column elementor-element elementor-element-80dbd88\" data-id=\"80dbd88\" data-element_type=\"column\" data-e-type=\"column\">\n\t\t\t<div class=\"elementor-widget-wrap elementor-element-populated\">\n\t\t\t\t\t\t<div class=\"elementor-element elementor-element-422ab27 elementor-widget elementor-widget-spacer\" data-id=\"422ab27\" data-element_type=\"widget\" data-e-type=\"widget\" data-widget_type=\"spacer.default\">\n\t\t\t\t<div class=\"elementor-widget-container\">\n\t\t\t\t\t\t\t<div class=\"elementor-spacer\">\n\t\t\t<div class=\"elementor-spacer-inner\"><\/div>\n\t\t<\/div>\n\t\t\t\t\t\t<\/div>\n\t\t\t\t<\/div>\n\t\t\t\t\t<\/div>\n\t\t<\/div>\n\t\t\t\t\t<\/div>\n\t\t<\/section>\n\t\t\t\t<section class=\"elementor-section elementor-top-section elementor-element elementor-element-cdea96b elementor-section-boxed elementor-section-height-default elementor-section-height-default\" data-id=\"cdea96b\" data-element_type=\"section\" data-e-type=\"section\">\n\t\t\t\t\t\t<div class=\"elementor-container elementor-column-gap-default\">\n\t\t\t\t\t<div class=\"elementor-column elementor-col-50 elementor-top-column elementor-element elementor-element-cf9b439\" data-id=\"cf9b439\" data-element_type=\"column\" data-e-type=\"column\">\n\t\t\t<div class=\"elementor-widget-wrap elementor-element-populated\">\n\t\t\t\t\t\t<div class=\"elementor-element elementor-element-5b077bb elementor-widget elementor-widget-image\" data-id=\"5b077bb\" data-element_type=\"widget\" data-e-type=\"widget\" data-widget_type=\"image.default\">\n\t\t\t\t<div class=\"elementor-widget-container\">\n\t\t\t\t\t\t\t\t\t\t\t\t\t\t\t<img fetchpriority=\"high\" decoding=\"async\" width=\"738\" height=\"1024\" src=\"https:\/\/blogs.uned.es\/ideaal\/wp-content\/uploads\/sites\/607\/2025\/10\/Captura-de-pantalla-2025-10-22-a-las-13.05.53-738x1024.png\" class=\"attachment-large size-large wp-image-1945\" alt=\"\" srcset=\"https:\/\/blogs.uned.es\/ideaal\/wp-content\/uploads\/sites\/607\/2025\/10\/Captura-de-pantalla-2025-10-22-a-las-13.05.53-738x1024.png 738w, https:\/\/blogs.uned.es\/ideaal\/wp-content\/uploads\/sites\/607\/2025\/10\/Captura-de-pantalla-2025-10-22-a-las-13.05.53-216x300.png 216w, https:\/\/blogs.uned.es\/ideaal\/wp-content\/uploads\/sites\/607\/2025\/10\/Captura-de-pantalla-2025-10-22-a-las-13.05.53-768x1065.png 768w, https:\/\/blogs.uned.es\/ideaal\/wp-content\/uploads\/sites\/607\/2025\/10\/Captura-de-pantalla-2025-10-22-a-las-13.05.53-1108x1536.png 1108w, https:\/\/blogs.uned.es\/ideaal\/wp-content\/uploads\/sites\/607\/2025\/10\/Captura-de-pantalla-2025-10-22-a-las-13.05.53.png 1381w\" sizes=\"(max-width: 738px) 100vw, 738px\" \/>\t\t\t\t\t\t\t\t\t\t\t\t\t\t\t<\/div>\n\t\t\t\t<\/div>\n\t\t\t\t\t<\/div>\n\t\t<\/div>\n\t\t\t\t<div class=\"elementor-column elementor-col-50 elementor-top-column elementor-element elementor-element-045ad6c\" data-id=\"045ad6c\" data-element_type=\"column\" data-e-type=\"column\">\n\t\t\t<div class=\"elementor-widget-wrap elementor-element-populated\">\n\t\t\t\t\t\t<div class=\"elementor-element elementor-element-434c86e elementor-widget elementor-widget-image\" data-id=\"434c86e\" data-element_type=\"widget\" data-e-type=\"widget\" data-widget_type=\"image.default\">\n\t\t\t\t<div class=\"elementor-widget-container\">\n\t\t\t\t\t\t\t\t\t\t\t\t\t\t\t<img decoding=\"async\" width=\"739\" height=\"1024\" src=\"https:\/\/blogs.uned.es\/ideaal\/wp-content\/uploads\/sites\/607\/2025\/10\/Captura-de-pantalla-2025-10-22-a-las-13.02.30-739x1024.png\" class=\"attachment-large size-large wp-image-1923\" alt=\"\" srcset=\"https:\/\/blogs.uned.es\/ideaal\/wp-content\/uploads\/sites\/607\/2025\/10\/Captura-de-pantalla-2025-10-22-a-las-13.02.30-739x1024.png 739w, https:\/\/blogs.uned.es\/ideaal\/wp-content\/uploads\/sites\/607\/2025\/10\/Captura-de-pantalla-2025-10-22-a-las-13.02.30-217x300.png 217w, https:\/\/blogs.uned.es\/ideaal\/wp-content\/uploads\/sites\/607\/2025\/10\/Captura-de-pantalla-2025-10-22-a-las-13.02.30-768x1064.png 768w, https:\/\/blogs.uned.es\/ideaal\/wp-content\/uploads\/sites\/607\/2025\/10\/Captura-de-pantalla-2025-10-22-a-las-13.02.30-1109x1536.png 1109w, https:\/\/blogs.uned.es\/ideaal\/wp-content\/uploads\/sites\/607\/2025\/10\/Captura-de-pantalla-2025-10-22-a-las-13.02.30.png 1384w\" sizes=\"(max-width: 739px) 100vw, 739px\" \/>\t\t\t\t\t\t\t\t\t\t\t\t\t\t\t<\/div>\n\t\t\t\t<\/div>\n\t\t\t\t\t<\/div>\n\t\t<\/div>\n\t\t\t\t\t<\/div>\n\t\t<\/section>\n\t\t\t\t<\/div>\n\t\t","protected":false},"excerpt":{"rendered":"<p>Seminarios I Seminario del Grupo de Innovaci\u00f3n Docente IDEAAL La inteligencia artificial como herramienta para la ense\u00f1anza y la investigaci\u00f3n I Seminario 2025 I Seminario 2025 I Seminario Del Grupo De Innovaci\u00f3n Docente Ideaal: \u00abLa inteligencia artificial como herramienta para la ense\u00f1anza y la investigaci\u00f3n\u00bb coordinado por Joseph Garc\u00eda Rodr\u00edguez e Inmaculada Senra. Tuvo lugar el pasado martes 28 de noviembre. Cont\u00f3 con: CONFERENCIA PLENARIA: \u00abM\u00e1s all\u00e1 del Algoritmo: humanizando la IA\u00bb Cristina Aranda Guti\u00e9rrez Presidenta de la Comisi\u00f3n de Gesti\u00f3n interna del Consejo Social. MESA REDONDA: \u00abLAS FILOLOG\u00cdAS EN LA ERA DE LA IA: RETOS Y OPORTUNIDADES\u00bb Participaron 4 departamentos de la Facultad. Se pretendi\u00f3 en esta mesa responder a: \u00bfC\u00f3mo aplicar la IA sin perder de vista la esencia human\u00edstica de nuestras disciplinas? Es decir, sin renunciar a la creatividad, al pensamiento cr\u00edtico, y a la interpretaci\u00f3n. Un espacio de debate y reflexi\u00f3n sobre c\u00f3mo la IA est\u00e1&hellip;<\/p>\n<p> <a class=\"more-link\" href=\"https:\/\/blogs.uned.es\/ideaal\/seminarios\/\">Leer m\u00e1s<\/a><\/p>\n","protected":false},"author":8029,"featured_media":0,"parent":0,"menu_order":0,"comment_status":"closed","ping_status":"closed","template":"","meta":{"footnotes":""},"class_list":["post-943","page","type-page","status-publish"],"_links":{"self":[{"href":"https:\/\/blogs.uned.es\/ideaal\/wp-json\/wp\/v2\/pages\/943","targetHints":{"allow":["GET"]}}],"collection":[{"href":"https:\/\/blogs.uned.es\/ideaal\/wp-json\/wp\/v2\/pages"}],"about":[{"href":"https:\/\/blogs.uned.es\/ideaal\/wp-json\/wp\/v2\/types\/page"}],"author":[{"embeddable":true,"href":"https:\/\/blogs.uned.es\/ideaal\/wp-json\/wp\/v2\/users\/8029"}],"replies":[{"embeddable":true,"href":"https:\/\/blogs.uned.es\/ideaal\/wp-json\/wp\/v2\/comments?post=943"}],"version-history":[{"count":82,"href":"https:\/\/blogs.uned.es\/ideaal\/wp-json\/wp\/v2\/pages\/943\/revisions"}],"predecessor-version":[{"id":3463,"href":"https:\/\/blogs.uned.es\/ideaal\/wp-json\/wp\/v2\/pages\/943\/revisions\/3463"}],"wp:attachment":[{"href":"https:\/\/blogs.uned.es\/ideaal\/wp-json\/wp\/v2\/media?parent=943"}],"curies":[{"name":"wp","href":"https:\/\/api.w.org\/{rel}","templated":true}]}}