{"id":925,"date":"2025-10-20T20:52:36","date_gmt":"2025-10-20T18:52:36","guid":{"rendered":"https:\/\/blogs.uned.es\/ideaal\/?page_id=925"},"modified":"2026-01-27T10:39:16","modified_gmt":"2026-01-27T09:39:16","slug":"transferencia","status":"publish","type":"page","link":"https:\/\/blogs.uned.es\/ideaal\/transferencia\/","title":{"rendered":"Presentaciones en congresos"},"content":{"rendered":"\t\t<div data-elementor-type=\"wp-page\" data-elementor-id=\"925\" class=\"elementor elementor-925\">\n\t\t\t\t\t\t<section class=\"elementor-section elementor-top-section elementor-element elementor-element-6cc44c5b elementor-section-stretched elementor-section-height-min-height elementor-section-content-middle elementor-section-boxed elementor-section-height-default elementor-section-items-middle\" data-id=\"6cc44c5b\" data-element_type=\"section\" data-e-type=\"section\" data-settings=\"{&quot;stretch_section&quot;:&quot;section-stretched&quot;,&quot;background_background&quot;:&quot;classic&quot;}\">\n\t\t\t\t\t\t<div class=\"elementor-container elementor-column-gap-default\">\n\t\t\t\t\t<div class=\"elementor-column elementor-col-100 elementor-top-column elementor-element elementor-element-69453c52\" data-id=\"69453c52\" data-element_type=\"column\" data-e-type=\"column\">\n\t\t\t<div class=\"elementor-widget-wrap elementor-element-populated\">\n\t\t\t\t\t\t<section class=\"elementor-section elementor-inner-section elementor-element elementor-element-22d777f7 elementor-section-boxed elementor-section-height-default elementor-section-height-default\" data-id=\"22d777f7\" data-element_type=\"section\" data-e-type=\"section\">\n\t\t\t\t\t\t<div class=\"elementor-container elementor-column-gap-default\">\n\t\t\t\t\t<div class=\"elementor-column elementor-col-50 elementor-inner-column elementor-element elementor-element-2fc8de24\" data-id=\"2fc8de24\" data-element_type=\"column\" data-e-type=\"column\">\n\t\t\t<div class=\"elementor-widget-wrap\">\n\t\t\t\t\t\t\t<\/div>\n\t\t<\/div>\n\t\t\t\t<div class=\"elementor-column elementor-col-50 elementor-inner-column elementor-element elementor-element-39b1506\" data-id=\"39b1506\" data-element_type=\"column\" data-e-type=\"column\">\n\t\t\t<div class=\"elementor-widget-wrap elementor-element-populated\">\n\t\t\t\t\t\t<div class=\"elementor-element elementor-element-1e477901 elementor-widget elementor-widget-heading\" data-id=\"1e477901\" data-element_type=\"widget\" data-e-type=\"widget\" data-widget_type=\"heading.default\">\n\t\t\t\t<div class=\"elementor-widget-container\">\n\t\t\t\t\t<h4 class=\"elementor-heading-title elementor-size-xxl\">Congresos<\/h4>\t\t\t\t<\/div>\n\t\t\t\t<\/div>\n\t\t\t\t\t<\/div>\n\t\t<\/div>\n\t\t\t\t\t<\/div>\n\t\t<\/section>\n\t\t\t\t\t<\/div>\n\t\t<\/div>\n\t\t\t\t\t<\/div>\n\t\t<\/section>\n\t\t\t\t<section class=\"elementor-section elementor-top-section elementor-element elementor-element-2f1ba4b elementor-section-boxed elementor-section-height-default elementor-section-height-default\" data-id=\"2f1ba4b\" data-element_type=\"section\" data-e-type=\"section\">\n\t\t\t\t\t\t<div class=\"elementor-container elementor-column-gap-default\">\n\t\t\t\t\t<div class=\"elementor-column elementor-col-100 elementor-top-column elementor-element elementor-element-29d71dae\" data-id=\"29d71dae\" data-element_type=\"column\" data-e-type=\"column\">\n\t\t\t<div class=\"elementor-widget-wrap elementor-element-populated\">\n\t\t\t\t\t\t<div class=\"elementor-element elementor-element-59b2f67 elementor-widget elementor-widget-spacer\" data-id=\"59b2f67\" data-element_type=\"widget\" data-e-type=\"widget\" data-widget_type=\"spacer.default\">\n\t\t\t\t<div class=\"elementor-widget-container\">\n\t\t\t\t\t\t\t<div class=\"elementor-spacer\">\n\t\t\t<div class=\"elementor-spacer-inner\"><\/div>\n\t\t<\/div>\n\t\t\t\t\t\t<\/div>\n\t\t\t\t<\/div>\n\t\t\t\t<div class=\"elementor-element elementor-element-1d79f2d elementor-tabs-view-horizontal elementor-widget elementor-widget-tabs\" data-id=\"1d79f2d\" data-element_type=\"widget\" data-e-type=\"widget\" data-widget_type=\"tabs.default\">\n\t\t\t\t<div class=\"elementor-widget-container\">\n\t\t\t\t\t\t\t<div class=\"elementor-tabs\">\n\t\t\t<div class=\"elementor-tabs-wrapper\" role=\"tablist\" >\n\t\t\t\t\t\t\t\t\t<div id=\"elementor-tab-title-3091\" class=\"elementor-tab-title elementor-tab-desktop-title\" aria-selected=\"true\" data-tab=\"1\" role=\"tab\" tabindex=\"0\" aria-controls=\"elementor-tab-content-3091\" aria-expanded=\"false\">2025<\/div>\n\t\t\t\t\t\t\t\t\t<div id=\"elementor-tab-title-3092\" class=\"elementor-tab-title elementor-tab-desktop-title\" aria-selected=\"false\" data-tab=\"2\" role=\"tab\" tabindex=\"-1\" aria-controls=\"elementor-tab-content-3092\" aria-expanded=\"false\">2024<\/div>\n\t\t\t\t\t\t\t\t\t<div id=\"elementor-tab-title-3093\" class=\"elementor-tab-title elementor-tab-desktop-title\" aria-selected=\"false\" data-tab=\"3\" role=\"tab\" tabindex=\"-1\" aria-controls=\"elementor-tab-content-3093\" aria-expanded=\"false\">2023<\/div>\n\t\t\t\t\t\t\t\t\t<div id=\"elementor-tab-title-3094\" class=\"elementor-tab-title elementor-tab-desktop-title\" aria-selected=\"false\" data-tab=\"4\" role=\"tab\" tabindex=\"-1\" aria-controls=\"elementor-tab-content-3094\" aria-expanded=\"false\">2022<\/div>\n\t\t\t\t\t\t\t\t\t<div id=\"elementor-tab-title-3095\" class=\"elementor-tab-title elementor-tab-desktop-title\" aria-selected=\"false\" data-tab=\"5\" role=\"tab\" tabindex=\"-1\" aria-controls=\"elementor-tab-content-3095\" aria-expanded=\"false\">2021<\/div>\n\t\t\t\t\t\t\t\t\t<div id=\"elementor-tab-title-3096\" class=\"elementor-tab-title elementor-tab-desktop-title\" aria-selected=\"false\" data-tab=\"6\" role=\"tab\" tabindex=\"-1\" aria-controls=\"elementor-tab-content-3096\" aria-expanded=\"false\">2017<\/div>\n\t\t\t\t\t\t\t<\/div>\n\t\t\t<div class=\"elementor-tabs-content-wrapper\" role=\"tablist\" aria-orientation=\"vertical\">\n\t\t\t\t\t\t\t\t\t<div class=\"elementor-tab-title elementor-tab-mobile-title\" aria-selected=\"true\" data-tab=\"1\" role=\"tab\" tabindex=\"0\" aria-controls=\"elementor-tab-content-3091\" aria-expanded=\"false\">2025<\/div>\n\t\t\t\t\t<div id=\"elementor-tab-content-3091\" class=\"elementor-tab-content elementor-clearfix\" data-tab=\"1\" role=\"tabpanel\" aria-labelledby=\"elementor-tab-title-3091\" tabindex=\"0\" hidden=\"false\"><ul><li><strong>Carrasco Reija, L., G\u00f3mez Fern\u00e1ndez, A., San Mateo Valdeh\u00edta, A. y Senra Silva, I.<\/strong> (28 de octubre de 2025). Las filolog\u00edas en la era de la inteligencia artificial: retos y oportunidades [Mesa redonda]. I Seminario del Grupo de Innovaci\u00f3n Docente IDEAAL en la Facultad de Filolog\u00eda de la UNED.<\/li><li><strong>Chac\u00f3n Beltr\u00e1n, R.<\/strong> (16 y 17 de junio de 2025). La IAG en el aprendizaje de idiomas: C\u00f3mo usar ChatGPT para mejorar el ingl\u00e9s escrito\u00a0[Comunicaci\u00f3n en congreso]. XIV Jornadas de Investigaci\u00f3n en Innovaci\u00f3n Docente de la UNED. Vicerrectorado de Digitalizaci\u00f3n e Innovaci\u00f3n e Instituto Universitario de Educaci\u00f3n a Distancia (IUED).<\/li><li><strong>D\u00edaz Lage, J.M.<\/strong>(<!--StartFragment-->2 a 4 de julio de 2025).\u00a0<!--StartFragment-->Mentes y m\u00e1quinas: inteligencia artificial, algoritmos, \u00e9tica y orden en la sociedad global. [Comunicaci\u00f3n en congreso] Universidad de M\u00e1laga.<!--EndFragment--><!--EndFragment--><\/li><li><strong>Garc\u00eda Rodr\u00edguez, J.<\/strong> (16-17 de junio de 2025). ChatGPT como aliado de la docencia y el aprendizaje: creaci\u00f3n de contenidos para algunos m\u00e1steres de Lengua Espa\u00f1ola [Comunicaci\u00f3n en congreso]. XIV Jornadas de Investigaci\u00f3n en Innovaci\u00f3n Docente de la UNED. Vicerrectorado de Digitalizaci\u00f3n e Innovaci\u00f3n e Instituto Universitario de Educaci\u00f3n a Distancia (IUED).<\/li><li><strong>Garc\u00eda Rodr\u00edguez, J.<\/strong>\u00a0(28 de octubre de 2025). Las filolog\u00edas en la era de la inteligencia artificial: retos y oportunidades [Moderador mesa redonda]. I Seminario del Grupo de Innovaci\u00f3n Docente IDEAAL en la Facultad de Filolog\u00eda de la UNED.<\/li><li><strong>San Mateo Valdeh\u00edta, A. y Criado de Diego, C.<\/strong> (16-17 de junio de 2025).\u00a0Inteligencia artificial generativa en Filolog\u00eda: riesgos y desaf\u00edos en el aprendizaje aut\u00f3nomo con ChatGPT\u00a0[Comunicaci\u00f3n en congreso].\u00a0XIV Jornadas de Investigaci\u00f3n en Innovaci\u00f3n Docente de la UNED.\u00a0Vicerrectorado de Digitalizaci\u00f3n e Innovaci\u00f3n e Instituto Universitario de Educaci\u00f3n a Distancia (IUED).<\/li><\/ul><\/div>\n\t\t\t\t\t\t\t\t\t<div class=\"elementor-tab-title elementor-tab-mobile-title\" aria-selected=\"false\" data-tab=\"2\" role=\"tab\" tabindex=\"-1\" aria-controls=\"elementor-tab-content-3092\" aria-expanded=\"false\">2024<\/div>\n\t\t\t\t\t<div id=\"elementor-tab-content-3092\" class=\"elementor-tab-content elementor-clearfix\" data-tab=\"2\" role=\"tabpanel\" aria-labelledby=\"elementor-tab-title-3092\" tabindex=\"0\" hidden=\"hidden\"><ul><li><span style=\"color: #333333\"><strong>Mart\u00ednez Hern\u00e1ndez, D.<\/strong> (14-15 de noviembre de 2024). Sistemas evaluativos graduales indicativos del dominio lector en la lectura expresiva del g\u00e9nero l\u00edrico.\u00a0I Congreso Internacional de Fon\u00e9tica y Po\u00e9tica. Universidad de Santiago de Chile, Chile.\u00a0<\/span><\/li><\/ul><\/div>\n\t\t\t\t\t\t\t\t\t<div class=\"elementor-tab-title elementor-tab-mobile-title\" aria-selected=\"false\" data-tab=\"3\" role=\"tab\" tabindex=\"-1\" aria-controls=\"elementor-tab-content-3093\" aria-expanded=\"false\">2023<\/div>\n\t\t\t\t\t<div id=\"elementor-tab-content-3093\" class=\"elementor-tab-content elementor-clearfix\" data-tab=\"3\" role=\"tabpanel\" aria-labelledby=\"elementor-tab-title-3093\" tabindex=\"0\" hidden=\"hidden\"><ul><li><span style=\"color: #333333\"><strong>Casado Mancebo, M.<\/strong> (16 de febrero de 2023).\u00a0Lenguaje y ling\u00fc\u00edstica en un mundo digital: un\u00a0chatbot\u00a0para la resoluci\u00f3n de dudas en la universidad\u00a0[Comunicaci\u00f3n en congreso].\u00a0 Zaragoza Ling\u00fc\u00edstica: Seminario permanente de divulgaci\u00f3n de la investigaci\u00f3n ling\u00fc\u00edstica. Grupo\u00a0Psylex, Universidad de Zaragoza.<\/span><\/li><\/ul><\/div>\n\t\t\t\t\t\t\t\t\t<div class=\"elementor-tab-title elementor-tab-mobile-title\" aria-selected=\"false\" data-tab=\"4\" role=\"tab\" tabindex=\"-1\" aria-controls=\"elementor-tab-content-3094\" aria-expanded=\"false\">2022<\/div>\n\t\t\t\t\t<div id=\"elementor-tab-content-3094\" class=\"elementor-tab-content elementor-clearfix\" data-tab=\"4\" role=\"tabpanel\" aria-labelledby=\"elementor-tab-title-3094\" tabindex=\"0\" hidden=\"hidden\"><ul><li><span style=\"color: #333333\"><strong>Casado Mancebo, M., L. Carrasco Reija, R. Chac\u00f3n Beltr\u00e1n, C. Criado de Diego, R. Echitchi, A. Garc\u00eda Fern\u00e1ndez, A. G\u00f3mez Fern\u00e1ndez, A. San Mateo Valdeh\u00edta y Senra Silva, I.<\/strong> (31 de mayo de 2022).\u00a0 Experiencia de usuario de\u00a0FiloBot: un\u00a0chatbot\u00a0para los estudiantes de filolog\u00eda\u00a0[Comunicaci\u00f3n en congreso]. XII Jornadas de Investigaci\u00f3n en Innovaci\u00f3n Docente de la UNED. Vicerrectorado de Digitalizaci\u00f3n e Innovaci\u00f3n e Instituto Universitario de Educaci\u00f3n a Distancia (IUED).<\/span><\/li><li><span style=\"color: #333333\"><strong>Chac\u00f3n Beltr\u00e1n, R.<\/strong> (5-6 de septiembre de 2022).\u00a0<em>FiloBot:\u00a0State\u00a0of\u00a0the\u00a0art<\/em> [Conference].\u00a0Computational\u00a0Linguistics\u00a0meeting, COST\u00a0Action\u00a0CA 19102.\u00a0University\u00a0of\u00a0Luxembourg.<\/span><\/li><li><span style=\"color: #333333\"><strong>Senra\u00a0Silva, I.<\/strong> (1 de junio de 2022).\u00a0<em>FiloBot: a\u00a0chatbot\u00a0for\u00a0Philology\u00a0students<\/em>\u00a0[Conference].\u00a0<a style=\"color: #333333\" href=\"https:\/\/lithme.eu\/training-school-2022\/#:~:text=Our%20training%20school%20is%20aimed,the%20University%20of%20Porto%2C%20Portugal\">LITHME Training School<\/a>. Universidade do Oporto.<\/span><\/li><\/ul><\/div>\n\t\t\t\t\t\t\t\t\t<div class=\"elementor-tab-title elementor-tab-mobile-title\" aria-selected=\"false\" data-tab=\"5\" role=\"tab\" tabindex=\"-1\" aria-controls=\"elementor-tab-content-3095\" aria-expanded=\"false\">2021<\/div>\n\t\t\t\t\t<div id=\"elementor-tab-content-3095\" class=\"elementor-tab-content elementor-clearfix\" data-tab=\"5\" role=\"tabpanel\" aria-labelledby=\"elementor-tab-title-3095\" tabindex=\"0\" hidden=\"hidden\"><ul><li><span style=\"color: #333333\"><strong>Casado Mancebo, M., Carrasco Reija, L., Chac\u00f3n Beltr\u00e1n, R., Echitchi, R., Garc\u00eda Fern\u00e1ndez, A., G\u00f3mez Fern\u00e1ndez, A., San Mateo Valdeh\u00edta, A., y Senra Silva, I.<\/strong> (11-13 de mayo de 2021).\u00a0 <a href=\"https:\/\/canal.uned.es\/video\/627cbb066f3c0004405ec672\" target=\"_blank\" rel=\"noopener\">FiloBot: un\u00a0chatbot\u00a0interactivo para la resoluci\u00f3n de dudas, aprendizaje participativo y disminuci\u00f3n del abandono universitario en el \u00e1mbito de las filolog\u00edas<\/a>\u00a0[Comunicaci\u00f3n en congreso].\u00a0\u00a0<a style=\"color: #333333\" href=\"https:\/\/congresos.uned.es\/w24165\">XI Jornadas de Investigaci\u00f3n en Innovaci\u00f3n Docente de la UNED<\/a>. Vicerrectorado de Digitalizaci\u00f3n e Innovaci\u00f3n e Instituto Universitario de Educaci\u00f3n a Distancia (IUED).<\/span><\/li><li><span style=\"color: #333333\"><strong>Senra Silva, I., Chac\u00f3n Beltr\u00e1n, R., Echitchi, R., G\u00f3mez Fern\u00e1ndez, A., Moreno, A., Polo Cano, N., y San Mateo Valdeh\u00edta, A.<\/strong>\u00a0(11-13 de mayo de 2021).\u00a0<em>Los estudiantes de filolog\u00eda ante el TFM: un manual y un MOOC como recursos did\u00e1cticos innovadores<\/em>\u00a0[Comunicaci\u00f3n en congreso].<em>\u00a0<\/em><a style=\"color: #333333\" href=\"https:\/\/congresos.uned.es\/w24165\">XI Jornadas de Investigaci\u00f3n en Innovaci\u00f3n Docente de la UNED<\/a>. Vicerrectorado de Digitalizaci\u00f3n e Innovaci\u00f3n e Instituto Universitario de Educaci\u00f3n a Distancia (IUED).<\/span><\/li><\/ul><\/div>\n\t\t\t\t\t\t\t\t\t<div class=\"elementor-tab-title elementor-tab-mobile-title\" aria-selected=\"false\" data-tab=\"6\" role=\"tab\" tabindex=\"-1\" aria-controls=\"elementor-tab-content-3096\" aria-expanded=\"false\">2017<\/div>\n\t\t\t\t\t<div id=\"elementor-tab-content-3096\" class=\"elementor-tab-content elementor-clearfix\" data-tab=\"6\" role=\"tabpanel\" aria-labelledby=\"elementor-tab-title-3096\" tabindex=\"0\" hidden=\"hidden\"><ul><li><span style=\"color: #333333\"><strong>Escobar-\u00c1lvarez, M.\u00aa \u00c1., Chac\u00f3n Beltr\u00e1n, R. y San Mateo Valdeh\u00edta, A. <\/strong>(28-30 de junio de 2017). An\u00e1lisis de las necesidades de los estudiantes durante la elaboraci\u00f3n del Trabajo Fin de M\u00e1ster (TFM) [Comunicaci\u00f3n en congreso].\u00a0IX Jornadas de Redes de Investigaci\u00f3n en Innovaci\u00f3n Docente de la UNED: La profesionalizaci\u00f3n del docente a trav\u00e9s de la innovaci\u00f3n educativa. Universitario de Educaci\u00f3n a Distancia \u2013 Universidad Nacional de Educaci\u00f3n a Distancia, Madrid.\u00a0<\/span><\/li><\/ul><ul><li><span style=\"color: #333333\"><strong>G\u00f3mez, A., Polo Cano, N., Senra Silva, I.<\/strong>\u00a0(28-30 de junio de 2017).\u00a0<em>An\u00e1lisis de la metodolog\u00eda durante el proceso de tutorizaci\u00f3n del Trabajo Fin de M\u00e1ster<\/em>\u00a0[Comunicaci\u00f3n en congreso].<em>\u00a0<\/em>IX Jornadas de Redes de Investigaci\u00f3n en Innovaci\u00f3n Docente de la UNED: La profesionalizaci\u00f3n del docente a trav\u00e9s de la innovaci\u00f3n educativa. Universitario de Educaci\u00f3n a Distancia \u2013 Universidad Nacional de Educaci\u00f3n a Distancia, Madrid.\u00a0<\/span><\/li><\/ul><ul><li><span style=\"color: #333333\"><strong>Polo Cano, N., Senra Silva, I., G\u00f3mez, A.<\/strong> (19-20 de septiembre de 2017).\u00a0<em>Evaluaci\u00f3n del proceso de tutorizaci\u00f3n del TFM de la Facultad de Filolog\u00eda con metodolog\u00eda de educaci\u00f3n a distancia\u00a0<\/em>[Comunicaci\u00f3n en congreso].\u00a0<a style=\"color: #333333\" href=\"https:\/\/eventos.uva.es\/8217\/detail\/ii-congreso-interuniversitario-sobre-el-trabajo-de-fin-de-grado.-un-debate-abierto-sobre-la-situaci.html\">II Congreso Interuniversitario sobre el Trabajo de Fin de Grado<\/a>. Un debate abierto sobre la situaci\u00f3n actual en la universidad espa\u00f1ola. Universidad de Valladolid, Valladolid.\u00a0<\/span><\/li><\/ul><ul><li><span style=\"color: #333333\"><strong>San Mateo, A., Escobar \u00c1lvarez, M.\u00aa A. y Chac\u00f3n Beltr\u00e1n, <\/strong>\u00a0<strong>R. <\/strong>(19-20 de septiembre de 2017).\u00a0<em>Evaluaci\u00f3n del proceso de realizaci\u00f3n del TFM de la facultad de Filolog\u00eda con metodolog\u00eda de educaci\u00f3n a distancia<\/em>\u00a0[Comunicaci\u00f3n en congreso].\u00a0<a style=\"color: #333333\" href=\"https:\/\/eventos.uva.es\/8217\/detail\/ii-congreso-interuniversitario-sobre-el-trabajo-de-fin-de-grado.-un-debate-abierto-sobre-la-situaci.html\">II Congreso Interuniversitario sobre el Trabajo de Fin de Grado<\/a>. Un debate abierto sobre la situaci\u00f3n actual en la universidad espa\u00f1ola. Universidad de Valladolid, Valladolid.\u00a0<\/span><\/li><\/ul><\/div>\n\t\t\t\t\t\t\t<\/div>\n\t\t<\/div>\n\t\t\t\t\t\t<\/div>\n\t\t\t\t<\/div>\n\t\t\t\t\t<\/div>\n\t\t<\/div>\n\t\t\t\t\t<\/div>\n\t\t<\/section>\n\t\t\t\t<section class=\"elementor-section elementor-top-section elementor-element elementor-element-eab46a1 elementor-section-boxed elementor-section-height-default elementor-section-height-default\" data-id=\"eab46a1\" data-element_type=\"section\" data-e-type=\"section\">\n\t\t\t\t\t\t<div class=\"elementor-container elementor-column-gap-default\">\n\t\t\t\t\t<div class=\"elementor-column elementor-col-100 elementor-top-column elementor-element elementor-element-03e341c\" data-id=\"03e341c\" data-element_type=\"column\" data-e-type=\"column\">\n\t\t\t<div class=\"elementor-widget-wrap elementor-element-populated\">\n\t\t\t\t\t\t<div class=\"elementor-element elementor-element-a1418eb elementor-widget elementor-widget-image\" data-id=\"a1418eb\" data-element_type=\"widget\" data-e-type=\"widget\" data-widget_type=\"image.default\">\n\t\t\t\t<div class=\"elementor-widget-container\">\n\t\t\t\t\t\t\t\t\t\t\t\t\t\t\t<img fetchpriority=\"high\" decoding=\"async\" width=\"768\" height=\"432\" src=\"https:\/\/blogs.uned.es\/ideaal\/wp-content\/uploads\/sites\/607\/2025\/12\/berlin-2212502_1280-768x432.jpg\" class=\"attachment-medium_large size-medium_large wp-image-3115\" alt=\"\" srcset=\"https:\/\/blogs.uned.es\/ideaal\/wp-content\/uploads\/sites\/607\/2025\/12\/berlin-2212502_1280-768x432.jpg 768w, https:\/\/blogs.uned.es\/ideaal\/wp-content\/uploads\/sites\/607\/2025\/12\/berlin-2212502_1280-300x169.jpg 300w, https:\/\/blogs.uned.es\/ideaal\/wp-content\/uploads\/sites\/607\/2025\/12\/berlin-2212502_1280-1024x576.jpg 1024w, https:\/\/blogs.uned.es\/ideaal\/wp-content\/uploads\/sites\/607\/2025\/12\/berlin-2212502_1280.jpg 1280w\" sizes=\"(max-width: 768px) 100vw, 768px\" \/>\t\t\t\t\t\t\t\t\t\t\t\t\t\t\t<\/div>\n\t\t\t\t<\/div>\n\t\t\t\t\t<\/div>\n\t\t<\/div>\n\t\t\t\t\t<\/div>\n\t\t<\/section>\n\t\t\t\t<\/div>\n\t\t","protected":false},"excerpt":{"rendered":"<p>Congresos 2025 2024 2023 2022 2021 2017 2025 Carrasco Reija, L., G\u00f3mez Fern\u00e1ndez, A., San Mateo Valdeh\u00edta, A. y Senra Silva, I. (28 de octubre de 2025). Las filolog\u00edas en la era de la inteligencia artificial: retos y oportunidades [Mesa redonda]. I Seminario del Grupo de Innovaci\u00f3n Docente IDEAAL en la Facultad de Filolog\u00eda de la UNED. Chac\u00f3n Beltr\u00e1n, R. (16 y 17 de junio de 2025). La IAG en el aprendizaje de idiomas: C\u00f3mo usar ChatGPT para mejorar el ingl\u00e9s escrito\u00a0[Comunicaci\u00f3n en congreso]. XIV Jornadas de Investigaci\u00f3n en Innovaci\u00f3n Docente de la UNED. Vicerrectorado de Digitalizaci\u00f3n e Innovaci\u00f3n e Instituto Universitario de Educaci\u00f3n a Distancia (IUED). D\u00edaz Lage, J.M.(2 a 4 de julio de 2025).\u00a0Mentes y m\u00e1quinas: inteligencia artificial, algoritmos, \u00e9tica y orden en la sociedad global. [Comunicaci\u00f3n en congreso] Universidad de M\u00e1laga. Garc\u00eda Rodr\u00edguez, J. (16-17 de junio de 2025). ChatGPT como aliado de la docencia y el&hellip;<\/p>\n<p> <a class=\"more-link\" href=\"https:\/\/blogs.uned.es\/ideaal\/transferencia\/\">Leer m\u00e1s<\/a><\/p>\n","protected":false},"author":8029,"featured_media":0,"parent":0,"menu_order":0,"comment_status":"closed","ping_status":"closed","template":"","meta":{"footnotes":""},"class_list":["post-925","page","type-page","status-publish"],"_links":{"self":[{"href":"https:\/\/blogs.uned.es\/ideaal\/wp-json\/wp\/v2\/pages\/925","targetHints":{"allow":["GET"]}}],"collection":[{"href":"https:\/\/blogs.uned.es\/ideaal\/wp-json\/wp\/v2\/pages"}],"about":[{"href":"https:\/\/blogs.uned.es\/ideaal\/wp-json\/wp\/v2\/types\/page"}],"author":[{"embeddable":true,"href":"https:\/\/blogs.uned.es\/ideaal\/wp-json\/wp\/v2\/users\/8029"}],"replies":[{"embeddable":true,"href":"https:\/\/blogs.uned.es\/ideaal\/wp-json\/wp\/v2\/comments?post=925"}],"version-history":[{"count":52,"href":"https:\/\/blogs.uned.es\/ideaal\/wp-json\/wp\/v2\/pages\/925\/revisions"}],"predecessor-version":[{"id":3585,"href":"https:\/\/blogs.uned.es\/ideaal\/wp-json\/wp\/v2\/pages\/925\/revisions\/3585"}],"wp:attachment":[{"href":"https:\/\/blogs.uned.es\/ideaal\/wp-json\/wp\/v2\/media?parent=925"}],"curies":[{"name":"wp","href":"https:\/\/api.w.org\/{rel}","templated":true}]}}