{"id":849,"date":"2025-10-13T09:39:51","date_gmt":"2025-10-13T07:39:51","guid":{"rendered":"https:\/\/blogs.uned.es\/ideaal\/?page_id=849"},"modified":"2026-01-22T17:28:07","modified_gmt":"2026-01-22T16:28:07","slug":"proyectos-anteriores","status":"publish","type":"page","link":"https:\/\/blogs.uned.es\/ideaal\/proyectos-anteriores\/","title":{"rendered":"Proyectos anteriores"},"content":{"rendered":"\t\t<div data-elementor-type=\"wp-page\" data-elementor-id=\"849\" class=\"elementor elementor-849\">\n\t\t\t\t\t\t<section class=\"elementor-section elementor-top-section elementor-element elementor-element-7107215f elementor-section-stretched elementor-section-height-min-height elementor-section-content-middle elementor-section-boxed elementor-section-height-default elementor-section-items-middle\" data-id=\"7107215f\" data-element_type=\"section\" data-e-type=\"section\" data-settings=\"{&quot;stretch_section&quot;:&quot;section-stretched&quot;,&quot;background_background&quot;:&quot;classic&quot;}\">\n\t\t\t\t\t\t<div class=\"elementor-container elementor-column-gap-default\">\n\t\t\t\t\t<div class=\"elementor-column elementor-col-100 elementor-top-column elementor-element elementor-element-62c551d9\" data-id=\"62c551d9\" data-element_type=\"column\" data-e-type=\"column\">\n\t\t\t<div class=\"elementor-widget-wrap elementor-element-populated\">\n\t\t\t\t\t\t<section class=\"elementor-section elementor-inner-section elementor-element elementor-element-50367560 elementor-section-boxed elementor-section-height-default elementor-section-height-default\" data-id=\"50367560\" data-element_type=\"section\" data-e-type=\"section\">\n\t\t\t\t\t\t<div class=\"elementor-container elementor-column-gap-default\">\n\t\t\t\t\t<div class=\"elementor-column elementor-col-50 elementor-inner-column elementor-element elementor-element-5649ab38\" data-id=\"5649ab38\" data-element_type=\"column\" data-e-type=\"column\">\n\t\t\t<div class=\"elementor-widget-wrap\">\n\t\t\t\t\t\t\t<\/div>\n\t\t<\/div>\n\t\t\t\t<div class=\"elementor-column elementor-col-50 elementor-inner-column elementor-element elementor-element-35cdab81\" data-id=\"35cdab81\" data-element_type=\"column\" data-e-type=\"column\">\n\t\t\t<div class=\"elementor-widget-wrap elementor-element-populated\">\n\t\t\t\t\t\t<div class=\"elementor-element elementor-element-4e4b2082 elementor-widget elementor-widget-heading\" data-id=\"4e4b2082\" data-element_type=\"widget\" data-e-type=\"widget\" data-widget_type=\"heading.default\">\n\t\t\t\t<div class=\"elementor-widget-container\">\n\t\t\t\t\t<h4 class=\"elementor-heading-title elementor-size-xxl\">Proyectos anteriores<\/h4>\t\t\t\t<\/div>\n\t\t\t\t<\/div>\n\t\t\t\t\t<\/div>\n\t\t<\/div>\n\t\t\t\t\t<\/div>\n\t\t<\/section>\n\t\t\t\t\t<\/div>\n\t\t<\/div>\n\t\t\t\t\t<\/div>\n\t\t<\/section>\n\t\t\t\t<section class=\"elementor-section elementor-top-section elementor-element elementor-element-1216992 elementor-section-boxed elementor-section-height-default elementor-section-height-default\" data-id=\"1216992\" data-element_type=\"section\" data-e-type=\"section\">\n\t\t\t\t\t\t<div class=\"elementor-container elementor-column-gap-default\">\n\t\t\t\t\t<div class=\"elementor-column elementor-col-100 elementor-top-column elementor-element elementor-element-0dc9ce2\" data-id=\"0dc9ce2\" data-element_type=\"column\" data-e-type=\"column\">\n\t\t\t<div class=\"elementor-widget-wrap elementor-element-populated\">\n\t\t\t\t\t\t<div class=\"elementor-element elementor-element-bb5cf1e elementor-widget elementor-widget-spacer\" data-id=\"bb5cf1e\" data-element_type=\"widget\" data-e-type=\"widget\" data-widget_type=\"spacer.default\">\n\t\t\t\t<div class=\"elementor-widget-container\">\n\t\t\t\t\t\t\t<div class=\"elementor-spacer\">\n\t\t\t<div class=\"elementor-spacer-inner\"><\/div>\n\t\t<\/div>\n\t\t\t\t\t\t<\/div>\n\t\t\t\t<\/div>\n\t\t\t\t\t<\/div>\n\t\t<\/div>\n\t\t\t\t\t<\/div>\n\t\t<\/section>\n\t\t\t\t<section class=\"elementor-section elementor-top-section elementor-element elementor-element-4a77a7ca elementor-section-boxed elementor-section-height-default elementor-section-height-default\" data-id=\"4a77a7ca\" data-element_type=\"section\" data-e-type=\"section\">\n\t\t\t\t\t\t<div class=\"elementor-container elementor-column-gap-default\">\n\t\t\t\t\t<div class=\"elementor-column elementor-col-100 elementor-top-column elementor-element elementor-element-68833f30\" data-id=\"68833f30\" data-element_type=\"column\" data-e-type=\"column\">\n\t\t\t<div class=\"elementor-widget-wrap elementor-element-populated\">\n\t\t\t\t\t\t<div class=\"elementor-element elementor-element-75c9d492 elementor-tabs-view-horizontal elementor-widget elementor-widget-tabs\" data-id=\"75c9d492\" data-element_type=\"widget\" data-e-type=\"widget\" data-widget_type=\"tabs.default\">\n\t\t\t\t<div class=\"elementor-widget-container\">\n\t\t\t\t\t\t\t<div class=\"elementor-tabs\">\n\t\t\t<div class=\"elementor-tabs-wrapper\" role=\"tablist\" >\n\t\t\t\t\t\t\t\t\t<div id=\"elementor-tab-title-1971\" class=\"elementor-tab-title elementor-tab-desktop-title\" aria-selected=\"true\" data-tab=\"1\" role=\"tab\" tabindex=\"0\" aria-controls=\"elementor-tab-content-1971\" aria-expanded=\"false\">2023<\/div>\n\t\t\t\t\t\t\t\t\t<div id=\"elementor-tab-title-1972\" class=\"elementor-tab-title elementor-tab-desktop-title\" aria-selected=\"false\" data-tab=\"2\" role=\"tab\" tabindex=\"-1\" aria-controls=\"elementor-tab-content-1972\" aria-expanded=\"false\">2022<\/div>\n\t\t\t\t\t\t\t\t\t<div id=\"elementor-tab-title-1973\" class=\"elementor-tab-title elementor-tab-desktop-title\" aria-selected=\"false\" data-tab=\"3\" role=\"tab\" tabindex=\"-1\" aria-controls=\"elementor-tab-content-1973\" aria-expanded=\"false\">2021<\/div>\n\t\t\t\t\t\t\t\t\t<div id=\"elementor-tab-title-1974\" class=\"elementor-tab-title elementor-tab-desktop-title\" aria-selected=\"false\" data-tab=\"4\" role=\"tab\" tabindex=\"-1\" aria-controls=\"elementor-tab-content-1974\" aria-expanded=\"false\">2020<\/div>\n\t\t\t\t\t\t\t\t\t<div id=\"elementor-tab-title-1975\" class=\"elementor-tab-title elementor-tab-desktop-title\" aria-selected=\"false\" data-tab=\"5\" role=\"tab\" tabindex=\"-1\" aria-controls=\"elementor-tab-content-1975\" aria-expanded=\"false\">2019<\/div>\n\t\t\t\t\t\t\t\t\t<div id=\"elementor-tab-title-1976\" class=\"elementor-tab-title elementor-tab-desktop-title\" aria-selected=\"false\" data-tab=\"6\" role=\"tab\" tabindex=\"-1\" aria-controls=\"elementor-tab-content-1976\" aria-expanded=\"false\">2016<\/div>\n\t\t\t\t\t\t\t<\/div>\n\t\t\t<div class=\"elementor-tabs-content-wrapper\" role=\"tablist\" aria-orientation=\"vertical\">\n\t\t\t\t\t\t\t\t\t<div class=\"elementor-tab-title elementor-tab-mobile-title\" aria-selected=\"true\" data-tab=\"1\" role=\"tab\" tabindex=\"0\" aria-controls=\"elementor-tab-content-1971\" aria-expanded=\"false\">2023<\/div>\n\t\t\t\t\t<div id=\"elementor-tab-content-1971\" class=\"elementor-tab-content elementor-clearfix\" data-tab=\"1\" role=\"tabpanel\" aria-labelledby=\"elementor-tab-title-1971\" tabindex=\"0\" hidden=\"false\"><ul><li><p><span style=\"color: #000000\"><strong>La Inteligencia Artificial (IAG) al servicio de la innovaci\u00f3n docente: Usos educativos de ChatGPT en el \u00e1mbito de los estudios filol\u00f3gicos<\/strong><\/span><\/p><p><span style=\"color: #000000\">Entidad financiadora: Vicerrectorado de Digitalizaci\u00f3n e Innovaci\u00f3n y IUED (UNED).<\/span><\/p><p><span style=\"color: #000000\">Cuant\u00eda del proyecto: 2.500\u20ac<\/span><\/p><p><span style=\"color: #000000\">Fecha de inicio: 27\/11\/2023<\/span><\/p><p><span style=\"color: #000000\">Coordinadora principal: Inmaculada Senra Silva<\/span><\/p><\/li><\/ul><\/div>\n\t\t\t\t\t\t\t\t\t<div class=\"elementor-tab-title elementor-tab-mobile-title\" aria-selected=\"false\" data-tab=\"2\" role=\"tab\" tabindex=\"-1\" aria-controls=\"elementor-tab-content-1972\" aria-expanded=\"false\">2022<\/div>\n\t\t\t\t\t<div id=\"elementor-tab-content-1972\" class=\"elementor-tab-content elementor-clearfix\" data-tab=\"2\" role=\"tabpanel\" aria-labelledby=\"elementor-tab-title-1972\" tabindex=\"0\" hidden=\"hidden\"><ul><li><p><strong><span style=\"color: #000000\">Contenidos digitales para estudiantes de M\u00e1ster: Un tema, siete especialistas II. Lenguas minoritarias<\/span><\/strong><\/p><p><span style=\"color: #000000\">Entidad financiadora: Vicerrectorado de Digitalizaci\u00f3n e Innovaci\u00f3n y IUED (UNED).<\/span><\/p><p><span style=\"color: #000000\">Cuant\u00eda del proyecto: 2.700\u20ac<\/span><\/p><p><span style=\"color: #000000\">Fecha de inicio: 19\/12\/2022<\/span><\/p><p><span style=\"color: #000000\">Coordinadora principal: Inmaculada Senra Silva<\/span><\/p><\/li><li><p><strong><span style=\"color: #000000\">Filobot III: Un chatbot interactivo como herramienta para la resoluci\u00f3n de dudas, aprendizaje participativo y disminuci\u00f3n del abandono universitario en el \u00e1mbito de las filolog\u00edas.<\/span><\/strong><\/p><p><span style=\"color: #000000\">Entidad financiadora: Vicerrectorado de Digitalizaci\u00f3n e Innovaci\u00f3n y IUED (UNED).<\/span><\/p><p><span style=\"color: #000000\">Cuant\u00eda del proyecto: 1.500\u20ac<\/span><\/p><p><span style=\"color: #000000\">Fecha de inicio: 14\/12\/2022<\/span><\/p><p><span style=\"color: #000000\">Coordinador principal: Rub\u00e9n Chac\u00f3n Beltr\u00e1n<\/span><\/p><\/li><\/ul><\/div>\n\t\t\t\t\t\t\t\t\t<div class=\"elementor-tab-title elementor-tab-mobile-title\" aria-selected=\"false\" data-tab=\"3\" role=\"tab\" tabindex=\"-1\" aria-controls=\"elementor-tab-content-1973\" aria-expanded=\"false\">2021<\/div>\n\t\t\t\t\t<div id=\"elementor-tab-content-1973\" class=\"elementor-tab-content elementor-clearfix\" data-tab=\"3\" role=\"tabpanel\" aria-labelledby=\"elementor-tab-title-1973\" tabindex=\"0\" hidden=\"hidden\"><ul><li><p><strong><span style=\"color: #000000\">Contenidos digitales para estudiantes de M\u00e1ster: Un tema, siete especialistas. Biling\u00fcismo<\/span><\/strong><\/p><p><span style=\"color: #000000\">Entidad financiadora: Vicerrectorado de Digitalizaci\u00f3n e Innovaci\u00f3n y IUED (UNED).<\/span><\/p><p><span style=\"color: #000000\">Cuant\u00eda del proyecto: 2.350\u20ac<\/span><\/p><p><span style=\"color: #000000\">Fecha de inicio: 8\/11\/2021<\/span><\/p><p><span style=\"color: #000000\">Fecha de finalizaci\u00f3n: 31\/10\/2022<\/span><\/p><p><span style=\"color: #000000\">Coordinadora principal: Inmaculada Senra Silva<\/span><\/p><\/li><li><p><strong><span style=\"color: #000000\">Filobot II: Un chatbot interactivo como herramienta para la resoluci\u00f3n de dudas, aprendizaje participativo y disminuci\u00f3n del abandono universitario en el \u00e1mbito de las filolog\u00edas<\/span><\/strong><\/p><p><span style=\"color: #000000\">Entidad financiadora: Vicerrectorado de Digitalizaci\u00f3n e Innovaci\u00f3n y IUED (UNED).<\/span><\/p><p><span style=\"color: #000000\">Cuant\u00eda del proyecto: 2.500\u20ac<\/span><\/p><p><span style=\"color: #000000\">Fecha de inicio: 8\/11\/2021<\/span><\/p><span style=\"color: #000000\">Coordinador principal: Rub\u00e9n Chac\u00f3n Beltr\u00e1n<\/span><\/li><\/ul><\/div>\n\t\t\t\t\t\t\t\t\t<div class=\"elementor-tab-title elementor-tab-mobile-title\" aria-selected=\"false\" data-tab=\"4\" role=\"tab\" tabindex=\"-1\" aria-controls=\"elementor-tab-content-1974\" aria-expanded=\"false\">2020<\/div>\n\t\t\t\t\t<div id=\"elementor-tab-content-1974\" class=\"elementor-tab-content elementor-clearfix\" data-tab=\"4\" role=\"tabpanel\" aria-labelledby=\"elementor-tab-title-1974\" tabindex=\"0\" hidden=\"hidden\"><ul><li><p><span style=\"color: #000000\"><strong>FiloBot: dise\u00f1o de un chatbot interactivo como herramienta para la resoluci\u00f3n de dudas, aprendizaje participativo y disminuci\u00f3n del abandono universitario en el \u00e1mbito de las filolog\u00edas<\/strong><\/span><\/p><p><span style=\"color: #000000\">Entidad financiadora: Vicerrectorado de Digitalizaci\u00f3n e Innovaci\u00f3n Instituto Universitario de Educaci\u00f3n a Distancia (UNED).<\/span><\/p><p><span style=\"color: #000000\">Cuant\u00eda del proyecto: 6.750\u20ac<\/span><\/p><p><span style=\"color: #000000\">Fecha de inicio: 10-11-2020<\/span><\/p><p><span style=\"color: #000000\">Fecha de finalizaci\u00f3n: 31-12-2021<\/span><\/p><span style=\"color: #000000\">Coordinador principal: Rub\u00e9n Chac\u00f3n Beltr\u00e1n<\/span><\/li><\/ul><\/div>\n\t\t\t\t\t\t\t\t\t<div class=\"elementor-tab-title elementor-tab-mobile-title\" aria-selected=\"false\" data-tab=\"5\" role=\"tab\" tabindex=\"-1\" aria-controls=\"elementor-tab-content-1975\" aria-expanded=\"false\">2019<\/div>\n\t\t\t\t\t<div id=\"elementor-tab-content-1975\" class=\"elementor-tab-content elementor-clearfix\" data-tab=\"5\" role=\"tabpanel\" aria-labelledby=\"elementor-tab-title-1975\" tabindex=\"0\" hidden=\"hidden\"><ul><li><p><span style=\"color: #000000\"><strong>Elaboraci\u00f3n de un manual en formato digital enriquecido con grabaciones audiovisuales y un NOOC para la preparaci\u00f3n y defensa del TFM destinado a los estudiantes de Filolog\u00eda<\/strong><\/span><\/p><p><span style=\"color: #000000\">Entidad financiadora: Vicerrectorado de Digitalizaci\u00f3n e Innovaci\u00f3n Instituto Universitario de Educaci\u00f3n a Distancia (UNED).<\/span><\/p><p><span style=\"color: #000000\">Cuant\u00eda del proyecto: 1.500\u20ac<\/span><\/p><p><span style=\"color: #000000\">Fecha de inicio: 7-11-2019<\/span><\/p><p><span style=\"color: #000000\">Fecha de finalizaci\u00f3n: 31-12-2020<\/span><\/p><span style=\"color: #000000\">Coordinador principal: Rub\u00e9n Chac\u00f3n Beltr\u00e1n<\/span><\/li><\/ul><\/div>\n\t\t\t\t\t\t\t\t\t<div class=\"elementor-tab-title elementor-tab-mobile-title\" aria-selected=\"false\" data-tab=\"6\" role=\"tab\" tabindex=\"-1\" aria-controls=\"elementor-tab-content-1976\" aria-expanded=\"false\">2016<\/div>\n\t\t\t\t\t<div id=\"elementor-tab-content-1976\" class=\"elementor-tab-content elementor-clearfix\" data-tab=\"6\" role=\"tabpanel\" aria-labelledby=\"elementor-tab-title-1976\" tabindex=\"0\" hidden=\"hidden\"><ul><li><p><span style=\"color: #000000\"><strong>La elaboraci\u00f3n de TFM en filolog\u00eda con metodolog\u00eda de la ense\u00f1anza a distancia: elaboraci\u00f3n, tutorizaci\u00f3n y evaluaci\u00f3n (TFM-FILO)<\/strong><\/span><\/p><p><span style=\"color: #000000\">Entidad financiadora: Vicerrectorado de Digitalizaci\u00f3n e Innovaci\u00f3n Instituto Universitario de Educaci\u00f3n a Distancia (UNED).<\/span><\/p><p><span style=\"color: #000000\">Fecha de inicio: 1-11-2016<\/span><\/p><p><span style=\"color: #000000\">Fecha de finalizaci\u00f3n: 20-12-2017<\/span><\/p><span style=\"color: #000000\">Coordinador principal: Rub\u00e9n Chac\u00f3n Beltr\u00e1n<\/span><\/li><\/ul><\/div>\n\t\t\t\t\t\t\t<\/div>\n\t\t<\/div>\n\t\t\t\t\t\t<\/div>\n\t\t\t\t<\/div>\n\t\t\t\t\t<\/div>\n\t\t<\/div>\n\t\t\t\t\t<\/div>\n\t\t<\/section>\n\t\t\t\t<section class=\"elementor-section elementor-top-section elementor-element elementor-element-ad80a6f elementor-section-boxed elementor-section-height-default elementor-section-height-default\" data-id=\"ad80a6f\" data-element_type=\"section\" data-e-type=\"section\">\n\t\t\t\t\t\t<div class=\"elementor-container elementor-column-gap-default\">\n\t\t\t\t\t<div class=\"elementor-column elementor-col-100 elementor-top-column elementor-element elementor-element-203bf9a\" data-id=\"203bf9a\" data-element_type=\"column\" data-e-type=\"column\">\n\t\t\t<div class=\"elementor-widget-wrap elementor-element-populated\">\n\t\t\t\t\t\t<div class=\"elementor-element elementor-element-a57b44b elementor-widget elementor-widget-spacer\" data-id=\"a57b44b\" data-element_type=\"widget\" data-e-type=\"widget\" data-widget_type=\"spacer.default\">\n\t\t\t\t<div class=\"elementor-widget-container\">\n\t\t\t\t\t\t\t<div class=\"elementor-spacer\">\n\t\t\t<div class=\"elementor-spacer-inner\"><\/div>\n\t\t<\/div>\n\t\t\t\t\t\t<\/div>\n\t\t\t\t<\/div>\n\t\t\t\t\t<\/div>\n\t\t<\/div>\n\t\t\t\t\t<\/div>\n\t\t<\/section>\n\t\t\t\t<section class=\"elementor-section elementor-top-section elementor-element elementor-element-3720bf0 elementor-section-boxed elementor-section-height-default elementor-section-height-default\" data-id=\"3720bf0\" data-element_type=\"section\" data-e-type=\"section\">\n\t\t\t\t\t\t<div class=\"elementor-container elementor-column-gap-default\">\n\t\t\t\t\t<div class=\"elementor-column elementor-col-100 elementor-top-column elementor-element elementor-element-3a8bee0\" data-id=\"3a8bee0\" data-element_type=\"column\" data-e-type=\"column\">\n\t\t\t<div class=\"elementor-widget-wrap elementor-element-populated\">\n\t\t\t\t\t\t<div class=\"elementor-element elementor-element-f19a048 elementor-widget elementor-widget-image\" data-id=\"f19a048\" data-element_type=\"widget\" data-e-type=\"widget\" data-widget_type=\"image.default\">\n\t\t\t\t<div class=\"elementor-widget-container\">\n\t\t\t\t\t\t\t\t\t\t\t\t\t\t\t<img fetchpriority=\"high\" decoding=\"async\" width=\"768\" height=\"463\" src=\"https:\/\/blogs.uned.es\/ideaal\/wp-content\/uploads\/sites\/607\/2025\/12\/job-5382501_1280-768x463.jpg\" class=\"attachment-medium_large size-medium_large wp-image-3151\" alt=\"\" srcset=\"https:\/\/blogs.uned.es\/ideaal\/wp-content\/uploads\/sites\/607\/2025\/12\/job-5382501_1280-768x463.jpg 768w, https:\/\/blogs.uned.es\/ideaal\/wp-content\/uploads\/sites\/607\/2025\/12\/job-5382501_1280-300x181.jpg 300w, https:\/\/blogs.uned.es\/ideaal\/wp-content\/uploads\/sites\/607\/2025\/12\/job-5382501_1280-1024x617.jpg 1024w, https:\/\/blogs.uned.es\/ideaal\/wp-content\/uploads\/sites\/607\/2025\/12\/job-5382501_1280.jpg 1280w\" sizes=\"(max-width: 768px) 100vw, 768px\" \/>\t\t\t\t\t\t\t\t\t\t\t\t\t\t\t<\/div>\n\t\t\t\t<\/div>\n\t\t\t\t\t<\/div>\n\t\t<\/div>\n\t\t\t\t\t<\/div>\n\t\t<\/section>\n\t\t\t\t<\/div>\n\t\t","protected":false},"excerpt":{"rendered":"<p>Proyectos anteriores 2023 2022 2021 2020 2019 2016 2023 La Inteligencia Artificial (IAG) al servicio de la innovaci\u00f3n docente: Usos educativos de ChatGPT en el \u00e1mbito de los estudios filol\u00f3gicos Entidad financiadora: Vicerrectorado de Digitalizaci\u00f3n e Innovaci\u00f3n y IUED (UNED). Cuant\u00eda del proyecto: 2.500\u20ac Fecha de inicio: 27\/11\/2023 Coordinadora principal: Inmaculada Senra Silva 2022 Contenidos digitales para estudiantes de M\u00e1ster: Un tema, siete especialistas II. Lenguas minoritarias Entidad financiadora: Vicerrectorado de Digitalizaci\u00f3n e Innovaci\u00f3n y IUED (UNED). Cuant\u00eda del proyecto: 2.700\u20ac Fecha de inicio: 19\/12\/2022 Coordinadora principal: Inmaculada Senra Silva Filobot III: Un chatbot interactivo como herramienta para la resoluci\u00f3n de dudas, aprendizaje participativo y disminuci\u00f3n del abandono universitario en el \u00e1mbito de las filolog\u00edas. Entidad financiadora: Vicerrectorado de Digitalizaci\u00f3n e Innovaci\u00f3n y IUED (UNED). Cuant\u00eda del proyecto: 1.500\u20ac Fecha de inicio: 14\/12\/2022 Coordinador principal: Rub\u00e9n Chac\u00f3n Beltr\u00e1n 2021 Contenidos digitales para estudiantes de M\u00e1ster: Un tema, siete especialistas. Biling\u00fcismo&hellip;<\/p>\n<p> <a class=\"more-link\" href=\"https:\/\/blogs.uned.es\/ideaal\/proyectos-anteriores\/\">Leer m\u00e1s<\/a><\/p>\n","protected":false},"author":8031,"featured_media":0,"parent":0,"menu_order":0,"comment_status":"closed","ping_status":"closed","template":"","meta":{"footnotes":""},"class_list":["post-849","page","type-page","status-publish"],"_links":{"self":[{"href":"https:\/\/blogs.uned.es\/ideaal\/wp-json\/wp\/v2\/pages\/849","targetHints":{"allow":["GET"]}}],"collection":[{"href":"https:\/\/blogs.uned.es\/ideaal\/wp-json\/wp\/v2\/pages"}],"about":[{"href":"https:\/\/blogs.uned.es\/ideaal\/wp-json\/wp\/v2\/types\/page"}],"author":[{"embeddable":true,"href":"https:\/\/blogs.uned.es\/ideaal\/wp-json\/wp\/v2\/users\/8031"}],"replies":[{"embeddable":true,"href":"https:\/\/blogs.uned.es\/ideaal\/wp-json\/wp\/v2\/comments?post=849"}],"version-history":[{"count":46,"href":"https:\/\/blogs.uned.es\/ideaal\/wp-json\/wp\/v2\/pages\/849\/revisions"}],"predecessor-version":[{"id":3457,"href":"https:\/\/blogs.uned.es\/ideaal\/wp-json\/wp\/v2\/pages\/849\/revisions\/3457"}],"wp:attachment":[{"href":"https:\/\/blogs.uned.es\/ideaal\/wp-json\/wp\/v2\/media?parent=849"}],"curies":[{"name":"wp","href":"https:\/\/api.w.org\/{rel}","templated":true}]}}