{"id":3321,"date":"2026-01-19T18:37:31","date_gmt":"2026-01-19T17:37:31","guid":{"rendered":"https:\/\/blogs.uned.es\/ideaal\/?page_id=3321"},"modified":"2026-01-27T10:25:17","modified_gmt":"2026-01-27T09:25:17","slug":"ayudas-recibidas","status":"publish","type":"page","link":"https:\/\/blogs.uned.es\/ideaal\/ayudas-recibidas\/","title":{"rendered":"Ayudas recibidas"},"content":{"rendered":"\t\t<div data-elementor-type=\"wp-page\" data-elementor-id=\"3321\" class=\"elementor elementor-3321\">\n\t\t\t\t\t\t<section class=\"elementor-section elementor-top-section elementor-element elementor-element-7d86704f elementor-section-stretched elementor-section-height-min-height elementor-section-content-middle elementor-section-boxed elementor-section-height-default elementor-section-items-middle\" data-id=\"7d86704f\" data-element_type=\"section\" data-e-type=\"section\" data-settings=\"{&quot;stretch_section&quot;:&quot;section-stretched&quot;,&quot;background_background&quot;:&quot;classic&quot;}\">\n\t\t\t\t\t\t<div class=\"elementor-container elementor-column-gap-default\">\n\t\t\t\t\t<div class=\"elementor-column elementor-col-100 elementor-top-column elementor-element elementor-element-77c222f7\" data-id=\"77c222f7\" data-element_type=\"column\" data-e-type=\"column\">\n\t\t\t<div class=\"elementor-widget-wrap elementor-element-populated\">\n\t\t\t\t\t\t<section class=\"elementor-section elementor-inner-section elementor-element elementor-element-ab94c8d elementor-section-boxed elementor-section-height-default elementor-section-height-default\" data-id=\"ab94c8d\" data-element_type=\"section\" data-e-type=\"section\">\n\t\t\t\t\t\t<div class=\"elementor-container elementor-column-gap-default\">\n\t\t\t\t\t<div class=\"elementor-column elementor-col-50 elementor-inner-column elementor-element elementor-element-3c5436fd\" data-id=\"3c5436fd\" data-element_type=\"column\" data-e-type=\"column\">\n\t\t\t<div class=\"elementor-widget-wrap\">\n\t\t\t\t\t\t\t<\/div>\n\t\t<\/div>\n\t\t\t\t<div class=\"elementor-column elementor-col-50 elementor-inner-column elementor-element elementor-element-584a189e\" data-id=\"584a189e\" data-element_type=\"column\" data-e-type=\"column\">\n\t\t\t<div class=\"elementor-widget-wrap elementor-element-populated\">\n\t\t\t\t\t\t<div class=\"elementor-element elementor-element-1d371b8c elementor-widget elementor-widget-heading\" data-id=\"1d371b8c\" data-element_type=\"widget\" data-e-type=\"widget\" data-widget_type=\"heading.default\">\n\t\t\t\t<div class=\"elementor-widget-container\">\n\t\t\t\t\t<h4 class=\"elementor-heading-title elementor-size-xxl\">Ayudas recibidas<\/h4>\t\t\t\t<\/div>\n\t\t\t\t<\/div>\n\t\t\t\t\t<\/div>\n\t\t<\/div>\n\t\t\t\t\t<\/div>\n\t\t<\/section>\n\t\t\t\t\t<\/div>\n\t\t<\/div>\n\t\t\t\t\t<\/div>\n\t\t<\/section>\n\t\t\t\t<section class=\"elementor-section elementor-top-section elementor-element elementor-element-5501d492 elementor-section-boxed elementor-section-height-default elementor-section-height-default\" data-id=\"5501d492\" data-element_type=\"section\" data-e-type=\"section\">\n\t\t\t\t\t\t<div class=\"elementor-container elementor-column-gap-default\">\n\t\t\t\t\t<div class=\"elementor-column elementor-col-100 elementor-top-column elementor-element elementor-element-36c494f\" data-id=\"36c494f\" data-element_type=\"column\" data-e-type=\"column\">\n\t\t\t<div class=\"elementor-widget-wrap elementor-element-populated\">\n\t\t\t\t\t\t<div class=\"elementor-element elementor-element-92492a1 elementor-widget elementor-widget-spacer\" data-id=\"92492a1\" data-element_type=\"widget\" data-e-type=\"widget\" data-widget_type=\"spacer.default\">\n\t\t\t\t<div class=\"elementor-widget-container\">\n\t\t\t\t\t\t\t<div class=\"elementor-spacer\">\n\t\t\t<div class=\"elementor-spacer-inner\"><\/div>\n\t\t<\/div>\n\t\t\t\t\t\t<\/div>\n\t\t\t\t<\/div>\n\t\t\t\t<div class=\"elementor-element elementor-element-44d79bf2 elementor-tabs-view-horizontal elementor-widget elementor-widget-tabs\" data-id=\"44d79bf2\" data-element_type=\"widget\" data-e-type=\"widget\" data-widget_type=\"tabs.default\">\n\t\t\t\t<div class=\"elementor-widget-container\">\n\t\t\t\t\t\t\t<div class=\"elementor-tabs\">\n\t\t\t<div class=\"elementor-tabs-wrapper\" role=\"tablist\" >\n\t\t\t\t\t\t\t\t\t<div id=\"elementor-tab-title-1151\" class=\"elementor-tab-title elementor-tab-desktop-title\" aria-selected=\"true\" data-tab=\"1\" role=\"tab\" tabindex=\"0\" aria-controls=\"elementor-tab-content-1151\" aria-expanded=\"false\">2025<\/div>\n\t\t\t\t\t\t\t\t\t<div id=\"elementor-tab-title-1152\" class=\"elementor-tab-title elementor-tab-desktop-title\" aria-selected=\"false\" data-tab=\"2\" role=\"tab\" tabindex=\"-1\" aria-controls=\"elementor-tab-content-1152\" aria-expanded=\"false\">2023<\/div>\n\t\t\t\t\t\t\t\t\t<div id=\"elementor-tab-title-1153\" class=\"elementor-tab-title elementor-tab-desktop-title\" aria-selected=\"false\" data-tab=\"3\" role=\"tab\" tabindex=\"-1\" aria-controls=\"elementor-tab-content-1153\" aria-expanded=\"false\">2022<\/div>\n\t\t\t\t\t\t\t<\/div>\n\t\t\t<div class=\"elementor-tabs-content-wrapper\" role=\"tablist\" aria-orientation=\"vertical\">\n\t\t\t\t\t\t\t\t\t<div class=\"elementor-tab-title elementor-tab-mobile-title\" aria-selected=\"true\" data-tab=\"1\" role=\"tab\" tabindex=\"0\" aria-controls=\"elementor-tab-content-1151\" aria-expanded=\"false\">2025<\/div>\n\t\t\t\t\t<div id=\"elementor-tab-content-1151\" class=\"elementor-tab-content elementor-clearfix\" data-tab=\"1\" role=\"tabpanel\" aria-labelledby=\"elementor-tab-title-1151\" tabindex=\"0\" hidden=\"false\"><ul><li><p><strong><span style=\"color: #000000\">Organizaci\u00f3n del seminario \u00abInnovaci\u00f3n docente en filolog\u00eda: la Inteligencia Artificial como herramienta para la ense\u00f1anza y la investigaci\u00f3n\u00bb<\/span><\/strong><\/p><p><span style=\"color: #000000\">Entidad financiadora: Comisi\u00f3n de Metodolog\u00eda e Innovaci\u00f3n de la Facultad de Filolog\u00eda (UNED).<\/span><\/p><p><span style=\"color: #000000\">Coordinador principal: Joseph Garc\u00eda Rodr\u00edguez<\/span><\/p><\/li><\/ul><\/div>\n\t\t\t\t\t\t\t\t\t<div class=\"elementor-tab-title elementor-tab-mobile-title\" aria-selected=\"false\" data-tab=\"2\" role=\"tab\" tabindex=\"-1\" aria-controls=\"elementor-tab-content-1152\" aria-expanded=\"false\">2023<\/div>\n\t\t\t\t\t<div id=\"elementor-tab-content-1152\" class=\"elementor-tab-content elementor-clearfix\" data-tab=\"2\" role=\"tabpanel\" aria-labelledby=\"elementor-tab-title-1152\" tabindex=\"0\" hidden=\"hidden\"><ul><li><p><strong><span style=\"color: #000000\">Convocatoria de Ayudas a acciones de innovaci\u00f3n docente y metodol\u00f3gica de la Facultad de Filolog\u00eda<\/span><\/strong><\/p><p><span style=\"color: #000000\">Entidad financiadora: Facultad de Filolog\u00eda (UNED).<\/span><\/p><p><span style=\"color: #000000\">Coordinadora principal: Inmaculada Senra Silva<\/span><\/p><\/li><\/ul><\/div>\n\t\t\t\t\t\t\t\t\t<div class=\"elementor-tab-title elementor-tab-mobile-title\" aria-selected=\"false\" data-tab=\"3\" role=\"tab\" tabindex=\"-1\" aria-controls=\"elementor-tab-content-1153\" aria-expanded=\"false\">2022<\/div>\n\t\t\t\t\t<div id=\"elementor-tab-content-1153\" class=\"elementor-tab-content elementor-clearfix\" data-tab=\"3\" role=\"tabpanel\" aria-labelledby=\"elementor-tab-title-1153\" tabindex=\"0\" hidden=\"hidden\"><ul type=\"disc\"><li><span style=\"color: #000000\"><b>\u00abActualizaci\u00f3n del\u00a0<i>chatbot<\/i>\u00a0interactivo como herramienta para la resoluci\u00f3n de dudas de los estudiantes de Filolog\u00eda\u00bb<\/b><\/span><\/li><\/ul><p><span style=\"color: #000000\">Entidad financiadora: Comisi\u00f3n de Metodolog\u00eda e Innovaci\u00f3n de la Facultad de Filolog\u00eda (UNED).<\/span><\/p><p><span style=\"color: #000000\">Cuant\u00eda:\u00a01200 \u20ac<\/span><\/p><p><span style=\"color: #000000\">Fecha de concesi\u00f3n: 11 de mayo de 2022<\/span><\/p><p><span style=\"color: #000000\">Coordinador principal: Alicia San Mateo Valdeh\u00edta<\/span><\/p><\/div>\n\t\t\t\t\t\t\t<\/div>\n\t\t<\/div>\n\t\t\t\t\t\t<\/div>\n\t\t\t\t<\/div>\n\t\t\t\t\t<\/div>\n\t\t<\/div>\n\t\t\t\t\t<\/div>\n\t\t<\/section>\n\t\t\t\t<section class=\"elementor-section elementor-top-section elementor-element elementor-element-557434d elementor-section-boxed elementor-section-height-default elementor-section-height-default\" data-id=\"557434d\" data-element_type=\"section\" data-e-type=\"section\">\n\t\t\t\t\t\t<div class=\"elementor-container elementor-column-gap-default\">\n\t\t\t\t\t<div class=\"elementor-column elementor-col-100 elementor-top-column elementor-element elementor-element-f04a1f1\" data-id=\"f04a1f1\" data-element_type=\"column\" data-e-type=\"column\">\n\t\t\t<div class=\"elementor-widget-wrap elementor-element-populated\">\n\t\t\t\t\t\t<div class=\"elementor-element elementor-element-4ee860e elementor-widget elementor-widget-spacer\" data-id=\"4ee860e\" data-element_type=\"widget\" data-e-type=\"widget\" data-widget_type=\"spacer.default\">\n\t\t\t\t<div class=\"elementor-widget-container\">\n\t\t\t\t\t\t\t<div class=\"elementor-spacer\">\n\t\t\t<div class=\"elementor-spacer-inner\"><\/div>\n\t\t<\/div>\n\t\t\t\t\t\t<\/div>\n\t\t\t\t<\/div>\n\t\t\t\t<div class=\"elementor-element elementor-element-c9bbf77 elementor-widget elementor-widget-image\" data-id=\"c9bbf77\" data-element_type=\"widget\" data-e-type=\"widget\" data-widget_type=\"image.default\">\n\t\t\t\t<div class=\"elementor-widget-container\">\n\t\t\t\t\t\t\t\t\t\t\t\t\t\t\t<img fetchpriority=\"high\" decoding=\"async\" width=\"768\" height=\"448\" src=\"https:\/\/blogs.uned.es\/ideaal\/wp-content\/uploads\/sites\/607\/2026\/01\/uned-facultad-de-filologia-background-768x448.jpg\" class=\"attachment-medium_large size-medium_large wp-image-3375\" alt=\"\" srcset=\"https:\/\/blogs.uned.es\/ideaal\/wp-content\/uploads\/sites\/607\/2026\/01\/uned-facultad-de-filologia-background-768x448.jpg 768w, https:\/\/blogs.uned.es\/ideaal\/wp-content\/uploads\/sites\/607\/2026\/01\/uned-facultad-de-filologia-background-300x175.jpg 300w, https:\/\/blogs.uned.es\/ideaal\/wp-content\/uploads\/sites\/607\/2026\/01\/uned-facultad-de-filologia-background-1024x597.jpg 1024w, https:\/\/blogs.uned.es\/ideaal\/wp-content\/uploads\/sites\/607\/2026\/01\/uned-facultad-de-filologia-background.jpg 1440w\" sizes=\"(max-width: 768px) 100vw, 768px\" \/>\t\t\t\t\t\t\t\t\t\t\t\t\t\t\t<\/div>\n\t\t\t\t<\/div>\n\t\t\t\t\t<\/div>\n\t\t<\/div>\n\t\t\t\t\t<\/div>\n\t\t<\/section>\n\t\t\t\t<section class=\"elementor-section elementor-top-section elementor-element elementor-element-5518fe2 elementor-section-boxed elementor-section-height-default elementor-section-height-default\" data-id=\"5518fe2\" data-element_type=\"section\" data-e-type=\"section\">\n\t\t\t\t\t\t<div class=\"elementor-container elementor-column-gap-default\">\n\t\t\t\t\t<div class=\"elementor-column elementor-col-100 elementor-top-column elementor-element elementor-element-5c46669\" data-id=\"5c46669\" data-element_type=\"column\" data-e-type=\"column\">\n\t\t\t<div class=\"elementor-widget-wrap\">\n\t\t\t\t\t\t\t<\/div>\n\t\t<\/div>\n\t\t\t\t\t<\/div>\n\t\t<\/section>\n\t\t\t\t<\/div>\n\t\t","protected":false},"excerpt":{"rendered":"<p>Ayudas recibidas 2025 2023 2022 2025 Organizaci\u00f3n del seminario \u00abInnovaci\u00f3n docente en filolog\u00eda: la Inteligencia Artificial como herramienta para la ense\u00f1anza y la investigaci\u00f3n\u00bb Entidad financiadora: Comisi\u00f3n de Metodolog\u00eda e Innovaci\u00f3n de la Facultad de Filolog\u00eda (UNED). Coordinador principal: Joseph Garc\u00eda Rodr\u00edguez 2023 Convocatoria de Ayudas a acciones de innovaci\u00f3n docente y metodol\u00f3gica de la Facultad de Filolog\u00eda Entidad financiadora: Facultad de Filolog\u00eda (UNED). Coordinadora principal: Inmaculada Senra Silva 2022 \u00abActualizaci\u00f3n del\u00a0chatbot\u00a0interactivo como herramienta para la resoluci\u00f3n de dudas de los estudiantes de Filolog\u00eda\u00bb Entidad financiadora: Comisi\u00f3n de Metodolog\u00eda e Innovaci\u00f3n de la Facultad de Filolog\u00eda (UNED). Cuant\u00eda:\u00a01200 \u20ac Fecha de concesi\u00f3n: 11 de mayo de 2022 Coordinador principal: Alicia San Mateo Valdeh\u00edta<\/p>\n","protected":false},"author":8029,"featured_media":0,"parent":0,"menu_order":0,"comment_status":"closed","ping_status":"closed","template":"","meta":{"footnotes":""},"class_list":["post-3321","page","type-page","status-publish"],"_links":{"self":[{"href":"https:\/\/blogs.uned.es\/ideaal\/wp-json\/wp\/v2\/pages\/3321","targetHints":{"allow":["GET"]}}],"collection":[{"href":"https:\/\/blogs.uned.es\/ideaal\/wp-json\/wp\/v2\/pages"}],"about":[{"href":"https:\/\/blogs.uned.es\/ideaal\/wp-json\/wp\/v2\/types\/page"}],"author":[{"embeddable":true,"href":"https:\/\/blogs.uned.es\/ideaal\/wp-json\/wp\/v2\/users\/8029"}],"replies":[{"embeddable":true,"href":"https:\/\/blogs.uned.es\/ideaal\/wp-json\/wp\/v2\/comments?post=3321"}],"version-history":[{"count":31,"href":"https:\/\/blogs.uned.es\/ideaal\/wp-json\/wp\/v2\/pages\/3321\/revisions"}],"predecessor-version":[{"id":3573,"href":"https:\/\/blogs.uned.es\/ideaal\/wp-json\/wp\/v2\/pages\/3321\/revisions\/3573"}],"wp:attachment":[{"href":"https:\/\/blogs.uned.es\/ideaal\/wp-json\/wp\/v2\/media?parent=3321"}],"curies":[{"name":"wp","href":"https:\/\/api.w.org\/{rel}","templated":true}]}}