{"id":3049,"date":"2025-12-30T15:52:47","date_gmt":"2025-12-30T14:52:47","guid":{"rendered":"https:\/\/blogs.uned.es\/ideaal\/?page_id=3049"},"modified":"2025-12-30T16:37:35","modified_gmt":"2025-12-30T15:37:35","slug":"proyectos-vigentes","status":"publish","type":"page","link":"https:\/\/blogs.uned.es\/ideaal\/proyectos-vigentes\/","title":{"rendered":"Proyectos vigentes"},"content":{"rendered":"\t\t<div data-elementor-type=\"wp-page\" data-elementor-id=\"3049\" class=\"elementor elementor-3049\">\n\t\t\t\t\t\t<section class=\"elementor-section elementor-top-section elementor-element elementor-element-63364a68 elementor-section-stretched elementor-section-height-min-height elementor-section-content-middle elementor-section-boxed elementor-section-height-default elementor-section-items-middle\" data-id=\"63364a68\" data-element_type=\"section\" data-e-type=\"section\" data-settings=\"{&quot;stretch_section&quot;:&quot;section-stretched&quot;,&quot;background_background&quot;:&quot;classic&quot;}\">\n\t\t\t\t\t\t<div class=\"elementor-container elementor-column-gap-default\">\n\t\t\t\t\t<div class=\"elementor-column elementor-col-100 elementor-top-column elementor-element elementor-element-7792585d\" data-id=\"7792585d\" data-element_type=\"column\" data-e-type=\"column\">\n\t\t\t<div class=\"elementor-widget-wrap elementor-element-populated\">\n\t\t\t\t\t\t<section class=\"elementor-section elementor-inner-section elementor-element elementor-element-14fd86e8 elementor-section-boxed elementor-section-height-default elementor-section-height-default\" data-id=\"14fd86e8\" data-element_type=\"section\" data-e-type=\"section\">\n\t\t\t\t\t\t<div class=\"elementor-container elementor-column-gap-default\">\n\t\t\t\t\t<div class=\"elementor-column elementor-col-50 elementor-inner-column elementor-element elementor-element-271beb94\" data-id=\"271beb94\" data-element_type=\"column\" data-e-type=\"column\">\n\t\t\t<div class=\"elementor-widget-wrap\">\n\t\t\t\t\t\t\t<\/div>\n\t\t<\/div>\n\t\t\t\t<div class=\"elementor-column elementor-col-50 elementor-inner-column elementor-element elementor-element-304f5137\" data-id=\"304f5137\" data-element_type=\"column\" data-e-type=\"column\">\n\t\t\t<div class=\"elementor-widget-wrap elementor-element-populated\">\n\t\t\t\t\t\t<div class=\"elementor-element elementor-element-43c5a5d3 elementor-widget elementor-widget-heading\" data-id=\"43c5a5d3\" data-element_type=\"widget\" data-e-type=\"widget\" data-widget_type=\"heading.default\">\n\t\t\t\t<div class=\"elementor-widget-container\">\n\t\t\t\t\t<h4 class=\"elementor-heading-title elementor-size-xxl\">Proyectos vigentes<\/h4>\t\t\t\t<\/div>\n\t\t\t\t<\/div>\n\t\t\t\t\t<\/div>\n\t\t<\/div>\n\t\t\t\t\t<\/div>\n\t\t<\/section>\n\t\t\t\t\t<\/div>\n\t\t<\/div>\n\t\t\t\t\t<\/div>\n\t\t<\/section>\n\t\t\t\t<section class=\"elementor-section elementor-top-section elementor-element elementor-element-bd307d1 elementor-section-boxed elementor-section-height-default elementor-section-height-default\" data-id=\"bd307d1\" data-element_type=\"section\" data-e-type=\"section\">\n\t\t\t\t\t\t<div class=\"elementor-container elementor-column-gap-default\">\n\t\t\t\t\t<div class=\"elementor-column elementor-col-100 elementor-top-column elementor-element elementor-element-71bb057\" data-id=\"71bb057\" data-element_type=\"column\" data-e-type=\"column\">\n\t\t\t<div class=\"elementor-widget-wrap elementor-element-populated\">\n\t\t\t\t\t\t<div class=\"elementor-element elementor-element-e3eaeb8 elementor-widget elementor-widget-spacer\" data-id=\"e3eaeb8\" data-element_type=\"widget\" data-e-type=\"widget\" data-widget_type=\"spacer.default\">\n\t\t\t\t<div class=\"elementor-widget-container\">\n\t\t\t\t\t\t\t<div class=\"elementor-spacer\">\n\t\t\t<div class=\"elementor-spacer-inner\"><\/div>\n\t\t<\/div>\n\t\t\t\t\t\t<\/div>\n\t\t\t\t<\/div>\n\t\t\t\t\t<\/div>\n\t\t<\/div>\n\t\t\t\t\t<\/div>\n\t\t<\/section>\n\t\t\t\t<section class=\"elementor-section elementor-top-section elementor-element elementor-element-ceba237 elementor-section-boxed elementor-section-height-default elementor-section-height-default\" data-id=\"ceba237\" data-element_type=\"section\" data-e-type=\"section\">\n\t\t\t\t\t\t<div class=\"elementor-container elementor-column-gap-default\">\n\t\t\t\t\t<div class=\"elementor-column elementor-col-100 elementor-top-column elementor-element elementor-element-b42c45f\" data-id=\"b42c45f\" data-element_type=\"column\" data-e-type=\"column\">\n\t\t\t<div class=\"elementor-widget-wrap elementor-element-populated\">\n\t\t\t\t\t\t<div class=\"elementor-element elementor-element-2e534cc elementor-widget elementor-widget-heading\" data-id=\"2e534cc\" data-element_type=\"widget\" data-e-type=\"widget\" data-widget_type=\"heading.default\">\n\t\t\t\t<div class=\"elementor-widget-container\">\n\t\t\t\t\t<h2 class=\"elementor-heading-title elementor-size-default\">Curso 2025\/2026<\/h2>\t\t\t\t<\/div>\n\t\t\t\t<\/div>\n\t\t\t\t\t<\/div>\n\t\t<\/div>\n\t\t\t\t\t<\/div>\n\t\t<\/section>\n\t\t\t\t<section class=\"elementor-section elementor-top-section elementor-element elementor-element-c4f8ed3 elementor-section-boxed elementor-section-height-default elementor-section-height-default\" data-id=\"c4f8ed3\" data-element_type=\"section\" data-e-type=\"section\">\n\t\t\t\t\t\t<div class=\"elementor-container elementor-column-gap-default\">\n\t\t\t\t\t<div class=\"elementor-column elementor-col-100 elementor-top-column elementor-element elementor-element-f09b979\" data-id=\"f09b979\" data-element_type=\"column\" data-e-type=\"column\">\n\t\t\t<div class=\"elementor-widget-wrap elementor-element-populated\">\n\t\t\t\t\t\t<div class=\"elementor-element elementor-element-681084b elementor-widget elementor-widget-spacer\" data-id=\"681084b\" data-element_type=\"widget\" data-e-type=\"widget\" data-widget_type=\"spacer.default\">\n\t\t\t\t<div class=\"elementor-widget-container\">\n\t\t\t\t\t\t\t<div class=\"elementor-spacer\">\n\t\t\t<div class=\"elementor-spacer-inner\"><\/div>\n\t\t<\/div>\n\t\t\t\t\t\t<\/div>\n\t\t\t\t<\/div>\n\t\t\t\t\t<\/div>\n\t\t<\/div>\n\t\t\t\t\t<\/div>\n\t\t<\/section>\n\t\t\t\t<section class=\"elementor-section elementor-top-section elementor-element elementor-element-48bec0da elementor-section-boxed elementor-section-height-default elementor-section-height-default\" data-id=\"48bec0da\" data-element_type=\"section\" data-e-type=\"section\">\n\t\t\t\t\t\t<div class=\"elementor-container elementor-column-gap-default\">\n\t\t\t\t\t<div class=\"elementor-column elementor-col-100 elementor-top-column elementor-element elementor-element-4c9b4f60\" data-id=\"4c9b4f60\" data-element_type=\"column\" data-e-type=\"column\">\n\t\t\t<div class=\"elementor-widget-wrap elementor-element-populated\">\n\t\t\t\t\t\t<div class=\"elementor-element elementor-element-1216cc50 elementor-alert-info elementor-widget elementor-widget-alert\" data-id=\"1216cc50\" data-element_type=\"widget\" data-e-type=\"widget\" data-widget_type=\"alert.default\">\n\t\t\t\t<div class=\"elementor-widget-container\">\n\t\t\t\t\t\t\t<div class=\"elementor-alert\" role=\"alert\">\n\n\t\t\t\t\t\t<span class=\"elementor-alert-title\">Innovaci\u00f3n metodol\u00f3gica en la Facultad de Filolog\u00eda<\/span>\n\t\t\t\n\t\t\t\t\t\t<span class=\"elementor-alert-description\"><p style=\"margin: 0cm;line-height: normal;font-size: 12pt;font-family: Aptos, sans-serif;background: white\"><\/p>Evaluaci\u00f3n y generaci\u00f3n de contenidos digitales en las asignaturas de grado y m\u00e1ster<br>\nInvestigador principal: <b>Joseph Garc\u00eda Rodr\u00edguez<\/b> \u2014 Departamento de Lengua Espa\u00f1ola y Ling\u00fc\u00edstica General, UNED<\/span>\n\t\t\t\n\t\t\t\n\t\t<\/div>\n\t\t\t\t\t\t<\/div>\n\t\t\t\t<\/div>\n\t\t\t\t\t<\/div>\n\t\t<\/div>\n\t\t\t\t\t<\/div>\n\t\t<\/section>\n\t\t\t\t<section class=\"elementor-section elementor-top-section elementor-element elementor-element-c5c4a21 elementor-section-boxed elementor-section-height-default elementor-section-height-default\" data-id=\"c5c4a21\" data-element_type=\"section\" data-e-type=\"section\">\n\t\t\t\t\t\t<div class=\"elementor-container elementor-column-gap-default\">\n\t\t\t\t\t<div class=\"elementor-column elementor-col-50 elementor-top-column elementor-element elementor-element-a1e4c30\" data-id=\"a1e4c30\" data-element_type=\"column\" data-e-type=\"column\">\n\t\t\t<div class=\"elementor-widget-wrap elementor-element-populated\">\n\t\t\t\t\t\t<div class=\"elementor-element elementor-element-41fde10 elementor-widget elementor-widget-image\" data-id=\"41fde10\" data-element_type=\"widget\" data-e-type=\"widget\" data-widget_type=\"image.default\">\n\t\t\t\t<div class=\"elementor-widget-container\">\n\t\t\t\t\t\t\t\t\t\t\t\t\t\t\t<img fetchpriority=\"high\" decoding=\"async\" width=\"401\" height=\"422\" src=\"https:\/\/blogs.uned.es\/ideaal\/wp-content\/uploads\/sites\/607\/2025\/10\/Foto-Joseph-2-1.png\" class=\"attachment-large size-large wp-image-2779\" alt=\"\" srcset=\"https:\/\/blogs.uned.es\/ideaal\/wp-content\/uploads\/sites\/607\/2025\/10\/Foto-Joseph-2-1.png 401w, https:\/\/blogs.uned.es\/ideaal\/wp-content\/uploads\/sites\/607\/2025\/10\/Foto-Joseph-2-1-285x300.png 285w\" sizes=\"(max-width: 401px) 100vw, 401px\" \/>\t\t\t\t\t\t\t\t\t\t\t\t\t\t\t<\/div>\n\t\t\t\t<\/div>\n\t\t\t\t\t<\/div>\n\t\t<\/div>\n\t\t\t\t<div class=\"elementor-column elementor-col-50 elementor-top-column elementor-element elementor-element-19c4d9c\" data-id=\"19c4d9c\" data-element_type=\"column\" data-e-type=\"column\">\n\t\t\t<div class=\"elementor-widget-wrap elementor-element-populated\">\n\t\t\t\t\t\t<div class=\"elementor-element elementor-element-f95d649 elementor-widget elementor-widget-image-box\" data-id=\"f95d649\" data-element_type=\"widget\" data-e-type=\"widget\" data-widget_type=\"image-box.default\">\n\t\t\t\t<div class=\"elementor-widget-container\">\n\t\t\t\t\t<div class=\"elementor-image-box-wrapper\"><div class=\"elementor-image-box-content\"><p class=\"elementor-image-box-description\">El proyecto, enmarcado en el Grupo de Innovaci\u00f3n Docente IDEAAL (GID 2016-14), aborda la brecha existente entre las demandas formativas del estudiantado y la disponibilidad de recursos digitales en las titulaciones de Filolog\u00eda de la UNED. Con un enfoque sistem\u00e1tico, la propuesta se estructura en tres fases: (1) autoevaluaci\u00f3n del grado de digitalizaci\u00f3n de las asignaturas mediante un formulario elaborado por todos los miembros del proyecto a partir de las propuestas planteadas por los especialistas; (2) dise\u00f1o y producci\u00f3n de materiales multimodales \u2014infograf\u00edas, actividades interactivas y presentaciones enriquecidas\u2014 apoyados en herramientas de inteligencia artificial generativa;(3) integraci\u00f3n y an\u00e1lisis de impacto de dichos materiales en los espacios virtuales, junto con la difusi\u00f3n de los resultados en congresos especializados, unas jornadas y un programa monogr\u00e1fico en Radio UNED. La iniciativa persigue incrementar la motivaci\u00f3n y el rendimiento acad\u00e9mico del alumnado en la modalidad a distancia, as\u00ed como optimizar la usabilidad y accesibilidad de los contenidos. El proyecto se alinea, por tanto, con la estrategia institucional de transformaci\u00f3n digital y refuerza el compromiso de la Facultad de Filolog\u00eda con una docencia innovadora, rigurosa y centrada en el estudiante.<\/p><\/div><\/div>\t\t\t\t<\/div>\n\t\t\t\t<\/div>\n\t\t\t\t\t<\/div>\n\t\t<\/div>\n\t\t\t\t\t<\/div>\n\t\t<\/section>\n\t\t\t\t<section class=\"elementor-section elementor-top-section elementor-element elementor-element-0b0296b elementor-section-boxed elementor-section-height-default elementor-section-height-default\" data-id=\"0b0296b\" data-element_type=\"section\" data-e-type=\"section\">\n\t\t\t\t\t\t<div class=\"elementor-container elementor-column-gap-default\">\n\t\t\t\t\t<div class=\"elementor-column elementor-col-100 elementor-top-column elementor-element elementor-element-194ef90\" data-id=\"194ef90\" data-element_type=\"column\" data-e-type=\"column\">\n\t\t\t<div class=\"elementor-widget-wrap\">\n\t\t\t\t\t\t\t<\/div>\n\t\t<\/div>\n\t\t\t\t\t<\/div>\n\t\t<\/section>\n\t\t\t\t<section class=\"elementor-section elementor-top-section elementor-element elementor-element-8291f01 elementor-section-boxed elementor-section-height-default elementor-section-height-default\" data-id=\"8291f01\" data-element_type=\"section\" data-e-type=\"section\">\n\t\t\t\t\t\t<div class=\"elementor-container elementor-column-gap-default\">\n\t\t\t\t\t<div class=\"elementor-column elementor-col-100 elementor-top-column elementor-element elementor-element-49fd11f\" data-id=\"49fd11f\" data-element_type=\"column\" data-e-type=\"column\">\n\t\t\t<div class=\"elementor-widget-wrap elementor-element-populated\">\n\t\t\t\t\t\t<div class=\"elementor-element elementor-element-f1959e7 elementor-alert-info elementor-widget elementor-widget-alert\" data-id=\"f1959e7\" data-element_type=\"widget\" data-e-type=\"widget\" data-widget_type=\"alert.default\">\n\t\t\t\t<div class=\"elementor-widget-container\">\n\t\t\t\t\t\t\t<div class=\"elementor-alert\" role=\"alert\">\n\n\t\t\t\t\t\t<span class=\"elementor-alert-title\">Acercamiento ac\u00fastico y audiovisual en El Lenguaje Humano<\/span>\n\t\t\t\n\t\t\t\t\t\t<span class=\"elementor-alert-description\"><p style=\"margin: 0cm;line-height: normal;font-size: 12pt;font-family: Aptos, sans-serif;background: white\"><\/p>Investigadora principal: <b>Paula Barriendo Cebri\u00e1n<\/b> \u2014 Departamento de Lengua Espa\u00f1ola y Ling\u00fc\u00edstica General, UNED<\/span>\n\t\t\t\n\t\t\t\n\t\t<\/div>\n\t\t\t\t\t\t<\/div>\n\t\t\t\t<\/div>\n\t\t\t\t\t<\/div>\n\t\t<\/div>\n\t\t\t\t\t<\/div>\n\t\t<\/section>\n\t\t\t\t<section class=\"elementor-section elementor-top-section elementor-element elementor-element-2d3256d elementor-section-boxed elementor-section-height-default elementor-section-height-default\" data-id=\"2d3256d\" data-element_type=\"section\" data-e-type=\"section\">\n\t\t\t\t\t\t<div class=\"elementor-container elementor-column-gap-default\">\n\t\t\t\t\t<div class=\"elementor-column elementor-col-50 elementor-top-column elementor-element elementor-element-d8b7ea2\" data-id=\"d8b7ea2\" data-element_type=\"column\" data-e-type=\"column\">\n\t\t\t<div class=\"elementor-widget-wrap elementor-element-populated\">\n\t\t\t\t\t\t<div class=\"elementor-element elementor-element-01846fe elementor-widget elementor-widget-image\" data-id=\"01846fe\" data-element_type=\"widget\" data-e-type=\"widget\" data-widget_type=\"image.default\">\n\t\t\t\t<div class=\"elementor-widget-container\">\n\t\t\t\t\t\t\t\t\t\t\t\t\t\t\t<img decoding=\"async\" width=\"639\" height=\"614\" src=\"https:\/\/blogs.uned.es\/ideaal\/wp-content\/uploads\/sites\/607\/2025\/10\/photo1652110887-1-edited.jpeg\" class=\"attachment-large size-large wp-image-1179\" alt=\"\" srcset=\"https:\/\/blogs.uned.es\/ideaal\/wp-content\/uploads\/sites\/607\/2025\/10\/photo1652110887-1-edited.jpeg 639w, https:\/\/blogs.uned.es\/ideaal\/wp-content\/uploads\/sites\/607\/2025\/10\/photo1652110887-1-edited-300x288.jpeg 300w\" sizes=\"(max-width: 639px) 100vw, 639px\" \/>\t\t\t\t\t\t\t\t\t\t\t\t\t\t\t<\/div>\n\t\t\t\t<\/div>\n\t\t\t\t\t<\/div>\n\t\t<\/div>\n\t\t\t\t<div class=\"elementor-column elementor-col-50 elementor-top-column elementor-element elementor-element-51a2651\" data-id=\"51a2651\" data-element_type=\"column\" data-e-type=\"column\">\n\t\t\t<div class=\"elementor-widget-wrap elementor-element-populated\">\n\t\t\t\t\t\t<div class=\"elementor-element elementor-element-60f2746 elementor-widget elementor-widget-image-box\" data-id=\"60f2746\" data-element_type=\"widget\" data-e-type=\"widget\" data-widget_type=\"image-box.default\">\n\t\t\t\t<div class=\"elementor-widget-container\">\n\t\t\t\t\t<div class=\"elementor-image-box-wrapper\"><div class=\"elementor-image-box-content\"><p class=\"elementor-image-box-description\">En asignaturas de Lengua Espa\u00f1ola y la Ling\u00fc\u00edstica, como en El Lenguaje Humano, nos enfrentamos a un desaf\u00edo significativo al intentar transmitir contenidos que requieren una dimensi\u00f3n pr\u00e1ctica o perceptiva, como la fon\u00e9tica, la fonolog\u00eda, la dialectolog\u00eda o la socioling\u00fc\u00edstica. Estas \u00e1reas de la Ling\u00fc\u00edstica no solo se estudian de manera te\u00f3rica: se escuchan, se observan y se analizan. Este proyecto tiene como objetivo la incorporaci\u00f3n de contenidos audiovisuales interactivos que acerquen esa experiencia auditiva o experimental al estudiantado en el entorno virtual de la asignatura a trav\u00e9s de: grabaciones de habla (espont\u00e1nea y controlada), ejercicios de reconocimiento auditivo y actividades con herramientas digitales vinculadas al temario de la asignatura. El alumnado podr\u00e1 ver, escuchar, identificar y analizar fen\u00f3menos ling\u00fc\u00edsticos en contextos reales o simulados. De este modo, la teor\u00eda se complementa con la pr\u00e1ctica, favoreciendo  la experiencia de aprendizaje de manera multisensorial y adaptada a las necesidades de estas materias.<\/p><\/div><\/div>\t\t\t\t<\/div>\n\t\t\t\t<\/div>\n\t\t\t\t\t<\/div>\n\t\t<\/div>\n\t\t\t\t\t<\/div>\n\t\t<\/section>\n\t\t\t\t<\/div>\n\t\t","protected":false},"excerpt":{"rendered":"<p>Proyectos vigentes Curso 2025\/2026 Innovaci\u00f3n metodol\u00f3gica en la Facultad de Filolog\u00eda Evaluaci\u00f3n y generaci\u00f3n de contenidos digitales en las asignaturas de grado y m\u00e1ster Investigador principal: Joseph Garc\u00eda Rodr\u00edguez \u2014 Departamento de Lengua Espa\u00f1ola y Ling\u00fc\u00edstica General, UNED El proyecto, enmarcado en el Grupo de Innovaci\u00f3n Docente IDEAAL (GID 2016-14), aborda la brecha existente entre las demandas formativas del estudiantado y la disponibilidad de recursos digitales en las titulaciones de Filolog\u00eda de la UNED. Con un enfoque sistem\u00e1tico, la propuesta se estructura en tres fases: (1) autoevaluaci\u00f3n del grado de digitalizaci\u00f3n de las asignaturas mediante un formulario elaborado por todos los miembros del proyecto a partir de las propuestas planteadas por los especialistas; (2) dise\u00f1o y producci\u00f3n de materiales multimodales \u2014infograf\u00edas, actividades interactivas y presentaciones enriquecidas\u2014 apoyados en herramientas de inteligencia artificial generativa;(3) integraci\u00f3n y an\u00e1lisis de impacto de dichos materiales en los espacios virtuales, junto con la difusi\u00f3n de&hellip;<\/p>\n<p> <a class=\"more-link\" href=\"https:\/\/blogs.uned.es\/ideaal\/proyectos-vigentes\/\">Leer m\u00e1s<\/a><\/p>\n","protected":false},"author":8029,"featured_media":0,"parent":0,"menu_order":0,"comment_status":"closed","ping_status":"closed","template":"","meta":{"footnotes":""},"class_list":["post-3049","page","type-page","status-publish"],"_links":{"self":[{"href":"https:\/\/blogs.uned.es\/ideaal\/wp-json\/wp\/v2\/pages\/3049","targetHints":{"allow":["GET"]}}],"collection":[{"href":"https:\/\/blogs.uned.es\/ideaal\/wp-json\/wp\/v2\/pages"}],"about":[{"href":"https:\/\/blogs.uned.es\/ideaal\/wp-json\/wp\/v2\/types\/page"}],"author":[{"embeddable":true,"href":"https:\/\/blogs.uned.es\/ideaal\/wp-json\/wp\/v2\/users\/8029"}],"replies":[{"embeddable":true,"href":"https:\/\/blogs.uned.es\/ideaal\/wp-json\/wp\/v2\/comments?post=3049"}],"version-history":[{"count":16,"href":"https:\/\/blogs.uned.es\/ideaal\/wp-json\/wp\/v2\/pages\/3049\/revisions"}],"predecessor-version":[{"id":3213,"href":"https:\/\/blogs.uned.es\/ideaal\/wp-json\/wp\/v2\/pages\/3049\/revisions\/3213"}],"wp:attachment":[{"href":"https:\/\/blogs.uned.es\/ideaal\/wp-json\/wp\/v2\/media?parent=3049"}],"curies":[{"name":"wp","href":"https:\/\/api.w.org\/{rel}","templated":true}]}}