{"id":3029,"date":"2025-12-30T15:42:31","date_gmt":"2025-12-30T14:42:31","guid":{"rendered":"https:\/\/blogs.uned.es\/ideaal\/?page_id=3029"},"modified":"2026-01-20T16:34:26","modified_gmt":"2026-01-20T15:34:26","slug":"otros-recursos","status":"publish","type":"page","link":"https:\/\/blogs.uned.es\/ideaal\/otros-recursos\/","title":{"rendered":"Otros recursos"},"content":{"rendered":"\t\t<div data-elementor-type=\"wp-page\" data-elementor-id=\"3029\" class=\"elementor elementor-3029\">\n\t\t\t\t\t\t<section class=\"elementor-section elementor-top-section elementor-element elementor-element-6cc44c5b elementor-section-stretched elementor-section-height-min-height elementor-section-content-middle elementor-section-boxed elementor-section-height-default elementor-section-items-middle\" data-id=\"6cc44c5b\" data-element_type=\"section\" data-e-type=\"section\" data-settings=\"{&quot;stretch_section&quot;:&quot;section-stretched&quot;,&quot;background_background&quot;:&quot;classic&quot;}\">\n\t\t\t\t\t\t<div class=\"elementor-container elementor-column-gap-default\">\n\t\t\t\t\t<div class=\"elementor-column elementor-col-100 elementor-top-column elementor-element elementor-element-69453c52\" data-id=\"69453c52\" data-element_type=\"column\" data-e-type=\"column\">\n\t\t\t<div class=\"elementor-widget-wrap elementor-element-populated\">\n\t\t\t\t\t\t<section class=\"elementor-section elementor-inner-section elementor-element elementor-element-22d777f7 elementor-section-boxed elementor-section-height-default elementor-section-height-default\" data-id=\"22d777f7\" data-element_type=\"section\" data-e-type=\"section\">\n\t\t\t\t\t\t<div class=\"elementor-container elementor-column-gap-default\">\n\t\t\t\t\t<div class=\"elementor-column elementor-col-50 elementor-inner-column elementor-element elementor-element-2fc8de24\" data-id=\"2fc8de24\" data-element_type=\"column\" data-e-type=\"column\">\n\t\t\t<div class=\"elementor-widget-wrap\">\n\t\t\t\t\t\t\t<\/div>\n\t\t<\/div>\n\t\t\t\t<div class=\"elementor-column elementor-col-50 elementor-inner-column elementor-element elementor-element-39b1506\" data-id=\"39b1506\" data-element_type=\"column\" data-e-type=\"column\">\n\t\t\t<div class=\"elementor-widget-wrap elementor-element-populated\">\n\t\t\t\t\t\t<div class=\"elementor-element elementor-element-1e477901 elementor-widget elementor-widget-heading\" data-id=\"1e477901\" data-element_type=\"widget\" data-e-type=\"widget\" data-widget_type=\"heading.default\">\n\t\t\t\t<div class=\"elementor-widget-container\">\n\t\t\t\t\t<h4 class=\"elementor-heading-title elementor-size-xxl\">Otros recursos<\/h4>\t\t\t\t<\/div>\n\t\t\t\t<\/div>\n\t\t\t\t\t<\/div>\n\t\t<\/div>\n\t\t\t\t\t<\/div>\n\t\t<\/section>\n\t\t\t\t\t<\/div>\n\t\t<\/div>\n\t\t\t\t\t<\/div>\n\t\t<\/section>\n\t\t\t\t<section class=\"elementor-section elementor-top-section elementor-element elementor-element-a57f191 elementor-section-boxed elementor-section-height-default elementor-section-height-default\" data-id=\"a57f191\" data-element_type=\"section\" data-e-type=\"section\">\n\t\t\t\t\t\t<div class=\"elementor-container elementor-column-gap-default\">\n\t\t\t\t\t<div class=\"elementor-column elementor-col-100 elementor-top-column elementor-element elementor-element-75ef725\" data-id=\"75ef725\" data-element_type=\"column\" data-e-type=\"column\">\n\t\t\t<div class=\"elementor-widget-wrap elementor-element-populated\">\n\t\t\t\t\t\t<div class=\"elementor-element elementor-element-c90734a elementor-widget elementor-widget-spacer\" data-id=\"c90734a\" data-element_type=\"widget\" data-e-type=\"widget\" data-widget_type=\"spacer.default\">\n\t\t\t\t<div class=\"elementor-widget-container\">\n\t\t\t\t\t\t\t<div class=\"elementor-spacer\">\n\t\t\t<div class=\"elementor-spacer-inner\"><\/div>\n\t\t<\/div>\n\t\t\t\t\t\t<\/div>\n\t\t\t\t<\/div>\n\t\t\t\t\t<\/div>\n\t\t<\/div>\n\t\t\t\t\t<\/div>\n\t\t<\/section>\n\t\t\t\t<section class=\"elementor-section elementor-top-section elementor-element elementor-element-8e6323a elementor-section-boxed elementor-section-height-default elementor-section-height-default\" data-id=\"8e6323a\" data-element_type=\"section\" data-e-type=\"section\">\n\t\t\t\t\t\t<div class=\"elementor-container elementor-column-gap-default\">\n\t\t\t\t\t<div class=\"elementor-column elementor-col-50 elementor-top-column elementor-element elementor-element-20de734c\" data-id=\"20de734c\" data-element_type=\"column\" data-e-type=\"column\">\n\t\t\t<div class=\"elementor-widget-wrap elementor-element-populated\">\n\t\t\t\t\t\t<div class=\"elementor-element elementor-element-482cd524 elementor-view-default elementor-widget elementor-widget-icon\" data-id=\"482cd524\" data-element_type=\"widget\" data-e-type=\"widget\" data-widget_type=\"icon.default\">\n\t\t\t\t<div class=\"elementor-widget-container\">\n\t\t\t\t\t\t\t<div class=\"elementor-icon-wrapper\">\n\t\t\t<div class=\"elementor-icon\">\n\t\t\t<i aria-hidden=\"true\" class=\"far fa-newspaper\"><\/i>\t\t\t<\/div>\n\t\t<\/div>\n\t\t\t\t\t\t<\/div>\n\t\t\t\t<\/div>\n\t\t\t\t\t<\/div>\n\t\t<\/div>\n\t\t\t\t<div class=\"elementor-column elementor-col-50 elementor-top-column elementor-element elementor-element-44fdc035\" data-id=\"44fdc035\" data-element_type=\"column\" data-e-type=\"column\">\n\t\t\t<div class=\"elementor-widget-wrap elementor-element-populated\">\n\t\t\t\t\t\t<div class=\"elementor-element elementor-element-3402ede5 elementor-widget__width-initial elementor-widget elementor-widget-toggle\" data-id=\"3402ede5\" data-element_type=\"widget\" data-e-type=\"widget\" data-widget_type=\"toggle.default\">\n\t\t\t\t<div class=\"elementor-widget-container\">\n\t\t\t\t\t\t\t<div class=\"elementor-toggle\">\n\t\t\t\t\t\t\t<div class=\"elementor-toggle-item\">\n\t\t\t\t\t<div id=\"elementor-tab-title-8721\" class=\"elementor-tab-title\" data-tab=\"1\" role=\"button\" aria-controls=\"elementor-tab-content-8721\" aria-expanded=\"false\">\n\t\t\t\t\t\t\t\t\t\t\t\t<span class=\"elementor-toggle-icon elementor-toggle-icon-right\" aria-hidden=\"true\">\n\t\t\t\t\t\t\t\t\t\t\t\t\t\t\t<span class=\"elementor-toggle-icon-closed\"><i class=\"fas fa-caret-right\"><\/i><\/span>\n\t\t\t\t\t\t\t\t<span class=\"elementor-toggle-icon-opened\"><i class=\"elementor-toggle-icon-opened fas fa-caret-up\"><\/i><\/span>\n\t\t\t\t\t\t\t\t\t\t\t\t\t<\/span>\n\t\t\t\t\t\t\t\t\t\t\t\t<a class=\"elementor-toggle-title\" tabindex=\"0\">GenEx<\/a>\n\t\t\t\t\t<\/div>\n\n\t\t\t\t\t<div id=\"elementor-tab-content-8721\" class=\"elementor-tab-content elementor-clearfix\" data-tab=\"1\" role=\"region\" aria-labelledby=\"elementor-tab-title-8721\"><p style=\"text-align: left\"><span style=\"color: #333333\"><b>GenEx<\/b>&nbsp;<\/span><span style=\"color: black;font-family: Aptos, Aptos_EmbeddedFont, Aptos_MSFontService, Calibri, Helvetica, sans-serif;font-size: 12pt\">es una aplicaci\u00f3n web de ejecuci\u00f3n local desarrollada por el profesor Mario Casado Mancebo para la gesti\u00f3n docente dise\u00f1ada para la creaci\u00f3n y organizaci\u00f3n de pruebas de evaluaci\u00f3n. Partiendo de una base de datos estructurada en funci\u00f3n de los contenidos de una asignatura, su generador permite crear autom\u00e1ticamente modelos de examen exportables en formato Word junto con su solucionario. Adem\u00e1s, cada uno de esos modelos se registra en el sistema. De esta forma, cada vez que se genera un modelo de examen, es posible excluir autom\u00e1ticamente aquellos \u00edtems de evaluaci\u00f3n ya utilizados en cursos o convocatorias anteriores. Asimismo, la plataforma facilita la administraci\u00f3n de contenidos mediante la importaci\u00f3n y exportaci\u00f3n masiva de preguntas a trav\u00e9s de plantillas de Excel. GenEx ofrece una soluci\u00f3n integral y eficiente para el mantenimiento y la actualizaci\u00f3n de los recursos acad\u00e9micos de una asignatura.<\/span><\/p>\n<p style=\"text-align: left\"><span style=\"color: black;font-family: Aptos, Aptos_EmbeddedFont, Aptos_MSFontService, Calibri, Helvetica, sans-serif;font-size: 12pt\">&nbsp;<\/span><\/p>\n<p style=\"text-align: left\"><a href=\"https:\/\/mcasado.org\/projects\/genex\" target=\"_blank\">Acceso a GenEx<\/a><!--EndFragment--><\/p>\n<p><!--StartFragment--><!--EndFragment--><\/p><\/div>\n\t\t\t\t<\/div>\n\t\t\t\t\t\t\t\t<\/div>\n\t\t\t\t\t\t<\/div>\n\t\t\t\t<\/div>\n\t\t\t\t\t<\/div>\n\t\t<\/div>\n\t\t\t\t\t<\/div>\n\t\t<\/section>\n\t\t\t\t<\/div>\n\t\t","protected":false},"excerpt":{"rendered":"<p>Otros recursos GenEx GenEx&nbsp;es una aplicaci\u00f3n web de ejecuci\u00f3n local desarrollada por el profesor Mario Casado Mancebo para la gesti\u00f3n docente dise\u00f1ada para la creaci\u00f3n y organizaci\u00f3n de pruebas de evaluaci\u00f3n. Partiendo de una base de datos estructurada en funci\u00f3n de los contenidos de una asignatura, su generador permite crear autom\u00e1ticamente modelos de examen exportables en formato Word junto con su solucionario. Adem\u00e1s, cada uno de esos modelos se registra en el sistema. De esta forma, cada vez que se genera un modelo de examen, es posible excluir autom\u00e1ticamente aquellos \u00edtems de evaluaci\u00f3n ya utilizados en cursos o convocatorias anteriores. Asimismo, la plataforma facilita la administraci\u00f3n de contenidos mediante la importaci\u00f3n y exportaci\u00f3n masiva de preguntas a trav\u00e9s de plantillas de Excel. GenEx ofrece una soluci\u00f3n integral y eficiente para el mantenimiento y la actualizaci\u00f3n de los recursos acad\u00e9micos de una asignatura. &nbsp; Acceso a GenEx<\/p>\n","protected":false},"author":8029,"featured_media":0,"parent":0,"menu_order":0,"comment_status":"closed","ping_status":"closed","template":"","meta":{"footnotes":""},"class_list":["post-3029","page","type-page","status-publish"],"_links":{"self":[{"href":"https:\/\/blogs.uned.es\/ideaal\/wp-json\/wp\/v2\/pages\/3029","targetHints":{"allow":["GET"]}}],"collection":[{"href":"https:\/\/blogs.uned.es\/ideaal\/wp-json\/wp\/v2\/pages"}],"about":[{"href":"https:\/\/blogs.uned.es\/ideaal\/wp-json\/wp\/v2\/types\/page"}],"author":[{"embeddable":true,"href":"https:\/\/blogs.uned.es\/ideaal\/wp-json\/wp\/v2\/users\/8029"}],"replies":[{"embeddable":true,"href":"https:\/\/blogs.uned.es\/ideaal\/wp-json\/wp\/v2\/comments?post=3029"}],"version-history":[{"count":13,"href":"https:\/\/blogs.uned.es\/ideaal\/wp-json\/wp\/v2\/pages\/3029\/revisions"}],"predecessor-version":[{"id":3419,"href":"https:\/\/blogs.uned.es\/ideaal\/wp-json\/wp\/v2\/pages\/3029\/revisions\/3419"}],"wp:attachment":[{"href":"https:\/\/blogs.uned.es\/ideaal\/wp-json\/wp\/v2\/media?parent=3029"}],"curies":[{"name":"wp","href":"https:\/\/api.w.org\/{rel}","templated":true}]}}