{"id":1507,"date":"2021-12-07T16:34:45","date_gmt":"2021-12-07T15:34:45","guid":{"rendered":"https:\/\/blogs.uned.es\/herramientasautocorreccionescrituraingles\/?page_id=1507"},"modified":"2021-12-22T19:42:48","modified_gmt":"2021-12-22T18:42:48","slug":"outwrite","status":"publish","type":"page","link":"https:\/\/blogs.uned.es\/herramientasautocorreccionescrituraingles\/outwrite\/","title":{"rendered":"OutWrite"},"content":{"rendered":"\t\t<div data-elementor-type=\"wp-page\" data-elementor-id=\"1507\" class=\"elementor elementor-1507\">\n\t\t\t\t\t\t<section class=\"elementor-section elementor-top-section elementor-element elementor-element-3374941d elementor-section-stretched elementor-section-height-min-height elementor-section-content-middle elementor-section-boxed elementor-section-height-default elementor-section-items-middle\" data-id=\"3374941d\" data-element_type=\"section\" data-e-type=\"section\" data-settings=\"{&quot;stretch_section&quot;:&quot;section-stretched&quot;,&quot;background_background&quot;:&quot;classic&quot;}\">\n\t\t\t\t\t\t<div class=\"elementor-container elementor-column-gap-default\">\n\t\t\t\t\t<div class=\"elementor-column elementor-col-100 elementor-top-column elementor-element elementor-element-7a45a35\" data-id=\"7a45a35\" data-element_type=\"column\" data-e-type=\"column\">\n\t\t\t<div class=\"elementor-widget-wrap elementor-element-populated\">\n\t\t\t\t\t\t<section class=\"elementor-section elementor-inner-section elementor-element elementor-element-a421b03 elementor-section-boxed elementor-section-height-default elementor-section-height-default\" data-id=\"a421b03\" data-element_type=\"section\" data-e-type=\"section\">\n\t\t\t\t\t\t<div class=\"elementor-container elementor-column-gap-extended\">\n\t\t\t\t\t<div class=\"elementor-column elementor-col-50 elementor-inner-column elementor-element elementor-element-a0ccc2f\" data-id=\"a0ccc2f\" data-element_type=\"column\" data-e-type=\"column\">\n\t\t\t<div class=\"elementor-widget-wrap elementor-element-populated\">\n\t\t\t\t\t\t<div class=\"elementor-element elementor-element-d913476 elementor-widget elementor-widget-image\" data-id=\"d913476\" data-element_type=\"widget\" data-e-type=\"widget\" data-widget_type=\"image.default\">\n\t\t\t\t<div class=\"elementor-widget-container\">\n\t\t\t\t\t\t\t\t\t\t\t\t\t\t\t<img fetchpriority=\"high\" decoding=\"async\" width=\"380\" height=\"250\" src=\"https:\/\/blogs.uned.es\/herramientasautocorreccionescrituraingles\/wp-content\/uploads\/sites\/317\/2021\/12\/Mesa-de-trabajo-12-copia-4outwrite.png\" class=\"attachment-large size-large wp-image-1875\" alt=\"\" srcset=\"https:\/\/blogs.uned.es\/herramientasautocorreccionescrituraingles\/wp-content\/uploads\/sites\/317\/2021\/12\/Mesa-de-trabajo-12-copia-4outwrite.png 380w, https:\/\/blogs.uned.es\/herramientasautocorreccionescrituraingles\/wp-content\/uploads\/sites\/317\/2021\/12\/Mesa-de-trabajo-12-copia-4outwrite-300x197.png 300w\" sizes=\"(max-width: 380px) 100vw, 380px\" \/>\t\t\t\t\t\t\t\t\t\t\t\t\t\t\t<\/div>\n\t\t\t\t<\/div>\n\t\t\t\t\t<\/div>\n\t\t<\/div>\n\t\t\t\t<div class=\"elementor-column elementor-col-50 elementor-inner-column elementor-element elementor-element-48f1f89\" data-id=\"48f1f89\" data-element_type=\"column\" data-e-type=\"column\">\n\t\t\t<div class=\"elementor-widget-wrap elementor-element-populated\">\n\t\t\t\t\t\t<div class=\"elementor-element elementor-element-2e755d8 elementor-widget elementor-widget-heading\" data-id=\"2e755d8\" data-element_type=\"widget\" data-e-type=\"widget\" data-widget_type=\"heading.default\">\n\t\t\t\t<div class=\"elementor-widget-container\">\n\t\t\t\t\t<h2 class=\"elementor-heading-title elementor-size-default\">OutWrite<\/h2>\t\t\t\t<\/div>\n\t\t\t\t<\/div>\n\t\t\t\t\t<\/div>\n\t\t<\/div>\n\t\t\t\t\t<\/div>\n\t\t<\/section>\n\t\t\t\t\t<\/div>\n\t\t<\/div>\n\t\t\t\t\t<\/div>\n\t\t<\/section>\n\t\t\t\t<section class=\"elementor-section elementor-top-section elementor-element elementor-element-67e69ebc elementor-section-boxed elementor-section-height-default elementor-section-height-default\" data-id=\"67e69ebc\" data-element_type=\"section\" data-e-type=\"section\">\n\t\t\t\t\t\t<div class=\"elementor-container elementor-column-gap-extended\">\n\t\t\t\t\t<div class=\"elementor-column elementor-col-50 elementor-top-column elementor-element elementor-element-162094e3\" data-id=\"162094e3\" data-element_type=\"column\" data-e-type=\"column\" data-settings=\"{&quot;background_background&quot;:&quot;classic&quot;}\">\n\t\t\t<div class=\"elementor-widget-wrap elementor-element-populated\">\n\t\t\t\t\t<div class=\"elementor-background-overlay\"><\/div>\n\t\t\t\t\t\t<section class=\"elementor-section elementor-inner-section elementor-element elementor-element-f2877ba elementor-section-boxed elementor-section-height-default elementor-section-height-default\" data-id=\"f2877ba\" data-element_type=\"section\" data-e-type=\"section\">\n\t\t\t\t\t\t<div class=\"elementor-container elementor-column-gap-default\">\n\t\t\t\t\t<div class=\"elementor-column elementor-col-100 elementor-inner-column elementor-element elementor-element-e70a6a3\" data-id=\"e70a6a3\" data-element_type=\"column\" data-e-type=\"column\">\n\t\t\t<div class=\"elementor-widget-wrap elementor-element-populated\">\n\t\t\t\t\t\t<div class=\"elementor-element elementor-element-9a7611f elementor-widget elementor-widget-heading\" data-id=\"9a7611f\" data-element_type=\"widget\" data-e-type=\"widget\" data-widget_type=\"heading.default\">\n\t\t\t\t<div class=\"elementor-widget-container\">\n\t\t\t\t\t<h2 class=\"elementor-heading-title elementor-size-default\">Descripci\u00f3n<\/h2>\t\t\t\t<\/div>\n\t\t\t\t<\/div>\n\t\t\t\t<div class=\"elementor-element elementor-element-3177fde elementor-widget elementor-widget-heading\" data-id=\"3177fde\" data-element_type=\"widget\" data-e-type=\"widget\" data-widget_type=\"heading.default\">\n\t\t\t\t<div class=\"elementor-widget-container\">\n\t\t\t\t\t<p class=\"elementor-heading-title elementor-size-default\">OutWrite es un asistente de escritura en ingl\u00e9s.<br><br>\n\nPresenta tres plataformas de uso: en l\u00ednea, como extensi\u00f3n de un motor de b\u00fasqueda (por ejemplo, Google Chrome) y como complemento de procesador de textos (por ejemplo, Microsoft Word).<br><br>\n\nOutWrite revisa la gram\u00e1tica y la ortograf\u00eda de un texto mostrando sugerencias de correcci\u00f3n. Adem\u00e1s, en su versi\u00f3n gratuita, ofrece un tesauro y estad\u00edsticas de escritura seg\u00fan el nivel de correcci\u00f3n y precisi\u00f3n gramatical y ortogr\u00e1fica.<br><br>\n\nLa versi\u00f3n premium de OutWrite tiene un abanico de funciones m\u00e1s avanzadas tales como reformulaci\u00f3n de oraciones, control del m\u00e1ximo n\u00famero de palabras permitidas y refuerzo de vocabulario.<br><br><\/p>\t\t\t\t<\/div>\n\t\t\t\t<\/div>\n\t\t\t\t\t<\/div>\n\t\t<\/div>\n\t\t\t\t\t<\/div>\n\t\t<\/section>\n\t\t\t\t<div class=\"elementor-element elementor-element-a14fe08 elementor-widget-divider--view-line elementor-widget elementor-widget-divider\" data-id=\"a14fe08\" data-element_type=\"widget\" data-e-type=\"widget\" data-widget_type=\"divider.default\">\n\t\t\t\t<div class=\"elementor-widget-container\">\n\t\t\t\t\t\t\t<div class=\"elementor-divider\">\n\t\t\t<span class=\"elementor-divider-separator\">\n\t\t\t\t\t\t<\/span>\n\t\t<\/div>\n\t\t\t\t\t\t<\/div>\n\t\t\t\t<\/div>\n\t\t\t\t<div class=\"elementor-element elementor-element-d112824 elementor-widget elementor-widget-heading\" data-id=\"d112824\" data-element_type=\"widget\" data-e-type=\"widget\" data-widget_type=\"heading.default\">\n\t\t\t\t<div class=\"elementor-widget-container\">\n\t\t\t\t\t<h2 class=\"elementor-heading-title elementor-size-default\">Videotutorial<\/h2>\t\t\t\t<\/div>\n\t\t\t\t<\/div>\n\t\t\t\t<div class=\"elementor-element elementor-element-2dff386 elementor-widget elementor-widget-video\" data-id=\"2dff386\" data-element_type=\"widget\" data-e-type=\"widget\" data-settings=\"{&quot;video_type&quot;:&quot;hosted&quot;,&quot;controls&quot;:&quot;yes&quot;}\" data-widget_type=\"video.default\">\n\t\t\t\t<div class=\"elementor-widget-container\">\n\t\t\t\t\t\t\t<div class=\"e-hosted-video elementor-wrapper elementor-open-inline\">\n\t\t\t\t\t<video class=\"elementor-video\" src=\"https:\/\/canal.uned.es\/trackfile\/61c07fe3b6092370e0527dd2.mp4?forcedl=1\" controls=\"\" preload=\"metadata\" controlsList=\"nodownload\" poster=\"https:\/\/blogs.uned.es\/herramientasautocorreccionescrituraingles\/wp-content\/uploads\/sites\/317\/2021\/12\/outwrite.jpg\"><\/video>\n\t\t\t\t<\/div>\n\t\t\t\t\t\t<\/div>\n\t\t\t\t<\/div>\n\t\t\t\t\t<\/div>\n\t\t<\/div>\n\t\t\t\t<div class=\"elementor-column elementor-col-50 elementor-top-column elementor-element elementor-element-2446a61e\" data-id=\"2446a61e\" data-element_type=\"column\" data-e-type=\"column\" data-settings=\"{&quot;background_background&quot;:&quot;classic&quot;}\">\n\t\t\t<div class=\"elementor-widget-wrap elementor-element-populated\">\n\t\t\t\t\t\t<section class=\"elementor-section elementor-inner-section elementor-element elementor-element-529ef45 elementor-section-boxed elementor-section-height-default elementor-section-height-default\" data-id=\"529ef45\" data-element_type=\"section\" data-e-type=\"section\">\n\t\t\t\t\t\t<div class=\"elementor-container elementor-column-gap-default\">\n\t\t\t\t\t<div class=\"elementor-column elementor-col-100 elementor-inner-column elementor-element elementor-element-1cdb9d3\" data-id=\"1cdb9d3\" data-element_type=\"column\" data-e-type=\"column\">\n\t\t\t<div class=\"elementor-widget-wrap elementor-element-populated\">\n\t\t\t\t\t\t<div class=\"elementor-element elementor-element-10c6b82 elementor-widget elementor-widget-heading\" data-id=\"10c6b82\" data-element_type=\"widget\" data-e-type=\"widget\" data-widget_type=\"heading.default\">\n\t\t\t\t<div class=\"elementor-widget-container\">\n\t\t\t\t\t<h2 class=\"elementor-heading-title elementor-size-default\">Funcionalidades<\/h2>\t\t\t\t<\/div>\n\t\t\t\t<\/div>\n\t\t\t\t\t<\/div>\n\t\t<\/div>\n\t\t\t\t\t<\/div>\n\t\t<\/section>\n\t\t\t\t<div class=\"elementor-element elementor-element-c6f72eb elementor-widget elementor-widget-image\" data-id=\"c6f72eb\" data-element_type=\"widget\" data-e-type=\"widget\" data-widget_type=\"image.default\">\n\t\t\t\t<div class=\"elementor-widget-container\">\n\t\t\t\t\t\t\t\t\t\t\t\t\t\t\t<img decoding=\"async\" width=\"725\" height=\"1024\" src=\"https:\/\/blogs.uned.es\/herramientasautocorreccionescrituraingles\/wp-content\/uploads\/sites\/317\/2021\/12\/Checklist_OutWrite.jpg\" class=\"attachment-large size-large wp-image-2451\" alt=\"\" srcset=\"https:\/\/blogs.uned.es\/herramientasautocorreccionescrituraingles\/wp-content\/uploads\/sites\/317\/2021\/12\/Checklist_OutWrite.jpg 725w, https:\/\/blogs.uned.es\/herramientasautocorreccionescrituraingles\/wp-content\/uploads\/sites\/317\/2021\/12\/Checklist_OutWrite-212x300.jpg 212w\" sizes=\"(max-width: 725px) 100vw, 725px\" \/>\t\t\t\t\t\t\t\t\t\t\t\t\t\t\t<\/div>\n\t\t\t\t<\/div>\n\t\t\t\t<div class=\"elementor-element elementor-element-9f56537 elementor-widget elementor-widget-image\" data-id=\"9f56537\" data-element_type=\"widget\" data-e-type=\"widget\" data-widget_type=\"image.default\">\n\t\t\t\t<div class=\"elementor-widget-container\">\n\t\t\t\t\t\t\t\t\t\t\t\t\t\t\t\t<a href=\"https:\/\/es.outwrite.com\/pricing\">\n\t\t\t\t\t\t\t<img decoding=\"async\" width=\"288\" height=\"143\" src=\"https:\/\/blogs.uned.es\/herramientasautocorreccionescrituraingles\/wp-content\/uploads\/sites\/317\/2021\/12\/Recurso-3LOGO3.png\" class=\"attachment-large size-large wp-image-2745\" alt=\"\" \/>\t\t\t\t\t\t\t\t<\/a>\n\t\t\t\t\t\t\t\t\t\t\t\t\t\t\t<\/div>\n\t\t\t\t<\/div>\n\t\t\t\t\t<\/div>\n\t\t<\/div>\n\t\t\t\t\t<\/div>\n\t\t<\/section>\n\t\t\t\t<section class=\"elementor-section elementor-top-section elementor-element elementor-element-d46ad3f elementor-section-boxed elementor-section-height-default elementor-section-height-default\" data-id=\"d46ad3f\" data-element_type=\"section\" data-e-type=\"section\">\n\t\t\t\t\t\t<div class=\"elementor-container elementor-column-gap-extended\">\n\t\t\t\t\t<div class=\"elementor-column elementor-col-33 elementor-top-column elementor-element elementor-element-4d62745\" data-id=\"4d62745\" data-element_type=\"column\" data-e-type=\"column\">\n\t\t\t<div class=\"elementor-widget-wrap\">\n\t\t\t\t\t\t\t<\/div>\n\t\t<\/div>\n\t\t\t\t<div class=\"elementor-column elementor-col-33 elementor-top-column elementor-element elementor-element-6eca82d\" data-id=\"6eca82d\" data-element_type=\"column\" data-e-type=\"column\">\n\t\t\t<div class=\"elementor-widget-wrap elementor-element-populated\">\n\t\t\t\t\t\t<div class=\"elementor-element elementor-element-ac667e8 elementor-align-justify elementor-widget elementor-widget-button\" data-id=\"ac667e8\" data-element_type=\"widget\" data-e-type=\"widget\" data-widget_type=\"button.default\">\n\t\t\t\t<div class=\"elementor-widget-container\">\n\t\t\t\t\t\t\t\t\t<div class=\"elementor-button-wrapper\">\n\t\t\t\t\t<a class=\"elementor-button elementor-button-link elementor-size-sm\" href=\"https:\/\/es.outwrite.com\/\">\n\t\t\t\t\t\t<span class=\"elementor-button-content-wrapper\">\n\t\t\t\t\t\t\t\t\t<span class=\"elementor-button-text\">Acceso directo a OutWrite<\/span>\n\t\t\t\t\t<\/span>\n\t\t\t\t\t<\/a>\n\t\t\t\t<\/div>\n\t\t\t\t\t\t\t\t<\/div>\n\t\t\t\t<\/div>\n\t\t\t\t\t<\/div>\n\t\t<\/div>\n\t\t\t\t<div class=\"elementor-column elementor-col-33 elementor-top-column elementor-element elementor-element-2f65c99\" data-id=\"2f65c99\" data-element_type=\"column\" data-e-type=\"column\">\n\t\t\t<div class=\"elementor-widget-wrap\">\n\t\t\t\t\t\t\t<\/div>\n\t\t<\/div>\n\t\t\t\t\t<\/div>\n\t\t<\/section>\n\t\t\t\t<section class=\"elementor-section elementor-top-section elementor-element elementor-element-c942fb4 elementor-section-boxed elementor-section-height-default elementor-section-height-default\" data-id=\"c942fb4\" data-element_type=\"section\" data-e-type=\"section\">\n\t\t\t\t\t\t<div class=\"elementor-container elementor-column-gap-default\">\n\t\t\t\t\t<div class=\"elementor-column elementor-col-33 elementor-top-column elementor-element elementor-element-28acd14\" data-id=\"28acd14\" data-element_type=\"column\" data-e-type=\"column\">\n\t\t\t<div class=\"elementor-widget-wrap\">\n\t\t\t\t\t\t\t<\/div>\n\t\t<\/div>\n\t\t\t\t<div class=\"elementor-column elementor-col-33 elementor-top-column elementor-element elementor-element-ce7a6de\" data-id=\"ce7a6de\" data-element_type=\"column\" data-e-type=\"column\">\n\t\t\t<div class=\"elementor-widget-wrap elementor-element-populated\">\n\t\t\t\t\t\t<div class=\"elementor-element elementor-element-ec3358f elementor-tablet-align-justify elementor-mobile-align-justify elementor-align-justify elementor-widget elementor-widget-button\" data-id=\"ec3358f\" data-element_type=\"widget\" data-e-type=\"widget\" data-widget_type=\"button.default\">\n\t\t\t\t<div class=\"elementor-widget-container\">\n\t\t\t\t\t\t\t\t\t<div class=\"elementor-button-wrapper\">\n\t\t\t\t\t<a class=\"elementor-button elementor-button-link elementor-size-sm\" href=\"https:\/\/blogs.uned.es\/herramientasautocorreccionescrituraingles\/\">\n\t\t\t\t\t\t<span class=\"elementor-button-content-wrapper\">\n\t\t\t\t\t\t\t\t\t<span class=\"elementor-button-text\">Volver a todas las herramientas<\/span>\n\t\t\t\t\t<\/span>\n\t\t\t\t\t<\/a>\n\t\t\t\t<\/div>\n\t\t\t\t\t\t\t\t<\/div>\n\t\t\t\t<\/div>\n\t\t\t\t\t<\/div>\n\t\t<\/div>\n\t\t\t\t<div class=\"elementor-column elementor-col-33 elementor-top-column elementor-element elementor-element-3785973\" data-id=\"3785973\" data-element_type=\"column\" data-e-type=\"column\">\n\t\t\t<div class=\"elementor-widget-wrap\">\n\t\t\t\t\t\t\t<\/div>\n\t\t<\/div>\n\t\t\t\t\t<\/div>\n\t\t<\/section>\n\t\t\t\t<\/div>\n\t\t","protected":false},"excerpt":{"rendered":"<p>OutWrite Descripci\u00f3n OutWrite es un asistente de escritura en ingl\u00e9s. Presenta tres plataformas de uso: en l\u00ednea, como extensi\u00f3n de un motor de b\u00fasqueda (por ejemplo, Google Chrome) y como complemento de procesador de textos (por ejemplo, Microsoft Word). OutWrite revisa la gram\u00e1tica y la ortograf\u00eda de un texto mostrando sugerencias de correcci\u00f3n. Adem\u00e1s, en su versi\u00f3n gratuita, ofrece un tesauro y estad\u00edsticas de escritura seg\u00fan el nivel de correcci\u00f3n y precisi\u00f3n gramatical y ortogr\u00e1fica. La versi\u00f3n premium de OutWrite tiene un abanico de funciones m\u00e1s avanzadas tales como reformulaci\u00f3n de oraciones, control del m\u00e1ximo n\u00famero de palabras permitidas y refuerzo de vocabulario. Videotutorial https:\/\/canal.uned.es\/trackfile\/61c07fe3b6092370e0527dd2.mp4?forcedl=1 Funcionalidades Acceso directo a OutWrite Volver a todas las herramientas<\/p>\n","protected":false},"author":7487,"featured_media":0,"parent":0,"menu_order":0,"comment_status":"closed","ping_status":"closed","template":"elementor_header_footer","meta":{"footnotes":""},"class_list":["post-1507","page","type-page","status-publish"],"_links":{"self":[{"href":"https:\/\/blogs.uned.es\/herramientasautocorreccionescrituraingles\/wp-json\/wp\/v2\/pages\/1507","targetHints":{"allow":["GET"]}}],"collection":[{"href":"https:\/\/blogs.uned.es\/herramientasautocorreccionescrituraingles\/wp-json\/wp\/v2\/pages"}],"about":[{"href":"https:\/\/blogs.uned.es\/herramientasautocorreccionescrituraingles\/wp-json\/wp\/v2\/types\/page"}],"author":[{"embeddable":true,"href":"https:\/\/blogs.uned.es\/herramientasautocorreccionescrituraingles\/wp-json\/wp\/v2\/users\/7487"}],"replies":[{"embeddable":true,"href":"https:\/\/blogs.uned.es\/herramientasautocorreccionescrituraingles\/wp-json\/wp\/v2\/comments?post=1507"}],"version-history":[{"count":46,"href":"https:\/\/blogs.uned.es\/herramientasautocorreccionescrituraingles\/wp-json\/wp\/v2\/pages\/1507\/revisions"}],"predecessor-version":[{"id":3217,"href":"https:\/\/blogs.uned.es\/herramientasautocorreccionescrituraingles\/wp-json\/wp\/v2\/pages\/1507\/revisions\/3217"}],"wp:attachment":[{"href":"https:\/\/blogs.uned.es\/herramientasautocorreccionescrituraingles\/wp-json\/wp\/v2\/media?parent=1507"}],"curies":[{"name":"wp","href":"https:\/\/api.w.org\/{rel}","templated":true}]}}