{"id":5447,"date":"2024-11-18T06:54:34","date_gmt":"2024-11-18T05:54:34","guid":{"rendered":"https:\/\/blogs.uned.es\/grupointer\/?page_id=5447"},"modified":"2024-11-18T13:24:40","modified_gmt":"2024-11-18T12:24:40","slug":"taller-etnografia","status":"publish","type":"page","link":"https:\/\/blogs.uned.es\/grupointer\/taller-etnografia\/","title":{"rendered":"Taller de etnograf\u00eda"},"content":{"rendered":"\t\t<div data-elementor-type=\"wp-page\" data-elementor-id=\"5447\" class=\"elementor elementor-5447\">\n\t\t\t\t\t\t<section class=\"elementor-section elementor-top-section elementor-element elementor-element-d7a3fb1 elementor-section-boxed elementor-section-height-default elementor-section-height-default\" data-id=\"d7a3fb1\" data-element_type=\"section\" data-e-type=\"section\">\n\t\t\t\t\t\t<div class=\"elementor-container elementor-column-gap-default\">\n\t\t\t\t\t<div class=\"elementor-column elementor-col-100 elementor-top-column elementor-element elementor-element-d1652c2\" data-id=\"d1652c2\" data-element_type=\"column\" data-e-type=\"column\">\n\t\t\t<div class=\"elementor-widget-wrap elementor-element-populated\">\n\t\t\t\t\t\t<div class=\"elementor-element elementor-element-ced92db elementor-widget elementor-widget-heading\" data-id=\"ced92db\" data-element_type=\"widget\" data-e-type=\"widget\" data-widget_type=\"heading.default\">\n\t\t\t\t<div class=\"elementor-widget-container\">\n\t\t\t\t\t<h2 class=\"elementor-heading-title elementor-size-default\">TALLER DE ETNOGRAF\u00cdA <\/br>\nRevisi\u00f3n de gafas etnogr\u00e1ficas<\/h2>\t\t\t\t<\/div>\n\t\t\t\t<\/div>\n\t\t\t\t\t<\/div>\n\t\t<\/div>\n\t\t\t\t\t<\/div>\n\t\t<\/section>\n\t\t\t\t<section class=\"elementor-section elementor-top-section elementor-element elementor-element-ebf4313 elementor-section-boxed elementor-section-height-default elementor-section-height-default\" data-id=\"ebf4313\" data-element_type=\"section\" data-e-type=\"section\">\n\t\t\t\t\t\t<div class=\"elementor-container elementor-column-gap-default\">\n\t\t\t\t\t<div class=\"elementor-column elementor-col-100 elementor-top-column elementor-element elementor-element-61775d8\" data-id=\"61775d8\" data-element_type=\"column\" data-e-type=\"column\">\n\t\t\t<div class=\"elementor-widget-wrap\">\n\t\t\t\t\t\t\t<\/div>\n\t\t<\/div>\n\t\t\t\t\t<\/div>\n\t\t<\/section>\n\t\t\t\t<section class=\"elementor-section elementor-top-section elementor-element elementor-element-7e1c9d0 elementor-section-boxed elementor-section-height-default elementor-section-height-default\" data-id=\"7e1c9d0\" data-element_type=\"section\" data-e-type=\"section\">\n\t\t\t\t\t\t<div class=\"elementor-container elementor-column-gap-default\">\n\t\t\t\t\t<div class=\"elementor-column elementor-col-33 elementor-top-column elementor-element elementor-element-8b34281\" data-id=\"8b34281\" data-element_type=\"column\" data-e-type=\"column\">\n\t\t\t<div class=\"elementor-widget-wrap elementor-element-populated\">\n\t\t\t\t\t\t<div class=\"elementor-element elementor-element-8ef0f7b elementor-widget elementor-widget-heading\" data-id=\"8ef0f7b\" data-element_type=\"widget\" data-e-type=\"widget\" data-widget_type=\"heading.default\">\n\t\t\t\t<div class=\"elementor-widget-container\">\n\t\t\t\t\t<h3 class=\"elementor-heading-title elementor-size-default\">Sesiones<\/h3>\t\t\t\t<\/div>\n\t\t\t\t<\/div>\n\t\t\t\t<div class=\"elementor-element elementor-element-6c58bb1 elementor-widget elementor-widget-text-editor\" data-id=\"6c58bb1\" data-element_type=\"widget\" data-e-type=\"widget\" data-widget_type=\"text-editor.default\">\n\t\t\t\t<div class=\"elementor-widget-container\">\n\t\t\t\t\t\t\t\t\t<ol><li><em><span style=\"color: #333333\">Introducci\u00f3n a la etnograf\u00eda<\/span><\/em><\/li><li><em><span style=\"color: #333333\">Mapas<\/span><\/em><\/li><li><span style=\"color: #333333\"><i>\u00a0La entrevista<\/i><\/span><\/li><li><em><span style=\"color: #333333\">La observaci\u00f3n participante<\/span><\/em><\/li><li><span style=\"color: #333333\"><em>Paseo etnogr\u00e1fico<\/em><\/span><\/li><li><em><span style=\"color: #333333\">Cierre y conclusiones<\/span> <\/em><\/li><\/ol>\t\t\t\t\t\t\t\t<\/div>\n\t\t\t\t<\/div>\n\t\t\t\t\t<\/div>\n\t\t<\/div>\n\t\t\t\t<div class=\"elementor-column elementor-col-66 elementor-top-column elementor-element elementor-element-8f78fa0\" data-id=\"8f78fa0\" data-element_type=\"column\" data-e-type=\"column\">\n\t\t\t<div class=\"elementor-widget-wrap elementor-element-populated\">\n\t\t\t\t\t\t<div class=\"elementor-element elementor-element-d61170d elementor-widget elementor-widget-text-editor\" data-id=\"d61170d\" data-element_type=\"widget\" data-e-type=\"widget\" data-widget_type=\"text-editor.default\">\n\t\t\t\t<div class=\"elementor-widget-container\">\n\t\t\t\t\t\t\t\t\t<p><span style=\"color: #000000\">A continuaci\u00f3n puedes recorrer las sesiones del taller impartido por:<\/span><\/p><p style=\"text-align: left\"><span style=\"color: #000000\">Margarita del Olmo (CSIC), Fernando Monge (UNED) y Bel\u00e9n Ballesteros (UNED)<br \/><\/span><\/p><p style=\"text-align: left\"><span style=\"color: #000000\">Consta de 6 sesiones donde se abordar\u00e1 el enfoque de la etnograf\u00eda y diversas metodolog\u00edas de trabajo, orientadas al desarrollo del<\/span> <a href=\"https:\/\/blogs.uned.es\/grupointer\/proyecto-transforma\/\">proyecto de investigaci\u00f3n TRANSFORMA<\/a>.<\/p>\t\t\t\t\t\t\t\t<\/div>\n\t\t\t\t<\/div>\n\t\t\t\t<div class=\"elementor-element elementor-element-170da39 elementor-align-center elementor-widget elementor-widget-button\" data-id=\"170da39\" data-element_type=\"widget\" data-e-type=\"widget\" data-widget_type=\"button.default\">\n\t\t\t\t<div class=\"elementor-widget-container\">\n\t\t\t\t\t\t\t\t\t<div class=\"elementor-button-wrapper\">\n\t\t\t\t\t<a class=\"elementor-button elementor-button-link elementor-size-sm\" href=\"https:\/\/blogs.uned.es\/grupointer\/wp-content\/uploads\/sites\/377\/2024\/11\/Guion-Taller-de-Etnografi\u0301a.pdf\">\n\t\t\t\t\t\t<span class=\"elementor-button-content-wrapper\">\n\t\t\t\t\t\t\t\t\t<span class=\"elementor-button-text\"> Descarga la gu\u00eda de las sesiones <\/span>\n\t\t\t\t\t<\/span>\n\t\t\t\t\t<\/a>\n\t\t\t\t<\/div>\n\t\t\t\t\t\t\t\t<\/div>\n\t\t\t\t<\/div>\n\t\t\t\t\t<\/div>\n\t\t<\/div>\n\t\t\t\t\t<\/div>\n\t\t<\/section>\n\t\t\t\t<section class=\"elementor-section elementor-top-section elementor-element elementor-element-1601db2 elementor-section-boxed elementor-section-height-default elementor-section-height-default\" data-id=\"1601db2\" data-element_type=\"section\" data-e-type=\"section\">\n\t\t\t\t\t\t<div class=\"elementor-container elementor-column-gap-default\">\n\t\t\t\t\t<div class=\"elementor-column elementor-col-100 elementor-top-column elementor-element elementor-element-3333cb7\" data-id=\"3333cb7\" data-element_type=\"column\" data-e-type=\"column\">\n\t\t\t<div class=\"elementor-widget-wrap elementor-element-populated\">\n\t\t\t\t\t\t<div class=\"elementor-element elementor-element-7a70f78 elementor-widget elementor-widget-text-editor\" data-id=\"7a70f78\" data-element_type=\"widget\" data-e-type=\"widget\" data-widget_type=\"text-editor.default\">\n\t\t\t\t<div class=\"elementor-widget-container\">\n\t\t\t\t\t\t\t\t\t<p><span style=\"color: #000000\"><b>SESI\u00d3N 1: INTRODUCCI\u00d3N A LA ETNOGRAF\u00cdA<\/b><\/span><\/p><p><span style=\"color: #000000\">Material de lectura: <a href=\"https:\/\/blogs.uned.es\/grupointer\/wp-content\/uploads\/sites\/377\/2024\/11\/Introduccion-a-la-Etnografia1.pdf\">https:\/\/blogs.uned.es\/grupointer\/wp-content\/uploads\/sites\/377\/2024\/11\/Introduccion-a-la-Etnografia1.pdf<\/a><\/span><\/p>\t\t\t\t\t\t\t\t<\/div>\n\t\t\t\t<\/div>\n\t\t\t\t\t<\/div>\n\t\t<\/div>\n\t\t\t\t\t<\/div>\n\t\t<\/section>\n\t\t\t\t<section class=\"elementor-section elementor-top-section elementor-element elementor-element-d781989 elementor-section-boxed elementor-section-height-default elementor-section-height-default\" data-id=\"d781989\" data-element_type=\"section\" data-e-type=\"section\">\n\t\t\t\t\t\t<div class=\"elementor-container elementor-column-gap-default\">\n\t\t\t\t\t<div class=\"elementor-column elementor-col-100 elementor-top-column elementor-element elementor-element-76a2386\" data-id=\"76a2386\" data-element_type=\"column\" data-e-type=\"column\">\n\t\t\t<div class=\"elementor-widget-wrap elementor-element-populated\">\n\t\t\t\t\t\t<div class=\"elementor-element elementor-element-e6ed971 elementor-widget elementor-widget-text-editor\" data-id=\"e6ed971\" data-element_type=\"widget\" data-e-type=\"widget\" data-widget_type=\"text-editor.default\">\n\t\t\t\t<div class=\"elementor-widget-container\">\n\t\t\t\t\t\t\t\t\t<p><span style=\"color: #000000\"><b>SESI\u00d3N 2: MAPAS<\/b><\/span><\/p><p><span style=\"color: #000000\">Material de lectura: <a href=\"https:\/\/dra.revistas.csic.es\/index.php\/dra\/article\/view\/163\/164\">Rendimiento y utilidad de t\u00e9cnicas prestadas de la geograf\u00eda humana: trabajando la percepci\u00f3n individual<\/a><b><br \/><\/b><\/span><\/p>\t\t\t\t\t\t\t\t<\/div>\n\t\t\t\t<\/div>\n\t\t\t\t<div class=\"elementor-element elementor-element-ef5a1e0 elementor-widget elementor-widget-text-editor\" data-id=\"ef5a1e0\" data-element_type=\"widget\" data-e-type=\"widget\" data-widget_type=\"text-editor.default\">\n\t\t\t\t<div class=\"elementor-widget-container\">\n\t\t\t\t\t\t\t\t\t<p><span style=\"color: #000000\"><b>SESI\u00d3N 3: ENTREVISTAS<\/b><\/span><\/p><p><span style=\"color: #000000\">Material de lectura: <a href=\"https:\/\/blogs.uned.es\/grupointer\/wp-content\/uploads\/sites\/377\/2024\/11\/ENTREVISTAS-ingles1.pdf\">https:\/\/blogs.uned.es\/grupointer\/wp-content\/uploads\/sites\/377\/2024\/11\/ENTREVISTAS-ingles1.pdf<\/a><b><br \/><\/b><\/span><\/p>\t\t\t\t\t\t\t\t<\/div>\n\t\t\t\t<\/div>\n\t\t\t\t\t<\/div>\n\t\t<\/div>\n\t\t\t\t\t<\/div>\n\t\t<\/section>\n\t\t\t\t<\/div>\n\t\t","protected":false},"excerpt":{"rendered":"<p>TALLER DE ETNOGRAF\u00cdA Revisi\u00f3n de gafas etnogr\u00e1ficas Sesiones Introducci\u00f3n a la etnograf\u00eda Mapas \u00a0La entrevista La observaci\u00f3n participante Paseo etnogr\u00e1fico Cierre y conclusiones A continuaci\u00f3n puedes recorrer las sesiones del taller impartido por: Margarita del Olmo (CSIC), Fernando Monge (UNED) y Bel\u00e9n Ballesteros (UNED) Consta de 6 sesiones donde se abordar\u00e1 el enfoque de la [&hellip;]<\/p>\n","protected":false},"author":7641,"featured_media":0,"parent":0,"menu_order":0,"comment_status":"closed","ping_status":"closed","template":"","meta":{"footnotes":""},"class_list":["post-5447","page","type-page","status-publish","czr-hentry"],"_links":{"self":[{"href":"https:\/\/blogs.uned.es\/grupointer\/wp-json\/wp\/v2\/pages\/5447","targetHints":{"allow":["GET"]}}],"collection":[{"href":"https:\/\/blogs.uned.es\/grupointer\/wp-json\/wp\/v2\/pages"}],"about":[{"href":"https:\/\/blogs.uned.es\/grupointer\/wp-json\/wp\/v2\/types\/page"}],"author":[{"embeddable":true,"href":"https:\/\/blogs.uned.es\/grupointer\/wp-json\/wp\/v2\/users\/7641"}],"replies":[{"embeddable":true,"href":"https:\/\/blogs.uned.es\/grupointer\/wp-json\/wp\/v2\/comments?post=5447"}],"version-history":[{"count":61,"href":"https:\/\/blogs.uned.es\/grupointer\/wp-json\/wp\/v2\/pages\/5447\/revisions"}],"predecessor-version":[{"id":5711,"href":"https:\/\/blogs.uned.es\/grupointer\/wp-json\/wp\/v2\/pages\/5447\/revisions\/5711"}],"wp:attachment":[{"href":"https:\/\/blogs.uned.es\/grupointer\/wp-json\/wp\/v2\/media?parent=5447"}],"curies":[{"name":"wp","href":"https:\/\/api.w.org\/{rel}","templated":true}]}}