{"id":1497,"date":"2023-01-07T13:17:54","date_gmt":"2023-01-07T12:17:54","guid":{"rendered":"https:\/\/blogs.uned.es\/grupointer\/?page_id=1497"},"modified":"2023-03-20T07:03:36","modified_gmt":"2023-03-20T06:03:36","slug":"aprendizaje-de-la-ciudadania-activa","status":"publish","type":"page","link":"https:\/\/blogs.uned.es\/grupointer\/aprendizaje-de-la-ciudadania-activa\/","title":{"rendered":"Aprendizaje de la ciudadan\u00eda activa"},"content":{"rendered":"\t\t<div data-elementor-type=\"wp-post\" data-elementor-id=\"1497\" class=\"elementor elementor-1497\">\n\t\t\t\t\t\t<section class=\"elementor-section elementor-top-section elementor-element elementor-element-57e38158 elementor-section-content-middle elementor-section-boxed elementor-section-height-default elementor-section-height-default\" data-id=\"57e38158\" data-element_type=\"section\" data-e-type=\"section\">\n\t\t\t\t\t\t<div class=\"elementor-container elementor-column-gap-no\">\n\t\t\t\t\t<div class=\"elementor-column elementor-col-50 elementor-top-column elementor-element elementor-element-82c660\" data-id=\"82c660\" data-element_type=\"column\" data-e-type=\"column\">\n\t\t\t<div class=\"elementor-widget-wrap elementor-element-populated\">\n\t\t\t\t\t\t<div class=\"elementor-element elementor-element-571ddb8a elementor-widget-divider--view-line elementor-widget elementor-widget-divider\" data-id=\"571ddb8a\" data-element_type=\"widget\" data-e-type=\"widget\" data-widget_type=\"divider.default\">\n\t\t\t\t<div class=\"elementor-widget-container\">\n\t\t\t\t\t\t\t<div class=\"elementor-divider\">\n\t\t\t<span class=\"elementor-divider-separator\">\n\t\t\t\t\t\t<\/span>\n\t\t<\/div>\n\t\t\t\t\t\t<\/div>\n\t\t\t\t<\/div>\n\t\t\t\t\t<\/div>\n\t\t<\/div>\n\t\t\t\t<div class=\"elementor-column elementor-col-50 elementor-top-column elementor-element elementor-element-6d44821\" data-id=\"6d44821\" data-element_type=\"column\" data-e-type=\"column\">\n\t\t\t<div class=\"elementor-widget-wrap elementor-element-populated\">\n\t\t\t\t\t\t<div class=\"elementor-element elementor-element-4ee13c0c elementor-widget elementor-widget-heading\" data-id=\"4ee13c0c\" data-element_type=\"widget\" data-e-type=\"widget\" data-widget_type=\"heading.default\">\n\t\t\t\t<div class=\"elementor-widget-container\">\n\t\t\t\t\t<h4 class=\"elementor-heading-title elementor-size-default\">APRENDIZAJE DE LA CIUDADANIA ACTIVA. <\/br>Discursos, experiencias y estrategias educativas. <\/br> (2009 -2012)<\/h4>\t\t\t\t<\/div>\n\t\t\t\t<\/div>\n\t\t\t\t<div class=\"elementor-element elementor-element-4ecd219 elementor-widget elementor-widget-text-editor\" data-id=\"4ecd219\" data-element_type=\"widget\" data-e-type=\"widget\" data-widget_type=\"text-editor.default\">\n\t\t\t\t<div class=\"elementor-widget-container\">\n\t\t\t\t\t\t\t\t\t<div id=\"feature_box_right\"><p><b>SECRETAR\u00cdA DE ESTADO DE INVESTIGACI\u00d3N<\/b><\/p><p>DIRECCI\u00d3N GENERAL DE INVESTIGACI\u00d3N Y GESTI\u00d3N DEL PLAN NACIONAL DE I+D+i SUBDIRECCI\u00d3N GENERAL DE PROYECTOS DE INVESTIGACI\u00d3N<\/p><p><b>Coordinadora<\/b>: Teresa Aguado<\/p><p><strong>Referencia<\/strong>: EDU2009-09195<\/p><p><strong>Duraci\u00f3n<\/strong>: Diciembre 2009-Noviembre 2012<\/p><\/div>\t\t\t\t\t\t\t\t<\/div>\n\t\t\t\t<\/div>\n\t\t\t\t\t<\/div>\n\t\t<\/div>\n\t\t\t\t\t<\/div>\n\t\t<\/section>\n\t\t\t\t<section class=\"elementor-section elementor-top-section elementor-element elementor-element-2807b58 elementor-section-boxed elementor-section-height-default elementor-section-height-default\" data-id=\"2807b58\" data-element_type=\"section\" data-e-type=\"section\">\n\t\t\t\t\t\t<div class=\"elementor-container elementor-column-gap-default\">\n\t\t\t\t\t<div class=\"elementor-column elementor-col-100 elementor-top-column elementor-element elementor-element-c475f71\" data-id=\"c475f71\" data-element_type=\"column\" data-e-type=\"column\">\n\t\t\t<div class=\"elementor-widget-wrap elementor-element-populated\">\n\t\t\t\t\t\t<div class=\"elementor-element elementor-element-5c597d5 elementor-widget elementor-widget-text-editor\" data-id=\"5c597d5\" data-element_type=\"widget\" data-e-type=\"widget\" data-widget_type=\"text-editor.default\">\n\t\t\t\t<div class=\"elementor-widget-container\">\n\t\t\t\t\t\t\t\t\t<p><b>OBJETIVOS<\/b><\/p><p>Los objetivos de inclusi\u00f3n y cohesi\u00f3n social en sociedades democr\u00e1ticas exigen el desarrollo de procesos de transformaci\u00f3n basados en la participaci\u00f3n sustantiva y equitativa por parte de individuos y grupos, lo cual implica el desarrollo de una ciudadan\u00eda activa. Se constata la necesidad de investigar acerca de la construcci\u00f3n de la ciudadan\u00eda activa en los procesos educativos, entendidos en su dimensi\u00f3n m\u00e1s amplia, que abarca tanto la educaci\u00f3n formal como la no formal e informal.<\/p><p>La finalidad del proyecto es la formulaci\u00f3n de estrategias eficaces para el aprendizaje de la ciudadan\u00eda activa mediante la identificaci\u00f3n y el an\u00e1lisis de las pr\u00e1cticas, procesos y experiencias a trav\u00e9s de los cuales se aprende a ser y actuar como ciudadano en sociedades democr\u00e1ticas. Con esta finalidad nos proponemos avanzar en la comprensi\u00f3n del concepto de ciudadan\u00eda partiendo de las percepciones y experiencias de informantes significativos pertenecientes a grupos objeto, as\u00ed como construir una red participativa para el an\u00e1lisis, intercambio y sistematizaci\u00f3n de experiencias en torno al aprendizaje de la ciudadan\u00eda activa.<\/p><p><b>PARTICIPANTES<\/b><\/p><p><b>Coordinadora:<\/b><\/p><p>Teresa Aguado<\/p><p><b>Equipo de investigaci\u00f3n:<\/b><\/p><p>UNED: Bel\u00e9n Ballesteros, In\u00e9s Gil Jaurena, Beatriz Malik, Patricia Mata, Carmen Osuna, David Abril, Elo\u00edsa Teijeira, Ana Alcazar, M\u00aa Jose Carrera, \u00c1lvaro Olivar, H\u00e9ctor S\u00e1nchez Melero<\/p><p>Universidad del Pais Vasco: Beronika Azpillaga<\/p><p>Universidad de Sevilla: M\u00aa Teresa Padilla, Magdalena Su\u00e1rez<\/p><p>Universidad de Zaragoza: Ana Arraiz, Fernando Sabir\u00f3n, Jacobo Cano<\/p><p>Universidad Veracruzana (M\u00e9xico): Gunther Dietz, Luis Cruz<\/p><p>Universidade do Coimbra (Portugal): Manuela Guilherme<\/p><p>Blog del proyecto: Ciudadan\u00edas en <a href=\"http:\/\/proyectociudadanias.blogspot.com\">http:\/\/proyectociudadanias.blogspot.com<\/a><\/p><p>Grupo en Facebook: <a href=\"http:\/\/www.facebook.com\/CIUDADANIAS\">http:\/\/www.facebook.com\/CIUDADANIAS<\/a><\/p><p><b>RESULTADOS<\/b><\/p><p><b>Publicaciones y comunicaciones relacionadas con el proyecto<br \/><\/b><\/p><p><b><i>Tesis doctorales<\/i><br \/><\/b><\/p><ul><li>Mata Benito, Patricia. (2011).<i> Ciudadan\u00eda \u00e9tica, cr\u00edtica, participativa y transformadora: propuestas educativas desde el enfoque intercultural<\/i>. Tesis doctoral in\u00e9dita. Madrid: UNED. Consultar tesis en el <a href=\"http:\/\/e-spacio.uned.es\/fez\/view.php?pid=tesisuned:Educacion-Pmata\">repositorio institucional de la UNED<\/a><\/li><\/ul><ul><li>Abril Herv\u00e1s, David. (2013).<i> <\/i><i>Educaci\u00f3n y ciudadan\u00eda activa. Reflexiones y propuestas a partir de historias de vida.<\/i><i> <\/i>Tesis doctoral in\u00e9dita. Madrid: UNED. Consultar tesis en el <a href=\"http:\/\/e-spacio.uned.es\/fez\/view.php?pid=tesisuned:Educacion-Dabril\">repositorio institucional de la UNED<\/a><\/li><\/ul><p><b><i>Art\u00edculos en revistas<\/i><\/b><\/p><ul><li>Gil-Jaurena, In\u00e9s; Ballesteros, Bel\u00e9n; Mata, Patricia y S\u00e1nchez, H\u00e9ctor. (2016). Ciudadan\u00edas: significados y experiencias. Aprendizajes desde la investigaci\u00f3n. <em>Foro de Educaci\u00f3n<\/em>,<em> 14<\/em>(20), 283-303. <a href=\"http:\/\/dx.doi.org\/10.14516\/fde.2016.014.020.014\"> http:\/\/dx.doi.org\/10.14516\/fde.2016.014.020.014<\/a><\/li><\/ul><ul><li>Arraiz P\u00e9rez,\u00a0Ana; Azpillaga Larrea, Ver\u00f3nica y Sabir\u00f3n Sierra, Fernando. (2016). El aprendizaje de la ciudadan\u00eda a lo largo de la vida: un estudio narrativo desde historias de vida. <em>Pedagog\u00eda Social. Revista Interuniversitaria, 28<\/em>, 189-201. <a href=\"http:\/\/dx.doi.org\/10.7179\/PSRI_2016.28.14\">http:\/\/dx.doi.org\/10.7179\/PSRI_2016.28.14<\/a><\/li><\/ul><ul><li>Mata Benito, Patricia y Ballesteros, Bel\u00e9n. (2015). Ciudadan\u00eda y tranformaci\u00f3n social en la sociedad mediatizada. <i>kult-ur, 2<\/i>(3), 159-169. Ver art\u00edculo en la <a href=\"http:\/\/www.e-revistes.uji.es\/index.php\/kult-ur\/article\/view\/1730\">web de la revista<\/a><\/li><\/ul><ul><li>Mata Benito, Patricia, Ballesteros Vel\u00e1zquez, Bel\u00e9n y Padilla-Carmona, M\u00aa Teresa. (2013). <span class=\"titulo\">Ciudadan\u00eda participativa y transformadora<\/span><span class=\"subtitulo\">: an\u00e1lisis de discursos y propuestas de aprendizaje. <i>Revista Teor\u00eda de la Educaci\u00f3n, 25<\/i>(2), 49-68.<\/span><span class=\"subtitulo\"> ISSN: 1130-3743.<\/span><span class=\"subtitulo\"> Descargar <a href=\"https:\/\/www2.uned.es\/grupointer\/art_teoria_educacion_mata_ballesteros_padilla_2013.pdf\">art\u00edculo en pdf<\/a> o ver <a href=\"http:\/\/campus.usal.es\/%7Erevistas_trabajo\/index.php\/1130-3743\/article\/view\/11573\">p\u00e1gina de la revista<\/a><\/span><b><i> <\/i><\/b><\/li><\/ul><p><b><i>Libros<\/i><\/b><\/p><ul><li>Mata, Patricia; Ballesteros, Bel\u00e9n y Gil Jaurena, In\u00e9s (eds.). (2014). <i>Aprendizaje de la ciudadan\u00eda y la participaci\u00f3n<\/i>. Madrid: Traficantes de sue\u00f1os. <span class=\"inplacedisplayid1siteid0\">ISBN: 978-84-96453-87-6. Descargar <a href=\"https:\/\/www2.uned.es\/grupointer\/aprendizaje_ciudadania_y_participacion_14.pdf\">libro en pdf<\/a><\/span><\/li><\/ul><p><b><i>Cap\u00edtulos de libros<\/i><\/b><\/p><ul><li>Gil Jaurena, In\u00e9s. (2012). <span class=\"inplacedisplayid1siteid0\">Aprendizaje de la ciudadan\u00eda y la participaci\u00f3n. Aproximaci\u00f3n a su estudio, en Sonia Morales, Juan Lirio y Rosa Mar\u00ed Ytarte (coords.), <i>La Pedagog\u00eda Social en la Universidad. Investigaci\u00f3n, formaci\u00f3n y compromiso social<\/i>. Valencia: Nau llibres. ISBN: 978-84-7642-908-2. <\/span><span class=\"inplacedisplayid1siteid0\">Pp. 223-230. <\/span>Descargar <a href=\"https:\/\/www2.uned.es\/grupointer\/aprendizaje_ciudadania_inesgj_12.pdf\">cap\u00edtulo en pdf<\/a><\/li><\/ul><ul><li>Mata, Patricia; Ballesteros, Bel\u00e9n y Padilla, M\u00aa Teresa. (2012). Ciudadan\u00eda cr\u00edtica, participativa y transformadora: experiencias de aprendizaje, en de Alba Fern\u00e1ndez, Nicol\u00e1s; Garc\u00eda P\u00e9rez, Francisco F.; Santisteban, Antoni (coords.). (2012). <span class=\"inplacedisplayid1siteid0\">Educar para la participaci\u00f3n ciudadana en la ense\u00f1anza de las Ciencias Sociales<\/span>. Sevilla: Asociaci\u00f3n Universitaria de Profesores de Did\u00e1ctica de las Ciencias Sociales y Diada Editora, S.L. ISBN: 978-84-96723-29-0. Vol. 2, pp. 131-138. Descargar <a href=\"http:\/\/dialnet.unirioja.es\/servlet\/fichero_libro?codigo=500467&amp;orden=3\">volumen 2 completo en pdf<\/a><\/li><\/ul><p><b><i>Material audiovisual<\/i><\/b><\/p><ul><li>Pandora Mirabilia y Grupo Inter (2012). <i>Video Ciudadan\u00edas<\/i>. <b><i><\/i><\/b>Canal UNED: <a href=\"http:\/\/canal.uned.es\/mmobj\/index\/id\/9411\">http:\/\/canal.uned.es\/mmobj\/index\/id\/9411<\/a><\/li><\/ul><p><b><i>Comunicaciones en congresos<\/i><\/b><\/p><ul><li>Gil-Jaurena, In\u00e9s; L\u00f3pez-Ronda, Sergio y S. Melero, H\u00e9ctor. (2016). \u00abReflexiones en torno a espacios de aprendizaje de la ciudadan\u00eda y transformaci\u00f3n social\u00bb. <i>Congreso Internacional XXIX Seminario Interuniversitario de Pedagog\u00eda Social: Pedagog\u00eda Social, juventud y trasnformaciones sociales<\/i>, Girona, 14-16 septiembre 2016. Pere Soler, Jaume Bellera i Anna Planas (eds.). <i>Libro de res\u00famenes del congreso<\/i>. Girona: Universitat de Girona. ISBN: 978-84-8458-471-1. P. 76. Libro completo <a href=\"http:\/\/eventum.upf.edu\/file_manager\/getFile\/8168.html\">disponible en pdf<\/a>.<\/li><\/ul><ul><li>Ballesteros, Bel\u00e9n y Mata, Patricia. (2016). \u00abInvestigaci\u00f3n sobre el aprendizaje de la ciudadan\u00eda: aspectos conceptuales y metodol\u00f3gicos\u00bb. <i>5\u00ba Congreso Internacional Multidisciplinar de Investigaci\u00f3n Educativa &#8211; <\/i><i>CIMIE 2016: Investigaci\u00f3n educativa con impacto social<\/i>, Universidad de Sevilla, 30 junio-1 julio 2016.<\/li><\/ul><ul><li>Gil Jaurena, In\u00e9s; S. Melero, H\u00e9ctor y Aguado, Teresa. (2016). \u00abAprendizaje de la ciudadan\u00eda desde los espacios y pr\u00e1cticas ciudadanas. Estudio de caso en curso\u00bb. <i>XVI Congreso Nacional y VII Congreso Iberoamericano de Pedagog\u00eda: Democracia y Educaci\u00f3n en el siglo XXI<\/i>, Universidad Complutense de Madrid, 28-30 junio 2016.<\/li><\/ul><ul><li><span class=\"inplacedisplayid1siteid0\">Gil Jaurena, In\u00e9s. (2016). \u00abActive citizenship learning. Findings from an intercultural approach\u00bb. <em>KAME International Conference 2016. Envisioning new possibilities for Multicultural Education<\/em>. Seoul National University, Se\u00fal (Corea del Sur), 17-19 Mayo 2016. Ponencia invitada. <\/span><\/li><\/ul><ul><li>Gil Jaurena, In\u00e9s; S\u00e1nchez Melero, H\u00e9ctor y Ballesteros, Bel\u00e9n. (2014). \u00abAprendizaje y pr\u00e1ctica de la ciudadan\u00eda: propuestas desde la investigaci\u00f3n\u00bb. <span class=\"inplacedisplayid1siteid0\"><em>Cambiar la educaci\u00f3n para cambiar el mundo&#8230; \u00a1Por una acci\u00f3n educativa emancipadora! IV Congreso Educaci\u00f3n para el Desarrollo, <\/em>Vitoria-Gasteiz, 9-11 octubre 2014. Comunicaci\u00f3n. ISBN 978-84-89916-98-2.<\/span> Pp. 208-213. <span class=\"inplacedisplayid1siteid0\">Descargar <a href=\"https:\/\/www2.uned.es\/grupointer\/Cap_Cambiar_la_educacion.pdf\">publicaci\u00f3n en pdf<\/a><\/span><\/li><\/ul><ul><li><span class=\"inplacedisplayid1siteid0\">S\u00e1nchez Melero, H\u00e9ctor. (2014). \u00ab<\/span><span class=\"inplacedisplayid1siteid0\">Aproximaci\u00f3n a la participaci\u00f3n ciudadana con perspectiva de g\u00e9nero\u00bb. <\/span><span class=\"inplacedisplayid1siteid0\"> <i>Seminario de Educaci\u00f3n Intercultural<\/i><\/span><span class=\"inplacedisplayid1siteid0\">, UNED, Madrid, 13-15 marzo 2014. Comunicaci\u00f3n.<\/span><\/li><\/ul><ul><li>S\u00e1nchez Melero, H\u00e9ctor. (2013).\u00a0<span class=\"inplacedisplayid1siteid0\">\u00abPr\u00e1ctica ciudadana situada. Cuestionando la divisi\u00f3n de espacios y otros ideales ciudadanos\u00bb. <i>IV Col\u00f3quio Internacional de Doutorandos\/as do CES. <em>Coimbra C: Dialogar com os Tempos e os Lugares do(s) Mundo(s)<\/em><\/i><\/span><span class=\"inplacedisplayid1siteid0\">, Coimbra (Portugal), 6-7 diciembre 2013. Comunicaci\u00f3n. <\/span><\/li><\/ul><ul><li>Mata, Patricia; Gil Jaurena, In\u00e9s y Ballesteros, Bel\u00e9n. (2013). Simposio sobre aprendizaje de la ciudadan\u00eda y la participaci\u00f3n. <i>III Congreso Internacional de Etnograf\u00eda y Educaci\u00f3n<\/i><i>: contextos m\u00faltiples de socializaci\u00f3n y aprendizaje.<\/i> CSIC, Madrid, 3-5 julio 2013.<\/li><\/ul><ul><li>Aguado, Teresa; Ballesteros, Bel\u00e9n; Mata, Patricia y S\u00e1nchez-Melero, H\u00e9ctor. (2013). \u00abAprendizaje de la ciudadan\u00eda activa: propuestas educativas\u00bb. <i>Actas del XVI Congreso Nacional y II Internacional de Modelos de Investigaci\u00f3n Educativa de AIDIPE<\/i>, Alicante, 4-6 septiembre 2013. <span class=\"inplacedisplayid1siteid0\">Pp. 35-42. ISBN: 978-84-695-8363-0. <\/span> Comunicaci\u00f3n. Descargar <a href=\"https:\/\/www2.uned.es\/grupointer\/texto_ciudadania_propuestas_educativas_aidipe_2013.pdf\">publicaci\u00f3n en pdf<\/a>\u00a0<\/li><\/ul><ul><li>S\u00e1nchez-Melero, H\u00e9ctor. (2013). \u00abCiudadan\u00eda, \u00e9tica del cuidado y pol\u00edtica feminista\u00bb, <i> <\/i><i>XI Congreso Espa\u00f1ol de Sociolog\u00eda: <\/i> <i>Crisis y cambio: propuestas desde la sociolog\u00eda<\/i>, Madrid, 10-12 julio 2013. Comunicaci\u00f3n. Ver <a href=\"http:\/\/www.fes-web.org\/congresos\/11\/ponencias\/1016\/\">resumen en web del congreso<\/a><\/li><\/ul><ul><li>S\u00e1nchez-Melero, H\u00e9ctor. (2013). \u00abCiudadan\u00eda en relaci\u00f3n. Pr\u00e1cticas que cuestionan el ideal de ciudadano aut\u00f3nomo\u00bb, <i> <\/i><i>XI Congreso Espa\u00f1ol de Sociolog\u00eda: <\/i><i>Crisis y cambio: propuestas desde la sociolog\u00eda<\/i>, Madrid, 10-12 julio 2013. Comunicaci\u00f3n. Ver <a href=\"http:\/\/www.fes-web.org\/congresos\/11\/ponencias\/968\/\">resumen en web del congreso<\/a><\/li><\/ul><ul><li>Gil Jaurena, In\u00e9s; Aguado, Teresa; Mata, Patricia; Ballesteros, Bel\u00e9n. (2011). \u00ab<span class=\"inplacedisplayid1siteid0\">Investigaci\u00f3n sobre aprendizaje de la ciudadan\u00eda activa<\/span>\u00ab, 5\u00ba Coloquio Internacional de Animaci\u00f3n Sociocultural, Zaragoza (Espa\u00f1a), 26-28 octubre 2011. Comunicaci\u00f3n. Descargar <a href=\"https:\/\/www2.uned.es\/grupointer\/8.8-I.-Gil.-Investig.-Aprendizaje-Ciudadania.pdf\">publicaci\u00f3n en pdf<\/a><\/li><\/ul><ul><li>Mata, Patricia y Ballesteros, Bel\u00e9n. (2011). \u00abCiudadan\u00eda&#8230;, \u00bfc\u00f3mo se aprende? Una investigaci\u00f3n sobre discursos y experiencias de participaci\u00f3n y transformaci\u00f3n social\u00bb, Congreso Mejora educativa y ciudadan\u00eda cr\u00edtica, Castell\u00f3n (Espa\u00f1a), octubre 2011. Comunicaci\u00f3n. Publicaci\u00f3n: Revista Quaderns Digitals n\u00ba 69, <a href=\"http:\/\/www.quadernsdigitals.net\/index.php?accionMenu=hemeroteca.VisualizaArticuloIU.visualiza&amp;articulo_id=11050&amp;PHPSESSID=2d79999838a38f990f8a4d470cc88189\">actas del congreso<\/a>. Descargar <a href=\"https:\/\/www2.uned.es\/grupointer\/ciudadania_como_se_aprende_patri_belen_oct11.pdf\">publicaci\u00f3n en pdf<\/a><\/li><\/ul><p><b>Actividades relacionadas con el proyecto <\/b>(ver <a href=\"https:\/\/www2.uned.es\/grupointer\/otros-cursos.html\">docencia-otros cursos<\/a>)<b><br \/><\/b><\/p><ul><li>Taller de la semana de la ciencia de Madrid 2013: <i>Espacios de participaci\u00f3n, \u00bfaprendemos ciudadan\u00eda?<\/i> 11 de noviembre de 2013<\/li><\/ul><ul><li>Jornada abierta del proyecto de I+D, 26 de noviembre de 2012<\/li><\/ul><ul><li>Taller de la semana de la ciencia de Madrid 2011: <i>Ciudadan\u00eda y participaci\u00f3n. Experiencias de aprendizaje y pr\u00e1ctica<\/i>. 14 de noviembre de 2011<\/li><\/ul>\t\t\t\t\t\t\t\t<\/div>\n\t\t\t\t<\/div>\n\t\t\t\t\t<\/div>\n\t\t<\/div>\n\t\t\t\t\t<\/div>\n\t\t<\/section>\n\t\t\t\t<\/div>\n\t\t","protected":false},"excerpt":{"rendered":"<p>APRENDIZAJE DE LA CIUDADANIA ACTIVA. Discursos, experiencias y estrategias educativas. (2009 -2012) SECRETAR\u00cdA DE ESTADO DE INVESTIGACI\u00d3N DIRECCI\u00d3N GENERAL DE INVESTIGACI\u00d3N Y GESTI\u00d3N DEL PLAN NACIONAL DE I+D+i SUBDIRECCI\u00d3N GENERAL DE PROYECTOS DE INVESTIGACI\u00d3N Coordinadora: Teresa Aguado Referencia: EDU2009-09195 Duraci\u00f3n: Diciembre 2009-Noviembre 2012 OBJETIVOS Los objetivos de inclusi\u00f3n y cohesi\u00f3n social en sociedades democr\u00e1ticas exigen [&hellip;]<\/p>\n","protected":false},"author":7641,"featured_media":0,"parent":0,"menu_order":0,"comment_status":"closed","ping_status":"closed","template":"","meta":{"footnotes":""},"class_list":["post-1497","page","type-page","status-publish","czr-hentry"],"_links":{"self":[{"href":"https:\/\/blogs.uned.es\/grupointer\/wp-json\/wp\/v2\/pages\/1497","targetHints":{"allow":["GET"]}}],"collection":[{"href":"https:\/\/blogs.uned.es\/grupointer\/wp-json\/wp\/v2\/pages"}],"about":[{"href":"https:\/\/blogs.uned.es\/grupointer\/wp-json\/wp\/v2\/types\/page"}],"author":[{"embeddable":true,"href":"https:\/\/blogs.uned.es\/grupointer\/wp-json\/wp\/v2\/users\/7641"}],"replies":[{"embeddable":true,"href":"https:\/\/blogs.uned.es\/grupointer\/wp-json\/wp\/v2\/comments?post=1497"}],"version-history":[{"count":13,"href":"https:\/\/blogs.uned.es\/grupointer\/wp-json\/wp\/v2\/pages\/1497\/revisions"}],"predecessor-version":[{"id":2977,"href":"https:\/\/blogs.uned.es\/grupointer\/wp-json\/wp\/v2\/pages\/1497\/revisions\/2977"}],"wp:attachment":[{"href":"https:\/\/blogs.uned.es\/grupointer\/wp-json\/wp\/v2\/media?parent=1497"}],"curies":[{"name":"wp","href":"https:\/\/api.w.org\/{rel}","templated":true}]}}