{"id":925,"date":"2025-10-13T11:20:24","date_gmt":"2025-10-13T09:20:24","guid":{"rendered":"https:\/\/blogs.uned.es\/gidemig\/?page_id=925"},"modified":"2025-10-28T12:46:01","modified_gmt":"2025-10-28T11:46:01","slug":"humanidades-digitales-e-historia-publica","status":"publish","type":"page","link":"https:\/\/blogs.uned.es\/gidemig\/humanidades-digitales-e-historia-publica\/","title":{"rendered":"Humanidades Digitales e Historia P\u00fablica"},"content":{"rendered":"\t\t<div data-elementor-type=\"wp-page\" data-elementor-id=\"925\" class=\"elementor elementor-925\">\n\t\t\t\t\t\t<section class=\"elementor-section elementor-top-section elementor-element elementor-element-6bf7c0f elementor-section-boxed elementor-section-height-default elementor-section-height-default\" data-id=\"6bf7c0f\" data-element_type=\"section\" data-e-type=\"section\">\n\t\t\t\t\t\t<div class=\"elementor-container elementor-column-gap-default\">\n\t\t\t\t\t<div class=\"elementor-column elementor-col-100 elementor-top-column elementor-element elementor-element-e4fe8fb\" data-id=\"e4fe8fb\" data-element_type=\"column\" data-e-type=\"column\">\n\t\t\t<div class=\"elementor-widget-wrap elementor-element-populated\">\n\t\t\t\t\t\t<div class=\"elementor-element elementor-element-3efc3a3 elementor-widget elementor-widget-heading\" data-id=\"3efc3a3\" data-element_type=\"widget\" data-e-type=\"widget\" data-widget_type=\"heading.default\">\n\t\t\t\t<div class=\"elementor-widget-container\">\n\t\t\t\t\t<h2 class=\"elementor-heading-title elementor-size-default\">Post-Imperium: un juego de cartas para aprender historia global<\/h2>\t\t\t\t<\/div>\n\t\t\t\t<\/div>\n\t\t\t\t\t<\/div>\n\t\t<\/div>\n\t\t\t\t\t<\/div>\n\t\t<\/section>\n\t\t\t\t<section class=\"elementor-section elementor-top-section elementor-element elementor-element-46a26f4 elementor-section-boxed elementor-section-height-default elementor-section-height-default\" data-id=\"46a26f4\" data-element_type=\"section\" data-e-type=\"section\">\n\t\t\t\t\t\t<div class=\"elementor-container elementor-column-gap-default\">\n\t\t\t\t\t<div class=\"elementor-column elementor-col-100 elementor-top-column elementor-element elementor-element-e0ebdc4\" data-id=\"e0ebdc4\" data-element_type=\"column\" data-e-type=\"column\">\n\t\t\t<div class=\"elementor-widget-wrap elementor-element-populated\">\n\t\t\t\t\t\t<div class=\"elementor-element elementor-element-9c5a703 elementor-widget elementor-widget-image\" data-id=\"9c5a703\" data-element_type=\"widget\" data-e-type=\"widget\" data-widget_type=\"image.default\">\n\t\t\t\t<div class=\"elementor-widget-container\">\n\t\t\t\t\t\t\t\t\t\t\t\t\t\t\t<img fetchpriority=\"high\" decoding=\"async\" width=\"1024\" height=\"380\" src=\"https:\/\/blogs.uned.es\/gidemig\/wp-content\/uploads\/sites\/611\/2025\/10\/Captura-de-pantalla-2025-10-13-a-las-11.27.10-1024x380.png\" class=\"attachment-large size-large wp-image-931\" alt=\"\" srcset=\"https:\/\/blogs.uned.es\/gidemig\/wp-content\/uploads\/sites\/611\/2025\/10\/Captura-de-pantalla-2025-10-13-a-las-11.27.10-1024x380.png 1024w, https:\/\/blogs.uned.es\/gidemig\/wp-content\/uploads\/sites\/611\/2025\/10\/Captura-de-pantalla-2025-10-13-a-las-11.27.10-300x111.png 300w, https:\/\/blogs.uned.es\/gidemig\/wp-content\/uploads\/sites\/611\/2025\/10\/Captura-de-pantalla-2025-10-13-a-las-11.27.10-768x285.png 768w, https:\/\/blogs.uned.es\/gidemig\/wp-content\/uploads\/sites\/611\/2025\/10\/Captura-de-pantalla-2025-10-13-a-las-11.27.10-1536x570.png 1536w, https:\/\/blogs.uned.es\/gidemig\/wp-content\/uploads\/sites\/611\/2025\/10\/Captura-de-pantalla-2025-10-13-a-las-11.27.10.png 2032w\" sizes=\"(max-width: 1024px) 100vw, 1024px\" \/>\t\t\t\t\t\t\t\t\t\t\t\t\t\t\t<\/div>\n\t\t\t\t<\/div>\n\t\t\t\t<div class=\"elementor-element elementor-element-a1ea4ac elementor-widget elementor-widget-text-editor\" data-id=\"a1ea4ac\" data-element_type=\"widget\" data-e-type=\"widget\" data-widget_type=\"text-editor.default\">\n\t\t\t\t<div class=\"elementor-widget-container\">\n\t\t\t\t\t\t\t\t\t<p>Post-Imperium es un juego de cartas l\u00fadico e instructivo que permite que los usuarios comprendan las din\u00e1micas del poder internacional y la historia del largo siglo XIX. El equipo de GIDEMIG desarroll\u00f3 el juego como parte del proyecto POST-EMPIRE; Marie Curie Action (MSCA) 101148590. Su primera presentaci\u00f3n en la Noche Europea de los Investigadores (https:\/\/www.madrimasd.org\/lanochedelosinvestigadores\/actividad\/madrid-investigadors-en-el-circulo) fue todo un \u00e9xito y ahora nos disponemos a organizar talleres en instituciones de educaci\u00f3n secundaria y centros culturales. Cont\u00e1ctenos para agendar un taller.\u00a0<\/p>\t\t\t\t\t\t\t\t<\/div>\n\t\t\t\t<\/div>\n\t\t\t\t\t<\/div>\n\t\t<\/div>\n\t\t\t\t\t<\/div>\n\t\t<\/section>\n\t\t\t\t<section class=\"elementor-section elementor-top-section elementor-element elementor-element-5d956b6 elementor-section-boxed elementor-section-height-default elementor-section-height-default\" data-id=\"5d956b6\" data-element_type=\"section\" data-e-type=\"section\">\n\t\t\t\t\t\t<div class=\"elementor-container elementor-column-gap-default\">\n\t\t\t\t\t<div class=\"elementor-column elementor-col-100 elementor-top-column elementor-element elementor-element-437922a\" data-id=\"437922a\" data-element_type=\"column\" data-e-type=\"column\">\n\t\t\t<div class=\"elementor-widget-wrap elementor-element-populated\">\n\t\t\t\t\t\t<div class=\"elementor-element elementor-element-d8f3fd5 elementor-widget elementor-widget-video\" data-id=\"d8f3fd5\" data-element_type=\"widget\" data-e-type=\"widget\" data-settings=\"{&quot;video_type&quot;:&quot;hosted&quot;,&quot;controls&quot;:&quot;yes&quot;}\" data-widget_type=\"video.default\">\n\t\t\t\t<div class=\"elementor-widget-container\">\n\t\t\t\t\t\t\t<div class=\"e-hosted-video elementor-wrapper elementor-open-inline\">\n\t\t\t\t\t<video class=\"elementor-video\" src=\"https:\/\/blogs.uned.es\/gidemig\/wp-content\/uploads\/sites\/611\/2025\/10\/Post-Imperium__Gui\u0301a_de_Poder-1.mp4\" controls=\"\" preload=\"metadata\" controlsList=\"nodownload\"><\/video>\n\t\t\t\t<\/div>\n\t\t\t\t\t\t<\/div>\n\t\t\t\t<\/div>\n\t\t\t\t<div class=\"elementor-element elementor-element-af43f3d elementor-widget elementor-widget-heading\" data-id=\"af43f3d\" data-element_type=\"widget\" data-e-type=\"widget\" data-widget_type=\"heading.default\">\n\t\t\t\t<div class=\"elementor-widget-container\">\n\t\t\t\t\t<h2 class=\"elementor-heading-title elementor-size-default\">TRIVIAL Y ENCUESTA POST-IMPERIUM<\/h2>\t\t\t\t<\/div>\n\t\t\t\t<\/div>\n\t\t\t\t<div class=\"elementor-element elementor-element-6da1639 elementor-widget elementor-widget-image\" data-id=\"6da1639\" data-element_type=\"widget\" data-e-type=\"widget\" data-widget_type=\"image.default\">\n\t\t\t\t<div class=\"elementor-widget-container\">\n\t\t\t\t\t\t\t\t\t\t\t\t\t\t\t<img decoding=\"async\" width=\"530\" height=\"530\" src=\"https:\/\/blogs.uned.es\/gidemig\/wp-content\/uploads\/sites\/611\/2025\/10\/cuestionario_googleforms_qr.png\" class=\"attachment-large size-large wp-image-1283\" alt=\"\" srcset=\"https:\/\/blogs.uned.es\/gidemig\/wp-content\/uploads\/sites\/611\/2025\/10\/cuestionario_googleforms_qr.png 530w, https:\/\/blogs.uned.es\/gidemig\/wp-content\/uploads\/sites\/611\/2025\/10\/cuestionario_googleforms_qr-300x300.png 300w, https:\/\/blogs.uned.es\/gidemig\/wp-content\/uploads\/sites\/611\/2025\/10\/cuestionario_googleforms_qr-150x150.png 150w\" sizes=\"(max-width: 530px) 100vw, 530px\" \/>\t\t\t\t\t\t\t\t\t\t\t\t\t\t\t<\/div>\n\t\t\t\t<\/div>\n\t\t\t\t<div class=\"elementor-element elementor-element-90a9fb4 elementor-widget-divider--view-line elementor-widget elementor-widget-divider\" data-id=\"90a9fb4\" data-element_type=\"widget\" data-e-type=\"widget\" data-widget_type=\"divider.default\">\n\t\t\t\t<div class=\"elementor-widget-container\">\n\t\t\t\t\t\t\t<div class=\"elementor-divider\">\n\t\t\t<span class=\"elementor-divider-separator\">\n\t\t\t\t\t\t<\/span>\n\t\t<\/div>\n\t\t\t\t\t\t<\/div>\n\t\t\t\t<\/div>\n\t\t\t\t<div class=\"elementor-element elementor-element-1999856 elementor-widget elementor-widget-heading\" data-id=\"1999856\" data-element_type=\"widget\" data-e-type=\"widget\" data-widget_type=\"heading.default\">\n\t\t\t\t<div class=\"elementor-widget-container\">\n\t\t\t\t\t<h2 class=\"elementor-heading-title elementor-size-default\"><a href=\"https:\/\/mega.nz\/folder\/RN1VQCYK#YWiiLXZ04QnqKoG6r98JRg\">GU\u00cdAS E INSTRUCCIONES POST-IMPERIUM<\/a><\/h2>\t\t\t\t<\/div>\n\t\t\t\t<\/div>\n\t\t\t\t\t<\/div>\n\t\t<\/div>\n\t\t\t\t\t<\/div>\n\t\t<\/section>\n\t\t\t\t<section class=\"elementor-section elementor-top-section elementor-element elementor-element-78066e5 elementor-section-boxed elementor-section-height-default elementor-section-height-default\" data-id=\"78066e5\" data-element_type=\"section\" data-e-type=\"section\">\n\t\t\t\t\t\t<div class=\"elementor-container elementor-column-gap-default\">\n\t\t\t\t\t<div class=\"elementor-column elementor-col-100 elementor-top-column elementor-element elementor-element-61cbc1a\" data-id=\"61cbc1a\" data-element_type=\"column\" data-e-type=\"column\">\n\t\t\t<div class=\"elementor-widget-wrap elementor-element-populated\">\n\t\t\t\t\t\t<div class=\"elementor-element elementor-element-711c643 elementor-widget elementor-widget-image\" data-id=\"711c643\" data-element_type=\"widget\" data-e-type=\"widget\" data-widget_type=\"image.default\">\n\t\t\t\t<div class=\"elementor-widget-container\">\n\t\t\t\t\t\t\t\t\t\t\t\t\t\t\t<img decoding=\"async\" width=\"410\" height=\"410\" src=\"https:\/\/blogs.uned.es\/gidemig\/wp-content\/uploads\/sites\/611\/2025\/10\/mega_enlace_qr.png\" class=\"attachment-large size-large wp-image-1291\" alt=\"\" srcset=\"https:\/\/blogs.uned.es\/gidemig\/wp-content\/uploads\/sites\/611\/2025\/10\/mega_enlace_qr.png 410w, https:\/\/blogs.uned.es\/gidemig\/wp-content\/uploads\/sites\/611\/2025\/10\/mega_enlace_qr-300x300.png 300w, https:\/\/blogs.uned.es\/gidemig\/wp-content\/uploads\/sites\/611\/2025\/10\/mega_enlace_qr-150x150.png 150w\" sizes=\"(max-width: 410px) 100vw, 410px\" \/>\t\t\t\t\t\t\t\t\t\t\t\t\t\t\t<\/div>\n\t\t\t\t<\/div>\n\t\t\t\t<div class=\"elementor-element elementor-element-7048cde elementor-widget elementor-widget-image\" data-id=\"7048cde\" data-element_type=\"widget\" data-e-type=\"widget\" data-widget_type=\"image.default\">\n\t\t\t\t<div class=\"elementor-widget-container\">\n\t\t\t\t\t\t\t\t\t\t\t\t\t\t\t<img loading=\"lazy\" decoding=\"async\" width=\"768\" height=\"282\" src=\"https:\/\/blogs.uned.es\/gidemig\/wp-content\/uploads\/sites\/611\/2025\/10\/Captura-de-pantalla-2025-10-13-a-las-11.47.15-768x282.png\" class=\"attachment-medium_large size-medium_large wp-image-943\" alt=\"\" srcset=\"https:\/\/blogs.uned.es\/gidemig\/wp-content\/uploads\/sites\/611\/2025\/10\/Captura-de-pantalla-2025-10-13-a-las-11.47.15-768x282.png 768w, https:\/\/blogs.uned.es\/gidemig\/wp-content\/uploads\/sites\/611\/2025\/10\/Captura-de-pantalla-2025-10-13-a-las-11.47.15-300x110.png 300w, https:\/\/blogs.uned.es\/gidemig\/wp-content\/uploads\/sites\/611\/2025\/10\/Captura-de-pantalla-2025-10-13-a-las-11.47.15-1024x376.png 1024w, https:\/\/blogs.uned.es\/gidemig\/wp-content\/uploads\/sites\/611\/2025\/10\/Captura-de-pantalla-2025-10-13-a-las-11.47.15-1536x564.png 1536w, https:\/\/blogs.uned.es\/gidemig\/wp-content\/uploads\/sites\/611\/2025\/10\/Captura-de-pantalla-2025-10-13-a-las-11.47.15.png 1644w\" sizes=\"(max-width: 768px) 100vw, 768px\" \/>\t\t\t\t\t\t\t\t\t\t\t\t\t\t\t<\/div>\n\t\t\t\t<\/div>\n\t\t\t\t<div class=\"elementor-element elementor-element-855871c elementor-widget elementor-widget-text-editor\" data-id=\"855871c\" data-element_type=\"widget\" data-e-type=\"widget\" data-widget_type=\"text-editor.default\">\n\t\t\t\t<div class=\"elementor-widget-container\">\n\t\t\t\t\t\t\t\t\t<p>El\u00a0<strong>Centro de Memoria e Historia \u2018Bomba Espa\u00f1a\u2019 Valpara\u00edso (<\/strong><b>https:\/\/cmhbombaespanavalparaiso.omeka.net\/)\u00a0<\/b><span>tiene por objeto crear un\u00a0<\/span><strong>espacio<\/strong><span>\u00a0en el cual se ofrezca a los usuarios una inmersi\u00f3n en el\u00a0<\/span><strong>pasado<\/strong><span>\u00a0y el\u00a0<\/span><strong>presente<\/strong><span>\u00a0de la instituci\u00f3n, enfatizando su rol como instancia de\u00a0<\/span><strong>diplomacia cultural<\/strong><span>\u00a0y como\u00a0<\/span><strong>corporaci\u00f3n c\u00edvica hispano-chilena<\/strong><span>. A tal efecto se ha procedido a la digitalizaci\u00f3n y exposici\u00f3n virtual de del\u00a0<\/span><strong>patrimonio documental<\/strong><span>,\u00a0<\/span><strong>bibliogr\u00e1fico<\/strong><span>\u00a0y\u00a0<\/span><strong>muse\u00edstico<\/strong><span>\u00a0de la\u00a0<\/span><strong>S\u00e9ptima Compa\u00f1\u00eda \u00abBomba Espa\u00f1a\u00bb de Valpara\u00edso<\/strong><span>. La iniciativa aspira a consolidarse como un laboratorio que conjugue las virtudes de la\u00a0<\/span><strong>historiograf\u00eda profesional<\/strong><span>\u00a0y la\u00a0<\/span><strong>memoria social<\/strong><span>, que explore cr\u00edticamente la\u00a0<\/span><strong>configuraci\u00f3n identitaria y sociocultural<\/strong><span>\u00a0que ha permitido la continuidad de esta particular corporaci\u00f3n.<\/span><\/p><p>El centro es una iniciativa del proyecto\u00a0<strong>Fondecyt Regular 1240232<\/strong>, financiado por la Agencia Nacional de Investigaci\u00f3n y Desarrollo de Chile, del\u00a0<strong><a title=\"Laboratorio Geopol\u00edtica e Ideolog\u00eda en el Mundo Hisp\u00e1nico Global\" href=\"https:\/\/envi19.hcommons.org\/\" target=\"_blank\" rel=\"noreferrer noopener\">Laboratorio Geopol\u00edtica e Ideolog\u00eda en el Mundo Ib\u00e9rico Global<\/a><\/strong>\u00a0(<strong>GIDEMIG<\/strong>), del\u00a0<a title=\"Centro de Estudios Americanos de la Universidad Adolfo Ib\u00e1\u00f1ez\" href=\"https:\/\/artesliberales.uai.cl\/academicos-e-investigacion\/centros\/centro-de-estudios-americanos\/\" target=\"_blank\" rel=\"noreferrer noopener\"><strong>Centro de Estudios Americanos de la Universidad Adolfo Ib\u00e1\u00f1ez<\/strong><\/a>\u00a0(<strong>CEA<\/strong>), de la\u00a0<a title=\"S\u00e9ptima Compa\u00f1\u00eda &quot;Bomba Espa\u00f1a&quot; de Valpara\u00edso\" href=\"https:\/\/www.septimavalparaiso.cl\/\" target=\"_blank\" rel=\"noreferrer noopener\"><strong>S\u00e9ptima Compa\u00f1\u00eda \u00abBomba Espa\u00f1a\u00bb de Valpara\u00edso<\/strong><\/a>, y de la Corporaci\u00f3n Pro-Ayuda Bomba Espa\u00f1a.<\/p>\t\t\t\t\t\t\t\t<\/div>\n\t\t\t\t<\/div>\n\t\t\t\t<div class=\"elementor-element elementor-element-7a401a2 elementor-widget-divider--view-line elementor-widget elementor-widget-divider\" data-id=\"7a401a2\" data-element_type=\"widget\" data-e-type=\"widget\" data-widget_type=\"divider.default\">\n\t\t\t\t<div class=\"elementor-widget-container\">\n\t\t\t\t\t\t\t<div class=\"elementor-divider\">\n\t\t\t<span class=\"elementor-divider-separator\">\n\t\t\t\t\t\t<\/span>\n\t\t<\/div>\n\t\t\t\t\t\t<\/div>\n\t\t\t\t<\/div>\n\t\t\t\t\t<\/div>\n\t\t<\/div>\n\t\t\t\t\t<\/div>\n\t\t<\/section>\n\t\t\t\t<section class=\"elementor-section elementor-top-section elementor-element elementor-element-8740d70 elementor-section-boxed elementor-section-height-default elementor-section-height-default\" data-id=\"8740d70\" data-element_type=\"section\" data-e-type=\"section\">\n\t\t\t\t\t\t<div class=\"elementor-container elementor-column-gap-default\">\n\t\t\t\t\t<div class=\"elementor-column elementor-col-100 elementor-top-column elementor-element elementor-element-f0b8bfd\" data-id=\"f0b8bfd\" data-element_type=\"column\" data-e-type=\"column\">\n\t\t\t<div class=\"elementor-widget-wrap elementor-element-populated\">\n\t\t\t\t\t\t<div class=\"elementor-element elementor-element-fbcd9c6 elementor-widget elementor-widget-image\" data-id=\"fbcd9c6\" data-element_type=\"widget\" data-e-type=\"widget\" data-widget_type=\"image.default\">\n\t\t\t\t<div class=\"elementor-widget-container\">\n\t\t\t\t\t\t\t\t\t\t\t\t\t\t\t<img loading=\"lazy\" decoding=\"async\" width=\"1024\" height=\"157\" src=\"https:\/\/blogs.uned.es\/gidemig\/wp-content\/uploads\/sites\/611\/2025\/10\/Captura-de-pantalla-2025-10-13-a-las-11.49.04-1024x157.png\" class=\"attachment-large size-large wp-image-953\" alt=\"\" srcset=\"https:\/\/blogs.uned.es\/gidemig\/wp-content\/uploads\/sites\/611\/2025\/10\/Captura-de-pantalla-2025-10-13-a-las-11.49.04-1024x157.png 1024w, https:\/\/blogs.uned.es\/gidemig\/wp-content\/uploads\/sites\/611\/2025\/10\/Captura-de-pantalla-2025-10-13-a-las-11.49.04-300x46.png 300w, https:\/\/blogs.uned.es\/gidemig\/wp-content\/uploads\/sites\/611\/2025\/10\/Captura-de-pantalla-2025-10-13-a-las-11.49.04-768x117.png 768w, https:\/\/blogs.uned.es\/gidemig\/wp-content\/uploads\/sites\/611\/2025\/10\/Captura-de-pantalla-2025-10-13-a-las-11.49.04-1536x235.png 1536w, https:\/\/blogs.uned.es\/gidemig\/wp-content\/uploads\/sites\/611\/2025\/10\/Captura-de-pantalla-2025-10-13-a-las-11.49.04-2048x313.png 2048w\" sizes=\"(max-width: 1024px) 100vw, 1024px\" \/>\t\t\t\t\t\t\t\t\t\t\t\t\t\t\t<\/div>\n\t\t\t\t<\/div>\n\t\t\t\t<div class=\"elementor-element elementor-element-6dee74b elementor-widget elementor-widget-text-editor\" data-id=\"6dee74b\" data-element_type=\"widget\" data-e-type=\"widget\" data-widget_type=\"text-editor.default\">\n\t\t\t\t<div class=\"elementor-widget-container\">\n\t\t\t\t\t\t\t\t\t<p>\u201cNoticias del Viejo Imperio\u201d (https:\/\/envi19.hcommons.org\/) es un centro virtual de documentaci\u00f3n y de humanidades digitales que tiene por objetivo el estudio de la pol\u00edtica exterior de la Espa\u00f1a decimon\u00f3nica en Am\u00e9rica y Asia. Podr\u00e1n encontrar las fuentes para dicho estudio distribuidas, respetando su funci\u00f3n y su principio de origen archiv\u00edstico, en cinco apartados \u2014<i>Diarios<\/i>,&nbsp;<i>Actas<\/i>,&nbsp;<i>Cartas<\/i>,&nbsp;<i>Prensa<\/i>&nbsp;y&nbsp;<i>Mapas<\/i>\u2014, mientras que en la secci\u00f3n&nbsp;<i>Proyecto<\/i> podr\u00e1n encontrar toda la documentaci\u00f3n t\u00e9cnica que detalla los procesos seguidos en el proyecto, desde la solicitud del mismo hasta la publicaci\u00f3n de estos objetos digitales. Tambi\u00e9n podr\u00e1n aprender de los temas tratados a trav\u00e9s de las secciones \u00abTemas\u00bb, \u00abHistorias\u00bb y \u00abStory Maps\u00bb.<\/p>\t\t\t\t\t\t\t\t<\/div>\n\t\t\t\t<\/div>\n\t\t\t\t<div class=\"elementor-element elementor-element-3f165f8 elementor-widget elementor-widget-image\" data-id=\"3f165f8\" data-element_type=\"widget\" data-e-type=\"widget\" data-widget_type=\"image.default\">\n\t\t\t\t<div class=\"elementor-widget-container\">\n\t\t\t\t\t\t\t\t\t\t\t\t\t\t\t<img loading=\"lazy\" decoding=\"async\" width=\"1024\" height=\"553\" src=\"https:\/\/blogs.uned.es\/gidemig\/wp-content\/uploads\/sites\/611\/2025\/10\/Captura-de-pantalla-2025-10-13-a-las-12.00.23-1024x553.png\" class=\"attachment-large size-large wp-image-961\" alt=\"\" srcset=\"https:\/\/blogs.uned.es\/gidemig\/wp-content\/uploads\/sites\/611\/2025\/10\/Captura-de-pantalla-2025-10-13-a-las-12.00.23-1024x553.png 1024w, https:\/\/blogs.uned.es\/gidemig\/wp-content\/uploads\/sites\/611\/2025\/10\/Captura-de-pantalla-2025-10-13-a-las-12.00.23-300x162.png 300w, https:\/\/blogs.uned.es\/gidemig\/wp-content\/uploads\/sites\/611\/2025\/10\/Captura-de-pantalla-2025-10-13-a-las-12.00.23-768x415.png 768w, https:\/\/blogs.uned.es\/gidemig\/wp-content\/uploads\/sites\/611\/2025\/10\/Captura-de-pantalla-2025-10-13-a-las-12.00.23-1536x830.png 1536w, https:\/\/blogs.uned.es\/gidemig\/wp-content\/uploads\/sites\/611\/2025\/10\/Captura-de-pantalla-2025-10-13-a-las-12.00.23-2048x1106.png 2048w\" sizes=\"(max-width: 1024px) 100vw, 1024px\" \/>\t\t\t\t\t\t\t\t\t\t\t\t\t\t\t<\/div>\n\t\t\t\t<\/div>\n\t\t\t\t<div class=\"elementor-element elementor-element-dc5c130 elementor-widget elementor-widget-html\" data-id=\"dc5c130\" data-element_type=\"widget\" data-e-type=\"widget\" data-widget_type=\"html.default\">\n\t\t\t\t<div class=\"elementor-widget-container\">\n\t\t\t\t\thttps:\/\/uploads.knightlab.com\/storymapjs\/a64d5b3cf6974e1d9a4818b8a945fcca\/prueba-noticiasdelviejoimperio\/draft.html\t\t\t\t<\/div>\n\t\t\t\t<\/div>\n\t\t\t\t<div class=\"elementor-element elementor-element-4697939 elementor-widget elementor-widget-spacer\" data-id=\"4697939\" data-element_type=\"widget\" data-e-type=\"widget\" data-widget_type=\"spacer.default\">\n\t\t\t\t<div class=\"elementor-widget-container\">\n\t\t\t\t\t\t\t<div class=\"elementor-spacer\">\n\t\t\t<div class=\"elementor-spacer-inner\"><\/div>\n\t\t<\/div>\n\t\t\t\t\t\t<\/div>\n\t\t\t\t<\/div>\n\t\t\t\t\t<\/div>\n\t\t<\/div>\n\t\t\t\t\t<\/div>\n\t\t<\/section>\n\t\t\t\t<section class=\"elementor-section elementor-top-section elementor-element elementor-element-91b2b6b elementor-section-boxed elementor-section-height-default elementor-section-height-default\" data-id=\"91b2b6b\" data-element_type=\"section\" data-e-type=\"section\">\n\t\t\t\t\t\t<div class=\"elementor-container elementor-column-gap-default\">\n\t\t\t\t\t<div class=\"elementor-column elementor-col-100 elementor-top-column elementor-element elementor-element-b0c9cb3\" data-id=\"b0c9cb3\" data-element_type=\"column\" data-e-type=\"column\">\n\t\t\t<div class=\"elementor-widget-wrap\">\n\t\t\t\t\t\t\t<\/div>\n\t\t<\/div>\n\t\t\t\t\t<\/div>\n\t\t<\/section>\n\t\t\t\t<\/div>\n\t\t","protected":false},"excerpt":{"rendered":"<p>Post-Imperium: un juego de cartas para aprender historia global Post-Imperium es un juego de cartas l\u00fadico e instructivo que permite que los usuarios comprendan las din\u00e1micas del poder internacional y la historia del largo siglo XIX. El equipo de GIDEMIG <a class=\"more-link\" href=\"https:\/\/blogs.uned.es\/gidemig\/humanidades-digitales-e-historia-publica\/\">Seguir leyendo <span class=\"meta-nav\">&rarr;<\/span><\/a><\/p>\n","protected":false},"author":8033,"featured_media":0,"parent":0,"menu_order":0,"comment_status":"closed","ping_status":"closed","template":"","meta":{"footnotes":""},"class_list":["post-925","page","type-page","status-publish","hentry"],"_links":{"self":[{"href":"https:\/\/blogs.uned.es\/gidemig\/wp-json\/wp\/v2\/pages\/925","targetHints":{"allow":["GET"]}}],"collection":[{"href":"https:\/\/blogs.uned.es\/gidemig\/wp-json\/wp\/v2\/pages"}],"about":[{"href":"https:\/\/blogs.uned.es\/gidemig\/wp-json\/wp\/v2\/types\/page"}],"author":[{"embeddable":true,"href":"https:\/\/blogs.uned.es\/gidemig\/wp-json\/wp\/v2\/users\/8033"}],"replies":[{"embeddable":true,"href":"https:\/\/blogs.uned.es\/gidemig\/wp-json\/wp\/v2\/comments?post=925"}],"version-history":[{"count":23,"href":"https:\/\/blogs.uned.es\/gidemig\/wp-json\/wp\/v2\/pages\/925\/revisions"}],"predecessor-version":[{"id":1297,"href":"https:\/\/blogs.uned.es\/gidemig\/wp-json\/wp\/v2\/pages\/925\/revisions\/1297"}],"wp:attachment":[{"href":"https:\/\/blogs.uned.es\/gidemig\/wp-json\/wp\/v2\/media?parent=925"}],"curies":[{"name":"wp","href":"https:\/\/api.w.org\/{rel}","templated":true}]}}