{"id":879,"date":"2025-10-13T10:44:36","date_gmt":"2025-10-13T08:44:36","guid":{"rendered":"https:\/\/blogs.uned.es\/gidemig\/?page_id=879"},"modified":"2025-12-03T10:49:59","modified_gmt":"2025-12-03T09:49:59","slug":"actividades-pasadas","status":"publish","type":"page","link":"https:\/\/blogs.uned.es\/gidemig\/actividades-pasadas\/","title":{"rendered":"Actividades pasadas"},"content":{"rendered":"\t\t<div data-elementor-type=\"wp-page\" data-elementor-id=\"879\" class=\"elementor elementor-879\">\n\t\t\t\t\t\t<section class=\"elementor-section elementor-top-section elementor-element elementor-element-9d49c90 elementor-section-boxed elementor-section-height-default elementor-section-height-default\" data-id=\"9d49c90\" data-element_type=\"section\" data-e-type=\"section\">\n\t\t\t\t\t\t<div class=\"elementor-container elementor-column-gap-default\">\n\t\t\t\t\t<div class=\"elementor-column elementor-col-100 elementor-top-column elementor-element elementor-element-3c2e918\" data-id=\"3c2e918\" data-element_type=\"column\" data-e-type=\"column\">\n\t\t\t<div class=\"elementor-widget-wrap elementor-element-populated\">\n\t\t\t\t\t\t<div class=\"elementor-element elementor-element-7926924 elementor-widget elementor-widget-image\" data-id=\"7926924\" data-element_type=\"widget\" data-e-type=\"widget\" data-widget_type=\"image.default\">\n\t\t\t\t<div class=\"elementor-widget-container\">\n\t\t\t\t\t\t\t\t\t\t\t\t\t\t\t<img fetchpriority=\"high\" decoding=\"async\" width=\"1024\" height=\"478\" src=\"https:\/\/blogs.uned.es\/gidemig\/wp-content\/uploads\/sites\/611\/2025\/10\/Captura-de-pantalla-2025-10-13-a-las-11.12.08-1024x478.png\" class=\"attachment-large size-large wp-image-905\" alt=\"\" srcset=\"https:\/\/blogs.uned.es\/gidemig\/wp-content\/uploads\/sites\/611\/2025\/10\/Captura-de-pantalla-2025-10-13-a-las-11.12.08-1024x478.png 1024w, https:\/\/blogs.uned.es\/gidemig\/wp-content\/uploads\/sites\/611\/2025\/10\/Captura-de-pantalla-2025-10-13-a-las-11.12.08-300x140.png 300w, https:\/\/blogs.uned.es\/gidemig\/wp-content\/uploads\/sites\/611\/2025\/10\/Captura-de-pantalla-2025-10-13-a-las-11.12.08-768x359.png 768w, https:\/\/blogs.uned.es\/gidemig\/wp-content\/uploads\/sites\/611\/2025\/10\/Captura-de-pantalla-2025-10-13-a-las-11.12.08-1536x717.png 1536w, https:\/\/blogs.uned.es\/gidemig\/wp-content\/uploads\/sites\/611\/2025\/10\/Captura-de-pantalla-2025-10-13-a-las-11.12.08.png 1936w\" sizes=\"(max-width: 1024px) 100vw, 1024px\" \/>\t\t\t\t\t\t\t\t\t\t\t\t\t\t\t<\/div>\n\t\t\t\t<\/div>\n\t\t\t\t<div class=\"elementor-element elementor-element-ec86486 elementor-widget elementor-widget-text-editor\" data-id=\"ec86486\" data-element_type=\"widget\" data-e-type=\"widget\" data-widget_type=\"text-editor.default\">\n\t\t\t\t<div class=\"elementor-widget-container\">\n\t\t\t\t\t\t\t\t\t<p><span style=\"font-family: Roboto, sans-serif;font-style: normal;font-weight: 400;background-color: initial;font-size: 13px\">25\/11\/2025. Seminario Cambios I: Odiosas Deudas. Bancarrota y derecho internacional en la construcci\u00f3n de Am\u00e9rica Latina. Evento: Seminario Cambios, Universidad Nacional de Educaci\u00f3n a Distancia, Universidad Adolfo Ib\u00e1\u00f1ez, Universidad de Alcal\u00e1. Localizaci\u00f3n:&nbsp;<\/span><i style=\"font-family: inherit;font-weight: inherit;background-color: initial\">Sal\u00f3n de Grados. Edificio Humanidades, UNED, Senda del Rey, 7, Madrid. Formato:&nbsp;<\/i><span style=\"font-family: Roboto, sans-serif;font-style: normal;font-weight: 400;background-color: initial;font-size: 13px\">https:\/\/blogs.uned.es\/gidemig\/seminario-cambios\/&nbsp;<\/span><\/p>\n<p><span style=\"font-family: Roboto, sans-serif;font-style: normal;font-weight: 400;background-color: initial;font-size: 13px\">28\/10\/2025. Taller: Postimperium. La Historia Global a Trav\u00e9s del Juego. Evento: Seminarios de Divulgaci\u00f3n GDEMIG-UNED-CEA\/UAI. En cooperaci\u00f3n con el Liceo Bicentenario de Vi\u00f1a del Mar.&nbsp;<\/span><span style=\"background-color: initial\">https:\/\/blogs.uned.es\/gidemig\/2025\/12\/03\/seminario-la-historia-global-a-traves-del-juego\/<\/span><\/p>\n<p><span style=\"background-color: initial\">23\/10\/2025.&nbsp;<\/span><span style=\"background-color: initial\">Simposio \u00abConciencia&nbsp;<\/span><span style=\"font-size: 13px;background-color: initial\">Mar\u00edtima e Identidades Sociales en Chile, Per\u00fa y Ecuador\u00bb y presentaci\u00f3n del&nbsp;<\/span><span style=\"font-size: 13px;background-color: initial\">Observatorio Interdisciplinar de Estudios Mar\u00edtimos del Pac\u00edfico, financiado por&nbsp;<\/span><span style=\"font-size: 13px;background-color: initial\">el Instituto Panamericano de Geograf\u00eda e Historia PAT-IPGH-HIST-01-2025.&nbsp;<\/span><span style=\"font-size: 13px;background-color: initial\">Lugar: Academia de Guerra Naval, Vi\u00f1a del Mar, Chile. https:\/\/oemip.net\/<\/span><\/p>\n<p><span style=\"font-size: 13px;background-color: initial\">14\/10\/2025. Seminario Relaciones Chile-Espa\u00f1a. Universidad del B\u00edo-B\u00edo, Universidad de Alcal\u00e1, UNED.&nbsp;<\/span><span style=\"background-color: initial\">https:\/\/blogs.uned.es\/gidemig\/2025\/12\/03\/seminario-relaciones-espana-chile\/<\/span><\/p>\n<p><span style=\"font-size: 13px;background-color: initial\">26\/09\/2025. Taller: Post-Empire: Investigaci\u00f3n o Resistencia: un juego de estrategia sobre el poder imperial en el siglo XIX. Evento: Noche Europea de los Investigadores.&nbsp;<\/span><span style=\"background-color: initial\">\u201cMadri+d|Investigador@senelC\u00edrculo\u201d XVI Noche Europea de l@s Investigador@s 2025.&nbsp;<\/span><span style=\"background-color: initial\">https:\/\/www.madrimasd.org\/lanochedelosinvestigadores\/actividad\/madrid-investigadors-en-el-circulo<\/span><\/p>\n<p><span style=\"font-size: 13px;background-color: initial\">30\/06\/2025. Panel: Nacionalismo, Trabajo y Profesiones en Iberoam\u00e9rica, Event: INTERNATIONAL CONGRESS OF AMERICANISTS NEW CHALLENGES, NEW SPACES University of Novi Sad \u2013 Serbia. Organizer: ICA. Location: Novi Sad, Serbia. <\/span><a href=\"https:\/\/ica2025.uns.ac.rs\/areas-tematicas\/\" style=\"font-size: 13px;background-color: initial\">https:\/\/ica2025.uns.ac.rs\/areas-tematicas\/<\/a><\/p>\n<p>03\/06\/2025. Panel: <em>S.12 El \u00abimperialismo de privados\u00bb como factor de la geopol\u00edtica americana<\/em>. Event: XXI Congreso Internacional de la Asociaci\u00f3n Espa\u00f1ola de Americanistas. Organizer: AEA. Location: Carmona, Espa\u00f1a. I was coordinator of the Panel: <em>S.12 El \u00abimperialismo de privados\u00bb como factor de la geopol\u00edtica americana<\/em> <a href=\"https:\/\/www.americanistas.es\/disponible-programa-del-congreso-de-carmona\/\">https:\/\/www.americanistas.es\/disponible-programa-del-congreso-de-carmona\/<\/a><\/p>\n<p>08-09\/05\/2025. Symposium \u00abPostimperial possibilities in the Iberian Pacific and Atlantic Worlds (1808-1898)\u00bb. Organizadores: Grupo de Estudios Asia Pac\u00edfico-Dpto. de Historia Internacional y Global (IH-CSIC); Society for Global Nineteenth Century Studies; Laboratorio Geopol\u00edtica e Ideolog\u00eda en el Mundo Hispano Global; Centro de Estudios Americanos de la Universidad Adolfo Ib\u00e1\u00f1ez. <a href=\"https:\/\/www.cchs.csic.es\/es\/event\/symposium-postimperial-possibilities-iberian-pacific-atlantic-worlds-1808-1898\">https:\/\/www.cchs.csic.es\/es\/event\/symposium-postimperial-possibilities-iberian-pacific-atlantic-worlds-1808-1898<\/a><\/p>\n<p>17\/02\/2025. Invited Conference: \u201cImperiophilias vs. imperiophobias: the myths of the black legend\u201d. Event: Seminars IELAT-University of Alcal\u00e1. Organizer: Institute of Latin American Studies, University of Alcal\u00e1. Location: Alcal\u00e1, Spain.<\/p>\n<p>06\/02\/2026. Invited Conference: Cicle Prometheus in the Garden: <em>Iberomanos, postimperial realities and possibilities of the Hispanic World. <\/em>Event: Prometheus in the Garden. Organizer: Scientific Culture Unit, CSIC. Location: <strong>Library, Eugenio Tr\u00edas &#8211; Casa de Fieras<\/strong>&nbsp;Parque de El Retiro, P\u00ba de Fern\u00e1n N\u00fa\u00f1ez, 24 (Madrid), <a href=\"https:\/\/www.cchs.csic.es\/es\/event\/ciclo-conferencias-prometeo-jardin-iberomanos-claves-historicas-ideologicas-geopoliticas\">https:\/\/www.cchs.csic.es\/es\/event\/ciclo-conferencias-prometeo-jardin-iberomanos-claves-historicas-ideologicas-geopoliticas<\/a><\/p>\n<p>22\/01\/2025. Lecture: \u201cThe Spanish naval station in the Pacific. A frustrated project of imperial regeneration\u201d. Event: Seminars of the Department of International and Global History, CSIC. Organizer: Department of International and Global History, CSIC. <a href=\"https:\/\/www.youtube.com\/watch?v=ginni-V1a9k\">https:\/\/www.youtube.com\/watch?v=ginni-V1a9k<\/a><\/p>\n<p>16-20\/01\/2025. Lecture: \u2018From Anglo-Spanish Monarchism to Postimperial Interventionism: The Political Thought of George Dawson Flinter (1818-1838)\u2019. Event: Society for Global Nineteenth-Century Studies International Symposium on \u2018Translation, Transposition, and Travel in the Global Nineteenth Century\u2019. Organizer: SGNCS and Gulf University for Science and Technology in Kuwait. Location: Kuwait. I was coordinator of the Panel: \u2018Oceanic Entanglements\u2019. <a href=\"https:\/\/www.global19c.com\/events-1\">https:\/\/www.global19c.com\/events-1<\/a><\/p>\n<p>19\/11\/2024. <strong>Conferencia Invitada:<\/strong> \u201cImperialismos postimperiales. Espa\u00f1a y Chile en la pugna por el Pac\u00edfico Sudamericano (1833-1866)\u201d. <strong>Evento:<\/strong> Conferencias Universidad del B\u00edo-B\u00edo. <strong>Organizador:<\/strong> Departamento de Historia Universidad del B\u00edo-B\u00edo. <strong>Localizaci\u00f3n:<\/strong> Chill\u00e1n, Chile. <a href=\"https:\/\/www.facebook.com\/radioubbchile\/posts\/conferencia-imperialismos-pre-y-post-imperiales-espa%C3%B1a-y-chile-en-el-pac%C3%ADfico-di\/1159355859532936\/\">https:\/\/www.facebook.com\/radioubbchile\/posts\/conferencia-imperialismos-pre-y-post-imperiales-espa%C3%B1a-y-chile-en-el-pac%C3%ADfico-di\/1159355859532936\/<\/a><\/p>\n<p>05\/10\/2024. <strong>Conferencia Invitada:<\/strong> \u201cImperialismo postimperial. La Gran Estrategia de Espa\u00f1a en el Pac\u00edfico sudamericano (1833-1868)\u201d. <strong>Evento:<\/strong> Seminarios Universidad de Sevilla. <strong>Organizador:<\/strong> Departamento de Historia Contempor\u00e1nea, Universidad de Sevilla. <strong>Localizaci\u00f3n:<\/strong> Sevilla, Espa\u00f1a. <a href=\"https:\/\/geografiaehistoria.us.es\/agenda-academica\/imperialismo-posimperial\">https:\/\/geografiaehistoria.us.es\/agenda-academica\/imperialismo-posimperial<\/a><\/p>\n<p>12\/09\/2024. <strong>Ponencia Invitada:<\/strong> \u201cUn oc\u00e9ano de restauraciones. El monarquismo transatl\u00e1ntico como imaginario geopol\u00edtico (1812-1868)\u201d. <strong>Evento:<\/strong> Coloquio Internacional Historia y pol\u00edtica internacional: Espa\u00f1a y Am\u00e9rica en la Era de las Revoluciones\u201d. <strong>Organizador:<\/strong> Instituto Universitario de Investigaci\u00f3n en Estudios Latinoamericanos, Universidad de Alcal\u00e1. <strong>Localizaci\u00f3n:<\/strong> Alcal\u00e1, Espa\u00f1a.<\/p>\n<p>04\/09\/2024. <strong>Ponencia:<\/strong> \u201cEntre el imperialismo naval y el nacionalismo comercial. Las colonias espa\u00f1olas en las rep\u00fablicas sudamericanas del Pac\u00edfico (1848-1866)\u201d. <strong>Evento:<\/strong> Simposio \u201cIndependencias y construcci\u00f3n nacional en Hispanoam\u00e9rica: Discursos, imaginarios y representaciones en el siglo XIX\u201d en XX Congreso de AHILA. <strong>Organizador:<\/strong> Asociaci\u00f3n de Historiadores Latinoamericanistas Europeos (AHILA). <strong>Localizaci\u00f3n:<\/strong> N\u00e1poles, Italia.<\/p>\n<p>03\/09\/2024. <strong>Ponencia:<\/strong> \u201cLa D\u00e9cada Moderada: \u00bfun \u2018meridiano imperial\u2019 espa\u00f1ol? 1844-1854\u201d. <strong>Evento:<\/strong> Simposio \u201cLa cuesti\u00f3n imperial en Am\u00e9rica Latina: crisis y transformaci\u00f3n hegem\u00f3nica en la Era de las Revoluciones (1776-1848)\u201d en XX Congreso de AHILA Entre Am\u00e9rica y el Mediterr\u00e1neo. <strong>Organizador:<\/strong> Asociaci\u00f3n de Historiadores Latinoamericanistas Europeos (AHILA). <strong>Localizaci\u00f3n:<\/strong> N\u00e1poles, Italia.<\/p>\n<p>17-18\/07\/2024. <u>Workshop Internacional \u201cImperios ambivalentes: El mundo hisp\u00e1nico y el imperialismo informal en el largo siglo XIX\u201d.<\/u> Centro de Estudios Americanos, Universidad Adolfo Ib\u00e1\u00f1ez y Society for Global Nineteenth Century Studies; Laboratorio GIDEMIHG (Geopol\u00edtica e Ideolog\u00eda en el Mundo Hisp\u00e1nico Global); Proyecto Fondecyt Regular N\u00ba 1240232, \u00abLa cultura pol\u00edtica de la intervenci\u00f3n post-imperial. Espa\u00f1a y las rep\u00fablicas sudamericanas del Pac\u00edfico\u00bb. <a href=\"https:\/\/www.uai.cl\/eventos\/artesliberales\/imperios-ambivalentes-el-mundo-hispanico-y-el-imperialismo-informal-en-el-largo-siglo-xix\">https:\/\/www.uai.cl\/eventos\/artesliberales\/imperios-ambivalentes-el-mundo-hispanico-y-el-imperialismo-informal-en-el-largo-siglo-xix<\/a><\/p>\n<p>02\/07\/2024. Presentaci\u00f3n-Seminario Museo Virtual \u201cBomba Espa\u00f1a De Valpara\u00edso. Memoria e Historia de una corporaci\u00f3n hispano-chilena (1856-2023)\u201d. <strong>Evento:<\/strong> \u201cSemana de la Cultura Impresa y del Patrimonio Digital FAL- UAI\u201d. <strong>Organizador:<\/strong> Centro de Estudios Americanos, Universidad Adolfo Ib\u00e1\u00f1ez. <strong>Localizaci\u00f3n:<\/strong> Valpara\u00edso, Chile.<\/p>\n<p>12\/06\/2024. Seminario <strong>Conciencia mar\u00edtima y desaf\u00edos en la geoestrategia del Pac\u00edfico. Academia de Guerra Naval y el Museo Mar\u00edtimo Nacional de Chile. <\/strong><a href=\"https:\/\/www.youtube.com\/live\/oSCyNRIh8Nc\"><strong>https:\/\/www.youtube.com\/live\/oSCyNRIh8Nc<\/strong><\/a><\/p>\n<p>25\/06\/2024. <u>\u201cDi\u00e1logos Espa\u00f1a en Am\u00e9rica Urbanismo y urbanidad en Europa, Am\u00e9rica y Filipinas. Las grandes ciudades de la monarqu\u00eda hisp\u00e1nica (III) Manila\u201d<\/u>, Asociaci\u00f3n POMPAELO, U. de Sevilla, U. Cat\u00f3lica de Temuco, U. de Granda, U Sergio Arboleda, U. Nacional de Rosario, U. Libre de Colombia, U. Adolfo Ib\u00e1\u00f1ez. <a href=\"https:\/\/pompaelo.org\/category\/dialogos\/\">https:\/\/pompaelo.org\/category\/dialogos\/<\/a><\/p>\n<p>24\/04\/2024. <u>Conversatorio \u00abBombardeo de Valpara\u00edso. Poder mar\u00edtimo y derecho internacional en perspectiva hist\u00f3rica\u00bb.<\/u> Museo Mar\u00edtimo Nacional de Chile y Centro de Estudios Americanos, Universidad Adolfo Ib\u00e1\u00f1ez de Chile. <a href=\"https:\/\/www.youtube.com\/watch?v=2YBktUUqltA\">https:\/\/www.youtube.com\/watch?v=2YBktUUqltA<\/a><\/p>\n<p>06\/07\/2023. <strong>Conferencia:<\/strong> \u201cGeopol\u00edtica del Pac\u00edfico. Desaf\u00edos hist\u00f3ricos y retos futuros\u201d. <strong>Evento:<\/strong> Conferencia invitada impartida en la Facultad de Derecho y Ciencias Pol\u00edticas Universidad Nacional Mayor de San Marcos (Per\u00fa). <strong>Organizador:<\/strong> Facultad de Derecho y Ciencias Pol\u00edticas Universidad Nacional Mayor de San Marcos (Per\u00fa). <strong>Localizaci\u00f3n:<\/strong><\/p>\n<p>23\/06\/2023.<strong> Ponencia:<\/strong> \u201cThe grand strategy of Spain in the Pacific. Navalism, informal empire and Hispanism (1833-1868)\u201d. <strong>Evento:<\/strong> Society for Global Nineteenth Century Studies World Congress, Comparative Empire: Conflict, Competition, and Cooperation, 1750-1914. <strong>Organizador: <\/strong>Society for Global Nineteenth Century Studies.<strong> Localizaci\u00f3n:<\/strong> Singapore. <strong>Role:<\/strong> Coordinator of the Panel \u201cSpain and the informal empire in the nineteenth century: between subject and object\u201d y conferencia invitada. <a href=\"https:\/\/mega.nz\/file\/xctyESTR#jlfid7nrtdAWrefLk1HINKyBuQsWQNDfYKAoelsx81g\">https:\/\/mega.nz\/file\/xctyESTR#jlfid7nrtdAWrefLk1HINKyBuQsWQNDfYKAoelsx81g<\/a><\/p>\n<p>02-04\/11\/2023. <u>II Simposio Imaginarios Imperiales y Procesos de Nacionalizaci\u00f3n en el Mundo Atl\u00e1ntico. \u00abOc\u00e9ano de Tronos. Monarquismos transatl\u00e1nticos en Am\u00e9rica y Europa (1812-1868)\u00bb<\/u>, Universidad Adolfo Ib\u00e1\u00f1ez y Universidad de Alcal\u00e1. <a href=\"https:\/\/www.uai.cl\/eventos\/artesliberales\/ii-simposio-internacional-imaginarios-imperiales-y-procesos-de-nacionalizacion-en-el-mundo-atlantico\">https:\/\/www.uai.cl\/eventos\/artesliberales\/ii-simposio-internacional-imaginarios-imperiales-y-procesos-de-nacionalizacion-en-el-mundo-atlantico<\/a><\/p>\n<p>21-22\/09\/2023. <u>Panel \u00abExploring the Pacific from Spanish<\/u> <u>America\u00bb <\/u>en el McMullen Naval History Symposium, Annapolis (EEUU).<\/p>\n<p>07-09\/09\/2023. <u>Panel \u00abImperios informales en el siglo XIX: geopol\u00edtica y capitalismo en la construcci\u00f3n del mundo moderno\u00bb<\/u>, XVI Congreso de la Asociaci\u00f3n de Historia Contempor\u00e1nea de Espa\u00f1a, Universidad de La Rioja, Logro\u00f1o. <a href=\"https:\/\/ahc2023.unirioja.es\/contenido\/talleres\">https:\/\/ahc2023.unirioja.es\/contenido\/talleres<\/a><\/p>\n<p>19-23\/03\/2023. <u>Panel \u201cSpain and the informal empire in the nineteenth century: between subject and object\u201d in the Society for Nineteenth Century Studies World Congress<\/u>, Comparative Empire: Conflict, Competition, and Cooperation, 1750-1914, Society for Nineteenth Century Studies, Singapore. <a href=\"https:\/\/seahistory.org\/wp-content\/uploads\/2023-Agenda_final.pdf\">https:\/\/seahistory.org\/wp-content\/uploads\/2023-Agenda_final.pdf<\/a><\/p>\n<p>25\/04\/2023. Seminario: \u00abLa invenci\u00f3n de Humboldt. Sobre la geopol\u00edtica del conocimiento\u00bb, Universidad de Texas y Universidad Adolfo Ib\u00e1\u00f1ez. https:\/\/noticias.uai.cl\/evento\/la-invencion-de-humboldt-y-la-geopolitica-del-conocimiento\/<\/p>\n<p>30\/03\/2023. Seminario: \u00abMary Graham. Diario de su vida en Chile\u00bb. https:\/\/noticias.uai.cl\/evento\/maria-graham-diario-de-residencia-en-chile-1823-2023\/<\/p>\n<p>24\/03\/2023. Jornadas de Historia Mar\u00edtima: \u00abGeopol\u00edtica de los Oc\u00e9anos. Lecciones hist\u00f3ricas y prospectiva estrat\u00e9gica\u00bb, Academia Polit\u00e9cnica Naval; Museo Mar\u00edtimo Nacional, Asociaci\u00f3n de Historia Mar\u00edtima y Naval Iberoamericana, https:\/\/noticias.uai.cl\/evento\/jornada-de-historia-maritima\/<\/p>\n<p>14\/09\/2022. Presentaci\u00f3n del libro \u00abMemorias del viejo imperio. Hispanoam\u00e9rica en las culturas pol\u00edticas de Espa\u00f1a y el Reino Unido\u00bb.<\/p>\n<p>30\/09\/2021-01\/10\/2021.<u> Simposio \u00abImaginarios imperiales y procesos de nacionalizaci\u00f3n en el Atl\u00e1ntico Ib\u00e9rico (1770-2020)\u00bb,<\/u> Centro de Estudios Americanos, Universidad Adolfo Ib\u00e1\u00f1ez\/ Instituto Universitario de Investigaci\u00f3n en Estudios Latinoamericanos, Universidad de Alcal\u00e1, Santiago de Chile.<\/p>\n<p>30\/05\/2022. Seminario \u00abColonia Dignidad desde la perspectiva de la historia oral\u00bb.<\/p>\n<p>23-24\/09\/2021. <u>Panel \u00abThe Spanish-South American War: Geopolitical Imaginaries and Naval Power in the 19th-Century Iberian Atlantic\u00bb, comentarista de la sesi\u00f3n \u00abNaval Aspects of Peruvian Independence, 1821\u00bb<\/u> en el McMullen Naval History Symposium, Annapolis (EEUU).<\/p>\t\t\t\t\t\t\t\t<\/div>\n\t\t\t\t<\/div>\n\t\t\t\t\t<\/div>\n\t\t<\/div>\n\t\t\t\t\t<\/div>\n\t\t<\/section>\n\t\t\t\t<\/div>\n\t\t","protected":false},"excerpt":{"rendered":"<p>25\/11\/2025. Seminario Cambios I: Odiosas Deudas. Bancarrota y derecho internacional en la construcci\u00f3n de Am\u00e9rica Latina. Evento: Seminario Cambios, Universidad Nacional de Educaci\u00f3n a Distancia, Universidad Adolfo Ib\u00e1\u00f1ez, Universidad de Alcal\u00e1. Localizaci\u00f3n:&nbsp;Sal\u00f3n de Grados. Edificio Humanidades, UNED, Senda del Rey, <a class=\"more-link\" href=\"https:\/\/blogs.uned.es\/gidemig\/actividades-pasadas\/\">Seguir leyendo <span class=\"meta-nav\">&rarr;<\/span><\/a><\/p>\n","protected":false},"author":8033,"featured_media":0,"parent":0,"menu_order":0,"comment_status":"closed","ping_status":"closed","template":"","meta":{"footnotes":""},"class_list":["post-879","page","type-page","status-publish","hentry"],"_links":{"self":[{"href":"https:\/\/blogs.uned.es\/gidemig\/wp-json\/wp\/v2\/pages\/879","targetHints":{"allow":["GET"]}}],"collection":[{"href":"https:\/\/blogs.uned.es\/gidemig\/wp-json\/wp\/v2\/pages"}],"about":[{"href":"https:\/\/blogs.uned.es\/gidemig\/wp-json\/wp\/v2\/types\/page"}],"author":[{"embeddable":true,"href":"https:\/\/blogs.uned.es\/gidemig\/wp-json\/wp\/v2\/users\/8033"}],"replies":[{"embeddable":true,"href":"https:\/\/blogs.uned.es\/gidemig\/wp-json\/wp\/v2\/comments?post=879"}],"version-history":[{"count":23,"href":"https:\/\/blogs.uned.es\/gidemig\/wp-json\/wp\/v2\/pages\/879\/revisions"}],"predecessor-version":[{"id":1441,"href":"https:\/\/blogs.uned.es\/gidemig\/wp-json\/wp\/v2\/pages\/879\/revisions\/1441"}],"wp:attachment":[{"href":"https:\/\/blogs.uned.es\/gidemig\/wp-json\/wp\/v2\/media?parent=879"}],"curies":[{"name":"wp","href":"https:\/\/api.w.org\/{rel}","templated":true}]}}