{"id":1565,"date":"2026-01-26T11:30:35","date_gmt":"2026-01-26T10:30:35","guid":{"rendered":"https:\/\/blogs.uned.es\/gidemig\/?page_id=1565"},"modified":"2026-02-02T08:23:46","modified_gmt":"2026-02-02T07:23:46","slug":"laboratorio-clio-dinamico-gidemig","status":"publish","type":"page","link":"https:\/\/blogs.uned.es\/gidemig\/laboratorio-clio-dinamico-gidemig\/","title":{"rendered":"Laboratorio Clio-Din\u00e1mico GIDEMIG"},"content":{"rendered":"\t\t<div data-elementor-type=\"wp-page\" data-elementor-id=\"1565\" class=\"elementor elementor-1565\">\n\t\t\t\t\t\t<section class=\"elementor-section elementor-top-section elementor-element elementor-element-9264051 elementor-section-boxed elementor-section-height-default elementor-section-height-default\" data-id=\"9264051\" data-element_type=\"section\" data-e-type=\"section\">\n\t\t\t\t\t\t<div class=\"elementor-container elementor-column-gap-default\">\n\t\t\t\t\t<div class=\"elementor-column elementor-col-100 elementor-top-column elementor-element elementor-element-d17edd5\" data-id=\"d17edd5\" data-element_type=\"column\" data-e-type=\"column\">\n\t\t\t<div class=\"elementor-widget-wrap elementor-element-populated\">\n\t\t\t\t\t\t<div class=\"elementor-element elementor-element-ea3cff2 elementor-widget elementor-widget-image\" data-id=\"ea3cff2\" data-element_type=\"widget\" data-e-type=\"widget\" data-widget_type=\"image.default\">\n\t\t\t\t<div class=\"elementor-widget-container\">\n\t\t\t\t\t\t\t\t\t\t\t\t\t\t\t<img fetchpriority=\"high\" decoding=\"async\" width=\"1024\" height=\"683\" src=\"https:\/\/blogs.uned.es\/gidemig\/wp-content\/uploads\/sites\/611\/2026\/02\/ChatGPT-Image-2-feb-2026-08_19_54-a.m-1024x683.png\" class=\"attachment-large size-large wp-image-1835\" alt=\"\" srcset=\"https:\/\/blogs.uned.es\/gidemig\/wp-content\/uploads\/sites\/611\/2026\/02\/ChatGPT-Image-2-feb-2026-08_19_54-a.m-1024x683.png 1024w, https:\/\/blogs.uned.es\/gidemig\/wp-content\/uploads\/sites\/611\/2026\/02\/ChatGPT-Image-2-feb-2026-08_19_54-a.m-300x200.png 300w, https:\/\/blogs.uned.es\/gidemig\/wp-content\/uploads\/sites\/611\/2026\/02\/ChatGPT-Image-2-feb-2026-08_19_54-a.m-768x512.png 768w, https:\/\/blogs.uned.es\/gidemig\/wp-content\/uploads\/sites\/611\/2026\/02\/ChatGPT-Image-2-feb-2026-08_19_54-a.m.png 1536w\" sizes=\"(max-width: 1024px) 100vw, 1024px\" \/>\t\t\t\t\t\t\t\t\t\t\t\t\t\t\t<\/div>\n\t\t\t\t<\/div>\n\t\t\t\t<div class=\"elementor-element elementor-element-4f2231b elementor-widget elementor-widget-text-editor\" data-id=\"4f2231b\" data-element_type=\"widget\" data-e-type=\"widget\" data-widget_type=\"text-editor.default\">\n\t\t\t\t<div class=\"elementor-widget-container\">\n\t\t\t\t\t\t\t\t\t<p><strong>CLAodynamics<\/strong> es una iniciativa de GIDEMIG desarollada por nuestro experto en an\u00e1lisis de datos y t\u00e9cnicas cliodin\u00e1micas, <strong>Carlos Kuzmanic.<\/strong> Su objetivo es comprender el <strong>desarrollo postimperial del mundo ib\u00e9rico global a partir del an\u00e1lisis cuantitativo de la correlaci\u00f3n entre diversas variables<\/strong>, como la <strong>configuraci\u00f3n territorial<\/strong> de sus pa\u00edses, el <strong>n\u00famero y la escala de las guerras<\/strong> en que se vieron inmersos y la <strong>cohesi\u00f3n pol\u00edtica de las \u00e9lites<\/strong> que los dominaban.<\/p>\t\t\t\t\t\t\t\t<\/div>\n\t\t\t\t<\/div>\n\t\t\t\t<div class=\"elementor-element elementor-element-ee043e6 elementor-widget elementor-widget-image\" data-id=\"ee043e6\" data-element_type=\"widget\" data-e-type=\"widget\" data-widget_type=\"image.default\">\n\t\t\t\t<div class=\"elementor-widget-container\">\n\t\t\t\t\t\t\t\t\t\t\t\t\t\t\t<img decoding=\"async\" width=\"1024\" height=\"576\" src=\"https:\/\/blogs.uned.es\/gidemig\/wp-content\/uploads\/sites\/611\/2026\/02\/00.-CLAodynamics-v00_page-0001-1024x576.jpg\" class=\"attachment-large size-large wp-image-1795\" alt=\"\" srcset=\"https:\/\/blogs.uned.es\/gidemig\/wp-content\/uploads\/sites\/611\/2026\/02\/00.-CLAodynamics-v00_page-0001-1024x576.jpg 1024w, https:\/\/blogs.uned.es\/gidemig\/wp-content\/uploads\/sites\/611\/2026\/02\/00.-CLAodynamics-v00_page-0001-300x169.jpg 300w, https:\/\/blogs.uned.es\/gidemig\/wp-content\/uploads\/sites\/611\/2026\/02\/00.-CLAodynamics-v00_page-0001-768x432.jpg 768w, https:\/\/blogs.uned.es\/gidemig\/wp-content\/uploads\/sites\/611\/2026\/02\/00.-CLAodynamics-v00_page-0001-1536x864.jpg 1536w, https:\/\/blogs.uned.es\/gidemig\/wp-content\/uploads\/sites\/611\/2026\/02\/00.-CLAodynamics-v00_page-0001.jpg 2000w\" sizes=\"(max-width: 1024px) 100vw, 1024px\" \/>\t\t\t\t\t\t\t\t\t\t\t\t\t\t\t<\/div>\n\t\t\t\t<\/div>\n\t\t\t\t<div class=\"elementor-element elementor-element-31cfb7a elementor-widget elementor-widget-text-editor\" data-id=\"31cfb7a\" data-element_type=\"widget\" data-e-type=\"widget\" data-widget_type=\"text-editor.default\">\n\t\t\t\t<div class=\"elementor-widget-container\">\n\t\t\t\t\t\t\t\t\t<p>Ofrecemos aqu\u00ed un primer ejercicio que analiza los factores que determinaron la <strong>evoluci\u00f3n territorial en Am\u00e9rica Latina<\/strong> tras el fin del dominio espa\u00f1ol y portugu\u00e9s, centr\u00e1ndose en el periodo entre <strong>1834 y 1899<\/strong>. El estudio utiliza datos geoespaciales y demogr\u00e1ficos para establecer\u00a0<strong>correlaciones estad\u00edsticas<\/strong>\u00a0entre los cambios de fronteras y variables como los\u00a0<strong>conflictos b\u00e9licos<\/strong>, la econom\u00eda y el tipo de r\u00e9gimen pol\u00edtico. Los hallazgos preliminares revelan una\u00a0<strong>fuerte relaci\u00f3n positiva<\/strong> entre la participaci\u00f3n en guerras y las alteraciones en la superficie de los pa\u00edses, destacando adem\u00e1s que loa pa\u00edses<strong> con gobiernos regidos por figuras militares<\/strong>\u00a0mostraron una mayor tendencia a involucrarse en combates. Asimismo, los datos sugieren que el\u00a0<strong>crecimiento poblacional y del PIB<\/strong>\u00a0son indicadores clave para explicar la expansi\u00f3n o contracci\u00f3n del \u00e1rea de un Estado. El proyecto planea profundizar estos resultados mediante el uso de\u00a0<strong>regresiones avanzadas<\/strong> e incorporando nuevas m\u00e9tricas sobre migraci\u00f3n y marcos constitucionales. Ofrece as\u00ed una visi\u00f3n cuantitativa sobre c\u00f3mo la <strong>din\u00e1mica interna y externa<\/strong>\u00a0molde\u00f3 la geograf\u00eda pol\u00edtica del continente.<\/p>\t\t\t\t\t\t\t\t<\/div>\n\t\t\t\t<\/div>\n\t\t\t\t<div class=\"elementor-element elementor-element-bf5b802 elementor-widget elementor-widget-image-gallery\" data-id=\"bf5b802\" data-element_type=\"widget\" data-e-type=\"widget\" data-widget_type=\"image-gallery.default\">\n\t\t\t\t<div class=\"elementor-widget-container\">\n\t\t\t\t\t\t\t<div class=\"elementor-image-gallery\">\n\t\t\t\n\t\t<style type=\"text\/css\">\n\t\t\t#gallery-1 {\n\t\t\t\tmargin: auto;\n\t\t\t}\n\t\t\t#gallery-1 .gallery-item {\n\t\t\t\tfloat: left;\n\t\t\t\tmargin-top: 10px;\n\t\t\t\ttext-align: center;\n\t\t\t\twidth: 25%;\n\t\t\t}\n\t\t\t#gallery-1 img {\n\t\t\t\tborder: 2px solid #cfcfcf;\n\t\t\t}\n\t\t\t#gallery-1 .gallery-caption {\n\t\t\t\tmargin-left: 0;\n\t\t\t}\n\t\t\t\/* see gallery_shortcode() in wp-includes\/media.php *\/\n\t\t<\/style>\n\t\t<div id='gallery-1' class='gallery galleryid-1565 gallery-columns-4 gallery-size-thumbnail'><dl class='gallery-item'>\n\t\t\t<dt class='gallery-icon landscape'>\n\t\t\t\t<a data-elementor-open-lightbox=\"yes\" data-elementor-lightbox-slideshow=\"bf5b802\" data-elementor-lightbox-title=\"00. CLAodynamics v00_page-0001\" data-e-action-hash=\"#elementor-action%3Aaction%3Dlightbox%26settings%3DeyJpZCI6MTc5NSwidXJsIjoiaHR0cHM6XC9cL2Jsb2dzLnVuZWQuZXNcL2dpZGVtaWdcL3dwLWNvbnRlbnRcL3VwbG9hZHNcL3NpdGVzXC82MTFcLzIwMjZcLzAyXC8wMC4tQ0xBb2R5bmFtaWNzLXYwMF9wYWdlLTAwMDEuanBnIiwic2xpZGVzaG93IjoiYmY1YjgwMiJ9\" href='https:\/\/blogs.uned.es\/gidemig\/wp-content\/uploads\/sites\/611\/2026\/02\/00.-CLAodynamics-v00_page-0001.jpg'><img decoding=\"async\" width=\"150\" height=\"150\" src=\"https:\/\/blogs.uned.es\/gidemig\/wp-content\/uploads\/sites\/611\/2026\/02\/00.-CLAodynamics-v00_page-0001-150x150.jpg\" class=\"attachment-thumbnail size-thumbnail\" alt=\"\" \/><\/a>\n\t\t\t<\/dt><\/dl><dl class='gallery-item'>\n\t\t\t<dt class='gallery-icon landscape'>\n\t\t\t\t<a data-elementor-open-lightbox=\"yes\" data-elementor-lightbox-slideshow=\"bf5b802\" data-elementor-lightbox-title=\"00. CLAodynamics v00_page-0003\" data-e-action-hash=\"#elementor-action%3Aaction%3Dlightbox%26settings%3DeyJpZCI6MTc5OSwidXJsIjoiaHR0cHM6XC9cL2Jsb2dzLnVuZWQuZXNcL2dpZGVtaWdcL3dwLWNvbnRlbnRcL3VwbG9hZHNcL3NpdGVzXC82MTFcLzIwMjZcLzAyXC8wMC4tQ0xBb2R5bmFtaWNzLXYwMF9wYWdlLTAwMDMuanBnIiwic2xpZGVzaG93IjoiYmY1YjgwMiJ9\" href='https:\/\/blogs.uned.es\/gidemig\/wp-content\/uploads\/sites\/611\/2026\/02\/00.-CLAodynamics-v00_page-0003.jpg'><img loading=\"lazy\" decoding=\"async\" width=\"150\" height=\"150\" src=\"https:\/\/blogs.uned.es\/gidemig\/wp-content\/uploads\/sites\/611\/2026\/02\/00.-CLAodynamics-v00_page-0003-150x150.jpg\" class=\"attachment-thumbnail size-thumbnail\" alt=\"\" \/><\/a>\n\t\t\t<\/dt><\/dl><dl class='gallery-item'>\n\t\t\t<dt class='gallery-icon landscape'>\n\t\t\t\t<a data-elementor-open-lightbox=\"yes\" data-elementor-lightbox-slideshow=\"bf5b802\" data-elementor-lightbox-title=\"00. CLAodynamics v00_page-0004\" data-e-action-hash=\"#elementor-action%3Aaction%3Dlightbox%26settings%3DeyJpZCI6MTgwMSwidXJsIjoiaHR0cHM6XC9cL2Jsb2dzLnVuZWQuZXNcL2dpZGVtaWdcL3dwLWNvbnRlbnRcL3VwbG9hZHNcL3NpdGVzXC82MTFcLzIwMjZcLzAyXC8wMC4tQ0xBb2R5bmFtaWNzLXYwMF9wYWdlLTAwMDQuanBnIiwic2xpZGVzaG93IjoiYmY1YjgwMiJ9\" href='https:\/\/blogs.uned.es\/gidemig\/wp-content\/uploads\/sites\/611\/2026\/02\/00.-CLAodynamics-v00_page-0004.jpg'><img loading=\"lazy\" decoding=\"async\" width=\"150\" height=\"150\" src=\"https:\/\/blogs.uned.es\/gidemig\/wp-content\/uploads\/sites\/611\/2026\/02\/00.-CLAodynamics-v00_page-0004-150x150.jpg\" class=\"attachment-thumbnail size-thumbnail\" alt=\"\" \/><\/a>\n\t\t\t<\/dt><\/dl><dl class='gallery-item'>\n\t\t\t<dt class='gallery-icon landscape'>\n\t\t\t\t<a data-elementor-open-lightbox=\"yes\" data-elementor-lightbox-slideshow=\"bf5b802\" data-elementor-lightbox-title=\"00. CLAodynamics v00_page-0005\" data-e-action-hash=\"#elementor-action%3Aaction%3Dlightbox%26settings%3DeyJpZCI6MTgwMywidXJsIjoiaHR0cHM6XC9cL2Jsb2dzLnVuZWQuZXNcL2dpZGVtaWdcL3dwLWNvbnRlbnRcL3VwbG9hZHNcL3NpdGVzXC82MTFcLzIwMjZcLzAyXC8wMC4tQ0xBb2R5bmFtaWNzLXYwMF9wYWdlLTAwMDUuanBnIiwic2xpZGVzaG93IjoiYmY1YjgwMiJ9\" href='https:\/\/blogs.uned.es\/gidemig\/wp-content\/uploads\/sites\/611\/2026\/02\/00.-CLAodynamics-v00_page-0005.jpg'><img loading=\"lazy\" decoding=\"async\" width=\"150\" height=\"150\" src=\"https:\/\/blogs.uned.es\/gidemig\/wp-content\/uploads\/sites\/611\/2026\/02\/00.-CLAodynamics-v00_page-0005-150x150.jpg\" class=\"attachment-thumbnail size-thumbnail\" alt=\"\" \/><\/a>\n\t\t\t<\/dt><\/dl><br style=\"clear: both\" \/><dl class='gallery-item'>\n\t\t\t<dt class='gallery-icon landscape'>\n\t\t\t\t<a data-elementor-open-lightbox=\"yes\" data-elementor-lightbox-slideshow=\"bf5b802\" data-elementor-lightbox-title=\"00. CLAodynamics v00_page-0006\" data-e-action-hash=\"#elementor-action%3Aaction%3Dlightbox%26settings%3DeyJpZCI6MTgwNSwidXJsIjoiaHR0cHM6XC9cL2Jsb2dzLnVuZWQuZXNcL2dpZGVtaWdcL3dwLWNvbnRlbnRcL3VwbG9hZHNcL3NpdGVzXC82MTFcLzIwMjZcLzAyXC8wMC4tQ0xBb2R5bmFtaWNzLXYwMF9wYWdlLTAwMDYuanBnIiwic2xpZGVzaG93IjoiYmY1YjgwMiJ9\" href='https:\/\/blogs.uned.es\/gidemig\/wp-content\/uploads\/sites\/611\/2026\/02\/00.-CLAodynamics-v00_page-0006.jpg'><img loading=\"lazy\" decoding=\"async\" width=\"150\" height=\"150\" src=\"https:\/\/blogs.uned.es\/gidemig\/wp-content\/uploads\/sites\/611\/2026\/02\/00.-CLAodynamics-v00_page-0006-150x150.jpg\" class=\"attachment-thumbnail size-thumbnail\" alt=\"\" \/><\/a>\n\t\t\t<\/dt><\/dl><dl class='gallery-item'>\n\t\t\t<dt class='gallery-icon landscape'>\n\t\t\t\t<a data-elementor-open-lightbox=\"yes\" data-elementor-lightbox-slideshow=\"bf5b802\" data-elementor-lightbox-title=\"00. CLAodynamics v00_page-0007\" data-e-action-hash=\"#elementor-action%3Aaction%3Dlightbox%26settings%3DeyJpZCI6MTgwNywidXJsIjoiaHR0cHM6XC9cL2Jsb2dzLnVuZWQuZXNcL2dpZGVtaWdcL3dwLWNvbnRlbnRcL3VwbG9hZHNcL3NpdGVzXC82MTFcLzIwMjZcLzAyXC8wMC4tQ0xBb2R5bmFtaWNzLXYwMF9wYWdlLTAwMDcuanBnIiwic2xpZGVzaG93IjoiYmY1YjgwMiJ9\" href='https:\/\/blogs.uned.es\/gidemig\/wp-content\/uploads\/sites\/611\/2026\/02\/00.-CLAodynamics-v00_page-0007.jpg'><img loading=\"lazy\" decoding=\"async\" width=\"150\" height=\"150\" src=\"https:\/\/blogs.uned.es\/gidemig\/wp-content\/uploads\/sites\/611\/2026\/02\/00.-CLAodynamics-v00_page-0007-150x150.jpg\" class=\"attachment-thumbnail size-thumbnail\" alt=\"\" \/><\/a>\n\t\t\t<\/dt><\/dl><dl class='gallery-item'>\n\t\t\t<dt class='gallery-icon landscape'>\n\t\t\t\t<a data-elementor-open-lightbox=\"yes\" data-elementor-lightbox-slideshow=\"bf5b802\" data-elementor-lightbox-title=\"00. CLAodynamics v00_page-0008\" data-e-action-hash=\"#elementor-action%3Aaction%3Dlightbox%26settings%3DeyJpZCI6MTgwOSwidXJsIjoiaHR0cHM6XC9cL2Jsb2dzLnVuZWQuZXNcL2dpZGVtaWdcL3dwLWNvbnRlbnRcL3VwbG9hZHNcL3NpdGVzXC82MTFcLzIwMjZcLzAyXC8wMC4tQ0xBb2R5bmFtaWNzLXYwMF9wYWdlLTAwMDguanBnIiwic2xpZGVzaG93IjoiYmY1YjgwMiJ9\" href='https:\/\/blogs.uned.es\/gidemig\/wp-content\/uploads\/sites\/611\/2026\/02\/00.-CLAodynamics-v00_page-0008.jpg'><img loading=\"lazy\" decoding=\"async\" width=\"150\" height=\"150\" src=\"https:\/\/blogs.uned.es\/gidemig\/wp-content\/uploads\/sites\/611\/2026\/02\/00.-CLAodynamics-v00_page-0008-150x150.jpg\" class=\"attachment-thumbnail size-thumbnail\" alt=\"\" \/><\/a>\n\t\t\t<\/dt><\/dl><dl class='gallery-item'>\n\t\t\t<dt class='gallery-icon landscape'>\n\t\t\t\t<a data-elementor-open-lightbox=\"yes\" data-elementor-lightbox-slideshow=\"bf5b802\" data-elementor-lightbox-title=\"00. CLAodynamics v00_page-0009\" data-e-action-hash=\"#elementor-action%3Aaction%3Dlightbox%26settings%3DeyJpZCI6MTgxMSwidXJsIjoiaHR0cHM6XC9cL2Jsb2dzLnVuZWQuZXNcL2dpZGVtaWdcL3dwLWNvbnRlbnRcL3VwbG9hZHNcL3NpdGVzXC82MTFcLzIwMjZcLzAyXC8wMC4tQ0xBb2R5bmFtaWNzLXYwMF9wYWdlLTAwMDkuanBnIiwic2xpZGVzaG93IjoiYmY1YjgwMiJ9\" href='https:\/\/blogs.uned.es\/gidemig\/wp-content\/uploads\/sites\/611\/2026\/02\/00.-CLAodynamics-v00_page-0009.jpg'><img loading=\"lazy\" decoding=\"async\" width=\"150\" height=\"150\" src=\"https:\/\/blogs.uned.es\/gidemig\/wp-content\/uploads\/sites\/611\/2026\/02\/00.-CLAodynamics-v00_page-0009-150x150.jpg\" class=\"attachment-thumbnail size-thumbnail\" alt=\"\" \/><\/a>\n\t\t\t<\/dt><\/dl><br style=\"clear: both\" \/><dl class='gallery-item'>\n\t\t\t<dt class='gallery-icon landscape'>\n\t\t\t\t<a data-elementor-open-lightbox=\"yes\" data-elementor-lightbox-slideshow=\"bf5b802\" data-elementor-lightbox-title=\"00. CLAodynamics v00_page-0010\" data-e-action-hash=\"#elementor-action%3Aaction%3Dlightbox%26settings%3DeyJpZCI6MTgxMywidXJsIjoiaHR0cHM6XC9cL2Jsb2dzLnVuZWQuZXNcL2dpZGVtaWdcL3dwLWNvbnRlbnRcL3VwbG9hZHNcL3NpdGVzXC82MTFcLzIwMjZcLzAyXC8wMC4tQ0xBb2R5bmFtaWNzLXYwMF9wYWdlLTAwMTAuanBnIiwic2xpZGVzaG93IjoiYmY1YjgwMiJ9\" href='https:\/\/blogs.uned.es\/gidemig\/wp-content\/uploads\/sites\/611\/2026\/02\/00.-CLAodynamics-v00_page-0010.jpg'><img loading=\"lazy\" decoding=\"async\" width=\"150\" height=\"150\" src=\"https:\/\/blogs.uned.es\/gidemig\/wp-content\/uploads\/sites\/611\/2026\/02\/00.-CLAodynamics-v00_page-0010-150x150.jpg\" class=\"attachment-thumbnail size-thumbnail\" alt=\"\" \/><\/a>\n\t\t\t<\/dt><\/dl><dl class='gallery-item'>\n\t\t\t<dt class='gallery-icon landscape'>\n\t\t\t\t<a data-elementor-open-lightbox=\"yes\" data-elementor-lightbox-slideshow=\"bf5b802\" data-elementor-lightbox-title=\"00. CLAodynamics v00_page-0011\" data-e-action-hash=\"#elementor-action%3Aaction%3Dlightbox%26settings%3DeyJpZCI6MTgxNSwidXJsIjoiaHR0cHM6XC9cL2Jsb2dzLnVuZWQuZXNcL2dpZGVtaWdcL3dwLWNvbnRlbnRcL3VwbG9hZHNcL3NpdGVzXC82MTFcLzIwMjZcLzAyXC8wMC4tQ0xBb2R5bmFtaWNzLXYwMF9wYWdlLTAwMTEuanBnIiwic2xpZGVzaG93IjoiYmY1YjgwMiJ9\" href='https:\/\/blogs.uned.es\/gidemig\/wp-content\/uploads\/sites\/611\/2026\/02\/00.-CLAodynamics-v00_page-0011.jpg'><img loading=\"lazy\" decoding=\"async\" width=\"150\" height=\"150\" src=\"https:\/\/blogs.uned.es\/gidemig\/wp-content\/uploads\/sites\/611\/2026\/02\/00.-CLAodynamics-v00_page-0011-150x150.jpg\" class=\"attachment-thumbnail size-thumbnail\" alt=\"\" \/><\/a>\n\t\t\t<\/dt><\/dl><dl class='gallery-item'>\n\t\t\t<dt class='gallery-icon landscape'>\n\t\t\t\t<a data-elementor-open-lightbox=\"yes\" data-elementor-lightbox-slideshow=\"bf5b802\" data-elementor-lightbox-title=\"00. CLAodynamics v00_page-0012\" data-e-action-hash=\"#elementor-action%3Aaction%3Dlightbox%26settings%3DeyJpZCI6MTgxNywidXJsIjoiaHR0cHM6XC9cL2Jsb2dzLnVuZWQuZXNcL2dpZGVtaWdcL3dwLWNvbnRlbnRcL3VwbG9hZHNcL3NpdGVzXC82MTFcLzIwMjZcLzAyXC8wMC4tQ0xBb2R5bmFtaWNzLXYwMF9wYWdlLTAwMTIuanBnIiwic2xpZGVzaG93IjoiYmY1YjgwMiJ9\" href='https:\/\/blogs.uned.es\/gidemig\/wp-content\/uploads\/sites\/611\/2026\/02\/00.-CLAodynamics-v00_page-0012.jpg'><img loading=\"lazy\" decoding=\"async\" width=\"150\" height=\"150\" src=\"https:\/\/blogs.uned.es\/gidemig\/wp-content\/uploads\/sites\/611\/2026\/02\/00.-CLAodynamics-v00_page-0012-150x150.jpg\" class=\"attachment-thumbnail size-thumbnail\" alt=\"\" \/><\/a>\n\t\t\t<\/dt><\/dl><dl class='gallery-item'>\n\t\t\t<dt class='gallery-icon landscape'>\n\t\t\t\t<a data-elementor-open-lightbox=\"yes\" data-elementor-lightbox-slideshow=\"bf5b802\" data-elementor-lightbox-title=\"00. CLAodynamics v00_page-0013\" data-e-action-hash=\"#elementor-action%3Aaction%3Dlightbox%26settings%3DeyJpZCI6MTgxOSwidXJsIjoiaHR0cHM6XC9cL2Jsb2dzLnVuZWQuZXNcL2dpZGVtaWdcL3dwLWNvbnRlbnRcL3VwbG9hZHNcL3NpdGVzXC82MTFcLzIwMjZcLzAyXC8wMC4tQ0xBb2R5bmFtaWNzLXYwMF9wYWdlLTAwMTMuanBnIiwic2xpZGVzaG93IjoiYmY1YjgwMiJ9\" href='https:\/\/blogs.uned.es\/gidemig\/wp-content\/uploads\/sites\/611\/2026\/02\/00.-CLAodynamics-v00_page-0013.jpg'><img loading=\"lazy\" decoding=\"async\" width=\"150\" height=\"150\" src=\"https:\/\/blogs.uned.es\/gidemig\/wp-content\/uploads\/sites\/611\/2026\/02\/00.-CLAodynamics-v00_page-0013-150x150.jpg\" class=\"attachment-thumbnail size-thumbnail\" alt=\"\" \/><\/a>\n\t\t\t<\/dt><\/dl><br style=\"clear: both\" \/><dl class='gallery-item'>\n\t\t\t<dt class='gallery-icon landscape'>\n\t\t\t\t<a data-elementor-open-lightbox=\"yes\" data-elementor-lightbox-slideshow=\"bf5b802\" data-elementor-lightbox-title=\"00. CLAodynamics v00_page-0014\" data-e-action-hash=\"#elementor-action%3Aaction%3Dlightbox%26settings%3DeyJpZCI6MTgyMSwidXJsIjoiaHR0cHM6XC9cL2Jsb2dzLnVuZWQuZXNcL2dpZGVtaWdcL3dwLWNvbnRlbnRcL3VwbG9hZHNcL3NpdGVzXC82MTFcLzIwMjZcLzAyXC8wMC4tQ0xBb2R5bmFtaWNzLXYwMF9wYWdlLTAwMTQuanBnIiwic2xpZGVzaG93IjoiYmY1YjgwMiJ9\" href='https:\/\/blogs.uned.es\/gidemig\/wp-content\/uploads\/sites\/611\/2026\/02\/00.-CLAodynamics-v00_page-0014.jpg'><img loading=\"lazy\" decoding=\"async\" width=\"150\" height=\"150\" src=\"https:\/\/blogs.uned.es\/gidemig\/wp-content\/uploads\/sites\/611\/2026\/02\/00.-CLAodynamics-v00_page-0014-150x150.jpg\" class=\"attachment-thumbnail size-thumbnail\" alt=\"\" \/><\/a>\n\t\t\t<\/dt><\/dl><dl class='gallery-item'>\n\t\t\t<dt class='gallery-icon landscape'>\n\t\t\t\t<a data-elementor-open-lightbox=\"yes\" data-elementor-lightbox-slideshow=\"bf5b802\" data-elementor-lightbox-title=\"00. CLAodynamics v00_page-0015\" data-e-action-hash=\"#elementor-action%3Aaction%3Dlightbox%26settings%3DeyJpZCI6MTgyMywidXJsIjoiaHR0cHM6XC9cL2Jsb2dzLnVuZWQuZXNcL2dpZGVtaWdcL3dwLWNvbnRlbnRcL3VwbG9hZHNcL3NpdGVzXC82MTFcLzIwMjZcLzAyXC8wMC4tQ0xBb2R5bmFtaWNzLXYwMF9wYWdlLTAwMTUuanBnIiwic2xpZGVzaG93IjoiYmY1YjgwMiJ9\" href='https:\/\/blogs.uned.es\/gidemig\/wp-content\/uploads\/sites\/611\/2026\/02\/00.-CLAodynamics-v00_page-0015.jpg'><img loading=\"lazy\" decoding=\"async\" width=\"150\" height=\"150\" src=\"https:\/\/blogs.uned.es\/gidemig\/wp-content\/uploads\/sites\/611\/2026\/02\/00.-CLAodynamics-v00_page-0015-150x150.jpg\" class=\"attachment-thumbnail size-thumbnail\" alt=\"\" \/><\/a>\n\t\t\t<\/dt><\/dl>\n\t\t\t<br style='clear: both' \/>\n\t\t<\/div>\n\t\t<\/div>\n\t\t\t\t\t\t<\/div>\n\t\t\t\t<\/div>\n\t\t\t\t\t<\/div>\n\t\t<\/div>\n\t\t\t\t\t<\/div>\n\t\t<\/section>\n\t\t\t\t<\/div>\n\t\t","protected":false},"excerpt":{"rendered":"<p>CLAodynamics es una iniciativa de GIDEMIG desarollada por nuestro experto en an\u00e1lisis de datos y t\u00e9cnicas cliodin\u00e1micas, Carlos Kuzmanic. Su objetivo es comprender el desarrollo postimperial del mundo ib\u00e9rico global a partir del an\u00e1lisis cuantitativo de la correlaci\u00f3n entre diversas <a class=\"more-link\" href=\"https:\/\/blogs.uned.es\/gidemig\/laboratorio-clio-dinamico-gidemig\/\">Seguir leyendo <span class=\"meta-nav\">&rarr;<\/span><\/a><\/p>\n","protected":false},"author":8033,"featured_media":0,"parent":0,"menu_order":0,"comment_status":"closed","ping_status":"closed","template":"","meta":{"footnotes":""},"class_list":["post-1565","page","type-page","status-publish","hentry"],"_links":{"self":[{"href":"https:\/\/blogs.uned.es\/gidemig\/wp-json\/wp\/v2\/pages\/1565","targetHints":{"allow":["GET"]}}],"collection":[{"href":"https:\/\/blogs.uned.es\/gidemig\/wp-json\/wp\/v2\/pages"}],"about":[{"href":"https:\/\/blogs.uned.es\/gidemig\/wp-json\/wp\/v2\/types\/page"}],"author":[{"embeddable":true,"href":"https:\/\/blogs.uned.es\/gidemig\/wp-json\/wp\/v2\/users\/8033"}],"replies":[{"embeddable":true,"href":"https:\/\/blogs.uned.es\/gidemig\/wp-json\/wp\/v2\/comments?post=1565"}],"version-history":[{"count":10,"href":"https:\/\/blogs.uned.es\/gidemig\/wp-json\/wp\/v2\/pages\/1565\/revisions"}],"predecessor-version":[{"id":1847,"href":"https:\/\/blogs.uned.es\/gidemig\/wp-json\/wp\/v2\/pages\/1565\/revisions\/1847"}],"wp:attachment":[{"href":"https:\/\/blogs.uned.es\/gidemig\/wp-json\/wp\/v2\/media?parent=1565"}],"curies":[{"name":"wp","href":"https:\/\/api.w.org\/{rel}","templated":true}]}}