{"id":6365,"date":"2024-05-23T21:30:21","date_gmt":"2024-05-23T19:30:21","guid":{"rendered":"https:\/\/blogs.uned.es\/gicuned\/?page_id=6365"},"modified":"2024-05-25T11:59:57","modified_gmt":"2024-05-25T09:59:57","slug":"servicios","status":"publish","type":"page","link":"https:\/\/blogs.uned.es\/gicuned\/psychlab-home\/servicios\/","title":{"rendered":"Servicios"},"content":{"rendered":"\t\t<div data-elementor-type=\"wp-page\" data-elementor-id=\"6365\" class=\"elementor elementor-6365\">\n\t\t\t\t\t\t<section class=\"elementor-section elementor-top-section elementor-element elementor-element-18a47ec elementor-section-boxed elementor-section-height-default elementor-section-height-default\" data-id=\"18a47ec\" data-element_type=\"section\" data-e-type=\"section\">\n\t\t\t\t\t\t<div class=\"elementor-container elementor-column-gap-default\">\n\t\t\t\t\t<div class=\"elementor-column elementor-col-100 elementor-top-column elementor-element elementor-element-ea56e3e\" data-id=\"ea56e3e\" data-element_type=\"column\" data-e-type=\"column\">\n\t\t\t<div class=\"elementor-widget-wrap elementor-element-populated\">\n\t\t\t\t\t\t<div class=\"elementor-element elementor-element-951498c elementor-widget elementor-widget-heading\" data-id=\"951498c\" data-element_type=\"widget\" data-e-type=\"widget\" data-widget_type=\"heading.default\">\n\t\t\t\t<div class=\"elementor-widget-container\">\n\t\t\t\t\t<h1 class=\"elementor-heading-title elementor-size-default\">Servicios<\/h1>\t\t\t\t<\/div>\n\t\t\t\t<\/div>\n\t\t\t\t\t<\/div>\n\t\t<\/div>\n\t\t\t\t\t<\/div>\n\t\t<\/section>\n\t\t\t\t<section class=\"elementor-section elementor-top-section elementor-element elementor-element-fc9bbc5 elementor-section-boxed elementor-section-height-default elementor-section-height-default\" data-id=\"fc9bbc5\" data-element_type=\"section\" data-e-type=\"section\">\n\t\t\t\t\t\t<div class=\"elementor-container elementor-column-gap-default\">\n\t\t\t\t\t<div class=\"elementor-column elementor-col-100 elementor-top-column elementor-element elementor-element-e3601de\" data-id=\"e3601de\" data-element_type=\"column\" data-e-type=\"column\">\n\t\t\t<div class=\"elementor-widget-wrap elementor-element-populated\">\n\t\t\t\t\t\t<div class=\"elementor-element elementor-element-2c61102 elementor-widget elementor-widget-text-editor\" data-id=\"2c61102\" data-element_type=\"widget\" data-e-type=\"widget\" data-widget_type=\"text-editor.default\">\n\t\t\t\t<div class=\"elementor-widget-container\">\n\t\t\t\t\t\t\t\t\t<p style=\"margin-top: 1.25em;margin-bottom: 1rem;color: #7a7a7a;font-family: Roboto, sans-serif;font-size: 18px\"><span style=\"font-weight: bold\">Facilitaci\u00f3n del uso del Laboratorio PsychLab<\/span>\u00a0para:<\/p><ul><li style=\"color: #7a7a7a;font-family: Roboto, sans-serif;font-size: 18px\"><strong>Cl\u00ednicas y\/o profesionales<\/strong>\u00a0especializados en el cambio psicol\u00f3gico<\/li><li style=\"color: #7a7a7a;font-family: Roboto, sans-serif;font-size: 18px\"><span style=\"font-weight: bold\">Universidades<\/span>\u00a0que pueden utilizarlo como laboratorio virtual de pr\u00e1cticas sobre evaluaci\u00f3n y simulaci\u00f3n de procesos de cambio psicol\u00f3gico<\/li><li style=\"color: #7a7a7a;font-family: Roboto, sans-serif;font-size: 18px\"><span style=\"font-weight: bold\">Equipos de investigaci\u00f3n<\/span>\u00a0interesados en la experimentaci\u00f3n con modelados matem\u00e1ticos y teor\u00eda de redes<\/li><\/ul><p style=\"margin-top: 1.25em;margin-bottom: 1rem;color: #7a7a7a;font-family: Roboto, sans-serif;font-size: 18px\"><span style=\"color: #0000ff\"><a style=\"color: #0000ff\" href=\"https:\/\/extension.uned.es\/actividad\/idactividad\/37997\" target=\"_blank\" rel=\"noopener\"><span style=\"font-weight: bold\">Cursos gratuito<\/span><\/a><\/span>\u00a0sobre el uso del Laboratorio virtual PsychLab<\/p><p style=\"margin-top: 1.25em;margin-bottom: 1rem;color: #7a7a7a;font-family: Roboto, sans-serif;font-size: 18px\"><span style=\"color: #0000ff\"><a style=\"color: #0000ff\" href=\"https:\/\/extension.uned.es\/&amp;idcentro=1205\" target=\"_blank\" rel=\"noopener\"><span style=\"font-weight: bold\">Cursos de Formaci\u00f3n Especializados<\/span><\/a><\/span>\u00a0para alumnos, cl\u00ednicos e investigadores interesados en el cambio psicol\u00f3gico. Aulas espec\u00edficas con tutores y seguimiento del proceso de formaci\u00f3n personalizada, evaluaci\u00f3n de tareas de aprendizaje, discusi\u00f3n de casos pr\u00e1cticos, experimentaci\u00f3n con las herramientas del PsychLab, correcci\u00f3n de errores, certificaci\u00f3n de la formaci\u00f3n, etc.<\/p><p style=\"margin-top: 1.25em;margin-bottom: 1rem;color: #7a7a7a;font-family: Roboto, sans-serif;font-size: 18px\"><span style=\"font-weight: bold\">Asesoramiento a empresas<\/span> para la puesta en marcha, o desarrollo completo de planes de salud laboral, con procesos de evaluaci\u00f3n, monitorizaci\u00f3n del plan e intervenci\u00f3n si lo requiere la empresa. Manejamos metodolog\u00eda de gesti\u00f3n de grandes cantidades de personas evaluadas. As\u00ed como la identificaci\u00f3n de trabas psicol\u00f3gicas que dificultan los procesos de cambio personales o institucionales. Desarrollamos programas a medida.\u00a0<\/p><p style=\"margin-top: 1.25em;margin-bottom: 1rem\">\u00a0<\/p>\t\t\t\t\t\t\t\t<\/div>\n\t\t\t\t<\/div>\n\t\t\t\t\t<\/div>\n\t\t<\/div>\n\t\t\t\t\t<\/div>\n\t\t<\/section>\n\t\t\t\t<section class=\"elementor-section elementor-top-section elementor-element elementor-element-2f2f41b elementor-section-boxed elementor-section-height-default elementor-section-height-default\" data-id=\"2f2f41b\" data-element_type=\"section\" data-e-type=\"section\">\n\t\t\t\t\t\t<div class=\"elementor-container elementor-column-gap-default\">\n\t\t\t\t\t<div class=\"elementor-column elementor-col-100 elementor-top-column elementor-element elementor-element-41e149f\" data-id=\"41e149f\" data-element_type=\"column\" data-e-type=\"column\">\n\t\t\t<div class=\"elementor-widget-wrap elementor-element-populated\">\n\t\t\t\t\t\t<div class=\"elementor-element elementor-element-956a17c elementor-widget elementor-widget-heading\" data-id=\"956a17c\" data-element_type=\"widget\" data-e-type=\"widget\" data-widget_type=\"heading.default\">\n\t\t\t\t<div class=\"elementor-widget-container\">\n\t\t\t\t\t<h1 class=\"elementor-heading-title elementor-size-default\">Tarifas<\/h1>\t\t\t\t<\/div>\n\t\t\t\t<\/div>\n\t\t\t\t\t<\/div>\n\t\t<\/div>\n\t\t\t\t\t<\/div>\n\t\t<\/section>\n\t\t\t\t<section class=\"elementor-section elementor-top-section elementor-element elementor-element-7a5dd53 elementor-section-boxed elementor-section-height-default elementor-section-height-default\" data-id=\"7a5dd53\" data-element_type=\"section\" data-e-type=\"section\">\n\t\t\t\t\t\t<div class=\"elementor-container elementor-column-gap-default\">\n\t\t\t\t\t<div class=\"elementor-column elementor-col-100 elementor-top-column elementor-element elementor-element-a730b68\" data-id=\"a730b68\" data-element_type=\"column\" data-e-type=\"column\">\n\t\t\t<div class=\"elementor-widget-wrap elementor-element-populated\">\n\t\t\t\t\t\t<div class=\"elementor-element elementor-element-4331993 elementor-widget elementor-widget-text-editor\" data-id=\"4331993\" data-element_type=\"widget\" data-e-type=\"widget\" data-widget_type=\"text-editor.default\">\n\t\t\t\t<div class=\"elementor-widget-container\">\n\t\t\t\t\t\t\t\t\t<p style=\"text-align: center\"><span style=\"font-size: 20px\">Por uso del laboratorio<\/span><\/p>\t\t\t\t\t\t\t\t<\/div>\n\t\t\t\t<\/div>\n\t\t\t\t\t<\/div>\n\t\t<\/div>\n\t\t\t\t\t<\/div>\n\t\t<\/section>\n\t\t\t\t<section class=\"elementor-section elementor-top-section elementor-element elementor-element-3aeb289 elementor-section-boxed elementor-section-height-default elementor-section-height-default\" data-id=\"3aeb289\" data-element_type=\"section\" data-e-type=\"section\">\n\t\t\t\t\t\t<div class=\"elementor-container elementor-column-gap-default\">\n\t\t\t\t\t<div class=\"elementor-column elementor-col-33 elementor-top-column elementor-element elementor-element-48d7418\" data-id=\"48d7418\" data-element_type=\"column\" data-e-type=\"column\">\n\t\t\t<div class=\"elementor-widget-wrap elementor-element-populated\">\n\t\t\t\t\t\t<div class=\"elementor-element elementor-element-29fe6ec elementor-widget elementor-widget-heading\" data-id=\"29fe6ec\" data-element_type=\"widget\" data-e-type=\"widget\" data-widget_type=\"heading.default\">\n\t\t\t\t<div class=\"elementor-widget-container\">\n\t\t\t\t\t<h2 class=\"elementor-heading-title elementor-size-default\">Plan Organizacional<\/h2>\t\t\t\t<\/div>\n\t\t\t\t<\/div>\n\t\t\t\t<div class=\"elementor-element elementor-element-dee681a elementor-widget elementor-widget-text-editor\" data-id=\"dee681a\" data-element_type=\"widget\" data-e-type=\"widget\" data-widget_type=\"text-editor.default\">\n\t\t\t\t<div class=\"elementor-widget-container\">\n\t\t\t\t\t\t\t\t\t<p>Administraci\u00f3n de licencias para m\u00faltiples usuarios dentro de una instituci\u00f3n, con uso ilimitado para cada usuario de todas las herramientas y recursos del Laboratorio Virtual PsychLab.<\/p><p>Esto incluye:<\/p><ul><li>Panel de administraci\u00f3n para gestionar licencias y usuarios.<\/li><li>Almacenamiento ilimitado de pacientes y an\u00e1lisis<\/li><li>Acceso ilimitado a an\u00e1lisi y simulaciones de cambio psicol\u00f3gico<\/li><li>Apoyo informatizado de realizaci\u00f3n de entrevistas a trav\u00e9s de formulario<\/li><li>Soporte t\u00e9cnico prioritario por chat\/email<\/li><li>Descuentos al curso de formaci\u00f3n sobre el uso del PsychLab<\/li><\/ul><p>\u00a0<\/p>\t\t\t\t\t\t\t\t<\/div>\n\t\t\t\t<\/div>\n\t\t\t\t<div class=\"elementor-element elementor-element-723cc5c elementor-widget elementor-widget-heading\" data-id=\"723cc5c\" data-element_type=\"widget\" data-e-type=\"widget\" data-widget_type=\"heading.default\">\n\t\t\t\t<div class=\"elementor-widget-container\">\n\t\t\t\t\t<h2 class=\"elementor-heading-title elementor-size-default\">Mensual: 18,90 \u20ac<\/h2>\t\t\t\t<\/div>\n\t\t\t\t<\/div>\n\t\t\t\t<div class=\"elementor-element elementor-element-4ea59de elementor-widget elementor-widget-heading\" data-id=\"4ea59de\" data-element_type=\"widget\" data-e-type=\"widget\" data-widget_type=\"heading.default\">\n\t\t\t\t<div class=\"elementor-widget-container\">\n\t\t\t\t\t<h2 class=\"elementor-heading-title elementor-size-default\"><div>Trimestral: 56 \u20ac<span style=\"color: var( --e-global-color-primary );font-family: var( --e-global-typography-primary-font-family ), Sans-serif;font-weight: var( --e-global-typography-primary-font-weight );background-color: var( --e-global-color-2ca36f7c )\"><\/span><\/div><\/h2>\t\t\t\t<\/div>\n\t\t\t\t<\/div>\n\t\t\t\t<div class=\"elementor-element elementor-element-4915a7b elementor-widget elementor-widget-heading\" data-id=\"4915a7b\" data-element_type=\"widget\" data-e-type=\"widget\" data-widget_type=\"heading.default\">\n\t\t\t\t<div class=\"elementor-widget-container\">\n\t\t\t\t\t<h2 class=\"elementor-heading-title elementor-size-default\">Anual: 199 \u20ac<\/h2>\t\t\t\t<\/div>\n\t\t\t\t<\/div>\n\t\t\t\t\t<\/div>\n\t\t<\/div>\n\t\t\t\t<div class=\"elementor-column elementor-col-33 elementor-top-column elementor-element elementor-element-0b7f0c9\" data-id=\"0b7f0c9\" data-element_type=\"column\" data-e-type=\"column\">\n\t\t\t<div class=\"elementor-widget-wrap elementor-element-populated\">\n\t\t\t\t\t\t<div class=\"elementor-element elementor-element-7c0cfa3 elementor-widget elementor-widget-heading\" data-id=\"7c0cfa3\" data-element_type=\"widget\" data-e-type=\"widget\" data-widget_type=\"heading.default\">\n\t\t\t\t<div class=\"elementor-widget-container\">\n\t\t\t\t\t<h2 class=\"elementor-heading-title elementor-size-default\">Plan Individual<\/h2>\t\t\t\t<\/div>\n\t\t\t\t<\/div>\n\t\t\t\t<div class=\"elementor-element elementor-element-231c54a elementor-widget elementor-widget-text-editor\" data-id=\"231c54a\" data-element_type=\"widget\" data-e-type=\"widget\" data-widget_type=\"text-editor.default\">\n\t\t\t\t<div class=\"elementor-widget-container\">\n\t\t\t\t\t\t\t\t\t<p>Uso individual ilimitado de todas las herramientas y recursos del Laboratorio virtual PsychLab<\/p>\n<p>Esto incluye:<\/p>\n<ul>\n<li>Almacenamiento ilimitado de pacientes y an\u00e1lisis<\/li>\n<li>Acceso ilimitado a an\u00e1lisis y simulaciones de cambio psicol\u00f3gico<\/li>\n<li>Apoyo informatizado de realizaci\u00f3n de entrevistas a trav\u00e9s de formulario<\/li>\n<li>Soporte t\u00e9cnico prioritario por chat\/email<\/li>\n<li>Descuentos al curso de formaci\u00f3n sobre el uso del PsychLab<\/li>\n<\/ul><div><br><\/div><div><br><\/div><div><br><\/div><div><br><\/div><div><br><\/div>\t\t\t\t\t\t\t\t<\/div>\n\t\t\t\t<\/div>\n\t\t\t\t<div class=\"elementor-element elementor-element-0403269 elementor-widget elementor-widget-heading\" data-id=\"0403269\" data-element_type=\"widget\" data-e-type=\"widget\" data-widget_type=\"heading.default\">\n\t\t\t\t<div class=\"elementor-widget-container\">\n\t\t\t\t\t<h2 class=\"elementor-heading-title elementor-size-default\">Mensual: 20 \u20ac<\/h2>\t\t\t\t<\/div>\n\t\t\t\t<\/div>\n\t\t\t\t<div class=\"elementor-element elementor-element-45ae60a elementor-widget elementor-widget-heading\" data-id=\"45ae60a\" data-element_type=\"widget\" data-e-type=\"widget\" data-widget_type=\"heading.default\">\n\t\t\t\t<div class=\"elementor-widget-container\">\n\t\t\t\t\t<h2 class=\"elementor-heading-title elementor-size-default\">Trimestral: 60 \u20ac<\/h2>\t\t\t\t<\/div>\n\t\t\t\t<\/div>\n\t\t\t\t<div class=\"elementor-element elementor-element-e87d710 elementor-widget elementor-widget-heading\" data-id=\"e87d710\" data-element_type=\"widget\" data-e-type=\"widget\" data-widget_type=\"heading.default\">\n\t\t\t\t<div class=\"elementor-widget-container\">\n\t\t\t\t\t<h2 class=\"elementor-heading-title elementor-size-default\">Anual: 226,80 \u20ac<\/h2>\t\t\t\t<\/div>\n\t\t\t\t<\/div>\n\t\t\t\t\t<\/div>\n\t\t<\/div>\n\t\t\t\t<div class=\"elementor-column elementor-col-33 elementor-top-column elementor-element elementor-element-c8fee5b\" data-id=\"c8fee5b\" data-element_type=\"column\" data-e-type=\"column\">\n\t\t\t<div class=\"elementor-widget-wrap elementor-element-populated\">\n\t\t\t\t\t\t<div class=\"elementor-element elementor-element-d8d3424 elementor-widget elementor-widget-heading\" data-id=\"d8d3424\" data-element_type=\"widget\" data-e-type=\"widget\" data-widget_type=\"heading.default\">\n\t\t\t\t<div class=\"elementor-widget-container\">\n\t\t\t\t\t<h2 class=\"elementor-heading-title elementor-size-default\">Plan Personalizado<\/h2>\t\t\t\t<\/div>\n\t\t\t\t<\/div>\n\t\t\t\t<div class=\"elementor-element elementor-element-a4fe116 elementor-widget elementor-widget-text-editor\" data-id=\"a4fe116\" data-element_type=\"widget\" data-e-type=\"widget\" data-widget_type=\"text-editor.default\">\n\t\t\t\t<div class=\"elementor-widget-container\">\n\t\t\t\t\t\t\t\t\t<p>Uso para organizaciones de m\u00e1s de 9 usuarios. Contacta para obtener informaci\u00f3n y un precio ajustado a sus necesidades.<\/p>\t\t\t\t\t\t\t\t<\/div>\n\t\t\t\t<\/div>\n\t\t\t\t\t<\/div>\n\t\t<\/div>\n\t\t\t\t\t<\/div>\n\t\t<\/section>\n\t\t\t\t<section class=\"elementor-section elementor-top-section elementor-element elementor-element-dec0f33 elementor-section-boxed elementor-section-height-default elementor-section-height-default\" data-id=\"dec0f33\" data-element_type=\"section\" data-e-type=\"section\">\n\t\t\t\t\t\t<div class=\"elementor-container elementor-column-gap-default\">\n\t\t\t\t\t<div class=\"elementor-column elementor-col-100 elementor-top-column elementor-element elementor-element-a67d280\" data-id=\"a67d280\" data-element_type=\"column\" data-e-type=\"column\">\n\t\t\t<div class=\"elementor-widget-wrap elementor-element-populated\">\n\t\t\t\t\t\t<div class=\"elementor-element elementor-element-ad1ee1a elementor-widget elementor-widget-text-editor\" data-id=\"ad1ee1a\" data-element_type=\"widget\" data-e-type=\"widget\" data-widget_type=\"text-editor.default\">\n\t\t\t\t<div class=\"elementor-widget-container\">\n\t\t\t\t\t\t\t\t\t<p>Para la creaci\u00f3n de cursos de formaci\u00f3n especializada o para asesoramiento y creaci\u00f3n de programas de planes de salud laboral, ponerse en contacto con:<\/p><p>Correo: <span style=\"color: #0000ff\"><a style=\"color: #0000ff\" href=\"mailto:psychlab@psi.uned.es\">psychlab@psi.uned.es<\/a><\/span><\/p><p>Luis \u00c1ngel Sa\u00fal \/ 91 398 6275, <span style=\"color: #0000ff\"><a style=\"color: #0000ff\" href=\"mailto:lasaul@psi.uned.es\">lasaul@psi.uned.es<\/a><\/span><\/p><p>Sixto Jansa \/ 629 37 17 03, <span style=\"color: #0000ff\"><a style=\"color: #0000ff\" href=\"mailto:sjansa@pas.uned.es\">sjansa@pas.uned.es<\/a><\/span><\/p><p>Facultad de Psicolog\u00eda de la UNED.\u00a0<span style=\"background-color: var( --e-global-color-2ca36f7c )\">Calle Juan del Rosal, 14 28040 \u2013 MADRID. Espa\u00f1a<\/span><\/p>\t\t\t\t\t\t\t\t<\/div>\n\t\t\t\t<\/div>\n\t\t\t\t\t<\/div>\n\t\t<\/div>\n\t\t\t\t\t<\/div>\n\t\t<\/section>\n\t\t\t\t<\/div>\n\t\t","protected":false},"excerpt":{"rendered":"<p>Servicios Facilitaci\u00f3n del uso del Laboratorio PsychLab\u00a0para: Cl\u00ednicas y\/o profesionales\u00a0especializados en el cambio psicol\u00f3gico Universidades\u00a0que pueden utilizarlo como laboratorio virtual de pr\u00e1cticas sobre evaluaci\u00f3n y simulaci\u00f3n de procesos de cambio psicol\u00f3gico Equipos de investigaci\u00f3n\u00a0interesados en la experimentaci\u00f3n con modelados matem\u00e1ticos y teor\u00eda de redes Cursos gratuito\u00a0sobre el uso del Laboratorio virtual PsychLab Cursos de Formaci\u00f3n Especializados\u00a0para alumnos, cl\u00ednicos e investigadores interesados en el cambio psicol\u00f3gico. Aulas espec\u00edficas con tutores y seguimiento del proceso de formaci\u00f3n personalizada, evaluaci\u00f3n de tareas de aprendizaje, discusi\u00f3n de casos pr\u00e1cticos, experimentaci\u00f3n con las herramientas del PsychLab, correcci\u00f3n de errores, certificaci\u00f3n de la formaci\u00f3n, etc. Asesoramiento a empresas para la puesta en marcha, o desarrollo completo de planes de salud laboral, con procesos de evaluaci\u00f3n, monitorizaci\u00f3n del plan e intervenci\u00f3n si lo requiere la empresa. Manejamos metodolog\u00eda de gesti\u00f3n de grandes cantidades de personas evaluadas. As\u00ed como la identificaci\u00f3n de trabas psicol\u00f3gicas que dificultan los procesos&hellip;<\/p>\n<p> <a class=\"more-link\" href=\"https:\/\/blogs.uned.es\/gicuned\/psychlab-home\/servicios\/\">Leer m\u00e1s<\/a><\/p>\n","protected":false},"author":7813,"featured_media":0,"parent":3857,"menu_order":0,"comment_status":"closed","ping_status":"closed","template":"","meta":{"_seopress_robots_primary_cat":"","_seopress_titles_title":"","_seopress_titles_desc":"","_seopress_robots_index":"","_bbp_topic_count":0,"_bbp_reply_count":0,"_bbp_total_topic_count":0,"_bbp_total_reply_count":0,"_bbp_voice_count":0,"_bbp_anonymous_reply_count":0,"_bbp_topic_count_hidden":0,"_bbp_reply_count_hidden":0,"_bbp_forum_subforum_count":0,"footnotes":""},"class_list":["post-6365","page","type-page","status-publish"],"_links":{"self":[{"href":"https:\/\/blogs.uned.es\/gicuned\/wp-json\/wp\/v2\/pages\/6365","targetHints":{"allow":["GET"]}}],"collection":[{"href":"https:\/\/blogs.uned.es\/gicuned\/wp-json\/wp\/v2\/pages"}],"about":[{"href":"https:\/\/blogs.uned.es\/gicuned\/wp-json\/wp\/v2\/types\/page"}],"author":[{"embeddable":true,"href":"https:\/\/blogs.uned.es\/gicuned\/wp-json\/wp\/v2\/users\/7813"}],"replies":[{"embeddable":true,"href":"https:\/\/blogs.uned.es\/gicuned\/wp-json\/wp\/v2\/comments?post=6365"}],"version-history":[{"count":20,"href":"https:\/\/blogs.uned.es\/gicuned\/wp-json\/wp\/v2\/pages\/6365\/revisions"}],"predecessor-version":[{"id":6629,"href":"https:\/\/blogs.uned.es\/gicuned\/wp-json\/wp\/v2\/pages\/6365\/revisions\/6629"}],"up":[{"embeddable":true,"href":"https:\/\/blogs.uned.es\/gicuned\/wp-json\/wp\/v2\/pages\/3857"}],"wp:attachment":[{"href":"https:\/\/blogs.uned.es\/gicuned\/wp-json\/wp\/v2\/media?parent=6365"}],"curies":[{"name":"wp","href":"https:\/\/api.w.org\/{rel}","templated":true}]}}