{"id":6245,"date":"2024-05-19T18:35:20","date_gmt":"2024-05-19T16:35:20","guid":{"rendered":"https:\/\/blogs.uned.es\/gicuned\/?page_id=6245"},"modified":"2026-02-10T11:23:36","modified_gmt":"2026-02-10T10:23:36","slug":"cursos-y-actividades","status":"publish","type":"page","link":"https:\/\/blogs.uned.es\/gicuned\/psychlab-home\/cursos-y-actividades\/","title":{"rendered":"Formaci\u00f3n"},"content":{"rendered":"\t\t<div data-elementor-type=\"wp-page\" data-elementor-id=\"6245\" class=\"elementor elementor-6245\">\n\t\t\t\t\t\t<section class=\"elementor-section elementor-top-section elementor-element elementor-element-72b6b52 elementor-section-stretched elementor-section-height-min-height cabeceraPublicaciones elementor-section-boxed elementor-section-height-default elementor-section-items-middle\" data-id=\"72b6b52\" data-element_type=\"section\" data-e-type=\"section\" data-settings=\"{&quot;stretch_section&quot;:&quot;section-stretched&quot;,&quot;background_background&quot;:&quot;classic&quot;}\">\n\t\t\t\t\t\t<div class=\"elementor-container elementor-column-gap-no\">\n\t\t\t\t\t<div class=\"elementor-column elementor-col-100 elementor-top-column elementor-element elementor-element-920bbf0\" data-id=\"920bbf0\" data-element_type=\"column\" data-e-type=\"column\">\n\t\t\t<div class=\"elementor-widget-wrap elementor-element-populated\">\n\t\t\t\t\t\t\t<\/div>\n\t\t<\/div>\n\t\t\t\t\t<\/div>\n\t\t<\/section>\n\t\t\t\t<section class=\"elementor-section elementor-top-section elementor-element elementor-element-31a69c6 elementor-section-boxed elementor-section-height-default elementor-section-height-default\" data-id=\"31a69c6\" data-element_type=\"section\" data-e-type=\"section\">\n\t\t\t\t\t\t<div class=\"elementor-container elementor-column-gap-default\">\n\t\t\t\t\t<div class=\"elementor-column elementor-col-100 elementor-top-column elementor-element elementor-element-15f14ed\" data-id=\"15f14ed\" data-element_type=\"column\" data-e-type=\"column\">\n\t\t\t<div class=\"elementor-widget-wrap elementor-element-populated\">\n\t\t\t\t\t\t<div class=\"elementor-element elementor-element-1c48e5f elementor-widget elementor-widget-image\" data-id=\"1c48e5f\" data-element_type=\"widget\" data-e-type=\"widget\" data-widget_type=\"image.default\">\n\t\t\t\t<div class=\"elementor-widget-container\">\n\t\t\t\t\t\t\t\t\t\t\t\t\t\t\t\t<a href=\"https:\/\/extension.uned.es\/actividad\/44965&#038;codigo=JDPDL\" target=\"_blank\">\n\t\t\t\t\t\t\t<img fetchpriority=\"high\" decoding=\"async\" width=\"2048\" height=\"560\" src=\"https:\/\/blogs.uned.es\/gicuned\/wp-content\/uploads\/sites\/237\/2025\/05\/ii-jornadas-2048x560.png\" class=\"attachment-2048x2048 size-2048x2048 wp-image-7043\" alt=\"ii jornadas\" srcset=\"https:\/\/blogs.uned.es\/gicuned\/wp-content\/uploads\/sites\/237\/2025\/05\/ii-jornadas-2048x560.png 2048w, https:\/\/blogs.uned.es\/gicuned\/wp-content\/uploads\/sites\/237\/2025\/05\/ii-jornadas-300x82.png 300w, https:\/\/blogs.uned.es\/gicuned\/wp-content\/uploads\/sites\/237\/2025\/05\/ii-jornadas-1024x280.png 1024w, https:\/\/blogs.uned.es\/gicuned\/wp-content\/uploads\/sites\/237\/2025\/05\/ii-jornadas-768x210.png 768w, https:\/\/blogs.uned.es\/gicuned\/wp-content\/uploads\/sites\/237\/2025\/05\/ii-jornadas-1536x420.png 1536w\" sizes=\"(max-width: 2048px) 100vw, 2048px\" \/>\t\t\t\t\t\t\t\t<\/a>\n\t\t\t\t\t\t\t\t\t\t\t\t\t\t\t<\/div>\n\t\t\t\t<\/div>\n\t\t\t\t\t<\/div>\n\t\t<\/div>\n\t\t\t\t\t<\/div>\n\t\t<\/section>\n\t\t\t\t<section class=\"elementor-section elementor-top-section elementor-element elementor-element-ae173f5 elementor-section-boxed elementor-section-height-default elementor-section-height-default\" data-id=\"ae173f5\" data-element_type=\"section\" data-e-type=\"section\">\n\t\t\t\t\t\t<div class=\"elementor-container elementor-column-gap-no\">\n\t\t\t\t\t<div class=\"elementor-column elementor-col-33 elementor-top-column elementor-element elementor-element-5741b92\" data-id=\"5741b92\" data-element_type=\"column\" data-e-type=\"column\">\n\t\t\t<div class=\"elementor-widget-wrap elementor-element-populated\">\n\t\t\t\t\t\t<div class=\"elementor-element elementor-element-507e123 elementor-widget elementor-widget-heading\" data-id=\"507e123\" data-element_type=\"widget\" data-e-type=\"widget\" data-widget_type=\"heading.default\">\n\t\t\t\t<div class=\"elementor-widget-container\">\n\t\t\t\t\t<h1 class=\"elementor-heading-title elementor-size-default\">Curso Gratuito<\/h1>\t\t\t\t<\/div>\n\t\t\t\t<\/div>\n\t\t\t\t\t<\/div>\n\t\t<\/div>\n\t\t\t\t<div class=\"elementor-column elementor-col-66 elementor-top-column elementor-element elementor-element-c1b13c3\" data-id=\"c1b13c3\" data-element_type=\"column\" data-e-type=\"column\">\n\t\t\t<div class=\"elementor-widget-wrap elementor-element-populated\">\n\t\t\t\t\t\t<div class=\"elementor-element elementor-element-ad3ddb3 elementor-widget elementor-widget-heading\" data-id=\"ad3ddb3\" data-element_type=\"widget\" data-e-type=\"widget\" data-widget_type=\"heading.default\">\n\t\t\t\t<div class=\"elementor-widget-container\">\n\t\t\t\t\t<h1 class=\"elementor-heading-title elementor-size-default\">Cursos de Especializaci\u00f3n<\/h1>\t\t\t\t<\/div>\n\t\t\t\t<\/div>\n\t\t\t\t\t<\/div>\n\t\t<\/div>\n\t\t\t\t\t<\/div>\n\t\t<\/section>\n\t\t\t\t<section class=\"elementor-section elementor-top-section elementor-element elementor-element-efb6347 elementor-section-boxed elementor-section-height-default elementor-section-height-default\" data-id=\"efb6347\" data-element_type=\"section\" data-e-type=\"section\">\n\t\t\t\t\t\t<div class=\"elementor-container elementor-column-gap-wide\">\n\t\t\t\t\t<div class=\"elementor-column elementor-col-25 elementor-top-column elementor-element elementor-element-03874c2\" data-id=\"03874c2\" data-element_type=\"column\" data-e-type=\"column\">\n\t\t\t<div class=\"elementor-widget-wrap elementor-element-populated\">\n\t\t\t\t\t\t<div class=\"elementor-element elementor-element-d5057a7 elementor-widget elementor-widget-image\" data-id=\"d5057a7\" data-element_type=\"widget\" data-e-type=\"widget\" data-widget_type=\"image.default\">\n\t\t\t\t<div class=\"elementor-widget-container\">\n\t\t\t\t\t\t\t\t\t\t\t\t\t\t\t\t<a href=\"https:\/\/iedra.uned.es\/courses\/course-v1:UNED+Intro_PsycoLab_003+2025-2026\/about\" target=\"_blank\">\n\t\t\t\t\t\t\t<img decoding=\"async\" width=\"275\" height=\"199\" src=\"https:\/\/blogs.uned.es\/gicuned\/wp-content\/uploads\/sites\/237\/2024\/07\/curso-1.png\" class=\"attachment-medium size-medium wp-image-6875\" alt=\"curso 1\" \/>\t\t\t\t\t\t\t\t<\/a>\n\t\t\t\t\t\t\t\t\t\t\t\t\t\t\t<\/div>\n\t\t\t\t<\/div>\n\t\t\t\t<div class=\"elementor-element elementor-element-65db485 elementor-widget elementor-widget-heading\" data-id=\"65db485\" data-element_type=\"widget\" data-e-type=\"widget\" data-widget_type=\"heading.default\">\n\t\t\t\t<div class=\"elementor-widget-container\">\n\t\t\t\t\t<h2 class=\"elementor-heading-title elementor-size-default\">Introducci\u00f3n al uso del PsychLab<\/h2>\t\t\t\t<\/div>\n\t\t\t\t<\/div>\n\t\t\t\t\t<\/div>\n\t\t<\/div>\n\t\t\t\t<div class=\"elementor-column elementor-col-25 elementor-top-column elementor-element elementor-element-a260808\" data-id=\"a260808\" data-element_type=\"column\" data-e-type=\"column\">\n\t\t\t<div class=\"elementor-widget-wrap elementor-element-populated\">\n\t\t\t\t\t\t<div class=\"elementor-element elementor-element-c31517b elementor-widget elementor-widget-image\" data-id=\"c31517b\" data-element_type=\"widget\" data-e-type=\"widget\" data-widget_type=\"image.default\">\n\t\t\t\t<div class=\"elementor-widget-container\">\n\t\t\t\t\t\t\t\t\t\t\t\t\t\t\t\t<a href=\"https:\/\/extension.uned.es\/actividad\/idactividad\/38075\" target=\"_blank\">\n\t\t\t\t\t\t\t<img decoding=\"async\" width=\"300\" height=\"247\" src=\"https:\/\/blogs.uned.es\/gicuned\/wp-content\/uploads\/sites\/237\/2024\/07\/curso-2-300x247.png\" class=\"attachment-medium size-medium wp-image-6877\" alt=\"curso 2\" srcset=\"https:\/\/blogs.uned.es\/gicuned\/wp-content\/uploads\/sites\/237\/2024\/07\/curso-2-300x247.png 300w, https:\/\/blogs.uned.es\/gicuned\/wp-content\/uploads\/sites\/237\/2024\/07\/curso-2.png 405w\" sizes=\"(max-width: 300px) 100vw, 300px\" \/>\t\t\t\t\t\t\t\t<\/a>\n\t\t\t\t\t\t\t\t\t\t\t\t\t\t\t<\/div>\n\t\t\t\t<\/div>\n\t\t\t\t<div class=\"elementor-element elementor-element-34ef50a elementor-widget elementor-widget-heading\" data-id=\"34ef50a\" data-element_type=\"widget\" data-e-type=\"widget\" data-widget_type=\"heading.default\">\n\t\t\t\t<div class=\"elementor-widget-container\">\n\t\t\t\t\t<h2 class=\"elementor-heading-title elementor-size-default\">Prematr\u00edcula: PsychLab investigaci\u00f3n: Uso de la Teor\u00eda de Redes en el modelado de procesos psicol\u00f3gicos<\/h2>\t\t\t\t<\/div>\n\t\t\t\t<\/div>\n\t\t\t\t\t<\/div>\n\t\t<\/div>\n\t\t\t\t<div class=\"elementor-column elementor-col-25 elementor-top-column elementor-element elementor-element-8aa5b4c\" data-id=\"8aa5b4c\" data-element_type=\"column\" data-e-type=\"column\">\n\t\t\t<div class=\"elementor-widget-wrap elementor-element-populated\">\n\t\t\t\t\t\t<div class=\"elementor-element elementor-element-6b7e626 elementor-widget elementor-widget-image\" data-id=\"6b7e626\" data-element_type=\"widget\" data-e-type=\"widget\" data-widget_type=\"image.default\">\n\t\t\t\t<div class=\"elementor-widget-container\">\n\t\t\t\t\t\t\t\t\t\t\t\t\t\t\t\t<a href=\"https:\/\/extension.uned.es\/actividad\/idactividad\/37997\" target=\"_blank\">\n\t\t\t\t\t\t\t<img loading=\"lazy\" decoding=\"async\" width=\"300\" height=\"246\" src=\"https:\/\/blogs.uned.es\/gicuned\/wp-content\/uploads\/sites\/237\/2024\/07\/curso-3-300x246.png\" class=\"attachment-medium size-medium wp-image-6879\" alt=\"curso 3\" srcset=\"https:\/\/blogs.uned.es\/gicuned\/wp-content\/uploads\/sites\/237\/2024\/07\/curso-3-300x246.png 300w, https:\/\/blogs.uned.es\/gicuned\/wp-content\/uploads\/sites\/237\/2024\/07\/curso-3.png 325w\" sizes=\"(max-width: 300px) 100vw, 300px\" \/>\t\t\t\t\t\t\t\t<\/a>\n\t\t\t\t\t\t\t\t\t\t\t\t\t\t\t<\/div>\n\t\t\t\t<\/div>\n\t\t\t\t<div class=\"elementor-element elementor-element-9aaafce elementor-widget elementor-widget-heading\" data-id=\"9aaafce\" data-element_type=\"widget\" data-e-type=\"widget\" data-widget_type=\"heading.default\">\n\t\t\t\t<div class=\"elementor-widget-container\">\n\t\t\t\t\t<h2 class=\"elementor-heading-title elementor-size-default\">Prematr\u00edcula: Utilizaci\u00f3n del PsychLab en psicoterapia<\/h2>\t\t\t\t<\/div>\n\t\t\t\t<\/div>\n\t\t\t\t\t<\/div>\n\t\t<\/div>\n\t\t\t\t<div class=\"elementor-column elementor-col-25 elementor-top-column elementor-element elementor-element-c39f00c\" data-id=\"c39f00c\" data-element_type=\"column\" data-e-type=\"column\">\n\t\t\t<div class=\"elementor-widget-wrap elementor-element-populated\">\n\t\t\t\t\t\t<div class=\"elementor-element elementor-element-1f2d46a elementor-widget elementor-widget-image\" data-id=\"1f2d46a\" data-element_type=\"widget\" data-e-type=\"widget\" data-widget_type=\"image.default\">\n\t\t\t\t<div class=\"elementor-widget-container\">\n\t\t\t\t\t\t\t\t\t\t\t\t\t\t\t\t<a href=\"https:\/\/extension.uned.es\/actividad\/idactividad\/38073\" target=\"_blank\">\n\t\t\t\t\t\t\t<img loading=\"lazy\" decoding=\"async\" width=\"300\" height=\"245\" src=\"https:\/\/blogs.uned.es\/gicuned\/wp-content\/uploads\/sites\/237\/2024\/07\/curso-4-300x245.png\" class=\"attachment-medium size-medium wp-image-6881\" alt=\"curso 4\" srcset=\"https:\/\/blogs.uned.es\/gicuned\/wp-content\/uploads\/sites\/237\/2024\/07\/curso-4-300x245.png 300w, https:\/\/blogs.uned.es\/gicuned\/wp-content\/uploads\/sites\/237\/2024\/07\/curso-4.png 328w\" sizes=\"(max-width: 300px) 100vw, 300px\" \/>\t\t\t\t\t\t\t\t<\/a>\n\t\t\t\t\t\t\t\t\t\t\t\t\t\t\t<\/div>\n\t\t\t\t<\/div>\n\t\t\t\t<div class=\"elementor-element elementor-element-61aa6b7 elementor-widget elementor-widget-heading\" data-id=\"61aa6b7\" data-element_type=\"widget\" data-e-type=\"widget\" data-widget_type=\"heading.default\">\n\t\t\t\t<div class=\"elementor-widget-container\">\n\t\t\t\t\t<h2 class=\"elementor-heading-title elementor-size-default\">PsychLab en procesos de cambio psicol\u00f3gico<\/h2>\t\t\t\t<\/div>\n\t\t\t\t<\/div>\n\t\t\t\t\t<\/div>\n\t\t<\/div>\n\t\t\t\t\t<\/div>\n\t\t<\/section>\n\t\t\t\t<section class=\"elementor-section elementor-top-section elementor-element elementor-element-20d7808 elementor-section-boxed elementor-section-height-default elementor-section-height-default\" data-id=\"20d7808\" data-element_type=\"section\" data-e-type=\"section\">\n\t\t\t\t\t\t<div class=\"elementor-container elementor-column-gap-default\">\n\t\t\t\t\t<div class=\"elementor-column elementor-col-25 elementor-top-column elementor-element elementor-element-1538ae1\" data-id=\"1538ae1\" data-element_type=\"column\" data-e-type=\"column\">\n\t\t\t<div class=\"elementor-widget-wrap elementor-element-populated\">\n\t\t\t\t\t\t<div class=\"elementor-element elementor-element-7551286 elementor-align-center elementor-widget elementor-widget-button\" data-id=\"7551286\" data-element_type=\"widget\" data-e-type=\"widget\" data-widget_type=\"button.default\">\n\t\t\t\t<div class=\"elementor-widget-container\">\n\t\t\t\t\t\t\t\t\t<div class=\"elementor-button-wrapper\">\n\t\t\t\t\t<a class=\"elementor-button elementor-button-link elementor-size-sm\" href=\"https:\/\/iedra.uned.es\/courses\/course-v1:UNED+Intro_PsycoLab_002+2025\/about\">\n\t\t\t\t\t\t<span class=\"elementor-button-content-wrapper\">\n\t\t\t\t\t\t\t\t\t<span class=\"elementor-button-text\"> Online. 25 horas<\/span>\n\t\t\t\t\t<\/span>\n\t\t\t\t\t<\/a>\n\t\t\t\t<\/div>\n\t\t\t\t\t\t\t\t<\/div>\n\t\t\t\t<\/div>\n\t\t\t\t\t<\/div>\n\t\t<\/div>\n\t\t\t\t<div class=\"elementor-column elementor-col-25 elementor-top-column elementor-element elementor-element-0c8bd36\" data-id=\"0c8bd36\" data-element_type=\"column\" data-e-type=\"column\">\n\t\t\t<div class=\"elementor-widget-wrap elementor-element-populated\">\n\t\t\t\t\t\t<div class=\"elementor-element elementor-element-2d79130 elementor-align-center elementor-widget elementor-widget-button\" data-id=\"2d79130\" data-element_type=\"widget\" data-e-type=\"widget\" data-widget_type=\"button.default\">\n\t\t\t\t<div class=\"elementor-widget-container\">\n\t\t\t\t\t\t\t\t\t<div class=\"elementor-button-wrapper\">\n\t\t\t\t\t<a class=\"elementor-button elementor-button-link elementor-size-sm\" href=\"https:\/\/extension.uned.es\/actividad\/idactividad\/38075\">\n\t\t\t\t\t\t<span class=\"elementor-button-content-wrapper\">\n\t\t\t\t\t\t\t\t\t<span class=\"elementor-button-text\"> Online. 50 horas<\/span>\n\t\t\t\t\t<\/span>\n\t\t\t\t\t<\/a>\n\t\t\t\t<\/div>\n\t\t\t\t\t\t\t\t<\/div>\n\t\t\t\t<\/div>\n\t\t\t\t\t<\/div>\n\t\t<\/div>\n\t\t\t\t<div class=\"elementor-column elementor-col-25 elementor-top-column elementor-element elementor-element-2c5e333\" data-id=\"2c5e333\" data-element_type=\"column\" data-e-type=\"column\">\n\t\t\t<div class=\"elementor-widget-wrap elementor-element-populated\">\n\t\t\t\t\t\t<div class=\"elementor-element elementor-element-e1bdd86 elementor-align-center elementor-widget elementor-widget-button\" data-id=\"e1bdd86\" data-element_type=\"widget\" data-e-type=\"widget\" data-widget_type=\"button.default\">\n\t\t\t\t<div class=\"elementor-widget-container\">\n\t\t\t\t\t\t\t\t\t<div class=\"elementor-button-wrapper\">\n\t\t\t\t\t<a class=\"elementor-button elementor-button-link elementor-size-sm\" href=\"https:\/\/extension.uned.es\/actividad\/idactividad\/37997\">\n\t\t\t\t\t\t<span class=\"elementor-button-content-wrapper\">\n\t\t\t\t\t\t\t\t\t<span class=\"elementor-button-text\"> Online. 50 horas<\/span>\n\t\t\t\t\t<\/span>\n\t\t\t\t\t<\/a>\n\t\t\t\t<\/div>\n\t\t\t\t\t\t\t\t<\/div>\n\t\t\t\t<\/div>\n\t\t\t\t\t<\/div>\n\t\t<\/div>\n\t\t\t\t<div class=\"elementor-column elementor-col-25 elementor-top-column elementor-element elementor-element-8262534\" data-id=\"8262534\" data-element_type=\"column\" data-e-type=\"column\">\n\t\t\t<div class=\"elementor-widget-wrap elementor-element-populated\">\n\t\t\t\t\t\t<div class=\"elementor-element elementor-element-4f0eeb8 elementor-align-center elementor-widget elementor-widget-button\" data-id=\"4f0eeb8\" data-element_type=\"widget\" data-e-type=\"widget\" data-widget_type=\"button.default\">\n\t\t\t\t<div class=\"elementor-widget-container\">\n\t\t\t\t\t\t\t\t\t<div class=\"elementor-button-wrapper\">\n\t\t\t\t\t<a class=\"elementor-button elementor-button-link elementor-size-sm\" href=\"https:\/\/extension.uned.es\/actividad\/idactividad\/38073\">\n\t\t\t\t\t\t<span class=\"elementor-button-content-wrapper\">\n\t\t\t\t\t\t\t\t\t<span class=\"elementor-button-text\"> Online. 50 horas<\/span>\n\t\t\t\t\t<\/span>\n\t\t\t\t\t<\/a>\n\t\t\t\t<\/div>\n\t\t\t\t\t\t\t\t<\/div>\n\t\t\t\t<\/div>\n\t\t\t\t\t<\/div>\n\t\t<\/div>\n\t\t\t\t\t<\/div>\n\t\t<\/section>\n\t\t\t\t<section class=\"elementor-section elementor-top-section elementor-element elementor-element-255fa1e elementor-section-boxed elementor-section-height-default elementor-section-height-default\" data-id=\"255fa1e\" data-element_type=\"section\" data-e-type=\"section\">\n\t\t\t\t\t\t<div class=\"elementor-container elementor-column-gap-default\">\n\t\t\t\t\t<div class=\"elementor-column elementor-col-100 elementor-top-column elementor-element elementor-element-d4d4414\" data-id=\"d4d4414\" data-element_type=\"column\" data-e-type=\"column\">\n\t\t\t<div class=\"elementor-widget-wrap elementor-element-populated\">\n\t\t\t\t\t\t<div class=\"elementor-element elementor-element-f581480 elementor-widget elementor-widget-image\" data-id=\"f581480\" data-element_type=\"widget\" data-e-type=\"widget\" data-widget_type=\"image.default\">\n\t\t\t\t<div class=\"elementor-widget-container\">\n\t\t\t\t\t\t\t\t\t\t\t\t\t\t\t\t<a href=\"https:\/\/canal.uned.es\/series\/66547afbfe98250042756643\" target=\"_blank\">\n\t\t\t\t\t\t\t<img loading=\"lazy\" decoding=\"async\" width=\"1272\" height=\"407\" src=\"https:\/\/blogs.uned.es\/gicuned\/wp-content\/uploads\/sites\/237\/2024\/07\/jornadas-3.png\" class=\"attachment-1536x1536 size-1536x1536 wp-image-6857\" alt=\"jornadas 3\" srcset=\"https:\/\/blogs.uned.es\/gicuned\/wp-content\/uploads\/sites\/237\/2024\/07\/jornadas-3.png 1272w, https:\/\/blogs.uned.es\/gicuned\/wp-content\/uploads\/sites\/237\/2024\/07\/jornadas-3-300x96.png 300w, https:\/\/blogs.uned.es\/gicuned\/wp-content\/uploads\/sites\/237\/2024\/07\/jornadas-3-1024x328.png 1024w, https:\/\/blogs.uned.es\/gicuned\/wp-content\/uploads\/sites\/237\/2024\/07\/jornadas-3-768x246.png 768w\" sizes=\"(max-width: 1272px) 100vw, 1272px\" \/>\t\t\t\t\t\t\t\t<\/a>\n\t\t\t\t\t\t\t\t\t\t\t\t\t\t\t<\/div>\n\t\t\t\t<\/div>\n\t\t\t\t\t<\/div>\n\t\t<\/div>\n\t\t\t\t\t<\/div>\n\t\t<\/section>\n\t\t\t\t<\/div>\n\t\t","protected":false},"excerpt":{"rendered":"<p>Curso Gratuito Cursos de Especializaci\u00f3n Introducci\u00f3n al uso del PsychLab Prematr\u00edcula: PsychLab investigaci\u00f3n: Uso de la Teor\u00eda de Redes en el modelado de procesos psicol\u00f3gicos Prematr\u00edcula: Utilizaci\u00f3n del PsychLab en psicoterapia PsychLab en procesos de cambio psicol\u00f3gico Online. 25 horas Online. 50 horas Online. 50 horas Online. 50 horas<\/p>\n","protected":false},"author":7813,"featured_media":0,"parent":3857,"menu_order":0,"comment_status":"closed","ping_status":"closed","template":"","meta":{"_seopress_robots_primary_cat":"","_seopress_titles_title":"","_seopress_titles_desc":"","_seopress_robots_index":"","_bbp_topic_count":0,"_bbp_reply_count":0,"_bbp_total_topic_count":0,"_bbp_total_reply_count":0,"_bbp_voice_count":0,"_bbp_anonymous_reply_count":0,"_bbp_topic_count_hidden":0,"_bbp_reply_count_hidden":0,"_bbp_forum_subforum_count":0,"footnotes":""},"class_list":["post-6245","page","type-page","status-publish"],"_links":{"self":[{"href":"https:\/\/blogs.uned.es\/gicuned\/wp-json\/wp\/v2\/pages\/6245","targetHints":{"allow":["GET"]}}],"collection":[{"href":"https:\/\/blogs.uned.es\/gicuned\/wp-json\/wp\/v2\/pages"}],"about":[{"href":"https:\/\/blogs.uned.es\/gicuned\/wp-json\/wp\/v2\/types\/page"}],"author":[{"embeddable":true,"href":"https:\/\/blogs.uned.es\/gicuned\/wp-json\/wp\/v2\/users\/7813"}],"replies":[{"embeddable":true,"href":"https:\/\/blogs.uned.es\/gicuned\/wp-json\/wp\/v2\/comments?post=6245"}],"version-history":[{"count":57,"href":"https:\/\/blogs.uned.es\/gicuned\/wp-json\/wp\/v2\/pages\/6245\/revisions"}],"predecessor-version":[{"id":7193,"href":"https:\/\/blogs.uned.es\/gicuned\/wp-json\/wp\/v2\/pages\/6245\/revisions\/7193"}],"up":[{"embeddable":true,"href":"https:\/\/blogs.uned.es\/gicuned\/wp-json\/wp\/v2\/pages\/3857"}],"wp:attachment":[{"href":"https:\/\/blogs.uned.es\/gicuned\/wp-json\/wp\/v2\/media?parent=6245"}],"curies":[{"name":"wp","href":"https:\/\/api.w.org\/{rel}","templated":true}]}}