{"id":3079,"date":"2023-01-17T08:48:56","date_gmt":"2023-01-17T07:48:56","guid":{"rendered":"https:\/\/blogs.uned.es\/gicuned\/?page_id=3079"},"modified":"2024-01-17T23:31:08","modified_gmt":"2024-01-17T22:31:08","slug":"mapfre","status":"publish","type":"page","link":"https:\/\/blogs.uned.es\/gicuned\/mapfre\/","title":{"rendered":"<!--mapfre-->"},"content":{"rendered":"\t\t<div data-elementor-type=\"wp-page\" data-elementor-id=\"3079\" class=\"elementor elementor-3079\">\n\t\t\t\t\t\t<section class=\"elementor-section elementor-top-section elementor-element elementor-element-5a5cbc0 elementor-section-boxed elementor-section-height-default elementor-section-height-default\" data-id=\"5a5cbc0\" data-element_type=\"section\" data-e-type=\"section\">\n\t\t\t\t\t\t<div class=\"elementor-container elementor-column-gap-default\">\n\t\t\t\t\t<div class=\"elementor-column elementor-col-100 elementor-top-column elementor-element elementor-element-2ee979d\" data-id=\"2ee979d\" data-element_type=\"column\" data-e-type=\"column\">\n\t\t\t<div class=\"elementor-widget-wrap elementor-element-populated\">\n\t\t\t\t\t\t<div class=\"elementor-element elementor-element-2bfb56c elementor-widget elementor-widget-text-editor\" data-id=\"2bfb56c\" data-element_type=\"widget\" data-e-type=\"widget\" data-widget_type=\"text-editor.default\">\n\t\t\t\t<div class=\"elementor-widget-container\">\n\t\t\t\t\t\t\t\t\t<h3 class=\"elementor-heading-title elementor-size-default elementor-inline-editing pen\" data-elementor-setting-key=\"title\" data-pen-placeholder=\"Teclea aqu\u00ed...\"><span style=\"color: #00ccff\">Mejora de estrategias para la adquisici\u00f3n de H\u00e1bitos Saludables. Identificaci\u00f3n personalizada de trabas psicol\u00f3gicas que dificultan su logro a trav\u00e9s de herramienta inform\u00e1tica de Software libre<\/span><\/h3>\t\t\t\t\t\t\t\t<\/div>\n\t\t\t\t<\/div>\n\t\t\t\t\t<\/div>\n\t\t<\/div>\n\t\t\t\t\t<\/div>\n\t\t<\/section>\n\t\t\t\t<section class=\"elementor-section elementor-top-section elementor-element elementor-element-8c5a38d elementor-section-boxed elementor-section-height-default elementor-section-height-default\" data-id=\"8c5a38d\" data-element_type=\"section\" data-e-type=\"section\">\n\t\t\t\t\t\t<div class=\"elementor-container elementor-column-gap-default\">\n\t\t\t\t\t<div class=\"elementor-column elementor-col-33 elementor-top-column elementor-element elementor-element-786bd1e\" data-id=\"786bd1e\" data-element_type=\"column\" data-e-type=\"column\">\n\t\t\t<div class=\"elementor-widget-wrap elementor-element-populated\">\n\t\t\t\t\t\t<div class=\"elementor-element elementor-element-8588f04 elementor-widget elementor-widget-image\" data-id=\"8588f04\" data-element_type=\"widget\" data-e-type=\"widget\" data-widget_type=\"image.default\">\n\t\t\t\t<div class=\"elementor-widget-container\">\n\t\t\t\t\t\t\t\t\t\t\t\t\t\t\t<img fetchpriority=\"high\" decoding=\"async\" width=\"600\" height=\"400\" src=\"https:\/\/blogs.uned.es\/gicuned\/wp-content\/uploads\/sites\/237\/2023\/01\/software.jpg\" class=\"attachment-large size-large wp-image-3093\" alt=\"\" srcset=\"https:\/\/blogs.uned.es\/gicuned\/wp-content\/uploads\/sites\/237\/2023\/01\/software.jpg 600w, https:\/\/blogs.uned.es\/gicuned\/wp-content\/uploads\/sites\/237\/2023\/01\/software-300x200.jpg 300w\" sizes=\"(max-width: 600px) 100vw, 600px\" \/>\t\t\t\t\t\t\t\t\t\t\t\t\t\t\t<\/div>\n\t\t\t\t<\/div>\n\t\t\t\t\t<\/div>\n\t\t<\/div>\n\t\t\t\t<div class=\"elementor-column elementor-col-66 elementor-top-column elementor-element elementor-element-19a2850\" data-id=\"19a2850\" data-element_type=\"column\" data-e-type=\"column\">\n\t\t\t<div class=\"elementor-widget-wrap elementor-element-populated\">\n\t\t\t\t\t\t<div class=\"elementor-element elementor-element-7154bd7 elementor-widget elementor-widget-text-editor\" data-id=\"7154bd7\" data-element_type=\"widget\" data-e-type=\"widget\" data-widget_type=\"text-editor.default\">\n\t\t\t\t<div class=\"elementor-widget-container\">\n\t\t\t\t\t\t\t\t\t<p><strong>Proyecto financiado<\/strong>: Fundaci\u00f3n Mapfre (Convocatoria de ayudas a la investigaci\u00f3n 2022 Ignacio H. de Larramendi)<\/p>\t\t\t\t\t\t\t\t<\/div>\n\t\t\t\t<\/div>\n\t\t\t\t<section class=\"elementor-section elementor-inner-section elementor-element elementor-element-a4eb9eb elementor-section-boxed elementor-section-height-default elementor-section-height-default\" data-id=\"a4eb9eb\" data-element_type=\"section\" data-e-type=\"section\">\n\t\t\t\t\t\t<div class=\"elementor-container elementor-column-gap-default\">\n\t\t\t\t\t<div class=\"elementor-column elementor-col-100 elementor-inner-column elementor-element elementor-element-f7b514b\" data-id=\"f7b514b\" data-element_type=\"column\" data-e-type=\"column\">\n\t\t\t<div class=\"elementor-widget-wrap elementor-element-populated\">\n\t\t\t\t\t\t<div class=\"elementor-element elementor-element-a41af08 elementor-widget elementor-widget-text-editor\" data-id=\"a41af08\" data-element_type=\"widget\" data-e-type=\"widget\" data-widget_type=\"text-editor.default\">\n\t\t\t\t<div class=\"elementor-widget-container\">\n\t\t\t\t\t\t\t\t\t<p>Este proyecto pretende identificar variables psicol\u00f3gicas y conflictos cognitivos que facilitan o dificultan la adquisici\u00f3n y mantenimiento de La adquisici\u00f3n o cambio de h\u00e1bitos no es una tarea f\u00e1cil. M\u00e1s del 80% de personas que se proponen incorporar h\u00e1bitos saludables en su vida fracasan. Este proyecto persigue el desarrollo de una herramienta inform\u00e1tica que ayude a las personas que pretenden incorporar h\u00e1bitos saludables en su vida y\/o a los profesionales que les apoyan, a identificar las trabas psicol\u00f3gicas que potencialmente puedan dificultar el proceso. Sirvi\u00e9ndonos de la exploraci\u00f3n del sistema de significados personales del sujeto y la teor\u00eda de grafos, el programa generar\u00e1 un Mapa Cognitivo con relaci\u00f3n a h\u00e1bitos de prevenci\u00f3n de la obesidad, fomento de la actividad f\u00edsica y bienestar emocional, en el que se identificar\u00e1 el grado de dificultad para alcanzar esos objetivos y los distintos escenarios de cambio conductual, con intervenciones concretas que mejoren el porcentaje de logro.<\/p>\t\t\t\t\t\t\t\t<\/div>\n\t\t\t\t<\/div>\n\t\t\t\t\t<\/div>\n\t\t<\/div>\n\t\t\t\t\t<\/div>\n\t\t<\/section>\n\t\t\t\t\t<\/div>\n\t\t<\/div>\n\t\t\t\t\t<\/div>\n\t\t<\/section>\n\t\t\t\t<section class=\"elementor-section elementor-top-section elementor-element elementor-element-1aa15d0 elementor-section-boxed elementor-section-height-default elementor-section-height-default\" data-id=\"1aa15d0\" data-element_type=\"section\" data-e-type=\"section\">\n\t\t\t\t\t\t<div class=\"elementor-container elementor-column-gap-default\">\n\t\t\t\t\t<div class=\"elementor-column elementor-col-100 elementor-top-column elementor-element elementor-element-83141e5\" data-id=\"83141e5\" data-element_type=\"column\" data-e-type=\"column\">\n\t\t\t<div class=\"elementor-widget-wrap elementor-element-populated\">\n\t\t\t\t\t\t<div class=\"elementor-element elementor-element-36eac95 elementor-widget elementor-widget-text-editor\" data-id=\"36eac95\" data-element_type=\"widget\" data-e-type=\"widget\" data-widget_type=\"text-editor.default\">\n\t\t\t\t<div class=\"elementor-widget-container\">\n\t\t\t\t\t\t\t\t\t<ul><li style=\"font-size: 12pt;font-family: Calibri, sans-serif;font-weight: 400\"><span style=\"font-weight: bold\"><span lang=\"ES-TRAD\" style=\"font-size: 13pt;font-family: AppleSystemUIFont\">IP: <\/span><\/span><span lang=\"ES-TRAD\" style=\"font-size: 13pt;font-family: AppleSystemUIFont\">Luis \u00c1ngel Sa\u00fal<\/span><\/li><li style=\"font-size: 12pt;font-family: Calibri, sans-serif;font-weight: 400\"><span style=\"font-weight: bold\"><span lang=\"ES-TRAD\" style=\"font-size: 13pt;font-family: AppleSystemUIFont\">Importe <\/span><\/span><span style=\"font-weight: bold;font-size: 12pt\"><span lang=\"ES-TRAD\" style=\"font-size: 13pt;font-family: AppleSystemUIFont\">Concedido:<\/span><\/span><span lang=\"ES-TRAD\" style=\"font-size: 13pt;font-family: AppleSystemUIFont\">\u00a030.000\u20ac<\/span><\/li><li style=\"font-size: 12pt;font-family: Calibri, sans-serif;font-weight: 400\"><span style=\"font-weight: bold\"><span lang=\"ES-TRAD\" style=\"font-size: 13pt;font-family: AppleSystemUIFont\">Entidad Financiadora:<\/span><\/span><span lang=\"ES-TRAD\" style=\"font-size: 13pt;font-family: AppleSystemUIFont\"> Fundaci\u00f3n Mapfre<\/span><\/li><li style=\"font-size: 12pt;font-family: Calibri, sans-serif;font-weight: 400\"><span style=\"font-weight: bold\"><span lang=\"ES-TRAD\" style=\"font-size: 13pt;font-family: AppleSystemUIFont\">Convocatoria:<\/span><\/span><span lang=\"ES-TRAD\" style=\"font-size: 13pt;font-family: AppleSystemUIFont\"> Convocatoria de ayudas a la investigaci\u00f3n 2022 Ignacio H. de Larramendi<\/span><\/li><li style=\"font-size: 12pt;font-family: Calibri, sans-serif;font-weight: 400\"><span style=\"font-weight: bold\"><span lang=\"EN-US\" style=\"font-size: 13pt;font-family: AppleSystemUIFont\">Fecha inicio:<\/span><\/span><span lang=\"EN-US\" style=\"font-size: 13pt;font-family: AppleSystemUIFont\"> 01\/01\/2023<\/span><\/li><li class=\"elementor-heading-title elementor-size-default elementor-inline-editing pen\" data-elementor-setting-key=\"title\" data-pen-placeholder=\"Teclea aqu\u00ed...\"><strong><span style=\"font-family: Calibri, sans-serif;font-size: 12pt\"><span lang=\"EN-US\" style=\"font-size: 13pt;font-family: AppleSystemUIFont\">Fecha fin:<\/span><\/span><\/strong><span lang=\"EN-US\" style=\"font-weight: 400;font-size: 13pt;font-family: AppleSystemUIFont\"> 31\/12\/2023<\/span><\/li><\/ul>\t\t\t\t\t\t\t\t<\/div>\n\t\t\t\t<\/div>\n\t\t\t\t\t<\/div>\n\t\t<\/div>\n\t\t\t\t\t<\/div>\n\t\t<\/section>\n\t\t\t\t<\/div>\n\t\t","protected":false},"excerpt":{"rendered":"<p>Mejora de estrategias para la adquisici\u00f3n de H\u00e1bitos Saludables. Identificaci\u00f3n personalizada de trabas psicol\u00f3gicas que dificultan su logro a trav\u00e9s de herramienta inform\u00e1tica de Software libre Proyecto financiado: Fundaci\u00f3n Mapfre (Convocatoria de ayudas a la investigaci\u00f3n 2022 Ignacio H. de Larramendi) Este proyecto pretende identificar variables psicol\u00f3gicas y conflictos cognitivos que facilitan o dificultan la adquisici\u00f3n y mantenimiento de La adquisici\u00f3n o cambio de h\u00e1bitos no es una tarea f\u00e1cil. M\u00e1s del 80% de personas que se proponen incorporar h\u00e1bitos saludables en su vida fracasan. Este proyecto persigue el desarrollo de una herramienta inform\u00e1tica que ayude a las personas que pretenden incorporar h\u00e1bitos saludables en su vida y\/o a los profesionales que les apoyan, a identificar las trabas psicol\u00f3gicas que potencialmente puedan dificultar el proceso. Sirvi\u00e9ndonos de la exploraci\u00f3n del sistema de significados personales del sujeto y la teor\u00eda de grafos, el programa generar\u00e1 un Mapa Cognitivo con relaci\u00f3n a&hellip;<\/p>\n<p> <a class=\"more-link\" href=\"https:\/\/blogs.uned.es\/gicuned\/mapfre\/\">Leer m\u00e1s<\/a><\/p>\n","protected":false},"author":7313,"featured_media":0,"parent":0,"menu_order":0,"comment_status":"closed","ping_status":"closed","template":"","meta":{"_seopress_robots_primary_cat":"","_seopress_titles_title":"Estrategias Innovadoras para H\u00e1bitos Saludables %%sep%% Proyecto de la UNED Financiado por Mapfre","_seopress_titles_desc":"Descubre nuestro proyecto financiado por Mapfre en la UNED, que busca identificar barreras psicol\u00f3gicas y mejorar estrategias para adoptar h\u00e1bitos saludables mediante herramientas avanzadas de mapeo cognitivo.","_seopress_robots_index":"","_bbp_topic_count":0,"_bbp_reply_count":0,"_bbp_total_topic_count":0,"_bbp_total_reply_count":0,"_bbp_voice_count":0,"_bbp_anonymous_reply_count":0,"_bbp_topic_count_hidden":0,"_bbp_reply_count_hidden":0,"_bbp_forum_subforum_count":0,"footnotes":""},"class_list":["post-3079","page","type-page","status-publish"],"_links":{"self":[{"href":"https:\/\/blogs.uned.es\/gicuned\/wp-json\/wp\/v2\/pages\/3079","targetHints":{"allow":["GET"]}}],"collection":[{"href":"https:\/\/blogs.uned.es\/gicuned\/wp-json\/wp\/v2\/pages"}],"about":[{"href":"https:\/\/blogs.uned.es\/gicuned\/wp-json\/wp\/v2\/types\/page"}],"author":[{"embeddable":true,"href":"https:\/\/blogs.uned.es\/gicuned\/wp-json\/wp\/v2\/users\/7313"}],"replies":[{"embeddable":true,"href":"https:\/\/blogs.uned.es\/gicuned\/wp-json\/wp\/v2\/comments?post=3079"}],"version-history":[{"count":14,"href":"https:\/\/blogs.uned.es\/gicuned\/wp-json\/wp\/v2\/pages\/3079\/revisions"}],"predecessor-version":[{"id":3527,"href":"https:\/\/blogs.uned.es\/gicuned\/wp-json\/wp\/v2\/pages\/3079\/revisions\/3527"}],"wp:attachment":[{"href":"https:\/\/blogs.uned.es\/gicuned\/wp-json\/wp\/v2\/media?parent=3079"}],"curies":[{"name":"wp","href":"https:\/\/api.w.org\/{rel}","templated":true}]}}