{"id":2433,"date":"2021-12-28T12:36:32","date_gmt":"2021-12-28T11:36:32","guid":{"rendered":"https:\/\/blogs.uned.es\/gicuned\/?page_id=2433"},"modified":"2024-01-17T23:48:22","modified_gmt":"2024-01-17T22:48:22","slug":"univ","status":"publish","type":"page","link":"https:\/\/blogs.uned.es\/gicuned\/univ\/","title":{"rendered":"<!--Proy-univ-->"},"content":{"rendered":"\t\t<div data-elementor-type=\"wp-page\" data-elementor-id=\"2433\" class=\"elementor elementor-2433\">\n\t\t\t\t\t\t<section class=\"elementor-section elementor-top-section elementor-element elementor-element-5a5cbc0 elementor-section-boxed elementor-section-height-default elementor-section-height-default\" data-id=\"5a5cbc0\" data-element_type=\"section\" data-e-type=\"section\">\n\t\t\t\t\t\t<div class=\"elementor-container elementor-column-gap-default\">\n\t\t\t\t\t<div class=\"elementor-column elementor-col-100 elementor-top-column elementor-element elementor-element-2ee979d\" data-id=\"2ee979d\" data-element_type=\"column\" data-e-type=\"column\">\n\t\t\t<div class=\"elementor-widget-wrap elementor-element-populated\">\n\t\t\t\t\t\t<div class=\"elementor-element elementor-element-2bfb56c elementor-widget elementor-widget-text-editor\" data-id=\"2bfb56c\" data-element_type=\"widget\" data-e-type=\"widget\" data-widget_type=\"text-editor.default\">\n\t\t\t\t<div class=\"elementor-widget-container\">\n\t\t\t\t\t\t\t\t\t<h3 class=\"elementor-heading-title elementor-size-default elementor-inline-editing pen\" data-elementor-setting-key=\"title\" data-pen-placeholder=\"Teclea aqu\u00ed...\"><span style=\"color: #00ccff\"><strong>Pr\u00e1cticas de Promoci\u00f3n de la Salud en estudiantes universitarios. Proyecto internacional<\/strong><\/span><\/h3>\t\t\t\t\t\t\t\t<\/div>\n\t\t\t\t<\/div>\n\t\t\t\t\t<\/div>\n\t\t<\/div>\n\t\t\t\t\t<\/div>\n\t\t<\/section>\n\t\t\t\t<section class=\"elementor-section elementor-top-section elementor-element elementor-element-8c5a38d elementor-section-boxed elementor-section-height-default elementor-section-height-default\" data-id=\"8c5a38d\" data-element_type=\"section\" data-e-type=\"section\">\n\t\t\t\t\t\t<div class=\"elementor-container elementor-column-gap-default\">\n\t\t\t\t\t<div class=\"elementor-column elementor-col-33 elementor-top-column elementor-element elementor-element-786bd1e\" data-id=\"786bd1e\" data-element_type=\"column\" data-e-type=\"column\">\n\t\t\t<div class=\"elementor-widget-wrap elementor-element-populated\">\n\t\t\t\t\t\t<div class=\"elementor-element elementor-element-8588f04 elementor-widget elementor-widget-image\" data-id=\"8588f04\" data-element_type=\"widget\" data-e-type=\"widget\" data-widget_type=\"image.default\">\n\t\t\t\t<div class=\"elementor-widget-container\">\n\t\t\t\t\t\t\t\t\t\t\t\t\t\t\t<img fetchpriority=\"high\" decoding=\"async\" width=\"800\" height=\"402\" src=\"https:\/\/blogs.uned.es\/gicuned\/wp-content\/uploads\/sites\/237\/2020\/12\/ha\u0301bitos-saludables.jpg\" class=\"attachment-large size-large wp-image-1105\" alt=\"\" srcset=\"https:\/\/blogs.uned.es\/gicuned\/wp-content\/uploads\/sites\/237\/2020\/12\/ha\u0301bitos-saludables.jpg 881w, https:\/\/blogs.uned.es\/gicuned\/wp-content\/uploads\/sites\/237\/2020\/12\/ha\u0301bitos-saludables-300x151.jpg 300w, https:\/\/blogs.uned.es\/gicuned\/wp-content\/uploads\/sites\/237\/2020\/12\/ha\u0301bitos-saludables-768x386.jpg 768w\" sizes=\"(max-width: 800px) 100vw, 800px\" \/>\t\t\t\t\t\t\t\t\t\t\t\t\t\t\t<\/div>\n\t\t\t\t<\/div>\n\t\t\t\t\t<\/div>\n\t\t<\/div>\n\t\t\t\t<div class=\"elementor-column elementor-col-66 elementor-top-column elementor-element elementor-element-19a2850\" data-id=\"19a2850\" data-element_type=\"column\" data-e-type=\"column\">\n\t\t\t<div class=\"elementor-widget-wrap elementor-element-populated\">\n\t\t\t\t\t\t<div class=\"elementor-element elementor-element-7154bd7 elementor-widget elementor-widget-text-editor\" data-id=\"7154bd7\" data-element_type=\"widget\" data-e-type=\"widget\" data-widget_type=\"text-editor.default\">\n\t\t\t\t<div class=\"elementor-widget-container\">\n\t\t\t\t\t\t\t\t\t<p><strong>Proyecto financiado<\/strong>: Plan de Fortalecimiento Institucional, Cooperaci\u00f3n al Desarrollo y ODS 2021 de la UNED<\/p>\t\t\t\t\t\t\t\t<\/div>\n\t\t\t\t<\/div>\n\t\t\t\t<section class=\"elementor-section elementor-inner-section elementor-element elementor-element-a4eb9eb elementor-section-boxed elementor-section-height-default elementor-section-height-default\" data-id=\"a4eb9eb\" data-element_type=\"section\" data-e-type=\"section\">\n\t\t\t\t\t\t<div class=\"elementor-container elementor-column-gap-default\">\n\t\t\t\t\t<div class=\"elementor-column elementor-col-100 elementor-inner-column elementor-element elementor-element-f7b514b\" data-id=\"f7b514b\" data-element_type=\"column\" data-e-type=\"column\">\n\t\t\t<div class=\"elementor-widget-wrap elementor-element-populated\">\n\t\t\t\t\t\t<div class=\"elementor-element elementor-element-a41af08 elementor-widget elementor-widget-text-editor\" data-id=\"a41af08\" data-element_type=\"widget\" data-e-type=\"widget\" data-widget_type=\"text-editor.default\">\n\t\t\t\t<div class=\"elementor-widget-container\">\n\t\t\t\t\t\t\t\t\t<p>Este proyecto pretende desarrollar y poner en pr\u00e1ctica actuaciones en promoci\u00f3n de la salud, con el objetivo de facilitar y acompa\u00f1ar a los estudiantes universitarios en la incorporaci\u00f3n de pr\u00e1cticas saludables en sus vidas. Para ello vamos a contar con la colaboraci\u00f3n internacional de cinco universidades, en cuatro pa\u00edses: la UNED (Espa\u00f1a), la Universidade do Minho (Portugal), la Universidad Aut\u00f3noma del Estado de M\u00e9xico (M\u00e9xico) y las universidades Adolfo Ib\u00e1\u00f1ez\u00a0 y Tarapac\u00e1 (Chile). A trav\u00e9s de campa\u00f1as de promoci\u00f3n de la salud en estas universidades, se pretende llegar a su poblaci\u00f3n universitaria. Se ofrecer\u00e1 el seguimiento personalizado a estudiantes, a los que se les har\u00e1 un seguimiento durante 3 meses. A estos voluntarios se les monitorizar\u00e1 durante ese tiempo en la evoluci\u00f3n de su deseo de reducir su ingesta alimentaria y el incremento de su actividad f\u00edsica, a trav\u00e9s de los consejos emanados del documento de la OMS (2004).<\/p><p>Los resultados de este estudio pretenden ayudar a las autoridades universitarias, y a sus profesionales sanitarios a dise\u00f1ar protocolos de pr\u00e1cticas saludables y dise\u00f1ar programas de intervenciones m\u00e1s eficaces y personalizados, que redunden en un mayor \u00e9xito a la hora de establecer campa\u00f1as de promoci\u00f3n de la salud entre sus estudiantes. Esta propuesta inicial nos servir\u00e1 para desarrollar y probar herramientas de comunicaci\u00f3n e intervenci\u00f3n que puedan aplicarse a grandes grupos y en campa\u00f1as masivas de promoci\u00f3n de la salud, utilizando las potencialidades de las Tecnolog\u00edas de la Informaci\u00f3n y la Comunicaci\u00f3n (TIC).<\/p>\t\t\t\t\t\t\t\t<\/div>\n\t\t\t\t<\/div>\n\t\t\t\t\t<\/div>\n\t\t<\/div>\n\t\t\t\t\t<\/div>\n\t\t<\/section>\n\t\t\t\t\t<\/div>\n\t\t<\/div>\n\t\t\t\t\t<\/div>\n\t\t<\/section>\n\t\t\t\t<section class=\"elementor-section elementor-top-section elementor-element elementor-element-c5da385 elementor-section-boxed elementor-section-height-default elementor-section-height-default\" data-id=\"c5da385\" data-element_type=\"section\" data-e-type=\"section\">\n\t\t\t\t\t\t<div class=\"elementor-container elementor-column-gap-default\">\n\t\t\t\t\t<div class=\"elementor-column elementor-col-100 elementor-top-column elementor-element elementor-element-6832ceb\" data-id=\"6832ceb\" data-element_type=\"column\" data-e-type=\"column\">\n\t\t\t<div class=\"elementor-widget-wrap elementor-element-populated\">\n\t\t\t\t\t\t<div class=\"elementor-element elementor-element-7c6e90f elementor-widget elementor-widget-text-editor\" data-id=\"7c6e90f\" data-element_type=\"widget\" data-e-type=\"widget\" data-widget_type=\"text-editor.default\">\n\t\t\t\t<div class=\"elementor-widget-container\">\n\t\t\t\t\t\t\t\t\t<ul>\n<li><strong>Importe Concedido:<\/strong> 4.000\u20ac<\/li>\n<li><strong>Entidad Financiadora:<\/strong> proyecto financiado a trav\u00e9s del Plan de Fortalecimiento Institucional, Cooperaci\u00f3n al Desarrollo y ODS 2021 de la UNED<\/li>\n<li><strong>Convocatoria:<\/strong> Ayudas para la realizaci\u00f3n de proyectos Europa+<\/li>\n<li><strong>Referencia de la solicitud: <\/strong>2022-COO-0004<\/li>\n<li><strong>Fecha inicio:<\/strong> 01\/01\/2022<\/li>\n<li><strong>Fecha fin:<\/strong> 31\/12\/2023<\/li>\n<\/ul>\t\t\t\t\t\t\t\t<\/div>\n\t\t\t\t<\/div>\n\t\t\t\t\t<\/div>\n\t\t<\/div>\n\t\t\t\t\t<\/div>\n\t\t<\/section>\n\t\t\t\t<\/div>\n\t\t","protected":false},"excerpt":{"rendered":"<p>Pr\u00e1cticas de Promoci\u00f3n de la Salud en estudiantes universitarios. Proyecto internacional Proyecto financiado: Plan de Fortalecimiento Institucional, Cooperaci\u00f3n al Desarrollo y ODS 2021 de la UNED Este proyecto pretende desarrollar y poner en pr\u00e1ctica actuaciones en promoci\u00f3n de la salud, con el objetivo de facilitar y acompa\u00f1ar a los estudiantes universitarios en la incorporaci\u00f3n de pr\u00e1cticas saludables en sus vidas. Para ello vamos a contar con la colaboraci\u00f3n internacional de cinco universidades, en cuatro pa\u00edses: la UNED (Espa\u00f1a), la Universidade do Minho (Portugal), la Universidad Aut\u00f3noma del Estado de M\u00e9xico (M\u00e9xico) y las universidades Adolfo Ib\u00e1\u00f1ez\u00a0 y Tarapac\u00e1 (Chile). A trav\u00e9s de campa\u00f1as de promoci\u00f3n de la salud en estas universidades, se pretende llegar a su poblaci\u00f3n universitaria. Se ofrecer\u00e1 el seguimiento personalizado a estudiantes, a los que se les har\u00e1 un seguimiento durante 3 meses. A estos voluntarios se les monitorizar\u00e1 durante ese tiempo en la evoluci\u00f3n de su&hellip;<\/p>\n<p> <a class=\"more-link\" href=\"https:\/\/blogs.uned.es\/gicuned\/univ\/\">Leer m\u00e1s<\/a><\/p>\n","protected":false},"author":7313,"featured_media":0,"parent":0,"menu_order":0,"comment_status":"closed","ping_status":"closed","template":"","meta":{"_seopress_robots_primary_cat":"","_seopress_titles_title":"Promoci\u00f3n de la Salud Estudiantil %%sep%% Colaboraci\u00f3n Internacional e Iniciativas de Bienestar en GICUNED","_seopress_titles_desc":"Explora los proyectos internacionales de GICUNED en la UNED, dedicados a la promoci\u00f3n de la salud estudiantil. Colaboraciones globales para programas de bienestar personalizado, aprovechando las tecnolog\u00edas de informaci\u00f3n y comunicaci\u00f3n para mejorar la vida estudiantil.","_seopress_robots_index":"","_bbp_topic_count":0,"_bbp_reply_count":0,"_bbp_total_topic_count":0,"_bbp_total_reply_count":0,"_bbp_voice_count":0,"_bbp_anonymous_reply_count":0,"_bbp_topic_count_hidden":0,"_bbp_reply_count_hidden":0,"_bbp_forum_subforum_count":0,"footnotes":""},"class_list":["post-2433","page","type-page","status-publish"],"_links":{"self":[{"href":"https:\/\/blogs.uned.es\/gicuned\/wp-json\/wp\/v2\/pages\/2433","targetHints":{"allow":["GET"]}}],"collection":[{"href":"https:\/\/blogs.uned.es\/gicuned\/wp-json\/wp\/v2\/pages"}],"about":[{"href":"https:\/\/blogs.uned.es\/gicuned\/wp-json\/wp\/v2\/types\/page"}],"author":[{"embeddable":true,"href":"https:\/\/blogs.uned.es\/gicuned\/wp-json\/wp\/v2\/users\/7313"}],"replies":[{"embeddable":true,"href":"https:\/\/blogs.uned.es\/gicuned\/wp-json\/wp\/v2\/comments?post=2433"}],"version-history":[{"count":10,"href":"https:\/\/blogs.uned.es\/gicuned\/wp-json\/wp\/v2\/pages\/2433\/revisions"}],"predecessor-version":[{"id":3137,"href":"https:\/\/blogs.uned.es\/gicuned\/wp-json\/wp\/v2\/pages\/2433\/revisions\/3137"}],"wp:attachment":[{"href":"https:\/\/blogs.uned.es\/gicuned\/wp-json\/wp\/v2\/media?parent=2433"}],"curies":[{"name":"wp","href":"https:\/\/api.w.org\/{rel}","templated":true}]}}