{"id":1061,"date":"2020-12-27T09:24:23","date_gmt":"2020-12-27T08:24:23","guid":{"rendered":"http:\/\/blogs.uned.es\/gicuned\/?page_id=1061"},"modified":"2025-10-07T17:36:02","modified_gmt":"2025-10-07T15:36:02","slug":"articulos","status":"publish","type":"page","link":"https:\/\/blogs.uned.es\/gicuned\/articulos\/","title":{"rendered":"Art\u00edculos cient\u00edficos"},"content":{"rendered":"\t\t<div data-elementor-type=\"wp-page\" data-elementor-id=\"1061\" class=\"elementor elementor-1061\">\n\t\t\t\t\t\t<section class=\"elementor-section elementor-top-section elementor-element elementor-element-049e613 elementor-section-boxed elementor-section-height-default elementor-section-height-default\" data-id=\"049e613\" data-element_type=\"section\" data-e-type=\"section\">\n\t\t\t\t\t\t<div class=\"elementor-container elementor-column-gap-default\">\n\t\t\t\t\t<div class=\"elementor-column elementor-col-100 elementor-top-column elementor-element elementor-element-05671cd\" data-id=\"05671cd\" data-element_type=\"column\" data-e-type=\"column\">\n\t\t\t<div class=\"elementor-widget-wrap\">\n\t\t\t\t\t\t\t<\/div>\n\t\t<\/div>\n\t\t\t\t\t<\/div>\n\t\t<\/section>\n\t\t\t\t<section class=\"elementor-section elementor-top-section elementor-element elementor-element-9b51ee5 elementor-section-boxed elementor-section-height-default elementor-section-height-default\" data-id=\"9b51ee5\" data-element_type=\"section\" data-e-type=\"section\">\n\t\t\t\t\t\t<div class=\"elementor-container elementor-column-gap-default\">\n\t\t\t\t\t<div class=\"elementor-column elementor-col-100 elementor-top-column elementor-element elementor-element-3953e40\" data-id=\"3953e40\" data-element_type=\"column\" data-e-type=\"column\">\n\t\t\t<div class=\"elementor-widget-wrap elementor-element-populated\">\n\t\t\t\t\t\t<div class=\"elementor-element elementor-element-8413078 elementor-widget elementor-widget-text-editor\" data-id=\"8413078\" data-element_type=\"widget\" data-e-type=\"widget\" data-widget_type=\"text-editor.default\">\n\t\t\t\t<div class=\"elementor-widget-container\">\n\t\t\t\t\t\t\t\t\t<table border=\"0\" width=\"100%\" cellspacing=\"0\" cellpadding=\"0\">\n<tbody>\n<tr align=\"LEFT\">\n<td valign=\"top\" width=\"100%\">\n<table border=\"0\" width=\"100%\" cellspacing=\"0\" cellpadding=\"0\">\n<tbody>\n<tr>\n<td dir=\"LTR\" width=\"100%\">\n<div>\n<ul>\n<li>\n<p>Sanfeliciano, A., Sa\u00fal, L. A., Hurtado-Mart\u00ednez, C., &amp; Botella, L. (2025). PB Space: A Mathematical Framework for Modeling Presence and Implication Balance in Psychological Change Through Fuzzy Cognitive Maps. <em>Axioms<\/em>,<em> 9<\/em>(14), 650.&nbsp;<a href=\"https:\/\/doi.org\/https:\/\/doi.org\/10.3390\/axioms14090650%C2%A0\" target=\"_blank\" rel=\"noopener\">https:\/\/doi.org\/https:\/\/doi.org\/10.3390\/axioms14090650<\/a><\/p><\/li><li><p><a href=\"https:\/\/doi.org\/https:\/\/doi.org\/10.3390\/axioms14090650%C2%A0\" target=\"_blank\" rel=\"noopener\">&nbsp;<\/a>Sanfeliciano, A., Sa\u00fal, L. A., &amp; Botella, L. (2025). Weighted Implication Grid: A Graph\u2011Theoretical Approach to Modelling Psychological Change Construction. <em>Frontiers in Psychology<\/em>,<em> 16<\/em>. <a href=\"https:\/\/doi.org\/https:\/\/doi.org\/10.3389\/fpsyg.2025.1630920\" target=\"_blank\" rel=\"noopener\">https:\/\/doi.org\/https:\/\/doi.org\/10.3389\/fpsyg.2025.1630920<\/a><\/p><\/li><li><p>Herr\u00e1n-Alonso, J., Winter, D., Sanfeliciano, A., &amp; Sa\u00fal, L. \u00c1. (2025). Indicators of Event Integration in Repertory Grids and Ladders. <em>Journal of Constructivist Psychology<\/em>, 1-15. <a href=\"https:\/\/doi.org\/10.1080\/10720537.2025.2452944\" target=\"_blank\" rel=\"noopener\">https:\/\/doi.org\/10.1080\/10720537.2025.2452944<\/a><\/p>\n<\/li>\n<li>\n<p>Botella, L., &amp; Sa\u00fal, L. A. (2024). Explorando la formulaci\u00f3n de caso con mapas cognitivos borrosos: conceptos, m\u00e9todos y estudio de caso en primera y tercera persona. In \u00c1. T. Qui\u00f1ones Bergeret &amp; C. Caro Garc\u00eda (Eds.), <i>Formulaci\u00f3n de caso: hacia una psicoterapia de precisi\u00f3n<\/i> (pp. 477-520). UNED. <a href=\"https:\/\/portal.uned.es\/portal\/page?_pageid=93,23377989&amp;_dad=portal&amp;_schema=PORTAL&amp;IdArticulo=0103024CT01A01\" target=\"_blank\" rel=\"noopener\">https:\/\/portal.uned.es\/portal\/page?_pageid=93,23377989&amp;_dad=portal&amp;_schema=PORTAL&amp;IdArticulo=0103024CT01A01<\/a><\/p>\n<\/li>\n<li>\n<p>Botella Garc\u00eda del Cid, L. (2024, 2024). Procedimiento para la Conceptualizaci\u00f3n de Casos y Planificaci\u00f3n del Proceso Psicoterap\u00e9utico Mediante Mapas Cognitivos Borrosos del Sistema de Significados Personales de los Clientes [2C3P-MCB]. <i>Revista de Psicoterapia, 35<\/i>(128), 99\u2013109. <a href=\"https:\/\/doi.org\/https:\/\/doi.org\/10.5944\/rdp.v35i128.41435\" target=\"_blank\" rel=\"noopener\">https:\/\/doi.org\/https:\/\/doi.org\/10.5944\/rdp.v35i128.41435<\/a><\/p>\n<\/li>\n<li>\n<p>Sa\u00fal, L. A., Botella, L., &amp; Sanfeliciano, A. (2023). Utilizaci\u00f3n de Mapas Cognitivos Borrosos en Supervisi\u00f3n Cl\u00ednica en Psicoterapia. <i>Revista de Psicoterapia, 34<\/i>(126), 133\u2013148. <a href=\"https:\/\/doi.org\/https:\/\/doi.org\/10.5944\/rdp.v34i126.38710\" target=\"_blank\" rel=\"noopener\">https:\/\/doi.org\/https:\/\/doi.org\/10.5944\/rdp.v34i126.38710<\/a><\/p>\n<\/li>\n<li>Sa\u00fal, L. A., Sanfeliciano, A., Botella, L., Perea, R., &amp; Gonzalez-Puerto, J. A. (2022). Fuzzy Cognitive Maps as a Tool for Identifying Cognitive Conflicts That Hinder the Adoption of Healthy Habits. <i>International Journal of Environmental Research and Public Health, 19<\/i>(3). <a href=\"https:\/\/doi.org\/10.3390\/ijerph19031411\">https:\/\/doi.org\/10.3390\/ijerph19031411<\/a>&nbsp;<\/li>\n<li>Laso-Ort\u00edz, E., Sa\u00fal, L. A., &amp; Botella, L. (2023). Editorial: Exploring human subjectivity. <i>Frontiers in Psychology, 14<\/i>. <a href=\"https:\/\/doi.org\/https:\/\/doi.org\/10.3389\/fpsyg.2023.1146775\">https:\/\/doi.org\/https:\/\/doi.org\/10.3389\/fpsyg.2023.1146775<\/a>&nbsp;<\/li>\n<li>L\u00f3pez-Gonz\u00e1lez, M. A., Rodr\u00edguez-Cifuentes, Rubio-Garay, F., Amor-Hern\u00e1ndez, P., &amp; Sa\u00fal, L. A. (2023). <span style=\"font-family: inherit;font-size: inherit\">Characteristics of RCTs focusing on health promotion in community samples: a scoping review protocol based on the d-CoSPICO framework. <\/span><em><span style=\"font-family: inherit;font-size: inherit\">BMJ Open, <\/span><\/em><span style=\"font-family: inherit;font-size: inherit\"><em>13<\/em>:<\/span><span style=\"font-family: inherit;font-size: inherit\">e064769.&nbsp;<\/span><span style=\"color: var( --e-global-color-text );font-family: var( --e-global-typography-text-font-family ), Sans-serif\"><a href=\"https:\/\/doi.org\/10.1136\/bmjopen-2022-064769\">https:\/\/doi.org\/10.1136\/bmjopen-2022-064769<\/a><\/span><\/li>\n<li>Laso-Ort\u00edz, E., Sa\u00fal, L. A., &amp; Botella, L. (2023). Editorial: Exploring human subjectivity. <i>Frontiers in Psychology, 14<\/i>. <a href=\"https:\/\/doi.org\/https:\/\/doi.org\/10.3389\/fpsyg.2023.1146775\">https:\/\/doi.org\/https:\/\/doi.org\/10.3389\/fpsyg.2023.1146775<\/a>&nbsp;<\/li>\n<li>Sa\u00fal, L. A., Sanfeliciano, A., Botella, L., Perea, R., &amp; Gonzalez-Puerto, J. A. (2022). Fuzzy Cognitive Maps as a Tool for Identifying Cognitive Conflicts That Hinder the Adoption of Healthy Habits. <i>International Journal of Environmental Research and Public Health, 19<\/i>(3). <a href=\"https:\/\/doi.org\/10.3390\/ijerph19031411\" target=\"_blank\" rel=\"noopener\">https:\/\/doi.org\/10.3390\/ijerph19031411<\/a><\/li>\n<li>Botella, L., Barrado Mariscal, E., Sanfeliciano, A., &amp; Sa\u00fal, L. A. (2022). Formulaci\u00f3n de caso mediante Mapas Cognitivos Borrosos: Bases conceptuales y metodol\u00f3gicas y ejemplo de caso. <i>Revista de Psicoterapia, 33<\/i>(123), 79-110. <a href=\"https:\/\/doi.org\/10.33898\/rdp.v33i123.35946\">https:\/\/doi.org\/10.33898\/rdp.v33i123.35946<\/a>&nbsp;<\/li>\n<li>Botella Garc\u00eda del Cid, L. (2021). La Cartograf\u00eda de los Espacios Psicol\u00f3gicos: Aplicaciones Psicoterap\u00e9uticas de las Din\u00e1micas Sist\u00e9micas de Mapas Cognitivos Borrosos de Constructos Personales. <i>Revista De Psicoterapia<\/i>, <i>32<\/i>(118), 237\u2013252. <a href=\"https:\/\/doi.org\/10.33898\/rdp.v32i118.474\">https:\/\/doi.org\/10.33898\/rdp.v32i118.474<\/a><\/li>\n<li><span style=\"font-family: inherit;font-size: inherit\">Herr\u00e1n-Alonso, J., Sa\u00fal, L. A., Perea-Luque, J. R., &amp; L\u00f3pez-Gonz\u00e1lez, M. A. (2020). A Principal Components Analysis of Grid Differentiation Measures. <\/span><em style=\"font-family: inherit;font-size: inherit\">Journal of Constructivist Psychology<\/em><span style=\"font-family: inherit;font-size: inherit\">, 1-15. doi:<\/span><a style=\"font-family: inherit;font-size: inherit\" href=\"https:\/\/doi.org\/10.1080\/10720537.2020.1815111\" target=\"_blank\" rel=\"noopener\">https:\/\/doi.org\/10.1080\/10720537.2020.1815111<\/a><span style=\"font-family: inherit;font-size: inherit\">&nbsp;<\/span><\/li>\n<li>Gonz\u00e1lez Encinas, J., Sa\u00fal, L. A., &amp; Garc\u00eda Mart\u00ednez, J. (2019). Revisi\u00f3n de la autocaracterizaci\u00f3n: una t\u00e9cnica narrativa constructivista. [Review of Self-characterization: A Constructive Narrative Technique].&nbsp;<em>Acci\u00f3n Psicol\u00f3gica, 16<\/em>(1), 105-128. doi:<a title=\"https:\/\/doi.org\/10.5944\/ap.16.1.22192\" href=\"https:\/\/doi.org\/10.5944\/ap.16.1.22192\" target=\"_blank\" rel=\"noopener\">https:\/\/doi.org\/10.5944\/ap.16.1.22192<\/a><\/li>\n<li>Cantero-Braojos, M. \u00c1., Cabrera-Le\u00f3n, A., L\u00f3pez-Gonz\u00e1lez, M. A., &amp; Sa\u00fal, L. A. (2019). Intervenci\u00f3n grupal desde un enfoque sensoriomotriz para reducir la intensidad del dolor cr\u00f3nico.&nbsp;<em>Atenci\u00f3n Primaria, 51<\/em>(3), 162-171. doi:<a title=\"https:\/\/doi.org\/10.1016\/j.aprim.2017.07.006\" href=\"https:\/\/doi.org\/10.1016\/j.aprim.2017.07.006\" target=\"_blank\" rel=\"noopener\">https:\/\/doi.org\/10.1016\/j.aprim.2017.07.006<\/a><\/li>\n<li>Segura-Valverde, M., Sa\u00fal, L. A., &amp; Baca-Garc\u00eda, E. (2017). Content categories system for body constructs applied to patients with mastectomy.&nbsp;<em>European Journal of Psychiatry, 31<\/em>(2), 66-72. doi:<a title=\"https:\/\/doi.org\/10.1016\/j.ejpsy.2017.02.001\" href=\"https:\/\/doi.org\/10.1016\/j.ejpsy.2017.02.001\" target=\"_blank\" rel=\"noopener\">https:\/\/doi.org\/10.1016\/j.ejpsy.2017.02.001<\/a><\/li>\n<li>Segura-Valverde, M., Sa\u00fal, L. A., &amp; Baca-Garc\u00eda, E. (2017). The body grid as an assessment tool for body image.&nbsp;<em>Journal of Constructivist Psychology, 31<\/em>(3), 292-307. doi:<a href=\"https:\/\/doi.org\/10.1080\/10720537.2017.1320244\" target=\"_blank\" rel=\"noopener\">https:\/\/doi.org\/10.1080\/10720537.2017.1320244<\/a><\/li>\n<li>Heckmann, M., Pries, J. C., Engelhardt, T.-C., Meixner, J., Sa\u00fal, L. A., Perea-Luque, J. R., &amp; L\u00f3pez-Gonz\u00e1lez, M. A. (2017). On the Relation Between Subjective Importance and Elicitation Order of Constructs.&nbsp;<em>Journal of Constructivist Psychology<\/em>, 1-15. doi:<a href=\"https:\/\/doi.org\/10.1080\/10720537.2017.132024410.1080\/10720537.2017.1351013\" target=\"_blank\" rel=\"noopener\">https:\/\/doi.org\/10.1080\/10720537.2017.132024410.1080\/10720537.2017.1351013<\/a><\/li>\n<\/ul>\n<\/div>\n<ul>\n<li>Gonz\u00e1lez Arranz, B., &amp; Sa\u00fal, L. A. (2017). Evaluaci\u00f3n del cambio del contenido de los constructos personales de una muestra de personas con depresi\u00f3n que ha pasado por un proceso psicoterap\u00e9utico.&nbsp;<em>Revista de Psicoterapia, 28<\/em>(107), 295-316. <a href=\"https:\/\/doi.org\/10.33898\/rdp.v28i107.161\" target=\"_blank\" rel=\"noopener\">https:\/\/doi.org\/10.33898\/rdp.v28i107.161<\/a><\/li>\n<li>Montesano, A., L\u00f3pez-Gonz\u00e1lez, M. A., Sa\u00fal, L. A., &amp; Feixas, G. (2015). A review of cognitive conflicts research: a meta-analytic study of prevalence and relation to symptoms.&nbsp;<em>Neuropsychiatric Disease and Treatment, 11<\/em>, 2997-3006. doi:<a title=\"http:\/\/dx.doi.org\/10.2147\/NDT.S91861\" href=\"http:\/\/dx.doi.org\/10.2147\/NDT.S91861\" target=\"_blank\" rel=\"noopener\">http:\/\/dx.doi.org\/10.2147\/NDT.S91861<\/a><\/li>\n<li>Jonasa, K., Naidoo, P., Roman, N. V., Sa\u00fal, L. \u00c1., &amp; Feixas, G. (2015). Predictors of quality of life enjoyment and satisfaction in individuals living with HIV and AIDS in a resource-constrained setting in South Africa.&nbsp;<em>Journal of Psychology in Africa, 25<\/em>(2), 95-99. doi: <a href=\"https:\/\/doi.org\/10.1080\/14330237.2015.1021507\" target=\"_blank\" rel=\"noopener\">https:\/\/doi.org\/10.1080\/14330237.2015.1021507<\/a><\/li>\n<li>Vegazo S\u00e1nchez, E., &amp; Sa\u00fal, L. A. (2014). Cambios en la construcci\u00f3n del s\u00ed mismo, estructura cognitiva y sintomatolog\u00eda en mujeres con trastorno dist\u00edmico en terapia de grupo. Comparaci\u00f3n con una muestra no cl\u00ednica.&nbsp;<em>Revista de Psicoterapia, 25<\/em>(99), 49-67.&nbsp; Retrieved from&nbsp;<a title=\"http:\/\/revistadepsicoterapia.com\/rp99-04.html\" href=\"http:\/\/revistadepsicoterapia.com\/rp99-04.html\" target=\"_blank\" rel=\"noopener\">http:\/\/revistadepsicoterapia.com\/rp99-04.html<\/a><\/li>\n<li>Segura-Valverde, M., Garc\u00eda-Nieto, R., &amp; Sa\u00fal, L. A. (2014). Imagen corporal y autoestima en mujeres mastectomizadas.&nbsp;<em>Psicooncolog\u00eda, 11<\/em>(1), 45-57. doi: <a href=\"https:\/\/doi.org\/10.5209\/rev_PSIC.2014.v11.n1.44916\" target=\"_blank\" rel=\"noopener\">https:\/\/doi.org\/10.5209\/rev_PSIC.2014.v11.n1.44916<\/a><\/li>\n<li>Sa\u00fal, L. A., L\u00f3pez-Gonz\u00e1lez, M. \u00c1., Feixas, G., Rubio-Garay, F., &amp; Dom\u00ednguez-Sim\u00f3n, M. J. (2014). Conflictos cognitivos en una muestra comunitaria: un estudio exploratorio.&nbsp;<em>Anuario de Psicolog\u00eda, 44<\/em>(3), 343-359.&nbsp; Retrieved from&nbsp;<a title=\"http:\/\/www.ub.edu\/psicologia\/castellano\/anuario-de-psicologia\" href=\"http:\/\/www.ub.edu\/psicologia\/castellano\/anuario-de-psicologia\" target=\"_blank\" rel=\"noopener\">http:\/\/www.ub.edu\/psicologia\/castellano\/anuario-de-psicologia<\/a><\/li>\n<li>Montesano, A., Feixas, G., Erazo-Caicedo, M. I., Sa\u00fal, L. A., Dada, G., &amp; Winter, D. (2014). Cognitive conflicts and symptom severity in Dysthymia: \u201cI&#8217;d rather be good than happy\u201d.&nbsp;<em>Salud Mental, 37<\/em>(1), 41-48.&nbsp; Retrieved from&nbsp;<a href=\"https:\/\/www.medigraphic.com\/cgi-bin\/new\/resumenI.cgi?IDREVISTA=81&amp;IDARTICULO=48675&amp;IDPUBLICACION=4995\" target=\"_blank\" rel=\"noopener\">https:\/\/www.medigraphic.com\/cgi-bin\/new\/resumenI.cgi?IDREVISTA=81&amp;IDARTICULO=48675&amp;IDPUBLICACION=4995<\/a><\/li>\n<li>Feixas, G., Montesano, A., Compa\u00f1, V., Salla, M., Dada, G., Pucurull, O., . . . Gu\u00e0rdia, J. (2014). Cognitive conflicts in major depression: Between desired change and personal coherence.&nbsp;<em>British Journal of Clinical Psychology, 53<\/em>(4), 369-384. <a href=\"https:\/\/doi.org\/10.1111\/bjc.12050\" target=\"_blank\" rel=\"noopener\">https:\/\/doi.org\/10.1111\/bjc.12050<\/a><\/li>\n<li>Feixas, G., Bados, A., Garc\u00eda-Grau, E., Montesano, A., Dada, G., Compa\u00f1, V., . . . Winter, D. (2013). Efficacy of a dilemma-focused intervention for unipolar depression: study protocol for a multicenter randomized controlled trial.&nbsp;Trials, 14(144). <a href=\"https:\/\/doi.org\/10.1186\/1745-6215-14-144\" target=\"_blank\" rel=\"noopener\">https:\/\/doi.org\/10.1186\/1745-6215-14-144<\/a><\/li>\n<li>Sa\u00fal, L. A., L\u00f3pez-Gonz\u00e1lez, M. A., Rubio-Garay, F., &amp; Gonz\u00e1lez-Brignardello, M. P. (2012). Construcci\u00f3n del s\u00ed mismo y categorizaci\u00f3n de los significados personales de acuerdo con las fortalezas del car\u00e1cter: estudio comparativo en pacientes con trastornos depresivos.&nbsp;Acci\u00f3n Psicol\u00f3gica, 9(2), 3-20. doi:<a title=\"http:\/\/dx.doi.org\/10.5944\/ap.9.2.4100\" href=\"http:\/\/dx.doi.org\/10.5944\/ap.9.2.4100\" target=\"_blank\" rel=\"noopener\">http:\/\/dx.doi.org\/10.5944\/ap.9.2.4100<\/a><\/li>\n<li>Sa\u00fal, L. A., L\u00f3pez-Gonz\u00e1lez, M. A., Moreno-Pulido, A., Corbella, S., Compa\u00f1, V., &amp; Feixas, G. (2012). Bibliometric review of the Repertory Grid Technique: 1998-2007.&nbsp;Journal of Constructivist Psychology, 25, 112-131. <a href=\"https:\/\/doi.org\/10.1080\/10720537.2012.651065\" target=\"_blank\" rel=\"noopener\">https:\/\/doi.org\/10.1080\/10720537.2012.651065<\/a><\/li>\n<li>Feixas, G., Evans, C., Trujillo, A., Sa\u00fal, L. A., Botella, L., Corbella, S., . . . L\u00f3pez-Gonz\u00e1lez, M. A. (2012). La versi\u00f3n espa\u00f1ola del CORE-OM: Clinical Outcomes in Routine Evaluation &#8211; Outcome Measure.&nbsp;Revista de Psicoterapia, 23(89), 109-135.&nbsp; Retrieved from&nbsp;<a title=\"http:\/\/revistadepsicoterapia.com\/la-version-espa-ola-del-core-om-clinical-outcomes-in-routine-evaluation-outcome-measure.htmlCompa\" href=\"http:\/\/revistadepsicoterapia.com\/la-version-espa-ola-del-core-om-clinical-outcomes-in-routine-evaluation-outcome-measure.htmlCompa\" target=\"_blank\" rel=\"noopener\">http:\/\/revistadepsicoterapia.com\/la-version-espa-ola-del-core-om-clinical-outcomes-in-routine-evaluation-outcome-measure.html<\/a><\/li>\n<li>Compa\u00f1, V., Feixas, G., Varlotta-Dom\u00ednguez, N., Torres-Vi\u00f1als, M., Aguilar-Alonso, \u00c1., Dada-S\u00e1nchez, G., &amp; Sa\u00fal, L. A. (2011). Cognitive Factors in Fibromyalgia: The Role of Self-Concept and Identity Related Conflicts.&nbsp;Journal of Constructivist Psychology, 24(1), 55-77. <a href=\"https:\/\/doi.org\/10.1080\/10720537.2011.530492\" target=\"_blank\" rel=\"noopener\">https:\/\/doi.org\/10.1080\/10720537.2011.530492<\/a><\/li>\n<li>Feixas, G., Sa\u00fal, L. A., &amp; \u00c1vila, A. (2009). Viewing cognitive conflicts as dilemmas: Implications for mental health.&nbsp;Journal of Constructivist Psychology, 22, 141-169. <a href=\"https:\/\/doi.org\/10.1080\/10720530802675755\" target=\"_blank\" rel=\"noopener\">https:\/\/doi.org\/10.1080\/10720530802675755<\/a><\/li>\n<li>Corbella, S., Balma\u00f1a, N., Fern\u00e1ndez-\u00c1lvarez, H., Sa\u00fal, L. A., Botella, L., &amp; Garc\u00eda, F. (2009). Estilo personal del terapeuta y teor\u00eda de la mente.&nbsp;Revista argentina de cl\u00ednica psicol\u00f3gica, 18(2), 125-133.&nbsp; Retrieved from&nbsp;<a title=\"http:\/\/www.clinicapsicologica.org.ar\" href=\"http:\/\/www.clinicapsicologica.org.ar\/\" target=\"_blank\" rel=\"noopener\">http:\/\/www.clinicapsicologica.org.ar<\/a>\/<\/li>\n<li>Feixas, G., Sa\u00fal, L. A., Winter, D., &amp; Watson, S. (2008). Un estudio naturalista sobre el cambio de los conflictos cognitivos durante la psicoterapia.&nbsp;Apuntes de Psicolog\u00eda, 26(2), 243-255.&nbsp; Retrieved from&nbsp;<a title=\"http:\/\/www.cop.es\/delegaci\/andocci\/es\/RevistaApuntesDePsicologia.asp\" href=\"http:\/\/www.cop.es\/delegaci\/andocci\/es\/RevistaApuntesDePsicologia.asp\" target=\"_blank\" rel=\"noopener\">http:\/\/www.cop.es\/delegaci\/andocci\/es\/RevistaApuntesDePsicologia.asp<\/a><\/li>\n<li>Corbella, S., Fern\u00e1ndez-\u00c1lvarez, H., Sa\u00fal, L. A., Garc\u00eda, F., &amp; Botella, L. (2008). Estilo Personal del Terapeuta y Direcci\u00f3n de Intereses.&nbsp;Apuntes de Psicolog\u00eda, 26(2), 281-289.&nbsp; Retrieved from&nbsp;<a title=\"http:\/\/www.cop.es\/delegaci\/andocci\/es\/RevistaApuntesDePsicologia.asp\" href=\"http:\/\/www.cop.es\/delegaci\/andocci\/es\/RevistaApuntesDePsicologia.asp\" target=\"_blank\" rel=\"noopener\">http:\/\/www.cop.es\/delegaci\/andocci\/es\/RevistaApuntesDePsicologia.asp<\/a><\/li>\n<li>Feixas, G., &amp; Sa\u00fal, L. A. (2004). The Multi-Center Dilemma Project: An Investigation on the Role of Cognitive Conflicts in Health.&nbsp;The Spanish Journal of Psychology, 7(1), 69-78. <a href=\"https:\/\/doi.org\/1017\/S1138741600004765\" target=\"_blank\" rel=\"noopener\">https:\/\/doi.org\/1017\/S1138741600004765<\/a><\/li>\n<li>Benasayag, R., Feixas, G., Mearin, F., Sa\u00fal, L. A., &amp; Laso, E. (2004). Conflictos cognitivos en el S\u00edndrome del Intestino Irritable (SII): un estudio exploratorio.&nbsp;International Journal of Clinical and Health Psychology, 4(1), 105-119.&nbsp; Retrieved from&nbsp;<a title=\"http:\/\/www.aepc.es\/ijchp\/index.php\" href=\"http:\/\/www.aepc.es\/ijchp\/index.php\" target=\"_blank\" rel=\"noopener\">http:\/\/www.aepc.es\/ijchp\/index.php<\/a><\/li>\n<li>Lucero, C., Feixas, G., &amp; Sa\u00fal, L. A. (2003). Constructos personales y perfil sintom\u00e1tico en la etapa de climaterio: Un estudio exploratorio.&nbsp;Anuario de Psicolog\u00eda, 34(3), 371-383.&nbsp; Retrieved from&nbsp;<a title=\"http:\/\/www.ub.edu\/psicologia\/anuari\/anuari1.html\" href=\"http:\/\/www.ub.edu\/psicologia\/anuari\/anuari1.html\" target=\"_blank\" rel=\"noopener\">http:\/\/www.ub.edu\/psicologia\/anuari\/anuari1.html<\/a><\/li>\n<li>Feixas, G., Sa\u00fal, L. A., Avila, A., &amp; S\u00e1nchez Rodr\u00edguez, V. (2001). Implicaciones terap\u00e9uticas de los conflictos cognitivos.&nbsp;Revista argentina de cl\u00ednica psicol\u00f3gica, X(1), 5-13.&nbsp; Retrieved from&nbsp;<a title=\"http:\/\/www.clinicapsicologica.org.ar\" href=\"http:\/\/www.clinicapsicologica.org.ar\/\" target=\"_blank\" rel=\"noopener\">http:\/\/www.clinicapsicologica.org.ar<\/a>\/<\/li>\n<li>D\u00edaz, F., Feixas, G., Pellungrini, I., &amp; Sa\u00fal, L. A. (2001). Cuando relacionarse amenaza la identidad: la fobia social desde un enfoque constructivista.&nbsp;Bolet\u00edn de Psicolog\u00eda, 72, 43-55.&nbsp; Retrieved from&nbsp;<a title=\"http:\/\/www.uv.es\/seoane\/boletin\/boletin.html\" href=\"http:\/\/www.uv.es\/seoane\/boletin\/boletin.html\" target=\"_blank\" rel=\"noopener\">http:\/\/www.uv.es\/seoane\/boletin\/boletin.html<br><\/a><\/li>\n<\/ul>\n<\/td>\n<\/tr>\n<\/tbody>\n<\/table>\n<\/td>\n<td width=\"4\"><img decoding=\"async\" src=\"http:\/\/portal.uned.es\/images\/pobtrans.gif\" alt=\"\" width=\"4\" height=\"1\" border=\"0\"><\/td>\n<\/tr>\n<\/tbody>\n<\/table>\t\t\t\t\t\t\t\t<\/div>\n\t\t\t\t<\/div>\n\t\t\t\t\t<\/div>\n\t\t<\/div>\n\t\t\t\t\t<\/div>\n\t\t<\/section>\n\t\t\t\t<\/div>\n\t\t","protected":false},"excerpt":{"rendered":"<p>Sanfeliciano, A., Sa\u00fal, L. A., Hurtado-Mart\u00ednez, C., &amp; Botella, L. (2025). PB Space: A Mathematical Framework for Modeling Presence and Implication Balance in Psychological Change Through Fuzzy Cognitive Maps. Axioms, 9(14), 650.&nbsp;https:\/\/doi.org\/https:\/\/doi.org\/10.3390\/axioms14090650 &nbsp;Sanfeliciano, A., Sa\u00fal, L. A., &amp; Botella, L. (2025). Weighted Implication Grid: A Graph\u2011Theoretical Approach to Modelling Psychological Change Construction. Frontiers in Psychology, 16. https:\/\/doi.org\/https:\/\/doi.org\/10.3389\/fpsyg.2025.1630920 Herr\u00e1n-Alonso, J., Winter, D., Sanfeliciano, A., &amp; Sa\u00fal, L. \u00c1. (2025). Indicators of Event Integration in Repertory Grids and Ladders. Journal of Constructivist Psychology, 1-15. https:\/\/doi.org\/10.1080\/10720537.2025.2452944 Botella, L., &amp; Sa\u00fal, L. A. (2024). Explorando la formulaci\u00f3n de caso con mapas cognitivos borrosos: conceptos, m\u00e9todos y estudio de caso en primera y tercera persona. In \u00c1. T. Qui\u00f1ones Bergeret &amp; C. Caro Garc\u00eda (Eds.), Formulaci\u00f3n de caso: hacia una psicoterapia de precisi\u00f3n (pp. 477-520). UNED. https:\/\/portal.uned.es\/portal\/page?_pageid=93,23377989&amp;_dad=portal&amp;_schema=PORTAL&amp;IdArticulo=0103024CT01A01 Botella Garc\u00eda del Cid, L. (2024, 2024). Procedimiento para la Conceptualizaci\u00f3n de Casos y Planificaci\u00f3n del Proceso Psicoterap\u00e9utico&hellip;<\/p>\n<p> <a class=\"more-link\" href=\"https:\/\/blogs.uned.es\/gicuned\/articulos\/\">Leer m\u00e1s<\/a><\/p>\n","protected":false},"author":7313,"featured_media":0,"parent":0,"menu_order":0,"comment_status":"closed","ping_status":"closed","template":"","meta":{"_seopress_robots_primary_cat":"","_seopress_titles_title":"Avances en Psicolog\u00eda %%sep%% Art\u00edculos Cient\u00edficos Destacados de GICUNED","_seopress_titles_desc":"Descubre investigaciones pioneras en psicolog\u00eda de la salud con la colecci\u00f3n de art\u00edculos cient\u00edficos de GICUNED. Sum\u00e9rgete en estudios innovadores y hallazgos en la UNED, impulsando la salud psicol\u00f3gica.","_seopress_robots_index":"","_bbp_topic_count":0,"_bbp_reply_count":0,"_bbp_total_topic_count":0,"_bbp_total_reply_count":0,"_bbp_voice_count":0,"_bbp_anonymous_reply_count":0,"_bbp_topic_count_hidden":0,"_bbp_reply_count_hidden":0,"_bbp_forum_subforum_count":0,"footnotes":""},"class_list":["post-1061","page","type-page","status-publish"],"_links":{"self":[{"href":"https:\/\/blogs.uned.es\/gicuned\/wp-json\/wp\/v2\/pages\/1061","targetHints":{"allow":["GET"]}}],"collection":[{"href":"https:\/\/blogs.uned.es\/gicuned\/wp-json\/wp\/v2\/pages"}],"about":[{"href":"https:\/\/blogs.uned.es\/gicuned\/wp-json\/wp\/v2\/types\/page"}],"author":[{"embeddable":true,"href":"https:\/\/blogs.uned.es\/gicuned\/wp-json\/wp\/v2\/users\/7313"}],"replies":[{"embeddable":true,"href":"https:\/\/blogs.uned.es\/gicuned\/wp-json\/wp\/v2\/comments?post=1061"}],"version-history":[{"count":47,"href":"https:\/\/blogs.uned.es\/gicuned\/wp-json\/wp\/v2\/pages\/1061\/revisions"}],"predecessor-version":[{"id":7159,"href":"https:\/\/blogs.uned.es\/gicuned\/wp-json\/wp\/v2\/pages\/1061\/revisions\/7159"}],"wp:attachment":[{"href":"https:\/\/blogs.uned.es\/gicuned\/wp-json\/wp\/v2\/media?parent=1061"}],"curies":[{"name":"wp","href":"https:\/\/api.w.org\/{rel}","templated":true}]}}