{"id":2507,"date":"2024-05-01T11:46:36","date_gmt":"2024-05-01T09:46:36","guid":{"rendered":"https:\/\/blogs.uned.es\/futurodocente\/?page_id=2507"},"modified":"2024-07-20T19:03:27","modified_gmt":"2024-07-20T17:03:27","slug":"conocenos","status":"publish","type":"page","link":"https:\/\/blogs.uned.es\/futurodocente\/conocenos\/","title":{"rendered":"Con\u00f3cenos"},"content":{"rendered":"\t\t<div data-elementor-type=\"wp-page\" data-elementor-id=\"2507\" class=\"elementor elementor-2507\">\n\t\t\t\t\t\t<section class=\"elementor-section elementor-top-section elementor-element elementor-element-323f72d elementor-section-stretched elementor-section-height-min-height elementor-section-content-middle elementor-section-boxed elementor-section-height-default elementor-section-items-middle\" data-id=\"323f72d\" data-element_type=\"section\" data-e-type=\"section\" data-settings=\"{&quot;stretch_section&quot;:&quot;section-stretched&quot;,&quot;background_background&quot;:&quot;classic&quot;}\">\n\t\t\t\t\t\t<div class=\"elementor-container elementor-column-gap-default\">\n\t\t\t\t\t<div class=\"elementor-column elementor-col-50 elementor-top-column elementor-element elementor-element-8292dc7\" data-id=\"8292dc7\" data-element_type=\"column\" data-e-type=\"column\">\n\t\t\t<div class=\"elementor-widget-wrap elementor-element-populated\">\n\t\t\t\t\t\t<section class=\"elementor-section elementor-inner-section elementor-element elementor-element-1bdd6da elementor-section-boxed elementor-section-height-default elementor-section-height-default\" data-id=\"1bdd6da\" data-element_type=\"section\" data-e-type=\"section\">\n\t\t\t\t\t\t<div class=\"elementor-container elementor-column-gap-default\">\n\t\t\t\t\t<div class=\"elementor-column elementor-col-50 elementor-inner-column elementor-element elementor-element-74ff986\" data-id=\"74ff986\" data-element_type=\"column\" data-e-type=\"column\">\n\t\t\t<div class=\"elementor-widget-wrap elementor-element-populated\">\n\t\t\t\t\t\t<div class=\"elementor-element elementor-element-628d0ac elementor-widget elementor-widget-image\" data-id=\"628d0ac\" data-element_type=\"widget\" data-e-type=\"widget\" data-widget_type=\"image.default\">\n\t\t\t\t<div class=\"elementor-widget-container\">\n\t\t\t\t\t\t\t\t\t\t\t\t\t\t\t<img decoding=\"async\" src=\"https:\/\/blogs.uned.es\/futurodocente\/wp-content\/uploads\/sites\/541\/elementor\/thumbs\/radte-qnijpt11bqlu5vs625j1euacl2majrtcqsx5we1588.jpg\" title=\"radte\" alt=\"radte\" loading=\"lazy\" \/>\t\t\t\t\t\t\t\t\t\t\t\t\t\t\t<\/div>\n\t\t\t\t<\/div>\n\t\t\t\t\t<\/div>\n\t\t<\/div>\n\t\t\t\t<div class=\"elementor-column elementor-col-50 elementor-inner-column elementor-element elementor-element-a8ac438\" data-id=\"a8ac438\" data-element_type=\"column\" data-e-type=\"column\">\n\t\t\t<div class=\"elementor-widget-wrap elementor-element-populated\">\n\t\t\t\t\t\t<div class=\"elementor-element elementor-element-288f128 elementor-widget elementor-widget-image\" data-id=\"288f128\" data-element_type=\"widget\" data-e-type=\"widget\" data-widget_type=\"image.default\">\n\t\t\t\t<div class=\"elementor-widget-container\">\n\t\t\t\t\t\t\t\t\t\t\t\t\t\t\t<img decoding=\"async\" src=\"https:\/\/blogs.uned.es\/futurodocente\/wp-content\/uploads\/sites\/541\/elementor\/thumbs\/mate_tic-qnijqn3vefr0hekh6ij3mmp3lei1e34rixsp98sjp4.jpg\" title=\"mate_tic\" alt=\"mate_tic\" loading=\"lazy\" \/>\t\t\t\t\t\t\t\t\t\t\t\t\t\t\t<\/div>\n\t\t\t\t<\/div>\n\t\t\t\t\t<\/div>\n\t\t<\/div>\n\t\t\t\t\t<\/div>\n\t\t<\/section>\n\t\t\t\t\t<\/div>\n\t\t<\/div>\n\t\t\t\t<div class=\"elementor-column elementor-col-50 elementor-top-column elementor-element elementor-element-30b25ff\" data-id=\"30b25ff\" data-element_type=\"column\" data-e-type=\"column\">\n\t\t\t<div class=\"elementor-widget-wrap elementor-element-populated\">\n\t\t\t\t\t\t<section class=\"elementor-section elementor-inner-section elementor-element elementor-element-ff6b71f elementor-section-boxed elementor-section-height-default elementor-section-height-default\" data-id=\"ff6b71f\" data-element_type=\"section\" data-e-type=\"section\">\n\t\t\t\t\t\t<div class=\"elementor-container elementor-column-gap-default\">\n\t\t\t\t\t<div class=\"elementor-column elementor-col-50 elementor-inner-column elementor-element elementor-element-2fcc1dc\" data-id=\"2fcc1dc\" data-element_type=\"column\" data-e-type=\"column\">\n\t\t\t<div class=\"elementor-widget-wrap\">\n\t\t\t\t\t\t\t<\/div>\n\t\t<\/div>\n\t\t\t\t<div class=\"elementor-column elementor-col-50 elementor-inner-column elementor-element elementor-element-465a59f\" data-id=\"465a59f\" data-element_type=\"column\" data-e-type=\"column\">\n\t\t\t<div class=\"elementor-widget-wrap\">\n\t\t\t\t\t\t\t<\/div>\n\t\t<\/div>\n\t\t\t\t\t<\/div>\n\t\t<\/section>\n\t\t\t\t<div class=\"elementor-element elementor-element-7288b7f maquinaEscribirPortada elementor-widget__width-initial elementor-widget elementor-widget-writing-effect-headline\" data-id=\"7288b7f\" data-element_type=\"widget\" data-e-type=\"widget\" data-widget_type=\"writing-effect-headline.default\">\n\t\t\t\t<div class=\"elementor-widget-container\">\n\t\t\t\t\t\t\t<h2 class=\"a13ree-written-headline\" data-speed=\"21\" data-loop=\"1\">\r\n\t\t\t\r\n\t\t\t            <span class=\"written-lines elementor-screen-only\">Grupo de Investigacion.\nRADTE (UNED)\nGrupo de Innovaci\u00f3n Docente.\nMAPE-TIC (UNED)<\/span>\r\n\t\t\t\r\n\t\t\t\t\t<\/h2>\r\n\t\t\t\t\t\t<\/div>\n\t\t\t\t<\/div>\n\t\t\t\t\t<\/div>\n\t\t<\/div>\n\t\t\t\t\t<\/div>\n\t\t<\/section>\n\t\t\t\t<section class=\"elementor-section elementor-top-section elementor-element elementor-element-0279551 elementor-section-boxed elementor-section-height-default elementor-section-height-default\" data-id=\"0279551\" data-element_type=\"section\" data-e-type=\"section\">\n\t\t\t\t\t\t<div class=\"elementor-container elementor-column-gap-default\">\n\t\t\t\t\t<div class=\"elementor-column elementor-col-100 elementor-top-column elementor-element elementor-element-78eba3f\" data-id=\"78eba3f\" data-element_type=\"column\" data-e-type=\"column\">\n\t\t\t<div class=\"elementor-widget-wrap elementor-element-populated\">\n\t\t\t\t\t\t\t<\/div>\n\t\t<\/div>\n\t\t\t\t\t<\/div>\n\t\t<\/section>\n\t\t\t\t<section class=\"elementor-section elementor-top-section elementor-element elementor-element-a5b200d elementor-section-boxed elementor-section-height-default elementor-section-height-default\" data-id=\"a5b200d\" data-element_type=\"section\" data-e-type=\"section\">\n\t\t\t\t\t\t<div class=\"elementor-container elementor-column-gap-default\">\n\t\t\t\t\t<div class=\"elementor-column elementor-col-100 elementor-top-column elementor-element elementor-element-d0d918d\" data-id=\"d0d918d\" data-element_type=\"column\" data-e-type=\"column\">\n\t\t\t<div class=\"elementor-widget-wrap elementor-element-populated\">\n\t\t\t\t\t\t<div class=\"elementor-element elementor-element-89a5503 elementor-widget elementor-widget-heading\" data-id=\"89a5503\" data-element_type=\"widget\" data-e-type=\"widget\" data-widget_type=\"heading.default\">\n\t\t\t\t<div class=\"elementor-widget-container\">\n\t\t\t\t\t<h3 class=\"elementor-heading-title elementor-size-default\">Somos integrantes del Grupo de investigaci\u00f3n RADTE y del \nGrupo de Innovaci\u00f3n docente MAPE-TIC.<\/h3>\t\t\t\t<\/div>\n\t\t\t\t<\/div>\n\t\t\t\t<section class=\"elementor-section elementor-inner-section elementor-element elementor-element-5c3044d elementor-section-boxed elementor-section-height-default elementor-section-height-default\" data-id=\"5c3044d\" data-element_type=\"section\" data-e-type=\"section\">\n\t\t\t\t\t\t<div class=\"elementor-container elementor-column-gap-default\">\n\t\t\t\t\t<div class=\"elementor-column elementor-col-50 elementor-inner-column elementor-element elementor-element-213a1d9\" data-id=\"213a1d9\" data-element_type=\"column\" data-e-type=\"column\">\n\t\t\t<div class=\"elementor-widget-wrap elementor-element-populated\">\n\t\t\t\t\t\t<div class=\"elementor-element elementor-element-5e83fa9 elementor-align-center elementor-widget elementor-widget-button\" data-id=\"5e83fa9\" data-element_type=\"widget\" data-e-type=\"widget\" data-widget_type=\"button.default\">\n\t\t\t\t<div class=\"elementor-widget-container\">\n\t\t\t\t\t\t\t\t\t<div class=\"elementor-button-wrapper\">\n\t\t\t\t\t<a class=\"elementor-button elementor-button-link elementor-size-sm\" href=\"https:\/\/www.uned.es\/universidad\/inicio\/investigacion\/Institutos-centros-grupos-investigacion\/grupos-investigacion\/estrategias-metodologicas-para-la-construccion-de-una-red-a-distancia-de-tecnologia-educativa.html?idContenido=1\">\n\t\t\t\t\t\t<span class=\"elementor-button-content-wrapper\">\n\t\t\t\t\t\t\t\t\t<span class=\"elementor-button-text\">RADTE<\/span>\n\t\t\t\t\t<\/span>\n\t\t\t\t\t<\/a>\n\t\t\t\t<\/div>\n\t\t\t\t\t\t\t\t<\/div>\n\t\t\t\t<\/div>\n\t\t\t\t\t<\/div>\n\t\t<\/div>\n\t\t\t\t<div class=\"elementor-column elementor-col-50 elementor-inner-column elementor-element elementor-element-5446b65\" data-id=\"5446b65\" data-element_type=\"column\" data-e-type=\"column\">\n\t\t\t<div class=\"elementor-widget-wrap elementor-element-populated\">\n\t\t\t\t\t\t<div class=\"elementor-element elementor-element-3137470 elementor-align-center elementor-widget elementor-widget-button\" data-id=\"3137470\" data-element_type=\"widget\" data-e-type=\"widget\" data-widget_type=\"button.default\">\n\t\t\t\t<div class=\"elementor-widget-container\">\n\t\t\t\t\t\t\t\t\t<div class=\"elementor-button-wrapper\">\n\t\t\t\t\t<a class=\"elementor-button elementor-button-link elementor-size-sm\" href=\"https:\/\/www.uned.es\/universidad\/inicio\/unidad\/IUED\/innovacion\/grupos-innovacion\/grupo-22.html\">\n\t\t\t\t\t\t<span class=\"elementor-button-content-wrapper\">\n\t\t\t\t\t\t\t\t\t<span class=\"elementor-button-text\">MAPE TIC<\/span>\n\t\t\t\t\t<\/span>\n\t\t\t\t\t<\/a>\n\t\t\t\t<\/div>\n\t\t\t\t\t\t\t\t<\/div>\n\t\t\t\t<\/div>\n\t\t\t\t\t<\/div>\n\t\t<\/div>\n\t\t\t\t\t<\/div>\n\t\t<\/section>\n\t\t\t\t\t<\/div>\n\t\t<\/div>\n\t\t\t\t\t<\/div>\n\t\t<\/section>\n\t\t\t\t<section class=\"elementor-section elementor-top-section elementor-element elementor-element-03b0544 elementor-section-boxed elementor-section-height-default elementor-section-height-default\" data-id=\"03b0544\" data-element_type=\"section\" data-e-type=\"section\">\n\t\t\t\t\t\t<div class=\"elementor-container elementor-column-gap-default\">\n\t\t\t\t\t<div class=\"elementor-column elementor-col-100 elementor-top-column elementor-element elementor-element-a56dce1\" data-id=\"a56dce1\" data-element_type=\"column\" data-e-type=\"column\">\n\t\t\t<div class=\"elementor-widget-wrap elementor-element-populated\">\n\t\t\t\t\t\t<div class=\"elementor-element elementor-element-e558071 elementor-widget elementor-widget-heading\" data-id=\"e558071\" data-element_type=\"widget\" data-e-type=\"widget\" data-widget_type=\"heading.default\">\n\t\t\t\t<div class=\"elementor-widget-container\">\n\t\t\t\t\t<h3 class=\"elementor-heading-title elementor-size-default\">Dirige y Coordina Futuro Docente<\/h3>\t\t\t\t<\/div>\n\t\t\t\t<\/div>\n\t\t\t\t\t<\/div>\n\t\t<\/div>\n\t\t\t\t\t<\/div>\n\t\t<\/section>\n\t\t\t\t<section class=\"elementor-section elementor-top-section elementor-element elementor-element-56423dd elementor-section-boxed elementor-section-height-default elementor-section-height-default\" data-id=\"56423dd\" data-element_type=\"section\" data-e-type=\"section\">\n\t\t\t\t\t\t<div class=\"elementor-container elementor-column-gap-default\">\n\t\t\t\t\t<div class=\"elementor-column elementor-col-100 elementor-top-column elementor-element elementor-element-cd09c36\" data-id=\"cd09c36\" data-element_type=\"column\" data-e-type=\"column\" data-settings=\"{&quot;background_background&quot;:&quot;gradient&quot;}\">\n\t\t\t<div class=\"elementor-widget-wrap elementor-element-populated\">\n\t\t\t\t\t\t<div class=\"elementor-element elementor-element-7eb7b03 elementor-widget elementor-widget-text-editor\" data-id=\"7eb7b03\" data-element_type=\"widget\" data-e-type=\"widget\" data-widget_type=\"text-editor.default\">\n\t\t\t\t<div class=\"elementor-widget-container\">\n\t\t\t\t\t\t\t\t\t<p style=\"text-align: left\"><a style=\"background-color: #ffffff\" href=\"https:\/\/www.uned.es\/universidad\/docentes\/educacion\/esteban-vazquez-cano.html\"><strong>Esteban V\u00e1zquez Cano<\/strong><\/a> es profesor titular de la Facultad de Educaci\u00f3n en el Departamento de Did\u00e1ctica, Organizaci\u00f3n Escolar y Did\u00e1cticas Especiales de la UNED. Doctor en Ciencias de la Educaci\u00f3n con Premio Extraordinario, su trayectoria profesional ha estado siempre dedicada a la Educaci\u00f3n. Ha ejercido como profesor de Ense\u00f1anza Secundaria (funcionario de carrera, n.\u00ba 1 de oposici\u00f3n), profesor visitante en EEUU (Illinois), miembro de equipos directivos en diferentes centros educativos, Inspector de Educaci\u00f3n, tutor de la UNED desde el a\u00f1o 2003 y profesor en la Facultad de Educaci\u00f3n de la Universidad de Castilla-La Mancha (2008-2011), en la que imparti\u00f3 docencia en los grados de Educaci\u00f3n Infantil y Primaria. Asimismo, ha sido Vicedecano de Estudiantes, Internacionalizaci\u00f3n y Educaci\u00f3n Social de la Facultad de Educaci\u00f3n de la UNED (2017-2020).\u00a0<\/p><p style=\"text-align: left\"><span style=\"text-align: justify\">A lo largo de m\u00e1s de veinte a\u00f1os como profesor de Lengua Castellana y Literatura en varios centros educativos espa\u00f1oles y norteamericanos, ha desempe\u00f1ado diferentes cargos que le han proporcionado una mirada extensa, abierta y variada del sistema educativo y, en concreto, en el dise\u00f1o y puesta en pr\u00e1ctica del curr\u00edculo en situaciones reales de centro y aula. Entre otros cargos ha sido jefe del Departamento de Lengua Castellana y Literatura, jefe del Departamento de Actividades Extraescolares, jefe de estudios, secretario, director en funciones, tutor de grupo, tutor de alumnos universitarios de Magisterio y Secundaria en pr\u00e1cticas, miembro electo del consejo escolar de diferentes centros educativos, asesor did\u00e1ctico en Illinois Distrito 99 (EEUU), responsable de formaci\u00f3n y asesor TIC en Institutos de Ense\u00f1anza Secundaria y coordinador de proyectos Erasmus. Posteriormente, como Inspector de Educaci\u00f3n ha visitado numerosos colegios e institutos e impartido cursos de formaci\u00f3n a inspectores y docentes de todas las etapas educativas. Adem\u00e1s, ha preparado a opositores\/as al cuerpo profesores\/as de ense\u00f1anza secundaria en diferentes academias de Extremadura y Madrid y ha escrito numerosos art\u00edculos y libros sobre el dise\u00f1o y programaci\u00f3n del curr\u00edculo. En la actualidad, dirige el M\u00e1ster en Inspecci\u00f3n y Supervisi\u00f3n Educativa y es el director de diferentes Cursos de Formaci\u00f3n del Profesorado relacionados con el dise\u00f1o de programaciones, unidades did\u00e1cticas, situaciones de aprendizaje e innovaci\u00f3n metodol\u00f3gica en diferentes etapas educativas.\u00a0<\/span><\/p><p style=\"text-align: left\">Un saludo cordial<\/p>\t\t\t\t\t\t\t\t<\/div>\n\t\t\t\t<\/div>\n\t\t\t\t\t<\/div>\n\t\t<\/div>\n\t\t\t\t\t<\/div>\n\t\t<\/section>\n\t\t\t\t<\/div>\n\t\t","protected":false},"excerpt":{"rendered":"<p>Grupo de Investigacion. RADTE (UNED) Grupo de Innovaci\u00f3n Docente. MAPE-TIC (UNED) Somos integrantes del Grupo de investigaci\u00f3n RADTE y del Grupo de Innovaci\u00f3n docente MAPE-TIC. RADTE MAPE TIC Dirige y Coordina Futuro Docente Esteban V\u00e1zquez Cano es profesor titular de la Facultad de Educaci\u00f3n en el Departamento de Did\u00e1ctica, Organizaci\u00f3n Escolar y Did\u00e1cticas Especiales de la UNED. Doctor en Ciencias de la Educaci\u00f3n con Premio Extraordinario, su trayectoria profesional ha estado siempre dedicada a la Educaci\u00f3n. Ha ejercido como profesor de Ense\u00f1anza Secundaria (funcionario de carrera, n.\u00ba 1 de oposici\u00f3n), profesor visitante en EEUU (Illinois), miembro de equipos directivos en diferentes centros educativos, Inspector de Educaci\u00f3n, tutor de la UNED desde el a\u00f1o 2003 y profesor en la Facultad de Educaci\u00f3n de la Universidad de Castilla-La Mancha (2008-2011), en la que imparti\u00f3 docencia en los grados de Educaci\u00f3n Infantil y Primaria. Asimismo, ha sido Vicedecano de Estudiantes, Internacionalizaci\u00f3n y Educaci\u00f3n&hellip;<\/p>\n<p> <a class=\"more-link\" href=\"https:\/\/blogs.uned.es\/futurodocente\/conocenos\/\">Leer m\u00e1s<\/a><\/p>\n","protected":false},"author":7793,"featured_media":57,"parent":0,"menu_order":0,"comment_status":"closed","ping_status":"closed","template":"","meta":{"footnotes":""},"class_list":["post-2507","page","type-page","status-publish","has-post-thumbnail"],"_links":{"self":[{"href":"https:\/\/blogs.uned.es\/futurodocente\/wp-json\/wp\/v2\/pages\/2507","targetHints":{"allow":["GET"]}}],"collection":[{"href":"https:\/\/blogs.uned.es\/futurodocente\/wp-json\/wp\/v2\/pages"}],"about":[{"href":"https:\/\/blogs.uned.es\/futurodocente\/wp-json\/wp\/v2\/types\/page"}],"author":[{"embeddable":true,"href":"https:\/\/blogs.uned.es\/futurodocente\/wp-json\/wp\/v2\/users\/7793"}],"replies":[{"embeddable":true,"href":"https:\/\/blogs.uned.es\/futurodocente\/wp-json\/wp\/v2\/comments?post=2507"}],"version-history":[{"count":131,"href":"https:\/\/blogs.uned.es\/futurodocente\/wp-json\/wp\/v2\/pages\/2507\/revisions"}],"predecessor-version":[{"id":6343,"href":"https:\/\/blogs.uned.es\/futurodocente\/wp-json\/wp\/v2\/pages\/2507\/revisions\/6343"}],"wp:featuredmedia":[{"embeddable":true,"href":"https:\/\/blogs.uned.es\/futurodocente\/wp-json\/wp\/v2\/media\/57"}],"wp:attachment":[{"href":"https:\/\/blogs.uned.es\/futurodocente\/wp-json\/wp\/v2\/media?parent=2507"}],"curies":[{"name":"wp","href":"https:\/\/api.w.org\/{rel}","templated":true}]}}