{"id":15,"date":"2019-10-09T10:29:38","date_gmt":"2019-10-09T08:29:38","guid":{"rendered":"http:\/\/blogs.uned.es\/futurodocente\/?page_id=15"},"modified":"2024-05-11T11:18:34","modified_gmt":"2024-05-11T09:18:34","slug":"inicio","status":"publish","type":"page","link":"https:\/\/blogs.uned.es\/futurodocente\/","title":{"rendered":"Inicio"},"content":{"rendered":"\t\t<div data-elementor-type=\"wp-page\" data-elementor-id=\"15\" class=\"elementor elementor-15\">\n\t\t\t\t\t\t<section class=\"elementor-section elementor-top-section elementor-element elementor-element-648e023 elementor-section-stretched elementor-section-height-min-height elementor-section-content-middle elementor-section-boxed elementor-section-height-default elementor-section-items-middle\" data-id=\"648e023\" data-element_type=\"section\" data-e-type=\"section\" data-settings=\"{&quot;stretch_section&quot;:&quot;section-stretched&quot;,&quot;background_background&quot;:&quot;classic&quot;}\">\n\t\t\t\t\t\t<div class=\"elementor-container elementor-column-gap-default\">\n\t\t\t\t\t<div class=\"elementor-column elementor-col-50 elementor-top-column elementor-element elementor-element-2c56c9a\" data-id=\"2c56c9a\" data-element_type=\"column\" data-e-type=\"column\">\n\t\t\t<div class=\"elementor-widget-wrap elementor-element-populated\">\n\t\t\t\t\t\t<div class=\"elementor-element elementor-element-b911bc6 elementor-fixed elementor-widget elementor-widget-heading\" data-id=\"b911bc6\" data-element_type=\"widget\" data-e-type=\"widget\" data-settings=\"{&quot;_position&quot;:&quot;fixed&quot;}\" data-widget_type=\"heading.default\">\n\t\t\t\t<div class=\"elementor-widget-container\">\n\t\t\t\t\t<h2 class=\"elementor-heading-title elementor-size-default\">Formamos a futuros docentes y mejoramos la pr\u00e1ctica educativa<\/h2>\t\t\t\t<\/div>\n\t\t\t\t<\/div>\n\t\t\t\t\t<\/div>\n\t\t<\/div>\n\t\t\t\t<div class=\"elementor-column elementor-col-50 elementor-top-column elementor-element elementor-element-05169e9\" data-id=\"05169e9\" data-element_type=\"column\" data-e-type=\"column\">\n\t\t\t<div class=\"elementor-widget-wrap elementor-element-populated\">\n\t\t\t\t\t\t<div class=\"elementor-element elementor-element-e7ce4e7 tituloSitioPortada elementor-widget elementor-widget-heading\" data-id=\"e7ce4e7\" data-element_type=\"widget\" data-e-type=\"widget\" data-widget_type=\"heading.default\">\n\t\t\t\t<div class=\"elementor-widget-container\">\n\t\t\t\t\t<h1 class=\"elementor-heading-title elementor-size-xxl\">Futuro docente<\/h1>\t\t\t\t<\/div>\n\t\t\t\t<\/div>\n\t\t\t\t<div class=\"elementor-element elementor-element-1d76a33 maquinaEscribirPortada elementor-widget elementor-widget-writing-effect-headline\" data-id=\"1d76a33\" data-element_type=\"widget\" data-e-type=\"widget\" data-widget_type=\"writing-effect-headline.default\">\n\t\t\t\t<div class=\"elementor-widget-container\">\n\t\t\t\t\t\t\t<h2 class=\"a13ree-written-headline\" data-speed=\"21\" data-loop=\"1\">\r\n\t\t\t\r\n\t\t\t            <span class=\"written-lines elementor-screen-only\">Formaci\u00f3n\nInnovaci\u00f3n\nOposiciones\nProgramaci\u00f3n Did\u00e1ctica\nSituaciones de Aprendizaje\nUnidades Did\u00e1cticas\nDefensas ante el Tribunal\nM\u00e1ster en Inspecci\u00f3n<\/span>\r\n\t\t\t\r\n\t\t\t\t\t<\/h2>\r\n\t\t\t\t\t\t<\/div>\n\t\t\t\t<\/div>\n\t\t\t\t\t<\/div>\n\t\t<\/div>\n\t\t\t\t\t<\/div>\n\t\t<\/section>\n\t\t\t\t<section class=\"elementor-section elementor-top-section elementor-element elementor-element-d3618d5 elementor-section-boxed elementor-section-height-default elementor-section-height-default\" data-id=\"d3618d5\" data-element_type=\"section\" data-e-type=\"section\">\n\t\t\t\t\t\t<div class=\"elementor-container elementor-column-gap-default\">\n\t\t\t\t\t<div class=\"elementor-column elementor-col-100 elementor-top-column elementor-element elementor-element-6ed7caa\" data-id=\"6ed7caa\" data-element_type=\"column\" data-e-type=\"column\">\n\t\t\t<div class=\"elementor-widget-wrap elementor-element-populated\">\n\t\t\t\t\t\t<div class=\"elementor-element elementor-element-98d41f0 elementor-widget elementor-widget-heading\" data-id=\"98d41f0\" data-element_type=\"widget\" data-e-type=\"widget\" data-widget_type=\"heading.default\">\n\t\t\t\t<div class=\"elementor-widget-container\">\n\t\t\t\t\t<h2 class=\"elementor-heading-title elementor-size-xl\">\u00bfQu\u00e9 hacemos?<\/h2>\t\t\t\t<\/div>\n\t\t\t\t<\/div>\n\t\t\t\t<div class=\"elementor-element elementor-element-a7da859 elementor-widget elementor-widget-heading\" data-id=\"a7da859\" data-element_type=\"widget\" data-e-type=\"widget\" data-widget_type=\"heading.default\">\n\t\t\t\t<div class=\"elementor-widget-container\">\n\t\t\t\t\t<h2 class=\"elementor-heading-title elementor-size-medium\">Formamos a futuros docentes y a docentes en ejercicio. Ense\u00f1amos a programar el curr\u00edculo de forma actualizada, innovadora y atendiendo a los requerimientos normativos desde un enfoque cient\u00edfico, acad\u00e9mico, innovador y contextualizado en la realidad de las aulas.<\/h2>\t\t\t\t<\/div>\n\t\t\t\t<\/div>\n\t\t\t\t\t<\/div>\n\t\t<\/div>\n\t\t\t\t\t<\/div>\n\t\t<\/section>\n\t\t\t\t<section class=\"elementor-section elementor-top-section elementor-element elementor-element-fde810b elementor-section-stretched elementor-section-height-min-height elementor-section-boxed elementor-section-height-default elementor-section-items-middle\" data-id=\"fde810b\" data-element_type=\"section\" data-e-type=\"section\" data-settings=\"{&quot;stretch_section&quot;:&quot;section-stretched&quot;,&quot;background_background&quot;:&quot;classic&quot;}\">\n\t\t\t\t\t\t<div class=\"elementor-container elementor-column-gap-default\">\n\t\t\t\t\t<div class=\"elementor-column elementor-col-100 elementor-top-column elementor-element elementor-element-5224ea1\" data-id=\"5224ea1\" data-element_type=\"column\" data-e-type=\"column\">\n\t\t\t<div class=\"elementor-widget-wrap elementor-element-populated\">\n\t\t\t\t\t\t<div class=\"elementor-element elementor-element-5fb4b14 elementor-align-center elementor-widget elementor-widget-button\" data-id=\"5fb4b14\" data-element_type=\"widget\" data-e-type=\"widget\" data-widget_type=\"button.default\">\n\t\t\t\t<div class=\"elementor-widget-container\">\n\t\t\t\t\t\t\t\t\t<div class=\"elementor-button-wrapper\">\n\t\t\t\t\t<a class=\"elementor-button elementor-button-link elementor-size-sm\" href=\"https:\/\/blogs.uned.es\/futurodocente\/conocenos\/\">\n\t\t\t\t\t\t<span class=\"elementor-button-content-wrapper\">\n\t\t\t\t\t\t\t\t\t<span class=\"elementor-button-text\">Con\u00f3cenos<\/span>\n\t\t\t\t\t<\/span>\n\t\t\t\t\t<\/a>\n\t\t\t\t<\/div>\n\t\t\t\t\t\t\t\t<\/div>\n\t\t\t\t<\/div>\n\t\t\t\t\t<\/div>\n\t\t<\/div>\n\t\t\t\t\t<\/div>\n\t\t<\/section>\n\t\t\t\t<section class=\"elementor-section elementor-top-section elementor-element elementor-element-9db36ad elementor-section-boxed elementor-section-height-default elementor-section-height-default\" data-id=\"9db36ad\" data-element_type=\"section\" data-e-type=\"section\">\n\t\t\t\t\t\t<div class=\"elementor-container elementor-column-gap-default\">\n\t\t\t\t\t<div class=\"elementor-column elementor-col-100 elementor-top-column elementor-element elementor-element-69f5f93\" data-id=\"69f5f93\" data-element_type=\"column\" data-e-type=\"column\">\n\t\t\t<div class=\"elementor-widget-wrap elementor-element-populated\">\n\t\t\t\t\t\t<div class=\"elementor-element elementor-element-dd01fa5 elementor-widget elementor-widget-image\" data-id=\"dd01fa5\" data-element_type=\"widget\" data-e-type=\"widget\" data-widget_type=\"image.default\">\n\t\t\t\t<div class=\"elementor-widget-container\">\n\t\t\t\t\t\t\t\t\t\t\t\t\t\t\t\t<a href=\"https:\/\/twitter.com\/futurodocente\">\n\t\t\t\t\t\t\t<img decoding=\"async\" src=\"https:\/\/blogs.uned.es\/futurodocente\/wp-content\/uploads\/sites\/541\/elementor\/thumbs\/twitter-qnj0br2vqmanl00nzy16kn9px2gvlm9fbp2dai7gy8.png\" title=\"twitter\" alt=\"twitter\" loading=\"lazy\" \/>\t\t\t\t\t\t\t\t<\/a>\n\t\t\t\t\t\t\t\t\t\t\t\t\t\t\t<\/div>\n\t\t\t\t<\/div>\n\t\t\t\t\t<\/div>\n\t\t<\/div>\n\t\t\t\t\t<\/div>\n\t\t<\/section>\n\t\t\t\t<\/div>\n\t\t","protected":false},"excerpt":{"rendered":"<p>Formamos a futuros docentes y mejoramos la pr\u00e1ctica educativa Futuro docente Formaci\u00f3n Innovaci\u00f3n Oposiciones Programaci\u00f3n Did\u00e1ctica Situaciones de Aprendizaje Unidades Did\u00e1cticas Defensas ante el Tribunal M\u00e1ster en Inspecci\u00f3n \u00bfQu\u00e9 hacemos? Formamos a futuros docentes y a docentes en ejercicio. Ense\u00f1amos a programar el curr\u00edculo de forma actualizada, innovadora y atendiendo a los requerimientos normativos desde un enfoque cient\u00edfico, acad\u00e9mico, innovador y contextualizado en la realidad de las aulas. Con\u00f3cenos<\/p>\n","protected":false},"author":1,"featured_media":0,"parent":0,"menu_order":0,"comment_status":"closed","ping_status":"closed","template":"","meta":{"footnotes":""},"class_list":["post-15","page","type-page","status-publish"],"_links":{"self":[{"href":"https:\/\/blogs.uned.es\/futurodocente\/wp-json\/wp\/v2\/pages\/15","targetHints":{"allow":["GET"]}}],"collection":[{"href":"https:\/\/blogs.uned.es\/futurodocente\/wp-json\/wp\/v2\/pages"}],"about":[{"href":"https:\/\/blogs.uned.es\/futurodocente\/wp-json\/wp\/v2\/types\/page"}],"author":[{"embeddable":true,"href":"https:\/\/blogs.uned.es\/futurodocente\/wp-json\/wp\/v2\/users\/1"}],"replies":[{"embeddable":true,"href":"https:\/\/blogs.uned.es\/futurodocente\/wp-json\/wp\/v2\/comments?post=15"}],"version-history":[{"count":288,"href":"https:\/\/blogs.uned.es\/futurodocente\/wp-json\/wp\/v2\/pages\/15\/revisions"}],"predecessor-version":[{"id":4371,"href":"https:\/\/blogs.uned.es\/futurodocente\/wp-json\/wp\/v2\/pages\/15\/revisions\/4371"}],"wp:attachment":[{"href":"https:\/\/blogs.uned.es\/futurodocente\/wp-json\/wp\/v2\/media?parent=15"}],"curies":[{"name":"wp","href":"https:\/\/api.w.org\/{rel}","templated":true}]}}