{"id":23745,"date":"2025-05-09T09:11:54","date_gmt":"2025-05-09T09:11:54","guid":{"rendered":"https:\/\/blogs.uned.es\/fundacionuned\/?page_id=23745"},"modified":"2025-07-17T12:25:39","modified_gmt":"2025-07-17T12:25:39","slug":"contacto","status":"publish","type":"page","link":"https:\/\/blogs.uned.es\/fundacionuned\/contacto\/","title":{"rendered":"Contacto"},"content":{"rendered":"\t\t<div data-elementor-type=\"wp-page\" data-elementor-id=\"23745\" class=\"elementor elementor-23745\" data-elementor-post-type=\"page\">\n\t\t\t\t\t\t<section class=\"elementor-section elementor-top-section elementor-element elementor-element-bc28980 elementor-section-boxed elementor-section-height-default elementor-section-height-default\" data-id=\"bc28980\" data-element_type=\"section\" data-e-type=\"section\">\n\t\t\t\t\t\t<div class=\"elementor-container elementor-column-gap-default\">\n\t\t\t\t\t<div class=\"elementor-column elementor-col-25 elementor-top-column elementor-element elementor-element-34571f6\" data-id=\"34571f6\" data-element_type=\"column\" data-e-type=\"column\">\n\t\t\t<div class=\"elementor-widget-wrap elementor-element-populated\">\n\t\t\t\t\t\t<div class=\"elementor-element elementor-element-111fe13 elementor-widget elementor-widget-image\" data-id=\"111fe13\" data-element_type=\"widget\" data-e-type=\"widget\" data-widget_type=\"image.default\">\n\t\t\t\t<div class=\"elementor-widget-container\">\n\t\t\t\t\t\t\t\t\t\t\t\t\t\t\t<img fetchpriority=\"high\" decoding=\"async\" width=\"800\" height=\"213\" src=\"https:\/\/blogs.uned.es\/fundacionuned\/wp-content\/uploads\/sites\/405\/2024\/03\/Logo-Financiado-por-la-Union-Europea_PANTONE-1024x272.jpg\" class=\"attachment-large size-large wp-image-16653\" alt=\"\" srcset=\"https:\/\/blogs.uned.es\/fundacionuned\/wp-content\/uploads\/sites\/405\/2024\/03\/Logo-Financiado-por-la-Union-Europea_PANTONE-1024x272.jpg 1024w, https:\/\/blogs.uned.es\/fundacionuned\/wp-content\/uploads\/sites\/405\/2024\/03\/Logo-Financiado-por-la-Union-Europea_PANTONE-300x80.jpg 300w, https:\/\/blogs.uned.es\/fundacionuned\/wp-content\/uploads\/sites\/405\/2024\/03\/Logo-Financiado-por-la-Union-Europea_PANTONE-768x204.jpg 768w, https:\/\/blogs.uned.es\/fundacionuned\/wp-content\/uploads\/sites\/405\/2024\/03\/Logo-Financiado-por-la-Union-Europea_PANTONE-1536x407.jpg 1536w, https:\/\/blogs.uned.es\/fundacionuned\/wp-content\/uploads\/sites\/405\/2024\/03\/Logo-Financiado-por-la-Union-Europea_PANTONE-2048x543.jpg 2048w\" sizes=\"(max-width: 800px) 100vw, 800px\" \/>\t\t\t\t\t\t\t\t\t\t\t\t\t\t\t<\/div>\n\t\t\t\t<\/div>\n\t\t\t\t\t<\/div>\n\t\t<\/div>\n\t\t\t\t<div class=\"elementor-column elementor-col-25 elementor-top-column elementor-element elementor-element-e2cbbd8\" data-id=\"e2cbbd8\" data-element_type=\"column\" data-e-type=\"column\">\n\t\t\t<div class=\"elementor-widget-wrap elementor-element-populated\">\n\t\t\t\t\t\t<div class=\"elementor-element elementor-element-f92aba1 elementor-absolute elementor-widget elementor-widget-image\" data-id=\"f92aba1\" data-element_type=\"widget\" data-e-type=\"widget\" data-settings=\"{&quot;_position&quot;:&quot;absolute&quot;}\" data-widget_type=\"image.default\">\n\t\t\t\t<div class=\"elementor-widget-container\">\n\t\t\t\t\t\t\t\t\t\t\t\t\t\t\t<img decoding=\"async\" width=\"245\" height=\"100\" src=\"https:\/\/blogs.uned.es\/fundacionuned\/wp-content\/uploads\/sites\/405\/2025\/05\/Logo-PRTR-dos-li\u0301neas_COLOR-245x100.png\" class=\"attachment-a13_navigation_image_size size-a13_navigation_image_size wp-image-23817\" alt=\"\" \/>\t\t\t\t\t\t\t\t\t\t\t\t\t\t\t<\/div>\n\t\t\t\t<\/div>\n\t\t\t\t\t<\/div>\n\t\t<\/div>\n\t\t\t\t<div class=\"elementor-column elementor-col-25 elementor-top-column elementor-element elementor-element-13b5c61\" data-id=\"13b5c61\" data-element_type=\"column\" data-e-type=\"column\">\n\t\t\t<div class=\"elementor-widget-wrap elementor-element-populated\">\n\t\t\t\t\t\t<div class=\"elementor-element elementor-element-7426313 elementor-widget elementor-widget-image\" data-id=\"7426313\" data-element_type=\"widget\" data-e-type=\"widget\" data-widget_type=\"image.default\">\n\t\t\t\t<div class=\"elementor-widget-container\">\n\t\t\t\t\t\t\t\t\t\t\t\t\t\t\t<img decoding=\"async\" width=\"467\" height=\"108\" src=\"https:\/\/blogs.uned.es\/fundacionuned\/wp-content\/uploads\/sites\/405\/2025\/05\/Logo_MTERD.png\" class=\"attachment-large size-large wp-image-23819\" alt=\"\" srcset=\"https:\/\/blogs.uned.es\/fundacionuned\/wp-content\/uploads\/sites\/405\/2025\/05\/Logo_MTERD.png 467w, https:\/\/blogs.uned.es\/fundacionuned\/wp-content\/uploads\/sites\/405\/2025\/05\/Logo_MTERD-300x69.png 300w\" sizes=\"(max-width: 467px) 100vw, 467px\" \/>\t\t\t\t\t\t\t\t\t\t\t\t\t\t\t<\/div>\n\t\t\t\t<\/div>\n\t\t\t\t\t<\/div>\n\t\t<\/div>\n\t\t\t\t<div class=\"elementor-column elementor-col-25 elementor-top-column elementor-element elementor-element-353688a\" data-id=\"353688a\" data-element_type=\"column\" data-e-type=\"column\">\n\t\t\t<div class=\"elementor-widget-wrap elementor-element-populated\">\n\t\t\t\t\t\t<div class=\"elementor-element elementor-element-f57abb6 elementor-widget elementor-widget-image\" data-id=\"f57abb6\" data-element_type=\"widget\" data-e-type=\"widget\" data-widget_type=\"image.default\">\n\t\t\t\t<div class=\"elementor-widget-container\">\n\t\t\t\t\t\t\t\t\t\t\t\t\t\t\t<img loading=\"lazy\" decoding=\"async\" width=\"671\" height=\"340\" src=\"https:\/\/blogs.uned.es\/fundacionuned\/wp-content\/uploads\/sites\/405\/2022\/12\/cropped-MicrosoftTeams-image.png\" class=\"attachment-large size-large wp-image-18791\" alt=\"\" srcset=\"https:\/\/blogs.uned.es\/fundacionuned\/wp-content\/uploads\/sites\/405\/2022\/12\/cropped-MicrosoftTeams-image.png 671w, https:\/\/blogs.uned.es\/fundacionuned\/wp-content\/uploads\/sites\/405\/2022\/12\/cropped-MicrosoftTeams-image-300x152.png 300w\" sizes=\"(max-width: 671px) 100vw, 671px\" \/>\t\t\t\t\t\t\t\t\t\t\t\t\t\t\t<\/div>\n\t\t\t\t<\/div>\n\t\t\t\t\t<\/div>\n\t\t<\/div>\n\t\t\t\t\t<\/div>\n\t\t<\/section>\n\t\t\t\t<section class=\"elementor-section elementor-top-section elementor-element elementor-element-b53ce5b elementor-section-boxed elementor-section-height-default elementor-section-height-default\" data-id=\"b53ce5b\" data-element_type=\"section\" data-e-type=\"section\">\n\t\t\t\t\t\t<div class=\"elementor-container elementor-column-gap-default\">\n\t\t\t\t\t<div class=\"elementor-column elementor-col-100 elementor-top-column elementor-element elementor-element-d9eb15a\" data-id=\"d9eb15a\" data-element_type=\"column\" data-e-type=\"column\">\n\t\t\t<div class=\"elementor-widget-wrap elementor-element-populated\">\n\t\t\t\t\t\t<div class=\"elementor-element elementor-element-932679f elementor-widget elementor-widget-heading\" data-id=\"932679f\" data-element_type=\"widget\" data-e-type=\"widget\" data-widget_type=\"heading.default\">\n\t\t\t\t<div class=\"elementor-widget-container\">\n\t\t\t\t\t<h1 class=\"elementor-heading-title elementor-size-default\">RETO RURAL DIGITAL<\/h1>\t\t\t\t<\/div>\n\t\t\t\t<\/div>\n\t\t\t\t\t<\/div>\n\t\t<\/div>\n\t\t\t\t\t<\/div>\n\t\t<\/section>\n\t\t\t\t<section class=\"elementor-section elementor-top-section elementor-element elementor-element-8154eb6 elementor-section-boxed elementor-section-height-default elementor-section-height-default\" data-id=\"8154eb6\" data-element_type=\"section\" data-e-type=\"section\">\n\t\t\t\t\t\t<div class=\"elementor-container elementor-column-gap-default\">\n\t\t\t\t\t<div class=\"elementor-column elementor-col-100 elementor-top-column elementor-element elementor-element-e0b5798\" data-id=\"e0b5798\" data-element_type=\"column\" data-e-type=\"column\">\n\t\t\t<div class=\"elementor-widget-wrap elementor-element-populated\">\n\t\t\t\t\t\t<div class=\"elementor-element elementor-element-b6960fa elementor-widget elementor-widget-heading\" data-id=\"b6960fa\" data-element_type=\"widget\" data-e-type=\"widget\" data-widget_type=\"heading.default\">\n\t\t\t\t<div class=\"elementor-widget-container\">\n\t\t\t\t\t<h1 class=\"elementor-heading-title elementor-size-default\">LA INCLUSI\u00d3N DIGITAL RURAL: UN AVANCE SOCIAL<\/h1>\t\t\t\t<\/div>\n\t\t\t\t<\/div>\n\t\t\t\t\t<\/div>\n\t\t<\/div>\n\t\t\t\t\t<\/div>\n\t\t<\/section>\n\t\t\t\t<section class=\"elementor-section elementor-top-section elementor-element elementor-element-752aa4e elementor-section-boxed elementor-section-height-default elementor-section-height-default\" data-id=\"752aa4e\" data-element_type=\"section\" data-e-type=\"section\">\n\t\t\t\t\t\t<div class=\"elementor-container elementor-column-gap-default\">\n\t\t\t\t\t<div class=\"elementor-column elementor-col-100 elementor-top-column elementor-element elementor-element-e83865a\" data-id=\"e83865a\" data-element_type=\"column\" data-e-type=\"column\">\n\t\t\t<div class=\"elementor-widget-wrap elementor-element-populated\">\n\t\t\t\t\t\t<div class=\"elementor-element elementor-element-4ddfc9a elementor-nav-menu__align-start elementor-nav-menu--dropdown-none elementor-widget elementor-widget-nav-menu\" data-id=\"4ddfc9a\" data-element_type=\"widget\" data-e-type=\"widget\" data-settings=\"{&quot;submenu_icon&quot;:{&quot;value&quot;:&quot;&lt;i class=\\&quot;fas fa-chevron-down\\&quot;&gt;&lt;\\\/i&gt;&quot;,&quot;library&quot;:&quot;fa-solid&quot;},&quot;layout&quot;:&quot;horizontal&quot;}\" data-widget_type=\"nav-menu.default\">\n\t\t\t\t<div class=\"elementor-widget-container\">\n\t\t\t\t\t\t\t\t<nav aria-label=\"Menu\" class=\"elementor-nav-menu--main elementor-nav-menu__container elementor-nav-menu--layout-horizontal e--pointer-underline e--animation-slide\">\n\t\t\t\t<ul id=\"menu-1-4ddfc9a\" class=\"elementor-nav-menu\"><li class=\"menu-item menu-item-type-post_type menu-item-object-page menu-item-24983\"><a href=\"https:\/\/blogs.uned.es\/fundacionuned\/reto-rural\/\" class=\"elementor-item\">Reto Rural<\/a><\/li>\n<li class=\"menu-item menu-item-type-post_type menu-item-object-page menu-item-24979\"><a href=\"https:\/\/blogs.uned.es\/fundacionuned\/informacion-general\/\" class=\"elementor-item\">Informaci\u00f3n<\/a><\/li>\n<li class=\"menu-item menu-item-type-post_type menu-item-object-page menu-item-24975\"><a href=\"https:\/\/blogs.uned.es\/fundacionuned\/centros-as\/\" class=\"elementor-item\">Centros Asociados<\/a><\/li>\n<li class=\"menu-item menu-item-type-post_type menu-item-object-page menu-item-24977\"><a href=\"https:\/\/blogs.uned.es\/fundacionuned\/convocatorias\/\" class=\"elementor-item\">Convocatorias<\/a><\/li>\n<li class=\"menu-item menu-item-type-post_type menu-item-object-page menu-item-24981\"><a href=\"https:\/\/blogs.uned.es\/fundacionuned\/contacto\/\" class=\"elementor-item\">Contacto<\/a><\/li>\n<li class=\"menu-item menu-item-type-post_type menu-item-object-page menu-item-25533\"><a href=\"https:\/\/blogs.uned.es\/fundacionuned\/faq\/\" class=\"elementor-item\">FAQ<\/a><\/li>\n<\/ul>\t\t\t<\/nav>\n\t\t\t\t\t\t<nav class=\"elementor-nav-menu--dropdown elementor-nav-menu__container\" aria-hidden=\"true\">\n\t\t\t\t<ul id=\"menu-2-4ddfc9a\" class=\"elementor-nav-menu\"><li class=\"menu-item menu-item-type-post_type menu-item-object-page menu-item-24983\"><a href=\"https:\/\/blogs.uned.es\/fundacionuned\/reto-rural\/\" class=\"elementor-item\" tabindex=\"-1\">Reto Rural<\/a><\/li>\n<li class=\"menu-item menu-item-type-post_type menu-item-object-page menu-item-24979\"><a href=\"https:\/\/blogs.uned.es\/fundacionuned\/informacion-general\/\" class=\"elementor-item\" tabindex=\"-1\">Informaci\u00f3n<\/a><\/li>\n<li class=\"menu-item menu-item-type-post_type menu-item-object-page menu-item-24975\"><a href=\"https:\/\/blogs.uned.es\/fundacionuned\/centros-as\/\" class=\"elementor-item\" tabindex=\"-1\">Centros Asociados<\/a><\/li>\n<li class=\"menu-item menu-item-type-post_type menu-item-object-page menu-item-24977\"><a href=\"https:\/\/blogs.uned.es\/fundacionuned\/convocatorias\/\" class=\"elementor-item\" tabindex=\"-1\">Convocatorias<\/a><\/li>\n<li class=\"menu-item menu-item-type-post_type menu-item-object-page menu-item-24981\"><a href=\"https:\/\/blogs.uned.es\/fundacionuned\/contacto\/\" class=\"elementor-item\" tabindex=\"-1\">Contacto<\/a><\/li>\n<li class=\"menu-item menu-item-type-post_type menu-item-object-page menu-item-25533\"><a href=\"https:\/\/blogs.uned.es\/fundacionuned\/faq\/\" class=\"elementor-item\" tabindex=\"-1\">FAQ<\/a><\/li>\n<\/ul>\t\t\t<\/nav>\n\t\t\t\t\t\t<\/div>\n\t\t\t\t<\/div>\n\t\t\t\t\t<\/div>\n\t\t<\/div>\n\t\t\t\t\t<\/div>\n\t\t<\/section>\n\t\t\t\t<section class=\"elementor-section elementor-top-section elementor-element elementor-element-b2d6822 elementor-section-boxed elementor-section-height-default elementor-section-height-default\" data-id=\"b2d6822\" data-element_type=\"section\" data-e-type=\"section\">\n\t\t\t\t\t\t<div class=\"elementor-container elementor-column-gap-default\">\n\t\t\t\t\t<div class=\"elementor-column elementor-col-33 elementor-top-column elementor-element elementor-element-2c71df9\" data-id=\"2c71df9\" data-element_type=\"column\" data-e-type=\"column\">\n\t\t\t<div class=\"elementor-widget-wrap\">\n\t\t\t\t\t\t\t<\/div>\n\t\t<\/div>\n\t\t\t\t<div class=\"elementor-column elementor-col-33 elementor-top-column elementor-element elementor-element-466a834\" data-id=\"466a834\" data-element_type=\"column\" data-e-type=\"column\">\n\t\t\t<div class=\"elementor-widget-wrap elementor-element-populated\">\n\t\t\t\t\t\t<div class=\"elementor-element elementor-element-e3b4e35 elementor-widget__width-initial elementor-widget elementor-widget-text-editor\" data-id=\"e3b4e35\" data-element_type=\"widget\" data-e-type=\"widget\" data-widget_type=\"text-editor.default\">\n\t\t\t\t<div class=\"elementor-widget-container\">\n\t\t\t\t\t\t\t\t\t<h3><span style=\"color: #000000\"><b>Fundaci\u00f3n UNED<\/b><\/span><\/h3><h3><span style=\"color: #000000\">Guzm\u00e1n el Bueno, 133 &#8211; Edificio Germania, 9\u00aa planta<\/span><\/h3><h3><span style=\"color: #000000\">28003 Madrid (Espa\u00f1a)<\/span><\/h3><h3><span style=\"color: #000000\">Tel\u00e9fono:+34 91 386 72 76<\/span><\/h3><h3><span style=\"color: #000000\">Correo electr\u00f3nico: <a style=\"color: #000000\" href=\"mailto:ralonso@fundacion.uned.es\">erodriguez@fundacion.uned.es<\/a><\/span><\/h3><h3><a href=\"https:\/\/www.fundacion.uned.es\/\" target=\"_blank\" rel=\"noopener\">www.fundacion.uned.es<\/a><\/h3>\t\t\t\t\t\t\t\t<\/div>\n\t\t\t\t<\/div>\n\t\t\t\t\t<\/div>\n\t\t<\/div>\n\t\t\t\t<div class=\"elementor-column elementor-col-33 elementor-top-column elementor-element elementor-element-320159f\" data-id=\"320159f\" data-element_type=\"column\" data-e-type=\"column\">\n\t\t\t<div class=\"elementor-widget-wrap\">\n\t\t\t\t\t\t\t<\/div>\n\t\t<\/div>\n\t\t\t\t\t<\/div>\n\t\t<\/section>\n\t\t\t\t<\/div>\n\t\t","protected":false},"excerpt":{"rendered":"<p>RETO RURAL DIGITAL LA INCLUSI\u00d3N DIGITAL RURAL: UN AVANCE SOCIAL Fundaci\u00f3n UNED Guzm\u00e1n el Bueno, 133 &#8211; Edificio Germania, 9\u00aa planta 28003 Madrid (Espa\u00f1a) Tel\u00e9fono:+34 91 386 72 76 Correo electr\u00f3nico: erodriguez@fundacion.uned.es www.fundacion.uned.es<\/p>\n","protected":false},"author":7191,"featured_media":0,"parent":0,"menu_order":0,"comment_status":"closed","ping_status":"closed","template":"","meta":{"footnotes":""},"class_list":["post-23745","page","type-page","status-publish"],"yoast_head":"<!-- This site is optimized with the Yoast SEO plugin v27.2 - https:\/\/yoast.com\/product\/yoast-seo-wordpress\/ -->\n<title>Contacto - Fundaci\u00f3n UNED<\/title>\n<meta name=\"robots\" content=\"index, follow, max-snippet:-1, max-image-preview:large, max-video-preview:-1\" \/>\n<link rel=\"canonical\" href=\"https:\/\/blogs.uned.es\/fundacionuned\/contacto\/\" \/>\n<meta property=\"og:locale\" content=\"es_ES\" \/>\n<meta property=\"og:type\" content=\"article\" \/>\n<meta property=\"og:title\" content=\"Contacto - Fundaci\u00f3n UNED\" \/>\n<meta property=\"og:description\" content=\"RETO RURAL DIGITAL LA INCLUSI\u00d3N DIGITAL RURAL: UN AVANCE SOCIAL Fundaci\u00f3n UNED Guzm\u00e1n el Bueno, 133 &#8211; Edificio Germania, 9\u00aa planta 28003 Madrid (Espa\u00f1a) Tel\u00e9fono:+34 91 386 72 76 Correo electr\u00f3nico: erodriguez@fundacion.uned.es www.fundacion.uned.es\" \/>\n<meta property=\"og:url\" content=\"https:\/\/blogs.uned.es\/fundacionuned\/contacto\/\" \/>\n<meta property=\"og:site_name\" content=\"Fundaci\u00f3n UNED\" \/>\n<meta property=\"article:modified_time\" content=\"2025-07-17T12:25:39+00:00\" \/>\n<meta property=\"og:image\" content=\"https:\/\/blogs.uned.es\/fundacionuned\/wp-content\/uploads\/sites\/405\/2024\/03\/Logo-Financiado-por-la-Union-Europea_PANTONE-scaled.jpg\" \/>\n\t<meta property=\"og:image:width\" content=\"2560\" \/>\n\t<meta property=\"og:image:height\" content=\"679\" \/>\n\t<meta property=\"og:image:type\" content=\"image\/jpeg\" \/>\n<meta name=\"twitter:card\" content=\"summary_large_image\" \/>\n<meta name=\"twitter:label1\" content=\"Tiempo de lectura\" \/>\n\t<meta name=\"twitter:data1\" content=\"2 minutos\" \/>\n<script type=\"application\/ld+json\" class=\"yoast-schema-graph\">{\"@context\":\"https:\/\/schema.org\",\"@graph\":[{\"@type\":\"WebPage\",\"@id\":\"https:\/\/blogs.uned.es\/fundacionuned\/contacto\/\",\"url\":\"https:\/\/blogs.uned.es\/fundacionuned\/contacto\/\",\"name\":\"Contacto - Fundaci\u00f3n UNED\",\"isPartOf\":{\"@id\":\"https:\/\/blogs.uned.es\/fundacionuned\/#website\"},\"primaryImageOfPage\":{\"@id\":\"https:\/\/blogs.uned.es\/fundacionuned\/contacto\/#primaryimage\"},\"image\":{\"@id\":\"https:\/\/blogs.uned.es\/fundacionuned\/contacto\/#primaryimage\"},\"thumbnailUrl\":\"http:\/\/blogs.uned.es\/fundacionuned\/wp-content\/uploads\/sites\/405\/2024\/03\/Logo-Financiado-por-la-Union-Europea_PANTONE-1024x272.jpg\",\"datePublished\":\"2025-05-09T09:11:54+00:00\",\"dateModified\":\"2025-07-17T12:25:39+00:00\",\"breadcrumb\":{\"@id\":\"https:\/\/blogs.uned.es\/fundacionuned\/contacto\/#breadcrumb\"},\"inLanguage\":\"es\",\"potentialAction\":[{\"@type\":\"ReadAction\",\"target\":[\"https:\/\/blogs.uned.es\/fundacionuned\/contacto\/\"]}]},{\"@type\":\"ImageObject\",\"inLanguage\":\"es\",\"@id\":\"https:\/\/blogs.uned.es\/fundacionuned\/contacto\/#primaryimage\",\"url\":\"http:\/\/blogs.uned.es\/fundacionuned\/wp-content\/uploads\/sites\/405\/2024\/03\/Logo-Financiado-por-la-Union-Europea_PANTONE-1024x272.jpg\",\"contentUrl\":\"http:\/\/blogs.uned.es\/fundacionuned\/wp-content\/uploads\/sites\/405\/2024\/03\/Logo-Financiado-por-la-Union-Europea_PANTONE-1024x272.jpg\"},{\"@type\":\"BreadcrumbList\",\"@id\":\"https:\/\/blogs.uned.es\/fundacionuned\/contacto\/#breadcrumb\",\"itemListElement\":[{\"@type\":\"ListItem\",\"position\":1,\"name\":\"Portada\",\"item\":\"https:\/\/blogs.uned.es\/fundacionuned\/\"},{\"@type\":\"ListItem\",\"position\":2,\"name\":\"Contacto\"}]},{\"@type\":\"WebSite\",\"@id\":\"https:\/\/blogs.uned.es\/fundacionuned\/#website\",\"url\":\"https:\/\/blogs.uned.es\/fundacionuned\/\",\"name\":\"Fundaci\u00f3n UNED\",\"description\":\"Fundaci\u00f3n UNED\",\"publisher\":{\"@id\":\"https:\/\/blogs.uned.es\/fundacionuned\/#organization\"},\"potentialAction\":[{\"@type\":\"SearchAction\",\"target\":{\"@type\":\"EntryPoint\",\"urlTemplate\":\"https:\/\/blogs.uned.es\/fundacionuned\/?s={search_term_string}\"},\"query-input\":{\"@type\":\"PropertyValueSpecification\",\"valueRequired\":true,\"valueName\":\"search_term_string\"}}],\"inLanguage\":\"es\"},{\"@type\":\"Organization\",\"@id\":\"https:\/\/blogs.uned.es\/fundacionuned\/#organization\",\"name\":\"Fundaci\u00f3n UNED\",\"url\":\"https:\/\/blogs.uned.es\/fundacionuned\/\",\"logo\":{\"@type\":\"ImageObject\",\"inLanguage\":\"es\",\"@id\":\"https:\/\/blogs.uned.es\/fundacionuned\/#\/schema\/logo\/image\/\",\"url\":\"https:\/\/blogs.uned.es\/fundacionuned\/wp-content\/uploads\/sites\/405\/2022\/12\/cropped-MicrosoftTeams-image.png\",\"contentUrl\":\"https:\/\/blogs.uned.es\/fundacionuned\/wp-content\/uploads\/sites\/405\/2022\/12\/cropped-MicrosoftTeams-image.png\",\"width\":671,\"height\":340,\"caption\":\"Fundaci\u00f3n UNED\"},\"image\":{\"@id\":\"https:\/\/blogs.uned.es\/fundacionuned\/#\/schema\/logo\/image\/\"}}]}<\/script>\n<!-- \/ Yoast SEO plugin. -->","yoast_head_json":{"title":"Contacto - Fundaci\u00f3n UNED","robots":{"index":"index","follow":"follow","max-snippet":"max-snippet:-1","max-image-preview":"max-image-preview:large","max-video-preview":"max-video-preview:-1"},"canonical":"https:\/\/blogs.uned.es\/fundacionuned\/contacto\/","og_locale":"es_ES","og_type":"article","og_title":"Contacto - Fundaci\u00f3n UNED","og_description":"RETO RURAL DIGITAL LA INCLUSI\u00d3N DIGITAL RURAL: UN AVANCE SOCIAL Fundaci\u00f3n UNED Guzm\u00e1n el Bueno, 133 &#8211; Edificio Germania, 9\u00aa planta 28003 Madrid (Espa\u00f1a) Tel\u00e9fono:+34 91 386 72 76 Correo electr\u00f3nico: erodriguez@fundacion.uned.es www.fundacion.uned.es","og_url":"https:\/\/blogs.uned.es\/fundacionuned\/contacto\/","og_site_name":"Fundaci\u00f3n UNED","article_modified_time":"2025-07-17T12:25:39+00:00","og_image":[{"width":2560,"height":679,"url":"https:\/\/blogs.uned.es\/fundacionuned\/wp-content\/uploads\/sites\/405\/2024\/03\/Logo-Financiado-por-la-Union-Europea_PANTONE-scaled.jpg","type":"image\/jpeg"}],"twitter_card":"summary_large_image","twitter_misc":{"Tiempo de lectura":"2 minutos"},"schema":{"@context":"https:\/\/schema.org","@graph":[{"@type":"WebPage","@id":"https:\/\/blogs.uned.es\/fundacionuned\/contacto\/","url":"https:\/\/blogs.uned.es\/fundacionuned\/contacto\/","name":"Contacto - Fundaci\u00f3n UNED","isPartOf":{"@id":"https:\/\/blogs.uned.es\/fundacionuned\/#website"},"primaryImageOfPage":{"@id":"https:\/\/blogs.uned.es\/fundacionuned\/contacto\/#primaryimage"},"image":{"@id":"https:\/\/blogs.uned.es\/fundacionuned\/contacto\/#primaryimage"},"thumbnailUrl":"http:\/\/blogs.uned.es\/fundacionuned\/wp-content\/uploads\/sites\/405\/2024\/03\/Logo-Financiado-por-la-Union-Europea_PANTONE-1024x272.jpg","datePublished":"2025-05-09T09:11:54+00:00","dateModified":"2025-07-17T12:25:39+00:00","breadcrumb":{"@id":"https:\/\/blogs.uned.es\/fundacionuned\/contacto\/#breadcrumb"},"inLanguage":"es","potentialAction":[{"@type":"ReadAction","target":["https:\/\/blogs.uned.es\/fundacionuned\/contacto\/"]}]},{"@type":"ImageObject","inLanguage":"es","@id":"https:\/\/blogs.uned.es\/fundacionuned\/contacto\/#primaryimage","url":"http:\/\/blogs.uned.es\/fundacionuned\/wp-content\/uploads\/sites\/405\/2024\/03\/Logo-Financiado-por-la-Union-Europea_PANTONE-1024x272.jpg","contentUrl":"http:\/\/blogs.uned.es\/fundacionuned\/wp-content\/uploads\/sites\/405\/2024\/03\/Logo-Financiado-por-la-Union-Europea_PANTONE-1024x272.jpg"},{"@type":"BreadcrumbList","@id":"https:\/\/blogs.uned.es\/fundacionuned\/contacto\/#breadcrumb","itemListElement":[{"@type":"ListItem","position":1,"name":"Portada","item":"https:\/\/blogs.uned.es\/fundacionuned\/"},{"@type":"ListItem","position":2,"name":"Contacto"}]},{"@type":"WebSite","@id":"https:\/\/blogs.uned.es\/fundacionuned\/#website","url":"https:\/\/blogs.uned.es\/fundacionuned\/","name":"Fundaci\u00f3n UNED","description":"Fundaci\u00f3n UNED","publisher":{"@id":"https:\/\/blogs.uned.es\/fundacionuned\/#organization"},"potentialAction":[{"@type":"SearchAction","target":{"@type":"EntryPoint","urlTemplate":"https:\/\/blogs.uned.es\/fundacionuned\/?s={search_term_string}"},"query-input":{"@type":"PropertyValueSpecification","valueRequired":true,"valueName":"search_term_string"}}],"inLanguage":"es"},{"@type":"Organization","@id":"https:\/\/blogs.uned.es\/fundacionuned\/#organization","name":"Fundaci\u00f3n UNED","url":"https:\/\/blogs.uned.es\/fundacionuned\/","logo":{"@type":"ImageObject","inLanguage":"es","@id":"https:\/\/blogs.uned.es\/fundacionuned\/#\/schema\/logo\/image\/","url":"https:\/\/blogs.uned.es\/fundacionuned\/wp-content\/uploads\/sites\/405\/2022\/12\/cropped-MicrosoftTeams-image.png","contentUrl":"https:\/\/blogs.uned.es\/fundacionuned\/wp-content\/uploads\/sites\/405\/2022\/12\/cropped-MicrosoftTeams-image.png","width":671,"height":340,"caption":"Fundaci\u00f3n UNED"},"image":{"@id":"https:\/\/blogs.uned.es\/fundacionuned\/#\/schema\/logo\/image\/"}}]}},"_links":{"self":[{"href":"https:\/\/blogs.uned.es\/fundacionuned\/wp-json\/wp\/v2\/pages\/23745","targetHints":{"allow":["GET"]}}],"collection":[{"href":"https:\/\/blogs.uned.es\/fundacionuned\/wp-json\/wp\/v2\/pages"}],"about":[{"href":"https:\/\/blogs.uned.es\/fundacionuned\/wp-json\/wp\/v2\/types\/page"}],"author":[{"embeddable":true,"href":"https:\/\/blogs.uned.es\/fundacionuned\/wp-json\/wp\/v2\/users\/7191"}],"replies":[{"embeddable":true,"href":"https:\/\/blogs.uned.es\/fundacionuned\/wp-json\/wp\/v2\/comments?post=23745"}],"version-history":[{"count":31,"href":"https:\/\/blogs.uned.es\/fundacionuned\/wp-json\/wp\/v2\/pages\/23745\/revisions"}],"predecessor-version":[{"id":25389,"href":"https:\/\/blogs.uned.es\/fundacionuned\/wp-json\/wp\/v2\/pages\/23745\/revisions\/25389"}],"wp:attachment":[{"href":"https:\/\/blogs.uned.es\/fundacionuned\/wp-json\/wp\/v2\/media?parent=23745"}],"curies":[{"name":"wp","href":"https:\/\/api.w.org\/{rel}","templated":true}]}}