{"id":11553,"date":"2022-09-19T09:56:06","date_gmt":"2022-09-19T09:56:06","guid":{"rendered":"https:\/\/blogs.uned.es\/plantillapruebas\/?page_id=11553"},"modified":"2022-12-12T11:11:09","modified_gmt":"2022-12-12T11:11:09","slug":"quienes-somos","status":"publish","type":"page","link":"https:\/\/blogs.uned.es\/fundacionuned\/quienes-somos\/","title":{"rendered":"Quienes somos"},"content":{"rendered":"\n<div class=\"wp-block-cover alignfull\" style=\"min-height:319px;aspect-ratio:unset;\"><span aria-hidden=\"true\" class=\"wp-block-cover__background has-background-dim-40 has-background-dim\" style=\"background-color:#000000\"><\/span><img fetchpriority=\"high\" decoding=\"async\" width=\"2200\" height=\"477\" class=\"wp-block-cover__image-background wp-image-437\" alt=\"\" src=\"http:\/\/blogs.uned.es\/pruebasnuevaplantilla\/wp-content\/uploads\/sites\/391\/2019\/10\/participa.jpg\" data-object-fit=\"cover\" srcset=\"https:\/\/blogs.uned.es\/fundacionuned\/wp-content\/uploads\/sites\/405\/2019\/10\/participa.jpg 2200w, https:\/\/blogs.uned.es\/fundacionuned\/wp-content\/uploads\/sites\/405\/2019\/10\/participa-300x65.jpg 300w, https:\/\/blogs.uned.es\/fundacionuned\/wp-content\/uploads\/sites\/405\/2019\/10\/participa-1024x222.jpg 1024w, https:\/\/blogs.uned.es\/fundacionuned\/wp-content\/uploads\/sites\/405\/2019\/10\/participa-768x167.jpg 768w, https:\/\/blogs.uned.es\/fundacionuned\/wp-content\/uploads\/sites\/405\/2019\/10\/participa-1536x333.jpg 1536w, https:\/\/blogs.uned.es\/fundacionuned\/wp-content\/uploads\/sites\/405\/2019\/10\/participa-2048x444.jpg 2048w\" sizes=\"(max-width: 2200px) 100vw, 2200px\" \/><div class=\"wp-block-cover__inner-container is-layout-flow wp-block-cover-is-layout-flow\">\n<div class=\"wp-block-columns alignwide is-layout-flex wp-container-core-columns-is-layout-9d6595d7 wp-block-columns-is-layout-flex\">\n<div class=\"wp-block-column is-layout-flow wp-block-column-is-layout-flow\" style=\"flex-basis:60%\">\n<div class=\"wp-block-buttons is-layout-flex wp-block-buttons-is-layout-flex\"><\/div>\n<\/div>\n\n\n\n<div class=\"wp-block-column is-layout-flow wp-block-column-is-layout-flow\">\n<p style=\"font-size:65px\"><strong>Qui\u00e9nes somos<\/strong><\/p>\n<\/div>\n<\/div>\n<\/div><\/div>\n\n\n\n<div style=\"height:100px\" aria-hidden=\"true\" class=\"wp-block-spacer\"><\/div>\n\n\n\n<div class=\"wp-block-group ticss-ac3908c4 has-large-font-size\"><div class=\"wp-block-group__inner-container is-layout-flow wp-block-group-is-layout-flow\">\n<div class=\"wp-block-columns ticss-c4a27a80 is-layout-flex wp-container-core-columns-is-layout-9d6595d7 wp-block-columns-is-layout-flex\" style=\"border-style:none;border-width:0px;border-radius:0px\">\n<div class=\"wp-block-column is-layout-flow wp-block-column-is-layout-flow\"><div class=\"wp-block-image\">\n<figure class=\"aligncenter size-full is-resized\"><img decoding=\"async\" src=\"http:\/\/blogs.uned.es\/fundacionuned\/wp-content\/uploads\/sites\/391\/2022\/10\/icono3.png\" alt=\"\" class=\"wp-image-11671\" width=\"111\" height=\"85\" \/><\/figure>\n<\/div><\/div>\n\n\n\n<div class=\"wp-block-column is-layout-flow wp-block-column-is-layout-flow\"><div class=\"wp-block-image\">\n<figure class=\"aligncenter size-full is-resized\"><img decoding=\"async\" src=\"http:\/\/blogs.uned.es\/fundacionuned\/wp-content\/uploads\/sites\/391\/2022\/10\/icono2.png\" alt=\"\" class=\"wp-image-11669\" width=\"95\" height=\"80\" \/><\/figure>\n<\/div><\/div>\n\n\n\n<div class=\"wp-block-column is-layout-flow wp-block-column-is-layout-flow\"><div class=\"wp-block-image\">\n<figure class=\"aligncenter size-full is-resized\"><img loading=\"lazy\" decoding=\"async\" src=\"http:\/\/blogs.uned.es\/fundacionuned\/wp-content\/uploads\/sites\/391\/2022\/10\/icono1.png\" alt=\"\" class=\"wp-image-11665\" width=\"88\" height=\"88\" srcset=\"https:\/\/blogs.uned.es\/fundacionuned\/wp-content\/uploads\/sites\/405\/2022\/10\/icono1.png 186w, https:\/\/blogs.uned.es\/fundacionuned\/wp-content\/uploads\/sites\/405\/2022\/10\/icono1-150x150.png 150w\" sizes=\"(max-width: 88px) 100vw, 88px\" \/><\/figure>\n<\/div><\/div>\n<\/div>\n<\/div><\/div>\n\n\n\n<div class=\"wp-block-columns is-layout-flex wp-container-core-columns-is-layout-9d6595d7 wp-block-columns-is-layout-flex\">\n<div class=\"wp-block-column is-layout-flow wp-block-column-is-layout-flow\">\n<p class=\"has-text-align-center has-text-color\" style=\"color:#507fa8\"><strong>Caracter\u00edstica 1<\/strong><\/p>\n<\/div>\n\n\n\n<div class=\"wp-block-column is-layout-flow wp-block-column-is-layout-flow\">\n<p class=\"has-text-align-center has-text-color\" style=\"color:#507fa8\"><strong><strong>Caracter\u00edstica 1<\/strong><\/strong><\/p>\n<\/div>\n\n\n\n<div class=\"wp-block-column is-layout-flow wp-block-column-is-layout-flow\">\n<p class=\"has-text-align-center has-text-color\" style=\"color:#507fa8\"><strong>Caracter\u00edstica 3<\/strong><\/p>\n<\/div>\n<\/div>\n\n\n\n<div class=\"wp-block-columns is-layout-flex wp-container-core-columns-is-layout-9d6595d7 wp-block-columns-is-layout-flex\">\n<div class=\"wp-block-column is-layout-flow wp-block-column-is-layout-flow\">\n<p class=\"has-text-align-center has-text-color has-small-font-size\" style=\"color:#707071\">Lorem ipsum dolor sit amet, consectetur adipiscing elit, sed do eiusmod tempor incididunt ut labore et dolore magna aliqua.<\/p>\n<\/div>\n\n\n\n<div class=\"wp-block-column is-layout-flow wp-block-column-is-layout-flow\">\n<p class=\"has-text-align-center has-text-color has-small-font-size\" style=\"color:#707071\">Lorem ipsum dolor sit amet, consectetur adipiscing elit, sed do eiusmod tempor incididunt ut labore et dolore magna aliqua.<\/p>\n<\/div>\n\n\n\n<div class=\"wp-block-column is-layout-flow wp-block-column-is-layout-flow\">\n<p class=\"has-text-align-center has-text-color has-small-font-size\" style=\"color:#707071\">Lorem ipsum dolor sit amet, consectetur adipiscing elit, sed do eiusmod tempor incididunt ut labore et dolore magna aliqua.<\/p>\n<\/div>\n<\/div>\n\n\n\n<div style=\"height:89px\" aria-hidden=\"true\" class=\"wp-block-spacer\"><\/div>\n\n\n\n<p class=\"has-text-align-center has-x-large-font-size\"><strong>Secci\u00f3n de texto<\/strong><\/p>\n\n\n\n<div class=\"wp-block-group\" style=\"padding-right:0px\"><div class=\"wp-block-group__inner-container is-layout-flow wp-block-group-is-layout-flow\">\n<p class=\"ticss-18756234 has-medium-font-size\">A continuaci\u00f3n se agrega una secci\u00f3n de texto de prueba, \u00fanicamente para mostrar c\u00f3mo podr\u00eda quedar visualmente.&nbsp;Lorem ipsum dolor sit amet, consectetur adipiscing elit, sed do eiusmod tempor incididunt ut labore et dolore magna aliqua. Ut enim ad minim veniam, quis nostrud exercitation ullamco laboris nisi ut aliquip ex ea commodo consequat. Duis aute irure dolor in reprehenderit in voluptate velit esse cillum dolore eu fugiat nulla pariatur. Excepteur sint occaecat cupidatat non proident, sunt in culpa qui officia deserunt mollit anim id est laborum.<\/p>\n<\/div><\/div>\n\n\n\n<div class=\"wp-block-columns is-layout-flex wp-container-core-columns-is-layout-9d6595d7 wp-block-columns-is-layout-flex\"><\/div>\n\n\n","protected":false},"excerpt":{"rendered":"<p>Caracter\u00edstica 1 Caracter\u00edstica 1 Caracter\u00edstica 3 Lorem ipsum dolor sit amet, consectetur adipiscing elit, sed do eiusmod tempor incididunt ut labore et dolore magna aliqua. Lorem ipsum dolor sit amet, consectetur adipiscing elit, sed do eiusmod tempor incididunt ut labore et dolore magna aliqua. Lorem ipsum dolor sit amet, consectetur adipiscing elit, sed do eiusmod tempor incididunt ut labore et dolore magna aliqua. Secci\u00f3n de texto A continuaci\u00f3n se agrega una secci\u00f3n de texto de prueba, \u00fanicamente para mostrar c\u00f3mo podr\u00eda quedar visualmente.&nbsp;Lorem ipsum dolor sit amet, consectetur adipiscing elit, sed do eiusmod tempor incididunt ut labore et dolore magna aliqua. Ut enim ad minim veniam, quis nostrud exercitation ullamco laboris nisi ut aliquip ex ea commodo consequat. Duis aute irure dolor in reprehenderit in voluptate velit esse cillum dolore eu fugiat nulla pariatur. Excepteur sint occaecat cupidatat non proident, sunt in culpa qui officia deserunt mollit anim id est&hellip;<\/p>\n<p> <a class=\"more-link\" href=\"https:\/\/blogs.uned.es\/fundacionuned\/quienes-somos\/\">Leer m\u00e1s<\/a><\/p>\n","protected":false},"author":1,"featured_media":0,"parent":0,"menu_order":0,"comment_status":"closed","ping_status":"closed","template":"","meta":{"footnotes":""},"class_list":["post-11553","page","type-page","status-publish"],"yoast_head":"<!-- This site is optimized with the Yoast SEO plugin v27.2 - https:\/\/yoast.com\/product\/yoast-seo-wordpress\/ -->\n<title>Quienes somos - Fundaci\u00f3n UNED<\/title>\n<meta name=\"robots\" content=\"index, follow, max-snippet:-1, max-image-preview:large, max-video-preview:-1\" \/>\n<link rel=\"canonical\" href=\"https:\/\/blogs.uned.es\/fundacionuned\/quienes-somos\/\" \/>\n<meta property=\"og:locale\" content=\"es_ES\" \/>\n<meta property=\"og:type\" content=\"article\" \/>\n<meta property=\"og:title\" content=\"Quienes somos - Fundaci\u00f3n UNED\" \/>\n<meta property=\"og:description\" content=\"Caracter\u00edstica 1 Caracter\u00edstica 1 Caracter\u00edstica 3 Lorem ipsum dolor sit amet, consectetur adipiscing elit, sed do eiusmod tempor incididunt ut labore et dolore magna aliqua. Lorem ipsum dolor sit amet, consectetur adipiscing elit, sed do eiusmod tempor incididunt ut labore et dolore magna aliqua. Lorem ipsum dolor sit amet, consectetur adipiscing elit, sed do eiusmod tempor incididunt ut labore et dolore magna aliqua. Secci\u00f3n de texto A continuaci\u00f3n se agrega una secci\u00f3n de texto de prueba, \u00fanicamente para mostrar c\u00f3mo podr\u00eda quedar visualmente.&nbsp;Lorem ipsum dolor sit amet, consectetur adipiscing elit, sed do eiusmod tempor incididunt ut labore et dolore magna aliqua. Ut enim ad minim veniam, quis nostrud exercitation ullamco laboris nisi ut aliquip ex ea commodo consequat. Duis aute irure dolor in reprehenderit in voluptate velit esse cillum dolore eu fugiat nulla pariatur. Excepteur sint occaecat cupidatat non proident, sunt in culpa qui officia deserunt mollit anim id est&hellip;  Leer m\u00e1s\" \/>\n<meta property=\"og:url\" content=\"https:\/\/blogs.uned.es\/fundacionuned\/quienes-somos\/\" \/>\n<meta property=\"og:site_name\" content=\"Fundaci\u00f3n UNED\" \/>\n<meta property=\"article:modified_time\" content=\"2022-12-12T11:11:09+00:00\" \/>\n<meta property=\"og:image\" content=\"http:\/\/blogs.uned.es\/pruebasnuevaplantilla\/wp-content\/uploads\/sites\/391\/2019\/10\/participa.jpg\" \/>\n<meta name=\"twitter:card\" content=\"summary_large_image\" \/>\n<meta name=\"twitter:label1\" content=\"Tiempo de lectura\" \/>\n\t<meta name=\"twitter:data1\" content=\"1 minuto\" \/>\n<script type=\"application\/ld+json\" class=\"yoast-schema-graph\">{\"@context\":\"https:\/\/schema.org\",\"@graph\":[{\"@type\":\"WebPage\",\"@id\":\"https:\/\/blogs.uned.es\/fundacionuned\/quienes-somos\/\",\"url\":\"https:\/\/blogs.uned.es\/fundacionuned\/quienes-somos\/\",\"name\":\"Quienes somos - Fundaci\u00f3n UNED\",\"isPartOf\":{\"@id\":\"https:\/\/blogs.uned.es\/fundacionuned\/#website\"},\"primaryImageOfPage\":{\"@id\":\"https:\/\/blogs.uned.es\/fundacionuned\/quienes-somos\/#primaryimage\"},\"image\":{\"@id\":\"https:\/\/blogs.uned.es\/fundacionuned\/quienes-somos\/#primaryimage\"},\"thumbnailUrl\":\"http:\/\/blogs.uned.es\/pruebasnuevaplantilla\/wp-content\/uploads\/sites\/391\/2019\/10\/participa.jpg\",\"datePublished\":\"2022-09-19T09:56:06+00:00\",\"dateModified\":\"2022-12-12T11:11:09+00:00\",\"breadcrumb\":{\"@id\":\"https:\/\/blogs.uned.es\/fundacionuned\/quienes-somos\/#breadcrumb\"},\"inLanguage\":\"es\",\"potentialAction\":[{\"@type\":\"ReadAction\",\"target\":[\"https:\/\/blogs.uned.es\/fundacionuned\/quienes-somos\/\"]}]},{\"@type\":\"ImageObject\",\"inLanguage\":\"es\",\"@id\":\"https:\/\/blogs.uned.es\/fundacionuned\/quienes-somos\/#primaryimage\",\"url\":\"http:\/\/blogs.uned.es\/pruebasnuevaplantilla\/wp-content\/uploads\/sites\/391\/2019\/10\/participa.jpg\",\"contentUrl\":\"http:\/\/blogs.uned.es\/pruebasnuevaplantilla\/wp-content\/uploads\/sites\/391\/2019\/10\/participa.jpg\"},{\"@type\":\"BreadcrumbList\",\"@id\":\"https:\/\/blogs.uned.es\/fundacionuned\/quienes-somos\/#breadcrumb\",\"itemListElement\":[{\"@type\":\"ListItem\",\"position\":1,\"name\":\"Portada\",\"item\":\"https:\/\/blogs.uned.es\/fundacionuned\/\"},{\"@type\":\"ListItem\",\"position\":2,\"name\":\"Quienes somos\"}]},{\"@type\":\"WebSite\",\"@id\":\"https:\/\/blogs.uned.es\/fundacionuned\/#website\",\"url\":\"https:\/\/blogs.uned.es\/fundacionuned\/\",\"name\":\"Fundaci\u00f3n UNED\",\"description\":\"Fundaci\u00f3n UNED\",\"publisher\":{\"@id\":\"https:\/\/blogs.uned.es\/fundacionuned\/#organization\"},\"potentialAction\":[{\"@type\":\"SearchAction\",\"target\":{\"@type\":\"EntryPoint\",\"urlTemplate\":\"https:\/\/blogs.uned.es\/fundacionuned\/?s={search_term_string}\"},\"query-input\":{\"@type\":\"PropertyValueSpecification\",\"valueRequired\":true,\"valueName\":\"search_term_string\"}}],\"inLanguage\":\"es\"},{\"@type\":\"Organization\",\"@id\":\"https:\/\/blogs.uned.es\/fundacionuned\/#organization\",\"name\":\"Fundaci\u00f3n UNED\",\"url\":\"https:\/\/blogs.uned.es\/fundacionuned\/\",\"logo\":{\"@type\":\"ImageObject\",\"inLanguage\":\"es\",\"@id\":\"https:\/\/blogs.uned.es\/fundacionuned\/#\/schema\/logo\/image\/\",\"url\":\"https:\/\/blogs.uned.es\/fundacionuned\/wp-content\/uploads\/sites\/405\/2022\/12\/cropped-MicrosoftTeams-image.png\",\"contentUrl\":\"https:\/\/blogs.uned.es\/fundacionuned\/wp-content\/uploads\/sites\/405\/2022\/12\/cropped-MicrosoftTeams-image.png\",\"width\":671,\"height\":340,\"caption\":\"Fundaci\u00f3n UNED\"},\"image\":{\"@id\":\"https:\/\/blogs.uned.es\/fundacionuned\/#\/schema\/logo\/image\/\"}}]}<\/script>\n<!-- \/ Yoast SEO plugin. -->","yoast_head_json":{"title":"Quienes somos - Fundaci\u00f3n UNED","robots":{"index":"index","follow":"follow","max-snippet":"max-snippet:-1","max-image-preview":"max-image-preview:large","max-video-preview":"max-video-preview:-1"},"canonical":"https:\/\/blogs.uned.es\/fundacionuned\/quienes-somos\/","og_locale":"es_ES","og_type":"article","og_title":"Quienes somos - Fundaci\u00f3n UNED","og_description":"Caracter\u00edstica 1 Caracter\u00edstica 1 Caracter\u00edstica 3 Lorem ipsum dolor sit amet, consectetur adipiscing elit, sed do eiusmod tempor incididunt ut labore et dolore magna aliqua. Lorem ipsum dolor sit amet, consectetur adipiscing elit, sed do eiusmod tempor incididunt ut labore et dolore magna aliqua. Lorem ipsum dolor sit amet, consectetur adipiscing elit, sed do eiusmod tempor incididunt ut labore et dolore magna aliqua. Secci\u00f3n de texto A continuaci\u00f3n se agrega una secci\u00f3n de texto de prueba, \u00fanicamente para mostrar c\u00f3mo podr\u00eda quedar visualmente.&nbsp;Lorem ipsum dolor sit amet, consectetur adipiscing elit, sed do eiusmod tempor incididunt ut labore et dolore magna aliqua. Ut enim ad minim veniam, quis nostrud exercitation ullamco laboris nisi ut aliquip ex ea commodo consequat. Duis aute irure dolor in reprehenderit in voluptate velit esse cillum dolore eu fugiat nulla pariatur. Excepteur sint occaecat cupidatat non proident, sunt in culpa qui officia deserunt mollit anim id est&hellip;  Leer m\u00e1s","og_url":"https:\/\/blogs.uned.es\/fundacionuned\/quienes-somos\/","og_site_name":"Fundaci\u00f3n UNED","article_modified_time":"2022-12-12T11:11:09+00:00","og_image":[{"url":"http:\/\/blogs.uned.es\/pruebasnuevaplantilla\/wp-content\/uploads\/sites\/391\/2019\/10\/participa.jpg","type":"","width":"","height":""}],"twitter_card":"summary_large_image","twitter_misc":{"Tiempo de lectura":"1 minuto"},"schema":{"@context":"https:\/\/schema.org","@graph":[{"@type":"WebPage","@id":"https:\/\/blogs.uned.es\/fundacionuned\/quienes-somos\/","url":"https:\/\/blogs.uned.es\/fundacionuned\/quienes-somos\/","name":"Quienes somos - Fundaci\u00f3n UNED","isPartOf":{"@id":"https:\/\/blogs.uned.es\/fundacionuned\/#website"},"primaryImageOfPage":{"@id":"https:\/\/blogs.uned.es\/fundacionuned\/quienes-somos\/#primaryimage"},"image":{"@id":"https:\/\/blogs.uned.es\/fundacionuned\/quienes-somos\/#primaryimage"},"thumbnailUrl":"http:\/\/blogs.uned.es\/pruebasnuevaplantilla\/wp-content\/uploads\/sites\/391\/2019\/10\/participa.jpg","datePublished":"2022-09-19T09:56:06+00:00","dateModified":"2022-12-12T11:11:09+00:00","breadcrumb":{"@id":"https:\/\/blogs.uned.es\/fundacionuned\/quienes-somos\/#breadcrumb"},"inLanguage":"es","potentialAction":[{"@type":"ReadAction","target":["https:\/\/blogs.uned.es\/fundacionuned\/quienes-somos\/"]}]},{"@type":"ImageObject","inLanguage":"es","@id":"https:\/\/blogs.uned.es\/fundacionuned\/quienes-somos\/#primaryimage","url":"http:\/\/blogs.uned.es\/pruebasnuevaplantilla\/wp-content\/uploads\/sites\/391\/2019\/10\/participa.jpg","contentUrl":"http:\/\/blogs.uned.es\/pruebasnuevaplantilla\/wp-content\/uploads\/sites\/391\/2019\/10\/participa.jpg"},{"@type":"BreadcrumbList","@id":"https:\/\/blogs.uned.es\/fundacionuned\/quienes-somos\/#breadcrumb","itemListElement":[{"@type":"ListItem","position":1,"name":"Portada","item":"https:\/\/blogs.uned.es\/fundacionuned\/"},{"@type":"ListItem","position":2,"name":"Quienes somos"}]},{"@type":"WebSite","@id":"https:\/\/blogs.uned.es\/fundacionuned\/#website","url":"https:\/\/blogs.uned.es\/fundacionuned\/","name":"Fundaci\u00f3n UNED","description":"Fundaci\u00f3n UNED","publisher":{"@id":"https:\/\/blogs.uned.es\/fundacionuned\/#organization"},"potentialAction":[{"@type":"SearchAction","target":{"@type":"EntryPoint","urlTemplate":"https:\/\/blogs.uned.es\/fundacionuned\/?s={search_term_string}"},"query-input":{"@type":"PropertyValueSpecification","valueRequired":true,"valueName":"search_term_string"}}],"inLanguage":"es"},{"@type":"Organization","@id":"https:\/\/blogs.uned.es\/fundacionuned\/#organization","name":"Fundaci\u00f3n UNED","url":"https:\/\/blogs.uned.es\/fundacionuned\/","logo":{"@type":"ImageObject","inLanguage":"es","@id":"https:\/\/blogs.uned.es\/fundacionuned\/#\/schema\/logo\/image\/","url":"https:\/\/blogs.uned.es\/fundacionuned\/wp-content\/uploads\/sites\/405\/2022\/12\/cropped-MicrosoftTeams-image.png","contentUrl":"https:\/\/blogs.uned.es\/fundacionuned\/wp-content\/uploads\/sites\/405\/2022\/12\/cropped-MicrosoftTeams-image.png","width":671,"height":340,"caption":"Fundaci\u00f3n UNED"},"image":{"@id":"https:\/\/blogs.uned.es\/fundacionuned\/#\/schema\/logo\/image\/"}}]}},"_links":{"self":[{"href":"https:\/\/blogs.uned.es\/fundacionuned\/wp-json\/wp\/v2\/pages\/11553","targetHints":{"allow":["GET"]}}],"collection":[{"href":"https:\/\/blogs.uned.es\/fundacionuned\/wp-json\/wp\/v2\/pages"}],"about":[{"href":"https:\/\/blogs.uned.es\/fundacionuned\/wp-json\/wp\/v2\/types\/page"}],"author":[{"embeddable":true,"href":"https:\/\/blogs.uned.es\/fundacionuned\/wp-json\/wp\/v2\/users\/1"}],"replies":[{"embeddable":true,"href":"https:\/\/blogs.uned.es\/fundacionuned\/wp-json\/wp\/v2\/comments?post=11553"}],"version-history":[{"count":3,"href":"https:\/\/blogs.uned.es\/fundacionuned\/wp-json\/wp\/v2\/pages\/11553\/revisions"}],"predecessor-version":[{"id":11729,"href":"https:\/\/blogs.uned.es\/fundacionuned\/wp-json\/wp\/v2\/pages\/11553\/revisions\/11729"}],"wp:attachment":[{"href":"https:\/\/blogs.uned.es\/fundacionuned\/wp-json\/wp\/v2\/media?parent=11553"}],"curies":[{"name":"wp","href":"https:\/\/api.w.org\/{rel}","templated":true}]}}