{"id":605,"date":"2022-07-27T19:56:16","date_gmt":"2022-07-27T17:56:16","guid":{"rendered":"https:\/\/blogs.uned.es\/fp-informatica\/?page_id=605"},"modified":"2023-12-02T13:24:53","modified_gmt":"2023-12-02T12:24:53","slug":"administracion-de-sistemas-informaticos-en-red-practico","status":"publish","type":"page","link":"https:\/\/blogs.uned.es\/fp-informatica\/administracion-de-sistemas-informaticos-en-red-practico\/","title":{"rendered":"ASIR Pr\u00e1ctico"},"content":{"rendered":"\t\t<div data-elementor-type=\"wp-page\" data-elementor-id=\"605\" class=\"elementor elementor-605\">\n\t\t\t\t\t\t<section class=\"elementor-section elementor-top-section elementor-element elementor-element-bb7b8a7 elementor-section-boxed elementor-section-height-default elementor-section-height-default\" data-id=\"bb7b8a7\" data-element_type=\"section\" data-e-type=\"section\">\n\t\t\t\t\t\t<div class=\"elementor-container elementor-column-gap-default\">\n\t\t\t\t\t<div class=\"elementor-column elementor-col-100 elementor-top-column elementor-element elementor-element-591277f\" data-id=\"591277f\" data-element_type=\"column\" data-e-type=\"column\">\n\t\t\t<div class=\"elementor-widget-wrap elementor-element-populated\">\n\t\t\t\t\t\t<div class=\"elementor-element elementor-element-066a6ae elementor-widget elementor-widget-text-editor\" data-id=\"066a6ae\" data-element_type=\"widget\" data-e-type=\"widget\" data-widget_type=\"text-editor.default\">\n\t\t\t\t<div class=\"elementor-widget-container\">\n\t\t\t\t\t\t\t\t\t<p>Los\/as estudiantes que superen todos los m\u00f3dulos de este programa modular obtendr\u00e1n el t\u00edtulo propio de la UNED <strong>Diploma de Experto Profesional en Administraci\u00f3n de Sistemas Inform\u00e1ticos en Red (F.P.) PR\u00c1CTICO.<\/strong><\/p><p>Seg\u00fan convenio con GSD Cooperativa, el alumno que haya superado los siguientes programas modulares, obtendr\u00e1 de GSD el <strong>T\u00edtulo de T\u00e9cnico Superior en Administraci\u00f3n de Sistemas Inform\u00e1ticos en Red<\/strong> autorizado por la Comunidad de Madrid, <strong>para los\/as estudiantes que est\u00e9n en posesi\u00f3n de la titulaci\u00f3n previa de acceso a T\u00c9CNICO SUPERIOR.<\/strong> Los programas modulares que es necesario superar para la obtenci\u00f3n del mencionado t\u00edtulo son los siguientes:<\/p><ul><li><a href=\"https:\/\/blogs.uned.es\/fp-informatica\/administracion-de-sistemas-informaticos-en-red-inicial\/\"><strong>Administraci\u00f3n de Sistemas inform\u00e1ticos en red (F.P.): Inicial.<\/strong><\/a><\/li><li><a href=\"https:\/\/blogs.uned.es\/fp-informatica\/administracion-de-sistemas-informaticos-en-red-avanzado\/\"><strong>Administraci\u00f3n de Sistemas inform\u00e1ticos en red (F.P.): Avanzado.<\/strong><\/a><\/li><li><a href=\"https:\/\/blogs.uned.es\/fp-informatica\/administracion-de-sistemas-informaticos-en-red-practico\/\"><strong>Administraci\u00f3n de Sistemas inform\u00e1ticos en red (F.P.): Pr\u00e1ctico.<\/strong><\/a><\/li><\/ul><p>Si desea consultar m\u00e1s informaci\u00f3n pinche <strong><a href=\"https:\/\/formacionpermanente.uned.es\/tp_actividad\/actividad\/administracion-de-sistemas-informaticos-en-red-fp-practico\">aqu\u00ed<\/a>.\u00a0<\/strong><\/p>\t\t\t\t\t\t\t\t<\/div>\n\t\t\t\t<\/div>\n\t\t\t\t<div class=\"elementor-element elementor-element-32490d8 elementor-widget elementor-widget-spacer\" data-id=\"32490d8\" data-element_type=\"widget\" data-e-type=\"widget\" data-widget_type=\"spacer.default\">\n\t\t\t\t<div class=\"elementor-widget-container\">\n\t\t\t\t\t\t\t<div class=\"elementor-spacer\">\n\t\t\t<div class=\"elementor-spacer-inner\"><\/div>\n\t\t<\/div>\n\t\t\t\t\t\t<\/div>\n\t\t\t\t<\/div>\n\t\t\t\t<div class=\"elementor-element elementor-element-3c53fbc elementor-widget elementor-widget-heading\" data-id=\"3c53fbc\" data-element_type=\"widget\" data-e-type=\"widget\" data-widget_type=\"heading.default\">\n\t\t\t\t<div class=\"elementor-widget-container\">\n\t\t\t\t\t<h2 class=\"elementor-heading-title elementor-size-default\">T\u00edtulos<\/h2>\t\t\t\t<\/div>\n\t\t\t\t<\/div>\n\t\t\t\t<div class=\"elementor-element elementor-element-a610721 elementor-widget elementor-widget-spacer\" data-id=\"a610721\" data-element_type=\"widget\" data-e-type=\"widget\" data-widget_type=\"spacer.default\">\n\t\t\t\t<div class=\"elementor-widget-container\">\n\t\t\t\t\t\t\t<div class=\"elementor-spacer\">\n\t\t\t<div class=\"elementor-spacer-inner\"><\/div>\n\t\t<\/div>\n\t\t\t\t\t\t<\/div>\n\t\t\t\t<\/div>\n\t\t\t\t<div class=\"elementor-element elementor-element-f5685d0 elementor-widget elementor-widget-text-editor\" data-id=\"f5685d0\" data-element_type=\"widget\" data-e-type=\"widget\" data-widget_type=\"text-editor.default\">\n\t\t\t\t<div class=\"elementor-widget-container\">\n\t\t\t\t\t\t\t\t\t<table class=\"MsoTableGrid aligncenter\" style=\"width: 772.6pt;margin-left: 4.8pt;margin-right: 4.8pt;border: initial none initial\" border=\"1\" width=\"1030\" cellspacing=\"0\" cellpadding=\"0\" align=\"left\"><tbody><tr><td style=\"width: 375.7pt;border-width: 2.25pt;border-right-style: solid;border-bottom-style: solid;border-left-style: solid;border-color: white;background: #bdaacc;padding: 0cm 5.4pt\" width=\"501\"><p class=\"MsoNormal\" style=\"margin-bottom: 0cm;line-height: normal\" align=\"center\"><b><span style=\"font-size: 10.0pt;color: white\">Tipo t\u00edtulo<\/span><\/b><\/p><\/td><td style=\"width: 326pt;border-top-width: 2.25pt;border-right: 2.25pt solid white;border-bottom: 2.25pt solid white;border-top-color: white;border-left: none;background: #bdaacc;padding: 0cm 5.4pt\" width=\"435\"><p class=\"MsoNormal\" style=\"margin-bottom: 0cm;text-align: center;line-height: normal\" align=\"center\"><b><span style=\"font-size: 10.0pt;color: white\">T\u00edtulo<\/span><\/b><\/p><\/td><td style=\"width: 70.9pt;border-top-width: 2.25pt;border-right: 2.25pt solid white;border-bottom: 2.25pt solid white;border-top-color: white;border-left: none;background: #bdaacc;padding: 0cm 5.4pt\" width=\"95\"><p class=\"MsoNormal\" style=\"margin-bottom: 0cm;text-align: center;line-height: normal\" align=\"center\"><b><span style=\"font-size: 10.0pt;color: white\">Cr\u00e9ditos ETCS<\/span><\/b><\/p><\/td><\/tr><tr><td style=\"width: 375.7pt;border: solid white 2.25pt;border-top: none;background: #D8CDE1;padding: 0cm 5.4pt 0cm 5.4pt\" width=\"501\"><p class=\"MsoNormal\" style=\"margin-bottom: 0cm;text-align: center;line-height: normal\" align=\"center\"><span style=\"font-size: 10.0pt;color: black\">DIPLOMA DE EXPERTO PROFESIONAL<\/span><\/p><\/td><td style=\"width: 326.0pt;border-top: none;border-left: none;border-bottom: solid white 2.25pt;border-right: solid white 2.25pt;background: #D8CDE1;padding: 0cm 5.4pt 0cm 5.4pt\" width=\"435\"><p class=\"MsoNormal\" style=\"margin-bottom: 0cm;text-align: center;line-height: normal\" align=\"center\"><span style=\"font-size: 10.0pt;color: black\">Administraci\u00f3n de Sistemas inform\u00e1ticos en red(F.P):PR\u00c1CTICO<\/span><\/p><\/td><td style=\"width: 70.9pt;border-top: none;border-left: none;border-bottom: solid white 2.25pt;border-right: solid white 2.25pt;background: #D8CDE1;padding: 0cm 5.4pt 0cm 5.4pt\" width=\"95\"><p class=\"MsoNormal\" style=\"margin-bottom: 0cm;text-align: center;line-height: normal\" align=\"center\"><span style=\"font-size: 10.0pt;color: black\">27<\/span><\/p><\/td><\/tr><\/tbody><\/table>\t\t\t\t\t\t\t\t<\/div>\n\t\t\t\t<\/div>\n\t\t\t\t<div class=\"elementor-element elementor-element-6ac8856 elementor-widget elementor-widget-spacer\" data-id=\"6ac8856\" data-element_type=\"widget\" data-e-type=\"widget\" data-widget_type=\"spacer.default\">\n\t\t\t\t<div class=\"elementor-widget-container\">\n\t\t\t\t\t\t\t<div class=\"elementor-spacer\">\n\t\t\t<div class=\"elementor-spacer-inner\"><\/div>\n\t\t<\/div>\n\t\t\t\t\t\t<\/div>\n\t\t\t\t<\/div>\n\t\t\t\t\t<\/div>\n\t\t<\/div>\n\t\t\t\t\t<\/div>\n\t\t<\/section>\n\t\t\t\t<section class=\"elementor-section elementor-top-section elementor-element elementor-element-b2188f5 elementor-section-boxed elementor-section-height-default elementor-section-height-default\" data-id=\"b2188f5\" data-element_type=\"section\" data-e-type=\"section\">\n\t\t\t\t\t\t<div class=\"elementor-container elementor-column-gap-default\">\n\t\t\t\t\t<div class=\"elementor-column elementor-col-100 elementor-top-column elementor-element elementor-element-bc4f39c\" data-id=\"bc4f39c\" data-element_type=\"column\" data-e-type=\"column\">\n\t\t\t<div class=\"elementor-widget-wrap elementor-element-populated\">\n\t\t\t\t\t\t<div class=\"elementor-element elementor-element-3c27b46 elementor-widget elementor-widget-heading\" data-id=\"3c27b46\" data-element_type=\"widget\" data-e-type=\"widget\" data-widget_type=\"heading.default\">\n\t\t\t\t<div class=\"elementor-widget-container\">\n\t\t\t\t\t<h2 class=\"elementor-heading-title elementor-size-default\">M\u00f3dulos del programa, calendario y precio<\/h2>\t\t\t\t<\/div>\n\t\t\t\t<\/div>\n\t\t\t\t<div class=\"elementor-element elementor-element-46e134e elementor-widget elementor-widget-spacer\" data-id=\"46e134e\" data-element_type=\"widget\" data-e-type=\"widget\" data-widget_type=\"spacer.default\">\n\t\t\t\t<div class=\"elementor-widget-container\">\n\t\t\t\t\t\t\t<div class=\"elementor-spacer\">\n\t\t\t<div class=\"elementor-spacer-inner\"><\/div>\n\t\t<\/div>\n\t\t\t\t\t\t<\/div>\n\t\t\t\t<\/div>\n\t\t\t\t<div class=\"elementor-element elementor-element-70b42be elementor-widget elementor-widget-text-editor\" data-id=\"70b42be\" data-element_type=\"widget\" data-e-type=\"widget\" data-widget_type=\"text-editor.default\">\n\t\t\t\t<div class=\"elementor-widget-container\">\n\t\t\t\t\t\t\t\t\t<table class=\"MsoTableGrid\" style=\"width: 771.4pt;background: #d8cde1;border: initial none initial\" border=\"1\" width=\"1029\" cellspacing=\"0\" cellpadding=\"0\"><tbody><tr><td style=\"width: 41.7pt;border-width: 2.25pt;border-right-style: solid;border-bottom-style: solid;border-left-style: solid;border-color: white;background: #bdaacc;padding: 0cm 5.4pt\" width=\"56\"><p class=\"MsoNormal\" style=\"margin-bottom: 0cm;text-align: center;line-height: normal\" align=\"center\"><b><span style=\"font-size: 10.0pt;color: white\">C\u00f3digo<\/span><\/b><\/p><\/td><td style=\"width: 616.3pt;border-top-width: 2.25pt;border-right: 2.25pt solid white;border-bottom: 2.25pt solid white;border-top-color: white;border-left: none;background: #bdaacc;padding: 0cm 5.4pt\" width=\"822\"><p class=\"MsoNormal\" style=\"margin-bottom: 0cm;text-align: center;line-height: normal\" align=\"center\"><b><span style=\"font-size: 10.0pt;color: white\">M\u00f3dulo<\/span><\/b><\/p><\/td><td style=\"width: 4cm;border-top-width: 2.25pt;border-right: 2.25pt solid white;border-bottom: 2.25pt solid white;border-top-color: white;border-left: none;background: #bdaacc;padding: 0cm 5.4pt\" width=\"151\"><p class=\"MsoNormal\" style=\"margin-bottom: 0cm;text-align: center;line-height: normal\" align=\"center\"><b><span style=\"font-size: 10.0pt;color: white\">Cr\u00e9ditos ETCS<\/span><\/b><\/p><\/td><\/tr><tr><td style=\"width: 41.7pt;border: solid white 2.25pt;border-top: none;padding: 0cm 5.4pt 0cm 5.4pt\" width=\"56\"><p class=\"MsoNormal\" style=\"margin-bottom: 0cm;text-align: center;line-height: normal\" align=\"center\"><span style=\"font-size: 10.0pt;color: black\">0014<\/span><\/p><\/td><td style=\"width: 616.3pt;border-top: none;border-left: none;border-bottom: solid white 2.25pt;border-right: solid white 2.25pt;padding: 0cm 5.4pt 0cm 5.4pt\" width=\"822\"><p class=\"MsoNormal\" style=\"margin-bottom: 0cm;line-height: normal\"><b><span style=\"font-size: 10.0pt;color: black\">Proyecto de Administraci\u00f3n de Sistemas Inform\u00e1ticos en red<\/span><\/b><b><\/b><\/p><p class=\"MsoNormal\" style=\"margin-bottom: 0cm;line-height: normal\"><span style=\"font-size: 10.0pt;color: black\">Desde septiembre hasta junio<\/span><\/p><\/td><td style=\"width: 4.0cm;border-top: none;border-left: none;border-bottom: solid white 2.25pt;border-right: solid white 2.25pt;padding: 0cm 5.4pt 0cm 5.4pt\" width=\"151\"><p class=\"MsoNormal\" style=\"margin-bottom: 0cm;text-align: center;line-height: normal\" align=\"center\"><span style=\"font-size: 10.0pt;color: black\">5<\/span><\/p><\/td><\/tr><tr><td style=\"width: 41.7pt;border: solid white 2.25pt;border-top: none;padding: 0cm 5.4pt 0cm 5.4pt\" width=\"56\"><p class=\"MsoNormal\" style=\"margin-bottom: 0cm;text-align: center;line-height: normal\" align=\"center\"><span style=\"font-size: 10.0pt;color: black\">0015<\/span><\/p><\/td><td style=\"width: 616.3pt;border-top: none;border-left: none;border-bottom: solid white 2.25pt;border-right: solid white 2.25pt;padding: 0cm 5.4pt 0cm 5.4pt\" width=\"822\"><p class=\"MsoNormal\" style=\"margin-bottom: 0cm;line-height: normal\"><b><span style=\"font-size: 10.0pt;color: black\">Formaci\u00f3n en Centros de Trabajo<\/span><\/b><b><\/b><\/p><p class=\"MsoNormal\" style=\"margin-bottom: 0cm;line-height: normal\"><span style=\"font-size: 10.0pt;color: black\">Desde septiembre hasta junio<\/span><\/p><\/td><td style=\"width: 4.0cm;border-top: none;border-left: none;border-bottom: solid white 2.25pt;border-right: solid white 2.25pt;padding: 0cm 5.4pt 0cm 5.4pt\" width=\"151\"><p class=\"MsoNormal\" style=\"margin-bottom: 0cm;text-align: center;line-height: normal\" align=\"center\"><span style=\"font-size: 10.0pt;color: black\">22<\/span><\/p><\/td><\/tr><\/tbody><\/table>\t\t\t\t\t\t\t\t<\/div>\n\t\t\t\t<\/div>\n\t\t\t\t<div class=\"elementor-element elementor-element-d3b1a80 elementor-widget elementor-widget-spacer\" data-id=\"d3b1a80\" data-element_type=\"widget\" data-e-type=\"widget\" data-widget_type=\"spacer.default\">\n\t\t\t\t<div class=\"elementor-widget-container\">\n\t\t\t\t\t\t\t<div class=\"elementor-spacer\">\n\t\t\t<div class=\"elementor-spacer-inner\"><\/div>\n\t\t<\/div>\n\t\t\t\t\t\t<\/div>\n\t\t\t\t<\/div>\n\t\t\t\t\t<\/div>\n\t\t<\/div>\n\t\t\t\t\t<\/div>\n\t\t<\/section>\n\t\t\t\t<section class=\"elementor-section elementor-top-section elementor-element elementor-element-b022f92 elementor-section-boxed elementor-section-height-default elementor-section-height-default\" data-id=\"b022f92\" data-element_type=\"section\" data-e-type=\"section\">\n\t\t\t\t\t\t<div class=\"elementor-container elementor-column-gap-default\">\n\t\t\t\t\t<div class=\"elementor-column elementor-col-100 elementor-top-column elementor-element elementor-element-b983e50\" data-id=\"b983e50\" data-element_type=\"column\" data-e-type=\"column\">\n\t\t\t<div class=\"elementor-widget-wrap elementor-element-populated\">\n\t\t\t\t\t\t<div class=\"elementor-element elementor-element-2c00f64 elementor-widget elementor-widget-heading\" data-id=\"2c00f64\" data-element_type=\"widget\" data-e-type=\"widget\" data-widget_type=\"heading.default\">\n\t\t\t\t<div class=\"elementor-widget-container\">\n\t\t\t\t\t<h2 class=\"elementor-heading-title elementor-size-default\">Tabla de convalidaciones del programa modular<\/h2>\t\t\t\t<\/div>\n\t\t\t\t<\/div>\n\t\t\t\t<div class=\"elementor-element elementor-element-49524ab elementor-widget elementor-widget-spacer\" data-id=\"49524ab\" data-element_type=\"widget\" data-e-type=\"widget\" data-widget_type=\"spacer.default\">\n\t\t\t\t<div class=\"elementor-widget-container\">\n\t\t\t\t\t\t\t<div class=\"elementor-spacer\">\n\t\t\t<div class=\"elementor-spacer-inner\"><\/div>\n\t\t<\/div>\n\t\t\t\t\t\t<\/div>\n\t\t\t\t<\/div>\n\t\t\t\t<div class=\"elementor-element elementor-element-3ddf075 elementor-widget elementor-widget-text-editor\" data-id=\"3ddf075\" data-element_type=\"widget\" data-e-type=\"widget\" data-widget_type=\"text-editor.default\">\n\t\t\t\t<div class=\"elementor-widget-container\">\n\t\t\t\t\t\t\t\t\t<table class=\"MsoTableGrid\" style=\"width: 771.4pt;margin-left: 4.8pt;margin-right: 4.8pt;border: initial none initial\" border=\"1\" width=\"1029\" cellspacing=\"0\" cellpadding=\"0\" align=\"left\"><tbody><tr><td style=\"width: 44.25pt;border-width: 2.25pt;border-right-style: solid;border-bottom-style: solid;border-left-style: solid;border-color: white;background: #bdaacc;padding: 0cm 5.4pt\" width=\"59\"><p class=\"MsoNormal\" style=\"margin-bottom: 0cm;text-align: center;line-height: normal\" align=\"center\"><b><span style=\"font-size: 10.0pt;color: white\">Tipo<\/span><\/b><\/p><\/td><td style=\"width: 41.4pt;border-top-width: 2.25pt;border-right: 2.25pt solid white;border-bottom: 2.25pt solid white;border-top-color: white;border-left: none;background: #bdaacc;padding: 0cm 5.4pt\" width=\"55\"><p class=\"MsoNormal\" style=\"margin-bottom: 0cm;text-align: center;line-height: normal\" align=\"center\"><b><span style=\"font-size: 10.0pt;color: white\">C\u00f3digo<\/span><\/b><\/p><\/td><td style=\"width: 281.75pt;border-top-width: 2.25pt;border-right: 2.25pt solid white;border-bottom: 2.25pt solid white;border-top-color: white;border-left: none;background: #bdaacc;padding: 0cm 5.4pt\" width=\"376\"><p class=\"MsoNormal\" style=\"margin-bottom: 0cm;text-align: center;line-height: normal\" align=\"center\"><b><span style=\"font-size: 10.0pt;color: white\">T\u00edtulo o M\u00f3dulo convalidable<\/span><\/b><\/p><\/td><td style=\"width: 52.1pt;border-top-width: 2.25pt;border-right: 2.25pt solid white;border-bottom: 2.25pt solid white;border-top-color: white;border-left: none;background: #bdaacc;padding: 0cm 5.4pt\" width=\"69\"><p class=\"MsoNormal\" style=\"margin-bottom: 0cm;text-align: center;line-height: normal\" align=\"center\"><b><span style=\"font-size: 10.0pt;color: white\">Cr\u00e9ditos<\/span><\/b><\/p><\/td><td style=\"width: 42.7pt;border-top-width: 2.25pt;border-right: 2.25pt solid white;border-bottom: 2.25pt solid white;border-top-color: white;border-left: none;background: #bdaacc;padding: 0cm 5.4pt\" width=\"57\"><p class=\"MsoNormal\" style=\"margin-bottom: 0cm;text-align: center;line-height: normal\" align=\"center\"><b><span style=\"font-size: 10.0pt;color: white\">Tipo<\/span><\/b><\/p><\/td><td style=\"width: 39.45pt;border-top-width: 2.25pt;border-right: 2.25pt solid white;border-bottom: 2.25pt solid white;border-top-color: white;border-left: none;background: #bdaacc;padding: 0cm 5.4pt\" width=\"53\"><p class=\"MsoNormal\" style=\"margin-bottom: 0cm;text-align: center;line-height: normal\" align=\"center\"><b><span style=\"font-size: 10.0pt;color: white\">C\u00f3digo<\/span><\/b><\/p><\/td><td style=\"width: 213.95pt;border-top-width: 2.25pt;border-right: 2.25pt solid white;border-bottom: 2.25pt solid white;border-top-color: white;border-left: none;background: #bdaacc;padding: 0cm 5.4pt\" width=\"285\"><p class=\"MsoNormal\" style=\"margin-bottom: 0cm;text-align: center;line-height: normal\" align=\"center\"><b><span style=\"font-size: 10.0pt;color: white\">T\u00edtulo o M\u00f3dulo o Convalidado<\/span><\/b><\/p><\/td><td style=\"width: 55.8pt;border-top-width: 2.25pt;border-right: 2.25pt solid white;border-bottom: 2.25pt solid white;border-top-color: white;border-left: none;background: #bdaacc;padding: 0cm 5.4pt\" width=\"74\"><p class=\"MsoNormal\" style=\"margin-bottom: 0cm;text-align: center;line-height: normal\" align=\"center\"><b><span style=\"font-size: 10.0pt;color: white\">Cr\u00e9ditos<\/span><\/b><\/p><\/td><\/tr><tr><td style=\"width: 44.25pt;border: solid white 2.25pt;border-top: none;background: #D8CDE1;padding: 0cm 5.4pt 0cm 5.4pt\" width=\"59\"><p class=\"MsoNormal\" style=\"margin-bottom: 0cm;text-align: center;line-height: normal\" align=\"center\"><span style=\"font-size: 10.0pt;color: black\">M\u00f3dulo<\/span><\/p><\/td><td style=\"width: 41.4pt;border-top: none;border-left: none;border-bottom: solid white 2.25pt;border-right: solid white 2.25pt;background: #D8CDE1;padding: 0cm 5.4pt 0cm 5.4pt\" width=\"55\"><p class=\"MsoNormal\" style=\"margin-bottom: 0cm;text-align: center;line-height: normal\" align=\"center\"><span style=\"font-size: 10.0pt;color: black\">0014<\/span><\/p><\/td><td style=\"width: 281.75pt;border-top: none;border-left: none;border-bottom: solid white 2.25pt;border-right: solid white 2.25pt;background: #D8CDE1;padding: 0cm 5.4pt 0cm 5.4pt\" width=\"376\"><p class=\"MsoNormal\" style=\"margin-bottom: 0cm;line-height: normal\"><b><span style=\"font-size: 10.0pt;color: black\">Proyecto de Administraci\u00f3n de Sistemas Inform\u00e1ticos en red<\/span><\/b><b><\/b><\/p><p class=\"MsoNormal\" style=\"margin-bottom: 0cm;text-align: center;line-height: normal\" align=\"center\"><span style=\"font-size: 8.0pt;color: black\">(del programa modular: Administraci\u00f3n de Sistemas Inform\u00e1ticos en Red(F.P.))<\/span><\/p><p class=\"MsoNormal\" style=\"margin-bottom: 0cm;text-align: center;line-height: normal\" align=\"center\"><span style=\"font-size: 10.0pt\">\u00a0<\/span><\/p><\/td><td style=\"width: 52.1pt;border-top: none;border-left: none;border-bottom: solid white 2.25pt;border-right: solid white 2.25pt;background: #D8CDE1;padding: 0cm 5.4pt 0cm 5.4pt\" width=\"69\"><p class=\"MsoNormal\" style=\"margin-bottom: 0cm;text-align: center;line-height: normal\" align=\"center\"><span style=\"font-size: 10.0pt;color: black\">5<\/span><\/p><\/td><td style=\"width: 42.7pt;border-top: none;border-left: none;border-bottom: solid white 2.25pt;border-right: solid white 2.25pt;background: #D8CDE1;padding: 0cm 5.4pt 0cm 5.4pt\" width=\"57\"><p class=\"MsoNormal\" style=\"margin-bottom: 0cm;text-align: center;line-height: normal\" align=\"center\"><span style=\"font-size: 10.0pt;color: black\">M\u00f3dulo<\/span><\/p><\/td><td style=\"width: 39.45pt;border-top: none;border-left: none;border-bottom: solid white 2.25pt;border-right: solid white 2.25pt;background: #D8CDE1;padding: 0cm 5.4pt 0cm 5.4pt\" width=\"53\"><p class=\"MsoNormal\" style=\"margin-bottom: 0cm;text-align: center;line-height: normal\" align=\"center\"><span style=\"font-size: 10.0pt;color: black\">0014<\/span><\/p><\/td><td style=\"width: 213.95pt;border-top: none;border-left: none;border-bottom: solid white 2.25pt;border-right: solid white 2.25pt;background: #D8CDE1;padding: 0cm 5.4pt 0cm 5.4pt\" width=\"285\"><p class=\"MsoNormal\" style=\"margin-bottom: 0cm;text-align: center;line-height: normal\" align=\"center\"><span style=\"font-size: 10.0pt;color: black\">Proyecto de Administraci\u00f3n de Sistemas Inform\u00e1ticos en red<\/span><\/p><\/td><td style=\"width: 55.8pt;border-top: none;border-left: none;border-bottom: solid white 2.25pt;border-right: solid white 2.25pt;background: #D8CDE1;padding: 0cm 5.4pt 0cm 5.4pt\" width=\"74\"><p class=\"MsoNormal\" style=\"margin-bottom: 0cm;text-align: center;line-height: normal\" align=\"center\"><span style=\"font-size: 10.0pt;color: black\">5<\/span><\/p><\/td><\/tr><\/tbody><\/table>\t\t\t\t\t\t\t\t<\/div>\n\t\t\t\t<\/div>\n\t\t\t\t\t<\/div>\n\t\t<\/div>\n\t\t\t\t\t<\/div>\n\t\t<\/section>\n\t\t\t\t<\/div>\n\t\t","protected":false},"excerpt":{"rendered":"<p>Los\/as estudiantes que superen todos los m\u00f3dulos de este programa modular obtendr\u00e1n el t\u00edtulo propio de la UNED Diploma de Experto Profesional en Administraci\u00f3n de Sistemas Inform\u00e1ticos en Red (F.P.) PR\u00c1CTICO. Seg\u00fan convenio con GSD Cooperativa, el alumno que haya superado los siguientes programas modulares, obtendr\u00e1 de GSD el T\u00edtulo de T\u00e9cnico Superior en Administraci\u00f3n de Sistemas Inform\u00e1ticos en Red autorizado por la Comunidad de Madrid, para los\/as estudiantes que est\u00e9n en posesi\u00f3n de la titulaci\u00f3n previa de acceso a T\u00c9CNICO SUPERIOR. Los programas modulares que es necesario superar para la obtenci\u00f3n del mencionado t\u00edtulo son los siguientes: Administraci\u00f3n de Sistemas inform\u00e1ticos en red (F.P.): Inicial. Administraci\u00f3n de Sistemas inform\u00e1ticos en red (F.P.): Avanzado. Administraci\u00f3n de Sistemas inform\u00e1ticos en red (F.P.): Pr\u00e1ctico. Si desea consultar m\u00e1s informaci\u00f3n pinche aqu\u00ed.\u00a0 T\u00edtulos Tipo t\u00edtulo T\u00edtulo Cr\u00e9ditos ETCS DIPLOMA DE EXPERTO PROFESIONAL Administraci\u00f3n de Sistemas inform\u00e1ticos en red(F.P):PR\u00c1CTICO 27 M\u00f3dulos del programa, calendario&hellip;<\/p>\n<p> <a class=\"more-link\" href=\"https:\/\/blogs.uned.es\/fp-informatica\/administracion-de-sistemas-informaticos-en-red-practico\/\">Leer m\u00e1s<\/a><\/p>\n","protected":false},"author":7597,"featured_media":0,"parent":0,"menu_order":0,"comment_status":"closed","ping_status":"closed","template":"","meta":{"footnotes":""},"class_list":["post-605","page","type-page","status-publish"],"_links":{"self":[{"href":"https:\/\/blogs.uned.es\/fp-informatica\/wp-json\/wp\/v2\/pages\/605","targetHints":{"allow":["GET"]}}],"collection":[{"href":"https:\/\/blogs.uned.es\/fp-informatica\/wp-json\/wp\/v2\/pages"}],"about":[{"href":"https:\/\/blogs.uned.es\/fp-informatica\/wp-json\/wp\/v2\/types\/page"}],"author":[{"embeddable":true,"href":"https:\/\/blogs.uned.es\/fp-informatica\/wp-json\/wp\/v2\/users\/7597"}],"replies":[{"embeddable":true,"href":"https:\/\/blogs.uned.es\/fp-informatica\/wp-json\/wp\/v2\/comments?post=605"}],"version-history":[{"count":54,"href":"https:\/\/blogs.uned.es\/fp-informatica\/wp-json\/wp\/v2\/pages\/605\/revisions"}],"predecessor-version":[{"id":1939,"href":"https:\/\/blogs.uned.es\/fp-informatica\/wp-json\/wp\/v2\/pages\/605\/revisions\/1939"}],"wp:attachment":[{"href":"https:\/\/blogs.uned.es\/fp-informatica\/wp-json\/wp\/v2\/media?parent=605"}],"curies":[{"name":"wp","href":"https:\/\/api.w.org\/{rel}","templated":true}]}}