{"id":31,"date":"2019-10-09T10:31:23","date_gmt":"2019-10-09T08:31:23","guid":{"rendered":"http:\/\/blogs.uned.es\/fp-informatica\/?page_id=31"},"modified":"2022-11-18T13:16:48","modified_gmt":"2022-11-18T12:16:48","slug":"quienes","status":"publish","type":"page","link":"https:\/\/blogs.uned.es\/fp-informatica\/quienes\/","title":{"rendered":"Qui\u00e9nes somos"},"content":{"rendered":"\t\t<div data-elementor-type=\"wp-page\" data-elementor-id=\"31\" class=\"elementor elementor-31\">\n\t\t\t\t\t\t<section class=\"elementor-section elementor-top-section elementor-element elementor-element-323f72d elementor-section-stretched elementor-section-height-min-height elementor-section-content-middle elementor-section-boxed elementor-section-height-default elementor-section-items-middle\" data-id=\"323f72d\" data-element_type=\"section\" data-e-type=\"section\" data-settings=\"{&quot;stretch_section&quot;:&quot;section-stretched&quot;,&quot;background_background&quot;:&quot;classic&quot;}\">\n\t\t\t\t\t\t<div class=\"elementor-container elementor-column-gap-default\">\n\t\t\t\t\t<div class=\"elementor-column elementor-col-100 elementor-top-column elementor-element elementor-element-8292dc7\" data-id=\"8292dc7\" data-element_type=\"column\" data-e-type=\"column\">\n\t\t\t<div class=\"elementor-widget-wrap elementor-element-populated\">\n\t\t\t\t\t\t<section class=\"elementor-section elementor-inner-section elementor-element elementor-element-1bdd6da elementor-section-boxed elementor-section-height-default elementor-section-height-default\" data-id=\"1bdd6da\" data-element_type=\"section\" data-e-type=\"section\">\n\t\t\t\t\t\t<div class=\"elementor-container elementor-column-gap-default\">\n\t\t\t\t\t<div class=\"elementor-column elementor-col-50 elementor-inner-column elementor-element elementor-element-74ff986\" data-id=\"74ff986\" data-element_type=\"column\" data-e-type=\"column\">\n\t\t\t<div class=\"elementor-widget-wrap\">\n\t\t\t\t\t\t\t<\/div>\n\t\t<\/div>\n\t\t\t\t<div class=\"elementor-column elementor-col-50 elementor-inner-column elementor-element elementor-element-a8ac438\" data-id=\"a8ac438\" data-element_type=\"column\" data-e-type=\"column\">\n\t\t\t<div class=\"elementor-widget-wrap elementor-element-populated\">\n\t\t\t\t\t\t<div class=\"elementor-element elementor-element-e41b967 elementor-widget elementor-widget-heading\" data-id=\"e41b967\" data-element_type=\"widget\" data-e-type=\"widget\" data-widget_type=\"heading.default\">\n\t\t\t\t<div class=\"elementor-widget-container\">\n\t\t\t\t\t<h2 class=\"elementor-heading-title elementor-size-xxl\">Qui\u00e9nes somos<\/h2>\t\t\t\t<\/div>\n\t\t\t\t<\/div>\n\t\t\t\t\t<\/div>\n\t\t<\/div>\n\t\t\t\t\t<\/div>\n\t\t<\/section>\n\t\t\t\t\t<\/div>\n\t\t<\/div>\n\t\t\t\t\t<\/div>\n\t\t<\/section>\n\t\t\t\t<section class=\"elementor-section elementor-top-section elementor-element elementor-element-72ded2c elementor-section-boxed elementor-section-height-default elementor-section-height-default\" data-id=\"72ded2c\" data-element_type=\"section\" data-e-type=\"section\">\n\t\t\t\t\t\t<div class=\"elementor-container elementor-column-gap-default\">\n\t\t\t\t\t<div class=\"elementor-column elementor-col-50 elementor-top-column elementor-element elementor-element-e3a32cd\" data-id=\"e3a32cd\" data-element_type=\"column\" data-e-type=\"column\">\n\t\t\t<div class=\"elementor-widget-wrap elementor-element-populated\">\n\t\t\t\t\t\t<div class=\"elementor-element elementor-element-43ed9d2 elementor-view-default elementor-position-block-start elementor-mobile-position-block-start elementor-widget elementor-widget-icon-box\" data-id=\"43ed9d2\" data-element_type=\"widget\" data-e-type=\"widget\" data-widget_type=\"icon-box.default\">\n\t\t\t\t<div class=\"elementor-widget-container\">\n\t\t\t\t\t\t\t<div class=\"elementor-icon-box-wrapper\">\n\n\t\t\t\t\t\t<div class=\"elementor-icon-box-icon\">\n\t\t\t\t<span  class=\"elementor-icon\">\n\t\t\t\t<i aria-hidden=\"true\" class=\"fas fa-graduation-cap\"><\/i>\t\t\t\t<\/span>\n\t\t\t<\/div>\n\t\t\t\n\t\t\t\t\t\t<div class=\"elementor-icon-box-content\">\n\n\t\t\t\t\t\t\t\t\t<h3 class=\"elementor-icon-box-title\">\n\t\t\t\t\t\t<span  >\n\t\t\t\t\t\t\tExpertos\t\t\t\t\t\t<\/span>\n\t\t\t\t\t<\/h3>\n\t\t\t\t\n\t\t\t\t\t\t\t\t\t<p class=\"elementor-icon-box-description\">\n\t\t\t\t\t\tEste programa modular ha sido desarrollado por un equipo de trabajo mixto, que a\u00fana la experiencia de los mejores expertos en educaci\u00f3n a distancia del Departamento de Sistemas de Comunicaci\u00f3n y Control de la ETS de Ingenier\u00eda Inform\u00e1tica de la UNED\t\t\t\t\t<\/p>\n\t\t\t\t\n\t\t\t<\/div>\n\t\t\t\n\t\t<\/div>\n\t\t\t\t\t\t<\/div>\n\t\t\t\t<\/div>\n\t\t\t\t\t<\/div>\n\t\t<\/div>\n\t\t\t\t<div class=\"elementor-column elementor-col-50 elementor-top-column elementor-element elementor-element-9fda11e\" data-id=\"9fda11e\" data-element_type=\"column\" data-e-type=\"column\">\n\t\t\t<div class=\"elementor-widget-wrap elementor-element-populated\">\n\t\t\t\t\t\t<div class=\"elementor-element elementor-element-fef5e12 elementor-view-default elementor-position-block-start elementor-mobile-position-block-start elementor-widget elementor-widget-icon-box\" data-id=\"fef5e12\" data-element_type=\"widget\" data-e-type=\"widget\" data-widget_type=\"icon-box.default\">\n\t\t\t\t<div class=\"elementor-widget-container\">\n\t\t\t\t\t\t\t<div class=\"elementor-icon-box-wrapper\">\n\n\t\t\t\t\t\t<div class=\"elementor-icon-box-icon\">\n\t\t\t\t<span  class=\"elementor-icon\">\n\t\t\t\t<i aria-hidden=\"true\" class=\"fas fa-globe\"><\/i>\t\t\t\t<\/span>\n\t\t\t<\/div>\n\t\t\t\n\t\t\t\t\t\t<div class=\"elementor-icon-box-content\">\n\n\t\t\t\t\t\t\t\t\t<h3 class=\"elementor-icon-box-title\">\n\t\t\t\t\t\t<span  >\n\t\t\t\t\t\t\tInstituci\u00f3n\t\t\t\t\t\t<\/span>\n\t\t\t\t\t<\/h3>\n\t\t\t\t\n\t\t\t\t\t\t\t\t\t<p class=\"elementor-icon-box-description\">\n\t\t\t\t\t\tEl programa cuenta con el prestigio de la instituci\u00f3n educativa Gredos San Diego Cooperativa (GSD Cooperativa), reconocida en la Comunidad de Madrid por su labor educativa a lo largo de 30 a\u00f1os de existencia que alberga un equipo de docentes altamente cualificados\t\t\t\t\t<\/p>\n\t\t\t\t\n\t\t\t<\/div>\n\t\t\t\n\t\t<\/div>\n\t\t\t\t\t\t<\/div>\n\t\t\t\t<\/div>\n\t\t\t\t\t<\/div>\n\t\t<\/div>\n\t\t\t\t\t<\/div>\n\t\t<\/section>\n\t\t\t\t<section class=\"elementor-section elementor-top-section elementor-element elementor-element-151a8dd elementor-section-boxed elementor-section-height-default elementor-section-height-default\" data-id=\"151a8dd\" data-element_type=\"section\" data-e-type=\"section\">\n\t\t\t\t\t\t<div class=\"elementor-container elementor-column-gap-default\">\n\t\t\t\t\t<div class=\"elementor-column elementor-col-50 elementor-top-column elementor-element elementor-element-ee49390\" data-id=\"ee49390\" data-element_type=\"column\" data-e-type=\"column\">\n\t\t\t<div class=\"elementor-widget-wrap elementor-element-populated\">\n\t\t\t\t\t\t<div class=\"elementor-element elementor-element-eca0842 elementor-widget elementor-widget-image\" data-id=\"eca0842\" data-element_type=\"widget\" data-e-type=\"widget\" data-widget_type=\"image.default\">\n\t\t\t\t<div class=\"elementor-widget-container\">\n\t\t\t\t\t\t\t\t\t\t\t\t\t\t\t<img fetchpriority=\"high\" decoding=\"async\" width=\"800\" height=\"534\" src=\"https:\/\/blogs.uned.es\/fp-informatica\/wp-content\/uploads\/sites\/343\/2019\/10\/happy-students-in-mortar-boards-with-diplomas-PGPXEU6-1024x683.jpg\" class=\"attachment-large size-large wp-image-59\" alt=\"\" srcset=\"https:\/\/blogs.uned.es\/fp-informatica\/wp-content\/uploads\/sites\/343\/2019\/10\/happy-students-in-mortar-boards-with-diplomas-PGPXEU6-1024x683.jpg 1024w, https:\/\/blogs.uned.es\/fp-informatica\/wp-content\/uploads\/sites\/343\/2019\/10\/happy-students-in-mortar-boards-with-diplomas-PGPXEU6-300x200.jpg 300w, https:\/\/blogs.uned.es\/fp-informatica\/wp-content\/uploads\/sites\/343\/2019\/10\/happy-students-in-mortar-boards-with-diplomas-PGPXEU6-768x512.jpg 768w\" sizes=\"(max-width: 800px) 100vw, 800px\" \/>\t\t\t\t\t\t\t\t\t\t\t\t\t\t\t<\/div>\n\t\t\t\t<\/div>\n\t\t\t\t\t<\/div>\n\t\t<\/div>\n\t\t\t\t<div class=\"elementor-column elementor-col-50 elementor-top-column elementor-element elementor-element-f0bf8fe\" data-id=\"f0bf8fe\" data-element_type=\"column\" data-e-type=\"column\">\n\t\t\t<div class=\"elementor-widget-wrap elementor-element-populated\">\n\t\t\t\t\t\t<div class=\"elementor-element elementor-element-706274d elementor-widget elementor-widget-image\" data-id=\"706274d\" data-element_type=\"widget\" data-e-type=\"widget\" data-widget_type=\"image.default\">\n\t\t\t\t<div class=\"elementor-widget-container\">\n\t\t\t\t\t\t\t\t\t\t\t\t\t\t\t<img decoding=\"async\" width=\"800\" height=\"534\" src=\"https:\/\/blogs.uned.es\/fp-informatica\/wp-content\/uploads\/sites\/343\/2019\/10\/contentos-1024x683.jpg\" class=\"attachment-large size-large wp-image-57\" alt=\"\" srcset=\"https:\/\/blogs.uned.es\/fp-informatica\/wp-content\/uploads\/sites\/343\/2019\/10\/contentos-1024x683.jpg 1024w, https:\/\/blogs.uned.es\/fp-informatica\/wp-content\/uploads\/sites\/343\/2019\/10\/contentos-300x200.jpg 300w, https:\/\/blogs.uned.es\/fp-informatica\/wp-content\/uploads\/sites\/343\/2019\/10\/contentos-768x512.jpg 768w, https:\/\/blogs.uned.es\/fp-informatica\/wp-content\/uploads\/sites\/343\/2019\/10\/contentos.jpg 1200w\" sizes=\"(max-width: 800px) 100vw, 800px\" \/>\t\t\t\t\t\t\t\t\t\t\t\t\t\t\t<\/div>\n\t\t\t\t<\/div>\n\t\t\t\t\t<\/div>\n\t\t<\/div>\n\t\t\t\t\t<\/div>\n\t\t<\/section>\n\t\t\t\t<section class=\"elementor-section elementor-top-section elementor-element elementor-element-a04a025 elementor-section-stretched elementor-section-boxed elementor-section-height-default elementor-section-height-default\" data-id=\"a04a025\" data-element_type=\"section\" data-e-type=\"section\" data-settings=\"{&quot;stretch_section&quot;:&quot;section-stretched&quot;,&quot;background_background&quot;:&quot;classic&quot;}\">\n\t\t\t\t\t\t<div class=\"elementor-container elementor-column-gap-default\">\n\t\t\t\t\t<div class=\"elementor-column elementor-col-100 elementor-top-column elementor-element elementor-element-dd5780f\" data-id=\"dd5780f\" data-element_type=\"column\" data-e-type=\"column\">\n\t\t\t<div class=\"elementor-widget-wrap elementor-element-populated\">\n\t\t\t\t\t\t<div class=\"elementor-element elementor-element-7649e41 elementor-widget elementor-widget-heading\" data-id=\"7649e41\" data-element_type=\"widget\" data-e-type=\"widget\" data-widget_type=\"heading.default\">\n\t\t\t\t<div class=\"elementor-widget-container\">\n\t\t\t\t\t<h1 class=\"elementor-heading-title elementor-size-default\">Equipo docente<\/h1>\t\t\t\t<\/div>\n\t\t\t\t<\/div>\n\t\t\t\t<div class=\"elementor-element elementor-element-b963562 elementor-widget elementor-widget-text-editor\" data-id=\"b963562\" data-element_type=\"widget\" data-e-type=\"widget\" data-widget_type=\"text-editor.default\">\n\t\t\t\t<div class=\"elementor-widget-container\">\n\t\t\t\t\t\t\t\t\t<hr \/><hr \/><p><strong><span style=\"font-size: 20.0pt;line-height: 107%\">Codirectores<\/span><\/strong><\/p><p><em><a href=\"https:\/\/www.uned.es\/universidad\/docentes\/informatica\/agustin-carlos-caminero-herraez.html\">CAMINERO HERRAEZ, AGUSTIN CARLOS<\/a> (UNED)<\/em><\/p><p><em>ROS MU\u00d1OZ, SALVADOR (UNED)<\/em><\/p><p><strong><span style=\"font-size: 20.0pt;line-height: 107%\">Directores adjuntos<\/span><\/strong><\/p><p><em>DIAZ S\u00c1NCHEZ, JUAN FRANCISCO (GSD)<\/em><\/p><p><strong><span style=\"font-size: 20.0pt;line-height: 107%\">Equipo docente:<\/span><\/strong><\/p><p><em>BARREIRO BILBAO, SILVIA CARMEN (UNED)<\/em><\/p><p><em>CAMINERO HERRAEZ, AGUSTIN CARLOS (UNED)<\/em><\/p><p><em>CUADRA TRONCOSO, JOSE MANUEL (UNED)<\/em><\/p><p><em>FABREGAS ACOSTA, ERNESTO (UNED)<\/em><\/p><p><em>FRESNO FERNANDEZ, VICTOR DIEGO (UNED)<\/em><\/p><p><em>JORDANO DE LA TORRE, MAR\u00cdA (UNED)<\/em><\/p><p><em>LAZARO OBENSA, JUAN CARLOS (UNED)<\/em><\/p><p><em>MARTIN GUTIERREZ, SERGIO (UNED)<\/em><\/p><p><em>RODRIGO YUSTE, ALVARO (UNED)<\/em><\/p><p><em>RODRIGUEZ FERNANDEZ, LAURA (UNED)<\/em><\/p><p><em>ROS MU\u00d1OZ, SALVADOR (UNED)<\/em><\/p><p><em>RUPIEREZ GARCIA, PABLO (UNED)<\/em><\/p><p><em>RUIZ LARROCHA, ELENA (UNED)<\/em><em style=\"font-family: var( --e-global-typography-text-font-family ), Sans-serif;font-weight: var( --e-global-typography-text-font-weight )\">\u00a0<\/em><\/p><p><em>&#8212;&#8212;&#8212;&#8212;&#8212;&#8212;&#8212;&#8212;&#8212;&#8212;&#8212;&#8212;&#8212;&#8212;&#8212;&#8212;&#8212;&#8212;&#8212;&#8212;&#8212;&#8212;&#8212;&#8212;&#8212;&#8212;&#8212;&#8212;&#8212;&#8212;&#8212;&#8212;&#8212;&#8212;&#8212;&#8212;&#8212;&#8212;&#8212;&#8212;&#8212;&#8212;&#8212;&#8212;&#8212;&#8212;&#8212;&#8212;&#8212;&#8212;&#8212;&#8212;&#8212;&#8212;&#8212;&#8212;&#8211;<\/em><\/p><p><em>BORREGO LOPEZ, ANTONIO (GSD)<\/em><\/p><p><em>DIAZ D\u00c1NCHEZ, JUAN FRANCISCO (GSD)<\/em><\/p><p><em>MELERO GUTIERREZ, MANUEL (GSD)<\/em><\/p><p><em>S\u00c1NCHEZ CANO, MAR\u00cdA DOLORES (GSD)<\/em><\/p><p><em>SANZ S\u00c1NCHEZ, FRANCISCO JAVIER (GSD)<\/em><\/p><p><em>VAQUERO URREA, JOS\u00c9 MIGUEL (GSD)<\/em><\/p><p><em>ZAPERO DE LA CRUZ, JOSE FRANCISCO (GSD)<\/em><\/p>\t\t\t\t\t\t\t\t<\/div>\n\t\t\t\t<\/div>\n\t\t\t\t\t<\/div>\n\t\t<\/div>\n\t\t\t\t\t<\/div>\n\t\t<\/section>\n\t\t\t\t<section class=\"elementor-section elementor-top-section elementor-element elementor-element-4098b1b elementor-section-boxed elementor-section-height-default elementor-section-height-default\" data-id=\"4098b1b\" data-element_type=\"section\" data-e-type=\"section\">\n\t\t\t\t\t\t<div class=\"elementor-container elementor-column-gap-default\">\n\t\t\t\t\t<div class=\"elementor-column elementor-col-100 elementor-top-column elementor-element elementor-element-576ed24\" data-id=\"576ed24\" data-element_type=\"column\" data-e-type=\"column\">\n\t\t\t<div class=\"elementor-widget-wrap elementor-element-populated\">\n\t\t\t\t\t\t<div class=\"elementor-element elementor-element-db2a6db elementor-widget elementor-widget-spacer\" data-id=\"db2a6db\" data-element_type=\"widget\" data-e-type=\"widget\" data-widget_type=\"spacer.default\">\n\t\t\t\t<div class=\"elementor-widget-container\">\n\t\t\t\t\t\t\t<div class=\"elementor-spacer\">\n\t\t\t<div class=\"elementor-spacer-inner\"><\/div>\n\t\t<\/div>\n\t\t\t\t\t\t<\/div>\n\t\t\t\t<\/div>\n\t\t\t\t<div class=\"elementor-element elementor-element-0982369 elementor-widget elementor-widget-heading\" data-id=\"0982369\" data-element_type=\"widget\" data-e-type=\"widget\" data-widget_type=\"heading.default\">\n\t\t\t\t<div class=\"elementor-widget-container\">\n\t\t\t\t\t<h2 class=\"elementor-heading-title elementor-size-default\"><a href=\"http:\/\/linhd.uned.es\/wp-content\/uploads\/2018\/05\/Politica_privacidad_UNED.pdf\">Pol\u00edtica de privacidad de la UNED<\/a><\/h2>\t\t\t\t<\/div>\n\t\t\t\t<\/div>\n\t\t\t\t\t<\/div>\n\t\t<\/div>\n\t\t\t\t\t<\/div>\n\t\t<\/section>\n\t\t\t\t<\/div>\n\t\t","protected":false},"excerpt":{"rendered":"<p>Qui\u00e9nes somos Expertos Este programa modular ha sido desarrollado por un equipo de trabajo mixto, que a\u00fana la experiencia de los mejores expertos en educaci\u00f3n a distancia del Departamento de Sistemas de Comunicaci\u00f3n y Control de la ETS de Ingenier\u00eda Inform\u00e1tica de la UNED Instituci\u00f3n El programa cuenta con el prestigio de la instituci\u00f3n educativa Gredos San Diego Cooperativa (GSD Cooperativa), reconocida en la Comunidad de Madrid por su labor educativa a lo largo de 30 a\u00f1os de existencia que alberga un equipo de docentes altamente cualificados Equipo docente Codirectores CAMINERO HERRAEZ, AGUSTIN CARLOS (UNED) ROS MU\u00d1OZ, SALVADOR (UNED) Directores adjuntos DIAZ S\u00c1NCHEZ, JUAN FRANCISCO (GSD) Equipo docente: BARREIRO BILBAO, SILVIA CARMEN (UNED) CAMINERO HERRAEZ, AGUSTIN CARLOS (UNED) CUADRA TRONCOSO, JOSE MANUEL (UNED) FABREGAS ACOSTA, ERNESTO (UNED) FRESNO FERNANDEZ, VICTOR DIEGO (UNED) JORDANO DE LA TORRE, MAR\u00cdA (UNED) LAZARO OBENSA, JUAN CARLOS (UNED) MARTIN GUTIERREZ, SERGIO (UNED) RODRIGO YUSTE, ALVARO&hellip;<\/p>\n<p> <a class=\"more-link\" href=\"https:\/\/blogs.uned.es\/fp-informatica\/quienes\/\">Leer m\u00e1s<\/a><\/p>\n","protected":false},"author":1,"featured_media":0,"parent":0,"menu_order":0,"comment_status":"closed","ping_status":"closed","template":"","meta":{"footnotes":""},"class_list":["post-31","page","type-page","status-publish"],"_links":{"self":[{"href":"https:\/\/blogs.uned.es\/fp-informatica\/wp-json\/wp\/v2\/pages\/31","targetHints":{"allow":["GET"]}}],"collection":[{"href":"https:\/\/blogs.uned.es\/fp-informatica\/wp-json\/wp\/v2\/pages"}],"about":[{"href":"https:\/\/blogs.uned.es\/fp-informatica\/wp-json\/wp\/v2\/types\/page"}],"author":[{"embeddable":true,"href":"https:\/\/blogs.uned.es\/fp-informatica\/wp-json\/wp\/v2\/users\/1"}],"replies":[{"embeddable":true,"href":"https:\/\/blogs.uned.es\/fp-informatica\/wp-json\/wp\/v2\/comments?post=31"}],"version-history":[{"count":44,"href":"https:\/\/blogs.uned.es\/fp-informatica\/wp-json\/wp\/v2\/pages\/31\/revisions"}],"predecessor-version":[{"id":1515,"href":"https:\/\/blogs.uned.es\/fp-informatica\/wp-json\/wp\/v2\/pages\/31\/revisions\/1515"}],"wp:attachment":[{"href":"https:\/\/blogs.uned.es\/fp-informatica\/wp-json\/wp\/v2\/media?parent=31"}],"curies":[{"name":"wp","href":"https:\/\/api.w.org\/{rel}","templated":true}]}}