{"id":701,"date":"2021-02-25T00:59:28","date_gmt":"2021-02-24T23:59:28","guid":{"rendered":"http:\/\/blogs.uned.es\/fenomenologia\/?page_id=701"},"modified":"2021-03-06T22:11:51","modified_gmt":"2021-03-06T21:11:51","slug":"publicaciones-2","status":"publish","type":"page","link":"https:\/\/blogs.uned.es\/fenomenologia\/publicaciones-2\/","title":{"rendered":"PUBLICACIONES"},"content":{"rendered":"<p>[et_pb_section fb_built=\u00bb1&#8243; admin_label=\u00bbHeader\u00bb _builder_version=\u00bb4.6.6&#8243; locked=\u00bboff\u00bb][et_pb_row _builder_version=\u00bb4.6.6&#8243;][et_pb_column type=\u00bb4_4&#8243; _builder_version=\u00bb4.6.6&#8243;][et_pb_text _builder_version=\u00bb4.4.2&#8243; header_font=\u00bbOswald|700|||||||\u00bb header_text_color=\u00bb#006e51&#8243; header_font_size=\u00bb72px\u00bb text_orientation=\u00bbcenter\u00bb header_font_size_tablet=\u00bb44px\u00bb header_font_size_phone=\u00bb34px\u00bb header_font_size_last_edited=\u00bbon|phone\u00bb]<\/p>\n<h1>PUBLICACIONES<\/h1>\n<p>[\/et_pb_text][\/et_pb_column][\/et_pb_row][\/et_pb_section][et_pb_section fb_built=\u00bb1&#8243; admin_label=\u00bbVideo\u00bb _builder_version=\u00bb3.22&#8243; background_color=\u00bb#3a897e\u00bb custom_padding=\u00bb0|1px|0|0px|false|false\u00bb locked=\u00bboff\u00bb collapsed=\u00bboff\u00bb][et_pb_row _builder_version=\u00bb3.25&#8243; width=\u00bb100%\u00bb max_width=\u00bb100%\u00bb custom_padding=\u00bb0|0px|0|0px|true|false\u00bb use_custom_width=\u00bbon\u00bb width_unit=\u00bboff\u00bb custom_width_percent=\u00bb100%\u00bb][et_pb_column type=\u00bb4_4&#8243; _builder_version=\u00bb3.25&#8243; custom_padding=\u00bb|||\u00bb custom_padding__hover=\u00bb|||\u00bb][\/et_pb_column][\/et_pb_row][\/et_pb_section][et_pb_section fb_built=\u00bb1&#8243; admin_label=\u00bbCauses\u00bb _builder_version=\u00bb4.4.2&#8243; background_color=\u00bb#f7f9f9&#8243; background_image=\u00bbhttp:\/\/blogs.uned.es\/fenomenologia\/wp-content\/uploads\/sites\/271\/2021\/02\/charity-25.png\u00bb background_position=\u00bbbottom_center\u00bb custom_width_px__hover=\u00bb1080px\u00bb custom_width_px__hover_enabled=\u00bb1080px\u00bb custom_width_percent__hover=\u00bb80%\u00bb custom_width_percent__hover_enabled=\u00bb80%\u00bb locked=\u00bboff\u00bb collapsed=\u00bboff\u00bb use_background_color_gradient__hover=\u00bboff\u00bb use_background_color_gradient__hover_enabled=\u00bboff\u00bb background_color_gradient_start__hover=\u00bb#2b87da\u00bb background_color_gradient_start__hover_enabled=\u00bb#2b87da\u00bb background_color_gradient_end__hover=\u00bb#29c4a9&#8243; background_color_gradient_end__hover_enabled=\u00bb#29c4a9&#8243; background_color_gradient_type__hover=\u00bblinear\u00bb background_color_gradient_type__hover_enabled=\u00bblinear\u00bb background_color_gradient_direction__hover=\u00bb180deg\u00bb background_color_gradient_direction__hover_enabled=\u00bb180deg\u00bb background_color_gradient_direction_radial__hover=\u00bbcenter\u00bb background_color_gradient_direction_radial__hover_enabled=\u00bbcenter\u00bb background_color_gradient_start_position__hover=\u00bb0%\u00bb background_color_gradient_start_position__hover_enabled=\u00bb0%\u00bb background_color_gradient_end_position__hover=\u00bb100%\u00bb background_color_gradient_end_position__hover_enabled=\u00bb100%\u00bb background_color_gradient_overlays_image__hover=\u00bboff\u00bb background_color_gradient_overlays_image__hover_enabled=\u00bboff\u00bb parallax__hover=\u00bboff\u00bb parallax__hover_enabled=\u00bboff\u00bb parallax_method__hover=\u00bbon\u00bb parallax_method__hover_enabled=\u00bbon\u00bb background_size__hover=\u00bbcover\u00bb background_size__hover_enabled=\u00bbcover\u00bb background_position__hover=\u00bbcenter\u00bb background_position__hover_enabled=\u00bbcenter\u00bb background_repeat__hover=\u00bbno-repeat\u00bb background_repeat__hover_enabled=\u00bbno-repeat\u00bb background_blend__hover=\u00bbnormal\u00bb background_blend__hover_enabled=\u00bbnormal\u00bb allow_player_pause__hover=\u00bboff\u00bb allow_player_pause__hover_enabled=\u00bboff\u00bb background_video_pause_outside_viewport__hover=\u00bbon\u00bb background_video_pause_outside_viewport__hover_enabled=\u00bbon\u00bb gutter_width__hover=\u00bb3&#8243; gutter_width__hover_enabled=\u00bb3&#8243; make_fullwidth__hover=\u00bboff\u00bb make_fullwidth__hover_enabled=\u00bboff\u00bb use_custom_width__hover=\u00bboff\u00bb use_custom_width__hover_enabled=\u00bboff\u00bb width_unit__hover=\u00bbon\u00bb width_unit__hover_enabled=\u00bbon\u00bb make_equal__hover=\u00bboff\u00bb make_equal__hover_enabled=\u00bboff\u00bb use_custom_gutter__hover=\u00bboff\u00bb use_custom_gutter__hover_enabled=\u00bboff\u00bb max_width__hover=\u00bb100%\u00bb max_width__hover_enabled=\u00bb100%\u00bb][et_pb_row _builder_version=\u00bb3.25&#8243;][et_pb_column type=\u00bb4_4&#8243; _builder_version=\u00bb3.25&#8243; custom_padding=\u00bb|||\u00bb custom_padding__hover=\u00bb|||\u00bb][et_pb_text _builder_version=\u00bb4.4.2&#8243; text_font=\u00bb||||||||\u00bb text_line_height=\u00bb2em\u00bb header_font=\u00bb||||||||\u00bb header_2_font=\u00bbOswald|600||on|||||\u00bb header_2_text_color=\u00bb#0e7162&#8243; header_2_font_size=\u00bb42px\u00bb header_2_line_height=\u00bb1.4em\u00bb header_2_font_size_tablet=\u00bb32px\u00bb header_2_font_size_phone=\u00bb22px\u00bb header_2_font_size_last_edited=\u00bbon|desktop\u00bb]<\/p>\n<h2>Blog Fenomenolog\u00eda<\/h2>\n<p style=\"text-align: justify\"><span style=\"font-weight: 400\">El\u00a0<\/span><i><span style=\"font-weight: 400\">Grupo de Investigaci\u00f3n en Fenomenolog\u00eda<\/span><\/i><span style=\"font-weight: 400\">\u00a0tiene como finalidad canalizar la investigaci\u00f3n en la filosof\u00eda fenomenol\u00f3gica en toda la amplitud del t\u00e9rmino, as\u00ed como en los temas t\u00f3picos dentro esta filosof\u00eda: temas referidos a la naturaleza y funci\u00f3n de la filosof\u00eda, constituci\u00f3n de la vida humana y de la sociedad, crisis de la cultura y crisis de las ciencias, fenomenolog\u00eda del cuerpo y la relaci\u00f3n mente-cuerpo,\u00a0persona e identidad&#8230;<\/span><\/p>\n<p style=\"text-align: justify\"><span style=\"font-weight: 400\">Especial atenci\u00f3n merece en este grupo de investigaci\u00f3n el estudio de los autores vinculados a la Escuela de Madrid, inspirados todos ellos por Ortega y Gasset.<\/span><\/p>\n<p style=\"text-align: justify\"><span style=\"font-weight: 400\">La relaci\u00f3n de las Ciencias Humanas con la filosof\u00eda es otra de las l\u00edneas principales de investigaci\u00f3n, dentro de la cual la psicolog\u00eda ocupar\u00e1 un lugar especial, abri\u00e9ndose a trav\u00e9s de ella la cuesti\u00f3n de las neurociencias y\u00a0su relaci\u00f3n con la filosof\u00eda.<\/span><\/p>\n<p>[\/et_pb_text][\/et_pb_column][\/et_pb_row][et_pb_row _builder_version=\u00bb4.4.2&#8243;][et_pb_column type=\u00bb4_4&#8243; _builder_version=\u00bb4.4.2&#8243;][et_pb_blog include_categories=\u00bb1&#8243; excerpt_length=\u00bb180&#8243; show_more=\u00bbon\u00bb show_author=\u00bboff\u00bb module_class=\u00bbblog\u00bb _builder_version=\u00bb4.4.2&#8243; header_font=\u00bbOswald|||on|||||\u00bb header_font_size=\u00bb24px\u00bb meta_font_size=\u00bb11px\u00bb width=\u00bb100%\u00bb max_width=\u00bb100%\u00bb module_alignment=\u00bbcenter\u00bb custom_margin=\u00bb|-25px|||false|false\u00bb custom_padding=\u00bb||||false|false\u00bb border_width_all=\u00bb0px\u00bb][\/et_pb_blog][\/et_pb_column][\/et_pb_row][\/et_pb_section]<\/p>\n","protected":false},"excerpt":{"rendered":"<p>[et_pb_section fb_built=\u00bb1&#8243; admin_label=\u00bbHeader\u00bb _builder_version=\u00bb4.6.6&#8243; locked=\u00bboff\u00bb][et_pb_row _builder_version=\u00bb4.6.6&#8243;][et_pb_column type=\u00bb4_4&#8243; _builder_version=\u00bb4.6.6&#8243;][et_pb_text _builder_version=\u00bb4.4.2&#8243; header_font=\u00bbOswald|700|||||||\u00bb header_text_color=\u00bb#006e51&#8243; header_font_size=\u00bb72px\u00bb text_orientation=\u00bbcenter\u00bb header_font_size_tablet=\u00bb44px\u00bb header_font_size_phone=\u00bb34px\u00bb header_font_size_last_edited=\u00bbon|phone\u00bb] PUBLICACIONES [\/et_pb_text][\/et_pb_column][\/et_pb_row][\/et_pb_section][et_pb_section fb_built=\u00bb1&#8243; admin_label=\u00bbVideo\u00bb _builder_version=\u00bb3.22&#8243; background_color=\u00bb#3a897e\u00bb custom_padding=\u00bb0|1px|0|0px|false|false\u00bb locked=\u00bboff\u00bb collapsed=\u00bboff\u00bb][et_pb_row _builder_version=\u00bb3.25&#8243; width=\u00bb100%\u00bb max_width=\u00bb100%\u00bb custom_padding=\u00bb0|0px|0|0px|true|false\u00bb use_custom_width=\u00bbon\u00bb width_unit=\u00bboff\u00bb custom_width_percent=\u00bb100%\u00bb][et_pb_column type=\u00bb4_4&#8243; _builder_version=\u00bb3.25&#8243; custom_padding=\u00bb|||\u00bb custom_padding__hover=\u00bb|||\u00bb][\/et_pb_column][\/et_pb_row][\/et_pb_section][et_pb_section fb_built=\u00bb1&#8243; admin_label=\u00bbCauses\u00bb _builder_version=\u00bb4.4.2&#8243; background_color=\u00bb#f7f9f9&#8243; background_image=\u00bbhttp:\/\/blogs.uned.es\/fenomenologia\/wp-content\/uploads\/sites\/271\/2021\/02\/charity-25.png\u00bb background_position=\u00bbbottom_center\u00bb custom_width_px__hover=\u00bb1080px\u00bb custom_width_px__hover_enabled=\u00bb1080px\u00bb custom_width_percent__hover=\u00bb80%\u00bb custom_width_percent__hover_enabled=\u00bb80%\u00bb locked=\u00bboff\u00bb collapsed=\u00bboff\u00bb use_background_color_gradient__hover=\u00bboff\u00bb use_background_color_gradient__hover_enabled=\u00bboff\u00bb background_color_gradient_start__hover=\u00bb#2b87da\u00bb background_color_gradient_start__hover_enabled=\u00bb#2b87da\u00bb background_color_gradient_end__hover=\u00bb#29c4a9&#8243; background_color_gradient_end__hover_enabled=\u00bb#29c4a9&#8243; background_color_gradient_type__hover=\u00bblinear\u00bb [&hellip;]<\/p>\n","protected":false},"author":7405,"featured_media":0,"parent":0,"menu_order":0,"comment_status":"closed","ping_status":"closed","template":"","meta":{"_et_pb_use_builder":"on","_et_pb_old_content":"","_et_gb_content_width":"","footnotes":""},"class_list":["post-701","page","type-page","status-publish","hentry"],"_links":{"self":[{"href":"https:\/\/blogs.uned.es\/fenomenologia\/wp-json\/wp\/v2\/pages\/701","targetHints":{"allow":["GET"]}}],"collection":[{"href":"https:\/\/blogs.uned.es\/fenomenologia\/wp-json\/wp\/v2\/pages"}],"about":[{"href":"https:\/\/blogs.uned.es\/fenomenologia\/wp-json\/wp\/v2\/types\/page"}],"author":[{"embeddable":true,"href":"https:\/\/blogs.uned.es\/fenomenologia\/wp-json\/wp\/v2\/users\/7405"}],"replies":[{"embeddable":true,"href":"https:\/\/blogs.uned.es\/fenomenologia\/wp-json\/wp\/v2\/comments?post=701"}],"version-history":[{"count":10,"href":"https:\/\/blogs.uned.es\/fenomenologia\/wp-json\/wp\/v2\/pages\/701\/revisions"}],"predecessor-version":[{"id":5531,"href":"https:\/\/blogs.uned.es\/fenomenologia\/wp-json\/wp\/v2\/pages\/701\/revisions\/5531"}],"wp:attachment":[{"href":"https:\/\/blogs.uned.es\/fenomenologia\/wp-json\/wp\/v2\/media?parent=701"}],"curies":[{"name":"wp","href":"https:\/\/api.w.org\/{rel}","templated":true}]}}