{"id":1121,"date":"2020-11-14T13:16:29","date_gmt":"2020-11-14T12:16:29","guid":{"rendered":"http:\/\/blogs.uned.es\/eutwintransitions\/?page_id=1121"},"modified":"2026-03-17T11:37:20","modified_gmt":"2026-03-17T10:37:20","slug":"inicio-home","status":"publish","type":"page","link":"https:\/\/blogs.uned.es\/eutwintransitions\/","title":{"rendered":"Inicio\/Home"},"content":{"rendered":"\t\t<div data-elementor-type=\"wp-page\" data-elementor-id=\"1121\" class=\"elementor elementor-1121\">\n\t\t\t\t\t\t<section class=\"elementor-section elementor-top-section elementor-element elementor-element-cb6d8bd elementor-section-boxed elementor-section-height-default elementor-section-height-default\" data-id=\"cb6d8bd\" data-element_type=\"section\" data-e-type=\"section\">\n\t\t\t\t\t\t<div class=\"elementor-container elementor-column-gap-default\">\n\t\t\t\t\t<div class=\"elementor-column elementor-col-50 elementor-top-column elementor-element elementor-element-1c16b59\" data-id=\"1c16b59\" data-element_type=\"column\" data-e-type=\"column\">\n\t\t\t<div class=\"elementor-widget-wrap elementor-element-populated\">\n\t\t\t\t\t\t<div class=\"elementor-element elementor-element-7b38211 elementor-widget elementor-widget-text-editor\" data-id=\"7b38211\" data-element_type=\"widget\" data-e-type=\"widget\" data-widget_type=\"text-editor.default\">\n\t\t\t\t<div class=\"elementor-widget-container\">\n\t\t\t\t\t\t\t\t\t<h6><span style=\"color: #000000;\">European institutions recognize the key role that digital and green transitions can play in improving the business landscape in Europe. The twin transition (digital and green) is in the core of the priorities established by the European Commission (EC), as indicated by President Von der Leyen. How European companies face these transformations will be a key for their future growth.<\/span><\/h6>\n<h6><span style=\"color: #000000;\"><strong><em>\u201cLeading the twin transition in this changing world is the driving force of this Commission. This is our generational task and opportunity. And it is why, since day one, we have been determined to move fast to build a fair and prosperous, green and digital Europe that will last for our children.\u201d<\/em><\/strong><\/span><\/h6>\n<h6 style=\"text-align: right;\"><span style=\"color: #000000;\">\u00abMove fast, build to last: Europe&#8217;s new generation\u00bb, -op-ed by Ursula von der Leyen, President of the European Commission<\/span><\/h6>\n<h6><span style=\"color: #000000;\">Europe&#8217;s 25 million small and medium-sized enterprises (SMEs) are the backbone of the EU economy, employing more than 100 million people and representing more than half of European GDP. SMEs are central to the EU\u2019s twin transitions to a sustainable and digital economy, as well as for the success of the green transition in the EU, since SMEs are currently responsible for around 60 % of all greenhouse gas emissions by enterprises.<\/span><\/h6>\n<h6><span style=\"color: #000000;\">The EU&#8217;s ambitions to achieve climate neutrality by 2050 and seize the opportunities of the digital decade require immediate action, studies and dissemination. This Jean Monnet Chair addresses this crucial topic for companies, institutions and citizens, in an area that needs deepen teaching in EU studies.<\/span><\/h6>\t\t\t\t\t\t\t\t<\/div>\n\t\t\t\t<\/div>\n\t\t\t\t\t<\/div>\n\t\t<\/div>\n\t\t\t\t<div class=\"elementor-column elementor-col-50 elementor-top-column elementor-element elementor-element-3b8735c\" data-id=\"3b8735c\" data-element_type=\"column\" data-e-type=\"column\">\n\t\t\t<div class=\"elementor-widget-wrap elementor-element-populated\">\n\t\t\t\t\t\t<div class=\"elementor-element elementor-element-7698d28 elementor-absolute elementor-widget elementor-widget-image\" data-id=\"7698d28\" data-element_type=\"widget\" data-e-type=\"widget\" data-settings=\"{&quot;_position&quot;:&quot;absolute&quot;}\" data-widget_type=\"image.default\">\n\t\t\t\t<div class=\"elementor-widget-container\">\n\t\t\t\t\t\t\t\t\t\t\t\t\t\t\t<img fetchpriority=\"high\" decoding=\"async\" width=\"888\" height=\"578\" src=\"https:\/\/blogs.uned.es\/eutwintransitions\/wp-content\/uploads\/sites\/495\/2020\/11\/02.jpg\" class=\"attachment-large size-large wp-image-1083\" alt=\"\" srcset=\"https:\/\/blogs.uned.es\/eutwintransitions\/wp-content\/uploads\/sites\/495\/2020\/11\/02.jpg 888w, https:\/\/blogs.uned.es\/eutwintransitions\/wp-content\/uploads\/sites\/495\/2020\/11\/02-300x195.jpg 300w, https:\/\/blogs.uned.es\/eutwintransitions\/wp-content\/uploads\/sites\/495\/2020\/11\/02-768x500.jpg 768w\" sizes=\"(max-width: 888px) 100vw, 888px\" \/>\t\t\t\t\t\t\t\t\t\t\t\t\t\t\t<\/div>\n\t\t\t\t<\/div>\n\t\t\t\t\t<\/div>\n\t\t<\/div>\n\t\t\t\t\t<\/div>\n\t\t<\/section>\n\t\t\t\t<section class=\"elementor-section elementor-top-section elementor-element elementor-element-448b423 elementor-section-boxed elementor-section-height-default elementor-section-height-default\" data-id=\"448b423\" data-element_type=\"section\" data-e-type=\"section\">\n\t\t\t\t\t\t<div class=\"elementor-container elementor-column-gap-wide\">\n\t\t\t\t\t<div class=\"elementor-column elementor-col-50 elementor-top-column elementor-element elementor-element-1383374\" data-id=\"1383374\" data-element_type=\"column\" data-e-type=\"column\">\n\t\t\t<div class=\"elementor-widget-wrap elementor-element-populated\">\n\t\t\t\t\t\t<div class=\"elementor-element elementor-element-75b836f elementor-absolute elementor-widget elementor-widget-image\" data-id=\"75b836f\" data-element_type=\"widget\" data-e-type=\"widget\" data-settings=\"{&quot;_position&quot;:&quot;absolute&quot;}\" data-widget_type=\"image.default\">\n\t\t\t\t<div class=\"elementor-widget-container\">\n\t\t\t\t\t\t\t\t\t\t\t\t\t\t\t<img decoding=\"async\" width=\"888\" height=\"578\" src=\"https:\/\/blogs.uned.es\/eutwintransitions\/wp-content\/uploads\/sites\/495\/2020\/11\/01.jpg\" class=\"attachment-large size-large wp-image-1075\" alt=\"\" srcset=\"https:\/\/blogs.uned.es\/eutwintransitions\/wp-content\/uploads\/sites\/495\/2020\/11\/01.jpg 888w, https:\/\/blogs.uned.es\/eutwintransitions\/wp-content\/uploads\/sites\/495\/2020\/11\/01-300x195.jpg 300w, https:\/\/blogs.uned.es\/eutwintransitions\/wp-content\/uploads\/sites\/495\/2020\/11\/01-768x500.jpg 768w\" sizes=\"(max-width: 888px) 100vw, 888px\" \/>\t\t\t\t\t\t\t\t\t\t\t\t\t\t\t<\/div>\n\t\t\t\t<\/div>\n\t\t\t\t\t<\/div>\n\t\t<\/div>\n\t\t\t\t<div class=\"elementor-column elementor-col-50 elementor-top-column elementor-element elementor-element-4876244\" data-id=\"4876244\" data-element_type=\"column\" data-e-type=\"column\">\n\t\t\t<div class=\"elementor-widget-wrap elementor-element-populated\">\n\t\t\t\t\t\t<div class=\"elementor-element elementor-element-c0316b8 elementor-widget elementor-widget-text-editor\" data-id=\"c0316b8\" data-element_type=\"widget\" data-e-type=\"widget\" data-widget_type=\"text-editor.default\">\n\t\t\t\t<div class=\"elementor-widget-container\">\n\t\t\t\t\t\t\t\t\t<h6>Las instituciones europeas reconocen el papel clave que la transici\u00f3n digital y ecol\u00f3gica puede desempe\u00f1ar en la mejora del panorama empresarial en Europa. La doble transici\u00f3n (digital y verde) est\u00e1 en el centro de las prioridades establecidas por la Comisi\u00f3n Europea (CE), como indic\u00f3 la presidenta Von der Leyen. La forma en que las empresas europeas afronten estas transformaciones ser\u00e1 clave para su crecimiento futuro.<\/h6><h6><strong>\u201cEn este mundo en pleno cambio, liderar la doble transici\u00f3n es la idea fundamental que mueve a esta Comisi\u00f3n. Es la tarea y la oportunidad de nuestra generaci\u00f3n. De ah\u00ed que desde el primer d\u00eda nos hayamos mostrado resueltos a avanzar deprisa para construir una Europa justa y pr\u00f3spera, ecol\u00f3gica y digital, que dure para nuestros hijos\u201d<\/strong><\/h6><h6 style=\"text-align: right\">\u201cAvanzar r\u00e1pido, construir para perdurar: la nueva generaci\u00f3n de Europa\u00bb, por\u00a0Ursula von der Leyen, presidenta de la Comisi\u00f3n Europea-<\/h6><h6>Los 25 millones de peque\u00f1as y medianas empresas (PYME) europeas son la columna vertebral de la econom\u00eda de la UE, dando empleo a m\u00e1s de 100 millones de personas y \u00a0representando m\u00e1s de la mitad del PIB europeo. Las PYME son fundamentales para la doble transici\u00f3n de la UE hacia una econom\u00eda sostenible y digital, as\u00ed como para el \u00e9xito de la transici\u00f3n ecol\u00f3gica en la UE, ya que actualmente son responsables de alrededor del 60 % de todas las emisiones de gases de efecto invernadero de las empresas.\u00a0<\/h6><h6>Las ambiciones de la UE de lograr la neutralidad clim\u00e1tica para 2050 y aprovechar las oportunidades de la d\u00e9cada digital exigen actuaciones, estudios y difusi\u00f3n inmediatos. Esta c\u00e1tedra Jean Monnet aborda este tema crucial para empresas, instituciones y ciudadanos, en\u00a0un \u00e1mbito que necesita una ense\u00f1anza m\u00e1s profunda en los estudios de la UE.<\/h6><h6>\u00a0<\/h6>\t\t\t\t\t\t\t\t<\/div>\n\t\t\t\t<\/div>\n\t\t\t\t\t<\/div>\n\t\t<\/div>\n\t\t\t\t\t<\/div>\n\t\t<\/section>\n\t\t\t\t<section class=\"elementor-section elementor-top-section elementor-element elementor-element-8b00629 elementor-section-boxed elementor-section-height-default elementor-section-height-default\" data-id=\"8b00629\" data-element_type=\"section\" data-e-type=\"section\">\n\t\t\t\t\t\t<div class=\"elementor-container elementor-column-gap-default\">\n\t\t\t\t\t<div class=\"elementor-column elementor-col-100 elementor-top-column elementor-element elementor-element-4844fe0\" data-id=\"4844fe0\" data-element_type=\"column\" data-e-type=\"column\">\n\t\t\t<div class=\"elementor-widget-wrap elementor-element-populated\">\n\t\t\t\t\t\t<div class=\"elementor-element elementor-element-a45d647 elementor-widget elementor-widget-image\" data-id=\"a45d647\" data-element_type=\"widget\" data-e-type=\"widget\" data-widget_type=\"image.default\">\n\t\t\t\t<div class=\"elementor-widget-container\">\n\t\t\t\t\t\t\t\t\t\t\t\t\t\t\t<img decoding=\"async\" width=\"768\" height=\"151\" src=\"https:\/\/blogs.uned.es\/eutwintransitions\/wp-content\/uploads\/sites\/495\/2023\/12\/Logo-Disclaimer-768x151.png\" class=\"attachment-medium_large size-medium_large wp-image-3593\" alt=\"\" srcset=\"https:\/\/blogs.uned.es\/eutwintransitions\/wp-content\/uploads\/sites\/495\/2023\/12\/Logo-Disclaimer-768x151.png 768w, https:\/\/blogs.uned.es\/eutwintransitions\/wp-content\/uploads\/sites\/495\/2023\/12\/Logo-Disclaimer-300x59.png 300w, https:\/\/blogs.uned.es\/eutwintransitions\/wp-content\/uploads\/sites\/495\/2023\/12\/Logo-Disclaimer-1024x202.png 1024w, https:\/\/blogs.uned.es\/eutwintransitions\/wp-content\/uploads\/sites\/495\/2023\/12\/Logo-Disclaimer-1160x228.png 1160w, https:\/\/blogs.uned.es\/eutwintransitions\/wp-content\/uploads\/sites\/495\/2023\/12\/Logo-Disclaimer.png 1503w\" sizes=\"(max-width: 768px) 100vw, 768px\" \/>\t\t\t\t\t\t\t\t\t\t\t\t\t\t\t<\/div>\n\t\t\t\t<\/div>\n\t\t\t\t<div class=\"elementor-element elementor-element-e66654d elementor-widget elementor-widget-text-editor\" data-id=\"e66654d\" data-element_type=\"widget\" data-e-type=\"widget\" data-widget_type=\"text-editor.default\">\n\t\t\t\t<div class=\"elementor-widget-container\">\n\t\t\t\t\t\t\t\t\t<p style=\"margin-bottom: 0cm;line-height: normal\"><span lang=\"EN-GB\" style=\"font-size: 12px;font-family: Helvetica, sans-serif;color: #204f80;background-image: initial;background-position: initial;background-size: initial;background-attachment: initial\">Financiado por la Uni\u00f3n Europea. Las opiniones y puntos de vista expresados solo comprometen a su(s) autor(es) y no reflejan necesariamente los de la Uni\u00f3n Europea o los de la Agencia Ejecutiva Europea de Educaci\u00f3n y Cultura (EACEA). Ni la Uni\u00f3n Europea ni la EACEA pueden ser considerados responsables de ellos. \/ Funded by the European Union. Views and opinions expressed are however those of the author(s) only and do not necessarily reflect those of the European Union or the European Education and Culture Executive Agency (EACEA). Neither the European Union nor EACEA can be held responsible for them.<\/span><\/p>\t\t\t\t\t\t\t\t<\/div>\n\t\t\t\t<\/div>\n\t\t\t\t\t<\/div>\n\t\t<\/div>\n\t\t\t\t\t<\/div>\n\t\t<\/section>\n\t\t\t\t<section class=\"elementor-section elementor-top-section elementor-element elementor-element-888032d elementor-section-boxed elementor-section-height-default elementor-section-height-default\" data-id=\"888032d\" data-element_type=\"section\" data-e-type=\"section\">\n\t\t\t\t\t\t<div class=\"elementor-container elementor-column-gap-default\">\n\t\t\t\t\t<div class=\"elementor-column elementor-col-33 elementor-top-column elementor-element elementor-element-0d1cbdc\" data-id=\"0d1cbdc\" data-element_type=\"column\" data-e-type=\"column\">\n\t\t\t<div class=\"elementor-widget-wrap elementor-element-populated\">\n\t\t\t\t\t\t<div class=\"elementor-element elementor-element-6e8d8b8 elementor-widget elementor-widget-image\" data-id=\"6e8d8b8\" data-element_type=\"widget\" data-e-type=\"widget\" data-widget_type=\"image.default\">\n\t\t\t\t<div class=\"elementor-widget-container\">\n\t\t\t\t\t\t\t\t\t\t\t\t\t\t\t<img decoding=\"async\" src=\"https:\/\/blogs.uned.es\/eutwintransitions\/wp-content\/uploads\/sites\/495\/elementor\/thumbs\/CC-qhh37vg3fdrk2fvhxyjd65ek47t7925atuydyopdga.png\" title=\"CC\" alt=\"CC\" loading=\"lazy\" \/>\t\t\t\t\t\t\t\t\t\t\t\t\t\t\t<\/div>\n\t\t\t\t<\/div>\n\t\t\t\t\t<\/div>\n\t\t<\/div>\n\t\t\t\t<div class=\"elementor-column elementor-col-66 elementor-top-column elementor-element elementor-element-fdf8884\" data-id=\"fdf8884\" data-element_type=\"column\" data-e-type=\"column\">\n\t\t\t<div class=\"elementor-widget-wrap elementor-element-populated\">\n\t\t\t\t\t\t<div class=\"elementor-element elementor-element-5850494 elementor-widget elementor-widget-text-editor\" data-id=\"5850494\" data-element_type=\"widget\" data-e-type=\"widget\" data-widget_type=\"text-editor.default\">\n\t\t\t\t<div class=\"elementor-widget-container\">\n\t\t\t\t\t\t\t\t\t<p style=\"font-size: 10px;font-family: Helvetica;line-height: 150%\"><a href=\"https:\/\/blogs.uned.es\/eutwintransitions\/\"><span style=\"font-size: 12px\">Jean Monnet Chair \u00abEU twin transitions for SMEs and professionals\u00bb EU-TWIN-TRANSITION Project number: 101126403\u00a0<\/span><\/a><span style=\"font-size: 12px\">\u00a0by <a href=\"https:\/\/blogs.uned.es\/eutwintransitions\/contacto-contact\/\">Julio Nav\u00edo<\/a> is licensed under <a href=\"http:\/\/creativecommons.org\/licenses\/by-nc\/4.0\/?ref=chooser-v1\" target=\"_blank\" rel=\"noopener\">CC BY-NC 4.0<\/a><br \/><br \/><\/span><span style=\"font-size: 12px;font-family: Helvetica\">Este obra cuyo autor es <a href=\"https:\/\/blogs.uned.es\/eutwintransitions\/\">Jean Monnet Chair \u00abEU twin transitions for SMEs and professionals\u00bb EU-TWIN-TRANSITION Project number: 101126403\u00a0<\/a>est\u00e1 bajo una licencia de Reconocimiento 4.0 Internacional de<em>\u00a0Creative Commons\u00a0<\/em>[<a href=\"http:\/\/creativecommons.org\/licenses\/by-nc\/4.0\/?ref=chooser-v1\">CC BY-NC 4.0<\/a>]<\/span><\/p>\t\t\t\t\t\t\t\t<\/div>\n\t\t\t\t<\/div>\n\t\t\t\t\t<\/div>\n\t\t<\/div>\n\t\t\t\t\t<\/div>\n\t\t<\/section>\n\t\t\t\t<\/div>\n\t\t","protected":false},"excerpt":{"rendered":"<p>European institutions recognize the key role that digital and green transitions can play in improving the business landscape in Europe. The twin transition (digital and green) is in the core of the priorities established by the European Commission (EC), as indicated by President Von der Leyen. How European companies face these transformations will be a key for their future growth. \u201cLeading the twin transition in this changing world is the driving force of this Commission. This is our generational task and opportunity. And it is why, since day one, we have been determined to move fast to build a fair and prosperous, green and digital Europe that will last for our children.\u201d \u00abMove fast, build to last: Europe&#8217;s new generation\u00bb, -op-ed by Ursula von der Leyen, President of the European Commission Europe&#8217;s 25 million small and medium-sized enterprises (SMEs) are the backbone of the EU economy, employing more than 100 million people and representing more than half of European GDP. SMEs are central to the EU\u2019s twin transitions to a sustainable and digital economy, as well as for the success of the green transition in the EU, since SMEs are currently responsible for around 60 % of all greenhouse gas emissions by enterprises. The EU&#8217;s ambitions to achieve climate neutrality by 2050 and seize the opportunities of the digital decade require immediate action, studies and dissemination. This Jean Monnet Chair addresses this crucial topic for companies, institutions and citizens, in an area that needs deepen teaching in EU studies. Las instituciones europeas reconocen el papel clave que la transici\u00f3n digital y ecol\u00f3gica puede desempe\u00f1ar en la mejora del panorama empresarial en Europa. La doble transici\u00f3n (digital y verde) est\u00e1 en el centro de las prioridades establecidas por la Comisi\u00f3n Europea (CE), como indic\u00f3 la presidenta Von der Leyen. La forma en que las empresas europeas afronten estas transformaciones ser\u00e1 clave para su crecimiento futuro. \u201cEn este mundo en pleno cambio, liderar la doble transici\u00f3n es la idea fundamental que mueve a esta Comisi\u00f3n. Es la tarea y la oportunidad de nuestra generaci\u00f3n. De ah\u00ed que desde el primer d\u00eda nos hayamos mostrado resueltos a avanzar deprisa para construir una Europa justa y pr\u00f3spera, ecol\u00f3gica y digital, que dure para nuestros hijos\u201d \u201cAvanzar r\u00e1pido, construir para perdurar: la nueva generaci\u00f3n de Europa\u00bb, por\u00a0Ursula von der Leyen, presidenta de la Comisi\u00f3n Europea- Los 25 millones de peque\u00f1as y medianas empresas (PYME) europeas son la columna vertebral de la econom\u00eda de la UE, dando empleo a m\u00e1s de 100 millones de personas y \u00a0representando m\u00e1s de la mitad del PIB europeo. Las PYME son fundamentales para la doble transici\u00f3n de la UE hacia una econom\u00eda sostenible y digital, as\u00ed como para el \u00e9xito de la transici\u00f3n ecol\u00f3gica en la UE, ya que actualmente son responsables de alrededor del 60 % de todas las emisiones de gases de efecto invernadero de las empresas.\u00a0 Las ambiciones de la UE de lograr la neutralidad clim\u00e1tica para 2050 y aprovechar las oportunidades de la d\u00e9cada digital exigen actuaciones, estudios y difusi\u00f3n inmediatos. Esta c\u00e1tedra Jean Monnet aborda este tema crucial para empresas, instituciones y ciudadanos, en\u00a0un \u00e1mbito que necesita una ense\u00f1anza m\u00e1s profunda en los estudios de la UE. \u00a0 Financiado por la Uni\u00f3n Europea. Las opiniones y puntos de vista expresados solo comprometen a su(s) autor(es) y no reflejan necesariamente los de la Uni\u00f3n Europea o los de la Agencia Ejecutiva Europea de Educaci\u00f3n y Cultura (EACEA). Ni la Uni\u00f3n Europea ni la EACEA pueden ser considerados responsables de ellos. \/ Funded by the European Union. Views and opinions expressed are however those of the author(s) only and do not necessarily reflect those of the European Union or the European Education and Culture Executive Agency (EACEA). Neither the European Union nor EACEA can be held responsible for them. Jean Monnet Chair \u00abEU twin transitions for SMEs and professionals\u00bb EU-TWIN-TRANSITION Project number: 101126403\u00a0\u00a0by Julio Nav\u00edo is licensed under CC BY-NC 4.0 Este obra cuyo autor es Jean Monnet Chair \u00abEU twin transitions for SMEs and professionals\u00bb EU-TWIN-TRANSITION Project number: 101126403\u00a0est\u00e1 bajo una licencia de Reconocimiento 4.0 Internacional de\u00a0Creative Commons\u00a0[CC BY-NC 4.0]<\/p>\n","protected":false},"author":7353,"featured_media":0,"parent":0,"menu_order":0,"comment_status":"closed","ping_status":"closed","template":"","meta":{"footnotes":""},"class_list":["post-1121","page","type-page","status-publish","hentry"],"_links":{"self":[{"href":"https:\/\/blogs.uned.es\/eutwintransitions\/wp-json\/wp\/v2\/pages\/1121","targetHints":{"allow":["GET"]}}],"collection":[{"href":"https:\/\/blogs.uned.es\/eutwintransitions\/wp-json\/wp\/v2\/pages"}],"about":[{"href":"https:\/\/blogs.uned.es\/eutwintransitions\/wp-json\/wp\/v2\/types\/page"}],"author":[{"embeddable":true,"href":"https:\/\/blogs.uned.es\/eutwintransitions\/wp-json\/wp\/v2\/users\/7353"}],"replies":[{"embeddable":true,"href":"https:\/\/blogs.uned.es\/eutwintransitions\/wp-json\/wp\/v2\/comments?post=1121"}],"version-history":[{"count":74,"href":"https:\/\/blogs.uned.es\/eutwintransitions\/wp-json\/wp\/v2\/pages\/1121\/revisions"}],"predecessor-version":[{"id":4273,"href":"https:\/\/blogs.uned.es\/eutwintransitions\/wp-json\/wp\/v2\/pages\/1121\/revisions\/4273"}],"wp:attachment":[{"href":"https:\/\/blogs.uned.es\/eutwintransitions\/wp-json\/wp\/v2\/media?parent=1121"}],"curies":[{"name":"wp","href":"https:\/\/api.w.org\/{rel}","templated":true}]}}