{"id":995,"date":"2021-09-21T14:46:06","date_gmt":"2021-09-21T12:46:06","guid":{"rendered":"https:\/\/blogs.uned.es\/eujuris\/?page_id=995"},"modified":"2021-09-28T23:54:57","modified_gmt":"2021-09-28T21:54:57","slug":"eventos-events","status":"publish","type":"page","link":"https:\/\/blogs.uned.es\/eujuris\/eventos-events\/","title":{"rendered":"Actividades \/ Activities"},"content":{"rendered":"\n<h4 class=\"wp-block-heading\"><a href=\"https:\/\/canal.uned.es\/video\/60378186b609231444777432\">\u00abPresentaci\u00f3n de M\u00f3dulo Jean Monnet Jurisdicci\u00f3n y Procedimientos en la Uni\u00f3n Europea\u00bb<\/a>.  <\/h4>\n\n\n\n<p><small>\u00a0<a href=\"https:\/\/canal.uned.es\/video\/60378186b609231444777432?track_id=603785c8b609231446071732\">V\u00eddeo<\/a>\u00a0\u00a0|\u00a0\u00a0\u00a0<strong>Espa\u00f1ol\u00a0<\/strong>\u00a0|\u00a0 <\/small> 25\/02\/2021.<\/p>\n\n\n\n<p><small><strong>Leyre Burguera Ameave<\/strong>, vicerrectora Adjunta de Titulaciones Oficiales de Posgrado de la UNED, y miembro del M\u00f3dulo Jean Monnet Jursidicci\u00f3n y Procedimientos en la UE, EUJuris<\/small><\/p>\n\n\n\n<p><small><strong>Jordi Gimeno Bevi\u00e1<\/strong>, vicedecano de Investigaci\u00f3n e Internacionalizaci\u00f3n, Facultad de Derecho, UNED<\/small><\/p>\n\n\n\n<p><small><strong>Carlos Vidal Prado<\/strong>, coordinador Doctorado en Uni\u00f3n Europea y Master en Uni\u00f3n Europea. Facultad de Derecho, UNED, y miembro del M\u00f3dulo EUJuris<\/small><\/p>\n\n\n\n<p><small><strong>Joaqu\u00edn Sarri\u00f3n Esteve<\/strong>, investigador Ram\u00f3n y Cajal, Departamento de Derecho Constitucional, Facultad de Derecho, UNED. IP y Coordinador del M\u00f3dulo EUJuris<\/small><\/p>\n\n\n\n<p>Accesible a trav\u00e9s de Canal UNED\/ Available at Canal UNED: <a href=\"https:\/\/canal.uned.es\/video\/60378186b609231444777432\">Canal UNED &#8211; Presentaci\u00f3n de M\u00f3dulo Jean Monnet Jurisdicci\u00f3n y Procedimientos en la Uni\u00f3n Europea<\/a><\/p>\n\n\n\n<p><\/p>\n\n\n\n<hr class=\"wp-block-separator\" \/>\n\n\n\n<p><a href=\"https:\/\/canal.uned.es\/video\/60bdcbcfb609232e8d564cf2\"><strong>Programa de Radio \u00abRetos de la Jurisdicci\u00f3n y procedimientos en la Uni\u00f3n Europea\u00bb <\/strong><\/a><\/p>\n\n\n\n<p>Programa de Radio emitido en Derecho en Radio 3 dedicado al M\u00f3dulo Jean Monnet Jurisdicci\u00f3n y Procedimientos en la Uni\u00f3n Europea, EUJuris. 10\/06\/2021.<\/p>\n\n\n\n<p>Radio broadcast in the serie Law in Radio 3, focused on the Module Jean Monnet Jurisdicci\u00f3n y procedimientos en la Uni\u00f3n Euroopea, EUJuris. 10\/06\/2021.<\/p>\n\n\n\n<p>En este espacio, Joaqu\u00edn Sarri\u00f3n, responsable de la l\u00ednea de investigaci\u00f3n de los retos jur\u00eddicos, conversa con el profesor de Pedro Jes\u00fas P\u00e9rez Zafrilla, responsable de la l\u00ednea de investigaci\u00f3n sobre los retos \u00e9ticos, y Cristina Benlloch Dom\u00e8nech, responsable de la l\u00ednea de investigaci\u00f3n sobre los retos sociales y de g\u00e9nero del proyecto. &nbsp;<\/p>\n\n\n\n<p>In this space, Joaqu\u00edn Sarri\u00f3n, head of the line of research on legal challenges, talks with Pedro Jes\u00fas P\u00e9rez Zafrilla, head of the line of research on ethical challenges, and Cristina Benlloch Dom\u00e8nech, head of the line of research on the social and gender challenges of the project.<\/p>\n\n\n\n<p><strong>Joaqu\u00edn Sarri\u00f3n Esteve&nbsp;<\/strong><small>investigador Ram\u00f3n y Cajal, profesor departamento de Derecho Constitucional, UNED<\/small><\/p>\n\n\n\n<p><strong>Cristina Benlloch Dom\u00e8nech&nbsp;<\/strong><small>profesora Ayudante Doctora en Sociolog\u00eda. Experta en G\u00e9nero. Miembro del M\u00f3dulo EUJuris, Universidad de Valencia<\/small><\/p>\n\n\n\n<p><strong>Pedro Jes\u00fas P\u00e9rez Zafrilla&nbsp;<\/strong><small>profesor de Filosof\u00eda, Universidad de Valencia<\/small><\/p>\n\n\n\n<p><strong>Ana Isabel Mart\u00edn Mart\u00ednez&nbsp;<\/strong><small>redactora \u2013 locutora CEMAV<\/small><\/p>\n\n\n\n<p>Programa accesible aqu\u00ed \/ Acces to the programme:\u00a0<a href=\"https:\/\/canal.uned.es\/video\/60bdcbcfb609232e8d564cf2\">https:\/\/canal.uned.es\/video\/60bdcbcfb609232e8d564cf2<\/a><\/p>\n\n\n\n<p><\/p>\n\n\n\n<hr class=\"wp-block-separator\" \/>\n\n\n\n<p><strong><a href=\"https:\/\/canal.uned.es\/series\/602a5c39b6092369ff03db45\">Seminario EUJuris Jurisdicci\u00f3n y Procedimientos en la UE<\/a>, 1a edicion 2021. <\/strong><\/p>\n\n\n\n<p><strong>Actividad docente \/teaching activity<\/strong><\/p>\n\n\n\n<p>Seminario que se desarrolla en el marco del M\u00f3dulo Jean Monnet Jurisdicci\u00f3n y Procedimientos en la UE (<em>EU Jurisdiction and Proceedings<\/em>), <strong><em>EUJuris<\/em><\/strong>, ref. 621025-EPP-1-2020-1-ES-EPPJMO-MODULE.<\/p>\n\n\n\n<p><strong>Objetivos:<\/strong> Formaci\u00f3n especializada y pr\u00e1ctica sobre la Jurisdicci\u00f3n y procedimientos ante el Tribunal de Justicia de la Uni\u00f3n Europea.<\/p>\n\n\n\n<p><strong>Fechas de celebraci\u00f3n: 1 de marzo de 16:00 a 18:30 horas, y 2 de marzo <\/strong>de 16:00 a 18:30 horas.<\/p>\n\n\n\n<p><strong>Contenidos te\u00f3rico-pr\u00e1cticos (con casos pr\u00e1cticos)<\/strong><\/p>\n\n\n\n<p>1.- Introducci\u00f3n a la Jurisdicci\u00f3n de la Uni\u00f3n Europea y al Tribunal de Justicia de la Uni\u00f3n Europea.<\/p>\n\n\n\n<p>2.- Aproximaci\u00f3n a los procedimientos ante el Tribunal de Justicia de la Uni\u00f3n Europea<\/p>\n\n\n\n<p>3.- Armonizaci\u00f3n procesal y derechos procesales en la Uni\u00f3n Europea.<\/p>\n\n\n\n<p>4.- Dimensi\u00f3n de g\u00e9nero en la Justicia Europea.<\/p>\n\n\n\n<p><strong>Duraci\u00f3n:<\/strong> 5 horas<\/p>\n\n\n\n<p><strong>Profesorado<\/strong><\/p>\n\n\n\n<p>D. Joaqu\u00edn Sarri\u00f3n Esteve, Investigador Ram\u00f3n y Cajal, Departamento de Derecho Constitucional, Facultad de Derecho, UNED. IP y Coordinador del M\u00f3dulo EUJuris.<\/p>\n\n\n\n<p>D. Daniel Capodiferro Cubero , Profesor Ayudante Doctor en Derecho Constitucional, Facultad de Derecho, UNED. Miembro del M\u00f3dulo EUJuris.<\/p>\n\n\n\n<p>D.\u00aa Cristina Benlloch Dom\u00e8nech. Experta en G\u00e9nero. Profesora Ayudante Doctora, Departamento de Sociologia, Universitat de Val\u00e8ncia. Miembro del M\u00f3dulo EUJuris.<\/p>\n\n\n\n<p>Contenido principal accesible en Canal UNED \/principal results available at: <a href=\"https:\/\/canal.uned.es\/series\/602a5c39b6092369ff03db45\">Canal UNED &#8211; M\u00f3dulo EUJuris<\/a><\/p>\n\n\n\n<p><a href=\"https:\/\/canal.uned.es\/video\/603e0989b609234c134b0d88\">Introducci\u00f3n a la Jurisdicci\u00f3n de la Uni\u00f3n Europea y al Tribunal de Justicia de la Uni\u00f3n Europea<\/a>, prof. J. Sarri\u00f3n. <\/p>\n\n\n\n<p><a href=\"https:\/\/canal.uned.es\/video\/603e0a62b609234c3225c9a2\">Aproximaci\u00f3n a los procedimientos ante el Tribunal de Justicia de la Uni\u00f3n Europea<\/a>, prof. J. Sarri\u00f3n <\/p>\n\n\n\n<p><a href=\"https:\/\/canal.uned.es\/video\/603f4d7fb609235ade4dcaf2\" data-type=\"URL\" data-id=\"https:\/\/canal.uned.es\/video\/603f4d7fb609235ade4dcaf2\">Dimensi\u00f3n de g\u00e9nero en la Justicia Europea<\/a>, prof. C. Benlloch<\/p>\n\n\n\n<p><a href=\"https:\/\/canal.uned.es\/video\/603f4e19b609235aed224f38\">Armonizaci\u00f3n procesal y derechos procesales en la Uni\u00f3n Europea<\/a>, prof. Daniel Capodiferro<\/p>\n\n\n\n<hr class=\"wp-block-separator\" \/>\n\n\n\n<p><a><strong>EUJuris Winter School. Tribunal de Justicia de la Uni\u00f3n Europea y los procedimientos ante el Tribunal de Justicia. Teor\u00eda y Pr\u00e1ctica.<\/strong><\/a><\/p>\n\n\n\n<p><strong>1a edici\u00f3n 2021. <\/strong><\/p>\n\n\n\n<p><strong>Actividad Docente \/ Teaching Activity<\/strong><\/p>\n\n\n\n<p>Curso intensivo sobre el Tribunal de Justicia de la Uni\u00f3n Europea y los procedimientos ante el Tribunal de Justicia. Teor\u00eda y Pr\u00e1ctica, desarrollado en el marco del M\u00f3dulo Jean Monnet Jurisdicci\u00f3n y Procedimientos en la UE (<em>EU Jurisdiction and Proceedings<\/em>), <strong><em>EUJuris<\/em><\/strong>, ref. 621025-EPP-1-2020-1-ES-EPPJMO-MODULE.<\/p>\n\n\n\n<p><strong>Objetivos:<\/strong> Formaci\u00f3n especializada y pr\u00e1ctica sobre la Jurisdicci\u00f3n y procedimientos ante el Tribunal de Justicia de la Uni\u00f3n Europea.<\/p>\n\n\n\n<p><strong>Duraci\u00f3n:<\/strong> 30 horas.<\/p>\n\n\n\n<p><strong>Fechas de celebraci\u00f3n: <\/strong>Martes <strong>16 de marzo <\/strong>(16:00 a 20:30 horas), Mi\u00e9rcoles <strong>17 de marzo <\/strong>(10:00 a 14:30,y de 16:00 a 20:00 horas), Jueves <strong>18 de marzo <\/strong>(10:00 a 14:30 horas),Lunes<strong> 22 de marzo <\/strong>(10:00 a 14:00,y de 16:00 a 20:00 horas), y Martes 23 de marzo (10:00 a 14:30 horas).<\/p>\n\n\n\n<p><strong>Programa<\/strong><\/p>\n\n\n\n<p>1.- La Jurisdicci\u00f3n de la Uni\u00f3n Europea.<\/p>\n\n\n\n<p>2.- El Tribunal de Justicia de la Uni\u00f3n Europea. Composici\u00f3n, organizaci\u00f3n y competencias. &nbsp;<\/p>\n\n\n\n<p>3.- Procedimientos ante el Tribunal de Justicia de la Uni\u00f3n Europea.<\/p>\n\n\n\n<p>3.1.- El recurso de incumplimiento<\/p>\n\n\n\n<p>3.2.- La cuesti\u00f3n prejudicial<\/p>\n\n\n\n<p>3.3.- El recurso de anulaci\u00f3n<\/p>\n\n\n\n<p>3.4- El recurso por omisi\u00f3n<\/p>\n\n\n\n<p>3.5.- La excepci\u00f3n de ilegalidad<\/p>\n\n\n\n<p>3.6.-. El recurso por responsabilidad extracontractual<\/p>\n\n\n\n<p>3.7.- Procedimientos especiales y otros procedimientos<\/p>\n\n\n\n<p>4.- Principios de cooperaci\u00f3n nacional, autonom\u00eda procesal y efectividad. &nbsp;<\/p>\n\n\n\n<p>5.- El Tribunal de Justicia como garante de los derechos fundamentales.<\/p>\n\n\n\n<p>6.- Aspectos \u00e9ticos en la en la Jurisdicci\u00f3n y procedimientos de la Uni\u00f3n Europea.<\/p>\n\n\n\n<p>7.- La dimensi\u00f3n de g\u00e9nero en la Jurisdicci\u00f3n y procedimientos de la Uni\u00f3n Europea.<\/p>\n\n\n\n<p><\/p>\n\n\n\n<p>Principales contenidos accesibles en Canal UNED\/ Relevant results available at Canal UNED: <\/p>\n\n\n\n<p><\/p>\n\n\n\n<p><strong><a href=\"https:\/\/canal.uned.es\/video\/60530ad1b609232ad0673a62\">Ponencia Inaugural: reconocimiento y garant\u00eda de los derechos: el tribunal de justicia y el tribunal Europeo de Derechos humanos<\/a><\/strong><\/p>\n\n\n\n<p>D.\u00aa Yolanda G\u00f3mez S\u00e1nchez, Catedr\u00e1tica de Derecho Constitucional. Directora del Centro de Estudios Pol\u00edticos y Constitucionales, CEPC.<\/p>\n\n\n\n<p><strong><br><strong><a href=\"https:\/\/canal.uned.es\/video\/60530babb609232ae1392612\">Presentaci\u00f3n EuJuris Winter School<\/a><\/strong><\/strong><\/p>\n\n\n\n<p>D. Joaqu\u00edn Sarri\u00f3n Esteve. \u00a0Investigador Ram\u00f3n y Cajal, Departamento de Derecho Constitucional, Facultad de Derecho, UNED. IP y Coordinador del M\u00f3dulo EUJuris.<\/p>\n\n\n\n<p><br><strong><a href=\"https:\/\/canal.uned.es\/video\/60538e15b609233681342d46\">Una estrategia para la igualdad de g\u00e9nero en Europa<\/a><\/strong><\/p>\n\n\n\n<p>D.\u00aa Leyre Burguera Ameave. Profesora Contratada Doctora, Facultad de Derecho, UNED.<\/p>\n\n\n\n<p>I<a href=\"https:\/\/canal.uned.es\/video\/60538f8eb6092336c1010e96\">ntroducci\u00f3n a la Jurisdicci\u00f3n de la Uni\u00f3n Europea y al Tribunal de Justicia de la Uni\u00f3n Europea I<\/a><\/p>\n\n\n\n<p>D. Joaqu\u00edn Sarri\u00f3n Esteve.  <\/p>\n\n\n\n<p><a href=\"https:\/\/canal.uned.es\/video\/60539251b6092336d466df76\">Introducci\u00f3n a la Jurisdicci\u00f3n de la Uni\u00f3n Europea y al Tribunal de Justicia de la Uni\u00f3n Europea II<\/a><\/p>\n\n\n\n<p>D. Joaqu\u00edn Sarri\u00f3n Esteve.   <\/p>\n\n\n\n<p><\/p>\n\n\n\n<p><a href=\"https:\/\/canal.uned.es\/video\/605c3cbab6092378770198b6\">Tribunal de Justicia de la Uni\u00f3n Europea. estructuras y competencias<\/a><\/p>\n\n\n\n<p>D. Carlos Vidal Prado. Catedr\u00e1tico de Derecho Constitucional, Coordinador del Doctorado en Uni\u00f3n Europea y del M\u00e1ster en Uni\u00f3n Europea, Facultad de Derecho, UNED.<\/p>\n\n\n\n<p><\/p>\n\n\n\n<p><a href=\"https:\/\/canal.uned.es\/video\/605c3db8b6092378841ea404\">Tribunal de Justicia y Constituci\u00f3n de una Bio\u00e9tica europea<\/a><\/p>\n\n\n\n<p>D. Roberto Cippitani. Jean Monnet Chair, Professor in Biolaw, Law of Research and Innovation, Law of Information, Biotechnological Innovation Law), Jean Monnet Chairholder. Universidad de Perugia.<\/p>\n\n\n\n<p><a href=\"https:\/\/canal.uned.es\/video\/60587729b6092352ec09bdaa\">Cuesti\u00f3n prejudicial: teor\u00eda y pr\u00e1ctica<\/a><\/p>\n\n\n\n<p>D.\u00aa Blanca Cid Villagrasa, Letrada de la Asamblea de Madrid.\u00a0 Profesora Asociada de Derecho Constitucional,\u00a0 Facultad de Derecho, UNED.<\/p>\n\n\n\n<p><\/p>\n\n\n\n<p><a href=\"https:\/\/canal.uned.es\/video\/60544e24b609233a2351e362\">Procedimientos ante el Tribunal de Justicia de la Uni\u00f3n Europea<\/a><\/p>\n\n\n\n<p>D. Joaqu\u00edn Sarri\u00f3n Esteve.    <\/p>\n\n\n\n<p><\/p>\n\n\n\n<p><a href=\"https:\/\/canal.uned.es\/video\/60544f75b609233a3c249ba4\">El Tribunal de Justicia Europeo y los derechos fundamentales<\/a><\/p>\n\n\n\n<p>D. Daniel Capodiferro Cubero, Profesor Ayudante Doctor de Derecho Constitucional, Facultad de Derecho, UNED.<\/p>\n\n\n\n<p><\/p>\n\n\n\n<p><a href=\"https:\/\/canal.uned.es\/video\/6059a2d3b609235ef44657a2\">\u00c9tica de la abogac\u00eda: c\u00f3mo orientar la defensa del cliente para que se haga justicia<\/a><\/p>\n\n\n\n<p>D. Pedro P\u00e9rez Zafrilla. Profesor Titular de Filosof\u00eda. Facultad de Filosof\u00eda, Universitat de Val\u00e8ncia.<\/p>\n\n\n\n<p><a href=\"https:\/\/canal.uned.es\/video\/6059ad43b609235ff64284a4\">La igualdad de g\u00e9nero en la UE. Especial referencia a la jurisprudencia del TJUE<\/a><\/p>\n\n\n\n<p>D.\u00aa Cristina El\u00edas M\u00e9ndez. Profesora Titular de Derecho Constitucional, Facultad de Derecho, UNED.<\/p>\n\n\n\n<p><\/p>\n\n\n\n<p><a href=\"https:\/\/canal.uned.es\/video\/6059a3cfb609235f07275bd6\">El recurso de responsabilidad extracontractual de la UE<\/a><\/p>\n\n\n\n<p>D. Fernando Val Garijo. Profesor Contratado Doctor de Derecho Internacional Privado, Facultad de Derecho, UNED.<\/p>\n\n\n\n<p><\/p>\n\n\n\n<p><a href=\"https:\/\/canal.uned.es\/video\/6059a483b609235f13401eab\">Los principios de colaboraci\u00f3n leal (nacional), autonom\u00eda procesal y efectividad<\/a><\/p>\n\n\n\n<p> D. Joaqu\u00edn Sarri\u00f3n Esteve.     <\/p>\n\n\n\n<p><a href=\"https:\/\/canal.uned.es\/video\/605af351b609236ccf798e04\">La dimensi\u00f3n de g\u00e9nero en el lenguaje<\/a><\/p>\n\n\n\n<p>D.\u00aa Cristina Benlloch Dom\u00e8nech. Experta en G\u00e9nero. Profesora Ayudante Doctora de Sociolog\u00eda. Departamento de Sociolog\u00eda, Universitat de Val\u00e8ncia.<\/p>\n\n\n\n<p><a href=\"https:\/\/canal.uned.es\/video\/605af400b609236cdb2550f8\">Tribunal Constitucional y Tribunal de Justicia de la UE<\/a><\/p>\n\n\n\n<p>D. Pedro J. Tenorio S\u00e1nchez. Catedr\u00e1tico de Derecho Constitucional, Director del Departamento de Derecho Constitucional. Facultad de Derecho, UNED.<\/p>\n\n\n\n<p><a href=\"https:\/\/canal.uned.es\/video\/605af476b609236cf1550da2\">Horizonte y retos de la Jurisdicci\u00f3n de la UE<\/a><\/p>\n\n\n\n<p> D. Joaqu\u00edn Sarri\u00f3n Esteve.      <\/p>\n\n\n\n<p><\/p>\n\n\n\n<hr class=\"wp-block-separator\" \/>\n\n\n\n<p><\/p>\n\n\n\n<p><\/p>\n\n\n\n<p><\/p>\n\n\n\n<p><\/p>\n\n\n\n<p><\/p>\n\n\n\n<p><\/p>\n","protected":false},"excerpt":{"rendered":"<p>\u00abPresentaci\u00f3n de M\u00f3dulo Jean Monnet Jurisdicci\u00f3n y Procedimientos en la Uni\u00f3n Europea\u00bb. \u00a0V\u00eddeo\u00a0\u00a0|\u00a0\u00a0\u00a0Espa\u00f1ol\u00a0\u00a0|\u00a0 25\/02\/2021. Leyre Burguera Ameave, vicerrectora Adjunta de Titulaciones Oficiales de Posgrado de la UNED, y miembro del M\u00f3dulo Jean Monnet Jursidicci\u00f3n y Procedimientos en la UE, EUJuris <a class=\"more-link\" href=\"https:\/\/blogs.uned.es\/eujuris\/eventos-events\/\">Seguir leyendo <span class=\"meta-nav\">&rarr;<\/span><\/a><\/p>\n","protected":false},"author":7377,"featured_media":0,"parent":0,"menu_order":0,"comment_status":"closed","ping_status":"closed","template":"","meta":{"footnotes":""},"class_list":["post-995","page","type-page","status-publish","hentry"],"_links":{"self":[{"href":"https:\/\/blogs.uned.es\/eujuris\/wp-json\/wp\/v2\/pages\/995","targetHints":{"allow":["GET"]}}],"collection":[{"href":"https:\/\/blogs.uned.es\/eujuris\/wp-json\/wp\/v2\/pages"}],"about":[{"href":"https:\/\/blogs.uned.es\/eujuris\/wp-json\/wp\/v2\/types\/page"}],"author":[{"embeddable":true,"href":"https:\/\/blogs.uned.es\/eujuris\/wp-json\/wp\/v2\/users\/7377"}],"replies":[{"embeddable":true,"href":"https:\/\/blogs.uned.es\/eujuris\/wp-json\/wp\/v2\/comments?post=995"}],"version-history":[{"count":4,"href":"https:\/\/blogs.uned.es\/eujuris\/wp-json\/wp\/v2\/pages\/995\/revisions"}],"predecessor-version":[{"id":1021,"href":"https:\/\/blogs.uned.es\/eujuris\/wp-json\/wp\/v2\/pages\/995\/revisions\/1021"}],"wp:attachment":[{"href":"https:\/\/blogs.uned.es\/eujuris\/wp-json\/wp\/v2\/media?parent=995"}],"curies":[{"name":"wp","href":"https:\/\/api.w.org\/{rel}","templated":true}]}}