{"id":719,"date":"2021-02-02T23:44:00","date_gmt":"2021-02-02T22:44:00","guid":{"rendered":"http:\/\/blogs.uned.es\/eujuris\/?page_id=719"},"modified":"2021-02-25T00:43:21","modified_gmt":"2021-02-24T23:43:21","slug":"yolanda-gomez-sanchez","status":"publish","type":"page","link":"https:\/\/blogs.uned.es\/eujuris\/presentacion\/yolanda-gomez-sanchez\/","title":{"rendered":"Yolanda G\u00d3MEZ S\u00c1NCHEZ"},"content":{"rendered":"<p><img decoding=\"async\" class=\"alignnone wp-image-721\" style=\"color: #333333;font-style: normal;font-weight: 300\" src=\"http:\/\/blogs.uned.es\/eujuris\/wp-content\/uploads\/sites\/261\/2021\/02\/d\u00aa-yolanda-g\u00f3mez-s\u00e1nchez-194x300.jpg\" alt=\"\" width=\"112\" height=\"170\" \/><span style=\"font-weight: 300\">\u00a0 \u00a0\u00a0<\/span><\/p>\n<p><strong>Yolanda G\u00d3MEZ S\u00c1NCHEZ<\/strong><\/p>\n<p>Catedr\u00e1tica de Derecho Constitucional y catedr\u00e1tica Jean Monnet, ad personam, de la UE. Directora del Centro de Estudios Pol\u00edticos y Constitucionales.<\/p>\n<p>Miembro del Comit\u00e9 Cient\u00edfico del Proyecto EUJuris.<\/p>\n<p>Professor of Constitutional Law and Jean Monnet Professor ad personam. Director of the Centre of Constitutional and Political Studies.<\/p>\n<p>Member of the EUJuris Scientific Committee<\/p>\n<p>Web: <a href=\"http:\/\/www.cepc.gob.es\/cepc\/qui%C3%A9nes-somos\/estructura-organizativa\/directora\">Directora (cepc.gob.es)<\/a><\/p>\n<p><a href=\"%20%22Yolanda%20G\u00f3mez%20S\u00e1nchez%22%20-%201%20-%20Dialnet%20(unirioja.es)\">Publicaciones\/Publications<\/a><\/p>\n","protected":false},"excerpt":{"rendered":"<p>\u00a0 \u00a0\u00a0 Yolanda G\u00d3MEZ S\u00c1NCHEZ Catedr\u00e1tica de Derecho Constitucional y catedr\u00e1tica Jean Monnet, ad personam, de la UE. Directora del Centro de Estudios Pol\u00edticos y Constitucionales. Miembro del Comit\u00e9 Cient\u00edfico del Proyecto EUJuris. Professor of Constitutional Law and Jean Monnet <a class=\"more-link\" href=\"https:\/\/blogs.uned.es\/eujuris\/presentacion\/yolanda-gomez-sanchez\/\">Seguir leyendo <span class=\"meta-nav\">&rarr;<\/span><\/a><\/p>\n","protected":false},"author":7377,"featured_media":0,"parent":31,"menu_order":2,"comment_status":"closed","ping_status":"closed","template":"","meta":{"footnotes":""},"class_list":["post-719","page","type-page","status-publish","hentry"],"_links":{"self":[{"href":"https:\/\/blogs.uned.es\/eujuris\/wp-json\/wp\/v2\/pages\/719","targetHints":{"allow":["GET"]}}],"collection":[{"href":"https:\/\/blogs.uned.es\/eujuris\/wp-json\/wp\/v2\/pages"}],"about":[{"href":"https:\/\/blogs.uned.es\/eujuris\/wp-json\/wp\/v2\/types\/page"}],"author":[{"embeddable":true,"href":"https:\/\/blogs.uned.es\/eujuris\/wp-json\/wp\/v2\/users\/7377"}],"replies":[{"embeddable":true,"href":"https:\/\/blogs.uned.es\/eujuris\/wp-json\/wp\/v2\/comments?post=719"}],"version-history":[{"count":2,"href":"https:\/\/blogs.uned.es\/eujuris\/wp-json\/wp\/v2\/pages\/719\/revisions"}],"predecessor-version":[{"id":761,"href":"https:\/\/blogs.uned.es\/eujuris\/wp-json\/wp\/v2\/pages\/719\/revisions\/761"}],"up":[{"embeddable":true,"href":"https:\/\/blogs.uned.es\/eujuris\/wp-json\/wp\/v2\/pages\/31"}],"wp:attachment":[{"href":"https:\/\/blogs.uned.es\/eujuris\/wp-json\/wp\/v2\/media?parent=719"}],"curies":[{"name":"wp","href":"https:\/\/api.w.org\/{rel}","templated":true}]}}