{"id":659,"date":"2021-02-01T20:58:32","date_gmt":"2021-02-01T19:58:32","guid":{"rendered":"http:\/\/blogs.uned.es\/eujuris\/?page_id=659"},"modified":"2021-02-25T00:50:42","modified_gmt":"2021-02-24T23:50:42","slug":"luis-miguel-gonzalez-de-la-garza","status":"publish","type":"page","link":"https:\/\/blogs.uned.es\/eujuris\/presentacion\/luis-miguel-gonzalez-de-la-garza\/","title":{"rendered":"Luis Miguel GONZALEZ DE LA GARZA"},"content":{"rendered":"<p><img decoding=\"async\" class=\"alignnone wp-image-661\" src=\"http:\/\/blogs.uned.es\/eujuris\/wp-content\/uploads\/sites\/261\/2021\/02\/Foto_LM_GonzalezDelaGarza.jpg\" alt=\"\" width=\"170\" height=\"173\" \/><\/p>\n<p><strong>Luis Miguel GONZALEZ DE LA GARZA<\/strong><\/p>\n<p>Dr. Luis Miguel Gonz\u00e1lez de la Garza, profesor de Derecho Constitucional, codirector M\u00e1ster Ciencia y Derecho UNED, FIDE, GARRIGUES. Miembro del Consejo acad\u00e9mico de FIDE.<\/p>\n<p>Dr. Luis Miguel Gonz\u00e1lez de la Garza, professor of Constitutional Law, co-director of Master Science and Law. UNED, FIDE, GARRIGUES. Member of the FIDE Academic Council.<\/p>\n<p><a href=\"https:\/\/twitter.com\/luismig83510090\">Twitter: @LuisMig83510090 \u00a0<\/a><\/p>\n<p><u><a href=\"https:\/\/www.linkedin.com\/in\/luis-miguel-gonz%C3%A1lez-de-la-garza-732b9669?lipi=urn%3Ali%3Apage%3Ad_flagship3_profile_view_base_contact_details%3BQgU%2Bh3zxQGiYw4IHTKr2jg%3D%3D\">linkedin.com\/in\/luis-miguel-gonz\u00e1lez-de-la-garza-732b9669<\/a>\u00a0\u00a0<\/u><\/p>\n<p><u><a href=\"https:\/\/www.fidefundacion.es\/Luis-Miguel-Gonzalez-de-la-Garza_a84.html\">https:\/\/www.fidefundacion.es\/Luis-Miguel-Gonzalez-de-la-Garza_a84.html<\/a><\/u><\/p>\n","protected":false},"excerpt":{"rendered":"<p>Luis Miguel GONZALEZ DE LA GARZA Dr. Luis Miguel Gonz\u00e1lez de la Garza, profesor de Derecho Constitucional, codirector M\u00e1ster Ciencia y Derecho UNED, FIDE, GARRIGUES. Miembro del Consejo acad\u00e9mico de FIDE. Dr. Luis Miguel Gonz\u00e1lez de la Garza, professor of <a class=\"more-link\" href=\"https:\/\/blogs.uned.es\/eujuris\/presentacion\/luis-miguel-gonzalez-de-la-garza\/\">Seguir leyendo <span class=\"meta-nav\">&rarr;<\/span><\/a><\/p>\n","protected":false},"author":7377,"featured_media":0,"parent":31,"menu_order":10,"comment_status":"closed","ping_status":"closed","template":"","meta":{"footnotes":""},"class_list":["post-659","page","type-page","status-publish","hentry"],"_links":{"self":[{"href":"https:\/\/blogs.uned.es\/eujuris\/wp-json\/wp\/v2\/pages\/659","targetHints":{"allow":["GET"]}}],"collection":[{"href":"https:\/\/blogs.uned.es\/eujuris\/wp-json\/wp\/v2\/pages"}],"about":[{"href":"https:\/\/blogs.uned.es\/eujuris\/wp-json\/wp\/v2\/types\/page"}],"author":[{"embeddable":true,"href":"https:\/\/blogs.uned.es\/eujuris\/wp-json\/wp\/v2\/users\/7377"}],"replies":[{"embeddable":true,"href":"https:\/\/blogs.uned.es\/eujuris\/wp-json\/wp\/v2\/comments?post=659"}],"version-history":[{"count":2,"href":"https:\/\/blogs.uned.es\/eujuris\/wp-json\/wp\/v2\/pages\/659\/revisions"}],"predecessor-version":[{"id":773,"href":"https:\/\/blogs.uned.es\/eujuris\/wp-json\/wp\/v2\/pages\/659\/revisions\/773"}],"up":[{"embeddable":true,"href":"https:\/\/blogs.uned.es\/eujuris\/wp-json\/wp\/v2\/pages\/31"}],"wp:attachment":[{"href":"https:\/\/blogs.uned.es\/eujuris\/wp-json\/wp\/v2\/media?parent=659"}],"curies":[{"name":"wp","href":"https:\/\/api.w.org\/{rel}","templated":true}]}}