{"id":641,"date":"2021-02-01T20:41:51","date_gmt":"2021-02-01T19:41:51","guid":{"rendered":"http:\/\/blogs.uned.es\/eujuris\/?page_id=641"},"modified":"2021-02-25T00:50:25","modified_gmt":"2021-02-24T23:50:25","slug":"641-2","status":"publish","type":"page","link":"https:\/\/blogs.uned.es\/eujuris\/presentacion\/641-2\/","title":{"rendered":"Fernando VAL GARIJO"},"content":{"rendered":"<p><img decoding=\"async\" class=\"alignnone wp-image-649\" src=\"http:\/\/blogs.uned.es\/eujuris\/wp-content\/uploads\/sites\/261\/2021\/02\/FernandoVal.jpg\" alt=\"\" width=\"181\" height=\"183\" \/><\/p>\n<p><strong>Fernando VAL GARIJO<\/strong><\/p>\n<p>Fernando Val Garijo es profesor contratado doctor en la Facultad de Derecho de la UNED, donde ense\u00f1a Derecho internacional p\u00fablico y Derecho de la UE. Es profesor en el M\u00e1ster en Uni\u00f3n Europea (UNED), impartiendo las asignaturas de Instituciones de la UE, Cooperaci\u00f3n Policial y Judicial en Materia Penal, e Institutional System and European Integration, y en el European Joint Master\u2019s in Strategic Border Management (Frontex), impartiendo la asignatura de Cooperation in Strategic Border Management.<\/p>\n<p>Sus l\u00edneas de investigaci\u00f3n principales se han centrado en el Derecho internacional penal, el Derecho de la UE y los derechos humanos, el Derecho internacional humnaitario y la responsabilidad de las organizaciones internacionales.<\/p>\n<p><a href=\"http:\/\/portal.uned.es\/portal\/page?_pageid=93,711634&amp;_dad=portal&amp;_schema=PORTAL\">http:\/\/portal.uned.es\/portal\/page?_pageid=93,711634&amp;_dad=portal&amp;_schema=PORTAL<\/a><\/p>\n<p>Fernando Val Garijo is associate professor of International Law and EU Law at the Faculty of Law (UNED). He teaches Institutional System and European Integration and Police and Judicial Cooperation in Criminal Matters in the Master\u2019s Degree in European Union and Cooperation in Strategic Border Management in the European Joint Master\u2019s in Strategic Border Management (Frontex).<\/p>\n<p>His research has focused on international criminal law, EU law and human rights, international humanitarian law and the legal responsibility of internactional organizations.<\/p>\n<p><a href=\"http:\/\/portal.uned.es\/portal\/page?_pageid=93,711634&amp;_dad=portal&amp;_schema=PORTAL\">http:\/\/portal.uned.es\/portal\/page?_pageid=93,711634&amp;_dad=portal&amp;_schema=PORTAL<\/a><\/p>\n","protected":false},"excerpt":{"rendered":"<p>Fernando VAL GARIJO Fernando Val Garijo es profesor contratado doctor en la Facultad de Derecho de la UNED, donde ense\u00f1a Derecho internacional p\u00fablico y Derecho de la UE. Es profesor en el M\u00e1ster en Uni\u00f3n Europea (UNED), impartiendo las asignaturas <a class=\"more-link\" href=\"https:\/\/blogs.uned.es\/eujuris\/presentacion\/641-2\/\">Seguir leyendo <span class=\"meta-nav\">&rarr;<\/span><\/a><\/p>\n","protected":false},"author":7377,"featured_media":0,"parent":31,"menu_order":8,"comment_status":"closed","ping_status":"closed","template":"","meta":{"footnotes":""},"class_list":["post-641","page","type-page","status-publish","hentry"],"_links":{"self":[{"href":"https:\/\/blogs.uned.es\/eujuris\/wp-json\/wp\/v2\/pages\/641","targetHints":{"allow":["GET"]}}],"collection":[{"href":"https:\/\/blogs.uned.es\/eujuris\/wp-json\/wp\/v2\/pages"}],"about":[{"href":"https:\/\/blogs.uned.es\/eujuris\/wp-json\/wp\/v2\/types\/page"}],"author":[{"embeddable":true,"href":"https:\/\/blogs.uned.es\/eujuris\/wp-json\/wp\/v2\/users\/7377"}],"replies":[{"embeddable":true,"href":"https:\/\/blogs.uned.es\/eujuris\/wp-json\/wp\/v2\/comments?post=641"}],"version-history":[{"count":6,"href":"https:\/\/blogs.uned.es\/eujuris\/wp-json\/wp\/v2\/pages\/641\/revisions"}],"predecessor-version":[{"id":759,"href":"https:\/\/blogs.uned.es\/eujuris\/wp-json\/wp\/v2\/pages\/641\/revisions\/759"}],"up":[{"embeddable":true,"href":"https:\/\/blogs.uned.es\/eujuris\/wp-json\/wp\/v2\/pages\/31"}],"wp:attachment":[{"href":"https:\/\/blogs.uned.es\/eujuris\/wp-json\/wp\/v2\/media?parent=641"}],"curies":[{"name":"wp","href":"https:\/\/api.w.org\/{rel}","templated":true}]}}