{"id":15,"date":"2019-10-09T10:29:38","date_gmt":"2019-10-09T08:29:38","guid":{"rendered":"http:\/\/blogs.uned.es\/prueba\/?page_id=15"},"modified":"2024-02-25T08:22:05","modified_gmt":"2024-02-25T07:22:05","slug":"inicio","status":"publish","type":"page","link":"https:\/\/blogs.uned.es\/eujuris\/","title":{"rendered":"Inicio"},"content":{"rendered":"<h1>EU Jurisdiction and Proceedings<\/h1>\n<h2 data-speed=\"21\" data-loop=\"1\">M\u00f3dulo Jean Monnet<br \/>Jean Monnet Module<\/h2>\n<p><a href=\"#\"><img fetchpriority=\"high\" decoding=\"async\" class=\"alignnone  wp-image-865\" src=\"https:\/\/blogs.uned.es\/eujuris\/wp-content\/uploads\/sites\/261\/2021\/06\/EUJURIS_Version-alargada.jpg\" alt=\"\" width=\"464\" height=\"348\" \/><\/a><\/p>\n<h5><a href=\"#\">Docencia<br \/>\/ Teaching<\/a><\/h5>\n<p style=\"text-align: center\">Especializaci\u00f3n en Jurisdicci\u00f3n y procedimientos ante el Tribunal de Justicia\u00a0<\/p>\n<p style=\"text-align: center\">Training in Jurisdiction and proceedings before the European Court of Justice<\/p>\n<p><a href=\"#\"><br \/><img decoding=\"async\" src=\"https:\/\/blogs.uned.es\/eujuris\/wp-content\/uploads\/sites\/261\/2019\/10\/contentos-1024x683.jpg\" alt=\"\" width=\"1024\" height=\"683\" \/> <\/a><\/p>\n<h5><a href=\"#\">Investigaci\u00f3n<br \/>Research activity<\/a><\/h5>\n<p>Retos jur\u00eddicos y \u00e9ticos en los procedimientos ante el TJUE<\/p>\n<p>Legal and ethical challenges in the EU judicial proceedings<\/p>\n<p>La relevancia del g\u00e9nero en los procedimientos ante el TJUE<\/p>\n<p>The relevance of Gender in EU judicial proceedings<\/p>\n<p><a href=\"#\"><br \/><img decoding=\"async\" src=\"https:\/\/blogs.uned.es\/eujuris\/wp-content\/uploads\/sites\/261\/2019\/10\/alegres-1-1024x684.jpg\" alt=\"\" width=\"1024\" height=\"684\" \/> <\/a><\/p>\n<h5><a href=\"#\">Difusi\u00f3n<br \/>Dissemination<\/a><\/h5>\n<p>Materiales did\u00e1cticos \/didactic materials<\/p>\n<p><a href=\"https:\/\/canal.uned.es\/series\/602a5c39b6092369ff03db45\">Canal UNED\u00a0<\/a><\/p>\n<p>Redes Sociales \/ Social Networks<\/p>\n<h2>\u00bfQu\u00e9 hacemos?<br \/>What do we do?<\/h2>\n<p>M\u00f3dulo Jean Monnet Jurisdicci\u00f3n y Procedimientos en la UE (<em>EU Jurisdiction and Proceedings<\/em>), <strong><em>EUJuris<\/em><\/strong>, ref. 621025-EPP-1-2020-1-ES-EPPJMO-MODULE.<\/p>\n<p><strong>Objetivos:<\/strong> Formaci\u00f3n especializada y pr\u00e1ctica sobre la Jurisdicci\u00f3n y procedimientos ante el Tribunal de Justicia de la Uni\u00f3n Europea.<\/p>\n<p><strong>Objectives:<\/strong> Specialized and practical\u00a0training on Jurisdiction and procedures before the Court of Justice of the European Union<\/p>\n<p style=\"text-align: left\"><img loading=\"lazy\" decoding=\"async\" class=\"alignleft\" src=\"https:\/\/blogs.uned.es\/eujuris\/wp-content\/uploads\/sites\/261\/2021\/02\/logosbeneficaireserasmusright_withthesupportof-1-1024x210.jpg\" alt=\"\" width=\"630\" height=\"129\" \/><\/p>\n<p>\u00a0<\/p>\n<p>\u00a0<\/p>\n<p>\u00a0<\/p>\n<p style=\"text-align: left\">The European Commission supports the EUJuris module \u00a0through the European Union budget. This website reflects the views only of the author(s), and the Commission cannot be held responsible for any use which may be made of the information contained therein.<\/p>\n<h5 style=\"text-align: left\"><a role=\"button\" href=\"https:\/\/blogs.uned.es\/eujuris\/presentacion\/\"><br \/>Saber m\u00e1s \/ To know more<br \/><\/a><\/h5>\n\n\n<p><\/p>\n","protected":false},"excerpt":{"rendered":"<p>EU Jurisdiction and Proceedings M\u00f3dulo Jean MonnetJean Monnet Module Docencia\/ Teaching Especializaci\u00f3n en Jurisdicci\u00f3n y procedimientos ante el Tribunal de Justicia\u00a0 Training in Jurisdiction and proceedings before the European Court of Justice Investigaci\u00f3nResearch activity Retos jur\u00eddicos y \u00e9ticos en los <a class=\"more-link\" href=\"https:\/\/blogs.uned.es\/eujuris\/\">Seguir leyendo <span class=\"meta-nav\">&rarr;<\/span><\/a><\/p>\n","protected":false},"author":1,"featured_media":0,"parent":0,"menu_order":0,"comment_status":"closed","ping_status":"closed","template":"","meta":{"footnotes":""},"class_list":["post-15","page","type-page","status-publish","hentry"],"_links":{"self":[{"href":"https:\/\/blogs.uned.es\/eujuris\/wp-json\/wp\/v2\/pages\/15","targetHints":{"allow":["GET"]}}],"collection":[{"href":"https:\/\/blogs.uned.es\/eujuris\/wp-json\/wp\/v2\/pages"}],"about":[{"href":"https:\/\/blogs.uned.es\/eujuris\/wp-json\/wp\/v2\/types\/page"}],"author":[{"embeddable":true,"href":"https:\/\/blogs.uned.es\/eujuris\/wp-json\/wp\/v2\/users\/1"}],"replies":[{"embeddable":true,"href":"https:\/\/blogs.uned.es\/eujuris\/wp-json\/wp\/v2\/comments?post=15"}],"version-history":[{"count":78,"href":"https:\/\/blogs.uned.es\/eujuris\/wp-json\/wp\/v2\/pages\/15\/revisions"}],"predecessor-version":[{"id":1329,"href":"https:\/\/blogs.uned.es\/eujuris\/wp-json\/wp\/v2\/pages\/15\/revisions\/1329"}],"wp:attachment":[{"href":"https:\/\/blogs.uned.es\/eujuris\/wp-json\/wp\/v2\/media?parent=15"}],"curies":[{"name":"wp","href":"https:\/\/api.w.org\/{rel}","templated":true}]}}