{"id":975,"date":"2024-11-11T08:41:16","date_gmt":"2024-11-11T07:41:16","guid":{"rendered":"https:\/\/blogs.uned.es\/eufundamentalrights\/?page_id=975"},"modified":"2024-11-14T17:46:52","modified_gmt":"2024-11-14T16:46:52","slug":"cursos-de-verano","status":"publish","type":"page","link":"https:\/\/blogs.uned.es\/eufundamentalrights\/cursos-de-verano\/","title":{"rendered":"Cursos de Verano"},"content":{"rendered":"\t\t<div data-elementor-type=\"wp-page\" data-elementor-id=\"975\" class=\"elementor elementor-975\">\n\t\t\t\t\t\t<section class=\"elementor-section elementor-top-section elementor-element elementor-element-1a17409 elementor-section-stretched elementor-section-height-min-height elementor-section-content-middle elementor-section-boxed elementor-section-height-default elementor-section-items-middle\" data-id=\"1a17409\" data-element_type=\"section\" data-e-type=\"section\" data-settings=\"{&quot;stretch_section&quot;:&quot;section-stretched&quot;,&quot;background_background&quot;:&quot;classic&quot;}\">\n\t\t\t\t\t\t<div class=\"elementor-container elementor-column-gap-default\">\n\t\t\t\t\t<div class=\"elementor-column elementor-col-100 elementor-top-column elementor-element elementor-element-ca323d7\" data-id=\"ca323d7\" data-element_type=\"column\" data-e-type=\"column\">\n\t\t\t<div class=\"elementor-widget-wrap elementor-element-populated\">\n\t\t\t\t\t\t<section class=\"elementor-section elementor-inner-section elementor-element elementor-element-dcda665 elementor-section-boxed elementor-section-height-default elementor-section-height-default\" data-id=\"dcda665\" data-element_type=\"section\" data-e-type=\"section\">\n\t\t\t\t\t\t<div class=\"elementor-container elementor-column-gap-default\">\n\t\t\t\t\t<div class=\"elementor-column elementor-col-50 elementor-inner-column elementor-element elementor-element-368870a\" data-id=\"368870a\" data-element_type=\"column\" data-e-type=\"column\">\n\t\t\t<div class=\"elementor-widget-wrap\">\n\t\t\t\t\t\t\t<\/div>\n\t\t<\/div>\n\t\t\t\t<div class=\"elementor-column elementor-col-50 elementor-inner-column elementor-element elementor-element-6b90ff0\" data-id=\"6b90ff0\" data-element_type=\"column\" data-e-type=\"column\">\n\t\t\t<div class=\"elementor-widget-wrap elementor-element-populated\">\n\t\t\t\t\t\t<div class=\"elementor-element elementor-element-e109f77 elementor-widget elementor-widget-heading\" data-id=\"e109f77\" data-element_type=\"widget\" data-e-type=\"widget\" data-widget_type=\"heading.default\">\n\t\t\t\t<div class=\"elementor-widget-container\">\n\t\t\t\t\t<h2 class=\"elementor-heading-title elementor-size-default\">Cursos de Verano<\/h2>\t\t\t\t<\/div>\n\t\t\t\t<\/div>\n\t\t\t\t\t<\/div>\n\t\t<\/div>\n\t\t\t\t\t<\/div>\n\t\t<\/section>\n\t\t\t\t\t<\/div>\n\t\t<\/div>\n\t\t\t\t\t<\/div>\n\t\t<\/section>\n\t\t\t\t<section class=\"elementor-section elementor-top-section elementor-element elementor-element-52e79c5 elementor-section-boxed elementor-section-height-default elementor-section-height-default\" data-id=\"52e79c5\" data-element_type=\"section\" data-e-type=\"section\">\n\t\t\t\t\t\t<div class=\"elementor-container elementor-column-gap-default\">\n\t\t\t\t\t<div class=\"elementor-column elementor-col-100 elementor-top-column elementor-element elementor-element-5d1bfda\" data-id=\"5d1bfda\" data-element_type=\"column\" data-e-type=\"column\">\n\t\t\t<div class=\"elementor-widget-wrap elementor-element-populated\">\n\t\t\t\t\t\t<div class=\"elementor-element elementor-element-751c770 elementor-widget elementor-widget-spacer\" data-id=\"751c770\" data-element_type=\"widget\" data-e-type=\"widget\" data-widget_type=\"spacer.default\">\n\t\t\t\t<div class=\"elementor-widget-container\">\n\t\t\t\t\t\t\t<div class=\"elementor-spacer\">\n\t\t\t<div class=\"elementor-spacer-inner\"><\/div>\n\t\t<\/div>\n\t\t\t\t\t\t<\/div>\n\t\t\t\t<\/div>\n\t\t\t\t\t<\/div>\n\t\t<\/div>\n\t\t\t\t\t<\/div>\n\t\t<\/section>\n\t\t\t\t<section class=\"elementor-section elementor-top-section elementor-element elementor-element-c4dbefa elementor-section-boxed elementor-section-height-default elementor-section-height-default\" data-id=\"c4dbefa\" data-element_type=\"section\" data-e-type=\"section\">\n\t\t\t\t\t\t<div class=\"elementor-container elementor-column-gap-default\">\n\t\t\t\t\t<div class=\"elementor-column elementor-col-100 elementor-top-column elementor-element elementor-element-bda8f27\" data-id=\"bda8f27\" data-element_type=\"column\" data-e-type=\"column\">\n\t\t\t<div class=\"elementor-widget-wrap elementor-element-populated\">\n\t\t\t\t\t\t<div class=\"elementor-element elementor-element-3a50984 elementor-widget elementor-widget-heading\" data-id=\"3a50984\" data-element_type=\"widget\" data-e-type=\"widget\" data-widget_type=\"heading.default\">\n\t\t\t\t<div class=\"elementor-widget-container\">\n\t\t\t\t\t<h2 class=\"elementor-heading-title elementor-size-default\">Curso de Verano \"Constituci\u00f3n y Gobernanza Econ\u00f3mica en la Uni\u00f3n Europea\", UIMP, Palacio de la Magdalena, Santander<\/h2>\t\t\t\t<\/div>\n\t\t\t\t<\/div>\n\t\t\t\t<div class=\"elementor-element elementor-element-b2b8938 elementor-widget elementor-widget-spacer\" data-id=\"b2b8938\" data-element_type=\"widget\" data-e-type=\"widget\" data-widget_type=\"spacer.default\">\n\t\t\t\t<div class=\"elementor-widget-container\">\n\t\t\t\t\t\t\t<div class=\"elementor-spacer\">\n\t\t\t<div class=\"elementor-spacer-inner\"><\/div>\n\t\t<\/div>\n\t\t\t\t\t\t<\/div>\n\t\t\t\t<\/div>\n\t\t\t\t\t<\/div>\n\t\t<\/div>\n\t\t\t\t\t<\/div>\n\t\t<\/section>\n\t\t\t\t<section class=\"elementor-section elementor-top-section elementor-element elementor-element-7024c57 elementor-section-boxed elementor-section-height-default elementor-section-height-default\" data-id=\"7024c57\" data-element_type=\"section\" data-e-type=\"section\">\n\t\t\t\t\t\t<div class=\"elementor-container elementor-column-gap-default\">\n\t\t\t\t\t<div class=\"elementor-column elementor-col-50 elementor-top-column elementor-element elementor-element-547c464\" data-id=\"547c464\" data-element_type=\"column\" data-e-type=\"column\">\n\t\t\t<div class=\"elementor-widget-wrap elementor-element-populated\">\n\t\t\t\t\t\t<div class=\"elementor-element elementor-element-472533d elementor-widget elementor-widget-heading\" data-id=\"472533d\" data-element_type=\"widget\" data-e-type=\"widget\" data-widget_type=\"heading.default\">\n\t\t\t\t<div class=\"elementor-widget-container\">\n\t\t\t\t\t<h4 class=\"elementor-heading-title elementor-size-default\">D\u00edas 15-19 de julio de 2024<\/h4>\t\t\t\t<\/div>\n\t\t\t\t<\/div>\n\t\t\t\t\t<\/div>\n\t\t<\/div>\n\t\t\t\t<div class=\"elementor-column elementor-col-50 elementor-top-column elementor-element elementor-element-e5746c2\" data-id=\"e5746c2\" data-element_type=\"column\" data-e-type=\"column\">\n\t\t\t<div class=\"elementor-widget-wrap elementor-element-populated\">\n\t\t\t\t\t\t\t<\/div>\n\t\t<\/div>\n\t\t\t\t\t<\/div>\n\t\t<\/section>\n\t\t\t\t<section class=\"elementor-section elementor-top-section elementor-element elementor-element-ceb1b13 elementor-section-boxed elementor-section-height-default elementor-section-height-default\" data-id=\"ceb1b13\" data-element_type=\"section\" data-e-type=\"section\">\n\t\t\t\t\t\t<div class=\"elementor-container elementor-column-gap-default\">\n\t\t\t\t\t<div class=\"elementor-column elementor-col-100 elementor-top-column elementor-element elementor-element-63bf3eb\" data-id=\"63bf3eb\" data-element_type=\"column\" data-e-type=\"column\">\n\t\t\t<div class=\"elementor-widget-wrap elementor-element-populated\">\n\t\t\t\t\t\t<div class=\"elementor-element elementor-element-3be3cba elementor-widget elementor-widget-button\" data-id=\"3be3cba\" data-element_type=\"widget\" data-e-type=\"widget\" data-widget_type=\"button.default\">\n\t\t\t\t<div class=\"elementor-widget-container\">\n\t\t\t\t\t\t\t\t\t<div class=\"elementor-button-wrapper\">\n\t\t\t\t\t<a class=\"elementor-button elementor-button-link elementor-size-sm\" href=\"https:\/\/blogs.uned.es\/eufundamentalrights\/wp-content\/uploads\/sites\/561\/2024\/11\/3.-Programa-Curso-Verano-UIMP-2024-con-logotipo-UE.pdf\">\n\t\t\t\t\t\t<span class=\"elementor-button-content-wrapper\">\n\t\t\t\t\t\t\t\t\t<span class=\"elementor-button-text\">Programa<\/span>\n\t\t\t\t\t<\/span>\n\t\t\t\t\t<\/a>\n\t\t\t\t<\/div>\n\t\t\t\t\t\t\t\t<\/div>\n\t\t\t\t<\/div>\n\t\t\t\t<div class=\"elementor-element elementor-element-a0650bb elementor-widget elementor-widget-spacer\" data-id=\"a0650bb\" data-element_type=\"widget\" data-e-type=\"widget\" data-widget_type=\"spacer.default\">\n\t\t\t\t<div class=\"elementor-widget-container\">\n\t\t\t\t\t\t\t<div class=\"elementor-spacer\">\n\t\t\t<div class=\"elementor-spacer-inner\"><\/div>\n\t\t<\/div>\n\t\t\t\t\t\t<\/div>\n\t\t\t\t<\/div>\n\t\t\t\t\t<\/div>\n\t\t<\/div>\n\t\t\t\t\t<\/div>\n\t\t<\/section>\n\t\t\t\t<section class=\"elementor-section elementor-top-section elementor-element elementor-element-1814034 elementor-section-boxed elementor-section-height-default elementor-section-height-default\" data-id=\"1814034\" data-element_type=\"section\" data-e-type=\"section\">\n\t\t\t\t\t\t<div class=\"elementor-container elementor-column-gap-default\">\n\t\t\t\t\t<div class=\"elementor-column elementor-col-100 elementor-top-column elementor-element elementor-element-bdd57f8\" data-id=\"bdd57f8\" data-element_type=\"column\" data-e-type=\"column\">\n\t\t\t<div class=\"elementor-widget-wrap elementor-element-populated\">\n\t\t\t\t\t\t<div class=\"elementor-element elementor-element-33c20aa elementor-widget elementor-widget-image-gallery\" data-id=\"33c20aa\" data-element_type=\"widget\" data-e-type=\"widget\" data-widget_type=\"image-gallery.default\">\n\t\t\t\t<div class=\"elementor-widget-container\">\n\t\t\t\t\t\t\t<div class=\"elementor-image-gallery\">\n\t\t\t<div id='gallery-1' class='gallery galleryid-975 gallery-columns-4 gallery-size-medium'><figure class='gallery-item'>\n\t\t\t<div class='gallery-icon landscape'>\n\t\t\t\t<a data-elementor-open-lightbox=\"yes\" data-elementor-lightbox-slideshow=\"33c20aa\" data-elementor-lightbox-title=\"e15fa2fd-2acc-4d5f-8fc6-73d0dda8db1c\" data-e-action-hash=\"#elementor-action%3Aaction%3Dlightbox%26settings%3DeyJpZCI6MTI3MywidXJsIjoiaHR0cHM6XC9cL2Jsb2dzLnVuZWQuZXNcL2V1ZnVuZGFtZW50YWxyaWdodHNcL3dwLWNvbnRlbnRcL3VwbG9hZHNcL3NpdGVzXC81NjFcLzIwMjRcLzExXC9lMTVmYTJmZC0yYWNjLTRkNWYtOGZjNi03M2QwZGRhOGRiMWMuanBnIiwic2xpZGVzaG93IjoiMzNjMjBhYSJ9\" href='https:\/\/blogs.uned.es\/eufundamentalrights\/wp-content\/uploads\/sites\/561\/2024\/11\/e15fa2fd-2acc-4d5f-8fc6-73d0dda8db1c.jpg'><img fetchpriority=\"high\" decoding=\"async\" width=\"300\" height=\"225\" src=\"https:\/\/blogs.uned.es\/eufundamentalrights\/wp-content\/uploads\/sites\/561\/2024\/11\/e15fa2fd-2acc-4d5f-8fc6-73d0dda8db1c-300x225.jpg\" class=\"attachment-medium size-medium\" alt=\"\" srcset=\"https:\/\/blogs.uned.es\/eufundamentalrights\/wp-content\/uploads\/sites\/561\/2024\/11\/e15fa2fd-2acc-4d5f-8fc6-73d0dda8db1c-300x225.jpg 300w, https:\/\/blogs.uned.es\/eufundamentalrights\/wp-content\/uploads\/sites\/561\/2024\/11\/e15fa2fd-2acc-4d5f-8fc6-73d0dda8db1c-1024x768.jpg 1024w, https:\/\/blogs.uned.es\/eufundamentalrights\/wp-content\/uploads\/sites\/561\/2024\/11\/e15fa2fd-2acc-4d5f-8fc6-73d0dda8db1c-768x576.jpg 768w, https:\/\/blogs.uned.es\/eufundamentalrights\/wp-content\/uploads\/sites\/561\/2024\/11\/e15fa2fd-2acc-4d5f-8fc6-73d0dda8db1c-1536x1152.jpg 1536w, https:\/\/blogs.uned.es\/eufundamentalrights\/wp-content\/uploads\/sites\/561\/2024\/11\/e15fa2fd-2acc-4d5f-8fc6-73d0dda8db1c.jpg 2048w\" sizes=\"(max-width: 300px) 100vw, 300px\" \/><\/a>\n\t\t\t<\/div><\/figure><figure class='gallery-item'>\n\t\t\t<div class='gallery-icon landscape'>\n\t\t\t\t<a data-elementor-open-lightbox=\"yes\" data-elementor-lightbox-slideshow=\"33c20aa\" data-elementor-lightbox-title=\"IMG_7976\" data-e-action-hash=\"#elementor-action%3Aaction%3Dlightbox%26settings%3DeyJpZCI6MTIyNSwidXJsIjoiaHR0cHM6XC9cL2Jsb2dzLnVuZWQuZXNcL2V1ZnVuZGFtZW50YWxyaWdodHNcL3dwLWNvbnRlbnRcL3VwbG9hZHNcL3NpdGVzXC81NjFcLzIwMjRcLzExXC9JTUdfNzk3Ni5qcGciLCJzbGlkZXNob3ciOiIzM2MyMGFhIn0%3D\" href='https:\/\/blogs.uned.es\/eufundamentalrights\/wp-content\/uploads\/sites\/561\/2024\/11\/IMG_7976.jpg'><img decoding=\"async\" width=\"300\" height=\"225\" src=\"https:\/\/blogs.uned.es\/eufundamentalrights\/wp-content\/uploads\/sites\/561\/2024\/11\/IMG_7976-300x225.jpg\" class=\"attachment-medium size-medium\" alt=\"\" srcset=\"https:\/\/blogs.uned.es\/eufundamentalrights\/wp-content\/uploads\/sites\/561\/2024\/11\/IMG_7976-300x225.jpg 300w, https:\/\/blogs.uned.es\/eufundamentalrights\/wp-content\/uploads\/sites\/561\/2024\/11\/IMG_7976.jpg 320w\" sizes=\"(max-width: 300px) 100vw, 300px\" \/><\/a>\n\t\t\t<\/div><\/figure><figure class='gallery-item'>\n\t\t\t<div class='gallery-icon landscape'>\n\t\t\t\t<a data-elementor-open-lightbox=\"yes\" data-elementor-lightbox-slideshow=\"33c20aa\" data-elementor-lightbox-title=\"IMG_7983\" data-e-action-hash=\"#elementor-action%3Aaction%3Dlightbox%26settings%3DeyJpZCI6MTIyNywidXJsIjoiaHR0cHM6XC9cL2Jsb2dzLnVuZWQuZXNcL2V1ZnVuZGFtZW50YWxyaWdodHNcL3dwLWNvbnRlbnRcL3VwbG9hZHNcL3NpdGVzXC81NjFcLzIwMjRcLzExXC9JTUdfNzk4My5qcGciLCJzbGlkZXNob3ciOiIzM2MyMGFhIn0%3D\" href='https:\/\/blogs.uned.es\/eufundamentalrights\/wp-content\/uploads\/sites\/561\/2024\/11\/IMG_7983.jpg'><img decoding=\"async\" width=\"300\" height=\"225\" src=\"https:\/\/blogs.uned.es\/eufundamentalrights\/wp-content\/uploads\/sites\/561\/2024\/11\/IMG_7983-300x225.jpg\" class=\"attachment-medium size-medium\" alt=\"\" srcset=\"https:\/\/blogs.uned.es\/eufundamentalrights\/wp-content\/uploads\/sites\/561\/2024\/11\/IMG_7983-300x225.jpg 300w, https:\/\/blogs.uned.es\/eufundamentalrights\/wp-content\/uploads\/sites\/561\/2024\/11\/IMG_7983.jpg 320w\" sizes=\"(max-width: 300px) 100vw, 300px\" \/><\/a>\n\t\t\t<\/div><\/figure><figure class='gallery-item'>\n\t\t\t<div class='gallery-icon landscape'>\n\t\t\t\t<a data-elementor-open-lightbox=\"yes\" data-elementor-lightbox-slideshow=\"33c20aa\" data-elementor-lightbox-title=\"IMG_7993\" data-e-action-hash=\"#elementor-action%3Aaction%3Dlightbox%26settings%3DeyJpZCI6MTIxNywidXJsIjoiaHR0cHM6XC9cL2Jsb2dzLnVuZWQuZXNcL2V1ZnVuZGFtZW50YWxyaWdodHNcL3dwLWNvbnRlbnRcL3VwbG9hZHNcL3NpdGVzXC81NjFcLzIwMjRcLzExXC9JTUdfNzk5My5qcGciLCJzbGlkZXNob3ciOiIzM2MyMGFhIn0%3D\" href='https:\/\/blogs.uned.es\/eufundamentalrights\/wp-content\/uploads\/sites\/561\/2024\/11\/IMG_7993.jpg'><img loading=\"lazy\" decoding=\"async\" width=\"300\" height=\"225\" src=\"https:\/\/blogs.uned.es\/eufundamentalrights\/wp-content\/uploads\/sites\/561\/2024\/11\/IMG_7993-300x225.jpg\" class=\"attachment-medium size-medium\" alt=\"\" srcset=\"https:\/\/blogs.uned.es\/eufundamentalrights\/wp-content\/uploads\/sites\/561\/2024\/11\/IMG_7993-300x225.jpg 300w, https:\/\/blogs.uned.es\/eufundamentalrights\/wp-content\/uploads\/sites\/561\/2024\/11\/IMG_7993.jpg 320w\" sizes=\"(max-width: 300px) 100vw, 300px\" \/><\/a>\n\t\t\t<\/div><\/figure><figure class='gallery-item'>\n\t\t\t<div class='gallery-icon landscape'>\n\t\t\t\t<a data-elementor-open-lightbox=\"yes\" data-elementor-lightbox-slideshow=\"33c20aa\" data-elementor-lightbox-title=\"IMG_7986\" data-e-action-hash=\"#elementor-action%3Aaction%3Dlightbox%26settings%3DeyJpZCI6MTIyOSwidXJsIjoiaHR0cHM6XC9cL2Jsb2dzLnVuZWQuZXNcL2V1ZnVuZGFtZW50YWxyaWdodHNcL3dwLWNvbnRlbnRcL3VwbG9hZHNcL3NpdGVzXC81NjFcLzIwMjRcLzExXC9JTUdfNzk4Ni5qcGciLCJzbGlkZXNob3ciOiIzM2MyMGFhIn0%3D\" href='https:\/\/blogs.uned.es\/eufundamentalrights\/wp-content\/uploads\/sites\/561\/2024\/11\/IMG_7986.jpg'><img loading=\"lazy\" decoding=\"async\" width=\"300\" height=\"225\" src=\"https:\/\/blogs.uned.es\/eufundamentalrights\/wp-content\/uploads\/sites\/561\/2024\/11\/IMG_7986-300x225.jpg\" class=\"attachment-medium size-medium\" alt=\"\" srcset=\"https:\/\/blogs.uned.es\/eufundamentalrights\/wp-content\/uploads\/sites\/561\/2024\/11\/IMG_7986-300x225.jpg 300w, https:\/\/blogs.uned.es\/eufundamentalrights\/wp-content\/uploads\/sites\/561\/2024\/11\/IMG_7986.jpg 320w\" sizes=\"(max-width: 300px) 100vw, 300px\" \/><\/a>\n\t\t\t<\/div><\/figure><figure class='gallery-item'>\n\t\t\t<div class='gallery-icon landscape'>\n\t\t\t\t<a data-elementor-open-lightbox=\"yes\" data-elementor-lightbox-slideshow=\"33c20aa\" data-elementor-lightbox-title=\"IMG_7982\" data-e-action-hash=\"#elementor-action%3Aaction%3Dlightbox%26settings%3DeyJpZCI6MTIzMSwidXJsIjoiaHR0cHM6XC9cL2Jsb2dzLnVuZWQuZXNcL2V1ZnVuZGFtZW50YWxyaWdodHNcL3dwLWNvbnRlbnRcL3VwbG9hZHNcL3NpdGVzXC81NjFcLzIwMjRcLzExXC9JTUdfNzk4Mi5qcGciLCJzbGlkZXNob3ciOiIzM2MyMGFhIn0%3D\" href='https:\/\/blogs.uned.es\/eufundamentalrights\/wp-content\/uploads\/sites\/561\/2024\/11\/IMG_7982.jpg'><img loading=\"lazy\" decoding=\"async\" width=\"300\" height=\"225\" src=\"https:\/\/blogs.uned.es\/eufundamentalrights\/wp-content\/uploads\/sites\/561\/2024\/11\/IMG_7982-300x225.jpg\" class=\"attachment-medium size-medium\" alt=\"\" srcset=\"https:\/\/blogs.uned.es\/eufundamentalrights\/wp-content\/uploads\/sites\/561\/2024\/11\/IMG_7982-300x225.jpg 300w, https:\/\/blogs.uned.es\/eufundamentalrights\/wp-content\/uploads\/sites\/561\/2024\/11\/IMG_7982.jpg 320w\" sizes=\"(max-width: 300px) 100vw, 300px\" \/><\/a>\n\t\t\t<\/div><\/figure><figure class='gallery-item'>\n\t\t\t<div class='gallery-icon landscape'>\n\t\t\t\t<a data-elementor-open-lightbox=\"yes\" data-elementor-lightbox-slideshow=\"33c20aa\" data-elementor-lightbox-title=\"e90fd121-738e-4c31-b4e0-793c71cc02a1\" data-e-action-hash=\"#elementor-action%3Aaction%3Dlightbox%26settings%3DeyJpZCI6MTMwMSwidXJsIjoiaHR0cHM6XC9cL2Jsb2dzLnVuZWQuZXNcL2V1ZnVuZGFtZW50YWxyaWdodHNcL3dwLWNvbnRlbnRcL3VwbG9hZHNcL3NpdGVzXC81NjFcLzIwMjRcLzExXC9lOTBmZDEyMS03MzhlLTRjMzEtYjRlMC03OTNjNzFjYzAyYTEuanBnIiwic2xpZGVzaG93IjoiMzNjMjBhYSJ9\" href='https:\/\/blogs.uned.es\/eufundamentalrights\/wp-content\/uploads\/sites\/561\/2024\/11\/e90fd121-738e-4c31-b4e0-793c71cc02a1.jpg'><img loading=\"lazy\" decoding=\"async\" width=\"300\" height=\"225\" src=\"https:\/\/blogs.uned.es\/eufundamentalrights\/wp-content\/uploads\/sites\/561\/2024\/11\/e90fd121-738e-4c31-b4e0-793c71cc02a1-300x225.jpg\" class=\"attachment-medium size-medium\" alt=\"\" srcset=\"https:\/\/blogs.uned.es\/eufundamentalrights\/wp-content\/uploads\/sites\/561\/2024\/11\/e90fd121-738e-4c31-b4e0-793c71cc02a1-300x225.jpg 300w, https:\/\/blogs.uned.es\/eufundamentalrights\/wp-content\/uploads\/sites\/561\/2024\/11\/e90fd121-738e-4c31-b4e0-793c71cc02a1-1024x768.jpg 1024w, https:\/\/blogs.uned.es\/eufundamentalrights\/wp-content\/uploads\/sites\/561\/2024\/11\/e90fd121-738e-4c31-b4e0-793c71cc02a1-768x576.jpg 768w, https:\/\/blogs.uned.es\/eufundamentalrights\/wp-content\/uploads\/sites\/561\/2024\/11\/e90fd121-738e-4c31-b4e0-793c71cc02a1-1536x1152.jpg 1536w, https:\/\/blogs.uned.es\/eufundamentalrights\/wp-content\/uploads\/sites\/561\/2024\/11\/e90fd121-738e-4c31-b4e0-793c71cc02a1.jpg 2048w\" sizes=\"(max-width: 300px) 100vw, 300px\" \/><\/a>\n\t\t\t<\/div><\/figure><figure class='gallery-item'>\n\t\t\t<div class='gallery-icon landscape'>\n\t\t\t\t<a data-elementor-open-lightbox=\"yes\" data-elementor-lightbox-slideshow=\"33c20aa\" data-elementor-lightbox-title=\"1f0b7c3f-7034-4edc-b680-7190c8ba64c6\" data-e-action-hash=\"#elementor-action%3Aaction%3Dlightbox%26settings%3DeyJpZCI6MTI2MywidXJsIjoiaHR0cHM6XC9cL2Jsb2dzLnVuZWQuZXNcL2V1ZnVuZGFtZW50YWxyaWdodHNcL3dwLWNvbnRlbnRcL3VwbG9hZHNcL3NpdGVzXC81NjFcLzIwMjRcLzExXC8xZjBiN2MzZi03MDM0LTRlZGMtYjY4MC03MTkwYzhiYTY0YzYuanBnIiwic2xpZGVzaG93IjoiMzNjMjBhYSJ9\" href='https:\/\/blogs.uned.es\/eufundamentalrights\/wp-content\/uploads\/sites\/561\/2024\/11\/1f0b7c3f-7034-4edc-b680-7190c8ba64c6.jpg'><img loading=\"lazy\" decoding=\"async\" width=\"300\" height=\"225\" src=\"https:\/\/blogs.uned.es\/eufundamentalrights\/wp-content\/uploads\/sites\/561\/2024\/11\/1f0b7c3f-7034-4edc-b680-7190c8ba64c6-300x225.jpg\" class=\"attachment-medium size-medium\" alt=\"\" srcset=\"https:\/\/blogs.uned.es\/eufundamentalrights\/wp-content\/uploads\/sites\/561\/2024\/11\/1f0b7c3f-7034-4edc-b680-7190c8ba64c6-300x225.jpg 300w, https:\/\/blogs.uned.es\/eufundamentalrights\/wp-content\/uploads\/sites\/561\/2024\/11\/1f0b7c3f-7034-4edc-b680-7190c8ba64c6-1024x768.jpg 1024w, https:\/\/blogs.uned.es\/eufundamentalrights\/wp-content\/uploads\/sites\/561\/2024\/11\/1f0b7c3f-7034-4edc-b680-7190c8ba64c6-768x576.jpg 768w, https:\/\/blogs.uned.es\/eufundamentalrights\/wp-content\/uploads\/sites\/561\/2024\/11\/1f0b7c3f-7034-4edc-b680-7190c8ba64c6-1536x1152.jpg 1536w, https:\/\/blogs.uned.es\/eufundamentalrights\/wp-content\/uploads\/sites\/561\/2024\/11\/1f0b7c3f-7034-4edc-b680-7190c8ba64c6.jpg 2048w\" sizes=\"(max-width: 300px) 100vw, 300px\" \/><\/a>\n\t\t\t<\/div><\/figure>\n\t\t<\/div>\n\t\t<\/div>\n\t\t\t\t\t\t<\/div>\n\t\t\t\t<\/div>\n\t\t\t\t\t<\/div>\n\t\t<\/div>\n\t\t\t\t\t<\/div>\n\t\t<\/section>\n\t\t\t\t<section class=\"elementor-section elementor-top-section elementor-element elementor-element-a1e3883 elementor-section-boxed elementor-section-height-default elementor-section-height-default\" data-id=\"a1e3883\" data-element_type=\"section\" data-e-type=\"section\">\n\t\t\t\t\t\t<div class=\"elementor-container elementor-column-gap-default\">\n\t\t\t\t\t<div class=\"elementor-column elementor-col-100 elementor-top-column elementor-element elementor-element-55aac6d\" data-id=\"55aac6d\" data-element_type=\"column\" data-e-type=\"column\">\n\t\t\t<div class=\"elementor-widget-wrap elementor-element-populated\">\n\t\t\t\t\t\t<div class=\"elementor-element elementor-element-fa44f01 elementor-widget elementor-widget-image\" data-id=\"fa44f01\" data-element_type=\"widget\" data-e-type=\"widget\" data-widget_type=\"image.default\">\n\t\t\t\t<div class=\"elementor-widget-container\">\n\t\t\t\t\t\t\t\t\t\t\t\t\t\t\t<img loading=\"lazy\" decoding=\"async\" width=\"800\" height=\"168\" src=\"https:\/\/blogs.uned.es\/eufundamentalrights\/wp-content\/uploads\/sites\/561\/2024\/11\/ES-Cofinanciado-por-la-Union-Europea_POS-1024x215.jpg\" class=\"attachment-large size-large wp-image-1653\" alt=\"\" srcset=\"https:\/\/blogs.uned.es\/eufundamentalrights\/wp-content\/uploads\/sites\/561\/2024\/11\/ES-Cofinanciado-por-la-Union-Europea_POS-1024x215.jpg 1024w, https:\/\/blogs.uned.es\/eufundamentalrights\/wp-content\/uploads\/sites\/561\/2024\/11\/ES-Cofinanciado-por-la-Union-Europea_POS-300x63.jpg 300w, https:\/\/blogs.uned.es\/eufundamentalrights\/wp-content\/uploads\/sites\/561\/2024\/11\/ES-Cofinanciado-por-la-Union-Europea_POS-768x161.jpg 768w, https:\/\/blogs.uned.es\/eufundamentalrights\/wp-content\/uploads\/sites\/561\/2024\/11\/ES-Cofinanciado-por-la-Union-Europea_POS-1536x322.jpg 1536w, https:\/\/blogs.uned.es\/eufundamentalrights\/wp-content\/uploads\/sites\/561\/2024\/11\/ES-Cofinanciado-por-la-Union-Europea_POS-2048x430.jpg 2048w\" sizes=\"(max-width: 800px) 100vw, 800px\" \/>\t\t\t\t\t\t\t\t\t\t\t\t\t\t\t<\/div>\n\t\t\t\t<\/div>\n\t\t\t\t\t<\/div>\n\t\t<\/div>\n\t\t\t\t\t<\/div>\n\t\t<\/section>\n\t\t\t\t<\/div>\n\t\t","protected":false},"excerpt":{"rendered":"<p>Cursos de Verano Curso de Verano \u00abConstituci\u00f3n y Gobernanza Econ\u00f3mica en la Uni\u00f3n Europea\u00bb, UIMP, Palacio de la Magdalena, Santander D\u00edas 15-19 de julio de 2024 Programa<\/p>\n","protected":false},"author":1,"featured_media":0,"parent":0,"menu_order":0,"comment_status":"closed","ping_status":"closed","template":"","meta":{"footnotes":""},"class_list":["post-975","page","type-page","status-publish"],"_links":{"self":[{"href":"https:\/\/blogs.uned.es\/eufundamentalrights\/wp-json\/wp\/v2\/pages\/975","targetHints":{"allow":["GET"]}}],"collection":[{"href":"https:\/\/blogs.uned.es\/eufundamentalrights\/wp-json\/wp\/v2\/pages"}],"about":[{"href":"https:\/\/blogs.uned.es\/eufundamentalrights\/wp-json\/wp\/v2\/types\/page"}],"author":[{"embeddable":true,"href":"https:\/\/blogs.uned.es\/eufundamentalrights\/wp-json\/wp\/v2\/users\/1"}],"replies":[{"embeddable":true,"href":"https:\/\/blogs.uned.es\/eufundamentalrights\/wp-json\/wp\/v2\/comments?post=975"}],"version-history":[{"count":43,"href":"https:\/\/blogs.uned.es\/eufundamentalrights\/wp-json\/wp\/v2\/pages\/975\/revisions"}],"predecessor-version":[{"id":1683,"href":"https:\/\/blogs.uned.es\/eufundamentalrights\/wp-json\/wp\/v2\/pages\/975\/revisions\/1683"}],"wp:attachment":[{"href":"https:\/\/blogs.uned.es\/eufundamentalrights\/wp-json\/wp\/v2\/media?parent=975"}],"curies":[{"name":"wp","href":"https:\/\/api.w.org\/{rel}","templated":true}]}}