{"id":11761,"date":"2023-09-25T08:06:23","date_gmt":"2023-09-25T08:06:23","guid":{"rendered":"https:\/\/blogs.uned.es\/estudios-oficiales-polisoci\/?page_id=11761"},"modified":"2024-11-25T15:23:44","modified_gmt":"2024-11-25T15:23:44","slug":"sociologia","status":"publish","type":"page","link":"https:\/\/blogs.uned.es\/estudios-oficiales-polisoci\/grados\/sociologia\/","title":{"rendered":"Sociolog\u00eda"},"content":{"rendered":"\n<div class=\"wp-block-cover alignfull\" style=\"min-height:319px;aspect-ratio:unset;\"><span aria-hidden=\"true\" class=\"wp-block-cover__background has-background-dim-40 has-background-dim\" style=\"background-color:#000000\"><\/span><img loading=\"lazy\" decoding=\"async\" width=\"2200\" height=\"477\" class=\"wp-block-cover__image-background wp-image-437\" alt=\"\" src=\"http:\/\/blogs.uned.es\/estudios-oficiales-polisoci\/wp-content\/uploads\/sites\/399\/2019\/10\/participa.jpg\" data-object-fit=\"cover\" srcset=\"https:\/\/blogs.uned.es\/estudios-oficiales-polisoci\/wp-content\/uploads\/sites\/399\/2019\/10\/participa.jpg 2200w, https:\/\/blogs.uned.es\/estudios-oficiales-polisoci\/wp-content\/uploads\/sites\/399\/2019\/10\/participa-300x65.jpg 300w, https:\/\/blogs.uned.es\/estudios-oficiales-polisoci\/wp-content\/uploads\/sites\/399\/2019\/10\/participa-1024x222.jpg 1024w, https:\/\/blogs.uned.es\/estudios-oficiales-polisoci\/wp-content\/uploads\/sites\/399\/2019\/10\/participa-768x167.jpg 768w, https:\/\/blogs.uned.es\/estudios-oficiales-polisoci\/wp-content\/uploads\/sites\/399\/2019\/10\/participa-1536x333.jpg 1536w, https:\/\/blogs.uned.es\/estudios-oficiales-polisoci\/wp-content\/uploads\/sites\/399\/2019\/10\/participa-2048x444.jpg 2048w\" sizes=\"auto, (max-width: 2200px) 100vw, 2200px\" \/><div class=\"wp-block-cover__inner-container is-layout-flow wp-block-cover-is-layout-flow\">\n<div class=\"wp-block-columns alignwide is-layout-flex wp-container-core-columns-is-layout-28f84493 wp-block-columns-is-layout-flex\">\n<div class=\"wp-block-column is-layout-flow wp-block-column-is-layout-flow\">\n<p class=\"has-text-align-center has-x-large-font-size\">\u00bfPor qu\u00e9 estudiar Sociolog\u00eda&#8230;EN 2024<\/p>\n\n\n\n<p class=\"has-text-align-center has-primary-color has-luminous-vivid-orange-background-color has-text-color has-background has-medium-font-size\"><a href=\"https:\/\/www.uned.es\/universidad\/facultades\/politicas-sociologia\/bienvenida.html\" target=\"_blank\" rel=\"noreferrer noopener\">FACULTAD DE CIENCIAS POL\u00cdTICAS Y SOCIOLOGIA<\/a><\/p>\n\n\n\n<p class=\"has-text-align-center has-x-large-font-size\">en la UNED?<\/p>\n<\/div>\n<\/div>\n<\/div><\/div>\n\n\n\n<p class=\"has-text-align-center has-background-color has-luminous-vivid-orange-background-color has-text-color has-background has-medium-font-size\">\u00bfPensando en matricularte en Sociolog\u00eda? En junio abrimos la matr\u00edcula de nuevo.<\/p>\n\n\n\n<p>Pero, \u00bfC\u00f3mo es estudiar con nosotros? Te lo cuenta Marta, estudiante de la UNED&#8230; <\/p>\n\n\n\n<blockquote class=\"wp-block-quote is-layout-flow wp-block-quote-is-layout-flow\">\n<figure class=\"wp-block-video\"><video height=\"1080\" style=\"aspect-ratio: 1920 \/ 1080;\" width=\"1920\" controls src=\"https:\/\/blogs.uned.es\/estudios-oficiales-polisoci\/wp-content\/uploads\/sites\/399\/2024\/06\/UNED_MARTA_V2.mp4\"><\/video><\/figure>\n<\/blockquote>\n\n\n\n<h2 class=\"wp-block-heading has-text-align-left has-large-font-size\" style=\"text-transform:none\"><a href=\"https:\/\/canal.uned.es\/video\/62fcbf186f3c0039ef41698b\" target=\"_blank\" rel=\"noreferrer noopener\">Beatriz Ma\u00f1as, excoordinadora del Grado nos contaba en 2022 lo que hemos preparado para..<\/a>.<\/h2>\n\n\n\n<p class=\"has-text-align-center has-medium-font-size\">Abordar el estudio de la realidad desde una perspectiva global, reflexiva, rigurosa y cr\u00edtica, fundamental para la comprensi\u00f3n de los procesos que se desarrollan en las sociedades actuales.<\/p>\n\n\n\n<div class=\"wp-block-column is-layout-flow wp-block-column-is-layout-flow\">\n<figure class=\"wp-block-image size-full\"><a href=\"https:\/\/www.uned.es\/universidad\/inicio\/estudios\/grados\/grado-en-sociologia.html?idContenido=1\" target=\"_blank\" rel=\"noreferrer noopener\"><img loading=\"lazy\" decoding=\"async\" width=\"689\" height=\"174\" src=\"https:\/\/blogs.uned.es\/estudios-oficiales-polisoci\/wp-content\/uploads\/sites\/399\/2024\/06\/image-6.png\" alt=\"\" class=\"wp-image-13005\" srcset=\"https:\/\/blogs.uned.es\/estudios-oficiales-polisoci\/wp-content\/uploads\/sites\/399\/2024\/06\/image-6.png 689w, https:\/\/blogs.uned.es\/estudios-oficiales-polisoci\/wp-content\/uploads\/sites\/399\/2024\/06\/image-6-300x76.png 300w\" sizes=\"auto, (max-width: 689px) 100vw, 689px\" \/><\/a><figcaption class=\"wp-element-caption\">GUIA DEL GRADO<\/figcaption><\/figure>\n<\/div>\n\n\n\n<h2 class=\"wp-block-heading has-text-align-left has-large-font-size\" style=\"text-transform:none\">\u00bfHas visto? En la UNED, \u00a1puedes especializarte! con nuevas menciones en tus estudios en:<\/h2>\n\n\n\n<figure class=\"wp-block-image size-large\"><img loading=\"lazy\" decoding=\"async\" width=\"1024\" height=\"1024\" src=\"https:\/\/blogs.uned.es\/estudios-oficiales-polisoci\/wp-content\/uploads\/sites\/399\/2024\/06\/Infografia-6-1024x1024.png\" alt=\"\" class=\"wp-image-13013\" srcset=\"https:\/\/blogs.uned.es\/estudios-oficiales-polisoci\/wp-content\/uploads\/sites\/399\/2024\/06\/Infografia-6-1024x1024.png 1024w, https:\/\/blogs.uned.es\/estudios-oficiales-polisoci\/wp-content\/uploads\/sites\/399\/2024\/06\/Infografia-6-300x300.png 300w, https:\/\/blogs.uned.es\/estudios-oficiales-polisoci\/wp-content\/uploads\/sites\/399\/2024\/06\/Infografia-6-150x150.png 150w, https:\/\/blogs.uned.es\/estudios-oficiales-polisoci\/wp-content\/uploads\/sites\/399\/2024\/06\/Infografia-6-768x768.png 768w, https:\/\/blogs.uned.es\/estudios-oficiales-polisoci\/wp-content\/uploads\/sites\/399\/2024\/06\/Infografia-6-1536x1536.png 1536w, https:\/\/blogs.uned.es\/estudios-oficiales-polisoci\/wp-content\/uploads\/sites\/399\/2024\/06\/Infografia-6-2048x2048.png 2048w\" sizes=\"auto, (max-width: 1024px) 100vw, 1024px\" \/><\/figure>\n\n\n\n<div class=\"wp-block-columns is-layout-flex wp-container-core-columns-is-layout-28f84493 wp-block-columns-is-layout-flex\">\n<div class=\"wp-block-column has-small-font-size is-layout-flow wp-block-column-is-layout-flow\" style=\"border-width:1px\">\n<p class=\"has-text-align-center has-small-font-size\">para el dise\u00f1o, planificaci\u00f3n, gesti\u00f3n y evaluaci\u00f3n de pol\u00edticas p\u00fablicas orientadas a mejorar la calidad de vida y el bienestar de la poblaci\u00f3n.<\/p>\n<\/div>\n\n\n\n<div class=\"wp-block-column has-small-font-size is-layout-flow wp-block-column-is-layout-flow\" style=\"border-width:1px\">\n<p class=\"has-text-align-center has-small-font-size\">que capacita para el an\u00e1lisis adecuado de los problemas y desequilibrios sociales con el fin de desarrollar propuestas de intervenci\u00f3n que, desde \u00e1mbitos p\u00fablicos, privados y tercer sector consigan mayor sostenibilidad y cohesi\u00f3n.<\/p>\n<\/div>\n\n\n\n<div class=\"wp-block-column is-layout-flow wp-block-column-is-layout-flow\" style=\"border-width:1px\">\n<p class=\"has-text-align-center has-small-font-size\">para el estudio cr\u00edtico de los aspectos sociales relacionados con la comunicaci\u00f3n, el conocimiento y la cultura as\u00ed como en los procesos clave del cambio social.<\/p>\n<\/div>\n<\/div>\n\n\n\n<p class=\"has-text-align-center has-background-color has-luminous-vivid-orange-background-color has-text-color has-background has-medium-font-size\">En junio abrimos la matr\u00edcula de nuevo<\/p>\n\n\n\n<p class=\"has-text-align-center\"><em><strong><a href=\"https:\/\/www.uned.es\/universidad\/dam\/facultades\/politicas-sociologia\/documentos\/Presentaci%C3%B3n-NUEVO-PLAN-ESTUDIOS_GRADO-EN-SOCIOLOG%C3%8DA.pdf\" target=\"_blank\" rel=\"noreferrer noopener\">Desc\u00e1rgate una gu\u00eda del nuevo plan m\u00e1s exhaustiva<\/a><\/strong><\/em><\/p>\n\n\n\n<p class=\"has-background-color has-vivid-cyan-blue-background-color has-text-color has-background has-small-font-size\"><em>En tu t\u00edtulo por la UNED aparecer\u00e1 que te has especializado en todas las menciones que hagas con nosotros.<\/em><\/p>\n\n\n\n<h2 class=\"wp-block-heading has-text-align-left has-large-font-size\" style=\"text-transform:none\">Tendr\u00e1s competencias para<\/h2>\n\n\n\n<div class=\"wp-block-columns is-layout-flex wp-container-core-columns-is-layout-28f84493 wp-block-columns-is-layout-flex\">\n<div class=\"wp-block-column is-layout-flow wp-block-column-is-layout-flow\" style=\"border-width:1px\">\n<div class=\"wp-block-cover is-light\"><span aria-hidden=\"true\" class=\"wp-block-cover__background has-background-dim\"><\/span><img loading=\"lazy\" decoding=\"async\" width=\"1400\" height=\"933\" class=\"wp-block-cover__image-background wp-image-11488\" alt=\"\" src=\"http:\/\/blogs.uned.es\/estudios-oficiales-polisoci\/wp-content\/uploads\/sites\/399\/2019\/01\/woor.jpg\" data-object-fit=\"cover\" srcset=\"https:\/\/blogs.uned.es\/estudios-oficiales-polisoci\/wp-content\/uploads\/sites\/399\/2019\/01\/woor.jpg 1400w, https:\/\/blogs.uned.es\/estudios-oficiales-polisoci\/wp-content\/uploads\/sites\/399\/2019\/01\/woor-300x200.jpg 300w, https:\/\/blogs.uned.es\/estudios-oficiales-polisoci\/wp-content\/uploads\/sites\/399\/2019\/01\/woor-1024x682.jpg 1024w, https:\/\/blogs.uned.es\/estudios-oficiales-polisoci\/wp-content\/uploads\/sites\/399\/2019\/01\/woor-768x512.jpg 768w\" sizes=\"auto, (max-width: 1400px) 100vw, 1400px\" \/><div class=\"wp-block-cover__inner-container is-layout-flow wp-block-cover-is-layout-flow\">\n<p class=\"has-text-align-center has-vivid-green-cyan-color has-text-color has-small-font-size\">INVESTIGAR LAS RELACIONES SOCIALES <\/p>\n\n\n\n<p class=\"has-text-align-center has-background-color has-text-color has-large-font-size\">MEJORAR EL CONOCIMIENTO DE LA REALIDAD SOCIAL<\/p>\n\n\n\n<p class=\"has-text-align-center has-pale-cyan-blue-color has-text-color\">ENCONTRAR HERRAMIENTAS PARA MEJORAR LA SOCIEDAD<\/p>\n<\/div><\/div>\n<\/div>\n\n\n\n<div class=\"wp-block-column has-small-font-size is-layout-flow wp-block-column-is-layout-flow\" style=\"border-style:none;border-width:0px\">\n<p class=\"has-text-align-center\"><\/p>\n\n\n\n<p><\/p>\n\n\n\n<p class=\"has-text-align-center has-large-font-size\">A trav\u00e9s del conocimiento de los conceptos, teor\u00edas, m\u00e9todos y t\u00e9cnicas punteros en el mundo<\/p>\n<\/div>\n<\/div>\n\n\n\n<figure class=\"wp-block-image size-large\"><img loading=\"lazy\" decoding=\"async\" width=\"3375\" height=\"2250\" src=\"https:\/\/blogs.uned.es\/estudios-oficiales-polisoci\/wp-content\/uploads\/sites\/399\/2024\/06\/infografia-1.1-1-1-edited.png\" alt=\"\" class=\"wp-image-13019\" srcset=\"https:\/\/blogs.uned.es\/estudios-oficiales-polisoci\/wp-content\/uploads\/sites\/399\/2024\/06\/infografia-1.1-1-1-edited.png 3375w, https:\/\/blogs.uned.es\/estudios-oficiales-polisoci\/wp-content\/uploads\/sites\/399\/2024\/06\/infografia-1.1-1-1-edited-300x200.png 300w, https:\/\/blogs.uned.es\/estudios-oficiales-polisoci\/wp-content\/uploads\/sites\/399\/2024\/06\/infografia-1.1-1-1-edited-1024x683.png 1024w, https:\/\/blogs.uned.es\/estudios-oficiales-polisoci\/wp-content\/uploads\/sites\/399\/2024\/06\/infografia-1.1-1-1-edited-768x512.png 768w, https:\/\/blogs.uned.es\/estudios-oficiales-polisoci\/wp-content\/uploads\/sites\/399\/2024\/06\/infografia-1.1-1-1-edited-1536x1024.png 1536w, https:\/\/blogs.uned.es\/estudios-oficiales-polisoci\/wp-content\/uploads\/sites\/399\/2024\/06\/infografia-1.1-1-1-edited-2048x1365.png 2048w\" sizes=\"auto, (max-width: 3375px) 100vw, 3375px\" \/><\/figure>\n\n\n\n<div class=\"wp-block-group is-layout-flow wp-block-group-is-layout-flow\" style=\"padding-right:0px\">\n<p class=\"ticss-18756234 has-large-font-size\">Aprender\u00e1s a<\/p>\n\n\n\n<ul class=\"wp-block-list\">\n<li>Recabar informaci\u00f3n cualitativa y cuantitativa e interpretar los datos relevantes para su posterior an\u00e1lisis.<\/li>\n\n\n\n<li>Encontrar argumentos te\u00f3ricos que justifiquen y avalen unas conclusiones<\/li>\n\n\n\n<li>Emitir juicios cient\u00edficos sobre temas sociales, \u00e9ticos o pol\u00edticos que afectan a la vida diaria de todos\/as.<\/li>\n\n\n\n<li>Tomar decisiones y hacer propuestas para resolver los problemas de los grupos humanos (estados, ciudades, familias, empresas, barrios,&#8230;)<\/li>\n\n\n\n<li>Comunicar y transmitir datos, an\u00e1lisis, conclusiones y posibles soluciones a todo tipo de p\u00fablico de una forma comprensible.<\/li>\n<\/ul>\n<\/div>\n\n\n\n<figure class=\"wp-block-image size-full\"><a href=\"https:\/\/blogs.uned.es\/salidasprofesionales\/grados\/ciencias-sociales-y-juridicas\/grado-en-sociologia\/ambitos-profesionales-sociologia\/\" target=\"_blank\" rel=\"noreferrer noopener\"><img loading=\"lazy\" decoding=\"async\" width=\"319\" height=\"45\" src=\"https:\/\/blogs.uned.es\/estudios-oficiales-polisoci\/wp-content\/uploads\/sites\/399\/2024\/06\/image-7.png\" alt=\"\" class=\"wp-image-13017\" srcset=\"https:\/\/blogs.uned.es\/estudios-oficiales-polisoci\/wp-content\/uploads\/sites\/399\/2024\/06\/image-7.png 319w, https:\/\/blogs.uned.es\/estudios-oficiales-polisoci\/wp-content\/uploads\/sites\/399\/2024\/06\/image-7-300x42.png 300w\" sizes=\"auto, (max-width: 319px) 100vw, 319px\" \/><\/a><\/figure>\n\n\n\n<h2 class=\"wp-block-heading has-text-align-left has-large-font-size\" style=\"text-transform:none\">entre otras&#8230;<\/h2>\n\n\n\n<div class=\"wp-block-columns is-layout-flex wp-container-core-columns-is-layout-28f84493 wp-block-columns-is-layout-flex\">\n<div class=\"wp-block-column is-layout-flow wp-block-column-is-layout-flow\">\n<ul class=\"wp-block-list\">\n<li>Analista en Organizaciones de Intervenci\u00f3n Social<\/li>\n\n\n\n<li>T\u00e9cnico en Investigaci\u00f3n Social Aplicada (para Marketing, Comunicaci\u00f3n, Opini\u00f3n p\u00fablica, Estudios de Mercado, etc.) <\/li>\n\n\n\n<li>T\u00e9cnico en Organizaci\u00f3n y gesti\u00f3n del Trabajo (en empresas, administraci\u00f3n p\u00fablica, organizaciones no gubernamentales, etc.)<\/li>\n\n\n\n<li>Analista de Pol\u00edticas P\u00fablicas (en Think Tanks, Labs, Estados, Ayuntamientos, Comunidades Aut\u00f3nomas, Centros de investigaci\u00f3n p\u00fablicos, etc.)<\/li>\n\n\n\n<li>Educaci\u00f3n (en niveles Superior y Bachillerato)<\/li>\n<\/ul>\n<\/div>\n<\/div>\n\n\n\n<p class=\"has-text-align-center\">Leer m\u00e1s en: <a href=\"https:\/\/blogs.uned.es\/salidasprofesionales\/grados\/ciencias-sociales-y-juridicas\/grado-en-sociologia\/\" target=\"_blank\" rel=\"noreferrer noopener\">Grado en Sociolog\u00eda \u2013 Salidas Profesionales COIE (uned.es)<\/a><\/p>\n\n\n\n<h2 class=\"wp-block-heading has-text-align-center has-background-color has-luminous-vivid-orange-background-color has-text-color has-background has-x-large-font-size\" style=\"text-transform:none\"><strong><a href=\"https:\/\/app.uned.es\/portal\/admision-matricula-por-internet\" target=\"_blank\" rel=\"noreferrer noopener\">\u00bfQu\u00e9?\u00bfTe apuntas?<\/a><\/strong><\/h2>\n\n\n\n<p class=\"has-background-color has-vivid-cyan-blue-background-color has-text-color has-background has-large-font-size\">\u00daltimas entradas<\/p>\n\n\n<ul class=\"wp-block-latest-posts__list has-dates wp-block-latest-posts\"><li><div class=\"wp-block-latest-posts__featured-image\"><img loading=\"lazy\" decoding=\"async\" width=\"150\" height=\"150\" src=\"https:\/\/blogs.uned.es\/estudios-oficiales-polisoci\/wp-content\/uploads\/sites\/399\/2025\/10\/20251018_121033-150x150.jpg\" class=\"attachment-thumbnail size-thumbnail wp-post-image\" alt=\"\" style=\"\" \/><\/div><a class=\"wp-block-latest-posts__post-title\" href=\"https:\/\/blogs.uned.es\/estudios-oficiales-polisoci\/2025\/10\/23\/ods-y-agenda-2030-mesa-redonda-el-estado-de-guerra-del-mediterraneo-28-de-noviembre\/\">ODS y Agenda 2030. Mesa redonda: El Estado de guerra de la Uni\u00f3n Europea en el Mediterr\u00e1neo 28 de Noviembre 1995-2025.<\/a><time datetime=\"2025-10-23T12:26:04+00:00\" class=\"wp-block-latest-posts__post-date\">23 de octubre de 2025<\/time><div class=\"wp-block-latest-posts__post-excerpt\">ODS y Agenda 2030. Mesa redonda: El Estado de guerra de la Uni\u00f3n Europea en el Mediterr\u00e1neo 1995-2025. Fecha: 28 de Noviembre, a las 12:30h &#8211; 14:30h PARA INSCRIPCI\u00d3N PINCHE AQU\u00cd Acceso P\u00fablico mediante Canal UNED: https:\/\/canal.uned.es\/live\/event\/68f8bbf8ba04bf569d062976 La mesa redonda: \u00abEl Estado de guerra de la Uni\u00f3n Europea en el Mediterr\u00e1neo 1995-2025\u00bb es un acto&#8230; <a class=\"wp-block-latest-posts__read-more\" href=\"https:\/\/blogs.uned.es\/estudios-oficiales-polisoci\/2025\/10\/23\/ods-y-agenda-2030-mesa-redonda-el-estado-de-guerra-del-mediterraneo-28-de-noviembre\/\" rel=\"noopener noreferrer\">Lee m\u00e1s<span class=\"screen-reader-text\">: ODS y Agenda 2030. Mesa redonda: El Estado de guerra de la Uni\u00f3n Europea en el Mediterr\u00e1neo 28 de Noviembre 1995-2025.<\/span><\/a><\/div><\/li>\n<li><a class=\"wp-block-latest-posts__post-title\" href=\"https:\/\/blogs.uned.es\/estudios-oficiales-polisoci\/2025\/10\/14\/memoria-academica-de-la-facultad-de-ciencias-politicas-y-sociologia-uned-2025\/\">Memoria Acad\u00e9mica de la Facultad de Ciencias Pol\u00edticas y Sociologia UNED 2025<\/a><time datetime=\"2025-10-14T08:14:47+00:00\" class=\"wp-block-latest-posts__post-date\">14 de octubre de 2025<\/time><div class=\"wp-block-latest-posts__post-excerpt\">Memoria Acad\u00e9mica de la Facultad de Ciencias Pol\u00edticas y Sociolog\u00eda de la UNED 2024\/25 www.uned.es Actividad docente Docencia en Grados y microgrados en el curso 2024\/25 En el curso 2024\/25, la Facultad de Ciencias Pol\u00edticas y Sociolog\u00eda tuvo matriculados a 3.219 personas en los estudios de Grado, Master y Microt\u00edtulos. Su distribuci\u00f3n se refleja en&#8230; <a class=\"wp-block-latest-posts__read-more\" href=\"https:\/\/blogs.uned.es\/estudios-oficiales-polisoci\/2025\/10\/14\/memoria-academica-de-la-facultad-de-ciencias-politicas-y-sociologia-uned-2025\/\" rel=\"noopener noreferrer\">Lee m\u00e1s<span class=\"screen-reader-text\">: Memoria Acad\u00e9mica de la Facultad de Ciencias Pol\u00edticas y Sociologia UNED 2025<\/span><\/a><\/div><\/li>\n<li><a class=\"wp-block-latest-posts__post-title\" href=\"https:\/\/blogs.uned.es\/estudios-oficiales-polisoci\/2025\/09\/29\/calendario-curso-2025-26\/\">Calendario curso 2025\/26<\/a><time datetime=\"2025-09-29T18:32:58+00:00\" class=\"wp-block-latest-posts__post-date\">29 de septiembre de 2025<\/time><div class=\"wp-block-latest-posts__post-excerpt\">CALENDARIO ACAD\u00c9MICO Curso 2025\/2026 * De forma general, los plazos de aplicaciones inform\u00e1ticas de la UNED, relacionados con las actividades especificadas en este calendario, comienzan a las 9:00 de la ma\u00f1ana y terminan a las 00:00 (franja horaria peninsular espa\u00f1ola). Este documento se basa en el Calendario Acad\u00e9mico-Administrativo aprobado por&nbsp; Consejo de Gobierno para el&#8230; <a class=\"wp-block-latest-posts__read-more\" href=\"https:\/\/blogs.uned.es\/estudios-oficiales-polisoci\/2025\/09\/29\/calendario-curso-2025-26\/\" rel=\"noopener noreferrer\">Lee m\u00e1s<span class=\"screen-reader-text\">: Calendario curso 2025\/26<\/span><\/a><\/div><\/li>\n<li><div class=\"wp-block-latest-posts__featured-image\"><img loading=\"lazy\" decoding=\"async\" width=\"150\" height=\"150\" src=\"https:\/\/blogs.uned.es\/estudios-oficiales-polisoci\/wp-content\/uploads\/sites\/399\/2025\/02\/Cartel_Mujer_Gitana-150x150.jpg\" class=\"attachment-thumbnail size-thumbnail wp-post-image\" alt=\"\" style=\"\" \/><\/div><a class=\"wp-block-latest-posts__post-title\" href=\"https:\/\/blogs.uned.es\/estudios-oficiales-polisoci\/2025\/02\/19\/dia-de-la-mujer-gitana-celebrando-el-8-de-marzo-de-2025-en-la-uned\/\">D\u00eda de la Mujer (Gitana).<\/a><time datetime=\"2025-02-19T13:30:48+00:00\" class=\"wp-block-latest-posts__post-date\">19 de febrero de 2025<\/time><div class=\"wp-block-latest-posts__post-excerpt\">Puedes ver la mesa redonda en diferido en Canal UNED Celebrando el 8 de marzo de 2025 en la UNED, el 5 de marzo Mesa redonda y Exposici\u00f3n de Pintura en torno a los retos de la Mujer Gitana La UNED junto a Secretariado Gitano y con el apoyo del Ministerio de Cultura, han organizado&#8230; <a class=\"wp-block-latest-posts__read-more\" href=\"https:\/\/blogs.uned.es\/estudios-oficiales-polisoci\/2025\/02\/19\/dia-de-la-mujer-gitana-celebrando-el-8-de-marzo-de-2025-en-la-uned\/\" rel=\"noopener noreferrer\">Lee m\u00e1s<span class=\"screen-reader-text\">: D\u00eda de la Mujer (Gitana).<\/span><\/a><\/div><\/li>\n<li><a class=\"wp-block-latest-posts__post-title\" href=\"https:\/\/blogs.uned.es\/estudios-oficiales-polisoci\/2024\/12\/02\/party-system-closure-party-alliances-government-alternatives-and-democracy-in-europe-oxford-academic\/\">Party System Closure: Party Alliances, Government Alternatives, and Democracy in Europe | Oxford Academic<\/a><time datetime=\"2024-12-02T13:41:38+00:00\" class=\"wp-block-latest-posts__post-date\">2 de diciembre de 2024<\/time><div class=\"wp-block-latest-posts__post-excerpt\">09\/12\/2024 Os invitamos a participar en la pr\u00f3xima conferencia online del M\u00e1ster en Ciencia Pol\u00edtica la cual correr\u00e1 a cargo del profesor en Pol\u00edtica Comparada Fernando Casal Bertoa (University of Nottingham).&nbsp;&nbsp;La sesi\u00f3n ser\u00e1 el d\u00eda 9 de diciembre a las 17h. Fernando Casal Bertoa es experto en Pol\u00edtica Comparada, centrando su investigaci\u00f3n en el desarrollo,&#8230; <a class=\"wp-block-latest-posts__read-more\" href=\"https:\/\/blogs.uned.es\/estudios-oficiales-polisoci\/2024\/12\/02\/party-system-closure-party-alliances-government-alternatives-and-democracy-in-europe-oxford-academic\/\" rel=\"noopener noreferrer\">Lee m\u00e1s<span class=\"screen-reader-text\">: Party System Closure: Party Alliances, Government Alternatives, and Democracy in Europe | Oxford Academic<\/span><\/a><\/div><\/li>\n<\/ul>\n\n\n<div style=\"height:89px\" aria-hidden=\"true\" class=\"wp-block-spacer\"><\/div>\n\n\n","protected":false},"excerpt":{"rendered":"<p>\u00bfPensando en matricularte en Sociolog\u00eda? En junio abrimos la matr\u00edcula de nuevo. Pero, \u00bfC\u00f3mo es estudiar con nosotros? Te lo cuenta Marta, estudiante de la UNED&#8230; Beatriz Ma\u00f1as, excoordinadora del Grado nos contaba en 2022 lo que hemos preparado para&#8230; Abordar el estudio de la realidad desde una perspectiva global, reflexiva, rigurosa y cr\u00edtica, fundamental [&hellip;]<\/p>\n","protected":false},"author":7643,"featured_media":0,"parent":11755,"menu_order":0,"comment_status":"closed","ping_status":"closed","template":"","meta":{"footnotes":""},"class_list":["post-11761","page","type-page","status-publish","hentry"],"_links":{"self":[{"href":"https:\/\/blogs.uned.es\/estudios-oficiales-polisoci\/wp-json\/wp\/v2\/pages\/11761","targetHints":{"allow":["GET"]}}],"collection":[{"href":"https:\/\/blogs.uned.es\/estudios-oficiales-polisoci\/wp-json\/wp\/v2\/pages"}],"about":[{"href":"https:\/\/blogs.uned.es\/estudios-oficiales-polisoci\/wp-json\/wp\/v2\/types\/page"}],"author":[{"embeddable":true,"href":"https:\/\/blogs.uned.es\/estudios-oficiales-polisoci\/wp-json\/wp\/v2\/users\/7643"}],"replies":[{"embeddable":true,"href":"https:\/\/blogs.uned.es\/estudios-oficiales-polisoci\/wp-json\/wp\/v2\/comments?post=11761"}],"version-history":[{"count":28,"href":"https:\/\/blogs.uned.es\/estudios-oficiales-polisoci\/wp-json\/wp\/v2\/pages\/11761\/revisions"}],"predecessor-version":[{"id":13167,"href":"https:\/\/blogs.uned.es\/estudios-oficiales-polisoci\/wp-json\/wp\/v2\/pages\/11761\/revisions\/13167"}],"up":[{"embeddable":true,"href":"https:\/\/blogs.uned.es\/estudios-oficiales-polisoci\/wp-json\/wp\/v2\/pages\/11755"}],"wp:attachment":[{"href":"https:\/\/blogs.uned.es\/estudios-oficiales-polisoci\/wp-json\/wp\/v2\/media?parent=11761"}],"curies":[{"name":"wp","href":"https:\/\/api.w.org\/{rel}","templated":true}]}}