{"id":11553,"date":"2022-09-19T09:56:06","date_gmt":"2022-09-19T09:56:06","guid":{"rendered":"https:\/\/blogs.uned.es\/plantillapruebas\/?page_id=11553"},"modified":"2025-10-17T20:45:36","modified_gmt":"2025-10-17T20:45:36","slug":"legislacion-educativa","status":"publish","type":"page","link":"https:\/\/blogs.uned.es\/eninfantil\/legislacion-educativa\/","title":{"rendered":"Legislaci\u00f3n educativa"},"content":{"rendered":"\n<div class=\"wp-block-cover alignfull\" style=\"min-height:319px;aspect-ratio:unset;\"><img loading=\"lazy\" decoding=\"async\" width=\"1024\" height=\"682\" class=\"wp-block-cover__image-background wp-image-11847 size-large\" alt=\"\" src=\"https:\/\/blogs.uned.es\/eninfantil\/wp-content\/uploads\/sites\/421\/2025\/10\/books-5211309_1280-1024x682.jpg\" data-object-fit=\"cover\" srcset=\"https:\/\/blogs.uned.es\/eninfantil\/wp-content\/uploads\/sites\/421\/2025\/10\/books-5211309_1280-1024x682.jpg 1024w, https:\/\/blogs.uned.es\/eninfantil\/wp-content\/uploads\/sites\/421\/2025\/10\/books-5211309_1280-300x200.jpg 300w, https:\/\/blogs.uned.es\/eninfantil\/wp-content\/uploads\/sites\/421\/2025\/10\/books-5211309_1280-768x512.jpg 768w, https:\/\/blogs.uned.es\/eninfantil\/wp-content\/uploads\/sites\/421\/2025\/10\/books-5211309_1280.jpg 1280w\" sizes=\"auto, (max-width: 1024px) 100vw, 1024px\" \/><span aria-hidden=\"true\" class=\"wp-block-cover__background has-background-dim-40 has-background-dim\" style=\"background-color:#000000\"><\/span><div class=\"wp-block-cover__inner-container is-layout-flow wp-block-cover-is-layout-flow\">\n<div class=\"wp-block-columns alignwide is-layout-flex wp-container-core-columns-is-layout-28f84493 wp-block-columns-is-layout-flex\">\n<div class=\"wp-block-column is-layout-flow wp-block-column-is-layout-flow\" style=\"flex-basis:60%\">\n<div class=\"wp-block-buttons is-layout-flex wp-block-buttons-is-layout-flex\">\n<div class=\"wp-block-button\"><a class=\"wp-block-button__link wp-element-button\">En Educaci\u00f3n Infantil&#8230;<\/a><\/div>\n<\/div>\n<\/div>\n\n\n\n<div class=\"wp-block-column is-layout-flow wp-block-column-is-layout-flow\">\n<p style=\"margin-top:0;margin-right:0;margin-bottom:0;margin-left:0;font-size:50px\"><strong><sub>Legislaci\u00f3n educativa<\/sub><\/strong><\/p>\n<\/div>\n<\/div>\n<\/div><\/div>\n\n\n\n<div style=\"height:100px\" aria-hidden=\"true\" class=\"wp-block-spacer\"><\/div>\n\n\n\n<div class=\"wp-block-group ticss-ac3908c4 has-large-font-size is-layout-flow wp-block-group-is-layout-flow\">\n<div class=\"wp-block-columns ticss-c4a27a80 is-layout-flex wp-container-core-columns-is-layout-28f84493 wp-block-columns-is-layout-flex\" style=\"border-style:none;border-width:0px;border-radius:0px\">\n<div class=\"wp-block-column is-layout-flow wp-block-column-is-layout-flow\">\n<figure class=\"wp-block-image aligncenter size-full is-resized\"><img loading=\"lazy\" decoding=\"async\" width=\"224\" height=\"172\" src=\"http:\/\/blogs.uned.es\/eninfantil\/wp-content\/uploads\/sites\/391\/2022\/10\/icono3.png\" alt=\"\" class=\"wp-image-11671\" style=\"width:111px;height:85px\" \/><\/figure>\n<\/div>\n\n\n\n<div class=\"wp-block-column is-layout-flow wp-block-column-is-layout-flow\">\n<figure class=\"wp-block-image aligncenter size-full is-resized\"><img loading=\"lazy\" decoding=\"async\" width=\"204\" height=\"172\" src=\"http:\/\/blogs.uned.es\/eninfantil\/wp-content\/uploads\/sites\/391\/2022\/10\/icono2.png\" alt=\"\" class=\"wp-image-11669\" style=\"width:95px;height:80px\" \/><\/figure>\n<\/div>\n\n\n\n<div class=\"wp-block-column is-layout-flow wp-block-column-is-layout-flow\">\n<figure class=\"wp-block-image aligncenter size-full is-resized\"><img loading=\"lazy\" decoding=\"async\" width=\"186\" height=\"186\" src=\"http:\/\/blogs.uned.es\/eninfantil\/wp-content\/uploads\/sites\/391\/2022\/10\/icono1.png\" alt=\"\" class=\"wp-image-11665\" style=\"width:88px;height:88px\" srcset=\"https:\/\/blogs.uned.es\/eninfantil\/wp-content\/uploads\/sites\/421\/2022\/10\/icono1.png 186w, https:\/\/blogs.uned.es\/eninfantil\/wp-content\/uploads\/sites\/421\/2022\/10\/icono1-150x150.png 150w\" sizes=\"auto, (max-width: 186px) 100vw, 186px\" \/><\/figure>\n<\/div>\n<\/div>\n<\/div>\n\n\n\n<div class=\"wp-block-columns is-layout-flex wp-container-core-columns-is-layout-28f84493 wp-block-columns-is-layout-flex\">\n<div class=\"wp-block-column is-layout-flow wp-block-column-is-layout-flow\">\n<p class=\"has-text-align-center has-text-color\" style=\"color:#507fa8\"><strong><a href=\"https:\/\/blogs.uned.es\/eninfantil\/legislacion-educativa-ministerio\/\" data-type=\"page\" data-id=\"11859\">Ministerio de Educaci\u00f3n, Formaci\u00f3n Profesional y Deportes<\/a><\/strong><\/p>\n<\/div>\n\n\n\n<div class=\"wp-block-column is-layout-flow wp-block-column-is-layout-flow\">\n<p class=\"has-text-align-center has-text-color\" style=\"color:#507fa8\"><strong><strong>Comunidades aut\u00f3nomas<\/strong><\/strong><\/p>\n<\/div>\n\n\n\n<div class=\"wp-block-column is-layout-flow wp-block-column-is-layout-flow\">\n<p class=\"has-text-align-center has-text-color\" style=\"color:#507fa8\"><strong>Centros<\/strong><\/p>\n<\/div>\n<\/div>\n\n\n\n<div class=\"wp-block-columns is-layout-flex wp-container-core-columns-is-layout-28f84493 wp-block-columns-is-layout-flex\">\n<div class=\"wp-block-column is-layout-flow wp-block-column-is-layout-flow\">\n<p class=\"has-text-align-center has-text-color has-small-font-size\" style=\"color:#707071\">En este apartado conoceremos las normas y leyes que establece el Ministerio y que sirven de marco general para todo el sistema educativo espa\u00f1ol.<\/p>\n<\/div>\n\n\n\n<div class=\"wp-block-column is-layout-flow wp-block-column-is-layout-flow\">\n<p class=\"has-text-align-center has-text-color has-small-font-size\" style=\"color:#707071\">Cada comunidad aut\u00f3noma adapta la legislaci\u00f3n educativa a su propio contexto, desarrollando normativas espec\u00edficas que complementan las del Ministerio.<\/p>\n<\/div>\n\n\n\n<div class=\"wp-block-column is-layout-flow wp-block-column-is-layout-flow\">\n<p class=\"has-text-align-center has-text-color has-small-font-size\" style=\"color:#707071\">Los centros educativos tambi\u00e9n cuentan con su propia normativa interna, que concreta c\u00f3mo se organiza y se vive la educaci\u00f3n en cada escuela.<\/p>\n<\/div>\n<\/div>\n\n\n\n<div style=\"height:89px\" aria-hidden=\"true\" class=\"wp-block-spacer\"><\/div>\n\n\n\n<div class=\"wp-block-group is-layout-flow wp-block-group-is-layout-flow\" style=\"padding-right:0px\">\n<p class=\"ticss-18756234 has-medium-font-size\"><\/p>\n\n\n\n<div class=\"wp-block-columns is-layout-flex wp-container-core-columns-is-layout-28f84493 wp-block-columns-is-layout-flex\"><\/div>\n<\/div>\n\n\n","protected":false},"excerpt":{"rendered":"<p>Ministerio de Educaci\u00f3n, Formaci\u00f3n Profesional y Deportes Comunidades aut\u00f3nomas Centros En este apartado conoceremos las normas y leyes que establece el Ministerio y que sirven de marco general para todo el sistema educativo espa\u00f1ol. Cada comunidad aut\u00f3noma adapta la legislaci\u00f3n educativa a su propio contexto, desarrollando normativas espec\u00edficas que complementan las del Ministerio. Los centros [&hellip;]<\/p>\n","protected":false},"author":1,"featured_media":0,"parent":0,"menu_order":0,"comment_status":"closed","ping_status":"closed","template":"","meta":{"footnotes":""},"class_list":["post-11553","page","type-page","status-publish","hentry"],"_links":{"self":[{"href":"https:\/\/blogs.uned.es\/eninfantil\/wp-json\/wp\/v2\/pages\/11553","targetHints":{"allow":["GET"]}}],"collection":[{"href":"https:\/\/blogs.uned.es\/eninfantil\/wp-json\/wp\/v2\/pages"}],"about":[{"href":"https:\/\/blogs.uned.es\/eninfantil\/wp-json\/wp\/v2\/types\/page"}],"author":[{"embeddable":true,"href":"https:\/\/blogs.uned.es\/eninfantil\/wp-json\/wp\/v2\/users\/1"}],"replies":[{"embeddable":true,"href":"https:\/\/blogs.uned.es\/eninfantil\/wp-json\/wp\/v2\/comments?post=11553"}],"version-history":[{"count":10,"href":"https:\/\/blogs.uned.es\/eninfantil\/wp-json\/wp\/v2\/pages\/11553\/revisions"}],"predecessor-version":[{"id":11865,"href":"https:\/\/blogs.uned.es\/eninfantil\/wp-json\/wp\/v2\/pages\/11553\/revisions\/11865"}],"wp:attachment":[{"href":"https:\/\/blogs.uned.es\/eninfantil\/wp-json\/wp\/v2\/media?parent=11553"}],"curies":[{"name":"wp","href":"https:\/\/api.w.org\/{rel}","templated":true}]}}