{"id":2759,"date":"2017-11-03T13:06:21","date_gmt":"2017-11-03T12:06:21","guid":{"rendered":"http:\/\/blogs.uned.es\/emprende\/?page_id=2759"},"modified":"2018-07-05T14:39:47","modified_gmt":"2018-07-05T13:39:47","slug":"proyectos-de-emprendedores-2","status":"publish","type":"page","link":"https:\/\/blogs.uned.es\/emprende\/proyectos-de-emprendedores-2\/","title":{"rendered":"PROYECTOS DE EMPRENDEDORES"},"content":{"rendered":"<header class=\"entry-header\">\n<p class=\"entry-title\">A continuaci\u00f3n pod\u00e9is ver las presentaciones de los proyectos que llegaron a la fase final del IV Programa de Creaci\u00f3n de Empresas #emprendeUNED18.<\/p>\n<p class=\"entry-title\"><img fetchpriority=\"high\" decoding=\"async\" class=\"size-medium wp-image-2855 aligncenter\" src=\"http:\/\/blogs.uned.es\/emprende\/wp-content\/uploads\/sites\/103\/2018\/07\/42016646735_2e6ab5be57_z-300x200.jpg\" alt=\"\" width=\"300\" height=\"200\" srcset=\"https:\/\/blogs.uned.es\/emprende\/wp-content\/uploads\/sites\/103\/2018\/07\/42016646735_2e6ab5be57_z-300x200.jpg 300w, https:\/\/blogs.uned.es\/emprende\/wp-content\/uploads\/sites\/103\/2018\/07\/42016646735_2e6ab5be57_z-624x416.jpg 624w, https:\/\/blogs.uned.es\/emprende\/wp-content\/uploads\/sites\/103\/2018\/07\/42016646735_2e6ab5be57_z-272x182.jpg 272w, https:\/\/blogs.uned.es\/emprende\/wp-content\/uploads\/sites\/103\/2018\/07\/42016646735_2e6ab5be57_z.jpg 640w\" sizes=\"(max-width: 300px) 100vw, 300px\" \/><\/p>\n<\/header>\n<p class=\"entry-title\">\n<header class=\"entry-header\"><!--more--><\/p>\n<h1 class=\"entry-title\"><\/h1>\n<h1 class=\"entry-title\"><img decoding=\"async\" class=\"alignnone size-medium wp-image-2691\" src=\"http:\/\/blogs.uned.es\/emprende\/wp-content\/uploads\/sites\/103\/2018\/07\/logourl-5b0dca7da411b-300x121.jpg\" alt=\"\" width=\"300\" height=\"121\" srcset=\"https:\/\/blogs.uned.es\/emprende\/wp-content\/uploads\/sites\/103\/2018\/07\/logourl-5b0dca7da411b-300x121.jpg 300w, https:\/\/blogs.uned.es\/emprende\/wp-content\/uploads\/sites\/103\/2018\/07\/logourl-5b0dca7da411b.jpg 485w\" sizes=\"(max-width: 300px) 100vw, 300px\" \/><\/h1>\n<\/header>\n<div class=\"entry-content\">\n<div class=\"entry-content\">\n<div id=\"pl-93\" class=\"panel-layout\">\n<div id=\"pg-93-0\" class=\"panel-grid panel-no-style\">\n<div id=\"pgc-93-0-1\" class=\"panel-grid-cell\"><\/div>\n<div id=\"pgc-93-0-2\" class=\"panel-grid-cell\">\n<div id=\"panel-93-0-2-0\" class=\"so-panel widget widget_sow-editor panel-first-child panel-last-child\">\n<div class=\"so-widget-sow-editor so-widget-sow-editor-base\">\n<div class=\"siteorigin-widget-tinymce textwidget\">\n<p><strong>Adriana Soler Huete (VirtualNav\/Lepidus)<br \/>\n<\/strong><\/p>\n<p>Creaci\u00f3n de una empresa de I+D+i que tiene como fin la mejora y la innovaci\u00f3n en el sector naval, para ello se ofrecer\u00e1n proyectos de creaci\u00f3n propia o desarrollo de proyectos propuestos por terceros aplicando las \u00faltimas tecnolog\u00edas inform\u00e1ticas y de simulaci\u00f3n, as\u00ed como otras t\u00e9cnicas de ingenier\u00eda. Su vocaci\u00f3n es la de implementar tecnolog\u00edas a la construcci\u00f3n naval para convertir a los astilleros en empresas 4.0. El proyecto surge de la experiencia personal y profesional del promotor del proyecto en el sector naval, y en particular en los astilleros, un campo en el que se aplican las mismas herramientas desde hace varias d\u00e9cadas y en la que las posibilidades de mejora son amplias.<\/p>\n<p><a href=\"https:\/\/qinnova.uned.es\/archivos_publicos\/qweb_paginas\/15464\/lepidus.m4v\">Pulsa aqu\u00ed para ver el\u00a0<strong>v\u00eddeo<\/strong>\u00a0de VirtualNav\/Lepidus<\/a><\/p>\n<hr \/>\n<\/div>\n<\/div>\n<\/div>\n<p>&nbsp;<\/p>\n<p><a href=\"https:\/\/canal.uned.es\/mmobj\/index\/id\/47613\"><img decoding=\"async\" class=\"alignnone size-medium wp-image-2721\" src=\"http:\/\/blogs.uned.es\/emprende\/wp-content\/uploads\/sites\/103\/2018\/07\/logo-angela.jpg\" alt=\"\" width=\"200\" height=\"102\" \/><\/a><\/p>\n<div id=\"panel-93-0-2-0\" class=\"so-panel widget widget_sow-editor panel-first-child panel-last-child\">\n<div class=\"so-widget-sow-editor so-widget-sow-editor-base\">\n<div class=\"siteorigin-widget-tinymce textwidget\">\n<p>Angela Modro\u00f1o (Caj\u00f3n de Sastre)<\/p>\n<\/div>\n<\/div>\n<\/div>\n<\/div>\n<\/div>\n<div id=\"pg-93-1\" class=\"panel-grid panel-no-style\">\n<p>Creaci\u00f3n de una empresa de dise\u00f1o de moda pret-a-couture de vestimenta especialiada en \u00e9poca trabajando las recreaciones utilizando t\u00e9cnicas artesanales recuperando t\u00e9cnicas que se est\u00e1n perdiendo en el territorio Espa\u00f1ol. En una segunda parte de proyecto a largo plazo unos 5-8 a\u00f1os se impartir\u00e1 formaci\u00f3n sobre las distintas artesan\u00edas recuperades en cursos\u00a0 y se trabajara en la creaci\u00f3n de cooperativas en zonas rurales donde impartir esta ense\u00f1anza con el fin d poder psteriormente nutrtir a la marca con sus productos.<\/p>\n<div id=\"pgc-93-1-2\" class=\"panel-grid-cell\">\n<div id=\"panel-93-1-2-0\" class=\"so-panel widget widget_sow-editor panel-first-child panel-last-child\">\n<div class=\"so-widget-sow-editor so-widget-sow-editor-base\">\n<div class=\"siteorigin-widget-tinymce textwidget\">\n<p><a href=\"https:\/\/qinnova.uned.es\/archivos_publicos\/qweb_paginas\/3318\/cajonsastre.m4v\">Pulsa aqu\u00ed para ver el\u00a0<strong>v\u00eddeo<\/strong>\u00a0de Caj\u00f3n de sastre<\/a><\/p>\n<hr \/>\n<\/div>\n<p>&nbsp;<\/p>\n<p><a href=\"https:\/\/canal.uned.es\/mmobj\/index\/id\/47613\"><img loading=\"lazy\" decoding=\"async\" class=\"alignnone size-medium wp-image-2701\" src=\"http:\/\/blogs.uned.es\/emprende\/wp-content\/uploads\/sites\/103\/2018\/07\/ROBODIAG-300x143.jpg\" alt=\"\" width=\"300\" height=\"143\" srcset=\"https:\/\/blogs.uned.es\/emprende\/wp-content\/uploads\/sites\/103\/2018\/07\/ROBODIAG-300x143.jpg 300w, https:\/\/blogs.uned.es\/emprende\/wp-content\/uploads\/sites\/103\/2018\/07\/ROBODIAG-768x367.jpg 768w, https:\/\/blogs.uned.es\/emprende\/wp-content\/uploads\/sites\/103\/2018\/07\/ROBODIAG-624x298.jpg 624w, https:\/\/blogs.uned.es\/emprende\/wp-content\/uploads\/sites\/103\/2018\/07\/ROBODIAG.jpg 954w\" sizes=\"(max-width: 300px) 100vw, 300px\" \/><\/a><\/p>\n<p>C\u00e9sar Gimeno Valverde (RoboDiag)<\/p>\n<\/div>\n<p>El objetivo de esta empresa es de desarrollar una plataforma que permita evaluar los s\u00edntomas de una persona que se encuentra enferma y de encontrar el origen que los causa. Pero no solamente eso sino tambi\u00e9n poder hacer una recomendaci\u00f3n del especialista m\u00e1s adecuado de acuerdo a causa as\u00ed como de otros par\u00e1metros del paciente.<\/p>\n<p><a href=\"https:\/\/qinnova.uned.es\/archivos_publicos\/qweb_paginas\/3318\/elevatorpitchrobodiagcesargimenosmall.mp4\">Pulsa aqu\u00ed para ver el\u00a0<strong>v\u00eddeo<\/strong>\u00a0de RoboDiag<\/a><\/p>\n<hr \/>\n<p>&nbsp;<\/p>\n<p><a href=\"https:\/\/canal.uned.es\/mmobj\/index\/id\/47613\"><img loading=\"lazy\" decoding=\"async\" class=\"alignnone size-medium wp-image-2709\" src=\"http:\/\/blogs.uned.es\/emprende\/wp-content\/uploads\/sites\/103\/2018\/07\/g5278-300x118.png\" alt=\"\" width=\"300\" height=\"118\" srcset=\"https:\/\/blogs.uned.es\/emprende\/wp-content\/uploads\/sites\/103\/2018\/07\/g5278-300x118.png 300w, https:\/\/blogs.uned.es\/emprende\/wp-content\/uploads\/sites\/103\/2018\/07\/g5278-768x303.png 768w, https:\/\/blogs.uned.es\/emprende\/wp-content\/uploads\/sites\/103\/2018\/07\/g5278-1024x403.png 1024w, https:\/\/blogs.uned.es\/emprende\/wp-content\/uploads\/sites\/103\/2018\/07\/g5278-624x246.png 624w, https:\/\/blogs.uned.es\/emprende\/wp-content\/uploads\/sites\/103\/2018\/07\/g5278.png 1320w\" sizes=\"(max-width: 300px) 100vw, 300px\" \/><\/a><\/p>\n<p>Pilar Piqueras (Monigots)<\/p>\n<p>Tienda f\u00edsica y on-line de literatura infantil y juegos educativos adaptada a las peque\u00f1as poblaciones de forma que internet y los grandes almacenes no sean los \u00fanicos canales a los que acercar a los ni\u00f1os para poder encontrar libros con historias diferentes e interesantes y juegos que ayuden a desarrollar y potenciar habilidades de los menores tengan las capacidades que tengan.. Es la opci\u00f3n donde encontrar recursos para padres, abuelos, t\u00edos, amigos de los ni\u00f1os e incluso los propios ni\u00f1os para que la imaginaci\u00f3n pueda ser la protagonista y no tener que salir del pueblo para poder hayarla.<\/p>\n<p><a href=\"https:\/\/qinnova.uned.es\/archivos_publicos\/qweb_paginas\/3318\/monigots.mp4\">Pulsa aqu\u00ed para ver el v\u00eddeo de Monigots<\/a><\/p>\n<hr \/>\n<p><a href=\"https:\/\/canal.uned.es\/mmobj\/index\/id\/47613\"><img loading=\"lazy\" decoding=\"async\" class=\"alignnone size-medium wp-image-2695\" src=\"http:\/\/blogs.uned.es\/emprende\/wp-content\/uploads\/sites\/103\/2018\/07\/ekoberri-300x165.png\" alt=\"\" width=\"300\" height=\"165\" srcset=\"https:\/\/blogs.uned.es\/emprende\/wp-content\/uploads\/sites\/103\/2018\/07\/ekoberri-300x165.png 300w, https:\/\/blogs.uned.es\/emprende\/wp-content\/uploads\/sites\/103\/2018\/07\/ekoberri-624x343.png 624w, https:\/\/blogs.uned.es\/emprende\/wp-content\/uploads\/sites\/103\/2018\/07\/ekoberri.png 730w\" sizes=\"(max-width: 300px) 100vw, 300px\" \/><\/a><\/p>\n<\/div>\n<div id=\"panel-93-1-2-0\" class=\"so-panel widget widget_sow-editor panel-first-child panel-last-child\">\n<div class=\"so-widget-sow-editor so-widget-sow-editor-base\">\n<div class=\"siteorigin-widget-tinymce textwidget\">\n<p>Pamela Borraz (Ekoberri)<\/p>\n<\/div>\n<p>Nuestro producto es la producci\u00f3n ecol\u00f3gica de frutos del bosque, especialmente ar\u00e1ndanos muy demandados y con gran mercado internacional, subproductos con su excedente: barritas energ\u00e9ticas, yogures, cerveza de ar\u00e1ndanos, pan de ar\u00e1ndanos y frutos del bosque. Miel proveniente de los colmenares instalados en los lineales de nuestras arandaneras. Nuestro servicios: producci\u00f3n sana y ecol\u00f3gica de productos aut\u00f3ctonos sin fitosanitarios.<\/p>\n<p><a href=\"https:\/\/qinnova.uned.es\/archivos_publicos\/qweb_paginas\/15464\/ekoberri.m4v\">Pulsa aqu\u00ed para ver el v\u00eddeo de Ekoberri<\/a><\/p>\n<hr \/>\n<\/div>\n<\/div>\n<\/div>\n<\/div>\n<\/div>\n<\/div>\n<p>&nbsp;<\/p>\n<p><a href=\"https:\/\/canal.uned.es\/mmobj\/index\/id\/47613\"><img loading=\"lazy\" decoding=\"async\" class=\"alignnone size-medium wp-image-2727\" src=\"http:\/\/blogs.uned.es\/emprende\/wp-content\/uploads\/sites\/103\/2018\/07\/image-5ad489a31fe14-300x113.png\" alt=\"\" width=\"300\" height=\"113\" srcset=\"https:\/\/blogs.uned.es\/emprende\/wp-content\/uploads\/sites\/103\/2018\/07\/image-5ad489a31fe14-300x113.png 300w, https:\/\/blogs.uned.es\/emprende\/wp-content\/uploads\/sites\/103\/2018\/07\/image-5ad489a31fe14-768x290.png 768w, https:\/\/blogs.uned.es\/emprende\/wp-content\/uploads\/sites\/103\/2018\/07\/image-5ad489a31fe14-1024x387.png 1024w, https:\/\/blogs.uned.es\/emprende\/wp-content\/uploads\/sites\/103\/2018\/07\/image-5ad489a31fe14-624x236.png 624w\" sizes=\"(max-width: 300px) 100vw, 300px\" \/><\/a><\/p>\n<p>Luis Javier Fern\u00e1ndez Tudela (Termodron)<\/p>\n<p>Realizaci\u00f3n de ensayos no destructivos mediante drones (END). Especializado en el sector de la ingenier\u00eda industrial, civil y arquitectura. Estos ensayos se realizan por medio de Termograf\u00eda infrarroja, ultrasonidos y medidores de contaminaci\u00f3n ambiental, todos ellos integrados en drones.<\/p>\n<p><a href=\"https:\/\/qinnova.uned.es\/archivos_publicos\/qweb_paginas\/3318\/videotermodron.mp4\">Pulsa aqu\u00ed para ver el v\u00eddeo de Termodron<\/a><\/p>\n<hr \/>\n<p><img loading=\"lazy\" decoding=\"async\" class=\"alignnone wp-image-2731\" src=\"http:\/\/blogs.uned.es\/emprende\/wp-content\/uploads\/sites\/103\/2018\/07\/CVEO-296x300.png\" alt=\"\" width=\"186\" height=\"189\" srcset=\"https:\/\/blogs.uned.es\/emprende\/wp-content\/uploads\/sites\/103\/2018\/07\/CVEO-296x300.png 296w, https:\/\/blogs.uned.es\/emprende\/wp-content\/uploads\/sites\/103\/2018\/07\/CVEO.png 336w\" sizes=\"(max-width: 186px) 100vw, 186px\" \/><\/p>\n<p>Sara Rodr\u00edguez Romero (C-Veo)<\/p>\n<p>C-VEO es una red social pionera en el \u00e1mbito de los recursos humanos. Actualmente, por razones profesionales, dentro de Espa\u00f1a y de la Uni\u00f3n Europea son muchos los trabajadores quieren desplazar de un sitio a otro. C-VEO es una forma r\u00e1pida y eficaz de buscar empleo o trabajadores cualificados. Su principal caracter\u00edstica es su novedoso formato: v\u00eddeos de menos de 200 segundos de duraci\u00f3n donde los candidatos tendr\u00e1n que presentarse y explicar sus capacidades o hacer pruebas de idioma a distancia. Esto permite valorar no solo las competencias intelectuales, sino tambi\u00e9n la inteligencia emocional (forma de expresarse, lenguaje corporal, gestos, etc.) y por otro lado agiliza notablemente las cribas curriculares y los procesos de selecci\u00f3n. Los v\u00eddeos ir\u00e1n siempre acompa\u00f1ados de un CV en formato digital que ayudar\u00e1n a ampliar la informaci\u00f3n de los usuarios.<\/p>\n<p><a href=\"https:\/\/qinnova.uned.es\/archivos_publicos\/qweb_paginas\/3318\/cveocreatransmitelograyoutubecom.mp4\">Pulsa aqu\u00ed para ver el v\u00eddeo de C-Veo<\/a><\/p>\n<hr \/>\n<p><a href=\"https:\/\/canal.uned.es\/mmobj\/index\/id\/47613\"><img loading=\"lazy\" decoding=\"async\" class=\"alignnone size-medium wp-image-2725\" src=\"http:\/\/blogs.uned.es\/emprende\/wp-content\/uploads\/sites\/103\/2018\/07\/image-5ae2418e69b96-300x98.jpg\" alt=\"\" width=\"300\" height=\"98\" srcset=\"https:\/\/blogs.uned.es\/emprende\/wp-content\/uploads\/sites\/103\/2018\/07\/image-5ae2418e69b96-300x98.jpg 300w, https:\/\/blogs.uned.es\/emprende\/wp-content\/uploads\/sites\/103\/2018\/07\/image-5ae2418e69b96.jpg 404w\" sizes=\"(max-width: 300px) 100vw, 300px\" \/><\/a><\/p>\n<p>Alain BERNARD (Iss\u00f3sceles)<\/p>\n<p>En el taller se ofrecer\u00e1 una\u00a0<strong>oferta formativa<\/strong>\u00a0donde poder aprender a utilizar diferentes herramientas, tales como el control num\u00e9rico, el grabado laser, torno de madera y metal, herramientas de dise\u00f1o gr\u00e1fico, estampaci\u00f3n, personalizaci\u00f3n, serigraf\u00eda, electr\u00f3nica b\u00e1sica mediante arduino, circuitos electro neum\u00e1ticos, etc.<\/p>\n<p><a href=\"https:\/\/qinnova.uned.es\/archivos_publicos\/qweb_paginas\/3318\/videoissosceles.mp4\">Pulsa aqu\u00ed para ver el v\u00eddeo de Iss\u00f3sceles<\/a><\/p>\n<hr \/>\n<p><a href=\"https:\/\/canal.uned.es\/mmobj\/index\/id\/47613\"><img loading=\"lazy\" decoding=\"async\" class=\"alignnone wp-image-2729\" src=\"http:\/\/blogs.uned.es\/emprende\/wp-content\/uploads\/sites\/103\/2018\/07\/Valteck-300x300.jpg\" alt=\"\" width=\"219\" height=\"219\" srcset=\"https:\/\/blogs.uned.es\/emprende\/wp-content\/uploads\/sites\/103\/2018\/07\/Valteck-300x300.jpg 300w, https:\/\/blogs.uned.es\/emprende\/wp-content\/uploads\/sites\/103\/2018\/07\/Valteck-150x150.jpg 150w, https:\/\/blogs.uned.es\/emprende\/wp-content\/uploads\/sites\/103\/2018\/07\/Valteck.jpg 426w\" sizes=\"(max-width: 219px) 100vw, 219px\" \/><\/a><\/p>\n<p>Ilie Adrian Hola (ValTeck)<\/p>\n<p>Peritaciones que se realizan y, en consecuencia, nuestros clientes, como sus respectivos clientes, tienen acceso en\u00a0<strong>Tiempo Real<\/strong>\u00a0contando con un acceso privado y controlado a los correspondientes informes periciales de los veh\u00edculos, que se encuentran en la base de datos de la plataforma. La plataforma cuenta con diferentes modelos de peritaci\u00f3n, personalizados anteriormente seg\u00fan las demandas de nuestros clientes que, adem\u00e1s, cuentan con nuestro asesoramiento en la materia. Hay que destacar la implementaci\u00f3n de las nuevas tecnolog\u00edas como las im\u00e1genes en\u00a0<strong>3D<\/strong>\u00a0y sistema de c\u00f3digos\u00a0<strong>QR<\/strong>\u00a0para cada informe pericial emitido, al cual se puede acceder en cualquier momento, lugar y mediante cualquier dispositivo inform\u00e1tico (PC, Tablet, Smartphone).<\/p>\n<p><a href=\"https:\/\/qinnova.uned.es\/archivos_publicos\/qweb_paginas\/15464\/valteck.m4v\">Pulsa aqu\u00ed para ver el v\u00eddeo<\/a><\/p>\n<hr \/>\n<p><a href=\"https:\/\/canal.uned.es\/mmobj\/index\/id\/47613\"><img loading=\"lazy\" decoding=\"async\" class=\"alignnone size-medium wp-image-2705\" src=\"http:\/\/blogs.uned.es\/emprende\/wp-content\/uploads\/sites\/103\/2018\/07\/AREFA-300x244.jpg\" alt=\"\" width=\"300\" height=\"244\" srcset=\"https:\/\/blogs.uned.es\/emprende\/wp-content\/uploads\/sites\/103\/2018\/07\/AREFA-300x244.jpg 300w, https:\/\/blogs.uned.es\/emprende\/wp-content\/uploads\/sites\/103\/2018\/07\/AREFA.jpg 432w\" sizes=\"(max-width: 300px) 100vw, 300px\" \/><\/a><\/p>\n<p>Carmen Oliva (AREFA)<\/p>\n<p>Este proyecto pretende ayudar\u00a0 los problemas de convivencia en los centros educativos para ello se llevaran a cabo las siguientes acciones: Apoyar y Orientar a los padres y madres en la educaci\u00f3n de los menores y ofrecerles un espacio educativo que aporte experiencias distintas vividas en el contexto familiar. Realizar sesiones informativas y talleres te\u00f3rico-pr\u00e1cticos dirigidos a padres\u00a0 y sus hijos para potencias las relaciones entre ellos.<\/p>\n<p><a href=\"https:\/\/qinnova.uned.es\/archivos_publicos\/qweb_paginas\/3318\/videoarefa.mp4\">Pulsa aqu\u00ed para ver el v\u00eddeo de AREFA<\/a><\/p>\n<hr \/>\n<p><a href=\"https:\/\/canal.uned.es\/mmobj\/index\/id\/47613\"><img loading=\"lazy\" decoding=\"async\" class=\"alignnone size-medium wp-image-2711\" src=\"http:\/\/blogs.uned.es\/emprende\/wp-content\/uploads\/sites\/103\/2018\/07\/runfozrun.png\" alt=\"\" width=\"102\" height=\"177\" \/><\/a><\/p>\n<p>MANUEL EIRAS RODR\u00cdGUEZ (RunFozRun)<\/p>\n<p>Nuestra actividad est\u00e1 enfocada en la gesti\u00f3n de eventos deportivos relacionados con el atletismo popular o \u201crunning\u201d, generando un valor a\u00f1adido para el cliente\/corredor que sin duda marcar\u00e1 la diferencia. Este proyecto consiste en la comercializaci\u00f3n de un servicio integral para la organizaci\u00f3n y gesti\u00f3n de eventos deportivos en donde el cliente puede dise\u00f1ar el servicio a su medida partiendo del cronometraje y generaci\u00f3n de clasificaciones y aportando servicios complementarios que generar\u00e1n un valor a\u00f1adido y actuar\u00e1n de elemento diferenciador en los eventos que gestionemos. Entre estos servicios complementarios podemos citar la posibilidad de charlas y entrenamientos con atletas de \u00e9lite, geolocalizaci\u00f3n en tiempo real de cada atleta a trav\u00e9s de una aplicaci\u00f3n para celulares, videos, fotograf\u00edas y planes de entrenamiento a corredores incluidas en la inscripci\u00f3n, negociaci\u00f3n con proveedores y patrocinadores, dise\u00f1o de la imagen del evento, venta y alquiler de chips y dorsales reutilizables as\u00ed como material de balizaje, an\u00e1lisis y dise\u00f1o \u00f3ptimo de perfiles de recorrido\u2026<\/p>\n<p><a href=\"https:\/\/qinnova.uned.es\/archivos_publicos\/qweb_paginas\/3318\/runfozrunrememberyoutubecom.mp4\">Pulsa aqu\u00ed para ver el v\u00eddeo de RunFozRun<\/a><\/p>\n<p>&nbsp;<\/p>\n<hr \/>\n<p>&nbsp;<\/p>\n<p><a href=\"https:\/\/canal.uned.es\/mmobj\/index\/id\/47613\"><img loading=\"lazy\" decoding=\"async\" class=\"alignnone size-medium wp-image-2719\" src=\"http:\/\/blogs.uned.es\/emprende\/wp-content\/uploads\/sites\/103\/2018\/07\/cumplyme-300x132-300x132.gif\" alt=\"\" width=\"300\" height=\"132\" \/><\/a><\/p>\n<p>Francisco Javier D\u00edaz Garc\u00eda (Cumplyme)<\/p>\n<p>El proyecto CUMPLYME es una plataforma virtual independiente para dar soporte en cumplimiento normativo. Ofrecemos a las empresas las herramientas y el acompa\u00f1amiento necesarios para que la persona jur\u00eddica instaure una aut\u00e9ntica\u00a0<strong>cultura \u00e9tica\u00a0<\/strong>con el fin de evitar la comisi\u00f3n de acciones perjudiciales para la organizaci\u00f3n por cualquiera de las personas f\u00edsicas que la componen y que con su actuaci\u00f3n puedan comprometerla.<\/p>\n<p><a href=\"https:\/\/qinnova.uned.es\/archivos_publicos\/qweb_paginas\/15464\/cumplyme.m4v\">Pulsa aqu\u00ed para ver el v\u00eddeo de CUMPLYME<\/a><\/p>\n<hr \/>\n<p>&nbsp;<\/p>\n<p><a href=\"https:\/\/canal.uned.es\/mmobj\/index\/id\/47613\"> <img loading=\"lazy\" decoding=\"async\" class=\"alignnone wp-image-2723\" src=\"http:\/\/blogs.uned.es\/emprende\/wp-content\/uploads\/sites\/103\/2018\/07\/logourl-5af556db9e40f-300x200.jpg\" alt=\"\" width=\"245\" height=\"163\" srcset=\"https:\/\/blogs.uned.es\/emprende\/wp-content\/uploads\/sites\/103\/2018\/07\/logourl-5af556db9e40f-300x200.jpg 300w, https:\/\/blogs.uned.es\/emprende\/wp-content\/uploads\/sites\/103\/2018\/07\/logourl-5af556db9e40f-768x512.jpg 768w, https:\/\/blogs.uned.es\/emprende\/wp-content\/uploads\/sites\/103\/2018\/07\/logourl-5af556db9e40f-1024x683.jpg 1024w, https:\/\/blogs.uned.es\/emprende\/wp-content\/uploads\/sites\/103\/2018\/07\/logourl-5af556db9e40f-624x416.jpg 624w, https:\/\/blogs.uned.es\/emprende\/wp-content\/uploads\/sites\/103\/2018\/07\/logourl-5af556db9e40f-272x182.jpg 272w, https:\/\/blogs.uned.es\/emprende\/wp-content\/uploads\/sites\/103\/2018\/07\/logourl-5af556db9e40f.jpg 1280w\" sizes=\"(max-width: 245px) 100vw, 245px\" \/> <\/a><\/p>\n<p>Mar\u00eda Fondevila Hern\u00e1ndez (Meshmood)<\/p>\n<p>Mi idea de negocio es la producci\u00f3n en tejido org\u00e1nico de kimonos con estampados dise\u00f1ados gr\u00e1ficamente por ordenador. Esta idea surge de mi experiencia en detecci\u00f3n \u00a0de tendencias, al intuir una necesidad y atracci\u00f3n por parte del p\u00fablico hacia este tipo de prendas, y la posibilidad de producir el producto en distintos tejidos, recalcando la importancia\u00a0para la piel de usar productos ecol\u00f3gicos y sus implicaciones a nivel de salud, tacto, etc\u00e9tera.\u00a0Considero que es una prenda vers\u00e1til y con valor a\u00f1adido. La venta del producto se realizar\u00e1 a\u00a0trav\u00e9s de una tienda online, en la que el cliente pueda escoger el producto que m\u00e1s se adapta a\u00a0sus gustos y caracter\u00edsticas. Asimismo, dicha web estar\u00e1 vinculada a una plataforma de venta\u00a0en Instagram y la publicidad ser\u00e1 fundamentalmente a trav\u00e9s de \u00e9sta y otras redes sociales.<\/p>\n<div class=\"panel-layout\"><a href=\"https:\/\/qinnova.uned.es\/archivos_publicos\/qweb_paginas\/3318\/videomeshmood.mp4\">Pulsa aqu\u00ed para ver el v\u00eddeo de Meshmood<\/a><\/div>\n<\/div>\n<p>&nbsp;<script><\/p>\n<p><\/script><script><\/script><script><\/script><\/p>\n","protected":false},"excerpt":{"rendered":"<p>A continuaci\u00f3n pod\u00e9is ver las presentaciones de los proyectos que llegaron a la fase final del IV Programa de Creaci\u00f3n de Empresas #emprendeUNED18.<\/p>\n","protected":false},"author":255,"featured_media":0,"parent":0,"menu_order":0,"comment_status":"closed","ping_status":"closed","template":"","meta":{"_bbp_topic_count":0,"_bbp_reply_count":0,"_bbp_total_topic_count":0,"_bbp_total_reply_count":0,"_bbp_voice_count":0,"_bbp_anonymous_reply_count":0,"_bbp_topic_count_hidden":0,"_bbp_reply_count_hidden":0,"_bbp_forum_subforum_count":0,"footnotes":""},"class_list":["post-2759","page","type-page","status-publish","hentry"],"post_mailing_queue_ids":[],"_links":{"self":[{"href":"https:\/\/blogs.uned.es\/emprende\/wp-json\/wp\/v2\/pages\/2759","targetHints":{"allow":["GET"]}}],"collection":[{"href":"https:\/\/blogs.uned.es\/emprende\/wp-json\/wp\/v2\/pages"}],"about":[{"href":"https:\/\/blogs.uned.es\/emprende\/wp-json\/wp\/v2\/types\/page"}],"author":[{"embeddable":true,"href":"https:\/\/blogs.uned.es\/emprende\/wp-json\/wp\/v2\/users\/255"}],"replies":[{"embeddable":true,"href":"https:\/\/blogs.uned.es\/emprende\/wp-json\/wp\/v2\/comments?post=2759"}],"version-history":[{"count":4,"href":"https:\/\/blogs.uned.es\/emprende\/wp-json\/wp\/v2\/pages\/2759\/revisions"}],"predecessor-version":[{"id":2859,"href":"https:\/\/blogs.uned.es\/emprende\/wp-json\/wp\/v2\/pages\/2759\/revisions\/2859"}],"wp:attachment":[{"href":"https:\/\/blogs.uned.es\/emprende\/wp-json\/wp\/v2\/media?parent=2759"}],"curies":[{"name":"wp","href":"https:\/\/api.w.org\/{rel}","templated":true}]}}